{"id":42275,"date":"2021-08-31T07:50:52","date_gmt":"2021-08-31T07:50:52","guid":{"rendered":"https:\/\/www.urlaubcornwall.de\/blog\/?page_id=42275"},"modified":"2024-04-16T10:06:42","modified_gmt":"2024-04-16T10:06:42","slug":"besten-hotels-in-der-naehe-schloss-highclere","status":"publish","type":"page","link":"https:\/\/www.urlaubcornwall.de\/blog\/besten-hotels-in-der-naehe-schloss-highclere\/","title":{"rendered":"Besten Hotels in der N\u00e4he Schloss Highclere"},"content":{"rendered":"<p><img loading=\"lazy\" class=\"aligncenter size-full wp-image-47847\" src=\"https:\/\/www.urlaubcornwall.de\/blog\/wp-content\/uploads\/2024\/03\/highclere-schloss.jpg\" alt=\"highclere-schloss\" width=\"750\" height=\"500\" srcset=\"https:\/\/www.urlaubcornwall.de\/blog\/wp-content\/uploads\/2024\/03\/highclere-schloss.jpg 750w, https:\/\/www.urlaubcornwall.de\/blog\/wp-content\/uploads\/2024\/03\/highclere-schloss-300x200.jpg 300w\" sizes=\"(max-width: 750px) 100vw, 750px\" \/><\/p>\n<p>Highclere Castle ist eines von Englands wundersch\u00f6nsten viktorianischen Schl\u00f6ssern, innerhalb eines 2000 Hektar gro\u00dfen Grundst\u00fccks gelegen im spektakul\u00e4ren l\u00e4ndlichen Raum in der N\u00e4he von Newbury. Das Schloss ist seit 1679 das Zuhause der Familie Carnarvon und noch immer Wohnsitz des derzeitigen Earl of Carnarvon. Highclere Castle ist \u2018die tats\u00e4chliche Downton Abbey\u2019 in der britischen Fernsehserie und ist zu verschiedenen Zeiten w\u00e4hrend des Jahres der \u00d6ffentlichkeit zug\u00e4nglich.<\/p>\n<p>Tickets k\u00f6nnen online erworben werden. Neben der Erkundung des herrlichen Staatsraumes, den G\u00e4rten und W\u00e4ldern gibt es die \u00c4gyptische Ausstellung. Vor 100 Jahren entdeckte der 5. Earl of Carnarvon gemeinsam mit seinem Arch\u00e4ologenkollegen Howard Carter ber\u00fchmterma\u00dfen die Grabst\u00e4tte des \u00e4gyptischen Kindpharaos Tutankhamun. Im Keller des Schlosses befindet sich der Antiquit\u00e4tenraum, wo Sie die Geschichte dieser Entdeckung kennenlernen und Artefakten dazu sehen.<\/p>\n<p><ins class=\"bookingaff\" data-aid=\"2190454\" data-target_aid=\"2190454\" data-prod=\"map\" data-width=\"100%\" data-height=\"590\" data-lang=\"ualng\" data-dest_id=\"0\" data-dest_type=\"landmark\" data-latitude=\"51.3265901\" data-longitude=\"-1.360666\" data-landmark_name=\"Highclere Castle\" data-mwhsb=\"0\" data-address=\"Highclere Castle, Highclere, Newbury, UK\"><br \/>\n    <!-- Anything inside will go away once widget is loaded. --><br \/>\n        <a href=\"\/\/www.booking.com?aid=2190454\" rel=\"nofollow\">Booking.com<\/a><br \/>\n<\/ins><br \/>\n<script type=\"text\/javascript\">\n    (function(d, sc, u) {\n      var s = d.createElement(sc), p = d.getElementsByTagName(sc)[0];\n      s.type = 'text\/javascript';\n      s.async = true;\n      s.src = u + '?v=' + (+new Date());\n      p.parentNode.insertBefore(s,p);\n      })(document, 'script', '\/\/aff.bstatic.com\/static\/affiliate_base\/js\/flexiproduct.js');\n<\/script><\/p>\n<p><a href=\"https:\/\/www.urlaubcornwall.de\/blog\/schloss-windsor-historische-haeuser-gaerten-berkshire\/\">Historische H\u00e4user &#038; G\u00e4rten in der k\u00f6niglichen Grafschaft Berkshire <\/a><\/p>\n","protected":false},"excerpt":{"rendered":"<p>Highclere Castle ist eines von Englands wundersch\u00f6nsten viktorianischen Schl\u00f6ssern, innerhalb eines 2000 Hektar gro\u00dfen Grundst\u00fccks gelegen im spektakul\u00e4ren l\u00e4ndlichen Raum in der N\u00e4he von Newbury. Das Schloss ist seit 1679 das Zuhause der Familie Carnarvon und noch immer Wohnsitz des derzeitigen Earl of Carnarvon. Highclere Castle ist \u2018die tats\u00e4chliche Downton Abbey\u2019 in der britischen Fernsehserie [&hellip;]<\/p>\n","protected":false},"author":1,"featured_media":0,"parent":0,"menu_order":0,"comment_status":"closed","ping_status":"closed","template":"single-four.php","meta":[],"acf":[],"yoast_head":"<!-- This site is optimized with the Yoast SEO plugin v19.4 - https:\/\/yoast.com\/wordpress\/plugins\/seo\/ -->\n<title>Besten Hotels in der N\u00e4he Schloss Highclere - Urlaub &amp; Reisen<\/title>\n<meta name=\"description\" content=\"Highclere Castle ist eines von Englands wundersch\u00f6nsten viktorianischen Schl\u00f6ssern, innerhalb eines 2000 Hektar gro\u00dfen Grundst\u00fccks gelegen im spektakul\u00e4ren l\u00e4ndlichen Raum in der N\u00e4he von Newbury. Das Schloss ist seit 1679 das Zuhause der Familie Carnarvon und noch immer Wohnsitz des derzeitigen Earl of Carnarvon\" \/>\n<meta name=\"robots\" content=\"index, follow, max-snippet:-1, max-image-preview:large, max-video-preview:-1\" \/>\n<link rel=\"canonical\" href=\"https:\/\/www.urlaubcornwall.de\/blog\/besten-hotels-in-der-naehe-schloss-highclere\/\" \/>\n<meta property=\"og:locale\" content=\"en_US\" \/>\n<meta property=\"og:type\" content=\"article\" \/>\n<meta property=\"og:title\" content=\"Besten Hotels in der N\u00e4he Schloss Highclere - Urlaub &amp; Reisen\" \/>\n<meta property=\"og:description\" content=\"Highclere Castle ist eines von Englands wundersch\u00f6nsten viktorianischen Schl\u00f6ssern, innerhalb eines 2000 Hektar gro\u00dfen Grundst\u00fccks gelegen im spektakul\u00e4ren l\u00e4ndlichen Raum in der N\u00e4he von Newbury. Das Schloss ist seit 1679 das Zuhause der Familie Carnarvon und noch immer Wohnsitz des derzeitigen Earl of Carnarvon\" \/>\n<meta property=\"og:url\" content=\"https:\/\/www.urlaubcornwall.de\/blog\/besten-hotels-in-der-naehe-schloss-highclere\/\" \/>\n<meta property=\"og:site_name\" content=\"Urlaub &amp; Reisen\" \/>\n<meta property=\"article:modified_time\" content=\"2024-04-16T10:06:42+00:00\" \/>\n<meta property=\"og:image\" content=\"https:\/\/www.urlaubcornwall.de\/blog\/wp-content\/uploads\/2024\/03\/highclere-schloss.jpg\" \/>\n<meta name=\"twitter:card\" content=\"summary\" \/>\n<meta name=\"twitter:label1\" content=\"Est. reading time\" \/>\n\t<meta name=\"twitter:data1\" content=\"1 minute\" \/>\n<script type=\"application\/ld+json\" class=\"yoast-schema-graph\">{\"@context\":\"https:\/\/schema.org\",\"@graph\":[{\"@type\":\"WebSite\",\"@id\":\"https:\/\/www.urlaubcornwall.de\/blog\/#website\",\"url\":\"https:\/\/www.urlaubcornwall.de\/blog\/\",\"name\":\"Urlaub &amp; Reisen\",\"description\":\"Urlaub, Reisen, Cornwall und S\u00fcdengland: eine perfekte Kombination\",\"potentialAction\":[{\"@type\":\"SearchAction\",\"target\":{\"@type\":\"EntryPoint\",\"urlTemplate\":\"https:\/\/www.urlaubcornwall.de\/blog\/?s={search_term_string}\"},\"query-input\":\"required name=search_term_string\"}],\"inLanguage\":\"en-US\"},{\"@type\":\"WebPage\",\"@id\":\"https:\/\/www.urlaubcornwall.de\/blog\/besten-hotels-in-der-naehe-schloss-highclere\/\",\"url\":\"https:\/\/www.urlaubcornwall.de\/blog\/besten-hotels-in-der-naehe-schloss-highclere\/\",\"name\":\"Besten Hotels in der N\u00e4he Schloss Highclere - Urlaub &amp; Reisen\",\"isPartOf\":{\"@id\":\"https:\/\/www.urlaubcornwall.de\/blog\/#website\"},\"datePublished\":\"2021-08-31T07:50:52+00:00\",\"dateModified\":\"2024-04-16T10:06:42+00:00\",\"description\":\"Highclere Castle ist eines von Englands wundersch\u00f6nsten viktorianischen Schl\u00f6ssern, innerhalb eines 2000 Hektar gro\u00dfen Grundst\u00fccks gelegen im spektakul\u00e4ren l\u00e4ndlichen Raum in der N\u00e4he von Newbury. Das Schloss ist seit 1679 das Zuhause der Familie Carnarvon und noch immer Wohnsitz des derzeitigen Earl of Carnarvon\",\"breadcrumb\":{\"@id\":\"https:\/\/www.urlaubcornwall.de\/blog\/besten-hotels-in-der-naehe-schloss-highclere\/#breadcrumb\"},\"inLanguage\":\"en-US\",\"potentialAction\":[{\"@type\":\"ReadAction\",\"target\":[\"https:\/\/www.urlaubcornwall.de\/blog\/besten-hotels-in-der-naehe-schloss-highclere\/\"]}]},{\"@type\":\"BreadcrumbList\",\"@id\":\"https:\/\/www.urlaubcornwall.de\/blog\/besten-hotels-in-der-naehe-schloss-highclere\/#breadcrumb\",\"itemListElement\":[{\"@type\":\"ListItem\",\"position\":1,\"name\":\"Home\",\"item\":\"https:\/\/www.urlaubcornwall.de\/blog\/\"},{\"@type\":\"ListItem\",\"position\":2,\"name\":\"Besten Hotels in der N\u00e4he Schloss Highclere\"}]}]}<\/script>\n<!-- \/ Yoast SEO plugin. -->","yoast_head_json":{"title":"Besten Hotels in der N\u00e4he Schloss Highclere - Urlaub &amp; Reisen","description":"Highclere Castle ist eines von Englands wundersch\u00f6nsten viktorianischen Schl\u00f6ssern, innerhalb eines 2000 Hektar gro\u00dfen Grundst\u00fccks gelegen im spektakul\u00e4ren l\u00e4ndlichen Raum in der N\u00e4he von Newbury. Das Schloss ist seit 1679 das Zuhause der Familie Carnarvon und noch immer Wohnsitz des derzeitigen Earl of Carnarvon","robots":{"index":"index","follow":"follow","max-snippet":"max-snippet:-1","max-image-preview":"max-image-preview:large","max-video-preview":"max-video-preview:-1"},"canonical":"https:\/\/www.urlaubcornwall.de\/blog\/besten-hotels-in-der-naehe-schloss-highclere\/","og_locale":"en_US","og_type":"article","og_title":"Besten Hotels in der N\u00e4he Schloss Highclere - Urlaub &amp; Reisen","og_description":"Highclere Castle ist eines von Englands wundersch\u00f6nsten viktorianischen Schl\u00f6ssern, innerhalb eines 2000 Hektar gro\u00dfen Grundst\u00fccks gelegen im spektakul\u00e4ren l\u00e4ndlichen Raum in der N\u00e4he von Newbury. Das Schloss ist seit 1679 das Zuhause der Familie Carnarvon und noch immer Wohnsitz des derzeitigen Earl of Carnarvon","og_url":"https:\/\/www.urlaubcornwall.de\/blog\/besten-hotels-in-der-naehe-schloss-highclere\/","og_site_name":"Urlaub &amp; Reisen","article_modified_time":"2024-04-16T10:06:42+00:00","og_image":[{"url":"https:\/\/www.urlaubcornwall.de\/blog\/wp-content\/uploads\/2024\/03\/highclere-schloss.jpg"}],"twitter_card":"summary","twitter_misc":{"Est. reading time":"1 minute"},"schema":{"@context":"https:\/\/schema.org","@graph":[{"@type":"WebSite","@id":"https:\/\/www.urlaubcornwall.de\/blog\/#website","url":"https:\/\/www.urlaubcornwall.de\/blog\/","name":"Urlaub &amp; Reisen","description":"Urlaub, Reisen, Cornwall und S\u00fcdengland: eine perfekte Kombination","potentialAction":[{"@type":"SearchAction","target":{"@type":"EntryPoint","urlTemplate":"https:\/\/www.urlaubcornwall.de\/blog\/?s={search_term_string}"},"query-input":"required name=search_term_string"}],"inLanguage":"en-US"},{"@type":"WebPage","@id":"https:\/\/www.urlaubcornwall.de\/blog\/besten-hotels-in-der-naehe-schloss-highclere\/","url":"https:\/\/www.urlaubcornwall.de\/blog\/besten-hotels-in-der-naehe-schloss-highclere\/","name":"Besten Hotels in der N\u00e4he Schloss Highclere - Urlaub &amp; Reisen","isPartOf":{"@id":"https:\/\/www.urlaubcornwall.de\/blog\/#website"},"datePublished":"2021-08-31T07:50:52+00:00","dateModified":"2024-04-16T10:06:42+00:00","description":"Highclere Castle ist eines von Englands wundersch\u00f6nsten viktorianischen Schl\u00f6ssern, innerhalb eines 2000 Hektar gro\u00dfen Grundst\u00fccks gelegen im spektakul\u00e4ren l\u00e4ndlichen Raum in der N\u00e4he von Newbury. Das Schloss ist seit 1679 das Zuhause der Familie Carnarvon und noch immer Wohnsitz des derzeitigen Earl of Carnarvon","breadcrumb":{"@id":"https:\/\/www.urlaubcornwall.de\/blog\/besten-hotels-in-der-naehe-schloss-highclere\/#breadcrumb"},"inLanguage":"en-US","potentialAction":[{"@type":"ReadAction","target":["https:\/\/www.urlaubcornwall.de\/blog\/besten-hotels-in-der-naehe-schloss-highclere\/"]}]},{"@type":"BreadcrumbList","@id":"https:\/\/www.urlaubcornwall.de\/blog\/besten-hotels-in-der-naehe-schloss-highclere\/#breadcrumb","itemListElement":[{"@type":"ListItem","position":1,"name":"Home","item":"https:\/\/www.urlaubcornwall.de\/blog\/"},{"@type":"ListItem","position":2,"name":"Besten Hotels in der N\u00e4he Schloss Highclere"}]}]}},"_links":{"self":[{"href":"https:\/\/www.urlaubcornwall.de\/blog\/wp-json\/wp\/v2\/pages\/42275"}],"collection":[{"href":"https:\/\/www.urlaubcornwall.de\/blog\/wp-json\/wp\/v2\/pages"}],"about":[{"href":"https:\/\/www.urlaubcornwall.de\/blog\/wp-json\/wp\/v2\/types\/page"}],"author":[{"embeddable":true,"href":"https:\/\/www.urlaubcornwall.de\/blog\/wp-json\/wp\/v2\/users\/1"}],"replies":[{"embeddable":true,"href":"https:\/\/www.urlaubcornwall.de\/blog\/wp-json\/wp\/v2\/comments?post=42275"}],"version-history":[{"count":3,"href":"https:\/\/www.urlaubcornwall.de\/blog\/wp-json\/wp\/v2\/pages\/42275\/revisions"}],"predecessor-version":[{"id":49868,"href":"https:\/\/www.urlaubcornwall.de\/blog\/wp-json\/wp\/v2\/pages\/42275\/revisions\/49868"}],"wp:attachment":[{"href":"https:\/\/www.urlaubcornwall.de\/blog\/wp-json\/wp\/v2\/media?parent=42275"}],"curies":[{"name":"wp","href":"https:\/\/api.w.org\/{rel}","templated":true}]}}