{"id":42262,"date":"2021-08-31T07:24:15","date_gmt":"2021-08-31T07:24:15","guid":{"rendered":"https:\/\/www.urlaubcornwall.de\/blog\/?page_id=42262"},"modified":"2024-05-31T08:17:38","modified_gmt":"2024-05-31T08:17:38","slug":"besten-hotels-in-der-naehe-green-park-urlaub-london","status":"publish","type":"page","link":"https:\/\/www.urlaubcornwall.de\/blog\/besten-hotels-in-der-naehe-green-park-urlaub-london\/","title":{"rendered":"Besten Hotels in der N\u00e4he Green Park &#8211; Urlaub London"},"content":{"rendered":"<p>Der kleinste der k\u00f6niglichen Parks ist Green Park, ein kleines, friedvolles Dreieck reifer B\u00e4ume und Gras direkt neben dem Buckingham Palast; die einzigen Blumen sind die Millionen gelber Narzissen, die in jedem Fr\u00fchling bl\u00fchen. K\u00f6nigliche Schie\u00dfgewehrsalute finde das ganze Jahr \u00fcber im Green Park statt, um den offiziellen Geburtstag der K\u00f6nigin, die Er\u00f6ffnung des Parlaments und zahlreiche weitere k\u00f6nigliche und staatliche Veranstaltungen zu feiern. Der Park ist von 5 Uhr bis 24 Uhr das ganze Jahr \u00fcber t\u00e4glich ge\u00f6ffnet, und von M\u00e4rz bis Oktober gibt es jede Menge Liegest\u00fchle, in denen Sie entspannen k\u00f6nnen.<\/p>\n<p><ins class=\"bookingaff\" data-aid=\"2190443\" data-target_aid=\"2190443\" data-prod=\"map\" data-width=\"100%\" data-height=\"590\" data-lang=\"ualng\" data-dest_id=\"0\" data-dest_type=\"landmark\" data-latitude=\"51.5039038\" data-longitude=\"-0.1438567\" data-mwhsb=\"0\" data-address=\"Green Park, London, UK\"><br \/>\n    <!-- Anything inside will go away once widget is loaded. --><br \/>\n        <a href=\"\/\/www.booking.com?aid=2190443\" rel=\"nofollow\">Booking.com<\/a><br \/>\n<\/ins><br \/>\n<script type=\"text\/javascript\">\n    (function(d, sc, u) {\n      var s = d.createElement(sc), p = d.getElementsByTagName(sc)[0];\n      s.type = 'text\/javascript';\n      s.async = true;\n      s.src = u + '?v=' + (+new Date());\n      p.parentNode.insertBefore(s,p);\n      })(document, 'script', '\/\/aff.bstatic.com\/static\/affiliate_base\/js\/flexiproduct.js');\n<\/script><\/p>\n<p><a href=\"https:\/\/www.urlaubcornwall.de\/blog\/londons-historische-koenigliche-parkanlagen-und-gaerten\/\">Londons sch\u00f6nsten historische k\u00f6nigliche Parkanlagen und G\u00e4rten<\/a><\/p>\n","protected":false},"excerpt":{"rendered":"<p>Der kleinste der k\u00f6niglichen Parks ist Green Park, ein kleines, friedvolles Dreieck reifer B\u00e4ume und Gras direkt neben dem Buckingham Palast; die einzigen Blumen sind die Millionen gelber Narzissen, die in jedem Fr\u00fchling bl\u00fchen. K\u00f6nigliche Schie\u00dfgewehrsalute finde das ganze Jahr \u00fcber im Green Park statt, um den offiziellen Geburtstag der K\u00f6nigin, die Er\u00f6ffnung des Parlaments [&hellip;]<\/p>\n","protected":false},"author":1,"featured_media":0,"parent":0,"menu_order":0,"comment_status":"closed","ping_status":"closed","template":"single-four.php","meta":[],"acf":[],"yoast_head":"<!-- This site is optimized with the Yoast SEO plugin v19.4 - https:\/\/yoast.com\/wordpress\/plugins\/seo\/ -->\n<title>Besten Hotels in der N\u00e4he Green Park - Urlaub London - Urlaub &amp; Reisen<\/title>\n<meta name=\"description\" content=\"Der kleinste der k\u00f6niglichen Parks ist Green Park, ein kleines, friedvolles Dreieck reifer B\u00e4ume und Gras direkt neben dem Buckingham Palast; die einzigen Blumen sind die Millionen gelber Narzissen, die in jedem Fr\u00fchling bl\u00fchen. K\u00f6nigliche Schie\u00dfgewehrsalute finde das ganze Jahr \u00fcber im Green Park statt\" \/>\n<meta name=\"robots\" content=\"index, follow, max-snippet:-1, max-image-preview:large, max-video-preview:-1\" \/>\n<link rel=\"canonical\" href=\"https:\/\/www.urlaubcornwall.de\/blog\/besten-hotels-in-der-naehe-green-park-urlaub-london\/\" \/>\n<meta property=\"og:locale\" content=\"en_US\" \/>\n<meta property=\"og:type\" content=\"article\" \/>\n<meta property=\"og:title\" content=\"Besten Hotels in der N\u00e4he Green Park - Urlaub London - Urlaub &amp; Reisen\" \/>\n<meta property=\"og:description\" content=\"Der kleinste der k\u00f6niglichen Parks ist Green Park, ein kleines, friedvolles Dreieck reifer B\u00e4ume und Gras direkt neben dem Buckingham Palast; die einzigen Blumen sind die Millionen gelber Narzissen, die in jedem Fr\u00fchling bl\u00fchen. K\u00f6nigliche Schie\u00dfgewehrsalute finde das ganze Jahr \u00fcber im Green Park statt\" \/>\n<meta property=\"og:url\" content=\"https:\/\/www.urlaubcornwall.de\/blog\/besten-hotels-in-der-naehe-green-park-urlaub-london\/\" \/>\n<meta property=\"og:site_name\" content=\"Urlaub &amp; Reisen\" \/>\n<meta property=\"article:modified_time\" content=\"2024-05-31T08:17:38+00:00\" \/>\n<meta name=\"twitter:card\" content=\"summary\" \/>\n<meta name=\"twitter:label1\" content=\"Est. reading time\" \/>\n\t<meta name=\"twitter:data1\" content=\"1 minute\" \/>\n<script type=\"application\/ld+json\" class=\"yoast-schema-graph\">{\"@context\":\"https:\/\/schema.org\",\"@graph\":[{\"@type\":\"WebSite\",\"@id\":\"https:\/\/www.urlaubcornwall.de\/blog\/#website\",\"url\":\"https:\/\/www.urlaubcornwall.de\/blog\/\",\"name\":\"Urlaub &amp; Reisen\",\"description\":\"Urlaub, Reisen, Cornwall und S\u00fcdengland: eine perfekte Kombination\",\"potentialAction\":[{\"@type\":\"SearchAction\",\"target\":{\"@type\":\"EntryPoint\",\"urlTemplate\":\"https:\/\/www.urlaubcornwall.de\/blog\/?s={search_term_string}\"},\"query-input\":\"required name=search_term_string\"}],\"inLanguage\":\"en-US\"},{\"@type\":\"WebPage\",\"@id\":\"https:\/\/www.urlaubcornwall.de\/blog\/besten-hotels-in-der-naehe-green-park-urlaub-london\/\",\"url\":\"https:\/\/www.urlaubcornwall.de\/blog\/besten-hotels-in-der-naehe-green-park-urlaub-london\/\",\"name\":\"Besten Hotels in der N\u00e4he Green Park - Urlaub London - Urlaub &amp; Reisen\",\"isPartOf\":{\"@id\":\"https:\/\/www.urlaubcornwall.de\/blog\/#website\"},\"datePublished\":\"2021-08-31T07:24:15+00:00\",\"dateModified\":\"2024-05-31T08:17:38+00:00\",\"description\":\"Der kleinste der k\u00f6niglichen Parks ist Green Park, ein kleines, friedvolles Dreieck reifer B\u00e4ume und Gras direkt neben dem Buckingham Palast; die einzigen Blumen sind die Millionen gelber Narzissen, die in jedem Fr\u00fchling bl\u00fchen. K\u00f6nigliche Schie\u00dfgewehrsalute finde das ganze Jahr \u00fcber im Green Park statt\",\"breadcrumb\":{\"@id\":\"https:\/\/www.urlaubcornwall.de\/blog\/besten-hotels-in-der-naehe-green-park-urlaub-london\/#breadcrumb\"},\"inLanguage\":\"en-US\",\"potentialAction\":[{\"@type\":\"ReadAction\",\"target\":[\"https:\/\/www.urlaubcornwall.de\/blog\/besten-hotels-in-der-naehe-green-park-urlaub-london\/\"]}]},{\"@type\":\"BreadcrumbList\",\"@id\":\"https:\/\/www.urlaubcornwall.de\/blog\/besten-hotels-in-der-naehe-green-park-urlaub-london\/#breadcrumb\",\"itemListElement\":[{\"@type\":\"ListItem\",\"position\":1,\"name\":\"Home\",\"item\":\"https:\/\/www.urlaubcornwall.de\/blog\/\"},{\"@type\":\"ListItem\",\"position\":2,\"name\":\"Besten Hotels in der N\u00e4he Green Park &#8211; Urlaub London\"}]}]}<\/script>\n<!-- \/ Yoast SEO plugin. -->","yoast_head_json":{"title":"Besten Hotels in der N\u00e4he Green Park - Urlaub London - Urlaub &amp; Reisen","description":"Der kleinste der k\u00f6niglichen Parks ist Green Park, ein kleines, friedvolles Dreieck reifer B\u00e4ume und Gras direkt neben dem Buckingham Palast; die einzigen Blumen sind die Millionen gelber Narzissen, die in jedem Fr\u00fchling bl\u00fchen. K\u00f6nigliche Schie\u00dfgewehrsalute finde das ganze Jahr \u00fcber im Green Park statt","robots":{"index":"index","follow":"follow","max-snippet":"max-snippet:-1","max-image-preview":"max-image-preview:large","max-video-preview":"max-video-preview:-1"},"canonical":"https:\/\/www.urlaubcornwall.de\/blog\/besten-hotels-in-der-naehe-green-park-urlaub-london\/","og_locale":"en_US","og_type":"article","og_title":"Besten Hotels in der N\u00e4he Green Park - Urlaub London - Urlaub &amp; Reisen","og_description":"Der kleinste der k\u00f6niglichen Parks ist Green Park, ein kleines, friedvolles Dreieck reifer B\u00e4ume und Gras direkt neben dem Buckingham Palast; die einzigen Blumen sind die Millionen gelber Narzissen, die in jedem Fr\u00fchling bl\u00fchen. K\u00f6nigliche Schie\u00dfgewehrsalute finde das ganze Jahr \u00fcber im Green Park statt","og_url":"https:\/\/www.urlaubcornwall.de\/blog\/besten-hotels-in-der-naehe-green-park-urlaub-london\/","og_site_name":"Urlaub &amp; Reisen","article_modified_time":"2024-05-31T08:17:38+00:00","twitter_card":"summary","twitter_misc":{"Est. reading time":"1 minute"},"schema":{"@context":"https:\/\/schema.org","@graph":[{"@type":"WebSite","@id":"https:\/\/www.urlaubcornwall.de\/blog\/#website","url":"https:\/\/www.urlaubcornwall.de\/blog\/","name":"Urlaub &amp; Reisen","description":"Urlaub, Reisen, Cornwall und S\u00fcdengland: eine perfekte Kombination","potentialAction":[{"@type":"SearchAction","target":{"@type":"EntryPoint","urlTemplate":"https:\/\/www.urlaubcornwall.de\/blog\/?s={search_term_string}"},"query-input":"required name=search_term_string"}],"inLanguage":"en-US"},{"@type":"WebPage","@id":"https:\/\/www.urlaubcornwall.de\/blog\/besten-hotels-in-der-naehe-green-park-urlaub-london\/","url":"https:\/\/www.urlaubcornwall.de\/blog\/besten-hotels-in-der-naehe-green-park-urlaub-london\/","name":"Besten Hotels in der N\u00e4he Green Park - Urlaub London - Urlaub &amp; Reisen","isPartOf":{"@id":"https:\/\/www.urlaubcornwall.de\/blog\/#website"},"datePublished":"2021-08-31T07:24:15+00:00","dateModified":"2024-05-31T08:17:38+00:00","description":"Der kleinste der k\u00f6niglichen Parks ist Green Park, ein kleines, friedvolles Dreieck reifer B\u00e4ume und Gras direkt neben dem Buckingham Palast; die einzigen Blumen sind die Millionen gelber Narzissen, die in jedem Fr\u00fchling bl\u00fchen. K\u00f6nigliche Schie\u00dfgewehrsalute finde das ganze Jahr \u00fcber im Green Park statt","breadcrumb":{"@id":"https:\/\/www.urlaubcornwall.de\/blog\/besten-hotels-in-der-naehe-green-park-urlaub-london\/#breadcrumb"},"inLanguage":"en-US","potentialAction":[{"@type":"ReadAction","target":["https:\/\/www.urlaubcornwall.de\/blog\/besten-hotels-in-der-naehe-green-park-urlaub-london\/"]}]},{"@type":"BreadcrumbList","@id":"https:\/\/www.urlaubcornwall.de\/blog\/besten-hotels-in-der-naehe-green-park-urlaub-london\/#breadcrumb","itemListElement":[{"@type":"ListItem","position":1,"name":"Home","item":"https:\/\/www.urlaubcornwall.de\/blog\/"},{"@type":"ListItem","position":2,"name":"Besten Hotels in der N\u00e4he Green Park &#8211; Urlaub London"}]}]}},"_links":{"self":[{"href":"https:\/\/www.urlaubcornwall.de\/blog\/wp-json\/wp\/v2\/pages\/42262"}],"collection":[{"href":"https:\/\/www.urlaubcornwall.de\/blog\/wp-json\/wp\/v2\/pages"}],"about":[{"href":"https:\/\/www.urlaubcornwall.de\/blog\/wp-json\/wp\/v2\/types\/page"}],"author":[{"embeddable":true,"href":"https:\/\/www.urlaubcornwall.de\/blog\/wp-json\/wp\/v2\/users\/1"}],"replies":[{"embeddable":true,"href":"https:\/\/www.urlaubcornwall.de\/blog\/wp-json\/wp\/v2\/comments?post=42262"}],"version-history":[{"count":3,"href":"https:\/\/www.urlaubcornwall.de\/blog\/wp-json\/wp\/v2\/pages\/42262\/revisions"}],"predecessor-version":[{"id":51231,"href":"https:\/\/www.urlaubcornwall.de\/blog\/wp-json\/wp\/v2\/pages\/42262\/revisions\/51231"}],"wp:attachment":[{"href":"https:\/\/www.urlaubcornwall.de\/blog\/wp-json\/wp\/v2\/media?parent=42262"}],"curies":[{"name":"wp","href":"https:\/\/api.w.org\/{rel}","templated":true}]}}