{"id":42260,"date":"2021-08-30T15:25:17","date_gmt":"2021-08-30T15:25:17","guid":{"rendered":"https:\/\/www.urlaubcornwall.de\/blog\/?page_id=42260"},"modified":"2024-05-31T08:17:51","modified_gmt":"2024-05-31T08:17:51","slug":"besten-hotels-in-der-naehe-regents-park-urlaub-london","status":"publish","type":"page","link":"https:\/\/www.urlaubcornwall.de\/blog\/besten-hotels-in-der-naehe-regents-park-urlaub-london\/","title":{"rendered":"Besten Hotels in der N\u00e4he Regents Park &#8211; Urlaub London"},"content":{"rendered":"<p>Im Jahre 1811 wurde der Regent\u2019s Park vom bekannten Architekten John Nash designt; er sollte das Grundst\u00fcck eines neuen Palastes darstellen, der niemals errichtet wurde. Der 166 Hektar gro\u00dfe Park ist benannt nach dem Prinzregenten, der K\u00f6nig George IV wurde. Es gibt den Queen Mary\u2019s Garten mit mehr als 12000 Rosen, einen Bootssee und das gr\u00f6\u00dfte Sportgebiet im Freien in London mit M\u00f6glichkeiten zum Fu\u00dfball, Softball, Rugby- und Kricketspielen. Im Regent\u2019s Park finden Sie den weltbekannten Londoner Zoo &#8211; den \u00e4ltesten und beliebtesten Zoo in England. Es gibt im Regent\u2019s Park f\u00fcr die gesamte Familie jede Menge zu tun, und der Blick vom Primrose Hill aus, der sich bis in 63m H\u00f6he erstreckt, ist einer der besten in London; es bietet sich ein gro\u00dfartiges Panorama \u00fcber die Stadt.<\/p>\n<p><ins class=\"bookingaff\" data-aid=\"2190262\" data-target_aid=\"2190262\" data-prod=\"map\" data-width=\"100%\" data-height=\"590\" data-lang=\"ualng\" data-dest_id=\"0\" data-dest_type=\"landmark\" data-latitude=\"51.5247543\" data-longitude=\"-0.1608797\" data-mwhsb=\"0\" data-address=\"Regents Park, London, UK\"><br \/>\n    <!-- Anything inside will go away once widget is loaded. --><br \/>\n        <a href=\"\/\/www.booking.com?aid=2190262\" rel=\"nofollow\">Booking.com<\/a><br \/>\n<\/ins><br \/>\n<script type=\"text\/javascript\">\n    (function(d, sc, u) {\n      var s = d.createElement(sc), p = d.getElementsByTagName(sc)[0];\n      s.type = 'text\/javascript';\n      s.async = true;\n      s.src = u + '?v=' + (+new Date());\n      p.parentNode.insertBefore(s,p);\n      })(document, 'script', '\/\/aff.bstatic.com\/static\/affiliate_base\/js\/flexiproduct.js');\n<\/script><\/p>\n<p><a href=\"https:\/\/www.urlaubcornwall.de\/blog\/londons-historische-koenigliche-parkanlagen-und-gaerten\/\">Londons sch\u00f6nsten historische k\u00f6nigliche Parkanlagen und G\u00e4rten<\/a><\/p>\n","protected":false},"excerpt":{"rendered":"<p>Im Jahre 1811 wurde der Regent\u2019s Park vom bekannten Architekten John Nash designt; er sollte das Grundst\u00fcck eines neuen Palastes darstellen, der niemals errichtet wurde. Der 166 Hektar gro\u00dfe Park ist benannt nach dem Prinzregenten, der K\u00f6nig George IV wurde. Es gibt den Queen Mary\u2019s Garten mit mehr als 12000 Rosen, einen Bootssee und das [&hellip;]<\/p>\n","protected":false},"author":1,"featured_media":0,"parent":0,"menu_order":0,"comment_status":"closed","ping_status":"closed","template":"single-four.php","meta":[],"acf":[],"yoast_head":"<!-- This site is optimized with the Yoast SEO plugin v19.4 - https:\/\/yoast.com\/wordpress\/plugins\/seo\/ -->\n<title>Besten Hotels in der N\u00e4he Regents Park - Urlaub London - Urlaub &amp; Reisen<\/title>\n<meta name=\"description\" content=\"Im Jahre 1811 wurde der Regent\u2019s Park vom bekannten Architekten John Nash designt; er sollte das Grundst\u00fcck eines neuen Palastes darstellen, der niemals errichtet wurde. Der 166 Hektar gro\u00dfe Park ist benannt nach dem Prinzregenten, der K\u00f6nig George IV wurde. Es gibt den Queen Mary\u2019s Garten mit mehr als 12000 Rosen\" \/>\n<meta name=\"robots\" content=\"index, follow, max-snippet:-1, max-image-preview:large, max-video-preview:-1\" \/>\n<link rel=\"canonical\" href=\"https:\/\/www.urlaubcornwall.de\/blog\/besten-hotels-in-der-naehe-regents-park-urlaub-london\/\" \/>\n<meta property=\"og:locale\" content=\"en_US\" \/>\n<meta property=\"og:type\" content=\"article\" \/>\n<meta property=\"og:title\" content=\"Besten Hotels in der N\u00e4he Regents Park - Urlaub London - Urlaub &amp; Reisen\" \/>\n<meta property=\"og:description\" content=\"Im Jahre 1811 wurde der Regent\u2019s Park vom bekannten Architekten John Nash designt; er sollte das Grundst\u00fcck eines neuen Palastes darstellen, der niemals errichtet wurde. Der 166 Hektar gro\u00dfe Park ist benannt nach dem Prinzregenten, der K\u00f6nig George IV wurde. Es gibt den Queen Mary\u2019s Garten mit mehr als 12000 Rosen\" \/>\n<meta property=\"og:url\" content=\"https:\/\/www.urlaubcornwall.de\/blog\/besten-hotels-in-der-naehe-regents-park-urlaub-london\/\" \/>\n<meta property=\"og:site_name\" content=\"Urlaub &amp; Reisen\" \/>\n<meta property=\"article:modified_time\" content=\"2024-05-31T08:17:51+00:00\" \/>\n<meta name=\"twitter:card\" content=\"summary\" \/>\n<meta name=\"twitter:label1\" content=\"Est. reading time\" \/>\n\t<meta name=\"twitter:data1\" content=\"1 minute\" \/>\n<script type=\"application\/ld+json\" class=\"yoast-schema-graph\">{\"@context\":\"https:\/\/schema.org\",\"@graph\":[{\"@type\":\"WebSite\",\"@id\":\"https:\/\/www.urlaubcornwall.de\/blog\/#website\",\"url\":\"https:\/\/www.urlaubcornwall.de\/blog\/\",\"name\":\"Urlaub &amp; Reisen\",\"description\":\"Urlaub, Reisen, Cornwall und S\u00fcdengland: eine perfekte Kombination\",\"potentialAction\":[{\"@type\":\"SearchAction\",\"target\":{\"@type\":\"EntryPoint\",\"urlTemplate\":\"https:\/\/www.urlaubcornwall.de\/blog\/?s={search_term_string}\"},\"query-input\":\"required name=search_term_string\"}],\"inLanguage\":\"en-US\"},{\"@type\":\"WebPage\",\"@id\":\"https:\/\/www.urlaubcornwall.de\/blog\/besten-hotels-in-der-naehe-regents-park-urlaub-london\/\",\"url\":\"https:\/\/www.urlaubcornwall.de\/blog\/besten-hotels-in-der-naehe-regents-park-urlaub-london\/\",\"name\":\"Besten Hotels in der N\u00e4he Regents Park - Urlaub London - Urlaub &amp; Reisen\",\"isPartOf\":{\"@id\":\"https:\/\/www.urlaubcornwall.de\/blog\/#website\"},\"datePublished\":\"2021-08-30T15:25:17+00:00\",\"dateModified\":\"2024-05-31T08:17:51+00:00\",\"description\":\"Im Jahre 1811 wurde der Regent\u2019s Park vom bekannten Architekten John Nash designt; er sollte das Grundst\u00fcck eines neuen Palastes darstellen, der niemals errichtet wurde. Der 166 Hektar gro\u00dfe Park ist benannt nach dem Prinzregenten, der K\u00f6nig George IV wurde. Es gibt den Queen Mary\u2019s Garten mit mehr als 12000 Rosen\",\"breadcrumb\":{\"@id\":\"https:\/\/www.urlaubcornwall.de\/blog\/besten-hotels-in-der-naehe-regents-park-urlaub-london\/#breadcrumb\"},\"inLanguage\":\"en-US\",\"potentialAction\":[{\"@type\":\"ReadAction\",\"target\":[\"https:\/\/www.urlaubcornwall.de\/blog\/besten-hotels-in-der-naehe-regents-park-urlaub-london\/\"]}]},{\"@type\":\"BreadcrumbList\",\"@id\":\"https:\/\/www.urlaubcornwall.de\/blog\/besten-hotels-in-der-naehe-regents-park-urlaub-london\/#breadcrumb\",\"itemListElement\":[{\"@type\":\"ListItem\",\"position\":1,\"name\":\"Home\",\"item\":\"https:\/\/www.urlaubcornwall.de\/blog\/\"},{\"@type\":\"ListItem\",\"position\":2,\"name\":\"Besten Hotels in der N\u00e4he Regents Park &#8211; Urlaub London\"}]}]}<\/script>\n<!-- \/ Yoast SEO plugin. -->","yoast_head_json":{"title":"Besten Hotels in der N\u00e4he Regents Park - Urlaub London - Urlaub &amp; Reisen","description":"Im Jahre 1811 wurde der Regent\u2019s Park vom bekannten Architekten John Nash designt; er sollte das Grundst\u00fcck eines neuen Palastes darstellen, der niemals errichtet wurde. Der 166 Hektar gro\u00dfe Park ist benannt nach dem Prinzregenten, der K\u00f6nig George IV wurde. Es gibt den Queen Mary\u2019s Garten mit mehr als 12000 Rosen","robots":{"index":"index","follow":"follow","max-snippet":"max-snippet:-1","max-image-preview":"max-image-preview:large","max-video-preview":"max-video-preview:-1"},"canonical":"https:\/\/www.urlaubcornwall.de\/blog\/besten-hotels-in-der-naehe-regents-park-urlaub-london\/","og_locale":"en_US","og_type":"article","og_title":"Besten Hotels in der N\u00e4he Regents Park - Urlaub London - Urlaub &amp; Reisen","og_description":"Im Jahre 1811 wurde der Regent\u2019s Park vom bekannten Architekten John Nash designt; er sollte das Grundst\u00fcck eines neuen Palastes darstellen, der niemals errichtet wurde. Der 166 Hektar gro\u00dfe Park ist benannt nach dem Prinzregenten, der K\u00f6nig George IV wurde. Es gibt den Queen Mary\u2019s Garten mit mehr als 12000 Rosen","og_url":"https:\/\/www.urlaubcornwall.de\/blog\/besten-hotels-in-der-naehe-regents-park-urlaub-london\/","og_site_name":"Urlaub &amp; Reisen","article_modified_time":"2024-05-31T08:17:51+00:00","twitter_card":"summary","twitter_misc":{"Est. reading time":"1 minute"},"schema":{"@context":"https:\/\/schema.org","@graph":[{"@type":"WebSite","@id":"https:\/\/www.urlaubcornwall.de\/blog\/#website","url":"https:\/\/www.urlaubcornwall.de\/blog\/","name":"Urlaub &amp; Reisen","description":"Urlaub, Reisen, Cornwall und S\u00fcdengland: eine perfekte Kombination","potentialAction":[{"@type":"SearchAction","target":{"@type":"EntryPoint","urlTemplate":"https:\/\/www.urlaubcornwall.de\/blog\/?s={search_term_string}"},"query-input":"required name=search_term_string"}],"inLanguage":"en-US"},{"@type":"WebPage","@id":"https:\/\/www.urlaubcornwall.de\/blog\/besten-hotels-in-der-naehe-regents-park-urlaub-london\/","url":"https:\/\/www.urlaubcornwall.de\/blog\/besten-hotels-in-der-naehe-regents-park-urlaub-london\/","name":"Besten Hotels in der N\u00e4he Regents Park - Urlaub London - Urlaub &amp; Reisen","isPartOf":{"@id":"https:\/\/www.urlaubcornwall.de\/blog\/#website"},"datePublished":"2021-08-30T15:25:17+00:00","dateModified":"2024-05-31T08:17:51+00:00","description":"Im Jahre 1811 wurde der Regent\u2019s Park vom bekannten Architekten John Nash designt; er sollte das Grundst\u00fcck eines neuen Palastes darstellen, der niemals errichtet wurde. Der 166 Hektar gro\u00dfe Park ist benannt nach dem Prinzregenten, der K\u00f6nig George IV wurde. Es gibt den Queen Mary\u2019s Garten mit mehr als 12000 Rosen","breadcrumb":{"@id":"https:\/\/www.urlaubcornwall.de\/blog\/besten-hotels-in-der-naehe-regents-park-urlaub-london\/#breadcrumb"},"inLanguage":"en-US","potentialAction":[{"@type":"ReadAction","target":["https:\/\/www.urlaubcornwall.de\/blog\/besten-hotels-in-der-naehe-regents-park-urlaub-london\/"]}]},{"@type":"BreadcrumbList","@id":"https:\/\/www.urlaubcornwall.de\/blog\/besten-hotels-in-der-naehe-regents-park-urlaub-london\/#breadcrumb","itemListElement":[{"@type":"ListItem","position":1,"name":"Home","item":"https:\/\/www.urlaubcornwall.de\/blog\/"},{"@type":"ListItem","position":2,"name":"Besten Hotels in der N\u00e4he Regents Park &#8211; Urlaub London"}]}]}},"_links":{"self":[{"href":"https:\/\/www.urlaubcornwall.de\/blog\/wp-json\/wp\/v2\/pages\/42260"}],"collection":[{"href":"https:\/\/www.urlaubcornwall.de\/blog\/wp-json\/wp\/v2\/pages"}],"about":[{"href":"https:\/\/www.urlaubcornwall.de\/blog\/wp-json\/wp\/v2\/types\/page"}],"author":[{"embeddable":true,"href":"https:\/\/www.urlaubcornwall.de\/blog\/wp-json\/wp\/v2\/users\/1"}],"replies":[{"embeddable":true,"href":"https:\/\/www.urlaubcornwall.de\/blog\/wp-json\/wp\/v2\/comments?post=42260"}],"version-history":[{"count":2,"href":"https:\/\/www.urlaubcornwall.de\/blog\/wp-json\/wp\/v2\/pages\/42260\/revisions"}],"predecessor-version":[{"id":51232,"href":"https:\/\/www.urlaubcornwall.de\/blog\/wp-json\/wp\/v2\/pages\/42260\/revisions\/51232"}],"wp:attachment":[{"href":"https:\/\/www.urlaubcornwall.de\/blog\/wp-json\/wp\/v2\/media?parent=42260"}],"curies":[{"name":"wp","href":"https:\/\/api.w.org\/{rel}","templated":true}]}}