{"id":42257,"date":"2021-08-30T15:22:20","date_gmt":"2021-08-30T15:22:20","guid":{"rendered":"https:\/\/www.urlaubcornwall.de\/blog\/?page_id=42257"},"modified":"2024-05-31T08:18:02","modified_gmt":"2024-05-31T08:18:02","slug":"besten-hotels-in-der-naehe-greenwich-park-urlaub-london","status":"publish","type":"page","link":"https:\/\/www.urlaubcornwall.de\/blog\/besten-hotels-in-der-naehe-greenwich-park-urlaub-london\/","title":{"rendered":"Besten Hotels in der N\u00e4he Greenwich Park &#8211; Urlaub London"},"content":{"rendered":"<p>Seitlich eines H\u00fcgels gelegen mit Blick \u00fcber den Fluss Thames ist Greenwich Park der \u00e4lteste eingegrenzte k\u00f6nigliche Park und umfasst 74 Hektar. Es ist der gr\u00f6\u00dfte Gr\u00fcnbereich in S\u00fcdost-London und bietet Panoramablick \u00fcber London und den Fluss Thames. Neben den G\u00e4rten finden Sie hier auch die k\u00f6nigliche Sternwarte, die in der Geschichte der Astronomie und Navigation eine gro\u00dfe Rolle spielte und weltweit bekannt ist als Ort des \u2018Nullmeridian\u2019, der Greenwich Mean Time den Namen gab. Greenwich Park ist das ganze Jahr \u00fcber von 6 Uhr &#8211; 21.30 Uhr ge\u00f6ffnet und ist das ganze Jahr \u00fcber Gastgeber zahlreicher Veranstaltungen, einschlie\u00dflich eines Halbmarathons und Festivals.<\/p>\n<p><ins class=\"bookingaff\" data-aid=\"2190260\" data-target_aid=\"2190260\" data-prod=\"map\" data-width=\"100%\" data-height=\"590\" data-lang=\"ualng\" data-dest_id=\"0\" data-dest_type=\"landmark\" data-latitude=\"51.4769095\" data-longitude=\"0.0014643\" data-mwhsb=\"0\" data-address=\"Greenwich Park, London, UK\"><br \/>\n    <!-- Anything inside will go away once widget is loaded. --><br \/>\n        <a href=\"\/\/www.booking.com?aid=2190260\" rel=\"nofollow\">Booking.com<\/a><br \/>\n<\/ins><br \/>\n<script type=\"text\/javascript\">\n    (function(d, sc, u) {\n      var s = d.createElement(sc), p = d.getElementsByTagName(sc)[0];\n      s.type = 'text\/javascript';\n      s.async = true;\n      s.src = u + '?v=' + (+new Date());\n      p.parentNode.insertBefore(s,p);\n      })(document, 'script', '\/\/aff.bstatic.com\/static\/affiliate_base\/js\/flexiproduct.js');\n<\/script><\/p>\n<p><a href=\"https:\/\/www.urlaubcornwall.de\/blog\/londons-historische-koenigliche-parkanlagen-und-gaerten\/\">Londons sch\u00f6nsten historische k\u00f6nigliche Parkanlagen und G\u00e4rten<\/a><\/p>\n","protected":false},"excerpt":{"rendered":"<p>Seitlich eines H\u00fcgels gelegen mit Blick \u00fcber den Fluss Thames ist Greenwich Park der \u00e4lteste eingegrenzte k\u00f6nigliche Park und umfasst 74 Hektar. Es ist der gr\u00f6\u00dfte Gr\u00fcnbereich in S\u00fcdost-London und bietet Panoramablick \u00fcber London und den Fluss Thames. Neben den G\u00e4rten finden Sie hier auch die k\u00f6nigliche Sternwarte, die in der Geschichte der Astronomie und [&hellip;]<\/p>\n","protected":false},"author":1,"featured_media":0,"parent":0,"menu_order":0,"comment_status":"closed","ping_status":"closed","template":"single-four.php","meta":[],"acf":[],"yoast_head":"<!-- This site is optimized with the Yoast SEO plugin v19.4 - https:\/\/yoast.com\/wordpress\/plugins\/seo\/ -->\n<title>Besten Hotels in der N\u00e4he Greenwich Park - Urlaub London - Urlaub &amp; Reisen<\/title>\n<meta name=\"description\" content=\"Seitlich eines H\u00fcgels gelegen mit Blick \u00fcber den Fluss Thames ist Greenwich Park der \u00e4lteste eingegrenzte k\u00f6nigliche Park und umfasst 74 Hektar. Es ist der gr\u00f6\u00dfte Gr\u00fcnbereich in S\u00fcdost-London und bietet Panoramablick \u00fcber London und den Fluss Thames. Neben den G\u00e4rten finden Sie hier auch die k\u00f6nigliche Sternwarte\" \/>\n<meta name=\"robots\" content=\"index, follow, max-snippet:-1, max-image-preview:large, max-video-preview:-1\" \/>\n<link rel=\"canonical\" href=\"https:\/\/www.urlaubcornwall.de\/blog\/besten-hotels-in-der-naehe-greenwich-park-urlaub-london\/\" \/>\n<meta property=\"og:locale\" content=\"en_US\" \/>\n<meta property=\"og:type\" content=\"article\" \/>\n<meta property=\"og:title\" content=\"Besten Hotels in der N\u00e4he Greenwich Park - Urlaub London - Urlaub &amp; Reisen\" \/>\n<meta property=\"og:description\" content=\"Seitlich eines H\u00fcgels gelegen mit Blick \u00fcber den Fluss Thames ist Greenwich Park der \u00e4lteste eingegrenzte k\u00f6nigliche Park und umfasst 74 Hektar. Es ist der gr\u00f6\u00dfte Gr\u00fcnbereich in S\u00fcdost-London und bietet Panoramablick \u00fcber London und den Fluss Thames. Neben den G\u00e4rten finden Sie hier auch die k\u00f6nigliche Sternwarte\" \/>\n<meta property=\"og:url\" content=\"https:\/\/www.urlaubcornwall.de\/blog\/besten-hotels-in-der-naehe-greenwich-park-urlaub-london\/\" \/>\n<meta property=\"og:site_name\" content=\"Urlaub &amp; Reisen\" \/>\n<meta property=\"article:modified_time\" content=\"2024-05-31T08:18:02+00:00\" \/>\n<meta name=\"twitter:card\" content=\"summary\" \/>\n<meta name=\"twitter:label1\" content=\"Est. reading time\" \/>\n\t<meta name=\"twitter:data1\" content=\"1 minute\" \/>\n<script type=\"application\/ld+json\" class=\"yoast-schema-graph\">{\"@context\":\"https:\/\/schema.org\",\"@graph\":[{\"@type\":\"WebSite\",\"@id\":\"https:\/\/www.urlaubcornwall.de\/blog\/#website\",\"url\":\"https:\/\/www.urlaubcornwall.de\/blog\/\",\"name\":\"Urlaub &amp; Reisen\",\"description\":\"Urlaub, Reisen, Cornwall und S\u00fcdengland: eine perfekte Kombination\",\"potentialAction\":[{\"@type\":\"SearchAction\",\"target\":{\"@type\":\"EntryPoint\",\"urlTemplate\":\"https:\/\/www.urlaubcornwall.de\/blog\/?s={search_term_string}\"},\"query-input\":\"required name=search_term_string\"}],\"inLanguage\":\"en-US\"},{\"@type\":\"WebPage\",\"@id\":\"https:\/\/www.urlaubcornwall.de\/blog\/besten-hotels-in-der-naehe-greenwich-park-urlaub-london\/\",\"url\":\"https:\/\/www.urlaubcornwall.de\/blog\/besten-hotels-in-der-naehe-greenwich-park-urlaub-london\/\",\"name\":\"Besten Hotels in der N\u00e4he Greenwich Park - Urlaub London - Urlaub &amp; Reisen\",\"isPartOf\":{\"@id\":\"https:\/\/www.urlaubcornwall.de\/blog\/#website\"},\"datePublished\":\"2021-08-30T15:22:20+00:00\",\"dateModified\":\"2024-05-31T08:18:02+00:00\",\"description\":\"Seitlich eines H\u00fcgels gelegen mit Blick \u00fcber den Fluss Thames ist Greenwich Park der \u00e4lteste eingegrenzte k\u00f6nigliche Park und umfasst 74 Hektar. Es ist der gr\u00f6\u00dfte Gr\u00fcnbereich in S\u00fcdost-London und bietet Panoramablick \u00fcber London und den Fluss Thames. Neben den G\u00e4rten finden Sie hier auch die k\u00f6nigliche Sternwarte\",\"breadcrumb\":{\"@id\":\"https:\/\/www.urlaubcornwall.de\/blog\/besten-hotels-in-der-naehe-greenwich-park-urlaub-london\/#breadcrumb\"},\"inLanguage\":\"en-US\",\"potentialAction\":[{\"@type\":\"ReadAction\",\"target\":[\"https:\/\/www.urlaubcornwall.de\/blog\/besten-hotels-in-der-naehe-greenwich-park-urlaub-london\/\"]}]},{\"@type\":\"BreadcrumbList\",\"@id\":\"https:\/\/www.urlaubcornwall.de\/blog\/besten-hotels-in-der-naehe-greenwich-park-urlaub-london\/#breadcrumb\",\"itemListElement\":[{\"@type\":\"ListItem\",\"position\":1,\"name\":\"Home\",\"item\":\"https:\/\/www.urlaubcornwall.de\/blog\/\"},{\"@type\":\"ListItem\",\"position\":2,\"name\":\"Besten Hotels in der N\u00e4he Greenwich Park &#8211; Urlaub London\"}]}]}<\/script>\n<!-- \/ Yoast SEO plugin. -->","yoast_head_json":{"title":"Besten Hotels in der N\u00e4he Greenwich Park - Urlaub London - Urlaub &amp; Reisen","description":"Seitlich eines H\u00fcgels gelegen mit Blick \u00fcber den Fluss Thames ist Greenwich Park der \u00e4lteste eingegrenzte k\u00f6nigliche Park und umfasst 74 Hektar. Es ist der gr\u00f6\u00dfte Gr\u00fcnbereich in S\u00fcdost-London und bietet Panoramablick \u00fcber London und den Fluss Thames. Neben den G\u00e4rten finden Sie hier auch die k\u00f6nigliche Sternwarte","robots":{"index":"index","follow":"follow","max-snippet":"max-snippet:-1","max-image-preview":"max-image-preview:large","max-video-preview":"max-video-preview:-1"},"canonical":"https:\/\/www.urlaubcornwall.de\/blog\/besten-hotels-in-der-naehe-greenwich-park-urlaub-london\/","og_locale":"en_US","og_type":"article","og_title":"Besten Hotels in der N\u00e4he Greenwich Park - Urlaub London - Urlaub &amp; Reisen","og_description":"Seitlich eines H\u00fcgels gelegen mit Blick \u00fcber den Fluss Thames ist Greenwich Park der \u00e4lteste eingegrenzte k\u00f6nigliche Park und umfasst 74 Hektar. Es ist der gr\u00f6\u00dfte Gr\u00fcnbereich in S\u00fcdost-London und bietet Panoramablick \u00fcber London und den Fluss Thames. Neben den G\u00e4rten finden Sie hier auch die k\u00f6nigliche Sternwarte","og_url":"https:\/\/www.urlaubcornwall.de\/blog\/besten-hotels-in-der-naehe-greenwich-park-urlaub-london\/","og_site_name":"Urlaub &amp; Reisen","article_modified_time":"2024-05-31T08:18:02+00:00","twitter_card":"summary","twitter_misc":{"Est. reading time":"1 minute"},"schema":{"@context":"https:\/\/schema.org","@graph":[{"@type":"WebSite","@id":"https:\/\/www.urlaubcornwall.de\/blog\/#website","url":"https:\/\/www.urlaubcornwall.de\/blog\/","name":"Urlaub &amp; Reisen","description":"Urlaub, Reisen, Cornwall und S\u00fcdengland: eine perfekte Kombination","potentialAction":[{"@type":"SearchAction","target":{"@type":"EntryPoint","urlTemplate":"https:\/\/www.urlaubcornwall.de\/blog\/?s={search_term_string}"},"query-input":"required name=search_term_string"}],"inLanguage":"en-US"},{"@type":"WebPage","@id":"https:\/\/www.urlaubcornwall.de\/blog\/besten-hotels-in-der-naehe-greenwich-park-urlaub-london\/","url":"https:\/\/www.urlaubcornwall.de\/blog\/besten-hotels-in-der-naehe-greenwich-park-urlaub-london\/","name":"Besten Hotels in der N\u00e4he Greenwich Park - Urlaub London - Urlaub &amp; Reisen","isPartOf":{"@id":"https:\/\/www.urlaubcornwall.de\/blog\/#website"},"datePublished":"2021-08-30T15:22:20+00:00","dateModified":"2024-05-31T08:18:02+00:00","description":"Seitlich eines H\u00fcgels gelegen mit Blick \u00fcber den Fluss Thames ist Greenwich Park der \u00e4lteste eingegrenzte k\u00f6nigliche Park und umfasst 74 Hektar. Es ist der gr\u00f6\u00dfte Gr\u00fcnbereich in S\u00fcdost-London und bietet Panoramablick \u00fcber London und den Fluss Thames. Neben den G\u00e4rten finden Sie hier auch die k\u00f6nigliche Sternwarte","breadcrumb":{"@id":"https:\/\/www.urlaubcornwall.de\/blog\/besten-hotels-in-der-naehe-greenwich-park-urlaub-london\/#breadcrumb"},"inLanguage":"en-US","potentialAction":[{"@type":"ReadAction","target":["https:\/\/www.urlaubcornwall.de\/blog\/besten-hotels-in-der-naehe-greenwich-park-urlaub-london\/"]}]},{"@type":"BreadcrumbList","@id":"https:\/\/www.urlaubcornwall.de\/blog\/besten-hotels-in-der-naehe-greenwich-park-urlaub-london\/#breadcrumb","itemListElement":[{"@type":"ListItem","position":1,"name":"Home","item":"https:\/\/www.urlaubcornwall.de\/blog\/"},{"@type":"ListItem","position":2,"name":"Besten Hotels in der N\u00e4he Greenwich Park &#8211; Urlaub London"}]}]}},"_links":{"self":[{"href":"https:\/\/www.urlaubcornwall.de\/blog\/wp-json\/wp\/v2\/pages\/42257"}],"collection":[{"href":"https:\/\/www.urlaubcornwall.de\/blog\/wp-json\/wp\/v2\/pages"}],"about":[{"href":"https:\/\/www.urlaubcornwall.de\/blog\/wp-json\/wp\/v2\/types\/page"}],"author":[{"embeddable":true,"href":"https:\/\/www.urlaubcornwall.de\/blog\/wp-json\/wp\/v2\/users\/1"}],"replies":[{"embeddable":true,"href":"https:\/\/www.urlaubcornwall.de\/blog\/wp-json\/wp\/v2\/comments?post=42257"}],"version-history":[{"count":2,"href":"https:\/\/www.urlaubcornwall.de\/blog\/wp-json\/wp\/v2\/pages\/42257\/revisions"}],"predecessor-version":[{"id":51233,"href":"https:\/\/www.urlaubcornwall.de\/blog\/wp-json\/wp\/v2\/pages\/42257\/revisions\/51233"}],"wp:attachment":[{"href":"https:\/\/www.urlaubcornwall.de\/blog\/wp-json\/wp\/v2\/media?parent=42257"}],"curies":[{"name":"wp","href":"https:\/\/api.w.org\/{rel}","templated":true}]}}