{"id":42253,"date":"2021-08-30T15:06:08","date_gmt":"2021-08-30T15:06:08","guid":{"rendered":"https:\/\/www.urlaubcornwall.de\/blog\/?page_id=42253"},"modified":"2024-05-31T08:22:01","modified_gmt":"2024-05-31T08:22:01","slug":"besten-hotels-st-jamess-park-urlaub-londonbesten-hotels-in-der-naehe-st-jamess-park-urlaub-london","status":"publish","type":"page","link":"https:\/\/www.urlaubcornwall.de\/blog\/besten-hotels-st-jamess-park-urlaub-londonbesten-hotels-in-der-naehe-st-jamess-park-urlaub-london\/","title":{"rendered":"Besten Hotels in der N\u00e4he St James&#8217;s Park &#8211; Urlaub London"},"content":{"rendered":"<p>Die \u00e4lteste der k\u00f6niglichen Parkanlagen ist St James\u2019s. Es war Sumpfgebiet, bis es von K\u00f6nig Heinrich VIII trockengelegt wurde und befindet sich nun im Herzen des zeremoniellen London; Changing of the Guard findet w\u00e4hrend des Sommers t\u00e4glich statt und an abwechselnden Tagen w\u00e4hrend des Rests des Jahres. Die Anlage bedeckt 23 Hektar und ist umgeben von 3 k\u00f6niglichen Pal\u00e4sten; der \u00e4lteste davon ist Westminster, das nun die Houses of Parliament sind, St James\u2019s Palace und Buckingham Palace. Dieser ruhige Park eignet sich perfekt zum Entspannen, der See des St James\u2019s Park beherbergt die ber\u00fchmten Pelikane, die t\u00e4glich um 14.30 Uhr gef\u00fcttert werden; es gibt zudem jede Menge anderer Wasserv\u00f6gel, die auf den beiden Inseln des Sees zuhause sind. <\/p>\n<p><ins class=\"bookingaff\" data-aid=\"2190253\" data-target_aid=\"2190253\" data-prod=\"map\" data-width=\"100%\" data-height=\"590\" data-lang=\"ualng\" data-dest_id=\"0\" data-dest_type=\"landmark\" data-latitude=\"51.5024597\" data-longitude=\"-0.1348109\" data-mwhsb=\"0\" data-address=\"St James's Park, London, UK\"><br \/>\n    <!-- Anything inside will go away once widget is loaded. --><br \/>\n        <a href=\"\/\/www.booking.com?aid=2190253\"rel=\"nofollow\">Booking.com<\/a><br \/>\n<\/ins><br \/>\n<script type=\"text\/javascript\">\n    (function(d, sc, u) {\n      var s = d.createElement(sc), p = d.getElementsByTagName(sc)[0];\n      s.type = 'text\/javascript';\n      s.async = true;\n      s.src = u + '?v=' + (+new Date());\n      p.parentNode.insertBefore(s,p);\n      })(document, 'script', '\/\/aff.bstatic.com\/static\/affiliate_base\/js\/flexiproduct.js');\n<\/script><\/p>\n<p><a href=\"https:\/\/www.urlaubcornwall.de\/blog\/londons-historische-koenigliche-parkanlagen-und-gaerten\/\">Londons sch\u00f6nsten historische k\u00f6nigliche Parkanlagen und G\u00e4rten<\/a><\/p>\n","protected":false},"excerpt":{"rendered":"<p>Die \u00e4lteste der k\u00f6niglichen Parkanlagen ist St James\u2019s. Es war Sumpfgebiet, bis es von K\u00f6nig Heinrich VIII trockengelegt wurde und befindet sich nun im Herzen des zeremoniellen London; Changing of the Guard findet w\u00e4hrend des Sommers t\u00e4glich statt und an abwechselnden Tagen w\u00e4hrend des Rests des Jahres. Die Anlage bedeckt 23 Hektar und ist umgeben [&hellip;]<\/p>\n","protected":false},"author":1,"featured_media":0,"parent":0,"menu_order":0,"comment_status":"closed","ping_status":"closed","template":"single-four.php","meta":[],"acf":[],"yoast_head":"<!-- This site is optimized with the Yoast SEO plugin v19.4 - https:\/\/yoast.com\/wordpress\/plugins\/seo\/ -->\n<title>Besten Hotels in der N\u00e4he St James&#039;s Park - Urlaub London - Urlaub &amp; Reisen<\/title>\n<meta name=\"description\" content=\"Die \u00e4lteste der k\u00f6niglichen Parkanlagen ist St James\u2019s. Es war Sumpfgebiet, bis es von K\u00f6nig Heinrich VIII trockengelegt wurde und befindet sich nun im Herzen des zeremoniellen London; Changing of the Guard findet w\u00e4hrend des Sommers t\u00e4glich statt und an abwechselnden Tagen w\u00e4hrend des Rests des Jahres\" \/>\n<meta name=\"robots\" content=\"index, follow, max-snippet:-1, max-image-preview:large, max-video-preview:-1\" \/>\n<link rel=\"canonical\" href=\"https:\/\/www.urlaubcornwall.de\/blog\/besten-hotels-st-jamess-park-urlaub-londonbesten-hotels-in-der-naehe-st-jamess-park-urlaub-london\/\" \/>\n<meta property=\"og:locale\" content=\"en_US\" \/>\n<meta property=\"og:type\" content=\"article\" \/>\n<meta property=\"og:title\" content=\"Besten Hotels in der N\u00e4he St James&#039;s Park - Urlaub London - Urlaub &amp; Reisen\" \/>\n<meta property=\"og:description\" content=\"Die \u00e4lteste der k\u00f6niglichen Parkanlagen ist St James\u2019s. Es war Sumpfgebiet, bis es von K\u00f6nig Heinrich VIII trockengelegt wurde und befindet sich nun im Herzen des zeremoniellen London; Changing of the Guard findet w\u00e4hrend des Sommers t\u00e4glich statt und an abwechselnden Tagen w\u00e4hrend des Rests des Jahres\" \/>\n<meta property=\"og:url\" content=\"https:\/\/www.urlaubcornwall.de\/blog\/besten-hotels-st-jamess-park-urlaub-londonbesten-hotels-in-der-naehe-st-jamess-park-urlaub-london\/\" \/>\n<meta property=\"og:site_name\" content=\"Urlaub &amp; Reisen\" \/>\n<meta property=\"article:modified_time\" content=\"2024-05-31T08:22:01+00:00\" \/>\n<meta name=\"twitter:card\" content=\"summary\" \/>\n<meta name=\"twitter:label1\" content=\"Est. reading time\" \/>\n\t<meta name=\"twitter:data1\" content=\"1 minute\" \/>\n<script type=\"application\/ld+json\" class=\"yoast-schema-graph\">{\"@context\":\"https:\/\/schema.org\",\"@graph\":[{\"@type\":\"WebSite\",\"@id\":\"https:\/\/www.urlaubcornwall.de\/blog\/#website\",\"url\":\"https:\/\/www.urlaubcornwall.de\/blog\/\",\"name\":\"Urlaub &amp; Reisen\",\"description\":\"Urlaub, Reisen, Cornwall und S\u00fcdengland: eine perfekte Kombination\",\"potentialAction\":[{\"@type\":\"SearchAction\",\"target\":{\"@type\":\"EntryPoint\",\"urlTemplate\":\"https:\/\/www.urlaubcornwall.de\/blog\/?s={search_term_string}\"},\"query-input\":\"required name=search_term_string\"}],\"inLanguage\":\"en-US\"},{\"@type\":\"WebPage\",\"@id\":\"https:\/\/www.urlaubcornwall.de\/blog\/besten-hotels-st-jamess-park-urlaub-londonbesten-hotels-in-der-naehe-st-jamess-park-urlaub-london\/\",\"url\":\"https:\/\/www.urlaubcornwall.de\/blog\/besten-hotels-st-jamess-park-urlaub-londonbesten-hotels-in-der-naehe-st-jamess-park-urlaub-london\/\",\"name\":\"Besten Hotels in der N\u00e4he St James's Park - Urlaub London - Urlaub &amp; Reisen\",\"isPartOf\":{\"@id\":\"https:\/\/www.urlaubcornwall.de\/blog\/#website\"},\"datePublished\":\"2021-08-30T15:06:08+00:00\",\"dateModified\":\"2024-05-31T08:22:01+00:00\",\"description\":\"Die \u00e4lteste der k\u00f6niglichen Parkanlagen ist St James\u2019s. Es war Sumpfgebiet, bis es von K\u00f6nig Heinrich VIII trockengelegt wurde und befindet sich nun im Herzen des zeremoniellen London; Changing of the Guard findet w\u00e4hrend des Sommers t\u00e4glich statt und an abwechselnden Tagen w\u00e4hrend des Rests des Jahres\",\"breadcrumb\":{\"@id\":\"https:\/\/www.urlaubcornwall.de\/blog\/besten-hotels-st-jamess-park-urlaub-londonbesten-hotels-in-der-naehe-st-jamess-park-urlaub-london\/#breadcrumb\"},\"inLanguage\":\"en-US\",\"potentialAction\":[{\"@type\":\"ReadAction\",\"target\":[\"https:\/\/www.urlaubcornwall.de\/blog\/besten-hotels-st-jamess-park-urlaub-londonbesten-hotels-in-der-naehe-st-jamess-park-urlaub-london\/\"]}]},{\"@type\":\"BreadcrumbList\",\"@id\":\"https:\/\/www.urlaubcornwall.de\/blog\/besten-hotels-st-jamess-park-urlaub-londonbesten-hotels-in-der-naehe-st-jamess-park-urlaub-london\/#breadcrumb\",\"itemListElement\":[{\"@type\":\"ListItem\",\"position\":1,\"name\":\"Home\",\"item\":\"https:\/\/www.urlaubcornwall.de\/blog\/\"},{\"@type\":\"ListItem\",\"position\":2,\"name\":\"Besten Hotels in der N\u00e4he St James&#8217;s Park &#8211; Urlaub London\"}]}]}<\/script>\n<!-- \/ Yoast SEO plugin. -->","yoast_head_json":{"title":"Besten Hotels in der N\u00e4he St James's Park - Urlaub London - Urlaub &amp; Reisen","description":"Die \u00e4lteste der k\u00f6niglichen Parkanlagen ist St James\u2019s. Es war Sumpfgebiet, bis es von K\u00f6nig Heinrich VIII trockengelegt wurde und befindet sich nun im Herzen des zeremoniellen London; Changing of the Guard findet w\u00e4hrend des Sommers t\u00e4glich statt und an abwechselnden Tagen w\u00e4hrend des Rests des Jahres","robots":{"index":"index","follow":"follow","max-snippet":"max-snippet:-1","max-image-preview":"max-image-preview:large","max-video-preview":"max-video-preview:-1"},"canonical":"https:\/\/www.urlaubcornwall.de\/blog\/besten-hotels-st-jamess-park-urlaub-londonbesten-hotels-in-der-naehe-st-jamess-park-urlaub-london\/","og_locale":"en_US","og_type":"article","og_title":"Besten Hotels in der N\u00e4he St James's Park - Urlaub London - Urlaub &amp; Reisen","og_description":"Die \u00e4lteste der k\u00f6niglichen Parkanlagen ist St James\u2019s. Es war Sumpfgebiet, bis es von K\u00f6nig Heinrich VIII trockengelegt wurde und befindet sich nun im Herzen des zeremoniellen London; Changing of the Guard findet w\u00e4hrend des Sommers t\u00e4glich statt und an abwechselnden Tagen w\u00e4hrend des Rests des Jahres","og_url":"https:\/\/www.urlaubcornwall.de\/blog\/besten-hotels-st-jamess-park-urlaub-londonbesten-hotels-in-der-naehe-st-jamess-park-urlaub-london\/","og_site_name":"Urlaub &amp; Reisen","article_modified_time":"2024-05-31T08:22:01+00:00","twitter_card":"summary","twitter_misc":{"Est. reading time":"1 minute"},"schema":{"@context":"https:\/\/schema.org","@graph":[{"@type":"WebSite","@id":"https:\/\/www.urlaubcornwall.de\/blog\/#website","url":"https:\/\/www.urlaubcornwall.de\/blog\/","name":"Urlaub &amp; Reisen","description":"Urlaub, Reisen, Cornwall und S\u00fcdengland: eine perfekte Kombination","potentialAction":[{"@type":"SearchAction","target":{"@type":"EntryPoint","urlTemplate":"https:\/\/www.urlaubcornwall.de\/blog\/?s={search_term_string}"},"query-input":"required name=search_term_string"}],"inLanguage":"en-US"},{"@type":"WebPage","@id":"https:\/\/www.urlaubcornwall.de\/blog\/besten-hotels-st-jamess-park-urlaub-londonbesten-hotels-in-der-naehe-st-jamess-park-urlaub-london\/","url":"https:\/\/www.urlaubcornwall.de\/blog\/besten-hotels-st-jamess-park-urlaub-londonbesten-hotels-in-der-naehe-st-jamess-park-urlaub-london\/","name":"Besten Hotels in der N\u00e4he St James's Park - Urlaub London - Urlaub &amp; Reisen","isPartOf":{"@id":"https:\/\/www.urlaubcornwall.de\/blog\/#website"},"datePublished":"2021-08-30T15:06:08+00:00","dateModified":"2024-05-31T08:22:01+00:00","description":"Die \u00e4lteste der k\u00f6niglichen Parkanlagen ist St James\u2019s. Es war Sumpfgebiet, bis es von K\u00f6nig Heinrich VIII trockengelegt wurde und befindet sich nun im Herzen des zeremoniellen London; Changing of the Guard findet w\u00e4hrend des Sommers t\u00e4glich statt und an abwechselnden Tagen w\u00e4hrend des Rests des Jahres","breadcrumb":{"@id":"https:\/\/www.urlaubcornwall.de\/blog\/besten-hotels-st-jamess-park-urlaub-londonbesten-hotels-in-der-naehe-st-jamess-park-urlaub-london\/#breadcrumb"},"inLanguage":"en-US","potentialAction":[{"@type":"ReadAction","target":["https:\/\/www.urlaubcornwall.de\/blog\/besten-hotels-st-jamess-park-urlaub-londonbesten-hotels-in-der-naehe-st-jamess-park-urlaub-london\/"]}]},{"@type":"BreadcrumbList","@id":"https:\/\/www.urlaubcornwall.de\/blog\/besten-hotels-st-jamess-park-urlaub-londonbesten-hotels-in-der-naehe-st-jamess-park-urlaub-london\/#breadcrumb","itemListElement":[{"@type":"ListItem","position":1,"name":"Home","item":"https:\/\/www.urlaubcornwall.de\/blog\/"},{"@type":"ListItem","position":2,"name":"Besten Hotels in der N\u00e4he St James&#8217;s Park &#8211; Urlaub London"}]}]}},"_links":{"self":[{"href":"https:\/\/www.urlaubcornwall.de\/blog\/wp-json\/wp\/v2\/pages\/42253"}],"collection":[{"href":"https:\/\/www.urlaubcornwall.de\/blog\/wp-json\/wp\/v2\/pages"}],"about":[{"href":"https:\/\/www.urlaubcornwall.de\/blog\/wp-json\/wp\/v2\/types\/page"}],"author":[{"embeddable":true,"href":"https:\/\/www.urlaubcornwall.de\/blog\/wp-json\/wp\/v2\/users\/1"}],"replies":[{"embeddable":true,"href":"https:\/\/www.urlaubcornwall.de\/blog\/wp-json\/wp\/v2\/comments?post=42253"}],"version-history":[{"count":2,"href":"https:\/\/www.urlaubcornwall.de\/blog\/wp-json\/wp\/v2\/pages\/42253\/revisions"}],"predecessor-version":[{"id":51235,"href":"https:\/\/www.urlaubcornwall.de\/blog\/wp-json\/wp\/v2\/pages\/42253\/revisions\/51235"}],"wp:attachment":[{"href":"https:\/\/www.urlaubcornwall.de\/blog\/wp-json\/wp\/v2\/media?parent=42253"}],"curies":[{"name":"wp","href":"https:\/\/api.w.org\/{rel}","templated":true}]}}