{"id":42198,"date":"2021-08-12T10:24:00","date_gmt":"2021-08-12T10:24:00","guid":{"rendered":"https:\/\/www.urlaubcornwall.de\/blog\/?page_id=42198"},"modified":"2021-10-05T13:17:27","modified_gmt":"2021-10-05T13:17:27","slug":"der-pembrokeshire-coast-nationalpark-urlaubsinspiration-wales","status":"publish","type":"page","link":"https:\/\/www.urlaubcornwall.de\/blog\/der-pembrokeshire-coast-nationalpark-urlaubsinspiration-wales\/","title":{"rendered":"Der Pembrokeshire Coast Nationalpark | Urlaubsinspiration Wales"},"content":{"rendered":"<p><img loading=\"lazy\" class=\"aligncenter size-full wp-image-27942\" src=\"https:\/\/www.urlaubcornwall.de\/blog\/wp-content\/uploads\/2017\/06\/wales-strand-mit-hund.jpg\" alt=\"wales strand mit hund\" height=\"394\" width=\"747\" srcset=\"https:\/\/www.urlaubcornwall.de\/blog\/wp-content\/uploads\/2017\/06\/wales-strand-mit-hund.jpg 747w, https:\/\/www.urlaubcornwall.de\/blog\/wp-content\/uploads\/2017\/06\/wales-strand-mit-hund-300x158.jpg 300w\" sizes=\"(max-width: 747px) 100vw, 747px\" \/><\/p>\n<p>Die 210 Meilen lange K\u00fcste des <a href=\"https:\/\/www.urlaubcornwall.de\/blog\/urlaub-in-west-wales-sehenswuerdigkeiten-und-unterkunft\/\">Pembrokeshire Nationalparks<\/a> wird Ihnen bestimmt den Atem rauben. Der 186 Meilen umfassende Pembrokeshire Coast National Trail schl\u00e4ngelt sich seines Wegs entlang der K\u00fcste von St Dogmaels im Norden nach Amroth im S\u00fcden. <\/p>\n<p style=\"text-align: center;\"><a class=\"tidycta\" href=\"https:\/\/www.urlaubcornwall.de\/ferienhaus-suchen.php?cnt=wal&#038;action=search&#038;rgn=0&#038;minA=0&#038;minB=0&#038;pet=0&#038;bed=0&#038;nday=0&#038;fromDate=Alle&#038;nlm=30&#038;nlc=Pembroke\" rel=\"nofollow\">Suche Ferienh\u00e4user Pembrokeshire<\/a><\/p>\n<div class=\"snippet\"> <a class=\"featured-item\" href=\" https:\/\/www.urlaubcornwall.de\/ferienhaeuser\/wales.php\"> <span class=\"image-holder\" style=\"background-image: url(' https:\/\/www.urlaubcornwall.de\/blog\/wp-content\/uploads\/2018\/12\/busreisen-wales-england.jpg');\"><\/span> <span class=\"featured-content\"> \n<h2 class=\"featured-title\">Bei uns finden Sie Ferienh\u00e4user in Wales zum Verlieben!<\/h2>\n<p class=\"featured-body\">Untenstehend finden Sie eine Auswahl an Selbstversorger-Ferienh\u00e4usern in Wales. Hier finden Sie handverlesene, pers\u00f6nlich inspizierte Cottages entlang der walisischen K\u00fcste&#8230;..<\/p>\n<\/span> <span class=\"featured-link-holder\"> <span class=\"featured-extra-info\"> \n<p>F\u00fcr Paare, Familien &#038; Gruppen<\/p>\n<\/span> \n<p class=\"featured-link\">DETAILS<\/p>\n<\/span> <\/a><\/div>\n","protected":false},"excerpt":{"rendered":"<p>Die 210 Meilen lange K\u00fcste des Pembrokeshire Nationalparks wird Ihnen bestimmt den Atem rauben. Der 186 Meilen umfassende Pembrokeshire Coast National Trail schl\u00e4ngelt sich seines Wegs entlang der K\u00fcste von St Dogmaels im Norden nach Amroth im S\u00fcden. Suche Ferienh\u00e4user Pembrokeshire Bei uns finden Sie Ferienh\u00e4user in Wales zum Verlieben! Untenstehend finden Sie eine Auswahl [&hellip;]<\/p>\n","protected":false},"author":1,"featured_media":0,"parent":0,"menu_order":0,"comment_status":"closed","ping_status":"closed","template":"single-four.php","meta":[],"acf":[],"yoast_head":"<!-- This site is optimized with the Yoast SEO plugin v19.4 - https:\/\/yoast.com\/wordpress\/plugins\/seo\/ -->\n<title>Der Pembrokeshire Coast Nationalpark | Urlaubsinspiration Wales - Urlaub &amp; Reisen<\/title>\n<meta name=\"robots\" content=\"index, follow, max-snippet:-1, max-image-preview:large, max-video-preview:-1\" \/>\n<link rel=\"canonical\" href=\"https:\/\/www.urlaubcornwall.de\/blog\/der-pembrokeshire-coast-nationalpark-urlaubsinspiration-wales\/\" \/>\n<meta property=\"og:locale\" content=\"en_US\" \/>\n<meta property=\"og:type\" content=\"article\" \/>\n<meta property=\"og:title\" content=\"Der Pembrokeshire Coast Nationalpark | Urlaubsinspiration Wales - Urlaub &amp; Reisen\" \/>\n<meta property=\"og:description\" content=\"Die 210 Meilen lange K\u00fcste des Pembrokeshire Nationalparks wird Ihnen bestimmt den Atem rauben. Der 186 Meilen umfassende Pembrokeshire Coast National Trail schl\u00e4ngelt sich seines Wegs entlang der K\u00fcste von St Dogmaels im Norden nach Amroth im S\u00fcden. Suche Ferienh\u00e4user Pembrokeshire Bei uns finden Sie Ferienh\u00e4user in Wales zum Verlieben! Untenstehend finden Sie eine Auswahl [&hellip;]\" \/>\n<meta property=\"og:url\" content=\"https:\/\/www.urlaubcornwall.de\/blog\/der-pembrokeshire-coast-nationalpark-urlaubsinspiration-wales\/\" \/>\n<meta property=\"og:site_name\" content=\"Urlaub &amp; Reisen\" \/>\n<meta property=\"article:modified_time\" content=\"2021-10-05T13:17:27+00:00\" \/>\n<meta property=\"og:image\" content=\"https:\/\/www.urlaubcornwall.de\/blog\/wp-content\/uploads\/2017\/06\/wales-strand-mit-hund.jpg\" \/>\n<meta name=\"twitter:card\" content=\"summary\" \/>\n<script type=\"application\/ld+json\" class=\"yoast-schema-graph\">{\"@context\":\"https:\/\/schema.org\",\"@graph\":[{\"@type\":\"WebSite\",\"@id\":\"https:\/\/www.urlaubcornwall.de\/blog\/#website\",\"url\":\"https:\/\/www.urlaubcornwall.de\/blog\/\",\"name\":\"Urlaub &amp; Reisen\",\"description\":\"Urlaub, Reisen, Cornwall und S\u00fcdengland: eine perfekte Kombination\",\"potentialAction\":[{\"@type\":\"SearchAction\",\"target\":{\"@type\":\"EntryPoint\",\"urlTemplate\":\"https:\/\/www.urlaubcornwall.de\/blog\/?s={search_term_string}\"},\"query-input\":\"required name=search_term_string\"}],\"inLanguage\":\"en-US\"},{\"@type\":\"WebPage\",\"@id\":\"https:\/\/www.urlaubcornwall.de\/blog\/der-pembrokeshire-coast-nationalpark-urlaubsinspiration-wales\/\",\"url\":\"https:\/\/www.urlaubcornwall.de\/blog\/der-pembrokeshire-coast-nationalpark-urlaubsinspiration-wales\/\",\"name\":\"Der Pembrokeshire Coast Nationalpark | Urlaubsinspiration Wales - Urlaub &amp; Reisen\",\"isPartOf\":{\"@id\":\"https:\/\/www.urlaubcornwall.de\/blog\/#website\"},\"datePublished\":\"2021-08-12T10:24:00+00:00\",\"dateModified\":\"2021-10-05T13:17:27+00:00\",\"breadcrumb\":{\"@id\":\"https:\/\/www.urlaubcornwall.de\/blog\/der-pembrokeshire-coast-nationalpark-urlaubsinspiration-wales\/#breadcrumb\"},\"inLanguage\":\"en-US\",\"potentialAction\":[{\"@type\":\"ReadAction\",\"target\":[\"https:\/\/www.urlaubcornwall.de\/blog\/der-pembrokeshire-coast-nationalpark-urlaubsinspiration-wales\/\"]}]},{\"@type\":\"BreadcrumbList\",\"@id\":\"https:\/\/www.urlaubcornwall.de\/blog\/der-pembrokeshire-coast-nationalpark-urlaubsinspiration-wales\/#breadcrumb\",\"itemListElement\":[{\"@type\":\"ListItem\",\"position\":1,\"name\":\"Home\",\"item\":\"https:\/\/www.urlaubcornwall.de\/blog\/\"},{\"@type\":\"ListItem\",\"position\":2,\"name\":\"Der Pembrokeshire Coast Nationalpark | Urlaubsinspiration Wales\"}]}]}<\/script>\n<!-- \/ Yoast SEO plugin. -->","yoast_head_json":{"title":"Der Pembrokeshire Coast Nationalpark | Urlaubsinspiration Wales - Urlaub &amp; Reisen","robots":{"index":"index","follow":"follow","max-snippet":"max-snippet:-1","max-image-preview":"max-image-preview:large","max-video-preview":"max-video-preview:-1"},"canonical":"https:\/\/www.urlaubcornwall.de\/blog\/der-pembrokeshire-coast-nationalpark-urlaubsinspiration-wales\/","og_locale":"en_US","og_type":"article","og_title":"Der Pembrokeshire Coast Nationalpark | Urlaubsinspiration Wales - Urlaub &amp; Reisen","og_description":"Die 210 Meilen lange K\u00fcste des Pembrokeshire Nationalparks wird Ihnen bestimmt den Atem rauben. Der 186 Meilen umfassende Pembrokeshire Coast National Trail schl\u00e4ngelt sich seines Wegs entlang der K\u00fcste von St Dogmaels im Norden nach Amroth im S\u00fcden. Suche Ferienh\u00e4user Pembrokeshire Bei uns finden Sie Ferienh\u00e4user in Wales zum Verlieben! Untenstehend finden Sie eine Auswahl [&hellip;]","og_url":"https:\/\/www.urlaubcornwall.de\/blog\/der-pembrokeshire-coast-nationalpark-urlaubsinspiration-wales\/","og_site_name":"Urlaub &amp; Reisen","article_modified_time":"2021-10-05T13:17:27+00:00","og_image":[{"url":"https:\/\/www.urlaubcornwall.de\/blog\/wp-content\/uploads\/2017\/06\/wales-strand-mit-hund.jpg"}],"twitter_card":"summary","schema":{"@context":"https:\/\/schema.org","@graph":[{"@type":"WebSite","@id":"https:\/\/www.urlaubcornwall.de\/blog\/#website","url":"https:\/\/www.urlaubcornwall.de\/blog\/","name":"Urlaub &amp; Reisen","description":"Urlaub, Reisen, Cornwall und S\u00fcdengland: eine perfekte Kombination","potentialAction":[{"@type":"SearchAction","target":{"@type":"EntryPoint","urlTemplate":"https:\/\/www.urlaubcornwall.de\/blog\/?s={search_term_string}"},"query-input":"required name=search_term_string"}],"inLanguage":"en-US"},{"@type":"WebPage","@id":"https:\/\/www.urlaubcornwall.de\/blog\/der-pembrokeshire-coast-nationalpark-urlaubsinspiration-wales\/","url":"https:\/\/www.urlaubcornwall.de\/blog\/der-pembrokeshire-coast-nationalpark-urlaubsinspiration-wales\/","name":"Der Pembrokeshire Coast Nationalpark | Urlaubsinspiration Wales - Urlaub &amp; Reisen","isPartOf":{"@id":"https:\/\/www.urlaubcornwall.de\/blog\/#website"},"datePublished":"2021-08-12T10:24:00+00:00","dateModified":"2021-10-05T13:17:27+00:00","breadcrumb":{"@id":"https:\/\/www.urlaubcornwall.de\/blog\/der-pembrokeshire-coast-nationalpark-urlaubsinspiration-wales\/#breadcrumb"},"inLanguage":"en-US","potentialAction":[{"@type":"ReadAction","target":["https:\/\/www.urlaubcornwall.de\/blog\/der-pembrokeshire-coast-nationalpark-urlaubsinspiration-wales\/"]}]},{"@type":"BreadcrumbList","@id":"https:\/\/www.urlaubcornwall.de\/blog\/der-pembrokeshire-coast-nationalpark-urlaubsinspiration-wales\/#breadcrumb","itemListElement":[{"@type":"ListItem","position":1,"name":"Home","item":"https:\/\/www.urlaubcornwall.de\/blog\/"},{"@type":"ListItem","position":2,"name":"Der Pembrokeshire Coast Nationalpark | Urlaubsinspiration Wales"}]}]}},"_links":{"self":[{"href":"https:\/\/www.urlaubcornwall.de\/blog\/wp-json\/wp\/v2\/pages\/42198"}],"collection":[{"href":"https:\/\/www.urlaubcornwall.de\/blog\/wp-json\/wp\/v2\/pages"}],"about":[{"href":"https:\/\/www.urlaubcornwall.de\/blog\/wp-json\/wp\/v2\/types\/page"}],"author":[{"embeddable":true,"href":"https:\/\/www.urlaubcornwall.de\/blog\/wp-json\/wp\/v2\/users\/1"}],"replies":[{"embeddable":true,"href":"https:\/\/www.urlaubcornwall.de\/blog\/wp-json\/wp\/v2\/comments?post=42198"}],"version-history":[{"count":3,"href":"https:\/\/www.urlaubcornwall.de\/blog\/wp-json\/wp\/v2\/pages\/42198\/revisions"}],"predecessor-version":[{"id":43265,"href":"https:\/\/www.urlaubcornwall.de\/blog\/wp-json\/wp\/v2\/pages\/42198\/revisions\/43265"}],"wp:attachment":[{"href":"https:\/\/www.urlaubcornwall.de\/blog\/wp-json\/wp\/v2\/media?parent=42198"}],"curies":[{"name":"wp","href":"https:\/\/api.w.org\/{rel}","templated":true}]}}