{"id":42121,"date":"2021-08-08T10:49:50","date_gmt":"2021-08-08T10:49:50","guid":{"rendered":"https:\/\/www.urlaubcornwall.de\/blog\/?page_id=42121"},"modified":"2024-05-31T08:12:09","modified_gmt":"2024-05-31T08:12:09","slug":"beste-ferienhaus-am-meer-in-st-ives","status":"publish","type":"page","link":"https:\/\/www.urlaubcornwall.de\/blog\/beste-ferienhaus-am-meer-in-st-ives\/","title":{"rendered":"Beste Ferienhaus am Meer in St Ives"},"content":{"rendered":"<p><a href=\"https:\/\/www.urlaubcornwall.de\/blog\/wp-content\/uploads\/2021\/10\/st-ives_hafen_cornwall.jpg\"><img loading=\"lazy\" src=\"https:\/\/www.urlaubcornwall.de\/blog\/wp-content\/uploads\/2021\/10\/st-ives_hafen_cornwall.jpg\" alt=\"st ives_hafen_cornwall\" width=\"750\" height=\"563\" class=\"alignnone size-full wp-image-43325\" srcset=\"https:\/\/www.urlaubcornwall.de\/blog\/wp-content\/uploads\/2021\/10\/st-ives_hafen_cornwall.jpg 751w, https:\/\/www.urlaubcornwall.de\/blog\/wp-content\/uploads\/2021\/10\/st-ives_hafen_cornwall-300x225.jpg 300w\" sizes=\"(max-width: 750px) 100vw, 750px\" \/><\/a><\/p>\n<p><strong>Besten Ferienh\u00e4user, Ferienwohnungen &#038; Cottages in St Ives und Umgebung<\/strong><\/p>\n<p>St Ives eines der Juwelen der britischen Krone. St Ives ist ein Labyrinth mit gepflasterten Stra\u00dfen, Fischerh\u00e4uschen, Gesch\u00e4ften, Galerien und Restaurants, die alle f\u00f6rmlich darauf warten, entdeckt zu werden. Mit In dem St\u00e4dtchen ist die Tate St Ives Galerie beheimatet, die zu einer der beliebtesten Attraktionen in Cornwall z\u00e4hlt.<\/p>\n<p style=\"text-align: center;\"><a class=\"tidycta\" href=\"https:\/\/www.urlaubcornwall.de\/ferienhaeuser-fewos\/st-ives.html\">Suche Ferienh\u00e4user in St Ives <\/a><\/p>\n","protected":false},"excerpt":{"rendered":"<p>Besten Ferienh\u00e4user, Ferienwohnungen &#038; Cottages in St Ives und Umgebung St Ives eines der Juwelen der britischen Krone. St Ives ist ein Labyrinth mit gepflasterten Stra\u00dfen, Fischerh\u00e4uschen, Gesch\u00e4ften, Galerien und Restaurants, die alle f\u00f6rmlich darauf warten, entdeckt zu werden. Mit In dem St\u00e4dtchen ist die Tate St Ives Galerie beheimatet, die zu einer der beliebtesten [&hellip;]<\/p>\n","protected":false},"author":1,"featured_media":0,"parent":0,"menu_order":0,"comment_status":"closed","ping_status":"closed","template":"single-four.php","meta":[],"acf":[],"yoast_head":"<!-- This site is optimized with the Yoast SEO plugin v19.4 - https:\/\/yoast.com\/wordpress\/plugins\/seo\/ -->\n<title>Beste Ferienhaus am Meer in St Ives - Urlaub &amp; Reisen<\/title>\n<meta name=\"robots\" content=\"index, follow, max-snippet:-1, max-image-preview:large, max-video-preview:-1\" \/>\n<link rel=\"canonical\" href=\"https:\/\/www.urlaubcornwall.de\/blog\/beste-ferienhaus-am-meer-in-st-ives\/\" \/>\n<meta property=\"og:locale\" content=\"en_US\" \/>\n<meta property=\"og:type\" content=\"article\" \/>\n<meta property=\"og:title\" content=\"Beste Ferienhaus am Meer in St Ives - Urlaub &amp; Reisen\" \/>\n<meta property=\"og:description\" content=\"Besten Ferienh\u00e4user, Ferienwohnungen &#038; Cottages in St Ives und Umgebung St Ives eines der Juwelen der britischen Krone. St Ives ist ein Labyrinth mit gepflasterten Stra\u00dfen, Fischerh\u00e4uschen, Gesch\u00e4ften, Galerien und Restaurants, die alle f\u00f6rmlich darauf warten, entdeckt zu werden. Mit In dem St\u00e4dtchen ist die Tate St Ives Galerie beheimatet, die zu einer der beliebtesten [&hellip;]\" \/>\n<meta property=\"og:url\" content=\"https:\/\/www.urlaubcornwall.de\/blog\/beste-ferienhaus-am-meer-in-st-ives\/\" \/>\n<meta property=\"og:site_name\" content=\"Urlaub &amp; Reisen\" \/>\n<meta property=\"article:modified_time\" content=\"2024-05-31T08:12:09+00:00\" \/>\n<meta property=\"og:image\" content=\"https:\/\/www.urlaubcornwall.de\/blog\/wp-content\/uploads\/2021\/10\/st-ives_hafen_cornwall.jpg\" \/>\n<meta name=\"twitter:card\" content=\"summary\" \/>\n<meta name=\"twitter:label1\" content=\"Est. reading time\" \/>\n\t<meta name=\"twitter:data1\" content=\"1 minute\" \/>\n<script type=\"application\/ld+json\" class=\"yoast-schema-graph\">{\"@context\":\"https:\/\/schema.org\",\"@graph\":[{\"@type\":\"WebSite\",\"@id\":\"https:\/\/www.urlaubcornwall.de\/blog\/#website\",\"url\":\"https:\/\/www.urlaubcornwall.de\/blog\/\",\"name\":\"Urlaub &amp; Reisen\",\"description\":\"Urlaub, Reisen, Cornwall und S\u00fcdengland: eine perfekte Kombination\",\"potentialAction\":[{\"@type\":\"SearchAction\",\"target\":{\"@type\":\"EntryPoint\",\"urlTemplate\":\"https:\/\/www.urlaubcornwall.de\/blog\/?s={search_term_string}\"},\"query-input\":\"required name=search_term_string\"}],\"inLanguage\":\"en-US\"},{\"@type\":\"WebPage\",\"@id\":\"https:\/\/www.urlaubcornwall.de\/blog\/beste-ferienhaus-am-meer-in-st-ives\/\",\"url\":\"https:\/\/www.urlaubcornwall.de\/blog\/beste-ferienhaus-am-meer-in-st-ives\/\",\"name\":\"Beste Ferienhaus am Meer in St Ives - Urlaub &amp; Reisen\",\"isPartOf\":{\"@id\":\"https:\/\/www.urlaubcornwall.de\/blog\/#website\"},\"datePublished\":\"2021-08-08T10:49:50+00:00\",\"dateModified\":\"2024-05-31T08:12:09+00:00\",\"breadcrumb\":{\"@id\":\"https:\/\/www.urlaubcornwall.de\/blog\/beste-ferienhaus-am-meer-in-st-ives\/#breadcrumb\"},\"inLanguage\":\"en-US\",\"potentialAction\":[{\"@type\":\"ReadAction\",\"target\":[\"https:\/\/www.urlaubcornwall.de\/blog\/beste-ferienhaus-am-meer-in-st-ives\/\"]}]},{\"@type\":\"BreadcrumbList\",\"@id\":\"https:\/\/www.urlaubcornwall.de\/blog\/beste-ferienhaus-am-meer-in-st-ives\/#breadcrumb\",\"itemListElement\":[{\"@type\":\"ListItem\",\"position\":1,\"name\":\"Home\",\"item\":\"https:\/\/www.urlaubcornwall.de\/blog\/\"},{\"@type\":\"ListItem\",\"position\":2,\"name\":\"Beste Ferienhaus am Meer in St Ives\"}]}]}<\/script>\n<!-- \/ Yoast SEO plugin. -->","yoast_head_json":{"title":"Beste Ferienhaus am Meer in St Ives - Urlaub &amp; Reisen","robots":{"index":"index","follow":"follow","max-snippet":"max-snippet:-1","max-image-preview":"max-image-preview:large","max-video-preview":"max-video-preview:-1"},"canonical":"https:\/\/www.urlaubcornwall.de\/blog\/beste-ferienhaus-am-meer-in-st-ives\/","og_locale":"en_US","og_type":"article","og_title":"Beste Ferienhaus am Meer in St Ives - Urlaub &amp; Reisen","og_description":"Besten Ferienh\u00e4user, Ferienwohnungen &#038; Cottages in St Ives und Umgebung St Ives eines der Juwelen der britischen Krone. St Ives ist ein Labyrinth mit gepflasterten Stra\u00dfen, Fischerh\u00e4uschen, Gesch\u00e4ften, Galerien und Restaurants, die alle f\u00f6rmlich darauf warten, entdeckt zu werden. Mit In dem St\u00e4dtchen ist die Tate St Ives Galerie beheimatet, die zu einer der beliebtesten [&hellip;]","og_url":"https:\/\/www.urlaubcornwall.de\/blog\/beste-ferienhaus-am-meer-in-st-ives\/","og_site_name":"Urlaub &amp; Reisen","article_modified_time":"2024-05-31T08:12:09+00:00","og_image":[{"url":"https:\/\/www.urlaubcornwall.de\/blog\/wp-content\/uploads\/2021\/10\/st-ives_hafen_cornwall.jpg"}],"twitter_card":"summary","twitter_misc":{"Est. reading time":"1 minute"},"schema":{"@context":"https:\/\/schema.org","@graph":[{"@type":"WebSite","@id":"https:\/\/www.urlaubcornwall.de\/blog\/#website","url":"https:\/\/www.urlaubcornwall.de\/blog\/","name":"Urlaub &amp; Reisen","description":"Urlaub, Reisen, Cornwall und S\u00fcdengland: eine perfekte Kombination","potentialAction":[{"@type":"SearchAction","target":{"@type":"EntryPoint","urlTemplate":"https:\/\/www.urlaubcornwall.de\/blog\/?s={search_term_string}"},"query-input":"required name=search_term_string"}],"inLanguage":"en-US"},{"@type":"WebPage","@id":"https:\/\/www.urlaubcornwall.de\/blog\/beste-ferienhaus-am-meer-in-st-ives\/","url":"https:\/\/www.urlaubcornwall.de\/blog\/beste-ferienhaus-am-meer-in-st-ives\/","name":"Beste Ferienhaus am Meer in St Ives - Urlaub &amp; Reisen","isPartOf":{"@id":"https:\/\/www.urlaubcornwall.de\/blog\/#website"},"datePublished":"2021-08-08T10:49:50+00:00","dateModified":"2024-05-31T08:12:09+00:00","breadcrumb":{"@id":"https:\/\/www.urlaubcornwall.de\/blog\/beste-ferienhaus-am-meer-in-st-ives\/#breadcrumb"},"inLanguage":"en-US","potentialAction":[{"@type":"ReadAction","target":["https:\/\/www.urlaubcornwall.de\/blog\/beste-ferienhaus-am-meer-in-st-ives\/"]}]},{"@type":"BreadcrumbList","@id":"https:\/\/www.urlaubcornwall.de\/blog\/beste-ferienhaus-am-meer-in-st-ives\/#breadcrumb","itemListElement":[{"@type":"ListItem","position":1,"name":"Home","item":"https:\/\/www.urlaubcornwall.de\/blog\/"},{"@type":"ListItem","position":2,"name":"Beste Ferienhaus am Meer in St Ives"}]}]}},"_links":{"self":[{"href":"https:\/\/www.urlaubcornwall.de\/blog\/wp-json\/wp\/v2\/pages\/42121"}],"collection":[{"href":"https:\/\/www.urlaubcornwall.de\/blog\/wp-json\/wp\/v2\/pages"}],"about":[{"href":"https:\/\/www.urlaubcornwall.de\/blog\/wp-json\/wp\/v2\/types\/page"}],"author":[{"embeddable":true,"href":"https:\/\/www.urlaubcornwall.de\/blog\/wp-json\/wp\/v2\/users\/1"}],"replies":[{"embeddable":true,"href":"https:\/\/www.urlaubcornwall.de\/blog\/wp-json\/wp\/v2\/comments?post=42121"}],"version-history":[{"count":4,"href":"https:\/\/www.urlaubcornwall.de\/blog\/wp-json\/wp\/v2\/pages\/42121\/revisions"}],"predecessor-version":[{"id":51223,"href":"https:\/\/www.urlaubcornwall.de\/blog\/wp-json\/wp\/v2\/pages\/42121\/revisions\/51223"}],"wp:attachment":[{"href":"https:\/\/www.urlaubcornwall.de\/blog\/wp-json\/wp\/v2\/media?parent=42121"}],"curies":[{"name":"wp","href":"https:\/\/api.w.org\/{rel}","templated":true}]}}