{"id":42046,"date":"2021-08-04T14:14:09","date_gmt":"2021-08-04T14:14:09","guid":{"rendered":"https:\/\/www.urlaubcornwall.de\/blog\/?page_id=42046"},"modified":"2024-05-31T08:13:52","modified_gmt":"2024-05-31T08:13:52","slug":"cornwalls-beste-fish-and-chip-restaurants","status":"publish","type":"page","link":"https:\/\/www.urlaubcornwall.de\/blog\/cornwalls-beste-fish-and-chip-restaurants\/","title":{"rendered":"Cornwalls beste \u2018fish und chip\u2019 Restaurants"},"content":{"rendered":"<p><a href=\"https:\/\/www.urlaubcornwall.de\/blog\/wp-content\/uploads\/2020\/07\/St-Ives_portminster.jpg\"><img loading=\"lazy\" src=\"https:\/\/www.urlaubcornwall.de\/blog\/wp-content\/uploads\/2020\/07\/St-Ives_portminster.jpg\" alt=\"St Ives in Cornwall\" width=\"750\" height=\"618\" class=\"alignnone size-full wp-image-40553\" srcset=\"https:\/\/www.urlaubcornwall.de\/blog\/wp-content\/uploads\/2020\/07\/St-Ives_portminster.jpg 750w, https:\/\/www.urlaubcornwall.de\/blog\/wp-content\/uploads\/2020\/07\/St-Ives_portminster-300x247.jpg 300w\" sizes=\"(max-width: 750px) 100vw, 750px\" \/><\/a><\/p>\n<p style=\"text-align: center;\"><strong>Unsere Top 10<\/strong><\/p>\n<p style=\"text-align: center;\">\n\t\t<strong><br \/>\n                        <a href=\"#nordcornwall\" title=\"Nordcornwall\">Nordcornwall<\/a> |<br \/>\n\t\t\t<a href=\"#s\u00fcdcornwall\" title=\"S\u00fcdcornwall\">S\u00fcdcornwall<\/a> |<br \/>\n\t\t\t<a href=\"#westcornwall\" title=\"West Cornwall\">West Cornwall<\/a> |<br \/>\n\t\t<\/strong>\n\t<\/p>\n<p>Vor Ort gefangener frischer Fisch in knusprigem Teigmantel mit einer gro\u00dfz\u00fcgigen Portion leichten, flockigen Pommes Frites. Geben Sie dem p\u00fcrierte Erbsen und Tartarsauce hinzu, und Sie haben eines der beliebtesten Gerichte Cornwalls. Doch wo finden Sie die besten \u2018fish und chips\u2019 in Cornwall? Hier sind ein paar unserer Lieblingslokalit\u00e4ten, in denen Sie diese perfekte Mahlzeit am Meer genie\u00dfen k\u00f6nnen.<\/p>\n<h2 id=\"nordcornwall\">Nordcornwall<\/h2>\n<p><a href=\"https:\/\/www.watergatebay.co.uk\/eat\/the-living-space\/\"><strong>The Living Space<\/strong><\/a><strong>, Watergate Bay Hotel, Newquay<\/strong><\/p>\n<p>The Living Space ist ein entspanntes Speiselokal, wo Sie auf Sofas sitzen und die spektakul\u00e4re Aussicht bestaunen k\u00f6nnen, und eignet sich f\u00fcr gro\u00dfartige Mahlzeiten mit der Familie oder einfach, um einen Bissen zu essen, w\u00e4hrend Sie an der ber\u00fchmten Watergate Bay surfen. Ihre \u2018fish and chips\u2019 beinhalten Marktfisch des Tages in Bierteig und Pommes Frites mit Watergate Bays eigenem Ketchup, Tartarsauce und Zitrone. \u201aFish and chips\u2019 schmecken am Meer immer besser, sowie nach einem Spaziergang entlang dieses idyllischen langen Sandstrandes. The Living Space serviert auch Burger, Steak und Curry.<\/p>\n<p><a href=\"https:\/\/www.facebook.com\/FloundersFishChips\/?ref=page_internal\"><strong>Flounders fish and chips<\/strong><\/a><strong>, Newquay<\/strong><\/p>\n<p><img loading=\"lazy\" class=\"aligncenter size-full wp-image-42052\" src=\"https:\/\/www.urlaubcornwall.de\/blog\/wp-content\/uploads\/2021\/08\/flounders-fish-and-chips-newlyn.jpg\" alt=\"fish-and-chips-newlyn\" width=\"750\" height=\"501\" srcset=\"https:\/\/www.urlaubcornwall.de\/blog\/wp-content\/uploads\/2021\/08\/flounders-fish-and-chips-newlyn.jpg 750w, https:\/\/www.urlaubcornwall.de\/blog\/wp-content\/uploads\/2021\/08\/flounders-fish-and-chips-newlyn-300x200.jpg 300w\" sizes=\"(max-width: 750px) 100vw, 750px\" \/><\/p>\n<p>Wie nur k\u00f6nnen Sie eine von <a href=\"https:\/\/www.urlaubcornwall.de\/blog\/die-schoensten-orte-in-cornwall-unsere-top-10\/\">Cornwalls beliebteste St\u00e4dte<\/a> besuchen und keine \u201afish and chips\u2018 zu sich nehmen? Der Familienbetrieb Flounders ist die Lokalit\u00e4t schlechthin, an die Sie sich wenden m\u00fcssen, um Takeaway \u201afish and chips\u2018 in Newquay zu bekommen. Sie servieren Schellfisch und Kabeljau, Tintenfisch, Scampi und Scholle, sowie Pasteten, Burger und gef\u00fcllte Kartoffeln. Es findet sich etwas f\u00fcr Jedermann hier bei Flounders. Spazieren Sie zum Strand oder zu einer Bank auf der Klippe, um dem Genuss Ihrer Mahlzeit eine Meeresbrise hinzuzuf\u00fcgen.<\/p>\n<p><a href=\"https:\/\/www.rickstein.com\/restaurants\/steins-fish-and-chips\/\"><strong>Rick Steins<\/strong><\/a><strong>, Padstow&nbsp;<\/strong><\/p>\n<p>Rick Steins hat eine breite Vielfalt an Fisch zur Auswahl, von Schellfisch und Kabeljau bis hin zu Zitronenzunge und Wolfsbarsch, entweder in Teig oder gegrillt, mit hausgemachten Pommes Frites, p\u00fcrierten Erbsen und Ricks ber\u00fchmter Tartarsauce. Im Restaurant gibt es auch viele weitere Meeresgerichte des ber\u00fchmten Kochs, wie Dorade, Moules Marini\u00e8re, gegrillten Hummer und gesch\u00e4lte Austern, so dass also Vieles Ihnen Appetit machen kann. Machen Sie sich also auf zum Hafen und genie\u00dfen Sie stilvoll Ihre \u201afish and chips\u2019, w\u00e4hrend Sie die Welt an sich vor\u00fcberziehen lassen.<\/p>\n<p><a href=\"https:\/\/www.seasmithsfishandchips.com\/\">Seasmiths<\/a>, Porthtowan<\/p>\n<p>Seasmiths serviert Ihnen die traditionellen Lieblingsvarianten von Schellfisch und Kabeljau in leichtem Teigmantel. Auf der Speisekarte (pr\u00fcfen Sie diese t\u00e4glich, um zu sehen, was vorhanden ist) befinden sich auch Seehecht und Scholle. Seasmiths konzentriert die gesamte Aufmerksamkeit auf \u2018fish and chips\u2019 mit hausgemachten Saucen, was die Mahlzeiten besonders k\u00f6stlich macht. Indem sich Seasmiths an der K\u00fcste befindet, ist es perfekt f\u00fcr eine Mahlzeit nach einem Strandtag, w\u00e4hrend Sie den Sonnenuntergang \u00fcber den D\u00fcnen beobachten k\u00f6nnen.<\/p>\n<h2 id=\"s\u00fcdcornwall\">S\u00fcdcornwall<\/h2>\n<p><a href=\"https:\/\/www.harbourlights.co.uk\/\"><strong>Harbour Lights<\/strong><\/a><strong>, Falmouth<\/strong><\/p>\n<p><img loading=\"lazy\" class=\"aligncenter size-full wp-image-42047\" src=\"https:\/\/www.urlaubcornwall.de\/blog\/wp-content\/uploads\/2021\/08\/falmouth-fish-and-chips.jpg\" alt=\"falmouth fish and chips\" width=\"750\" height=\"501\" srcset=\"https:\/\/www.urlaubcornwall.de\/blog\/wp-content\/uploads\/2021\/08\/falmouth-fish-and-chips.jpg 750w, https:\/\/www.urlaubcornwall.de\/blog\/wp-content\/uploads\/2021\/08\/falmouth-fish-and-chips-300x200.jpg 300w\" sizes=\"(max-width: 750px) 100vw, 750px\" \/><\/p>\n<p>Im Jahre 2019 befand sich Harbour Lights unter den Top 10 Finalisten f\u00fcr die Nationale Fish &amp; Chip Auszeichnung und hat einen beneidenswerten Ruf in Cornwall. Harbour Lights befindet sich in der High Street in <a href=\"https:\/\/www.urlaubcornwall.de\/ferienhaeuser-fewos\/falmouth.html\">Falmouth<\/a>, ist einen Steinwurf entfernt vom Ufer oder einen kurzen Spaziergang zu Falmouths Str\u00e4nden, so dass es zahlreiche malerische Flecken gibt, um Ihre \u201afish and chips\u2018 zu genie\u00dfen. Sie haben die Wahl, dort zu speisen oder die Mahlzeit mitzunehmen. S\u00e4mtlicher Fisch wird vor Ort in Newlyn gefangen und t\u00e4glich an das Restaurant geliefert.<\/p>\n<p><a href=\"https:\/\/www.coddyshack.com\/\"><strong>The Coddy Shack<\/strong><\/a><strong>, Looe<\/strong><\/p>\n<p>Der Coddy Shack ist ein entspanntes und trendiges Restaurant, wo Hunde willkommen sind. Im Angebot befinden sich Kabeljau und Schellfisch, sowie Scholle, Scampi und Burger, die allesamt nach einem Strandtag mitgenommen werden k\u00f6nnen. Alternativ k\u00f6nnen Sie Ihre wunderbar zubereitete Meeresspeise im Restaurantbereich sitzend genie\u00dfen, w\u00e4hrend Sie Livemusik h\u00f6ren, und es auch eine gut best\u00fcckte Bar gibt.<\/p>\n<h2 id=\"westcornwall\">West Cornwall<\/h2>\n<p><a href=\"https:\/\/www.frasersfishandchips.co.uk\/\"><strong>Frasers<\/strong><\/a><strong>, Penzance<\/strong><\/p>\n<p>Im Jahre 2021 von den National Fish &amp; Chips Awards als eines der besten \u2018fish and chip\u2019 Shops des UK gekr\u00f6nt, m\u00fcssen Sie Frasers unbedingt besuchen, w\u00e4hrend Sie in Penzance sind. Sie haben glutenfreie \u2018fish and chips\u2019, sowie Seehecht im Angebot, sowie weitere Produkte wie Burger, W\u00fcrste und eine Reihe alkoholfreier Getr\u00e4nke. Sie k\u00f6nnen online bestellen zur Abholung oder wenn Sie hereinkommen. Weshalb nicht ein Fleckchen entlang der <a href=\"https:\/\/www.urlaubcornwall.de\/ferienhaeuser-fewos\/penzance.html\">Promenade in Penzance<\/a> finden, um ihre \u2018fish and chips\u2019 zu genie\u00dfen.<\/p>\n<p><a href=\"https:\/\/landedporthleven.co.uk\/?menuId=30\"><strong>Landed<\/strong><\/a><strong>, Porthleven&nbsp;<\/strong><\/p>\n<p><img loading=\"lazy\" class=\"aligncenter size-full wp-image-42049\" src=\"https:\/\/www.urlaubcornwall.de\/blog\/wp-content\/uploads\/2021\/08\/fish-an-chips-porthleven.jpg\" alt=\"fish an chips porthleven\" width=\"750\" height=\"501\" srcset=\"https:\/\/www.urlaubcornwall.de\/blog\/wp-content\/uploads\/2021\/08\/fish-an-chips-porthleven.jpg 750w, https:\/\/www.urlaubcornwall.de\/blog\/wp-content\/uploads\/2021\/08\/fish-an-chips-porthleven-300x200.jpg 300w\" sizes=\"(max-width: 750px) 100vw, 750px\" \/><\/p>\n<p>Landed wird beliefert mit herrlich frischen Meeresfr\u00fcchten, die sich t\u00e4glich \u00e4ndern, abh\u00e4ngig davon, was die Fischerboote einholen. Ihre Speisen sind daf\u00fcr bekannt, dass sie von hoher Qualit\u00e4t und erfinderisch sind \u2013 mit Angeboten wie in Buttermilch gebratenem Seeteufel, Meeresfr\u00fcchtesuppe und braune Krabben-Mayo-Pommes Frites, die allesamt auf der Speisekarte vorhanden sind. Machen Sie sich also auf nach <a href=\"https:\/\/www.urlaubcornwall.de\/ferienhaeuser-fewos\/porthleven.html\">Porthleven<\/a>, holen Sie sich Ihre k\u00f6stlichen \u2018fish and chips\u2019 mit einem Twist und sehen Sie den Booten dabei zu, wie sie vom Hafen raus- und reinfahren.&nbsp;&nbsp;<\/p>\n<p><a href=\"https:\/\/www.becksfishandchips.org.uk\/take-away\/4594751804\"><strong>Beck\u2019s fish and chips<\/strong><\/a><strong>, Carbis Bay<\/strong><\/p>\n<p>Richard Beck f\u00fchrt seit 1971 dieses fantastische \u2018fish and chip\u2019 Gesch\u00e4ft und Restaurant, und die lange Schlange zeugt davon, wie frisch der Fisch ist, der hier serviert wird. Sie servieren Schellfisch, Kabeljau, Scholle und Seehecht, so dass Sie bei Becks fish and chips eine Auswahl an frischem Fisch haben. Es gibt die Option, glutenfreie oder regul\u00e4re \u2018fish and chips\u2019 zu bekommen, allesamt vor Ort gefangen, worauf sie sehr stolz sind. Es gibt einige wundervolle Pl\u00e4tzchen, wo Sie sitzen und Ihre Mahlzeit genie\u00dfen k\u00f6nnen, wie der Strand von Carbis Bay mit wundersch\u00f6nem Meeresblick \u2013 ein malerischer Hintergrund f\u00fcr Ihr Festessen.<\/p>\n<p><a href=\"https:\/\/www.facebook.com\/BalancingEel\"><strong>Balancing Eel<\/strong><\/a><strong>, St Ives<\/strong><\/p>\n<p><img loading=\"lazy\" class=\"aligncenter size-full wp-image-42054\" src=\"https:\/\/www.urlaubcornwall.de\/blog\/wp-content\/uploads\/2021\/08\/st-ives-fish-and-chips.jpg\" alt=\"st ives fish and chips\" width=\"750\" height=\"501\" srcset=\"https:\/\/www.urlaubcornwall.de\/blog\/wp-content\/uploads\/2021\/08\/st-ives-fish-and-chips.jpg 750w, https:\/\/www.urlaubcornwall.de\/blog\/wp-content\/uploads\/2021\/08\/st-ives-fish-and-chips-300x200.jpg 300w\" sizes=\"(max-width: 750px) 100vw, 750px\" \/><\/p>\n<p>Direkt im Herzen der Gesch\u00e4ftigkeit und Betriebsamkeit von <a href=\"https:\/\/www.urlaubcornwall.de\/ferienhaeuser-fewos\/st-ives.html\">St Ives<\/a> bietet der Balancing Eel k\u00f6stliche \u201afish and chips\u2018, um entweder dort zu essen oder mitzunehmen. Es ist der perfekte Ort, um am wundersch\u00f6nen Hafen zu sitzen und Ihre cornishe \u2018fish and chips\u2019 zu genie\u00dfen oder an einem der herrlichen Str\u00e4nde, die St Ives umgeben.<\/p>\n<p><a href=\"http:\/\/www.mackerelskycafe.co.uk\/mackerel-sky-seafood-bar-newlyn.html\"><strong>Mackerel Sky Seafood<\/strong><\/a><strong>, Newlyn<\/strong><\/p>\n<p><img loading=\"lazy\" class=\"aligncenter size-full wp-image-42050\" src=\"https:\/\/www.urlaubcornwall.de\/blog\/wp-content\/uploads\/2021\/08\/fish-and-chips-newlyn.jpg\" alt=\"fish and chips newlyn\" width=\"750\" height=\"501\" srcset=\"https:\/\/www.urlaubcornwall.de\/blog\/wp-content\/uploads\/2021\/08\/fish-and-chips-newlyn.jpg 750w, https:\/\/www.urlaubcornwall.de\/blog\/wp-content\/uploads\/2021\/08\/fish-and-chips-newlyn-300x200.jpg 300w\" sizes=\"(max-width: 750px) 100vw, 750px\" \/><\/p>\n<p>Im Herzen der Fischereigemeinde von <a href=\"https:\/\/www.urlaubcornwall.de\/ferienhaeuser-fewos\/newlyn.html\">Newlyn<\/a> gelegen, k\u00f6nnten Sie keinen frischeren Fisch bekommen, es sei denn, Sie angeln ihn selbst. Wie der Name besagt, bietet Mackerel Sky Seafood Bar eine Reihe an Fischgerichten, so dass Sie w\u00e4hlen k\u00f6nnen zwischen \u2018fish and chips\u2018, Jokobsmuscheln oder einem Krabbensandwich, um nur ein paar Optionen zu nennen. Sie k\u00f6nnen dort speisen oder die Mahlzeit mitnehmen zu einem Fleckchen am Hafen, so dass Sie den Fischerbooten dabei zusehen k\u00f6nnen, wie sie kommen und gehen, w\u00e4hrend Sie Ihre Mahlzeit genie\u00dfen \u2013 achten Sie dabei jedoch auf die M\u00f6wen!<\/p>\n<p>Wenn Sie eine Unterkunft suchen in diesen herrlichen Orten, damit Sie eines der oder alle Lokale ausprobieren k\u00f6nnen, schauen Sie folgende Seite an: <a href=\"https:\/\/www.urlaubcornwall.de\/ferienhaeuser-fewos\/cornwall.html\">Ferienh\u00e4user in Cornwall<\/a>.<\/p>\n<div class=\"snippet\"> <a class=\"featured-item\" href=\"https:\/\/www.urlaubcornwall.de\/ferienhaeuser\/cornwall.php\"> <span class=\"image-holder\" style=\"background-image: url('https:\/\/www.urlaubcornwall.de\/blog\/wp-content\/uploads\/2018\/12\/ferienhaus-cornwall-mit-hund.jpg');\"><\/span> <span class=\"featured-content\"> \n<h2 class=\"featured-title\">Ferienh\u00e4user in Cornwall zum Verlieben!<\/h2>\n<p class=\"featured-body\">Cornwall besitzt mehr K\u00fcstenlinien als jede andere Grafschaft und bietet einige der besten Str\u00e4nde, K\u00fcstenwanderwege und Klippenlandschaften, die man \u00fcberhaupt finden kann&#8230;.<\/p><\/span> <span class=\"featured-link-holder\"> <span class=\"featured-extra-info\"> \n<p>F\u00fcr Paare, Familien &#038; Gruppen<\/p>\n<\/span> \n<p class=\"featured-link\">DETAILS<\/p>\n<\/span> <\/a><\/div>\n","protected":false},"excerpt":{"rendered":"<p>Unsere Top 10 Nordcornwall | S\u00fcdcornwall | West Cornwall | Vor Ort gefangener frischer Fisch in knusprigem Teigmantel mit einer gro\u00dfz\u00fcgigen Portion leichten, flockigen Pommes Frites. Geben Sie dem p\u00fcrierte Erbsen und Tartarsauce hinzu, und Sie haben eines der beliebtesten Gerichte Cornwalls. Doch wo finden Sie die besten \u2018fish und chips\u2019 in Cornwall? Hier sind [&hellip;]<\/p>\n","protected":false},"author":1,"featured_media":0,"parent":0,"menu_order":0,"comment_status":"closed","ping_status":"closed","template":"single-four.php","meta":[],"acf":[],"yoast_head":"<!-- This site is optimized with the Yoast SEO plugin v19.4 - https:\/\/yoast.com\/wordpress\/plugins\/seo\/ -->\n<title>Cornwalls beste \u2018fish und chip\u2019 Restaurants - Urlaub &amp; Reisen<\/title>\n<meta name=\"robots\" content=\"index, follow, max-snippet:-1, max-image-preview:large, max-video-preview:-1\" \/>\n<link rel=\"canonical\" href=\"https:\/\/www.urlaubcornwall.de\/blog\/cornwalls-beste-fish-and-chip-restaurants\/\" \/>\n<meta property=\"og:locale\" content=\"en_US\" \/>\n<meta property=\"og:type\" content=\"article\" \/>\n<meta property=\"og:title\" content=\"Cornwalls beste \u2018fish und chip\u2019 Restaurants - Urlaub &amp; Reisen\" \/>\n<meta property=\"og:description\" content=\"Unsere Top 10 Nordcornwall | S\u00fcdcornwall | West Cornwall | Vor Ort gefangener frischer Fisch in knusprigem Teigmantel mit einer gro\u00dfz\u00fcgigen Portion leichten, flockigen Pommes Frites. Geben Sie dem p\u00fcrierte Erbsen und Tartarsauce hinzu, und Sie haben eines der beliebtesten Gerichte Cornwalls. Doch wo finden Sie die besten \u2018fish und chips\u2019 in Cornwall? Hier sind [&hellip;]\" \/>\n<meta property=\"og:url\" content=\"https:\/\/www.urlaubcornwall.de\/blog\/cornwalls-beste-fish-and-chip-restaurants\/\" \/>\n<meta property=\"og:site_name\" content=\"Urlaub &amp; Reisen\" \/>\n<meta property=\"article:modified_time\" content=\"2024-05-31T08:13:52+00:00\" \/>\n<meta property=\"og:image\" content=\"https:\/\/www.urlaubcornwall.de\/blog\/wp-content\/uploads\/2020\/07\/St-Ives_portminster.jpg\" \/>\n<meta name=\"twitter:card\" content=\"summary\" \/>\n<meta name=\"twitter:label1\" content=\"Est. reading time\" \/>\n\t<meta name=\"twitter:data1\" content=\"6 minutes\" \/>\n<script type=\"application\/ld+json\" class=\"yoast-schema-graph\">{\"@context\":\"https:\/\/schema.org\",\"@graph\":[{\"@type\":\"WebSite\",\"@id\":\"https:\/\/www.urlaubcornwall.de\/blog\/#website\",\"url\":\"https:\/\/www.urlaubcornwall.de\/blog\/\",\"name\":\"Urlaub &amp; Reisen\",\"description\":\"Urlaub, Reisen, Cornwall und S\u00fcdengland: eine perfekte Kombination\",\"potentialAction\":[{\"@type\":\"SearchAction\",\"target\":{\"@type\":\"EntryPoint\",\"urlTemplate\":\"https:\/\/www.urlaubcornwall.de\/blog\/?s={search_term_string}\"},\"query-input\":\"required name=search_term_string\"}],\"inLanguage\":\"en-US\"},{\"@type\":\"WebPage\",\"@id\":\"https:\/\/www.urlaubcornwall.de\/blog\/cornwalls-beste-fish-and-chip-restaurants\/\",\"url\":\"https:\/\/www.urlaubcornwall.de\/blog\/cornwalls-beste-fish-and-chip-restaurants\/\",\"name\":\"Cornwalls beste \u2018fish und chip\u2019 Restaurants - Urlaub &amp; Reisen\",\"isPartOf\":{\"@id\":\"https:\/\/www.urlaubcornwall.de\/blog\/#website\"},\"datePublished\":\"2021-08-04T14:14:09+00:00\",\"dateModified\":\"2024-05-31T08:13:52+00:00\",\"breadcrumb\":{\"@id\":\"https:\/\/www.urlaubcornwall.de\/blog\/cornwalls-beste-fish-and-chip-restaurants\/#breadcrumb\"},\"inLanguage\":\"en-US\",\"potentialAction\":[{\"@type\":\"ReadAction\",\"target\":[\"https:\/\/www.urlaubcornwall.de\/blog\/cornwalls-beste-fish-and-chip-restaurants\/\"]}]},{\"@type\":\"BreadcrumbList\",\"@id\":\"https:\/\/www.urlaubcornwall.de\/blog\/cornwalls-beste-fish-and-chip-restaurants\/#breadcrumb\",\"itemListElement\":[{\"@type\":\"ListItem\",\"position\":1,\"name\":\"Home\",\"item\":\"https:\/\/www.urlaubcornwall.de\/blog\/\"},{\"@type\":\"ListItem\",\"position\":2,\"name\":\"Cornwalls beste \u2018fish und chip\u2019 Restaurants\"}]}]}<\/script>\n<!-- \/ Yoast SEO plugin. -->","yoast_head_json":{"title":"Cornwalls beste \u2018fish und chip\u2019 Restaurants - Urlaub &amp; Reisen","robots":{"index":"index","follow":"follow","max-snippet":"max-snippet:-1","max-image-preview":"max-image-preview:large","max-video-preview":"max-video-preview:-1"},"canonical":"https:\/\/www.urlaubcornwall.de\/blog\/cornwalls-beste-fish-and-chip-restaurants\/","og_locale":"en_US","og_type":"article","og_title":"Cornwalls beste \u2018fish und chip\u2019 Restaurants - Urlaub &amp; Reisen","og_description":"Unsere Top 10 Nordcornwall | S\u00fcdcornwall | West Cornwall | Vor Ort gefangener frischer Fisch in knusprigem Teigmantel mit einer gro\u00dfz\u00fcgigen Portion leichten, flockigen Pommes Frites. Geben Sie dem p\u00fcrierte Erbsen und Tartarsauce hinzu, und Sie haben eines der beliebtesten Gerichte Cornwalls. Doch wo finden Sie die besten \u2018fish und chips\u2019 in Cornwall? Hier sind [&hellip;]","og_url":"https:\/\/www.urlaubcornwall.de\/blog\/cornwalls-beste-fish-and-chip-restaurants\/","og_site_name":"Urlaub &amp; Reisen","article_modified_time":"2024-05-31T08:13:52+00:00","og_image":[{"url":"https:\/\/www.urlaubcornwall.de\/blog\/wp-content\/uploads\/2020\/07\/St-Ives_portminster.jpg"}],"twitter_card":"summary","twitter_misc":{"Est. reading time":"6 minutes"},"schema":{"@context":"https:\/\/schema.org","@graph":[{"@type":"WebSite","@id":"https:\/\/www.urlaubcornwall.de\/blog\/#website","url":"https:\/\/www.urlaubcornwall.de\/blog\/","name":"Urlaub &amp; Reisen","description":"Urlaub, Reisen, Cornwall und S\u00fcdengland: eine perfekte Kombination","potentialAction":[{"@type":"SearchAction","target":{"@type":"EntryPoint","urlTemplate":"https:\/\/www.urlaubcornwall.de\/blog\/?s={search_term_string}"},"query-input":"required name=search_term_string"}],"inLanguage":"en-US"},{"@type":"WebPage","@id":"https:\/\/www.urlaubcornwall.de\/blog\/cornwalls-beste-fish-and-chip-restaurants\/","url":"https:\/\/www.urlaubcornwall.de\/blog\/cornwalls-beste-fish-and-chip-restaurants\/","name":"Cornwalls beste \u2018fish und chip\u2019 Restaurants - Urlaub &amp; Reisen","isPartOf":{"@id":"https:\/\/www.urlaubcornwall.de\/blog\/#website"},"datePublished":"2021-08-04T14:14:09+00:00","dateModified":"2024-05-31T08:13:52+00:00","breadcrumb":{"@id":"https:\/\/www.urlaubcornwall.de\/blog\/cornwalls-beste-fish-and-chip-restaurants\/#breadcrumb"},"inLanguage":"en-US","potentialAction":[{"@type":"ReadAction","target":["https:\/\/www.urlaubcornwall.de\/blog\/cornwalls-beste-fish-and-chip-restaurants\/"]}]},{"@type":"BreadcrumbList","@id":"https:\/\/www.urlaubcornwall.de\/blog\/cornwalls-beste-fish-and-chip-restaurants\/#breadcrumb","itemListElement":[{"@type":"ListItem","position":1,"name":"Home","item":"https:\/\/www.urlaubcornwall.de\/blog\/"},{"@type":"ListItem","position":2,"name":"Cornwalls beste \u2018fish und chip\u2019 Restaurants"}]}]}},"_links":{"self":[{"href":"https:\/\/www.urlaubcornwall.de\/blog\/wp-json\/wp\/v2\/pages\/42046"}],"collection":[{"href":"https:\/\/www.urlaubcornwall.de\/blog\/wp-json\/wp\/v2\/pages"}],"about":[{"href":"https:\/\/www.urlaubcornwall.de\/blog\/wp-json\/wp\/v2\/types\/page"}],"author":[{"embeddable":true,"href":"https:\/\/www.urlaubcornwall.de\/blog\/wp-json\/wp\/v2\/users\/1"}],"replies":[{"embeddable":true,"href":"https:\/\/www.urlaubcornwall.de\/blog\/wp-json\/wp\/v2\/comments?post=42046"}],"version-history":[{"count":13,"href":"https:\/\/www.urlaubcornwall.de\/blog\/wp-json\/wp\/v2\/pages\/42046\/revisions"}],"predecessor-version":[{"id":51224,"href":"https:\/\/www.urlaubcornwall.de\/blog\/wp-json\/wp\/v2\/pages\/42046\/revisions\/51224"}],"wp:attachment":[{"href":"https:\/\/www.urlaubcornwall.de\/blog\/wp-json\/wp\/v2\/media?parent=42046"}],"curies":[{"name":"wp","href":"https:\/\/api.w.org\/{rel}","templated":true}]}}