{"id":42039,"date":"2021-08-02T15:55:59","date_gmt":"2021-08-02T15:55:59","guid":{"rendered":"https:\/\/www.urlaubcornwall.de\/blog\/?page_id=42039"},"modified":"2024-05-31T08:14:35","modified_gmt":"2024-05-31T08:14:35","slug":"sehenswuerdigkeiten-loch-fyne","status":"publish","type":"page","link":"https:\/\/www.urlaubcornwall.de\/blog\/sehenswuerdigkeiten-loch-fyne\/","title":{"rendered":"Sehensw\u00fcrdigkeiten  in Loch Fyne"},"content":{"rendered":"<p><a href=\"https:\/\/www.urlaubcornwall.de\/blog\/wp-content\/uploads\/2017\/09\/loch-fyne_schlosshotel_schottland.jpg\"><img loading=\"lazy\" src=\"https:\/\/www.urlaubcornwall.de\/blog\/wp-content\/uploads\/2017\/09\/loch-fyne_schlosshotel_schottland.jpg\" alt=\" Loch Fyne Schottland\" width=\"747\" height=\"430\" class=\"alignnone size-full wp-image-29365\" srcset=\"https:\/\/www.urlaubcornwall.de\/blog\/wp-content\/uploads\/2017\/09\/loch-fyne_schlosshotel_schottland.jpg 747w, https:\/\/www.urlaubcornwall.de\/blog\/wp-content\/uploads\/2017\/09\/loch-fyne_schlosshotel_schottland-300x173.jpg 300w\" sizes=\"(max-width: 747px) 100vw, 747px\" \/><\/a><\/p>\n<p>Inveraray Castle ist eines von Schottlands feinsten Schl\u00f6ssern. Dieses romantische Schloss befindet sich an den Ufern von Loch Fyne, 96km nordwestlich von Glasgow. Das ikonische Schloss mit seinen konischen T\u00fcrmchen ist das angestammte Zuhause des Duke of Argyll, Chief des Clans Campbell, und dies schon seit dem 15. Jahrhundert. Die Innenausstattung des M\u00e4rchenschlosses Inveraray ist ebenso entz\u00fcckend mit der ber\u00fchmten Waffenkammer, fabelhaften M\u00f6beln, herrlichen Wandbeh\u00e4ngen und einer unbezahlbaren Sammlung an Kunstwerken. <\/p>\n<p>Die wundersch\u00f6nen G\u00e4rten sind zu jeder Jahreszeit einen Besuch wert, von den ausgedehnten Narzissenvorkommen im Vorfr\u00fchling, den lebendigen Farben der Rhododendren und Azaleen, bis hin zu den wundervollen Rosen und Heiden sp\u00e4ter im Jahr. Garten und Grundst\u00fcck dehnen sich bis zu 180 Hektar aus, und es ist eines der wichtigsten designten Landschaften Schottlands. Inveraray Castle und G\u00e4rten sind vom 1. April \u2013 31. Oktober ge\u00f6ffnet, und ein Besuch hier sollte Teil jeder <a href=\"https:\/\/www.urlaubcornwall.de\/reiseziel\/schottland.php\">Urlaubsreise nach Schottland<\/a> darstellen. Hunde sind nicht gestattet.<\/p>\n<h2 style=\"text-align: center;\"><a href=\"https:\/\/www.urlaubcornwall.de\/ferienhaeuser\/schottland.php\"><strong>Pers\u00f6nlich inspizierte Ferienh\u00e4user, Ferienwohnungen &amp; Cottages in Schottland f\u00fcr Ihren Urlaub<\/strong><\/a><\/h2>\n<p style=\"text-align: center;\">Bei uns finden Sie Ferienh\u00e4user zum Verlieben; so einfach ist das!<\/p>\n<p style=\"text-align: center;\"><a class=\"tidycta\" href=\"https:\/\/www.urlaubcornwall.de\/ferienhaeuser\/schottland.php\">Suche Ferienh\u00e4user<\/a><\/p>\n","protected":false},"excerpt":{"rendered":"<p>Inveraray Castle ist eines von Schottlands feinsten Schl\u00f6ssern. Dieses romantische Schloss befindet sich an den Ufern von Loch Fyne, 96km nordwestlich von Glasgow. Das ikonische Schloss mit seinen konischen T\u00fcrmchen ist das angestammte Zuhause des Duke of Argyll, Chief des Clans Campbell, und dies schon seit dem 15. Jahrhundert. Die Innenausstattung des M\u00e4rchenschlosses Inveraray ist [&hellip;]<\/p>\n","protected":false},"author":1,"featured_media":0,"parent":0,"menu_order":0,"comment_status":"closed","ping_status":"closed","template":"single-four.php","meta":[],"acf":[],"yoast_head":"<!-- This site is optimized with the Yoast SEO plugin v19.4 - https:\/\/yoast.com\/wordpress\/plugins\/seo\/ -->\n<title>Sehensw\u00fcrdigkeiten in Loch Fyne - Urlaub &amp; Reisen<\/title>\n<meta name=\"robots\" content=\"index, follow, max-snippet:-1, max-image-preview:large, max-video-preview:-1\" \/>\n<link rel=\"canonical\" href=\"https:\/\/www.urlaubcornwall.de\/blog\/sehenswuerdigkeiten-loch-fyne\/\" \/>\n<meta property=\"og:locale\" content=\"en_US\" \/>\n<meta property=\"og:type\" content=\"article\" \/>\n<meta property=\"og:title\" content=\"Sehensw\u00fcrdigkeiten in Loch Fyne - Urlaub &amp; Reisen\" \/>\n<meta property=\"og:description\" content=\"Inveraray Castle ist eines von Schottlands feinsten Schl\u00f6ssern. Dieses romantische Schloss befindet sich an den Ufern von Loch Fyne, 96km nordwestlich von Glasgow. Das ikonische Schloss mit seinen konischen T\u00fcrmchen ist das angestammte Zuhause des Duke of Argyll, Chief des Clans Campbell, und dies schon seit dem 15. Jahrhundert. Die Innenausstattung des M\u00e4rchenschlosses Inveraray ist [&hellip;]\" \/>\n<meta property=\"og:url\" content=\"https:\/\/www.urlaubcornwall.de\/blog\/sehenswuerdigkeiten-loch-fyne\/\" \/>\n<meta property=\"og:site_name\" content=\"Urlaub &amp; Reisen\" \/>\n<meta property=\"article:modified_time\" content=\"2024-05-31T08:14:35+00:00\" \/>\n<meta property=\"og:image\" content=\"https:\/\/www.urlaubcornwall.de\/blog\/wp-content\/uploads\/2017\/09\/loch-fyne_schlosshotel_schottland.jpg\" \/>\n<meta name=\"twitter:card\" content=\"summary\" \/>\n<meta name=\"twitter:label1\" content=\"Est. reading time\" \/>\n\t<meta name=\"twitter:data1\" content=\"1 minute\" \/>\n<script type=\"application\/ld+json\" class=\"yoast-schema-graph\">{\"@context\":\"https:\/\/schema.org\",\"@graph\":[{\"@type\":\"WebSite\",\"@id\":\"https:\/\/www.urlaubcornwall.de\/blog\/#website\",\"url\":\"https:\/\/www.urlaubcornwall.de\/blog\/\",\"name\":\"Urlaub &amp; Reisen\",\"description\":\"Urlaub, Reisen, Cornwall und S\u00fcdengland: eine perfekte Kombination\",\"potentialAction\":[{\"@type\":\"SearchAction\",\"target\":{\"@type\":\"EntryPoint\",\"urlTemplate\":\"https:\/\/www.urlaubcornwall.de\/blog\/?s={search_term_string}\"},\"query-input\":\"required name=search_term_string\"}],\"inLanguage\":\"en-US\"},{\"@type\":\"WebPage\",\"@id\":\"https:\/\/www.urlaubcornwall.de\/blog\/sehenswuerdigkeiten-loch-fyne\/\",\"url\":\"https:\/\/www.urlaubcornwall.de\/blog\/sehenswuerdigkeiten-loch-fyne\/\",\"name\":\"Sehensw\u00fcrdigkeiten in Loch Fyne - Urlaub &amp; Reisen\",\"isPartOf\":{\"@id\":\"https:\/\/www.urlaubcornwall.de\/blog\/#website\"},\"datePublished\":\"2021-08-02T15:55:59+00:00\",\"dateModified\":\"2024-05-31T08:14:35+00:00\",\"breadcrumb\":{\"@id\":\"https:\/\/www.urlaubcornwall.de\/blog\/sehenswuerdigkeiten-loch-fyne\/#breadcrumb\"},\"inLanguage\":\"en-US\",\"potentialAction\":[{\"@type\":\"ReadAction\",\"target\":[\"https:\/\/www.urlaubcornwall.de\/blog\/sehenswuerdigkeiten-loch-fyne\/\"]}]},{\"@type\":\"BreadcrumbList\",\"@id\":\"https:\/\/www.urlaubcornwall.de\/blog\/sehenswuerdigkeiten-loch-fyne\/#breadcrumb\",\"itemListElement\":[{\"@type\":\"ListItem\",\"position\":1,\"name\":\"Home\",\"item\":\"https:\/\/www.urlaubcornwall.de\/blog\/\"},{\"@type\":\"ListItem\",\"position\":2,\"name\":\"Sehensw\u00fcrdigkeiten in Loch Fyne\"}]}]}<\/script>\n<!-- \/ Yoast SEO plugin. -->","yoast_head_json":{"title":"Sehensw\u00fcrdigkeiten in Loch Fyne - Urlaub &amp; Reisen","robots":{"index":"index","follow":"follow","max-snippet":"max-snippet:-1","max-image-preview":"max-image-preview:large","max-video-preview":"max-video-preview:-1"},"canonical":"https:\/\/www.urlaubcornwall.de\/blog\/sehenswuerdigkeiten-loch-fyne\/","og_locale":"en_US","og_type":"article","og_title":"Sehensw\u00fcrdigkeiten in Loch Fyne - Urlaub &amp; Reisen","og_description":"Inveraray Castle ist eines von Schottlands feinsten Schl\u00f6ssern. Dieses romantische Schloss befindet sich an den Ufern von Loch Fyne, 96km nordwestlich von Glasgow. Das ikonische Schloss mit seinen konischen T\u00fcrmchen ist das angestammte Zuhause des Duke of Argyll, Chief des Clans Campbell, und dies schon seit dem 15. Jahrhundert. Die Innenausstattung des M\u00e4rchenschlosses Inveraray ist [&hellip;]","og_url":"https:\/\/www.urlaubcornwall.de\/blog\/sehenswuerdigkeiten-loch-fyne\/","og_site_name":"Urlaub &amp; Reisen","article_modified_time":"2024-05-31T08:14:35+00:00","og_image":[{"url":"https:\/\/www.urlaubcornwall.de\/blog\/wp-content\/uploads\/2017\/09\/loch-fyne_schlosshotel_schottland.jpg"}],"twitter_card":"summary","twitter_misc":{"Est. reading time":"1 minute"},"schema":{"@context":"https:\/\/schema.org","@graph":[{"@type":"WebSite","@id":"https:\/\/www.urlaubcornwall.de\/blog\/#website","url":"https:\/\/www.urlaubcornwall.de\/blog\/","name":"Urlaub &amp; Reisen","description":"Urlaub, Reisen, Cornwall und S\u00fcdengland: eine perfekte Kombination","potentialAction":[{"@type":"SearchAction","target":{"@type":"EntryPoint","urlTemplate":"https:\/\/www.urlaubcornwall.de\/blog\/?s={search_term_string}"},"query-input":"required name=search_term_string"}],"inLanguage":"en-US"},{"@type":"WebPage","@id":"https:\/\/www.urlaubcornwall.de\/blog\/sehenswuerdigkeiten-loch-fyne\/","url":"https:\/\/www.urlaubcornwall.de\/blog\/sehenswuerdigkeiten-loch-fyne\/","name":"Sehensw\u00fcrdigkeiten in Loch Fyne - Urlaub &amp; Reisen","isPartOf":{"@id":"https:\/\/www.urlaubcornwall.de\/blog\/#website"},"datePublished":"2021-08-02T15:55:59+00:00","dateModified":"2024-05-31T08:14:35+00:00","breadcrumb":{"@id":"https:\/\/www.urlaubcornwall.de\/blog\/sehenswuerdigkeiten-loch-fyne\/#breadcrumb"},"inLanguage":"en-US","potentialAction":[{"@type":"ReadAction","target":["https:\/\/www.urlaubcornwall.de\/blog\/sehenswuerdigkeiten-loch-fyne\/"]}]},{"@type":"BreadcrumbList","@id":"https:\/\/www.urlaubcornwall.de\/blog\/sehenswuerdigkeiten-loch-fyne\/#breadcrumb","itemListElement":[{"@type":"ListItem","position":1,"name":"Home","item":"https:\/\/www.urlaubcornwall.de\/blog\/"},{"@type":"ListItem","position":2,"name":"Sehensw\u00fcrdigkeiten in Loch Fyne"}]}]}},"_links":{"self":[{"href":"https:\/\/www.urlaubcornwall.de\/blog\/wp-json\/wp\/v2\/pages\/42039"}],"collection":[{"href":"https:\/\/www.urlaubcornwall.de\/blog\/wp-json\/wp\/v2\/pages"}],"about":[{"href":"https:\/\/www.urlaubcornwall.de\/blog\/wp-json\/wp\/v2\/types\/page"}],"author":[{"embeddable":true,"href":"https:\/\/www.urlaubcornwall.de\/blog\/wp-json\/wp\/v2\/users\/1"}],"replies":[{"embeddable":true,"href":"https:\/\/www.urlaubcornwall.de\/blog\/wp-json\/wp\/v2\/comments?post=42039"}],"version-history":[{"count":3,"href":"https:\/\/www.urlaubcornwall.de\/blog\/wp-json\/wp\/v2\/pages\/42039\/revisions"}],"predecessor-version":[{"id":51225,"href":"https:\/\/www.urlaubcornwall.de\/blog\/wp-json\/wp\/v2\/pages\/42039\/revisions\/51225"}],"wp:attachment":[{"href":"https:\/\/www.urlaubcornwall.de\/blog\/wp-json\/wp\/v2\/media?parent=42039"}],"curies":[{"name":"wp","href":"https:\/\/api.w.org\/{rel}","templated":true}]}}