{"id":42005,"date":"2021-07-31T09:18:15","date_gmt":"2021-07-31T09:18:15","guid":{"rendered":"https:\/\/www.urlaubcornwall.de\/blog\/?page_id=42005"},"modified":"2024-03-20T14:34:40","modified_gmt":"2024-03-20T14:34:40","slug":"ferienhaus-in-lamlash-insel-aran","status":"publish","type":"page","link":"https:\/\/www.urlaubcornwall.de\/blog\/ferienhaus-in-lamlash-insel-aran\/","title":{"rendered":"Ferienhaus in Lamlash mieten &#8211; Insel Arran"},"content":{"rendered":"<p><img loading=\"lazy\" class=\"aligncenter size-full wp-image-42006\" src=\"https:\/\/www.urlaubcornwall.de\/blog\/wp-content\/uploads\/2021\/07\/ferienhaus-lamlash-insel-arran.jpg\" alt=\"ferienhaus-lamlash-insel-arran\" width=\"750\" height=\"562\" srcset=\"https:\/\/www.urlaubcornwall.de\/blog\/wp-content\/uploads\/2021\/07\/ferienhaus-lamlash-insel-arran.jpg 750w, https:\/\/www.urlaubcornwall.de\/blog\/wp-content\/uploads\/2021\/07\/ferienhaus-lamlash-insel-arran-300x225.jpg 300w\" sizes=\"(max-width: 750px) 100vw, 750px\" \/><\/p>\n<p><strong>3 Schlafzimmer 1 Badezimmer Feriencottage, Hundefreundlich &#8211; Lamlash, Inseln Arran<\/strong><\/p>\n<p>Die Beschreibung des Geb\u00e4udes wird vom Besitzer auf Englisch zur Verf\u00fcgung gestellt.<\/p>\n<p>With a lovely beach on your doorstep you may not wish to go far during your stay but for those that do the Isle of Arran offers a wealth of activities and attractions. If you are seeking outdoor activities just south of Lamlash is Arran Outdoor where you can try various activities from sailing to gorge walking although it is advisable to call ahead for availability&#8230;<\/p>\n<p><strong>Verf\u00fcgbarkeit und Preisgestaltung<\/strong><\/p>\n<p>An-\/Abreisetag am: Samstag &#8211; Mieten: Von \u00a3610 bis \u00a3610 <\/p>\n<p>Bei uns finden Sie Ferienh\u00e4user zum Verlieben &#8211; so einfach ist das! 50 Pers\u00f6nlich inspizierte Ferienh\u00e4user und Ferienwohnungen auf die Inseln Arran f\u00fcr Ihren Urlaub.<\/p>\n<p style=\"text-align: center;\"><a class=\"tidycta\" href=\"https:\/\/www.urlaubcornwall.de\/blog\/ferienhaeuser-ferienwohnungen-cottages-isle-of-arran\/\">Anfrage \/ Buchung<\/a><\/p>\n<h2>Eigenschaften<\/h2>\n<p>in der N\u00e4he einkaufen, Strand in der N\u00e4he, Auto empfohlen, Pub in der N\u00e4he, Internet Zugang, Hunde elaubt: 1, Handt\u00fccher inklusive, Kinderhochstuhl vorhanden<\/p>\n","protected":false},"excerpt":{"rendered":"<p>3 Schlafzimmer 1 Badezimmer Feriencottage, Hundefreundlich &#8211; Lamlash, Inseln Arran Die Beschreibung des Geb\u00e4udes wird vom Besitzer auf Englisch zur Verf\u00fcgung gestellt. With a lovely beach on your doorstep you may not wish to go far during your stay but for those that do the Isle of Arran offers a wealth of activities and attractions. [&hellip;]<\/p>\n","protected":false},"author":1,"featured_media":0,"parent":0,"menu_order":0,"comment_status":"closed","ping_status":"closed","template":"single-four.php","meta":[],"acf":[],"yoast_head":"<!-- This site is optimized with the Yoast SEO plugin v19.4 - https:\/\/yoast.com\/wordpress\/plugins\/seo\/ -->\n<title>Ferienhaus in Lamlash mieten - Insel Arran - Urlaub &amp; Reisen<\/title>\n<meta name=\"robots\" content=\"index, follow, max-snippet:-1, max-image-preview:large, max-video-preview:-1\" \/>\n<link rel=\"canonical\" href=\"https:\/\/www.urlaubcornwall.de\/blog\/ferienhaus-in-lamlash-insel-aran\/\" \/>\n<meta property=\"og:locale\" content=\"en_US\" \/>\n<meta property=\"og:type\" content=\"article\" \/>\n<meta property=\"og:title\" content=\"Ferienhaus in Lamlash mieten - Insel Arran - Urlaub &amp; Reisen\" \/>\n<meta property=\"og:description\" content=\"3 Schlafzimmer 1 Badezimmer Feriencottage, Hundefreundlich &#8211; Lamlash, Inseln Arran Die Beschreibung des Geb\u00e4udes wird vom Besitzer auf Englisch zur Verf\u00fcgung gestellt. With a lovely beach on your doorstep you may not wish to go far during your stay but for those that do the Isle of Arran offers a wealth of activities and attractions. [&hellip;]\" \/>\n<meta property=\"og:url\" content=\"https:\/\/www.urlaubcornwall.de\/blog\/ferienhaus-in-lamlash-insel-aran\/\" \/>\n<meta property=\"og:site_name\" content=\"Urlaub &amp; Reisen\" \/>\n<meta property=\"article:modified_time\" content=\"2024-03-20T14:34:40+00:00\" \/>\n<meta property=\"og:image\" content=\"https:\/\/www.urlaubcornwall.de\/blog\/wp-content\/uploads\/2021\/07\/ferienhaus-lamlash-insel-arran.jpg\" \/>\n<meta name=\"twitter:card\" content=\"summary\" \/>\n<meta name=\"twitter:label1\" content=\"Est. reading time\" \/>\n\t<meta name=\"twitter:data1\" content=\"1 minute\" \/>\n<script type=\"application\/ld+json\" class=\"yoast-schema-graph\">{\"@context\":\"https:\/\/schema.org\",\"@graph\":[{\"@type\":\"WebSite\",\"@id\":\"https:\/\/www.urlaubcornwall.de\/blog\/#website\",\"url\":\"https:\/\/www.urlaubcornwall.de\/blog\/\",\"name\":\"Urlaub &amp; Reisen\",\"description\":\"Urlaub, Reisen, Cornwall und S\u00fcdengland: eine perfekte Kombination\",\"potentialAction\":[{\"@type\":\"SearchAction\",\"target\":{\"@type\":\"EntryPoint\",\"urlTemplate\":\"https:\/\/www.urlaubcornwall.de\/blog\/?s={search_term_string}\"},\"query-input\":\"required name=search_term_string\"}],\"inLanguage\":\"en-US\"},{\"@type\":\"WebPage\",\"@id\":\"https:\/\/www.urlaubcornwall.de\/blog\/ferienhaus-in-lamlash-insel-aran\/\",\"url\":\"https:\/\/www.urlaubcornwall.de\/blog\/ferienhaus-in-lamlash-insel-aran\/\",\"name\":\"Ferienhaus in Lamlash mieten - Insel Arran - Urlaub &amp; Reisen\",\"isPartOf\":{\"@id\":\"https:\/\/www.urlaubcornwall.de\/blog\/#website\"},\"datePublished\":\"2021-07-31T09:18:15+00:00\",\"dateModified\":\"2024-03-20T14:34:40+00:00\",\"breadcrumb\":{\"@id\":\"https:\/\/www.urlaubcornwall.de\/blog\/ferienhaus-in-lamlash-insel-aran\/#breadcrumb\"},\"inLanguage\":\"en-US\",\"potentialAction\":[{\"@type\":\"ReadAction\",\"target\":[\"https:\/\/www.urlaubcornwall.de\/blog\/ferienhaus-in-lamlash-insel-aran\/\"]}]},{\"@type\":\"BreadcrumbList\",\"@id\":\"https:\/\/www.urlaubcornwall.de\/blog\/ferienhaus-in-lamlash-insel-aran\/#breadcrumb\",\"itemListElement\":[{\"@type\":\"ListItem\",\"position\":1,\"name\":\"Home\",\"item\":\"https:\/\/www.urlaubcornwall.de\/blog\/\"},{\"@type\":\"ListItem\",\"position\":2,\"name\":\"Ferienhaus in Lamlash mieten &#8211; Insel Arran\"}]}]}<\/script>\n<!-- \/ Yoast SEO plugin. -->","yoast_head_json":{"title":"Ferienhaus in Lamlash mieten - Insel Arran - Urlaub &amp; Reisen","robots":{"index":"index","follow":"follow","max-snippet":"max-snippet:-1","max-image-preview":"max-image-preview:large","max-video-preview":"max-video-preview:-1"},"canonical":"https:\/\/www.urlaubcornwall.de\/blog\/ferienhaus-in-lamlash-insel-aran\/","og_locale":"en_US","og_type":"article","og_title":"Ferienhaus in Lamlash mieten - Insel Arran - Urlaub &amp; Reisen","og_description":"3 Schlafzimmer 1 Badezimmer Feriencottage, Hundefreundlich &#8211; Lamlash, Inseln Arran Die Beschreibung des Geb\u00e4udes wird vom Besitzer auf Englisch zur Verf\u00fcgung gestellt. With a lovely beach on your doorstep you may not wish to go far during your stay but for those that do the Isle of Arran offers a wealth of activities and attractions. [&hellip;]","og_url":"https:\/\/www.urlaubcornwall.de\/blog\/ferienhaus-in-lamlash-insel-aran\/","og_site_name":"Urlaub &amp; Reisen","article_modified_time":"2024-03-20T14:34:40+00:00","og_image":[{"url":"https:\/\/www.urlaubcornwall.de\/blog\/wp-content\/uploads\/2021\/07\/ferienhaus-lamlash-insel-arran.jpg"}],"twitter_card":"summary","twitter_misc":{"Est. reading time":"1 minute"},"schema":{"@context":"https:\/\/schema.org","@graph":[{"@type":"WebSite","@id":"https:\/\/www.urlaubcornwall.de\/blog\/#website","url":"https:\/\/www.urlaubcornwall.de\/blog\/","name":"Urlaub &amp; Reisen","description":"Urlaub, Reisen, Cornwall und S\u00fcdengland: eine perfekte Kombination","potentialAction":[{"@type":"SearchAction","target":{"@type":"EntryPoint","urlTemplate":"https:\/\/www.urlaubcornwall.de\/blog\/?s={search_term_string}"},"query-input":"required name=search_term_string"}],"inLanguage":"en-US"},{"@type":"WebPage","@id":"https:\/\/www.urlaubcornwall.de\/blog\/ferienhaus-in-lamlash-insel-aran\/","url":"https:\/\/www.urlaubcornwall.de\/blog\/ferienhaus-in-lamlash-insel-aran\/","name":"Ferienhaus in Lamlash mieten - Insel Arran - Urlaub &amp; Reisen","isPartOf":{"@id":"https:\/\/www.urlaubcornwall.de\/blog\/#website"},"datePublished":"2021-07-31T09:18:15+00:00","dateModified":"2024-03-20T14:34:40+00:00","breadcrumb":{"@id":"https:\/\/www.urlaubcornwall.de\/blog\/ferienhaus-in-lamlash-insel-aran\/#breadcrumb"},"inLanguage":"en-US","potentialAction":[{"@type":"ReadAction","target":["https:\/\/www.urlaubcornwall.de\/blog\/ferienhaus-in-lamlash-insel-aran\/"]}]},{"@type":"BreadcrumbList","@id":"https:\/\/www.urlaubcornwall.de\/blog\/ferienhaus-in-lamlash-insel-aran\/#breadcrumb","itemListElement":[{"@type":"ListItem","position":1,"name":"Home","item":"https:\/\/www.urlaubcornwall.de\/blog\/"},{"@type":"ListItem","position":2,"name":"Ferienhaus in Lamlash mieten &#8211; Insel Arran"}]}]}},"_links":{"self":[{"href":"https:\/\/www.urlaubcornwall.de\/blog\/wp-json\/wp\/v2\/pages\/42005"}],"collection":[{"href":"https:\/\/www.urlaubcornwall.de\/blog\/wp-json\/wp\/v2\/pages"}],"about":[{"href":"https:\/\/www.urlaubcornwall.de\/blog\/wp-json\/wp\/v2\/types\/page"}],"author":[{"embeddable":true,"href":"https:\/\/www.urlaubcornwall.de\/blog\/wp-json\/wp\/v2\/users\/1"}],"replies":[{"embeddable":true,"href":"https:\/\/www.urlaubcornwall.de\/blog\/wp-json\/wp\/v2\/comments?post=42005"}],"version-history":[{"count":6,"href":"https:\/\/www.urlaubcornwall.de\/blog\/wp-json\/wp\/v2\/pages\/42005\/revisions"}],"predecessor-version":[{"id":48410,"href":"https:\/\/www.urlaubcornwall.de\/blog\/wp-json\/wp\/v2\/pages\/42005\/revisions\/48410"}],"wp:attachment":[{"href":"https:\/\/www.urlaubcornwall.de\/blog\/wp-json\/wp\/v2\/media?parent=42005"}],"curies":[{"name":"wp","href":"https:\/\/api.w.org\/{rel}","templated":true}]}}