{"id":42001,"date":"2021-07-30T15:05:38","date_gmt":"2021-07-30T15:05:38","guid":{"rendered":"https:\/\/www.urlaubcornwall.de\/blog\/?page_id=42001"},"modified":"2021-12-13T11:08:30","modified_gmt":"2021-12-13T11:08:30","slug":"wo-ist-es-am-schoensten-in-cornwall","status":"publish","type":"page","link":"https:\/\/www.urlaubcornwall.de\/blog\/wo-ist-es-am-schoensten-in-cornwall\/","title":{"rendered":"Wo ist es am sch\u00f6nsten in Cornwall?"},"content":{"rendered":"<p><img loading=\"lazy\" class=\"aligncenter size-full wp-image-40138\" src=\"https:\/\/www.urlaubcornwall.de\/blog\/wp-content\/uploads\/2020\/05\/falmouth-hafen.jpg\" alt=\"falmouth hafen\" width=\"749\" height=\"667\" srcset=\"https:\/\/www.urlaubcornwall.de\/blog\/wp-content\/uploads\/2020\/05\/falmouth-hafen.jpg 749w, https:\/\/www.urlaubcornwall.de\/blog\/wp-content\/uploads\/2020\/05\/falmouth-hafen-300x267.jpg 300w\" sizes=\"(max-width: 749px) 100vw, 749px\" \/><\/p>\n<p>Falmouth ist eines von Cornwalls beliebtesten Urlaubszielen, ein absolutes Muss w\u00e4hrend einer <a href=\"https:\/\/www.urlaubcornwall.de\/rundreisen\/cornwall-suedengland.php\">Rundreise durch Cornwall<\/a>. <\/p>\n<p><a href=\"https:\/\/www.urlaubcornwall.de\/blog\/falmouth-cornwall-geschichte-sehenswuerdigkeiten-und-unterkunft\/\">Falmouth<\/a> liegt am \u00c4stuar des Flusses Fal, eines der feinsten Naturh\u00e4fen der Welt. Auf einer Landspitze mit Blick auf die Bucht von Falmouth befindet sich die Burg Pendennis Castle und \u00fcber dem Fluss in <a href=\"https:\/\/www.urlaubcornwall.de\/ferienhaeuser-fewos\/st-mawes.html\">St Mawes<\/a> liegt die St Mawes Burg. Beide Burgen wurden im 16. Jahrhundert erbaut, um die lang gestreckte Wasserstra\u00dfe Carrick Roads zu besch\u00fctzen.<\/p>\n<p><script async src=\"https:\/\/pagead2.googlesyndication.com\/pagead\/js\/adsbygoogle.js?client=ca-pub-3901089389175725\"\n     crossorigin=\"anonymous\"><\/script><br \/>\n<!-- New UC --><br \/>\n<ins class=\"adsbygoogle\"\n     style=\"display:block\"\n     data-ad-client=\"ca-pub-3901089389175725\"\n     data-ad-slot=\"8080314818\"\n     data-ad-format=\"auto\"\n     data-full-width-responsive=\"true\"><\/ins><br \/>\n<script>\n     (adsbygoogle = window.adsbygoogle || []).push({});\n<\/script><\/p>\n<p>Bootsausfl\u00fcge k\u00f6nnen von Falmouth entlang des Flusses Fal bis zu den <a href=\"https:\/\/www.urlaubcornwall.de\/blog\/national-trust-historische-haeuser-cornwall-devon\/\">G\u00e4rten von Trelissick<\/a> und sogar bis Truro unternommen werden. Nehmen Sie die Autof\u00e4hre King Harry hin\u00fcber zur Roseland-Halbinsel und besuchen Sie St Mawes, <a href=\"https:\/\/www.urlaubcornwall.de\/ferienhaeuser-fewos\/portscatho.html\">Portscatho<\/a> und die Gegend um Nare Head. Falmouth bietet viele Restaurants und Caf\u00e9s und an den Str\u00e4nden von Swanpool und Gyllyngvase k\u00f6nnen Sie das breite Angebot an Wassersportarten genie\u00dfen.<\/p>\n<p style=\"text-align: center;\"><a class=\"tidycta\" href=\"https:\/\/www.urlaubcornwall.de\/ferienhaeuser-fewos\/falmouth.html\">Suche Ferienh\u00e4user in Falmouth und Umgebung<\/a><\/p>\n","protected":false},"excerpt":{"rendered":"<p>Falmouth ist eines von Cornwalls beliebtesten Urlaubszielen, ein absolutes Muss w\u00e4hrend einer Rundreise durch Cornwall. Falmouth liegt am \u00c4stuar des Flusses Fal, eines der feinsten Naturh\u00e4fen der Welt. Auf einer Landspitze mit Blick auf die Bucht von Falmouth befindet sich die Burg Pendennis Castle und \u00fcber dem Fluss in St Mawes liegt die St Mawes [&hellip;]<\/p>\n","protected":false},"author":1,"featured_media":0,"parent":0,"menu_order":0,"comment_status":"closed","ping_status":"closed","template":"single-four.php","meta":[],"acf":[],"yoast_head":"<!-- This site is optimized with the Yoast SEO plugin v19.4 - https:\/\/yoast.com\/wordpress\/plugins\/seo\/ -->\n<title>Wo ist es am sch\u00f6nsten in Cornwall? - Urlaub &amp; Reisen<\/title>\n<meta name=\"robots\" content=\"index, follow, max-snippet:-1, max-image-preview:large, max-video-preview:-1\" \/>\n<link rel=\"canonical\" href=\"https:\/\/www.urlaubcornwall.de\/blog\/wo-ist-es-am-schoensten-in-cornwall\/\" \/>\n<meta property=\"og:locale\" content=\"en_US\" \/>\n<meta property=\"og:type\" content=\"article\" \/>\n<meta property=\"og:title\" content=\"Wo ist es am sch\u00f6nsten in Cornwall? - Urlaub &amp; Reisen\" \/>\n<meta property=\"og:description\" content=\"Falmouth ist eines von Cornwalls beliebtesten Urlaubszielen, ein absolutes Muss w\u00e4hrend einer Rundreise durch Cornwall. Falmouth liegt am \u00c4stuar des Flusses Fal, eines der feinsten Naturh\u00e4fen der Welt. Auf einer Landspitze mit Blick auf die Bucht von Falmouth befindet sich die Burg Pendennis Castle und \u00fcber dem Fluss in St Mawes liegt die St Mawes [&hellip;]\" \/>\n<meta property=\"og:url\" content=\"https:\/\/www.urlaubcornwall.de\/blog\/wo-ist-es-am-schoensten-in-cornwall\/\" \/>\n<meta property=\"og:site_name\" content=\"Urlaub &amp; Reisen\" \/>\n<meta property=\"article:modified_time\" content=\"2021-12-13T11:08:30+00:00\" \/>\n<meta property=\"og:image\" content=\"https:\/\/www.urlaubcornwall.de\/blog\/wp-content\/uploads\/2020\/05\/falmouth-hafen.jpg\" \/>\n<meta name=\"twitter:card\" content=\"summary\" \/>\n<meta name=\"twitter:label1\" content=\"Est. reading time\" \/>\n\t<meta name=\"twitter:data1\" content=\"1 minute\" \/>\n<script type=\"application\/ld+json\" class=\"yoast-schema-graph\">{\"@context\":\"https:\/\/schema.org\",\"@graph\":[{\"@type\":\"WebSite\",\"@id\":\"https:\/\/www.urlaubcornwall.de\/blog\/#website\",\"url\":\"https:\/\/www.urlaubcornwall.de\/blog\/\",\"name\":\"Urlaub &amp; Reisen\",\"description\":\"Urlaub, Reisen, Cornwall und S\u00fcdengland: eine perfekte Kombination\",\"potentialAction\":[{\"@type\":\"SearchAction\",\"target\":{\"@type\":\"EntryPoint\",\"urlTemplate\":\"https:\/\/www.urlaubcornwall.de\/blog\/?s={search_term_string}\"},\"query-input\":\"required name=search_term_string\"}],\"inLanguage\":\"en-US\"},{\"@type\":\"WebPage\",\"@id\":\"https:\/\/www.urlaubcornwall.de\/blog\/wo-ist-es-am-schoensten-in-cornwall\/\",\"url\":\"https:\/\/www.urlaubcornwall.de\/blog\/wo-ist-es-am-schoensten-in-cornwall\/\",\"name\":\"Wo ist es am sch\u00f6nsten in Cornwall? - Urlaub &amp; Reisen\",\"isPartOf\":{\"@id\":\"https:\/\/www.urlaubcornwall.de\/blog\/#website\"},\"datePublished\":\"2021-07-30T15:05:38+00:00\",\"dateModified\":\"2021-12-13T11:08:30+00:00\",\"breadcrumb\":{\"@id\":\"https:\/\/www.urlaubcornwall.de\/blog\/wo-ist-es-am-schoensten-in-cornwall\/#breadcrumb\"},\"inLanguage\":\"en-US\",\"potentialAction\":[{\"@type\":\"ReadAction\",\"target\":[\"https:\/\/www.urlaubcornwall.de\/blog\/wo-ist-es-am-schoensten-in-cornwall\/\"]}]},{\"@type\":\"BreadcrumbList\",\"@id\":\"https:\/\/www.urlaubcornwall.de\/blog\/wo-ist-es-am-schoensten-in-cornwall\/#breadcrumb\",\"itemListElement\":[{\"@type\":\"ListItem\",\"position\":1,\"name\":\"Home\",\"item\":\"https:\/\/www.urlaubcornwall.de\/blog\/\"},{\"@type\":\"ListItem\",\"position\":2,\"name\":\"Wo ist es am sch\u00f6nsten in Cornwall?\"}]}]}<\/script>\n<!-- \/ Yoast SEO plugin. -->","yoast_head_json":{"title":"Wo ist es am sch\u00f6nsten in Cornwall? - Urlaub &amp; Reisen","robots":{"index":"index","follow":"follow","max-snippet":"max-snippet:-1","max-image-preview":"max-image-preview:large","max-video-preview":"max-video-preview:-1"},"canonical":"https:\/\/www.urlaubcornwall.de\/blog\/wo-ist-es-am-schoensten-in-cornwall\/","og_locale":"en_US","og_type":"article","og_title":"Wo ist es am sch\u00f6nsten in Cornwall? - Urlaub &amp; Reisen","og_description":"Falmouth ist eines von Cornwalls beliebtesten Urlaubszielen, ein absolutes Muss w\u00e4hrend einer Rundreise durch Cornwall. Falmouth liegt am \u00c4stuar des Flusses Fal, eines der feinsten Naturh\u00e4fen der Welt. Auf einer Landspitze mit Blick auf die Bucht von Falmouth befindet sich die Burg Pendennis Castle und \u00fcber dem Fluss in St Mawes liegt die St Mawes [&hellip;]","og_url":"https:\/\/www.urlaubcornwall.de\/blog\/wo-ist-es-am-schoensten-in-cornwall\/","og_site_name":"Urlaub &amp; Reisen","article_modified_time":"2021-12-13T11:08:30+00:00","og_image":[{"url":"https:\/\/www.urlaubcornwall.de\/blog\/wp-content\/uploads\/2020\/05\/falmouth-hafen.jpg"}],"twitter_card":"summary","twitter_misc":{"Est. reading time":"1 minute"},"schema":{"@context":"https:\/\/schema.org","@graph":[{"@type":"WebSite","@id":"https:\/\/www.urlaubcornwall.de\/blog\/#website","url":"https:\/\/www.urlaubcornwall.de\/blog\/","name":"Urlaub &amp; Reisen","description":"Urlaub, Reisen, Cornwall und S\u00fcdengland: eine perfekte Kombination","potentialAction":[{"@type":"SearchAction","target":{"@type":"EntryPoint","urlTemplate":"https:\/\/www.urlaubcornwall.de\/blog\/?s={search_term_string}"},"query-input":"required name=search_term_string"}],"inLanguage":"en-US"},{"@type":"WebPage","@id":"https:\/\/www.urlaubcornwall.de\/blog\/wo-ist-es-am-schoensten-in-cornwall\/","url":"https:\/\/www.urlaubcornwall.de\/blog\/wo-ist-es-am-schoensten-in-cornwall\/","name":"Wo ist es am sch\u00f6nsten in Cornwall? - Urlaub &amp; Reisen","isPartOf":{"@id":"https:\/\/www.urlaubcornwall.de\/blog\/#website"},"datePublished":"2021-07-30T15:05:38+00:00","dateModified":"2021-12-13T11:08:30+00:00","breadcrumb":{"@id":"https:\/\/www.urlaubcornwall.de\/blog\/wo-ist-es-am-schoensten-in-cornwall\/#breadcrumb"},"inLanguage":"en-US","potentialAction":[{"@type":"ReadAction","target":["https:\/\/www.urlaubcornwall.de\/blog\/wo-ist-es-am-schoensten-in-cornwall\/"]}]},{"@type":"BreadcrumbList","@id":"https:\/\/www.urlaubcornwall.de\/blog\/wo-ist-es-am-schoensten-in-cornwall\/#breadcrumb","itemListElement":[{"@type":"ListItem","position":1,"name":"Home","item":"https:\/\/www.urlaubcornwall.de\/blog\/"},{"@type":"ListItem","position":2,"name":"Wo ist es am sch\u00f6nsten in Cornwall?"}]}]}},"_links":{"self":[{"href":"https:\/\/www.urlaubcornwall.de\/blog\/wp-json\/wp\/v2\/pages\/42001"}],"collection":[{"href":"https:\/\/www.urlaubcornwall.de\/blog\/wp-json\/wp\/v2\/pages"}],"about":[{"href":"https:\/\/www.urlaubcornwall.de\/blog\/wp-json\/wp\/v2\/types\/page"}],"author":[{"embeddable":true,"href":"https:\/\/www.urlaubcornwall.de\/blog\/wp-json\/wp\/v2\/users\/1"}],"replies":[{"embeddable":true,"href":"https:\/\/www.urlaubcornwall.de\/blog\/wp-json\/wp\/v2\/comments?post=42001"}],"version-history":[{"count":2,"href":"https:\/\/www.urlaubcornwall.de\/blog\/wp-json\/wp\/v2\/pages\/42001\/revisions"}],"predecessor-version":[{"id":44440,"href":"https:\/\/www.urlaubcornwall.de\/blog\/wp-json\/wp\/v2\/pages\/42001\/revisions\/44440"}],"wp:attachment":[{"href":"https:\/\/www.urlaubcornwall.de\/blog\/wp-json\/wp\/v2\/media?parent=42001"}],"curies":[{"name":"wp","href":"https:\/\/api.w.org\/{rel}","templated":true}]}}