{"id":41999,"date":"2021-07-30T14:52:28","date_gmt":"2021-07-30T14:52:28","guid":{"rendered":"https:\/\/www.urlaubcornwall.de\/blog\/?page_id=41999"},"modified":"2024-05-30T10:27:56","modified_gmt":"2024-05-30T10:27:56","slug":"hat-cornwall-viele-straende","status":"publish","type":"page","link":"https:\/\/www.urlaubcornwall.de\/blog\/hat-cornwall-viele-straende\/","title":{"rendered":"Hat Cornwall viele Str\u00e4nde?"},"content":{"rendered":"<p><a href=\"https:\/\/www.urlaubcornwall.de\/blog\/wp-content\/uploads\/2017\/08\/holywell-bay.jpg\"><img loading=\"lazy\" src=\"https:\/\/www.urlaubcornwall.de\/blog\/wp-content\/uploads\/2017\/08\/holywell-bay.jpg\" alt=\"strand Cornwall\" width=\"746\" height=\"380\" class=\"alignnone size-full wp-image-28780\" srcset=\"https:\/\/www.urlaubcornwall.de\/blog\/wp-content\/uploads\/2017\/08\/holywell-bay.jpg 746w, https:\/\/www.urlaubcornwall.de\/blog\/wp-content\/uploads\/2017\/08\/holywell-bay-300x153.jpg 300w\" sizes=\"(max-width: 746px) 100vw, 746px\" \/><\/a><\/p>\n<p>Cornwall hat mehr Sandstr\u00e4nde und K\u00fcstenabschnitte als irgendein anderer Teil in Britannien. Es gibt mehr als 431km dramatischer K\u00fcstenpfade zu entdecken, \u00fcber Klippen hinweg, vorbei an herrlichen goldenen Str\u00e4nden und durch malerische Fischerd\u00f6rfer hindurch. Es gibt mehr als 300 Str\u00e4nde in Cornwall, die alle etwas anderes anzubieten haben; familienfreundlich, hundefreundlich, abgeschieden, gro\u00dfartig zum Wassersport betreiben und Schwimmen. Jeder hat da so seine <a href=\"https:\/\/www.urlaubcornwall.de\/blog\/schoensten-straende-in-cornwall\/\">pers\u00f6nlichen Favoriten\u2026<\/a><\/p>\n<div class=\"snippet\"> <a class=\"featured-item\" href=\"https:\/\/www.urlaubcornwall.de\/ferienhaeuser\/cornwall.php\"> <span class=\"image-holder\" style=\"background-image: url('https:\/\/www.urlaubcornwall.de\/blog\/wp-content\/uploads\/2018\/12\/ferienhaus-cornwall-mit-hund.jpg');\"><\/span> <span class=\"featured-content\"> \n<h2 class=\"featured-title\">Ferienh\u00e4user in Cornwall<\/h2>\n<p class=\"featured-body\">Cornwall besitzt mehr K\u00fcstenlinien als jede andere Grafschaft und bietet einige der besten Str\u00e4nde, K\u00fcstenwanderwege und Klippenlandschaften, die man \u00fcberhaupt finden kann&#8230; <\/p><\/span> <span class=\"featured-link-holder\"> <span class=\"featured-extra-info\"> \n<p>F\u00fcr Paare, Familien &#038; Gruppen<\/p>\n<\/span> \n<p class=\"featured-link\">DETAILS<\/p>\n<\/span> <\/a><\/div>\n","protected":false},"excerpt":{"rendered":"<p>Cornwall hat mehr Sandstr\u00e4nde und K\u00fcstenabschnitte als irgendein anderer Teil in Britannien. Es gibt mehr als 431km dramatischer K\u00fcstenpfade zu entdecken, \u00fcber Klippen hinweg, vorbei an herrlichen goldenen Str\u00e4nden und durch malerische Fischerd\u00f6rfer hindurch. Es gibt mehr als 300 Str\u00e4nde in Cornwall, die alle etwas anderes anzubieten haben; familienfreundlich, hundefreundlich, abgeschieden, gro\u00dfartig zum Wassersport betreiben [&hellip;]<\/p>\n","protected":false},"author":1,"featured_media":0,"parent":0,"menu_order":0,"comment_status":"closed","ping_status":"closed","template":"single-four.php","meta":[],"acf":[],"yoast_head":"<!-- This site is optimized with the Yoast SEO plugin v19.4 - https:\/\/yoast.com\/wordpress\/plugins\/seo\/ -->\n<title>Hat Cornwall viele Str\u00e4nde? - Urlaub &amp; Reisen<\/title>\n<meta name=\"robots\" content=\"index, follow, max-snippet:-1, max-image-preview:large, max-video-preview:-1\" \/>\n<link rel=\"canonical\" href=\"https:\/\/www.urlaubcornwall.de\/blog\/hat-cornwall-viele-straende\/\" \/>\n<meta property=\"og:locale\" content=\"en_US\" \/>\n<meta property=\"og:type\" content=\"article\" \/>\n<meta property=\"og:title\" content=\"Hat Cornwall viele Str\u00e4nde? - Urlaub &amp; Reisen\" \/>\n<meta property=\"og:description\" content=\"Cornwall hat mehr Sandstr\u00e4nde und K\u00fcstenabschnitte als irgendein anderer Teil in Britannien. Es gibt mehr als 431km dramatischer K\u00fcstenpfade zu entdecken, \u00fcber Klippen hinweg, vorbei an herrlichen goldenen Str\u00e4nden und durch malerische Fischerd\u00f6rfer hindurch. Es gibt mehr als 300 Str\u00e4nde in Cornwall, die alle etwas anderes anzubieten haben; familienfreundlich, hundefreundlich, abgeschieden, gro\u00dfartig zum Wassersport betreiben [&hellip;]\" \/>\n<meta property=\"og:url\" content=\"https:\/\/www.urlaubcornwall.de\/blog\/hat-cornwall-viele-straende\/\" \/>\n<meta property=\"og:site_name\" content=\"Urlaub &amp; Reisen\" \/>\n<meta property=\"article:modified_time\" content=\"2024-05-30T10:27:56+00:00\" \/>\n<meta property=\"og:image\" content=\"https:\/\/www.urlaubcornwall.de\/blog\/wp-content\/uploads\/2017\/08\/holywell-bay.jpg\" \/>\n<meta name=\"twitter:card\" content=\"summary\" \/>\n<meta name=\"twitter:label1\" content=\"Est. reading time\" \/>\n\t<meta name=\"twitter:data1\" content=\"1 minute\" \/>\n<script type=\"application\/ld+json\" class=\"yoast-schema-graph\">{\"@context\":\"https:\/\/schema.org\",\"@graph\":[{\"@type\":\"WebSite\",\"@id\":\"https:\/\/www.urlaubcornwall.de\/blog\/#website\",\"url\":\"https:\/\/www.urlaubcornwall.de\/blog\/\",\"name\":\"Urlaub &amp; Reisen\",\"description\":\"Urlaub, Reisen, Cornwall und S\u00fcdengland: eine perfekte Kombination\",\"potentialAction\":[{\"@type\":\"SearchAction\",\"target\":{\"@type\":\"EntryPoint\",\"urlTemplate\":\"https:\/\/www.urlaubcornwall.de\/blog\/?s={search_term_string}\"},\"query-input\":\"required name=search_term_string\"}],\"inLanguage\":\"en-US\"},{\"@type\":\"WebPage\",\"@id\":\"https:\/\/www.urlaubcornwall.de\/blog\/hat-cornwall-viele-straende\/\",\"url\":\"https:\/\/www.urlaubcornwall.de\/blog\/hat-cornwall-viele-straende\/\",\"name\":\"Hat Cornwall viele Str\u00e4nde? - Urlaub &amp; Reisen\",\"isPartOf\":{\"@id\":\"https:\/\/www.urlaubcornwall.de\/blog\/#website\"},\"datePublished\":\"2021-07-30T14:52:28+00:00\",\"dateModified\":\"2024-05-30T10:27:56+00:00\",\"breadcrumb\":{\"@id\":\"https:\/\/www.urlaubcornwall.de\/blog\/hat-cornwall-viele-straende\/#breadcrumb\"},\"inLanguage\":\"en-US\",\"potentialAction\":[{\"@type\":\"ReadAction\",\"target\":[\"https:\/\/www.urlaubcornwall.de\/blog\/hat-cornwall-viele-straende\/\"]}]},{\"@type\":\"BreadcrumbList\",\"@id\":\"https:\/\/www.urlaubcornwall.de\/blog\/hat-cornwall-viele-straende\/#breadcrumb\",\"itemListElement\":[{\"@type\":\"ListItem\",\"position\":1,\"name\":\"Home\",\"item\":\"https:\/\/www.urlaubcornwall.de\/blog\/\"},{\"@type\":\"ListItem\",\"position\":2,\"name\":\"Hat Cornwall viele Str\u00e4nde?\"}]}]}<\/script>\n<!-- \/ Yoast SEO plugin. -->","yoast_head_json":{"title":"Hat Cornwall viele Str\u00e4nde? - Urlaub &amp; Reisen","robots":{"index":"index","follow":"follow","max-snippet":"max-snippet:-1","max-image-preview":"max-image-preview:large","max-video-preview":"max-video-preview:-1"},"canonical":"https:\/\/www.urlaubcornwall.de\/blog\/hat-cornwall-viele-straende\/","og_locale":"en_US","og_type":"article","og_title":"Hat Cornwall viele Str\u00e4nde? - Urlaub &amp; Reisen","og_description":"Cornwall hat mehr Sandstr\u00e4nde und K\u00fcstenabschnitte als irgendein anderer Teil in Britannien. Es gibt mehr als 431km dramatischer K\u00fcstenpfade zu entdecken, \u00fcber Klippen hinweg, vorbei an herrlichen goldenen Str\u00e4nden und durch malerische Fischerd\u00f6rfer hindurch. Es gibt mehr als 300 Str\u00e4nde in Cornwall, die alle etwas anderes anzubieten haben; familienfreundlich, hundefreundlich, abgeschieden, gro\u00dfartig zum Wassersport betreiben [&hellip;]","og_url":"https:\/\/www.urlaubcornwall.de\/blog\/hat-cornwall-viele-straende\/","og_site_name":"Urlaub &amp; Reisen","article_modified_time":"2024-05-30T10:27:56+00:00","og_image":[{"url":"https:\/\/www.urlaubcornwall.de\/blog\/wp-content\/uploads\/2017\/08\/holywell-bay.jpg"}],"twitter_card":"summary","twitter_misc":{"Est. reading time":"1 minute"},"schema":{"@context":"https:\/\/schema.org","@graph":[{"@type":"WebSite","@id":"https:\/\/www.urlaubcornwall.de\/blog\/#website","url":"https:\/\/www.urlaubcornwall.de\/blog\/","name":"Urlaub &amp; Reisen","description":"Urlaub, Reisen, Cornwall und S\u00fcdengland: eine perfekte Kombination","potentialAction":[{"@type":"SearchAction","target":{"@type":"EntryPoint","urlTemplate":"https:\/\/www.urlaubcornwall.de\/blog\/?s={search_term_string}"},"query-input":"required name=search_term_string"}],"inLanguage":"en-US"},{"@type":"WebPage","@id":"https:\/\/www.urlaubcornwall.de\/blog\/hat-cornwall-viele-straende\/","url":"https:\/\/www.urlaubcornwall.de\/blog\/hat-cornwall-viele-straende\/","name":"Hat Cornwall viele Str\u00e4nde? - Urlaub &amp; Reisen","isPartOf":{"@id":"https:\/\/www.urlaubcornwall.de\/blog\/#website"},"datePublished":"2021-07-30T14:52:28+00:00","dateModified":"2024-05-30T10:27:56+00:00","breadcrumb":{"@id":"https:\/\/www.urlaubcornwall.de\/blog\/hat-cornwall-viele-straende\/#breadcrumb"},"inLanguage":"en-US","potentialAction":[{"@type":"ReadAction","target":["https:\/\/www.urlaubcornwall.de\/blog\/hat-cornwall-viele-straende\/"]}]},{"@type":"BreadcrumbList","@id":"https:\/\/www.urlaubcornwall.de\/blog\/hat-cornwall-viele-straende\/#breadcrumb","itemListElement":[{"@type":"ListItem","position":1,"name":"Home","item":"https:\/\/www.urlaubcornwall.de\/blog\/"},{"@type":"ListItem","position":2,"name":"Hat Cornwall viele Str\u00e4nde?"}]}]}},"_links":{"self":[{"href":"https:\/\/www.urlaubcornwall.de\/blog\/wp-json\/wp\/v2\/pages\/41999"}],"collection":[{"href":"https:\/\/www.urlaubcornwall.de\/blog\/wp-json\/wp\/v2\/pages"}],"about":[{"href":"https:\/\/www.urlaubcornwall.de\/blog\/wp-json\/wp\/v2\/types\/page"}],"author":[{"embeddable":true,"href":"https:\/\/www.urlaubcornwall.de\/blog\/wp-json\/wp\/v2\/users\/1"}],"replies":[{"embeddable":true,"href":"https:\/\/www.urlaubcornwall.de\/blog\/wp-json\/wp\/v2\/comments?post=41999"}],"version-history":[{"count":3,"href":"https:\/\/www.urlaubcornwall.de\/blog\/wp-json\/wp\/v2\/pages\/41999\/revisions"}],"predecessor-version":[{"id":50915,"href":"https:\/\/www.urlaubcornwall.de\/blog\/wp-json\/wp\/v2\/pages\/41999\/revisions\/50915"}],"wp:attachment":[{"href":"https:\/\/www.urlaubcornwall.de\/blog\/wp-json\/wp\/v2\/media?parent=41999"}],"curies":[{"name":"wp","href":"https:\/\/api.w.org\/{rel}","templated":true}]}}