{"id":41993,"date":"2021-07-30T14:28:49","date_gmt":"2021-07-30T14:28:49","guid":{"rendered":"https:\/\/www.urlaubcornwall.de\/blog\/?page_id=41993"},"modified":"2024-05-26T12:04:26","modified_gmt":"2024-05-26T12:04:26","slug":"was-ist-die-hauptstadt-von-cornwall","status":"publish","type":"page","link":"https:\/\/www.urlaubcornwall.de\/blog\/was-ist-die-hauptstadt-von-cornwall\/","title":{"rendered":"Was ist die Hauptstadt von Cornwall?"},"content":{"rendered":"<p><a href=\"https:\/\/www.urlaubcornwall.de\/blog\/wp-content\/uploads\/2024\/05\/truro-cathedral-credit-james-petts-flickr.jpg\"><img loading=\"lazy\" src=\"https:\/\/www.urlaubcornwall.de\/blog\/wp-content\/uploads\/2024\/05\/truro-cathedral-credit-james-petts-flickr.jpg\" alt=\"truro-cathedral-credit-james-petts-flickr\" width=\"750\" height=\"501\" class=\"alignnone size-full wp-image-50119\" srcset=\"https:\/\/www.urlaubcornwall.de\/blog\/wp-content\/uploads\/2024\/05\/truro-cathedral-credit-james-petts-flickr.jpg 750w, https:\/\/www.urlaubcornwall.de\/blog\/wp-content\/uploads\/2024\/05\/truro-cathedral-credit-james-petts-flickr-300x200.jpg 300w\" sizes=\"(max-width: 750px) 100vw, 750px\" \/><\/a><br \/>\nimage-credit-james-petts-flickr<\/p>\n<p><a href=\"https:\/\/www.urlaubcornwall.de\/ferienhaeuser-fewos\/truro.html\">Truros attraktive georgianische Stra\u00dfen<\/a> sind vollgestopft mit einzigartigen Gesch\u00e4ften, irren Caf\u00e9s und eleganten Restaurants. Leicht kann man einen Tag damit zubringen, in den kleinen Hinterstr\u00e4\u00dfchen herumzuschnuppern und ein Glas Wein auf der Piazza einzunehmen. Beachten Sie auch die Kathedrale, eine gro\u00dfartige und unl\u00e4ngst renovierte Wonne.<\/p>\n<div class=\"snippet\"> <a class=\"featured-item\" href=\"https:\/\/www.urlaubcornwall.de\/ferienhaeuser\/cornwall.php\"> <span class=\"image-holder\" style=\"background-image: url('https:\/\/www.urlaubcornwall.de\/blog\/wp-content\/uploads\/2018\/12\/familienurlaub-corwnall-snippet.jpg');\"><\/span> <span class=\"featured-content\"> \n<h2 class=\"featured-title\">Ferienh\u00e4user in Truro &#038; Cornwall<\/h2>\n<p class=\"featured-body\">Cornwall besitzt mehr K\u00fcstenlinien als jede andere Grafschaft und bietet einige der besten Str\u00e4nde, K\u00fcstenwanderwege und Klippenlandschaften, die man \u00fcberhaupt finden kann&#8230; <\/p><\/span> <span class=\"featured-link-holder\"> <span class=\"featured-extra-info\"> \n<p>F\u00fcr Paare, Familien &#038; Gruppen<\/p>\n<\/span> \n<p class=\"featured-link\">DETAILS<\/p>\n<\/span> <\/a><\/div>\n","protected":false},"excerpt":{"rendered":"<p>image-credit-james-petts-flickr Truros attraktive georgianische Stra\u00dfen sind vollgestopft mit einzigartigen Gesch\u00e4ften, irren Caf\u00e9s und eleganten Restaurants. Leicht kann man einen Tag damit zubringen, in den kleinen Hinterstr\u00e4\u00dfchen herumzuschnuppern und ein Glas Wein auf der Piazza einzunehmen. Beachten Sie auch die Kathedrale, eine gro\u00dfartige und unl\u00e4ngst renovierte Wonne. Ferienh\u00e4user in Truro &#038; Cornwall Cornwall besitzt mehr K\u00fcstenlinien [&hellip;]<\/p>\n","protected":false},"author":1,"featured_media":0,"parent":0,"menu_order":0,"comment_status":"closed","ping_status":"closed","template":"single-four.php","meta":[],"acf":[],"yoast_head":"<!-- This site is optimized with the Yoast SEO plugin v19.4 - https:\/\/yoast.com\/wordpress\/plugins\/seo\/ -->\n<title>Was ist die Hauptstadt von Cornwall? - Urlaub &amp; Reisen<\/title>\n<meta name=\"robots\" content=\"index, follow, max-snippet:-1, max-image-preview:large, max-video-preview:-1\" \/>\n<link rel=\"canonical\" href=\"https:\/\/www.urlaubcornwall.de\/blog\/was-ist-die-hauptstadt-von-cornwall\/\" \/>\n<meta property=\"og:locale\" content=\"en_US\" \/>\n<meta property=\"og:type\" content=\"article\" \/>\n<meta property=\"og:title\" content=\"Was ist die Hauptstadt von Cornwall? - Urlaub &amp; Reisen\" \/>\n<meta property=\"og:description\" content=\"image-credit-james-petts-flickr Truros attraktive georgianische Stra\u00dfen sind vollgestopft mit einzigartigen Gesch\u00e4ften, irren Caf\u00e9s und eleganten Restaurants. Leicht kann man einen Tag damit zubringen, in den kleinen Hinterstr\u00e4\u00dfchen herumzuschnuppern und ein Glas Wein auf der Piazza einzunehmen. Beachten Sie auch die Kathedrale, eine gro\u00dfartige und unl\u00e4ngst renovierte Wonne. Ferienh\u00e4user in Truro &#038; Cornwall Cornwall besitzt mehr K\u00fcstenlinien [&hellip;]\" \/>\n<meta property=\"og:url\" content=\"https:\/\/www.urlaubcornwall.de\/blog\/was-ist-die-hauptstadt-von-cornwall\/\" \/>\n<meta property=\"og:site_name\" content=\"Urlaub &amp; Reisen\" \/>\n<meta property=\"article:modified_time\" content=\"2024-05-26T12:04:26+00:00\" \/>\n<meta property=\"og:image\" content=\"https:\/\/www.urlaubcornwall.de\/blog\/wp-content\/uploads\/2024\/05\/truro-cathedral-credit-james-petts-flickr.jpg\" \/>\n<meta name=\"twitter:card\" content=\"summary\" \/>\n<meta name=\"twitter:label1\" content=\"Est. reading time\" \/>\n\t<meta name=\"twitter:data1\" content=\"1 minute\" \/>\n<script type=\"application\/ld+json\" class=\"yoast-schema-graph\">{\"@context\":\"https:\/\/schema.org\",\"@graph\":[{\"@type\":\"WebSite\",\"@id\":\"https:\/\/www.urlaubcornwall.de\/blog\/#website\",\"url\":\"https:\/\/www.urlaubcornwall.de\/blog\/\",\"name\":\"Urlaub &amp; Reisen\",\"description\":\"Urlaub, Reisen, Cornwall und S\u00fcdengland: eine perfekte Kombination\",\"potentialAction\":[{\"@type\":\"SearchAction\",\"target\":{\"@type\":\"EntryPoint\",\"urlTemplate\":\"https:\/\/www.urlaubcornwall.de\/blog\/?s={search_term_string}\"},\"query-input\":\"required name=search_term_string\"}],\"inLanguage\":\"en-US\"},{\"@type\":\"WebPage\",\"@id\":\"https:\/\/www.urlaubcornwall.de\/blog\/was-ist-die-hauptstadt-von-cornwall\/\",\"url\":\"https:\/\/www.urlaubcornwall.de\/blog\/was-ist-die-hauptstadt-von-cornwall\/\",\"name\":\"Was ist die Hauptstadt von Cornwall? - Urlaub &amp; Reisen\",\"isPartOf\":{\"@id\":\"https:\/\/www.urlaubcornwall.de\/blog\/#website\"},\"datePublished\":\"2021-07-30T14:28:49+00:00\",\"dateModified\":\"2024-05-26T12:04:26+00:00\",\"breadcrumb\":{\"@id\":\"https:\/\/www.urlaubcornwall.de\/blog\/was-ist-die-hauptstadt-von-cornwall\/#breadcrumb\"},\"inLanguage\":\"en-US\",\"potentialAction\":[{\"@type\":\"ReadAction\",\"target\":[\"https:\/\/www.urlaubcornwall.de\/blog\/was-ist-die-hauptstadt-von-cornwall\/\"]}]},{\"@type\":\"BreadcrumbList\",\"@id\":\"https:\/\/www.urlaubcornwall.de\/blog\/was-ist-die-hauptstadt-von-cornwall\/#breadcrumb\",\"itemListElement\":[{\"@type\":\"ListItem\",\"position\":1,\"name\":\"Home\",\"item\":\"https:\/\/www.urlaubcornwall.de\/blog\/\"},{\"@type\":\"ListItem\",\"position\":2,\"name\":\"Was ist die Hauptstadt von Cornwall?\"}]}]}<\/script>\n<!-- \/ Yoast SEO plugin. -->","yoast_head_json":{"title":"Was ist die Hauptstadt von Cornwall? - Urlaub &amp; Reisen","robots":{"index":"index","follow":"follow","max-snippet":"max-snippet:-1","max-image-preview":"max-image-preview:large","max-video-preview":"max-video-preview:-1"},"canonical":"https:\/\/www.urlaubcornwall.de\/blog\/was-ist-die-hauptstadt-von-cornwall\/","og_locale":"en_US","og_type":"article","og_title":"Was ist die Hauptstadt von Cornwall? - Urlaub &amp; Reisen","og_description":"image-credit-james-petts-flickr Truros attraktive georgianische Stra\u00dfen sind vollgestopft mit einzigartigen Gesch\u00e4ften, irren Caf\u00e9s und eleganten Restaurants. Leicht kann man einen Tag damit zubringen, in den kleinen Hinterstr\u00e4\u00dfchen herumzuschnuppern und ein Glas Wein auf der Piazza einzunehmen. Beachten Sie auch die Kathedrale, eine gro\u00dfartige und unl\u00e4ngst renovierte Wonne. Ferienh\u00e4user in Truro &#038; Cornwall Cornwall besitzt mehr K\u00fcstenlinien [&hellip;]","og_url":"https:\/\/www.urlaubcornwall.de\/blog\/was-ist-die-hauptstadt-von-cornwall\/","og_site_name":"Urlaub &amp; Reisen","article_modified_time":"2024-05-26T12:04:26+00:00","og_image":[{"url":"https:\/\/www.urlaubcornwall.de\/blog\/wp-content\/uploads\/2024\/05\/truro-cathedral-credit-james-petts-flickr.jpg"}],"twitter_card":"summary","twitter_misc":{"Est. reading time":"1 minute"},"schema":{"@context":"https:\/\/schema.org","@graph":[{"@type":"WebSite","@id":"https:\/\/www.urlaubcornwall.de\/blog\/#website","url":"https:\/\/www.urlaubcornwall.de\/blog\/","name":"Urlaub &amp; Reisen","description":"Urlaub, Reisen, Cornwall und S\u00fcdengland: eine perfekte Kombination","potentialAction":[{"@type":"SearchAction","target":{"@type":"EntryPoint","urlTemplate":"https:\/\/www.urlaubcornwall.de\/blog\/?s={search_term_string}"},"query-input":"required name=search_term_string"}],"inLanguage":"en-US"},{"@type":"WebPage","@id":"https:\/\/www.urlaubcornwall.de\/blog\/was-ist-die-hauptstadt-von-cornwall\/","url":"https:\/\/www.urlaubcornwall.de\/blog\/was-ist-die-hauptstadt-von-cornwall\/","name":"Was ist die Hauptstadt von Cornwall? - Urlaub &amp; Reisen","isPartOf":{"@id":"https:\/\/www.urlaubcornwall.de\/blog\/#website"},"datePublished":"2021-07-30T14:28:49+00:00","dateModified":"2024-05-26T12:04:26+00:00","breadcrumb":{"@id":"https:\/\/www.urlaubcornwall.de\/blog\/was-ist-die-hauptstadt-von-cornwall\/#breadcrumb"},"inLanguage":"en-US","potentialAction":[{"@type":"ReadAction","target":["https:\/\/www.urlaubcornwall.de\/blog\/was-ist-die-hauptstadt-von-cornwall\/"]}]},{"@type":"BreadcrumbList","@id":"https:\/\/www.urlaubcornwall.de\/blog\/was-ist-die-hauptstadt-von-cornwall\/#breadcrumb","itemListElement":[{"@type":"ListItem","position":1,"name":"Home","item":"https:\/\/www.urlaubcornwall.de\/blog\/"},{"@type":"ListItem","position":2,"name":"Was ist die Hauptstadt von Cornwall?"}]}]}},"_links":{"self":[{"href":"https:\/\/www.urlaubcornwall.de\/blog\/wp-json\/wp\/v2\/pages\/41993"}],"collection":[{"href":"https:\/\/www.urlaubcornwall.de\/blog\/wp-json\/wp\/v2\/pages"}],"about":[{"href":"https:\/\/www.urlaubcornwall.de\/blog\/wp-json\/wp\/v2\/types\/page"}],"author":[{"embeddable":true,"href":"https:\/\/www.urlaubcornwall.de\/blog\/wp-json\/wp\/v2\/users\/1"}],"replies":[{"embeddable":true,"href":"https:\/\/www.urlaubcornwall.de\/blog\/wp-json\/wp\/v2\/comments?post=41993"}],"version-history":[{"count":2,"href":"https:\/\/www.urlaubcornwall.de\/blog\/wp-json\/wp\/v2\/pages\/41993\/revisions"}],"predecessor-version":[{"id":50190,"href":"https:\/\/www.urlaubcornwall.de\/blog\/wp-json\/wp\/v2\/pages\/41993\/revisions\/50190"}],"wp:attachment":[{"href":"https:\/\/www.urlaubcornwall.de\/blog\/wp-json\/wp\/v2\/media?parent=41993"}],"curies":[{"name":"wp","href":"https:\/\/api.w.org\/{rel}","templated":true}]}}