{"id":41989,"date":"2021-07-30T14:20:09","date_gmt":"2021-07-30T14:20:09","guid":{"rendered":"https:\/\/www.urlaubcornwall.de\/blog\/?page_id=41989"},"modified":"2021-07-30T14:20:09","modified_gmt":"2021-07-30T14:20:09","slug":"warum-ist-cornwall-ein-perfektes-urlaubsziel","status":"publish","type":"page","link":"https:\/\/www.urlaubcornwall.de\/blog\/warum-ist-cornwall-ein-perfektes-urlaubsziel\/","title":{"rendered":"Warum ist Cornwall ein perfektes Urlaubsziel?"},"content":{"rendered":"<p><img loading=\"lazy\" class=\"aligncenter size-full wp-image-40101\" src=\"https:\/\/www.urlaubcornwall.de\/blog\/wp-content\/uploads\/2020\/05\/st-martins-blick.jpg\" alt=\"Urlaub in Cornwall 2022 nach Coronavirus \" width=\"750\" height=\"517\"\/><\/p>\n<p>Die Sch\u00f6nheit der kornischen K\u00fcste und der dramatische Kontrast zwischen Land und Meer sind bei einem <a href=\"https:\/\/www.urlaubcornwall.de\/reiseziel\/cornwall.php\">Urlaub in Cornwall<\/a> immer in greifbarer N\u00e4he. Es gibt keine sch\u00f6nere Region f\u00fcr einen Urlaub an der K\u00fcste S\u00fcdenglands.<\/p>\n<p>Cornwall ist stolz darauf, sich mit einigen der besten Str\u00e4nde Gro\u00dfbritanniens r\u00fchmen zu d\u00fcrfen. Jeder hat da so seine pers\u00f6nlichen Favoriten, f\u00fcr den einen mag es Porthmeor in St. Ives sein, f\u00fcr andere The Towans, einem goldenen Sandstrand, der sich von Hayle aus n\u00f6rdlich bis hin zum Godrevy Leuchtturm erstreckt und der perfekt f\u00fcr Familien geeignet ist, die sich nach einem sonnigen Urlaub am Meer sehnen.<\/p>\n<p>Urige D\u00f6rfer wie Mousehole und Portloe zeugen vom Einfluss des Meeres auf die einstigen Bewohner der Grafschaft; die gesch\u00e4ftigen H\u00e4fen Falmouth und Penzance nach wie vor von Wichtigkeit f\u00fcr die Vitalit\u00e4t der Grafschaft.Beginnen Sie Ihre eigene Familienliebesgeschichte mit der Grafschaft in einem unserer <a href=\"https:\/\/www.urlaubcornwall.de\/ferienhaeuser-fewos\/cornwall-am-meer.html\">Ferienh\u00e4user am Meer in Cornwall<\/a><\/p>\n<div class=\"snippet\"> <a class=\"featured-item\" href=\"https:\/\/www.urlaubcornwall.de\/ferienhaeuser\/cornwall.php\"> <span class=\"image-holder\" style=\"background-image: url('https:\/\/www.urlaubcornwall.de\/blog\/wp-content\/uploads\/2018\/12\/familienurlaub-corwnall-snippet.jpg');\"><\/span> <span class=\"featured-content\"> \n<h2 class=\"featured-title\">Ferienh\u00e4user in Cornwall am Meer<\/h2>\n<p class=\"featured-body\">Cornwall besitzt mehr K\u00fcstenlinien als jede andere Grafschaft und bietet einige der besten Str\u00e4nde, K\u00fcstenwanderwege und Klippenlandschaften, die man \u00fcberhaupt finden kann&#8230; <\/p><\/span> <span class=\"featured-link-holder\"> <span class=\"featured-extra-info\"> \n<p>F\u00fcr Paare, Familien &#038; Gruppen<\/p>\n<\/span> \n<p class=\"featured-link\">DETAILS<\/p>\n<\/span> <\/a><\/div>\n","protected":false},"excerpt":{"rendered":"<p>Die Sch\u00f6nheit der kornischen K\u00fcste und der dramatische Kontrast zwischen Land und Meer sind bei einem Urlaub in Cornwall immer in greifbarer N\u00e4he. Es gibt keine sch\u00f6nere Region f\u00fcr einen Urlaub an der K\u00fcste S\u00fcdenglands. Cornwall ist stolz darauf, sich mit einigen der besten Str\u00e4nde Gro\u00dfbritanniens r\u00fchmen zu d\u00fcrfen. Jeder hat da so seine pers\u00f6nlichen [&hellip;]<\/p>\n","protected":false},"author":1,"featured_media":0,"parent":0,"menu_order":0,"comment_status":"closed","ping_status":"closed","template":"single-four.php","meta":[],"acf":[],"yoast_head":"<!-- This site is optimized with the Yoast SEO plugin v19.4 - https:\/\/yoast.com\/wordpress\/plugins\/seo\/ -->\n<title>Warum ist Cornwall ein perfektes Urlaubsziel? - Urlaub &amp; Reisen<\/title>\n<meta name=\"robots\" content=\"index, follow, max-snippet:-1, max-image-preview:large, max-video-preview:-1\" \/>\n<link rel=\"canonical\" href=\"https:\/\/www.urlaubcornwall.de\/blog\/warum-ist-cornwall-ein-perfektes-urlaubsziel\/\" \/>\n<meta property=\"og:locale\" content=\"en_US\" \/>\n<meta property=\"og:type\" content=\"article\" \/>\n<meta property=\"og:title\" content=\"Warum ist Cornwall ein perfektes Urlaubsziel? - Urlaub &amp; Reisen\" \/>\n<meta property=\"og:description\" content=\"Die Sch\u00f6nheit der kornischen K\u00fcste und der dramatische Kontrast zwischen Land und Meer sind bei einem Urlaub in Cornwall immer in greifbarer N\u00e4he. Es gibt keine sch\u00f6nere Region f\u00fcr einen Urlaub an der K\u00fcste S\u00fcdenglands. Cornwall ist stolz darauf, sich mit einigen der besten Str\u00e4nde Gro\u00dfbritanniens r\u00fchmen zu d\u00fcrfen. Jeder hat da so seine pers\u00f6nlichen [&hellip;]\" \/>\n<meta property=\"og:url\" content=\"https:\/\/www.urlaubcornwall.de\/blog\/warum-ist-cornwall-ein-perfektes-urlaubsziel\/\" \/>\n<meta property=\"og:site_name\" content=\"Urlaub &amp; Reisen\" \/>\n<meta property=\"og:image\" content=\"https:\/\/www.urlaubcornwall.de\/blog\/wp-content\/uploads\/2020\/05\/st-martins-blick.jpg\" \/>\n<meta name=\"twitter:card\" content=\"summary\" \/>\n<meta name=\"twitter:label1\" content=\"Est. reading time\" \/>\n\t<meta name=\"twitter:data1\" content=\"1 minute\" \/>\n<script type=\"application\/ld+json\" class=\"yoast-schema-graph\">{\"@context\":\"https:\/\/schema.org\",\"@graph\":[{\"@type\":\"WebSite\",\"@id\":\"https:\/\/www.urlaubcornwall.de\/blog\/#website\",\"url\":\"https:\/\/www.urlaubcornwall.de\/blog\/\",\"name\":\"Urlaub &amp; Reisen\",\"description\":\"Urlaub, Reisen, Cornwall und S\u00fcdengland: eine perfekte Kombination\",\"potentialAction\":[{\"@type\":\"SearchAction\",\"target\":{\"@type\":\"EntryPoint\",\"urlTemplate\":\"https:\/\/www.urlaubcornwall.de\/blog\/?s={search_term_string}\"},\"query-input\":\"required name=search_term_string\"}],\"inLanguage\":\"en-US\"},{\"@type\":\"WebPage\",\"@id\":\"https:\/\/www.urlaubcornwall.de\/blog\/warum-ist-cornwall-ein-perfektes-urlaubsziel\/\",\"url\":\"https:\/\/www.urlaubcornwall.de\/blog\/warum-ist-cornwall-ein-perfektes-urlaubsziel\/\",\"name\":\"Warum ist Cornwall ein perfektes Urlaubsziel? - Urlaub &amp; Reisen\",\"isPartOf\":{\"@id\":\"https:\/\/www.urlaubcornwall.de\/blog\/#website\"},\"datePublished\":\"2021-07-30T14:20:09+00:00\",\"dateModified\":\"2021-07-30T14:20:09+00:00\",\"breadcrumb\":{\"@id\":\"https:\/\/www.urlaubcornwall.de\/blog\/warum-ist-cornwall-ein-perfektes-urlaubsziel\/#breadcrumb\"},\"inLanguage\":\"en-US\",\"potentialAction\":[{\"@type\":\"ReadAction\",\"target\":[\"https:\/\/www.urlaubcornwall.de\/blog\/warum-ist-cornwall-ein-perfektes-urlaubsziel\/\"]}]},{\"@type\":\"BreadcrumbList\",\"@id\":\"https:\/\/www.urlaubcornwall.de\/blog\/warum-ist-cornwall-ein-perfektes-urlaubsziel\/#breadcrumb\",\"itemListElement\":[{\"@type\":\"ListItem\",\"position\":1,\"name\":\"Home\",\"item\":\"https:\/\/www.urlaubcornwall.de\/blog\/\"},{\"@type\":\"ListItem\",\"position\":2,\"name\":\"Warum ist Cornwall ein perfektes Urlaubsziel?\"}]}]}<\/script>\n<!-- \/ Yoast SEO plugin. -->","yoast_head_json":{"title":"Warum ist Cornwall ein perfektes Urlaubsziel? - Urlaub &amp; Reisen","robots":{"index":"index","follow":"follow","max-snippet":"max-snippet:-1","max-image-preview":"max-image-preview:large","max-video-preview":"max-video-preview:-1"},"canonical":"https:\/\/www.urlaubcornwall.de\/blog\/warum-ist-cornwall-ein-perfektes-urlaubsziel\/","og_locale":"en_US","og_type":"article","og_title":"Warum ist Cornwall ein perfektes Urlaubsziel? - Urlaub &amp; Reisen","og_description":"Die Sch\u00f6nheit der kornischen K\u00fcste und der dramatische Kontrast zwischen Land und Meer sind bei einem Urlaub in Cornwall immer in greifbarer N\u00e4he. Es gibt keine sch\u00f6nere Region f\u00fcr einen Urlaub an der K\u00fcste S\u00fcdenglands. Cornwall ist stolz darauf, sich mit einigen der besten Str\u00e4nde Gro\u00dfbritanniens r\u00fchmen zu d\u00fcrfen. Jeder hat da so seine pers\u00f6nlichen [&hellip;]","og_url":"https:\/\/www.urlaubcornwall.de\/blog\/warum-ist-cornwall-ein-perfektes-urlaubsziel\/","og_site_name":"Urlaub &amp; Reisen","og_image":[{"url":"https:\/\/www.urlaubcornwall.de\/blog\/wp-content\/uploads\/2020\/05\/st-martins-blick.jpg"}],"twitter_card":"summary","twitter_misc":{"Est. reading time":"1 minute"},"schema":{"@context":"https:\/\/schema.org","@graph":[{"@type":"WebSite","@id":"https:\/\/www.urlaubcornwall.de\/blog\/#website","url":"https:\/\/www.urlaubcornwall.de\/blog\/","name":"Urlaub &amp; Reisen","description":"Urlaub, Reisen, Cornwall und S\u00fcdengland: eine perfekte Kombination","potentialAction":[{"@type":"SearchAction","target":{"@type":"EntryPoint","urlTemplate":"https:\/\/www.urlaubcornwall.de\/blog\/?s={search_term_string}"},"query-input":"required name=search_term_string"}],"inLanguage":"en-US"},{"@type":"WebPage","@id":"https:\/\/www.urlaubcornwall.de\/blog\/warum-ist-cornwall-ein-perfektes-urlaubsziel\/","url":"https:\/\/www.urlaubcornwall.de\/blog\/warum-ist-cornwall-ein-perfektes-urlaubsziel\/","name":"Warum ist Cornwall ein perfektes Urlaubsziel? - Urlaub &amp; Reisen","isPartOf":{"@id":"https:\/\/www.urlaubcornwall.de\/blog\/#website"},"datePublished":"2021-07-30T14:20:09+00:00","dateModified":"2021-07-30T14:20:09+00:00","breadcrumb":{"@id":"https:\/\/www.urlaubcornwall.de\/blog\/warum-ist-cornwall-ein-perfektes-urlaubsziel\/#breadcrumb"},"inLanguage":"en-US","potentialAction":[{"@type":"ReadAction","target":["https:\/\/www.urlaubcornwall.de\/blog\/warum-ist-cornwall-ein-perfektes-urlaubsziel\/"]}]},{"@type":"BreadcrumbList","@id":"https:\/\/www.urlaubcornwall.de\/blog\/warum-ist-cornwall-ein-perfektes-urlaubsziel\/#breadcrumb","itemListElement":[{"@type":"ListItem","position":1,"name":"Home","item":"https:\/\/www.urlaubcornwall.de\/blog\/"},{"@type":"ListItem","position":2,"name":"Warum ist Cornwall ein perfektes Urlaubsziel?"}]}]}},"_links":{"self":[{"href":"https:\/\/www.urlaubcornwall.de\/blog\/wp-json\/wp\/v2\/pages\/41989"}],"collection":[{"href":"https:\/\/www.urlaubcornwall.de\/blog\/wp-json\/wp\/v2\/pages"}],"about":[{"href":"https:\/\/www.urlaubcornwall.de\/blog\/wp-json\/wp\/v2\/types\/page"}],"author":[{"embeddable":true,"href":"https:\/\/www.urlaubcornwall.de\/blog\/wp-json\/wp\/v2\/users\/1"}],"replies":[{"embeddable":true,"href":"https:\/\/www.urlaubcornwall.de\/blog\/wp-json\/wp\/v2\/comments?post=41989"}],"version-history":[{"count":1,"href":"https:\/\/www.urlaubcornwall.de\/blog\/wp-json\/wp\/v2\/pages\/41989\/revisions"}],"predecessor-version":[{"id":41992,"href":"https:\/\/www.urlaubcornwall.de\/blog\/wp-json\/wp\/v2\/pages\/41989\/revisions\/41992"}],"wp:attachment":[{"href":"https:\/\/www.urlaubcornwall.de\/blog\/wp-json\/wp\/v2\/media?parent=41989"}],"curies":[{"name":"wp","href":"https:\/\/api.w.org\/{rel}","templated":true}]}}