{"id":4197,"date":"2012-08-04T15:20:13","date_gmt":"2012-08-04T15:20:13","guid":{"rendered":"https:\/\/www.urlaubcornwall.de\/blog\/?page_id=4197"},"modified":"2021-05-27T11:13:49","modified_gmt":"2021-05-27T11:13:49","slug":"flying-boat-club-luxus-strandhaeuser-am-meer-schlafgelegenheiten-6","status":"publish","type":"page","link":"https:\/\/www.urlaubcornwall.de\/blog\/flying-boat-club-luxus-strandhaeuser-am-meer-schlafgelegenheiten-6\/","title":{"rendered":"Flying Boat Club Luxus Strandh\u00e4user: Schlafgelegenheiten 6"},"content":{"rendered":"<p>Der 5-Sterne-Luxus Flying Boat Club \u00a0besteht aus zw\u00f6lf Strandh\u00e4usern, einem attraktiven Klubhaus und Wellness-Einrichtung. Jede Immobilie ist stilvoll eingerichtet und anspruchsvoll gestaltet, mit den besten Aussichten auf den Scilly-Inseln.<\/p>\n<p>Mieten Sie eines der Strandh\u00e4user und Sie werden automatisch Mitglied des Klubhauses mit Restaurant und Bar. Ebenfalls vor Ort ist der <a title=\"Leisure Spa\" href=\"http:\/\/tresco.co.uk\/accommodation\/flying-boat-club\/activities-and-facilities\/Leisure_Spa.aspx\">Tresco Leisure Spa<\/a> mit seinem Innenschwimmbad, Fitnessstudio, Schwitzstube, Whirlpool und Behandlungsr\u00e4umen. Spielen Sie auf einem der zwei Tennispl\u00e4tze mit Turnierqualit\u00e4t, eine Runde Golf im Golfclub der Scilly-Inseln, oder gehen Sie ganz gepflegt im ber\u00fchmten tropischen Abbey Garden spazieren \u2013 und zwar f\u00fcr Mitglieder des Bootsferienklubs alles v\u00f6llig kostenlos.<\/p>\n<p>Ankunftstage: Dienstag\/Mittwoch\/Donnerstag\/Freitag<\/p>\n<p>Schlafgelegenheiten f\u00fcr 6-10 Personen, bitte erkundigen Sie sich hinsichtlich Ihrer besonderen Anforderungen.<\/p>\n<h2>UrlaubCornwall \u2013 der <span style=\"text-decoration: underline;\"><a href=\"https:\/\/www.urlaubcornwall.de\/blog\/2013\/06\/urlaubcornwall-der-reiseservice-fuer-die-scilly-inseln\/\">Reiseservice f\u00fcr die Scilly-Inseln<\/a><\/span><\/h2>\n<p style=\"text-align: center;\"><a class=\"tidycta\" href=\"https:\/\/www.urlaubcornwall.de\/reisebuchung.php\">Anfrage<\/a><\/p>\n<p style=\"text-align: left;\"><strong>N\u00fctzliche Informationen<\/strong><\/p>\n<p><span style=\"text-decoration: underline;\"><strong><a href=\"http:\/\/www.urlaubcornwall.de\/pdf\/tresco_island_cottage_map.pdf\">Landkarte von Tresco<\/a><\/strong><\/span> , <span style=\"text-decoration: underline;\"><strong><a href=\"https:\/\/www.urlaubcornwall.de\/blog\/2012\/03\/lebensmittel-und-getraenke-auf-tresco\/\" target=\"_blank\" rel=\"noopener\">Lebensmittel und Getr\u00e4nke auf Tresco<\/a> <\/strong><\/span>, <strong><span style=\"text-decoration: underline;\"><a href=\"https:\/\/www.urlaubcornwall.de\/blog\/?p=3979\" target=\"_blank\" rel=\"noopener\">Nat\u00fcrliche Umgebung<\/a> <\/span><\/strong>, <strong><span style=\"text-decoration: underline;\"><a href=\"https:\/\/www.urlaubcornwall.de\/blog\/?p=3990\" target=\"_blank\" rel=\"noopener\">Geschichte von Tresco <\/a><\/span><\/strong>, <strong><span style=\"text-decoration: underline;\"><a href=\"https:\/\/www.urlaubcornwall.de\/blog\/?p=3798\" target=\"_blank\" rel=\"noopener\">Bildergalerie<\/a><\/span><\/strong><\/p>\n","protected":false},"excerpt":{"rendered":"<p>Der 5-Sterne-Luxus Flying Boat Club \u00a0besteht aus zw\u00f6lf Strandh\u00e4usern, einem attraktiven Klubhaus und Wellness-Einrichtung. Jede Immobilie ist stilvoll eingerichtet und anspruchsvoll gestaltet, mit den besten Aussichten auf den Scilly-Inseln. Mieten Sie eines der Strandh\u00e4user und Sie werden automatisch Mitglied des Klubhauses mit Restaurant und Bar. Ebenfalls vor Ort ist der Tresco Leisure Spa mit seinem [&hellip;]<\/p>\n","protected":false},"author":1,"featured_media":0,"parent":0,"menu_order":0,"comment_status":"closed","ping_status":"closed","template":"single-three.php","meta":[],"acf":[],"yoast_head":"<!-- This site is optimized with the Yoast SEO plugin v19.4 - https:\/\/yoast.com\/wordpress\/plugins\/seo\/ -->\n<title>Flying Boat Club Luxus Strandh\u00e4user: Schlafgelegenheiten 6 - Urlaub &amp; Reisen<\/title>\n<meta name=\"robots\" content=\"index, follow, max-snippet:-1, max-image-preview:large, max-video-preview:-1\" \/>\n<link rel=\"canonical\" href=\"https:\/\/www.urlaubcornwall.de\/blog\/flying-boat-club-luxus-strandhaeuser-am-meer-schlafgelegenheiten-6\/\" \/>\n<meta property=\"og:locale\" content=\"en_US\" \/>\n<meta property=\"og:type\" content=\"article\" \/>\n<meta property=\"og:title\" content=\"Flying Boat Club Luxus Strandh\u00e4user: Schlafgelegenheiten 6 - Urlaub &amp; Reisen\" \/>\n<meta property=\"og:description\" content=\"Der 5-Sterne-Luxus Flying Boat Club \u00a0besteht aus zw\u00f6lf Strandh\u00e4usern, einem attraktiven Klubhaus und Wellness-Einrichtung. Jede Immobilie ist stilvoll eingerichtet und anspruchsvoll gestaltet, mit den besten Aussichten auf den Scilly-Inseln. Mieten Sie eines der Strandh\u00e4user und Sie werden automatisch Mitglied des Klubhauses mit Restaurant und Bar. Ebenfalls vor Ort ist der Tresco Leisure Spa mit seinem [&hellip;]\" \/>\n<meta property=\"og:url\" content=\"https:\/\/www.urlaubcornwall.de\/blog\/flying-boat-club-luxus-strandhaeuser-am-meer-schlafgelegenheiten-6\/\" \/>\n<meta property=\"og:site_name\" content=\"Urlaub &amp; Reisen\" \/>\n<meta property=\"article:modified_time\" content=\"2021-05-27T11:13:49+00:00\" \/>\n<meta name=\"twitter:card\" content=\"summary\" \/>\n<meta name=\"twitter:label1\" content=\"Est. reading time\" \/>\n\t<meta name=\"twitter:data1\" content=\"1 minute\" \/>\n<script type=\"application\/ld+json\" class=\"yoast-schema-graph\">{\"@context\":\"https:\/\/schema.org\",\"@graph\":[{\"@type\":\"WebSite\",\"@id\":\"https:\/\/www.urlaubcornwall.de\/blog\/#website\",\"url\":\"https:\/\/www.urlaubcornwall.de\/blog\/\",\"name\":\"Urlaub &amp; Reisen\",\"description\":\"Urlaub, Reisen, Cornwall und S\u00fcdengland: eine perfekte Kombination\",\"potentialAction\":[{\"@type\":\"SearchAction\",\"target\":{\"@type\":\"EntryPoint\",\"urlTemplate\":\"https:\/\/www.urlaubcornwall.de\/blog\/?s={search_term_string}\"},\"query-input\":\"required name=search_term_string\"}],\"inLanguage\":\"en-US\"},{\"@type\":\"WebPage\",\"@id\":\"https:\/\/www.urlaubcornwall.de\/blog\/flying-boat-club-luxus-strandhaeuser-am-meer-schlafgelegenheiten-6\/\",\"url\":\"https:\/\/www.urlaubcornwall.de\/blog\/flying-boat-club-luxus-strandhaeuser-am-meer-schlafgelegenheiten-6\/\",\"name\":\"Flying Boat Club Luxus Strandh\u00e4user: Schlafgelegenheiten 6 - Urlaub &amp; Reisen\",\"isPartOf\":{\"@id\":\"https:\/\/www.urlaubcornwall.de\/blog\/#website\"},\"datePublished\":\"2012-08-04T15:20:13+00:00\",\"dateModified\":\"2021-05-27T11:13:49+00:00\",\"breadcrumb\":{\"@id\":\"https:\/\/www.urlaubcornwall.de\/blog\/flying-boat-club-luxus-strandhaeuser-am-meer-schlafgelegenheiten-6\/#breadcrumb\"},\"inLanguage\":\"en-US\",\"potentialAction\":[{\"@type\":\"ReadAction\",\"target\":[\"https:\/\/www.urlaubcornwall.de\/blog\/flying-boat-club-luxus-strandhaeuser-am-meer-schlafgelegenheiten-6\/\"]}]},{\"@type\":\"BreadcrumbList\",\"@id\":\"https:\/\/www.urlaubcornwall.de\/blog\/flying-boat-club-luxus-strandhaeuser-am-meer-schlafgelegenheiten-6\/#breadcrumb\",\"itemListElement\":[{\"@type\":\"ListItem\",\"position\":1,\"name\":\"Home\",\"item\":\"https:\/\/www.urlaubcornwall.de\/blog\/\"},{\"@type\":\"ListItem\",\"position\":2,\"name\":\"Flying Boat Club Luxus Strandh\u00e4user: Schlafgelegenheiten 6\"}]}]}<\/script>\n<!-- \/ Yoast SEO plugin. -->","yoast_head_json":{"title":"Flying Boat Club Luxus Strandh\u00e4user: Schlafgelegenheiten 6 - Urlaub &amp; Reisen","robots":{"index":"index","follow":"follow","max-snippet":"max-snippet:-1","max-image-preview":"max-image-preview:large","max-video-preview":"max-video-preview:-1"},"canonical":"https:\/\/www.urlaubcornwall.de\/blog\/flying-boat-club-luxus-strandhaeuser-am-meer-schlafgelegenheiten-6\/","og_locale":"en_US","og_type":"article","og_title":"Flying Boat Club Luxus Strandh\u00e4user: Schlafgelegenheiten 6 - Urlaub &amp; Reisen","og_description":"Der 5-Sterne-Luxus Flying Boat Club \u00a0besteht aus zw\u00f6lf Strandh\u00e4usern, einem attraktiven Klubhaus und Wellness-Einrichtung. Jede Immobilie ist stilvoll eingerichtet und anspruchsvoll gestaltet, mit den besten Aussichten auf den Scilly-Inseln. Mieten Sie eines der Strandh\u00e4user und Sie werden automatisch Mitglied des Klubhauses mit Restaurant und Bar. Ebenfalls vor Ort ist der Tresco Leisure Spa mit seinem [&hellip;]","og_url":"https:\/\/www.urlaubcornwall.de\/blog\/flying-boat-club-luxus-strandhaeuser-am-meer-schlafgelegenheiten-6\/","og_site_name":"Urlaub &amp; Reisen","article_modified_time":"2021-05-27T11:13:49+00:00","twitter_card":"summary","twitter_misc":{"Est. reading time":"1 minute"},"schema":{"@context":"https:\/\/schema.org","@graph":[{"@type":"WebSite","@id":"https:\/\/www.urlaubcornwall.de\/blog\/#website","url":"https:\/\/www.urlaubcornwall.de\/blog\/","name":"Urlaub &amp; Reisen","description":"Urlaub, Reisen, Cornwall und S\u00fcdengland: eine perfekte Kombination","potentialAction":[{"@type":"SearchAction","target":{"@type":"EntryPoint","urlTemplate":"https:\/\/www.urlaubcornwall.de\/blog\/?s={search_term_string}"},"query-input":"required name=search_term_string"}],"inLanguage":"en-US"},{"@type":"WebPage","@id":"https:\/\/www.urlaubcornwall.de\/blog\/flying-boat-club-luxus-strandhaeuser-am-meer-schlafgelegenheiten-6\/","url":"https:\/\/www.urlaubcornwall.de\/blog\/flying-boat-club-luxus-strandhaeuser-am-meer-schlafgelegenheiten-6\/","name":"Flying Boat Club Luxus Strandh\u00e4user: Schlafgelegenheiten 6 - Urlaub &amp; Reisen","isPartOf":{"@id":"https:\/\/www.urlaubcornwall.de\/blog\/#website"},"datePublished":"2012-08-04T15:20:13+00:00","dateModified":"2021-05-27T11:13:49+00:00","breadcrumb":{"@id":"https:\/\/www.urlaubcornwall.de\/blog\/flying-boat-club-luxus-strandhaeuser-am-meer-schlafgelegenheiten-6\/#breadcrumb"},"inLanguage":"en-US","potentialAction":[{"@type":"ReadAction","target":["https:\/\/www.urlaubcornwall.de\/blog\/flying-boat-club-luxus-strandhaeuser-am-meer-schlafgelegenheiten-6\/"]}]},{"@type":"BreadcrumbList","@id":"https:\/\/www.urlaubcornwall.de\/blog\/flying-boat-club-luxus-strandhaeuser-am-meer-schlafgelegenheiten-6\/#breadcrumb","itemListElement":[{"@type":"ListItem","position":1,"name":"Home","item":"https:\/\/www.urlaubcornwall.de\/blog\/"},{"@type":"ListItem","position":2,"name":"Flying Boat Club Luxus Strandh\u00e4user: Schlafgelegenheiten 6"}]}]}},"_links":{"self":[{"href":"https:\/\/www.urlaubcornwall.de\/blog\/wp-json\/wp\/v2\/pages\/4197"}],"collection":[{"href":"https:\/\/www.urlaubcornwall.de\/blog\/wp-json\/wp\/v2\/pages"}],"about":[{"href":"https:\/\/www.urlaubcornwall.de\/blog\/wp-json\/wp\/v2\/types\/page"}],"author":[{"embeddable":true,"href":"https:\/\/www.urlaubcornwall.de\/blog\/wp-json\/wp\/v2\/users\/1"}],"replies":[{"embeddable":true,"href":"https:\/\/www.urlaubcornwall.de\/blog\/wp-json\/wp\/v2\/comments?post=4197"}],"version-history":[{"count":33,"href":"https:\/\/www.urlaubcornwall.de\/blog\/wp-json\/wp\/v2\/pages\/4197\/revisions"}],"predecessor-version":[{"id":41728,"href":"https:\/\/www.urlaubcornwall.de\/blog\/wp-json\/wp\/v2\/pages\/4197\/revisions\/41728"}],"wp:attachment":[{"href":"https:\/\/www.urlaubcornwall.de\/blog\/wp-json\/wp\/v2\/media?parent=4197"}],"curies":[{"name":"wp","href":"https:\/\/api.w.org\/{rel}","templated":true}]}}