{"id":41928,"date":"2021-07-29T07:28:16","date_gmt":"2021-07-29T07:28:16","guid":{"rendered":"https:\/\/www.urlaubcornwall.de\/blog\/?page_id=41928"},"modified":"2022-03-18T08:04:35","modified_gmt":"2022-03-18T08:04:35","slug":"koennen-sie-ohne-quarantaene-nach-grossbritannien-reisen","status":"publish","type":"page","link":"https:\/\/www.urlaubcornwall.de\/blog\/koennen-sie-ohne-quarantaene-nach-grossbritannien-reisen\/","title":{"rendered":"K\u00f6nnen Sie ohne Quarant\u00e4ne nach Gro\u00dfbritannien reisen?"},"content":{"rendered":"<p><img loading=\"lazy\" class=\"aligncenter size-full wp-image-38137\" src=\"https:\/\/www.urlaubcornwall.de\/blog\/wp-content\/uploads\/2019\/04\/Charmante-D\u00f6rfer-cornwall.jpg\" alt=\"Selbstversorger ferienhaus in England\" width=\"749\" height=\"498\"\/><\/p>\n<p><strong>J\u00fcngstes Update Coronavirus\/Covid 19<\/strong> &#8211; Vom 11. Februar 2022 ist es nicht mehr n\u00f6tig, sich bei Ankunft im UK einem Coronavirustest zu unterziehen, sofern Besucher vollst\u00e4ndig geimpft sind. Reisende werden ins Land kommen k\u00f6nnen, ohne vor oder nach der Reise einen Test durchf\u00fchren zu m\u00fcssen.<\/p>\n<p>Ausw\u00e4rtiges Amt &#8211; Gro\u00dfbritannien und Nordirland\/Vereinigtes K\u00f6nigreich: <a href=\"https:\/\/www.auswaertiges-amt.de\/de\/aussenpolitik\/laender\/grossbritannien-node\/grossbritanniensicherheit\/206408\">Reise- und Sicherheitshinweise<\/a><\/p>\n<p><strong>Urlaubsinspiration<\/strong><\/p>\n<p>Cornwall ist das ideale Urlaubsziel aufgrund seiner unversehrten Naturumgebung mit <a href=\"https:\/\/www.urlaubcornwall.de\/ferienhaeuser-fewos\/cornwall-am-meer.html\">300km wundersch\u00f6ner K\u00fcste<\/a>, vielen Sandstr\u00e4nden und Buchten, malerischen H\u00e4fen und l\u00e4ndlichen D\u00f6rfern. <a href=\"https:\/\/www.urlaubcornwall.de\/ferienhaeuser\/cornwall.php\">Cornishe Ferienh\u00e4user<\/a> sind geradezu ideal, um Urlaub hier zu genie\u00dfen.<\/p>\n<h1 style=\"text-align: center;\"><strong>Ferienh\u00e4user Coronavirus K\u00fcndigungsgarantie 22<\/strong><\/h1>\n<p style=\"text-align: center;\"><strong>Eine Garantie f\u00fcr eine kostenfreie Stornierung<\/strong><\/p>\n<p style=\"text-align: center;\"><a class=\"tidycta\" href=\"https:\/\/www.urlaubcornwall.de\/ferienhaeuser\/suedengland.php\">Suche Ferienh\u00e4user >><\/a><\/p>\n<p>Sie werden \u00fcber Ihre eigenen Selbstversorgereinrichtungen verf\u00fcgen mit einem Garten und Au\u00dfenbereich, um zu entspannen und sich sicher zu f\u00fchlen. Viele haben Meeresblick und befinden sich in der N\u00e4he der besten Str\u00e4nde mit Unterkunft f\u00fcr Paare, Familien und Freundesgruppen.<br \/>\nUm Ihren Seelenfrieden zu erhalten, bieten wir eine ultimative Zusammenstellung <a href=\"https:\/\/www.urlaubcornwall.de\/ferienhaeuser\/cornwall.php\">handverlesener und inspizierter Ferienh\u00e4user mit einer Garantie auf Coronavirus<\/a> R\u00fcckerstattung von Seiten unserer Partner in Urlaubsunterk\u00fcnften. Daher k\u00f6nnen Sie also mit vollem Vertrauen buchen!<\/p>\n<p>Vorbereitungen f\u00fcr Ihren Urlaub in einem Ferienhaus in S\u00fcdengland &#8211; Extra Sorgfalt walten lassen: Nach Covid-19 wird Ihr Urlaub in Cornwall verst\u00e4ndlicherweise ein wenig anders ausschauen. Daher wollten wir sicherstellen, dass Sie sich sicher und gut vorbereitet f\u00fcr Ihre Reise f\u00fchlen&#8230;. <a href=\"https:\/\/www.urlaubcornwall.de\/blog\/vorbereitungen-fuer-ihren-urlaub-in-einem-ferienhaus-in-cornwall\/\">[ Mehr ]<\/a><\/p>\n<div class=\"snippet\"> <a class=\"featured-item\" href=\"https:\/\/www.urlaubcornwall.de\/ferienhaeuser\/suedengland.php\"> <span class=\"image-holder\" style=\"background-image: url('https:\/\/www.urlaubcornwall.de\/blog\/wp-content\/uploads\/2018\/11\/landhaus-cornwall-1.jpg');\"><\/span> <span class=\"featured-content\"> \n<h2 class=\"featured-title\">Ferienh\u00e4user in S\u00fcdengland<\/h2>\n<p class=\"featured-body\">Bei uns finden Sie Ferienh\u00e4user zum Verlieben &#8211; so einfach ist das! Wir bieten eine Auswahl an handerlesenen und inspizierten Ferienh\u00e4usern und Ferienwohnungen in Kent, Sussex, Dorset, Devon und Cornwall an. Mit unseren Partnern, die \u00fcber 40 Jahre Erfahrung auf sich vereinen, garantieren wir die feinsten Urlaubsunterk\u00fcnfte&#8230;&#8230;<\/p><\/span> <span class=\"featured-link-holder\"> <span class=\"featured-extra-info\"> \n<p>F\u00fcr Paare, Familien &#038; Gruppen<\/p>\n<\/span> \n<p class=\"featured-link\">DETAILS<\/p>\n<\/span> <\/a><\/div>\n","protected":false},"excerpt":{"rendered":"<p>J\u00fcngstes Update Coronavirus\/Covid 19 &#8211; Vom 11. Februar 2022 ist es nicht mehr n\u00f6tig, sich bei Ankunft im UK einem Coronavirustest zu unterziehen, sofern Besucher vollst\u00e4ndig geimpft sind. Reisende werden ins Land kommen k\u00f6nnen, ohne vor oder nach der Reise einen Test durchf\u00fchren zu m\u00fcssen. Ausw\u00e4rtiges Amt &#8211; Gro\u00dfbritannien und Nordirland\/Vereinigtes K\u00f6nigreich: Reise- und Sicherheitshinweise [&hellip;]<\/p>\n","protected":false},"author":1,"featured_media":0,"parent":0,"menu_order":0,"comment_status":"closed","ping_status":"closed","template":"single-four.php","meta":[],"acf":[],"yoast_head":"<!-- This site is optimized with the Yoast SEO plugin v19.4 - https:\/\/yoast.com\/wordpress\/plugins\/seo\/ -->\n<title>K\u00f6nnen Sie ohne Quarant\u00e4ne nach Gro\u00dfbritannien reisen? - Urlaub &amp; Reisen<\/title>\n<meta name=\"robots\" content=\"index, follow, max-snippet:-1, max-image-preview:large, max-video-preview:-1\" \/>\n<link rel=\"canonical\" href=\"https:\/\/www.urlaubcornwall.de\/blog\/koennen-sie-ohne-quarantaene-nach-grossbritannien-reisen\/\" \/>\n<meta property=\"og:locale\" content=\"en_US\" \/>\n<meta property=\"og:type\" content=\"article\" \/>\n<meta property=\"og:title\" content=\"K\u00f6nnen Sie ohne Quarant\u00e4ne nach Gro\u00dfbritannien reisen? - Urlaub &amp; Reisen\" \/>\n<meta property=\"og:description\" content=\"J\u00fcngstes Update Coronavirus\/Covid 19 &#8211; Vom 11. Februar 2022 ist es nicht mehr n\u00f6tig, sich bei Ankunft im UK einem Coronavirustest zu unterziehen, sofern Besucher vollst\u00e4ndig geimpft sind. Reisende werden ins Land kommen k\u00f6nnen, ohne vor oder nach der Reise einen Test durchf\u00fchren zu m\u00fcssen. Ausw\u00e4rtiges Amt &#8211; Gro\u00dfbritannien und Nordirland\/Vereinigtes K\u00f6nigreich: Reise- und Sicherheitshinweise [&hellip;]\" \/>\n<meta property=\"og:url\" content=\"https:\/\/www.urlaubcornwall.de\/blog\/koennen-sie-ohne-quarantaene-nach-grossbritannien-reisen\/\" \/>\n<meta property=\"og:site_name\" content=\"Urlaub &amp; Reisen\" \/>\n<meta property=\"article:modified_time\" content=\"2022-03-18T08:04:35+00:00\" \/>\n<meta property=\"og:image\" content=\"https:\/\/www.urlaubcornwall.de\/blog\/wp-content\/uploads\/2019\/04\/Charmante-D\u00f6rfer-cornwall.jpg\" \/>\n<meta name=\"twitter:card\" content=\"summary\" \/>\n<meta name=\"twitter:label1\" content=\"Est. reading time\" \/>\n\t<meta name=\"twitter:data1\" content=\"2 minutes\" \/>\n<script type=\"application\/ld+json\" class=\"yoast-schema-graph\">{\"@context\":\"https:\/\/schema.org\",\"@graph\":[{\"@type\":\"WebSite\",\"@id\":\"https:\/\/www.urlaubcornwall.de\/blog\/#website\",\"url\":\"https:\/\/www.urlaubcornwall.de\/blog\/\",\"name\":\"Urlaub &amp; Reisen\",\"description\":\"Urlaub, Reisen, Cornwall und S\u00fcdengland: eine perfekte Kombination\",\"potentialAction\":[{\"@type\":\"SearchAction\",\"target\":{\"@type\":\"EntryPoint\",\"urlTemplate\":\"https:\/\/www.urlaubcornwall.de\/blog\/?s={search_term_string}\"},\"query-input\":\"required name=search_term_string\"}],\"inLanguage\":\"en-US\"},{\"@type\":\"WebPage\",\"@id\":\"https:\/\/www.urlaubcornwall.de\/blog\/koennen-sie-ohne-quarantaene-nach-grossbritannien-reisen\/\",\"url\":\"https:\/\/www.urlaubcornwall.de\/blog\/koennen-sie-ohne-quarantaene-nach-grossbritannien-reisen\/\",\"name\":\"K\u00f6nnen Sie ohne Quarant\u00e4ne nach Gro\u00dfbritannien reisen? - Urlaub &amp; Reisen\",\"isPartOf\":{\"@id\":\"https:\/\/www.urlaubcornwall.de\/blog\/#website\"},\"datePublished\":\"2021-07-29T07:28:16+00:00\",\"dateModified\":\"2022-03-18T08:04:35+00:00\",\"breadcrumb\":{\"@id\":\"https:\/\/www.urlaubcornwall.de\/blog\/koennen-sie-ohne-quarantaene-nach-grossbritannien-reisen\/#breadcrumb\"},\"inLanguage\":\"en-US\",\"potentialAction\":[{\"@type\":\"ReadAction\",\"target\":[\"https:\/\/www.urlaubcornwall.de\/blog\/koennen-sie-ohne-quarantaene-nach-grossbritannien-reisen\/\"]}]},{\"@type\":\"BreadcrumbList\",\"@id\":\"https:\/\/www.urlaubcornwall.de\/blog\/koennen-sie-ohne-quarantaene-nach-grossbritannien-reisen\/#breadcrumb\",\"itemListElement\":[{\"@type\":\"ListItem\",\"position\":1,\"name\":\"Home\",\"item\":\"https:\/\/www.urlaubcornwall.de\/blog\/\"},{\"@type\":\"ListItem\",\"position\":2,\"name\":\"K\u00f6nnen Sie ohne Quarant\u00e4ne nach Gro\u00dfbritannien reisen?\"}]}]}<\/script>\n<!-- \/ Yoast SEO plugin. -->","yoast_head_json":{"title":"K\u00f6nnen Sie ohne Quarant\u00e4ne nach Gro\u00dfbritannien reisen? - Urlaub &amp; Reisen","robots":{"index":"index","follow":"follow","max-snippet":"max-snippet:-1","max-image-preview":"max-image-preview:large","max-video-preview":"max-video-preview:-1"},"canonical":"https:\/\/www.urlaubcornwall.de\/blog\/koennen-sie-ohne-quarantaene-nach-grossbritannien-reisen\/","og_locale":"en_US","og_type":"article","og_title":"K\u00f6nnen Sie ohne Quarant\u00e4ne nach Gro\u00dfbritannien reisen? - Urlaub &amp; Reisen","og_description":"J\u00fcngstes Update Coronavirus\/Covid 19 &#8211; Vom 11. Februar 2022 ist es nicht mehr n\u00f6tig, sich bei Ankunft im UK einem Coronavirustest zu unterziehen, sofern Besucher vollst\u00e4ndig geimpft sind. Reisende werden ins Land kommen k\u00f6nnen, ohne vor oder nach der Reise einen Test durchf\u00fchren zu m\u00fcssen. Ausw\u00e4rtiges Amt &#8211; Gro\u00dfbritannien und Nordirland\/Vereinigtes K\u00f6nigreich: Reise- und Sicherheitshinweise [&hellip;]","og_url":"https:\/\/www.urlaubcornwall.de\/blog\/koennen-sie-ohne-quarantaene-nach-grossbritannien-reisen\/","og_site_name":"Urlaub &amp; Reisen","article_modified_time":"2022-03-18T08:04:35+00:00","og_image":[{"url":"https:\/\/www.urlaubcornwall.de\/blog\/wp-content\/uploads\/2019\/04\/Charmante-D\u00f6rfer-cornwall.jpg"}],"twitter_card":"summary","twitter_misc":{"Est. reading time":"2 minutes"},"schema":{"@context":"https:\/\/schema.org","@graph":[{"@type":"WebSite","@id":"https:\/\/www.urlaubcornwall.de\/blog\/#website","url":"https:\/\/www.urlaubcornwall.de\/blog\/","name":"Urlaub &amp; Reisen","description":"Urlaub, Reisen, Cornwall und S\u00fcdengland: eine perfekte Kombination","potentialAction":[{"@type":"SearchAction","target":{"@type":"EntryPoint","urlTemplate":"https:\/\/www.urlaubcornwall.de\/blog\/?s={search_term_string}"},"query-input":"required name=search_term_string"}],"inLanguage":"en-US"},{"@type":"WebPage","@id":"https:\/\/www.urlaubcornwall.de\/blog\/koennen-sie-ohne-quarantaene-nach-grossbritannien-reisen\/","url":"https:\/\/www.urlaubcornwall.de\/blog\/koennen-sie-ohne-quarantaene-nach-grossbritannien-reisen\/","name":"K\u00f6nnen Sie ohne Quarant\u00e4ne nach Gro\u00dfbritannien reisen? - Urlaub &amp; Reisen","isPartOf":{"@id":"https:\/\/www.urlaubcornwall.de\/blog\/#website"},"datePublished":"2021-07-29T07:28:16+00:00","dateModified":"2022-03-18T08:04:35+00:00","breadcrumb":{"@id":"https:\/\/www.urlaubcornwall.de\/blog\/koennen-sie-ohne-quarantaene-nach-grossbritannien-reisen\/#breadcrumb"},"inLanguage":"en-US","potentialAction":[{"@type":"ReadAction","target":["https:\/\/www.urlaubcornwall.de\/blog\/koennen-sie-ohne-quarantaene-nach-grossbritannien-reisen\/"]}]},{"@type":"BreadcrumbList","@id":"https:\/\/www.urlaubcornwall.de\/blog\/koennen-sie-ohne-quarantaene-nach-grossbritannien-reisen\/#breadcrumb","itemListElement":[{"@type":"ListItem","position":1,"name":"Home","item":"https:\/\/www.urlaubcornwall.de\/blog\/"},{"@type":"ListItem","position":2,"name":"K\u00f6nnen Sie ohne Quarant\u00e4ne nach Gro\u00dfbritannien reisen?"}]}]}},"_links":{"self":[{"href":"https:\/\/www.urlaubcornwall.de\/blog\/wp-json\/wp\/v2\/pages\/41928"}],"collection":[{"href":"https:\/\/www.urlaubcornwall.de\/blog\/wp-json\/wp\/v2\/pages"}],"about":[{"href":"https:\/\/www.urlaubcornwall.de\/blog\/wp-json\/wp\/v2\/types\/page"}],"author":[{"embeddable":true,"href":"https:\/\/www.urlaubcornwall.de\/blog\/wp-json\/wp\/v2\/users\/1"}],"replies":[{"embeddable":true,"href":"https:\/\/www.urlaubcornwall.de\/blog\/wp-json\/wp\/v2\/comments?post=41928"}],"version-history":[{"count":9,"href":"https:\/\/www.urlaubcornwall.de\/blog\/wp-json\/wp\/v2\/pages\/41928\/revisions"}],"predecessor-version":[{"id":44651,"href":"https:\/\/www.urlaubcornwall.de\/blog\/wp-json\/wp\/v2\/pages\/41928\/revisions\/44651"}],"wp:attachment":[{"href":"https:\/\/www.urlaubcornwall.de\/blog\/wp-json\/wp\/v2\/media?parent=41928"}],"curies":[{"name":"wp","href":"https:\/\/api.w.org\/{rel}","templated":true}]}}