{"id":41898,"date":"2021-07-19T11:32:15","date_gmt":"2021-07-19T11:32:15","guid":{"rendered":"https:\/\/www.urlaubcornwall.de\/blog\/?page_id=41898"},"modified":"2021-09-14T10:34:10","modified_gmt":"2021-09-14T10:34:10","slug":"wanderung-um-lands-end","status":"publish","type":"page","link":"https:\/\/www.urlaubcornwall.de\/blog\/wanderung-um-lands-end\/","title":{"rendered":"WANDERUNG um Lands End"},"content":{"rendered":"<p><img loading=\"lazy\" class=\"aligncenter size-full wp-image-40103\" src=\"https:\/\/www.urlaubcornwall.de\/blog\/wp-content\/uploads\/2020\/05\/lands-end-blick2.jpg\" alt=\"lands end blick\" width=\"750\" height=\"601\"\/><\/p>\n<p>H\u00f6hepunkte eines <a href=\"https:\/\/www.urlaubcornwall.de\/wanderurlaub\/cornwall.php\">Wanderurlaubs in Cornwall<\/a> &#8211; Der <a href=\"https:\/\/www.urlaubcornwall.de\/blog\/suedwestkuestenpfad-unser-fuehrer-wandern-in-cornwall-devon-und-suedengland\/\">S\u00fcdwestk\u00fcstenpfad<\/a> ist der l\u00e4ngste Pfad Britanniens und erstreckt sich \u00fcber 630 Meilen von Minehead in Somerset bis nach Poole in Dorset und schlie\u00dft dabei die gesamte K\u00fcste Devons und Cornwalls mit ein. Es ist die beliebteste Route f\u00fcr Wanderurlaube in England.<\/p>\n<p><h1>Unser Lieblingswanderweg um Lands End <\/h1><\/p>\n<p>\u2022\tEntlang des Kirstenpfads haben wir Blick hin\u00fcber zum Longships Leuchtturm und sehen vielleicht sogar Robben, Delfine und Riesenhaie.<\/p>\n<p>\u2022\tBlack Rigger \u2013 Geisterschiff \u2013 verk\u00fcndet k\u00fcnftiges Missgeschick<\/p>\n<p>\u2022\tFirst and Last \u2013  Kneipe in <a href=\"https:\/\/www.urlaubcornwall.de\/ferienhaeuser-fewos\/sennen.html\">Sennen<\/a>.<\/p>\n<p>\u2022\tAnnie Treeve \u2013 Geschichte einer ortsans\u00e4ssigen Schmugglerin <\/p>\n<p><strong>Nanjizal<\/strong><\/p>\n<p>\u2022\tDaisy Dog \u2013 der Geist eines Hundes. Wer von ihm gebissen wird, wird rasch zu Tode kommen.<\/p>\n<p>\u2022\tDiese Geschichte geht zur\u00fcck auf die Bestattung einer chinesischen Prinzessin und ihrer Elfenbeintruhe, nachdem sie \u00fcber Bord gegangen und hier angesp\u00fclt und begraben wurde.<\/p>\n<p><strong>Porthgwarra <\/strong><\/p>\n<p>\u2022\tBucht der Liebenden<\/p>\n<p>\u2022\tWilliam, der Sohn eines Fischers verliebte sich in die Farmerstocher Nancy; eine schicksalhafte Liebesgeschichte mit traurigem Ende.<\/p>\n<p>\u2022\tSt Levan \u2013 das Zuhause und benannt nach dem Schutzheiligen der Angler.<\/p>\n<p>\u2022\tMadge Figgy lebte hier, eine Hexe, die F\u00fchrerin der Hexen von St Levan.<\/p>\n<p>\u2022\tEs gibt hier noch immer wei\u00dfe und schwarze Hexerei.<\/p>\n<p>UrlaubCornwall spezialisieren sich auf gef\u00fchrte und ungef\u00fchrte Wanderferien in Cornwall und <a href=\"https:\/\/www.urlaubcornwall.de\/wanderurlaub\/devon.php\">Devon<\/a>. Eine Klippenwanderung am S\u00fcdwestk\u00fcstenpfad macht Ihren Urlaub in einer der beliebtesten Urlaubsgegenden in S\u00fcdengland zu einem unvergesslichen Erlebnis.<\/p>\n<p style=\"text-align: center;\"><a class=\"tidycta\" href=\"http:\/\/www.urlaubcornwall.de\/wanderurlaub\/cornwall.php\">Wanderurlaub Anfrage<\/a><\/p>\n","protected":false},"excerpt":{"rendered":"<p>H\u00f6hepunkte eines Wanderurlaubs in Cornwall &#8211; Der S\u00fcdwestk\u00fcstenpfad ist der l\u00e4ngste Pfad Britanniens und erstreckt sich \u00fcber 630 Meilen von Minehead in Somerset bis nach Poole in Dorset und schlie\u00dft dabei die gesamte K\u00fcste Devons und Cornwalls mit ein. Es ist die beliebteste Route f\u00fcr Wanderurlaube in England. Unser Lieblingswanderweg um Lands End \u2022 Entlang [&hellip;]<\/p>\n","protected":false},"author":1,"featured_media":0,"parent":0,"menu_order":0,"comment_status":"closed","ping_status":"closed","template":"single-four.php","meta":[],"acf":[],"yoast_head":"<!-- This site is optimized with the Yoast SEO plugin v19.4 - https:\/\/yoast.com\/wordpress\/plugins\/seo\/ -->\n<title>WANDERUNG um Lands End - Urlaub &amp; Reisen<\/title>\n<meta name=\"robots\" content=\"index, follow, max-snippet:-1, max-image-preview:large, max-video-preview:-1\" \/>\n<link rel=\"canonical\" href=\"https:\/\/www.urlaubcornwall.de\/blog\/wanderung-um-lands-end\/\" \/>\n<meta property=\"og:locale\" content=\"en_US\" \/>\n<meta property=\"og:type\" content=\"article\" \/>\n<meta property=\"og:title\" content=\"WANDERUNG um Lands End - Urlaub &amp; Reisen\" \/>\n<meta property=\"og:description\" content=\"H\u00f6hepunkte eines Wanderurlaubs in Cornwall &#8211; Der S\u00fcdwestk\u00fcstenpfad ist der l\u00e4ngste Pfad Britanniens und erstreckt sich \u00fcber 630 Meilen von Minehead in Somerset bis nach Poole in Dorset und schlie\u00dft dabei die gesamte K\u00fcste Devons und Cornwalls mit ein. Es ist die beliebteste Route f\u00fcr Wanderurlaube in England. Unser Lieblingswanderweg um Lands End \u2022 Entlang [&hellip;]\" \/>\n<meta property=\"og:url\" content=\"https:\/\/www.urlaubcornwall.de\/blog\/wanderung-um-lands-end\/\" \/>\n<meta property=\"og:site_name\" content=\"Urlaub &amp; Reisen\" \/>\n<meta property=\"article:modified_time\" content=\"2021-09-14T10:34:10+00:00\" \/>\n<meta property=\"og:image\" content=\"https:\/\/www.urlaubcornwall.de\/blog\/wp-content\/uploads\/2020\/05\/lands-end-blick2.jpg\" \/>\n<meta name=\"twitter:card\" content=\"summary\" \/>\n<meta name=\"twitter:label1\" content=\"Est. reading time\" \/>\n\t<meta name=\"twitter:data1\" content=\"1 minute\" \/>\n<script type=\"application\/ld+json\" class=\"yoast-schema-graph\">{\"@context\":\"https:\/\/schema.org\",\"@graph\":[{\"@type\":\"WebSite\",\"@id\":\"https:\/\/www.urlaubcornwall.de\/blog\/#website\",\"url\":\"https:\/\/www.urlaubcornwall.de\/blog\/\",\"name\":\"Urlaub &amp; Reisen\",\"description\":\"Urlaub, Reisen, Cornwall und S\u00fcdengland: eine perfekte Kombination\",\"potentialAction\":[{\"@type\":\"SearchAction\",\"target\":{\"@type\":\"EntryPoint\",\"urlTemplate\":\"https:\/\/www.urlaubcornwall.de\/blog\/?s={search_term_string}\"},\"query-input\":\"required name=search_term_string\"}],\"inLanguage\":\"en-US\"},{\"@type\":\"WebPage\",\"@id\":\"https:\/\/www.urlaubcornwall.de\/blog\/wanderung-um-lands-end\/\",\"url\":\"https:\/\/www.urlaubcornwall.de\/blog\/wanderung-um-lands-end\/\",\"name\":\"WANDERUNG um Lands End - Urlaub &amp; Reisen\",\"isPartOf\":{\"@id\":\"https:\/\/www.urlaubcornwall.de\/blog\/#website\"},\"datePublished\":\"2021-07-19T11:32:15+00:00\",\"dateModified\":\"2021-09-14T10:34:10+00:00\",\"breadcrumb\":{\"@id\":\"https:\/\/www.urlaubcornwall.de\/blog\/wanderung-um-lands-end\/#breadcrumb\"},\"inLanguage\":\"en-US\",\"potentialAction\":[{\"@type\":\"ReadAction\",\"target\":[\"https:\/\/www.urlaubcornwall.de\/blog\/wanderung-um-lands-end\/\"]}]},{\"@type\":\"BreadcrumbList\",\"@id\":\"https:\/\/www.urlaubcornwall.de\/blog\/wanderung-um-lands-end\/#breadcrumb\",\"itemListElement\":[{\"@type\":\"ListItem\",\"position\":1,\"name\":\"Home\",\"item\":\"https:\/\/www.urlaubcornwall.de\/blog\/\"},{\"@type\":\"ListItem\",\"position\":2,\"name\":\"WANDERUNG um Lands End\"}]}]}<\/script>\n<!-- \/ Yoast SEO plugin. -->","yoast_head_json":{"title":"WANDERUNG um Lands End - Urlaub &amp; Reisen","robots":{"index":"index","follow":"follow","max-snippet":"max-snippet:-1","max-image-preview":"max-image-preview:large","max-video-preview":"max-video-preview:-1"},"canonical":"https:\/\/www.urlaubcornwall.de\/blog\/wanderung-um-lands-end\/","og_locale":"en_US","og_type":"article","og_title":"WANDERUNG um Lands End - Urlaub &amp; Reisen","og_description":"H\u00f6hepunkte eines Wanderurlaubs in Cornwall &#8211; Der S\u00fcdwestk\u00fcstenpfad ist der l\u00e4ngste Pfad Britanniens und erstreckt sich \u00fcber 630 Meilen von Minehead in Somerset bis nach Poole in Dorset und schlie\u00dft dabei die gesamte K\u00fcste Devons und Cornwalls mit ein. Es ist die beliebteste Route f\u00fcr Wanderurlaube in England. Unser Lieblingswanderweg um Lands End \u2022 Entlang [&hellip;]","og_url":"https:\/\/www.urlaubcornwall.de\/blog\/wanderung-um-lands-end\/","og_site_name":"Urlaub &amp; Reisen","article_modified_time":"2021-09-14T10:34:10+00:00","og_image":[{"url":"https:\/\/www.urlaubcornwall.de\/blog\/wp-content\/uploads\/2020\/05\/lands-end-blick2.jpg"}],"twitter_card":"summary","twitter_misc":{"Est. reading time":"1 minute"},"schema":{"@context":"https:\/\/schema.org","@graph":[{"@type":"WebSite","@id":"https:\/\/www.urlaubcornwall.de\/blog\/#website","url":"https:\/\/www.urlaubcornwall.de\/blog\/","name":"Urlaub &amp; Reisen","description":"Urlaub, Reisen, Cornwall und S\u00fcdengland: eine perfekte Kombination","potentialAction":[{"@type":"SearchAction","target":{"@type":"EntryPoint","urlTemplate":"https:\/\/www.urlaubcornwall.de\/blog\/?s={search_term_string}"},"query-input":"required name=search_term_string"}],"inLanguage":"en-US"},{"@type":"WebPage","@id":"https:\/\/www.urlaubcornwall.de\/blog\/wanderung-um-lands-end\/","url":"https:\/\/www.urlaubcornwall.de\/blog\/wanderung-um-lands-end\/","name":"WANDERUNG um Lands End - Urlaub &amp; Reisen","isPartOf":{"@id":"https:\/\/www.urlaubcornwall.de\/blog\/#website"},"datePublished":"2021-07-19T11:32:15+00:00","dateModified":"2021-09-14T10:34:10+00:00","breadcrumb":{"@id":"https:\/\/www.urlaubcornwall.de\/blog\/wanderung-um-lands-end\/#breadcrumb"},"inLanguage":"en-US","potentialAction":[{"@type":"ReadAction","target":["https:\/\/www.urlaubcornwall.de\/blog\/wanderung-um-lands-end\/"]}]},{"@type":"BreadcrumbList","@id":"https:\/\/www.urlaubcornwall.de\/blog\/wanderung-um-lands-end\/#breadcrumb","itemListElement":[{"@type":"ListItem","position":1,"name":"Home","item":"https:\/\/www.urlaubcornwall.de\/blog\/"},{"@type":"ListItem","position":2,"name":"WANDERUNG um Lands End"}]}]}},"_links":{"self":[{"href":"https:\/\/www.urlaubcornwall.de\/blog\/wp-json\/wp\/v2\/pages\/41898"}],"collection":[{"href":"https:\/\/www.urlaubcornwall.de\/blog\/wp-json\/wp\/v2\/pages"}],"about":[{"href":"https:\/\/www.urlaubcornwall.de\/blog\/wp-json\/wp\/v2\/types\/page"}],"author":[{"embeddable":true,"href":"https:\/\/www.urlaubcornwall.de\/blog\/wp-json\/wp\/v2\/users\/1"}],"replies":[{"embeddable":true,"href":"https:\/\/www.urlaubcornwall.de\/blog\/wp-json\/wp\/v2\/comments?post=41898"}],"version-history":[{"count":1,"href":"https:\/\/www.urlaubcornwall.de\/blog\/wp-json\/wp\/v2\/pages\/41898\/revisions"}],"predecessor-version":[{"id":41901,"href":"https:\/\/www.urlaubcornwall.de\/blog\/wp-json\/wp\/v2\/pages\/41898\/revisions\/41901"}],"wp:attachment":[{"href":"https:\/\/www.urlaubcornwall.de\/blog\/wp-json\/wp\/v2\/media?parent=41898"}],"curies":[{"name":"wp","href":"https:\/\/api.w.org\/{rel}","templated":true}]}}