{"id":41896,"date":"2021-07-19T11:00:23","date_gmt":"2021-07-19T11:00:23","guid":{"rendered":"https:\/\/www.urlaubcornwall.de\/blog\/?page_id=41896"},"modified":"2024-04-29T15:48:05","modified_gmt":"2024-04-29T15:48:05","slug":"wanderung-auf-der-lizard-halbinsel","status":"publish","type":"page","link":"https:\/\/www.urlaubcornwall.de\/blog\/wanderung-auf-der-lizard-halbinsel\/","title":{"rendered":"WANDERUNG auf der Lizard Halbinsel"},"content":{"rendered":"<p><img loading=\"lazy\" class=\"aligncenter size-full wp-image-47900\" src=\"https:\/\/www.urlaubcornwall.de\/blog\/wp-content\/uploads\/2024\/03\/lizard.jpg\" alt=\"lizard kynance\" width=\"750\" height=\"563\" srcset=\"https:\/\/www.urlaubcornwall.de\/blog\/wp-content\/uploads\/2024\/03\/lizard.jpg 750w, https:\/\/www.urlaubcornwall.de\/blog\/wp-content\/uploads\/2024\/03\/lizard-300x225.jpg 300w\" sizes=\"(max-width: 750px) 100vw, 750px\" \/><\/p>\n<p>H\u00f6hepunkte eines <a href=\"https:\/\/www.urlaubcornwall.de\/wanderurlaub\/cornwall.php\">Wanderurlaubs in Cornwall<\/a> &#8211; Der <a href=\"https:\/\/www.urlaubcornwall.de\/blog\/suedwestkuestenpfad-unser-fuehrer-wandern-in-cornwall-devon-und-suedengland\/\">S\u00fcdwestk\u00fcstenpfad<\/a> ist der l\u00e4ngste Pfad Britanniens und erstreckt sich \u00fcber 630 Meilen von Minehead in Somerset bis nach Poole in Dorset und schlie\u00dft dabei die gesamte K\u00fcste Devons und Cornwalls mit ein. Es ist die beliebteste Route f\u00fcr Wanderurlaube in England.<\/p>\n<p><h1>Unser Lieblingswanderweg  auf der Lizard Halbinsel<\/h1><\/p>\n<p><strong>RNAS Culdrose<\/strong><\/p>\n<p>\u2022\tEuropas gr\u00f6\u00dfte Hubschrauberbasis <\/p>\n<p><strong>Poldhu Cove<\/strong><\/p>\n<p>\u2022\t1900 verbrachte Guglielmo Marconi einige Zeit im Housel Bay Hotel auf seiner Suche nach einem Ort, um eine Radiostation einzurichten, um Signale von Schiffen zu empfangen, die mit seinem Apparat ausgestattet waren. <\/p>\n<p>\u2022\tHeute befindet sich die <a href=\"https:\/\/www.urlaubcornwall.de\/blog\/lizard-halbinsel-geschichte-sehenswuerdigkeiten-und-unterkunft\/\">Lizard<\/a> Wireless Telegraph Station im Besitz des National Trust.<\/p>\n<p>\u2022\t1901 war Poldhu Point die erste St\u00e4tte transatlantischer, kabelfreier Funkkommunikation nach Neufundland. <\/p>\n<p><strong>Mullion Cove<\/strong><\/p>\n<p>\u2022\tBefindet sich in einem Gebiet au\u00dferordentlicher Natursch\u00f6nheit.<\/p>\n<p>\u2022\tBis ins fr\u00fche 20. Jahrhundert herrschte hier vor allem Fischerei.<\/p>\n<p>\u2022\tDer Hafen, bestehend aus zwei Piers, besteht vornehmlich aus Granit, Serpentin und Quarzgestein.<\/p>\n<p>\u2022\tDieser K\u00fcstenabschnitt ist schwer und sichtbar in Leidenschaft gezogen aufgrund von St\u00fcrmen, der Meeresspiegelerh\u00f6hung und des Klimawandels.<\/p>\n<p>\u2022\tIm August 1588 wurde die Spanische Armada von hier aus gesichtet.<\/p>\n<p>\u2022\tEntlang der K\u00fcste liegen zahlreiche Schiffswracks, die h\u00e4ufig aufgrund ihrer Fracht benannt wurden, wie z.B. das Teewrack.<\/p>\n<p>\u2022\tAuch die Schmuggelei spielte hier eine nicht unerhebliche Rolle.<\/p>\n<p>\u2022\tEine Zeit lang wurde auch Kupfer abgebaut. Ein gro\u00dfes St\u00fcck von der Trenance Zeche bei <a href=\"https:\/\/www.urlaubcornwall.de\/ferienhaeuser-fewos\/mullion.html\">Mullion<\/a>, 590kg schwer, war Ausstellungsst\u00fcck der Great Exhibition in London im Jahre 1851 und befindet sich noch immer im Natural History Museum in London. <\/p>\n<p><strong>Kynance Cove<\/strong><\/p>\n<p>\u2022\tBeliebt im fr\u00fchen victorianischen Zeitalter, hat <a href=\"https:\/\/www.urlaubcornwall.de\/ferienhaeuser-fewos\/kynance-bucht.html\">Kynance Cove<\/a> zahlreiche ber\u00fchmte G\u00e4ste gesehen, wie K\u00f6nigin Viktoria und Prinz Albert, sowie den Dichter Alfred Tennyson. <\/p>\n<p>\u2022\tDas Caf\u00e9 kam 1999 in den Besitz des National Trust.<\/p>\n<p>\u2022\tDie <a href=\"https:\/\/www.urlaubcornwall.de\/ferienhaeuser-fewos\/lizard-halbinsel.html\">Lizard Halbinsel<\/a> ist bekannt aufgrund ihrer Botanik und Geologie. Vor ungef\u00e4hr 375 Millionen Jahre befand sich das geschmolzene Gestein, das letztendlich zum Lizard wurde, ungef\u00e4hr 10 km unterhalb der Erdoberfl\u00e4che.<\/p>\n<p>\u2022\tEines der Gesteine ist reich an Magnesium und Eisen und verwandelte sich durch Hitze und Druck in Serpentinit.<\/p>\n<p>\u2022\tHier in Kynance gibt es zwei Arten von Serpentin.<br \/>\n\u2022<br \/>\n\u2022\tKynance Cove tauchte in der Produktion von 2015 von Agatha Christie\u2019s And Then There Were None, auf, sowie in der Poldark Serie von 2015 und in der Episode The Devil&#8217;s Foot aus The Return of Sherlock Holmes.<\/p>\n<p><strong>The Lizard <\/strong><\/p>\n<p>\u2022\tDer s\u00fcdlichste Zipfel des Britischen Hauptlandes<\/p>\n<p>\u2022\tHier befindet sich auch der Lizard Leuchtturm. <\/p>\n<p>Bekannt unter dem Namen Lizard Complex, ist die Geologie der Halbinsel das besterhaltene Beispiel eines Ophiolithen im vereinigten Koenigreich. Ein Ophiolith ist eine Folge geologischer Formationen, die einen Schnitt durch einen Abschnitt der Meereskruste darstellen.<\/p>\n<p>UrlaubCornwall spezialisieren sich auf gef\u00fchrte und ungef\u00fchrte Wanderferien in Cornwall und <a href=\"https:\/\/www.urlaubcornwall.de\/wanderurlaub\/devon.php\">Devon<\/a>. Eine Klippenwanderung am S\u00fcdwestk\u00fcstenpfad macht Ihren Urlaub in einer der beliebtesten Urlaubsgegenden in S\u00fcdengland zu einem unvergesslichen Erlebnis.<\/p>\n<p style=\"text-align: center;\"><a class=\"tidycta\" href=\"http:\/\/www.urlaubcornwall.de\/wanderurlaub\/cornwall.php\">Wanderurlaub Anfrage<\/a><\/p>\n","protected":false},"excerpt":{"rendered":"<p>H\u00f6hepunkte eines Wanderurlaubs in Cornwall &#8211; Der S\u00fcdwestk\u00fcstenpfad ist der l\u00e4ngste Pfad Britanniens und erstreckt sich \u00fcber 630 Meilen von Minehead in Somerset bis nach Poole in Dorset und schlie\u00dft dabei die gesamte K\u00fcste Devons und Cornwalls mit ein. Es ist die beliebteste Route f\u00fcr Wanderurlaube in England. Unser Lieblingswanderweg auf der Lizard Halbinsel RNAS [&hellip;]<\/p>\n","protected":false},"author":1,"featured_media":0,"parent":0,"menu_order":0,"comment_status":"closed","ping_status":"closed","template":"single-four.php","meta":[],"acf":[],"yoast_head":"<!-- This site is optimized with the Yoast SEO plugin v19.4 - https:\/\/yoast.com\/wordpress\/plugins\/seo\/ -->\n<title>WANDERUNG auf der Lizard Halbinsel - Urlaub &amp; Reisen<\/title>\n<meta name=\"robots\" content=\"index, follow, max-snippet:-1, max-image-preview:large, max-video-preview:-1\" \/>\n<link rel=\"canonical\" href=\"https:\/\/www.urlaubcornwall.de\/blog\/wanderung-auf-der-lizard-halbinsel\/\" \/>\n<meta property=\"og:locale\" content=\"en_US\" \/>\n<meta property=\"og:type\" content=\"article\" \/>\n<meta property=\"og:title\" content=\"WANDERUNG auf der Lizard Halbinsel - Urlaub &amp; Reisen\" \/>\n<meta property=\"og:description\" content=\"H\u00f6hepunkte eines Wanderurlaubs in Cornwall &#8211; Der S\u00fcdwestk\u00fcstenpfad ist der l\u00e4ngste Pfad Britanniens und erstreckt sich \u00fcber 630 Meilen von Minehead in Somerset bis nach Poole in Dorset und schlie\u00dft dabei die gesamte K\u00fcste Devons und Cornwalls mit ein. Es ist die beliebteste Route f\u00fcr Wanderurlaube in England. Unser Lieblingswanderweg auf der Lizard Halbinsel RNAS [&hellip;]\" \/>\n<meta property=\"og:url\" content=\"https:\/\/www.urlaubcornwall.de\/blog\/wanderung-auf-der-lizard-halbinsel\/\" \/>\n<meta property=\"og:site_name\" content=\"Urlaub &amp; Reisen\" \/>\n<meta property=\"article:modified_time\" content=\"2024-04-29T15:48:05+00:00\" \/>\n<meta property=\"og:image\" content=\"https:\/\/www.urlaubcornwall.de\/blog\/wp-content\/uploads\/2024\/03\/lizard.jpg\" \/>\n<meta name=\"twitter:card\" content=\"summary\" \/>\n<meta name=\"twitter:label1\" content=\"Est. reading time\" \/>\n\t<meta name=\"twitter:data1\" content=\"3 minutes\" \/>\n<script type=\"application\/ld+json\" class=\"yoast-schema-graph\">{\"@context\":\"https:\/\/schema.org\",\"@graph\":[{\"@type\":\"WebSite\",\"@id\":\"https:\/\/www.urlaubcornwall.de\/blog\/#website\",\"url\":\"https:\/\/www.urlaubcornwall.de\/blog\/\",\"name\":\"Urlaub &amp; Reisen\",\"description\":\"Urlaub, Reisen, Cornwall und S\u00fcdengland: eine perfekte Kombination\",\"potentialAction\":[{\"@type\":\"SearchAction\",\"target\":{\"@type\":\"EntryPoint\",\"urlTemplate\":\"https:\/\/www.urlaubcornwall.de\/blog\/?s={search_term_string}\"},\"query-input\":\"required name=search_term_string\"}],\"inLanguage\":\"en-US\"},{\"@type\":\"WebPage\",\"@id\":\"https:\/\/www.urlaubcornwall.de\/blog\/wanderung-auf-der-lizard-halbinsel\/\",\"url\":\"https:\/\/www.urlaubcornwall.de\/blog\/wanderung-auf-der-lizard-halbinsel\/\",\"name\":\"WANDERUNG auf der Lizard Halbinsel - Urlaub &amp; Reisen\",\"isPartOf\":{\"@id\":\"https:\/\/www.urlaubcornwall.de\/blog\/#website\"},\"datePublished\":\"2021-07-19T11:00:23+00:00\",\"dateModified\":\"2024-04-29T15:48:05+00:00\",\"breadcrumb\":{\"@id\":\"https:\/\/www.urlaubcornwall.de\/blog\/wanderung-auf-der-lizard-halbinsel\/#breadcrumb\"},\"inLanguage\":\"en-US\",\"potentialAction\":[{\"@type\":\"ReadAction\",\"target\":[\"https:\/\/www.urlaubcornwall.de\/blog\/wanderung-auf-der-lizard-halbinsel\/\"]}]},{\"@type\":\"BreadcrumbList\",\"@id\":\"https:\/\/www.urlaubcornwall.de\/blog\/wanderung-auf-der-lizard-halbinsel\/#breadcrumb\",\"itemListElement\":[{\"@type\":\"ListItem\",\"position\":1,\"name\":\"Home\",\"item\":\"https:\/\/www.urlaubcornwall.de\/blog\/\"},{\"@type\":\"ListItem\",\"position\":2,\"name\":\"WANDERUNG auf der Lizard Halbinsel\"}]}]}<\/script>\n<!-- \/ Yoast SEO plugin. -->","yoast_head_json":{"title":"WANDERUNG auf der Lizard Halbinsel - Urlaub &amp; Reisen","robots":{"index":"index","follow":"follow","max-snippet":"max-snippet:-1","max-image-preview":"max-image-preview:large","max-video-preview":"max-video-preview:-1"},"canonical":"https:\/\/www.urlaubcornwall.de\/blog\/wanderung-auf-der-lizard-halbinsel\/","og_locale":"en_US","og_type":"article","og_title":"WANDERUNG auf der Lizard Halbinsel - Urlaub &amp; Reisen","og_description":"H\u00f6hepunkte eines Wanderurlaubs in Cornwall &#8211; Der S\u00fcdwestk\u00fcstenpfad ist der l\u00e4ngste Pfad Britanniens und erstreckt sich \u00fcber 630 Meilen von Minehead in Somerset bis nach Poole in Dorset und schlie\u00dft dabei die gesamte K\u00fcste Devons und Cornwalls mit ein. Es ist die beliebteste Route f\u00fcr Wanderurlaube in England. Unser Lieblingswanderweg auf der Lizard Halbinsel RNAS [&hellip;]","og_url":"https:\/\/www.urlaubcornwall.de\/blog\/wanderung-auf-der-lizard-halbinsel\/","og_site_name":"Urlaub &amp; Reisen","article_modified_time":"2024-04-29T15:48:05+00:00","og_image":[{"url":"https:\/\/www.urlaubcornwall.de\/blog\/wp-content\/uploads\/2024\/03\/lizard.jpg"}],"twitter_card":"summary","twitter_misc":{"Est. reading time":"3 minutes"},"schema":{"@context":"https:\/\/schema.org","@graph":[{"@type":"WebSite","@id":"https:\/\/www.urlaubcornwall.de\/blog\/#website","url":"https:\/\/www.urlaubcornwall.de\/blog\/","name":"Urlaub &amp; Reisen","description":"Urlaub, Reisen, Cornwall und S\u00fcdengland: eine perfekte Kombination","potentialAction":[{"@type":"SearchAction","target":{"@type":"EntryPoint","urlTemplate":"https:\/\/www.urlaubcornwall.de\/blog\/?s={search_term_string}"},"query-input":"required name=search_term_string"}],"inLanguage":"en-US"},{"@type":"WebPage","@id":"https:\/\/www.urlaubcornwall.de\/blog\/wanderung-auf-der-lizard-halbinsel\/","url":"https:\/\/www.urlaubcornwall.de\/blog\/wanderung-auf-der-lizard-halbinsel\/","name":"WANDERUNG auf der Lizard Halbinsel - Urlaub &amp; Reisen","isPartOf":{"@id":"https:\/\/www.urlaubcornwall.de\/blog\/#website"},"datePublished":"2021-07-19T11:00:23+00:00","dateModified":"2024-04-29T15:48:05+00:00","breadcrumb":{"@id":"https:\/\/www.urlaubcornwall.de\/blog\/wanderung-auf-der-lizard-halbinsel\/#breadcrumb"},"inLanguage":"en-US","potentialAction":[{"@type":"ReadAction","target":["https:\/\/www.urlaubcornwall.de\/blog\/wanderung-auf-der-lizard-halbinsel\/"]}]},{"@type":"BreadcrumbList","@id":"https:\/\/www.urlaubcornwall.de\/blog\/wanderung-auf-der-lizard-halbinsel\/#breadcrumb","itemListElement":[{"@type":"ListItem","position":1,"name":"Home","item":"https:\/\/www.urlaubcornwall.de\/blog\/"},{"@type":"ListItem","position":2,"name":"WANDERUNG auf der Lizard Halbinsel"}]}]}},"_links":{"self":[{"href":"https:\/\/www.urlaubcornwall.de\/blog\/wp-json\/wp\/v2\/pages\/41896"}],"collection":[{"href":"https:\/\/www.urlaubcornwall.de\/blog\/wp-json\/wp\/v2\/pages"}],"about":[{"href":"https:\/\/www.urlaubcornwall.de\/blog\/wp-json\/wp\/v2\/types\/page"}],"author":[{"embeddable":true,"href":"https:\/\/www.urlaubcornwall.de\/blog\/wp-json\/wp\/v2\/users\/1"}],"replies":[{"embeddable":true,"href":"https:\/\/www.urlaubcornwall.de\/blog\/wp-json\/wp\/v2\/comments?post=41896"}],"version-history":[{"count":3,"href":"https:\/\/www.urlaubcornwall.de\/blog\/wp-json\/wp\/v2\/pages\/41896\/revisions"}],"predecessor-version":[{"id":49921,"href":"https:\/\/www.urlaubcornwall.de\/blog\/wp-json\/wp\/v2\/pages\/41896\/revisions\/49921"}],"wp:attachment":[{"href":"https:\/\/www.urlaubcornwall.de\/blog\/wp-json\/wp\/v2\/media?parent=41896"}],"curies":[{"name":"wp","href":"https:\/\/api.w.org\/{rel}","templated":true}]}}