{"id":4186,"date":"2012-08-04T15:20:38","date_gmt":"2012-08-04T15:20:38","guid":{"rendered":"https:\/\/www.urlaubcornwall.de\/blog\/?page_id=4186"},"modified":"2021-05-27T11:16:52","modified_gmt":"2021-05-27T11:16:52","slug":"tower-ferienwohnung-tresco-abbey-scilly-inseln","status":"publish","type":"page","link":"https:\/\/www.urlaubcornwall.de\/blog\/tower-ferienwohnung-tresco-abbey-scilly-inseln\/","title":{"rendered":"Tower Ferienwohnung, Tresco Abbey, Scilly-Inseln"},"content":{"rendered":"<p>Tower Flat befindet sich im 1. und 2. Stock des Turmtrakts des Tresco Abbey und bietet spektakul\u00e4re Ausblicke auf die \u00f6stlichen <span style=\"text-decoration: underline;\"><strong>Scilly Inseln<\/strong><\/span> und St Mary\u2019s. Im Kloster, einem historischen Herrenhaus, ist die Familie Dorian Smith beheimatet, die Besitzer von Tresco und seinen wundersch\u00f6nen G\u00e4rten.<\/p>\n<p style=\"text-align: center;\"><a class=\"tidycta\" href=\"https:\/\/www.urlaubcornwall.de\/reisebuchung.php\">Anfrage<\/a><\/p>\n<p style=\"text-align: left;\"><strong>N\u00fctzliche Informationen<\/strong><\/p>\n<p><a href=\"http:\/\/www.urlaubcornwall.de\/pdf\/tresco_island_cottage_map.pdf\">Landkarte von Tresco<\/a> , <a href=\"https:\/\/www.urlaubcornwall.de\/blog\/2012\/03\/lebensmittel-und-getraenke-auf-tresco\/\" target=\"_blank\" rel=\"noopener\">Lebensmittel und Getr\u00e4nke auf Tresco<\/a> , <a href=\"https:\/\/www.urlaubcornwall.de\/blog\/?p=3979\" target=\"_blank\" rel=\"noopener\">Nat\u00fcrliche Umgebung<\/a> , <a href=\"https:\/\/www.urlaubcornwall.de\/blog\/?p=3990\" target=\"_blank\" rel=\"noopener\">Geschichte von Tresco <\/a>, <a href=\"https:\/\/www.urlaubcornwall.de\/blog\/?p=3798\" target=\"_blank\" rel=\"noopener\">Bildergalerie<\/a><\/p>\n","protected":false},"excerpt":{"rendered":"<p>Tower Flat befindet sich im 1. und 2. Stock des Turmtrakts des Tresco Abbey und bietet spektakul\u00e4re Ausblicke auf die \u00f6stlichen Scilly Inseln und St Mary\u2019s. Im Kloster, einem historischen Herrenhaus, ist die Familie Dorian Smith beheimatet, die Besitzer von Tresco und seinen wundersch\u00f6nen G\u00e4rten. Anfrage N\u00fctzliche Informationen Landkarte von Tresco , Lebensmittel und Getr\u00e4nke [&hellip;]<\/p>\n","protected":false},"author":1,"featured_media":0,"parent":0,"menu_order":0,"comment_status":"closed","ping_status":"closed","template":"single-three.php","meta":[],"acf":[],"yoast_head":"<!-- This site is optimized with the Yoast SEO plugin v19.4 - https:\/\/yoast.com\/wordpress\/plugins\/seo\/ -->\n<title>Tower Ferienwohnung, Tresco Abbey, Scilly-Inseln - Urlaub &amp; Reisen<\/title>\n<meta name=\"robots\" content=\"index, follow, max-snippet:-1, max-image-preview:large, max-video-preview:-1\" \/>\n<link rel=\"canonical\" href=\"https:\/\/www.urlaubcornwall.de\/blog\/tower-ferienwohnung-tresco-abbey-scilly-inseln\/\" \/>\n<meta property=\"og:locale\" content=\"en_US\" \/>\n<meta property=\"og:type\" content=\"article\" \/>\n<meta property=\"og:title\" content=\"Tower Ferienwohnung, Tresco Abbey, Scilly-Inseln - Urlaub &amp; Reisen\" \/>\n<meta property=\"og:description\" content=\"Tower Flat befindet sich im 1. und 2. Stock des Turmtrakts des Tresco Abbey und bietet spektakul\u00e4re Ausblicke auf die \u00f6stlichen Scilly Inseln und St Mary\u2019s. Im Kloster, einem historischen Herrenhaus, ist die Familie Dorian Smith beheimatet, die Besitzer von Tresco und seinen wundersch\u00f6nen G\u00e4rten. Anfrage N\u00fctzliche Informationen Landkarte von Tresco , Lebensmittel und Getr\u00e4nke [&hellip;]\" \/>\n<meta property=\"og:url\" content=\"https:\/\/www.urlaubcornwall.de\/blog\/tower-ferienwohnung-tresco-abbey-scilly-inseln\/\" \/>\n<meta property=\"og:site_name\" content=\"Urlaub &amp; Reisen\" \/>\n<meta property=\"article:modified_time\" content=\"2021-05-27T11:16:52+00:00\" \/>\n<meta name=\"twitter:card\" content=\"summary\" \/>\n<script type=\"application\/ld+json\" class=\"yoast-schema-graph\">{\"@context\":\"https:\/\/schema.org\",\"@graph\":[{\"@type\":\"WebSite\",\"@id\":\"https:\/\/www.urlaubcornwall.de\/blog\/#website\",\"url\":\"https:\/\/www.urlaubcornwall.de\/blog\/\",\"name\":\"Urlaub &amp; Reisen\",\"description\":\"Urlaub, Reisen, Cornwall und S\u00fcdengland: eine perfekte Kombination\",\"potentialAction\":[{\"@type\":\"SearchAction\",\"target\":{\"@type\":\"EntryPoint\",\"urlTemplate\":\"https:\/\/www.urlaubcornwall.de\/blog\/?s={search_term_string}\"},\"query-input\":\"required name=search_term_string\"}],\"inLanguage\":\"en-US\"},{\"@type\":\"WebPage\",\"@id\":\"https:\/\/www.urlaubcornwall.de\/blog\/tower-ferienwohnung-tresco-abbey-scilly-inseln\/\",\"url\":\"https:\/\/www.urlaubcornwall.de\/blog\/tower-ferienwohnung-tresco-abbey-scilly-inseln\/\",\"name\":\"Tower Ferienwohnung, Tresco Abbey, Scilly-Inseln - Urlaub &amp; Reisen\",\"isPartOf\":{\"@id\":\"https:\/\/www.urlaubcornwall.de\/blog\/#website\"},\"datePublished\":\"2012-08-04T15:20:38+00:00\",\"dateModified\":\"2021-05-27T11:16:52+00:00\",\"breadcrumb\":{\"@id\":\"https:\/\/www.urlaubcornwall.de\/blog\/tower-ferienwohnung-tresco-abbey-scilly-inseln\/#breadcrumb\"},\"inLanguage\":\"en-US\",\"potentialAction\":[{\"@type\":\"ReadAction\",\"target\":[\"https:\/\/www.urlaubcornwall.de\/blog\/tower-ferienwohnung-tresco-abbey-scilly-inseln\/\"]}]},{\"@type\":\"BreadcrumbList\",\"@id\":\"https:\/\/www.urlaubcornwall.de\/blog\/tower-ferienwohnung-tresco-abbey-scilly-inseln\/#breadcrumb\",\"itemListElement\":[{\"@type\":\"ListItem\",\"position\":1,\"name\":\"Home\",\"item\":\"https:\/\/www.urlaubcornwall.de\/blog\/\"},{\"@type\":\"ListItem\",\"position\":2,\"name\":\"Tower Ferienwohnung, Tresco Abbey, Scilly-Inseln\"}]}]}<\/script>\n<!-- \/ Yoast SEO plugin. -->","yoast_head_json":{"title":"Tower Ferienwohnung, Tresco Abbey, Scilly-Inseln - Urlaub &amp; Reisen","robots":{"index":"index","follow":"follow","max-snippet":"max-snippet:-1","max-image-preview":"max-image-preview:large","max-video-preview":"max-video-preview:-1"},"canonical":"https:\/\/www.urlaubcornwall.de\/blog\/tower-ferienwohnung-tresco-abbey-scilly-inseln\/","og_locale":"en_US","og_type":"article","og_title":"Tower Ferienwohnung, Tresco Abbey, Scilly-Inseln - Urlaub &amp; Reisen","og_description":"Tower Flat befindet sich im 1. und 2. Stock des Turmtrakts des Tresco Abbey und bietet spektakul\u00e4re Ausblicke auf die \u00f6stlichen Scilly Inseln und St Mary\u2019s. Im Kloster, einem historischen Herrenhaus, ist die Familie Dorian Smith beheimatet, die Besitzer von Tresco und seinen wundersch\u00f6nen G\u00e4rten. Anfrage N\u00fctzliche Informationen Landkarte von Tresco , Lebensmittel und Getr\u00e4nke [&hellip;]","og_url":"https:\/\/www.urlaubcornwall.de\/blog\/tower-ferienwohnung-tresco-abbey-scilly-inseln\/","og_site_name":"Urlaub &amp; Reisen","article_modified_time":"2021-05-27T11:16:52+00:00","twitter_card":"summary","schema":{"@context":"https:\/\/schema.org","@graph":[{"@type":"WebSite","@id":"https:\/\/www.urlaubcornwall.de\/blog\/#website","url":"https:\/\/www.urlaubcornwall.de\/blog\/","name":"Urlaub &amp; Reisen","description":"Urlaub, Reisen, Cornwall und S\u00fcdengland: eine perfekte Kombination","potentialAction":[{"@type":"SearchAction","target":{"@type":"EntryPoint","urlTemplate":"https:\/\/www.urlaubcornwall.de\/blog\/?s={search_term_string}"},"query-input":"required name=search_term_string"}],"inLanguage":"en-US"},{"@type":"WebPage","@id":"https:\/\/www.urlaubcornwall.de\/blog\/tower-ferienwohnung-tresco-abbey-scilly-inseln\/","url":"https:\/\/www.urlaubcornwall.de\/blog\/tower-ferienwohnung-tresco-abbey-scilly-inseln\/","name":"Tower Ferienwohnung, Tresco Abbey, Scilly-Inseln - Urlaub &amp; Reisen","isPartOf":{"@id":"https:\/\/www.urlaubcornwall.de\/blog\/#website"},"datePublished":"2012-08-04T15:20:38+00:00","dateModified":"2021-05-27T11:16:52+00:00","breadcrumb":{"@id":"https:\/\/www.urlaubcornwall.de\/blog\/tower-ferienwohnung-tresco-abbey-scilly-inseln\/#breadcrumb"},"inLanguage":"en-US","potentialAction":[{"@type":"ReadAction","target":["https:\/\/www.urlaubcornwall.de\/blog\/tower-ferienwohnung-tresco-abbey-scilly-inseln\/"]}]},{"@type":"BreadcrumbList","@id":"https:\/\/www.urlaubcornwall.de\/blog\/tower-ferienwohnung-tresco-abbey-scilly-inseln\/#breadcrumb","itemListElement":[{"@type":"ListItem","position":1,"name":"Home","item":"https:\/\/www.urlaubcornwall.de\/blog\/"},{"@type":"ListItem","position":2,"name":"Tower Ferienwohnung, Tresco Abbey, Scilly-Inseln"}]}]}},"_links":{"self":[{"href":"https:\/\/www.urlaubcornwall.de\/blog\/wp-json\/wp\/v2\/pages\/4186"}],"collection":[{"href":"https:\/\/www.urlaubcornwall.de\/blog\/wp-json\/wp\/v2\/pages"}],"about":[{"href":"https:\/\/www.urlaubcornwall.de\/blog\/wp-json\/wp\/v2\/types\/page"}],"author":[{"embeddable":true,"href":"https:\/\/www.urlaubcornwall.de\/blog\/wp-json\/wp\/v2\/users\/1"}],"replies":[{"embeddable":true,"href":"https:\/\/www.urlaubcornwall.de\/blog\/wp-json\/wp\/v2\/comments?post=4186"}],"version-history":[{"count":37,"href":"https:\/\/www.urlaubcornwall.de\/blog\/wp-json\/wp\/v2\/pages\/4186\/revisions"}],"predecessor-version":[{"id":41735,"href":"https:\/\/www.urlaubcornwall.de\/blog\/wp-json\/wp\/v2\/pages\/4186\/revisions\/41735"}],"wp:attachment":[{"href":"https:\/\/www.urlaubcornwall.de\/blog\/wp-json\/wp\/v2\/media?parent=4186"}],"curies":[{"name":"wp","href":"https:\/\/api.w.org\/{rel}","templated":true}]}}