{"id":41754,"date":"2021-07-01T10:33:18","date_gmt":"2021-07-01T10:33:18","guid":{"rendered":"https:\/\/www.urlaubcornwall.de\/blog\/?page_id=41754"},"modified":"2024-05-31T08:04:40","modified_gmt":"2024-05-31T08:04:40","slug":"portreath-dorf-und-fischerdorf-an-der-nordkueste","status":"publish","type":"page","link":"https:\/\/www.urlaubcornwall.de\/blog\/portreath-dorf-und-fischerdorf-an-der-nordkueste\/","title":{"rendered":"Portreath, Dorf und Fischerdorf an der Nordk\u00fcste"},"content":{"rendered":"<p><img loading=\"lazy\" class=\"aligncenter size-full wp-image-51215\" src=\"https:\/\/www.urlaubcornwall.de\/blog\/wp-content\/uploads\/2024\/05\/28450016-1.jpg\" alt=\"porteath strand\" width=\"749\" height=\"460\"\/><\/p>\n<p>Das Dorf erstreckt sich beiderseits entlang eines Bachtales mit Zentrum am Hafen und <a href=\"https:\/\/www.urlaubcornwall.de\/blog\/straende-westkueste-cornwall-insidertipps\/\">Strand<\/a>. Westlich des Hafens befinden sich zwei Sandstr\u00e4nde, die beliebt sind bei Urlaubern, Surfern und Naturliebhabern.<\/p>\n<p>\u2022 Auch Portreath befindet sich innerhalb der Cornwall Area of Outstanding Natural Beauty (AONB).<\/p>\n<p>\u2022 Der Name Portreath bedeutet Sandbucht und tauchte erstmals 1485 auf. <\/p>\n<p>\u2022 Zinnsch\u00f6pferei gab es von 1602 an. <\/p>\n<p>\u2022 1827 wurde Portreath als Cornwalls wichtigster Fischerhafen beschrieben, von dem aus Kupfer nach <a href=\"https:\/\/www.urlaubcornwall.de\/ferienhaeuser-fewos\/wal\/suedwales\/swansea.html\">Swansea<\/a> in die Schmelzh\u00fctten verschifft wurde. Die Schiffe kehrten mit walisischer Kohle zur\u00fcck, um die Dampfmaschinen der Zechen anzutreiben.<\/p>\n<p style=\"text-align: center;\"><a class=\"tidycta\" href=\"https:\/\/www.urlaubcornwall.de\/ferienhaeuser-fewos\/portreath.html\">Ferienh\u00e4user in Portreath<\/a><\/p>\n<div class=\"snippet\"> <a class=\"featured-item\" href=\"https:\/\/www.urlaubcornwall.de\/ferienhaeuser\/cornwall.php\"> <span class=\"image-holder\" style=\"background-image: url('https:\/\/www.urlaubcornwall.de\/blog\/wp-content\/uploads\/2018\/12\/familienurlaub-corwnall-snippet.jpg');\"><\/span> <span class=\"featured-content\"> \n<h2 class=\"featured-title\">Ferienh\u00e4user in Cornwall am Meer<\/h2>\n<p class=\"featured-body\">Cornwall besitzt mehr K\u00fcstenlinien als jede andere Grafschaft und bietet einige der besten Str\u00e4nde, K\u00fcstenwanderwege und Klippenlandschaften, die man \u00fcberhaupt finden kann&#8230; <\/p><\/span> <span class=\"featured-link-holder\"> <span class=\"featured-extra-info\"> \n<p>F\u00fcr Paare, Familien &#038; Gruppen<\/p>\n<\/span> \n<p class=\"featured-link\">DETAILS<\/p>\n<\/span> <\/a><\/div>\n","protected":false},"excerpt":{"rendered":"<p>Das Dorf erstreckt sich beiderseits entlang eines Bachtales mit Zentrum am Hafen und Strand. Westlich des Hafens befinden sich zwei Sandstr\u00e4nde, die beliebt sind bei Urlaubern, Surfern und Naturliebhabern. \u2022 Auch Portreath befindet sich innerhalb der Cornwall Area of Outstanding Natural Beauty (AONB). \u2022 Der Name Portreath bedeutet Sandbucht und tauchte erstmals 1485 auf. \u2022 [&hellip;]<\/p>\n","protected":false},"author":1,"featured_media":0,"parent":0,"menu_order":0,"comment_status":"closed","ping_status":"closed","template":"single-four.php","meta":[],"acf":[],"yoast_head":"<!-- This site is optimized with the Yoast SEO plugin v19.4 - https:\/\/yoast.com\/wordpress\/plugins\/seo\/ -->\n<title>Portreath, Dorf und Fischerdorf an der Nordk\u00fcste - Urlaub &amp; Reisen<\/title>\n<meta name=\"robots\" content=\"index, follow, max-snippet:-1, max-image-preview:large, max-video-preview:-1\" \/>\n<link rel=\"canonical\" href=\"https:\/\/www.urlaubcornwall.de\/blog\/portreath-dorf-und-fischerdorf-an-der-nordkueste\/\" \/>\n<meta property=\"og:locale\" content=\"en_US\" \/>\n<meta property=\"og:type\" content=\"article\" \/>\n<meta property=\"og:title\" content=\"Portreath, Dorf und Fischerdorf an der Nordk\u00fcste - Urlaub &amp; Reisen\" \/>\n<meta property=\"og:description\" content=\"Das Dorf erstreckt sich beiderseits entlang eines Bachtales mit Zentrum am Hafen und Strand. Westlich des Hafens befinden sich zwei Sandstr\u00e4nde, die beliebt sind bei Urlaubern, Surfern und Naturliebhabern. \u2022 Auch Portreath befindet sich innerhalb der Cornwall Area of Outstanding Natural Beauty (AONB). \u2022 Der Name Portreath bedeutet Sandbucht und tauchte erstmals 1485 auf. \u2022 [&hellip;]\" \/>\n<meta property=\"og:url\" content=\"https:\/\/www.urlaubcornwall.de\/blog\/portreath-dorf-und-fischerdorf-an-der-nordkueste\/\" \/>\n<meta property=\"og:site_name\" content=\"Urlaub &amp; Reisen\" \/>\n<meta property=\"article:modified_time\" content=\"2024-05-31T08:04:40+00:00\" \/>\n<meta property=\"og:image\" content=\"https:\/\/www.urlaubcornwall.de\/blog\/wp-content\/uploads\/2024\/05\/28450016-1.jpg\" \/>\n<meta name=\"twitter:card\" content=\"summary\" \/>\n<meta name=\"twitter:label1\" content=\"Est. reading time\" \/>\n\t<meta name=\"twitter:data1\" content=\"1 minute\" \/>\n<script type=\"application\/ld+json\" class=\"yoast-schema-graph\">{\"@context\":\"https:\/\/schema.org\",\"@graph\":[{\"@type\":\"WebSite\",\"@id\":\"https:\/\/www.urlaubcornwall.de\/blog\/#website\",\"url\":\"https:\/\/www.urlaubcornwall.de\/blog\/\",\"name\":\"Urlaub &amp; Reisen\",\"description\":\"Urlaub, Reisen, Cornwall und S\u00fcdengland: eine perfekte Kombination\",\"potentialAction\":[{\"@type\":\"SearchAction\",\"target\":{\"@type\":\"EntryPoint\",\"urlTemplate\":\"https:\/\/www.urlaubcornwall.de\/blog\/?s={search_term_string}\"},\"query-input\":\"required name=search_term_string\"}],\"inLanguage\":\"en-US\"},{\"@type\":\"WebPage\",\"@id\":\"https:\/\/www.urlaubcornwall.de\/blog\/portreath-dorf-und-fischerdorf-an-der-nordkueste\/\",\"url\":\"https:\/\/www.urlaubcornwall.de\/blog\/portreath-dorf-und-fischerdorf-an-der-nordkueste\/\",\"name\":\"Portreath, Dorf und Fischerdorf an der Nordk\u00fcste - Urlaub &amp; Reisen\",\"isPartOf\":{\"@id\":\"https:\/\/www.urlaubcornwall.de\/blog\/#website\"},\"datePublished\":\"2021-07-01T10:33:18+00:00\",\"dateModified\":\"2024-05-31T08:04:40+00:00\",\"breadcrumb\":{\"@id\":\"https:\/\/www.urlaubcornwall.de\/blog\/portreath-dorf-und-fischerdorf-an-der-nordkueste\/#breadcrumb\"},\"inLanguage\":\"en-US\",\"potentialAction\":[{\"@type\":\"ReadAction\",\"target\":[\"https:\/\/www.urlaubcornwall.de\/blog\/portreath-dorf-und-fischerdorf-an-der-nordkueste\/\"]}]},{\"@type\":\"BreadcrumbList\",\"@id\":\"https:\/\/www.urlaubcornwall.de\/blog\/portreath-dorf-und-fischerdorf-an-der-nordkueste\/#breadcrumb\",\"itemListElement\":[{\"@type\":\"ListItem\",\"position\":1,\"name\":\"Home\",\"item\":\"https:\/\/www.urlaubcornwall.de\/blog\/\"},{\"@type\":\"ListItem\",\"position\":2,\"name\":\"Portreath, Dorf und Fischerdorf an der Nordk\u00fcste\"}]}]}<\/script>\n<!-- \/ Yoast SEO plugin. -->","yoast_head_json":{"title":"Portreath, Dorf und Fischerdorf an der Nordk\u00fcste - Urlaub &amp; Reisen","robots":{"index":"index","follow":"follow","max-snippet":"max-snippet:-1","max-image-preview":"max-image-preview:large","max-video-preview":"max-video-preview:-1"},"canonical":"https:\/\/www.urlaubcornwall.de\/blog\/portreath-dorf-und-fischerdorf-an-der-nordkueste\/","og_locale":"en_US","og_type":"article","og_title":"Portreath, Dorf und Fischerdorf an der Nordk\u00fcste - Urlaub &amp; Reisen","og_description":"Das Dorf erstreckt sich beiderseits entlang eines Bachtales mit Zentrum am Hafen und Strand. Westlich des Hafens befinden sich zwei Sandstr\u00e4nde, die beliebt sind bei Urlaubern, Surfern und Naturliebhabern. \u2022 Auch Portreath befindet sich innerhalb der Cornwall Area of Outstanding Natural Beauty (AONB). \u2022 Der Name Portreath bedeutet Sandbucht und tauchte erstmals 1485 auf. \u2022 [&hellip;]","og_url":"https:\/\/www.urlaubcornwall.de\/blog\/portreath-dorf-und-fischerdorf-an-der-nordkueste\/","og_site_name":"Urlaub &amp; Reisen","article_modified_time":"2024-05-31T08:04:40+00:00","og_image":[{"url":"https:\/\/www.urlaubcornwall.de\/blog\/wp-content\/uploads\/2024\/05\/28450016-1.jpg"}],"twitter_card":"summary","twitter_misc":{"Est. reading time":"1 minute"},"schema":{"@context":"https:\/\/schema.org","@graph":[{"@type":"WebSite","@id":"https:\/\/www.urlaubcornwall.de\/blog\/#website","url":"https:\/\/www.urlaubcornwall.de\/blog\/","name":"Urlaub &amp; Reisen","description":"Urlaub, Reisen, Cornwall und S\u00fcdengland: eine perfekte Kombination","potentialAction":[{"@type":"SearchAction","target":{"@type":"EntryPoint","urlTemplate":"https:\/\/www.urlaubcornwall.de\/blog\/?s={search_term_string}"},"query-input":"required name=search_term_string"}],"inLanguage":"en-US"},{"@type":"WebPage","@id":"https:\/\/www.urlaubcornwall.de\/blog\/portreath-dorf-und-fischerdorf-an-der-nordkueste\/","url":"https:\/\/www.urlaubcornwall.de\/blog\/portreath-dorf-und-fischerdorf-an-der-nordkueste\/","name":"Portreath, Dorf und Fischerdorf an der Nordk\u00fcste - Urlaub &amp; Reisen","isPartOf":{"@id":"https:\/\/www.urlaubcornwall.de\/blog\/#website"},"datePublished":"2021-07-01T10:33:18+00:00","dateModified":"2024-05-31T08:04:40+00:00","breadcrumb":{"@id":"https:\/\/www.urlaubcornwall.de\/blog\/portreath-dorf-und-fischerdorf-an-der-nordkueste\/#breadcrumb"},"inLanguage":"en-US","potentialAction":[{"@type":"ReadAction","target":["https:\/\/www.urlaubcornwall.de\/blog\/portreath-dorf-und-fischerdorf-an-der-nordkueste\/"]}]},{"@type":"BreadcrumbList","@id":"https:\/\/www.urlaubcornwall.de\/blog\/portreath-dorf-und-fischerdorf-an-der-nordkueste\/#breadcrumb","itemListElement":[{"@type":"ListItem","position":1,"name":"Home","item":"https:\/\/www.urlaubcornwall.de\/blog\/"},{"@type":"ListItem","position":2,"name":"Portreath, Dorf und Fischerdorf an der Nordk\u00fcste"}]}]}},"_links":{"self":[{"href":"https:\/\/www.urlaubcornwall.de\/blog\/wp-json\/wp\/v2\/pages\/41754"}],"collection":[{"href":"https:\/\/www.urlaubcornwall.de\/blog\/wp-json\/wp\/v2\/pages"}],"about":[{"href":"https:\/\/www.urlaubcornwall.de\/blog\/wp-json\/wp\/v2\/types\/page"}],"author":[{"embeddable":true,"href":"https:\/\/www.urlaubcornwall.de\/blog\/wp-json\/wp\/v2\/users\/1"}],"replies":[{"embeddable":true,"href":"https:\/\/www.urlaubcornwall.de\/blog\/wp-json\/wp\/v2\/comments?post=41754"}],"version-history":[{"count":3,"href":"https:\/\/www.urlaubcornwall.de\/blog\/wp-json\/wp\/v2\/pages\/41754\/revisions"}],"predecessor-version":[{"id":51217,"href":"https:\/\/www.urlaubcornwall.de\/blog\/wp-json\/wp\/v2\/pages\/41754\/revisions\/51217"}],"wp:attachment":[{"href":"https:\/\/www.urlaubcornwall.de\/blog\/wp-json\/wp\/v2\/media?parent=41754"}],"curies":[{"name":"wp","href":"https:\/\/api.w.org\/{rel}","templated":true}]}}