{"id":41751,"date":"2021-07-01T06:36:53","date_gmt":"2021-07-01T06:36:53","guid":{"rendered":"https:\/\/www.urlaubcornwall.de\/blog\/?page_id=41751"},"modified":"2021-09-23T08:16:34","modified_gmt":"2021-09-23T08:16:34","slug":"mullion-cove-lizard-halbinsel","status":"publish","type":"page","link":"https:\/\/www.urlaubcornwall.de\/blog\/mullion-cove-lizard-halbinsel\/","title":{"rendered":"Entdecken Mullion Cove &#8211; Lizard Halbinsel"},"content":{"rendered":"<p><img loading=\"lazy\" class=\"aligncenter size-full wp-image-40098\" src=\"https:\/\/www.urlaubcornwall.de\/blog\/wp-content\/uploads\/2020\/05\/mullion-blick.jpg\" alt=\"mullion blick\" width=\"750\" height=\"562\" srcset=\"https:\/\/www.urlaubcornwall.de\/blog\/wp-content\/uploads\/2020\/05\/mullion-blick.jpg 750w, https:\/\/www.urlaubcornwall.de\/blog\/wp-content\/uploads\/2020\/05\/mullion-blick-300x225.jpg 300w\" sizes=\"(max-width: 750px) 100vw, 750px\" \/><\/p>\n<p>\u2022 Befindet sich in einem Gebiet au\u00dferordentlicher Natursch\u00f6nheit.<\/p>\n<p>\u2022 Bis ins fr\u00fche 20. Jahrhundert herrschte hier vor allem Fischerei.<\/p>\n<p>\u2022 Der Hafen, bestehend aus zwei Piers, besteht vornehmlich aus Granit, Serpentin und Quarzgestein.<\/p>\n<p>\u2022 Dieser K\u00fcstenabschnitt ist schwer und sichtbar in Leidenschaft gezogen aufgrund von St\u00fcrmen, der Meeresspiegelerh\u00f6hung und des Klimawandels.<\/p>\n<p>\u2022 Im August 1588 wurde die Spanische Armada von hier aus gesichtet.<\/p>\n<p>\u2022 Entlang der K\u00fcste liegen zahlreiche Schiffswracks, die h\u00e4ufig aufgrund ihrer Fracht benannt wurden, wie z.B. das Teewrack.<\/p>\n<p>\u2022 Auch die Schmuggelei spielte hier eine nicht unerhebliche Rolle.<\/p>\n<p>\u2022 Eine Zeit lang wurde auch Kupfer abgebaut. Ein gro\u00dfes St\u00fcck von der Trenance Zeche bei Mullion, 590kg schwer, war Ausstellungsst\u00fcck der Great Exhibition in London im Jahre 1851 und befindet sich noch immer im Natural History Museum in London.<\/p>\n<p style=\"text-align: center;\"><a class=\"tidycta\" href=\"https:\/\/www.urlaubcornwall.de\/ferienhaeuser-fewos\/mullion.html\">Ferienh\u00e4user in Mullion<\/a><\/p>\n<div class=\"snippet\"> <a class=\"featured-item\" href=\"https:\/\/www.urlaubcornwall.de\/ferienhaeuser\/cornwall.php\"> <span class=\"image-holder\" style=\"background-image: url('https:\/\/www.urlaubcornwall.de\/blog\/wp-content\/uploads\/2018\/12\/familienurlaub-corwnall-snippet.jpg');\"><\/span> <span class=\"featured-content\"> \n<h2 class=\"featured-title\">Ferienh\u00e4user in Cornwall am Meer<\/h2>\n<p class=\"featured-body\">Cornwall besitzt mehr K\u00fcstenlinien als jede andere Grafschaft und bietet einige der besten Str\u00e4nde, K\u00fcstenwanderwege und Klippenlandschaften, die man \u00fcberhaupt finden kann&#8230; <\/p><\/span> <span class=\"featured-link-holder\"> <span class=\"featured-extra-info\"> \n<p>F\u00fcr Paare, Familien &#038; Gruppen<\/p>\n<\/span> \n<p class=\"featured-link\">DETAILS<\/p>\n<\/span> <\/a><\/div>\n","protected":false},"excerpt":{"rendered":"<p>\u2022 Befindet sich in einem Gebiet au\u00dferordentlicher Natursch\u00f6nheit. \u2022 Bis ins fr\u00fche 20. Jahrhundert herrschte hier vor allem Fischerei. \u2022 Der Hafen, bestehend aus zwei Piers, besteht vornehmlich aus Granit, Serpentin und Quarzgestein. \u2022 Dieser K\u00fcstenabschnitt ist schwer und sichtbar in Leidenschaft gezogen aufgrund von St\u00fcrmen, der Meeresspiegelerh\u00f6hung und des Klimawandels. \u2022 Im August 1588 [&hellip;]<\/p>\n","protected":false},"author":1,"featured_media":0,"parent":0,"menu_order":0,"comment_status":"closed","ping_status":"closed","template":"single-four.php","meta":[],"acf":[],"yoast_head":"<!-- This site is optimized with the Yoast SEO plugin v19.4 - https:\/\/yoast.com\/wordpress\/plugins\/seo\/ -->\n<title>Entdecken Mullion Cove - Lizard Halbinsel - Urlaub &amp; Reisen<\/title>\n<meta name=\"robots\" content=\"index, follow, max-snippet:-1, max-image-preview:large, max-video-preview:-1\" \/>\n<link rel=\"canonical\" href=\"https:\/\/www.urlaubcornwall.de\/blog\/mullion-cove-lizard-halbinsel\/\" \/>\n<meta property=\"og:locale\" content=\"en_US\" \/>\n<meta property=\"og:type\" content=\"article\" \/>\n<meta property=\"og:title\" content=\"Entdecken Mullion Cove - Lizard Halbinsel - Urlaub &amp; Reisen\" \/>\n<meta property=\"og:description\" content=\"\u2022 Befindet sich in einem Gebiet au\u00dferordentlicher Natursch\u00f6nheit. \u2022 Bis ins fr\u00fche 20. Jahrhundert herrschte hier vor allem Fischerei. \u2022 Der Hafen, bestehend aus zwei Piers, besteht vornehmlich aus Granit, Serpentin und Quarzgestein. \u2022 Dieser K\u00fcstenabschnitt ist schwer und sichtbar in Leidenschaft gezogen aufgrund von St\u00fcrmen, der Meeresspiegelerh\u00f6hung und des Klimawandels. \u2022 Im August 1588 [&hellip;]\" \/>\n<meta property=\"og:url\" content=\"https:\/\/www.urlaubcornwall.de\/blog\/mullion-cove-lizard-halbinsel\/\" \/>\n<meta property=\"og:site_name\" content=\"Urlaub &amp; Reisen\" \/>\n<meta property=\"article:modified_time\" content=\"2021-09-23T08:16:34+00:00\" \/>\n<meta property=\"og:image\" content=\"https:\/\/www.urlaubcornwall.de\/blog\/wp-content\/uploads\/2020\/05\/mullion-blick.jpg\" \/>\n<meta name=\"twitter:card\" content=\"summary\" \/>\n<meta name=\"twitter:label1\" content=\"Est. reading time\" \/>\n\t<meta name=\"twitter:data1\" content=\"1 minute\" \/>\n<script type=\"application\/ld+json\" class=\"yoast-schema-graph\">{\"@context\":\"https:\/\/schema.org\",\"@graph\":[{\"@type\":\"WebSite\",\"@id\":\"https:\/\/www.urlaubcornwall.de\/blog\/#website\",\"url\":\"https:\/\/www.urlaubcornwall.de\/blog\/\",\"name\":\"Urlaub &amp; Reisen\",\"description\":\"Urlaub, Reisen, Cornwall und S\u00fcdengland: eine perfekte Kombination\",\"potentialAction\":[{\"@type\":\"SearchAction\",\"target\":{\"@type\":\"EntryPoint\",\"urlTemplate\":\"https:\/\/www.urlaubcornwall.de\/blog\/?s={search_term_string}\"},\"query-input\":\"required name=search_term_string\"}],\"inLanguage\":\"en-US\"},{\"@type\":\"WebPage\",\"@id\":\"https:\/\/www.urlaubcornwall.de\/blog\/mullion-cove-lizard-halbinsel\/\",\"url\":\"https:\/\/www.urlaubcornwall.de\/blog\/mullion-cove-lizard-halbinsel\/\",\"name\":\"Entdecken Mullion Cove - Lizard Halbinsel - Urlaub &amp; Reisen\",\"isPartOf\":{\"@id\":\"https:\/\/www.urlaubcornwall.de\/blog\/#website\"},\"datePublished\":\"2021-07-01T06:36:53+00:00\",\"dateModified\":\"2021-09-23T08:16:34+00:00\",\"breadcrumb\":{\"@id\":\"https:\/\/www.urlaubcornwall.de\/blog\/mullion-cove-lizard-halbinsel\/#breadcrumb\"},\"inLanguage\":\"en-US\",\"potentialAction\":[{\"@type\":\"ReadAction\",\"target\":[\"https:\/\/www.urlaubcornwall.de\/blog\/mullion-cove-lizard-halbinsel\/\"]}]},{\"@type\":\"BreadcrumbList\",\"@id\":\"https:\/\/www.urlaubcornwall.de\/blog\/mullion-cove-lizard-halbinsel\/#breadcrumb\",\"itemListElement\":[{\"@type\":\"ListItem\",\"position\":1,\"name\":\"Home\",\"item\":\"https:\/\/www.urlaubcornwall.de\/blog\/\"},{\"@type\":\"ListItem\",\"position\":2,\"name\":\"Entdecken Mullion Cove &#8211; Lizard Halbinsel\"}]}]}<\/script>\n<!-- \/ Yoast SEO plugin. -->","yoast_head_json":{"title":"Entdecken Mullion Cove - Lizard Halbinsel - Urlaub &amp; Reisen","robots":{"index":"index","follow":"follow","max-snippet":"max-snippet:-1","max-image-preview":"max-image-preview:large","max-video-preview":"max-video-preview:-1"},"canonical":"https:\/\/www.urlaubcornwall.de\/blog\/mullion-cove-lizard-halbinsel\/","og_locale":"en_US","og_type":"article","og_title":"Entdecken Mullion Cove - Lizard Halbinsel - Urlaub &amp; Reisen","og_description":"\u2022 Befindet sich in einem Gebiet au\u00dferordentlicher Natursch\u00f6nheit. \u2022 Bis ins fr\u00fche 20. Jahrhundert herrschte hier vor allem Fischerei. \u2022 Der Hafen, bestehend aus zwei Piers, besteht vornehmlich aus Granit, Serpentin und Quarzgestein. \u2022 Dieser K\u00fcstenabschnitt ist schwer und sichtbar in Leidenschaft gezogen aufgrund von St\u00fcrmen, der Meeresspiegelerh\u00f6hung und des Klimawandels. \u2022 Im August 1588 [&hellip;]","og_url":"https:\/\/www.urlaubcornwall.de\/blog\/mullion-cove-lizard-halbinsel\/","og_site_name":"Urlaub &amp; Reisen","article_modified_time":"2021-09-23T08:16:34+00:00","og_image":[{"url":"https:\/\/www.urlaubcornwall.de\/blog\/wp-content\/uploads\/2020\/05\/mullion-blick.jpg"}],"twitter_card":"summary","twitter_misc":{"Est. reading time":"1 minute"},"schema":{"@context":"https:\/\/schema.org","@graph":[{"@type":"WebSite","@id":"https:\/\/www.urlaubcornwall.de\/blog\/#website","url":"https:\/\/www.urlaubcornwall.de\/blog\/","name":"Urlaub &amp; Reisen","description":"Urlaub, Reisen, Cornwall und S\u00fcdengland: eine perfekte Kombination","potentialAction":[{"@type":"SearchAction","target":{"@type":"EntryPoint","urlTemplate":"https:\/\/www.urlaubcornwall.de\/blog\/?s={search_term_string}"},"query-input":"required name=search_term_string"}],"inLanguage":"en-US"},{"@type":"WebPage","@id":"https:\/\/www.urlaubcornwall.de\/blog\/mullion-cove-lizard-halbinsel\/","url":"https:\/\/www.urlaubcornwall.de\/blog\/mullion-cove-lizard-halbinsel\/","name":"Entdecken Mullion Cove - Lizard Halbinsel - Urlaub &amp; Reisen","isPartOf":{"@id":"https:\/\/www.urlaubcornwall.de\/blog\/#website"},"datePublished":"2021-07-01T06:36:53+00:00","dateModified":"2021-09-23T08:16:34+00:00","breadcrumb":{"@id":"https:\/\/www.urlaubcornwall.de\/blog\/mullion-cove-lizard-halbinsel\/#breadcrumb"},"inLanguage":"en-US","potentialAction":[{"@type":"ReadAction","target":["https:\/\/www.urlaubcornwall.de\/blog\/mullion-cove-lizard-halbinsel\/"]}]},{"@type":"BreadcrumbList","@id":"https:\/\/www.urlaubcornwall.de\/blog\/mullion-cove-lizard-halbinsel\/#breadcrumb","itemListElement":[{"@type":"ListItem","position":1,"name":"Home","item":"https:\/\/www.urlaubcornwall.de\/blog\/"},{"@type":"ListItem","position":2,"name":"Entdecken Mullion Cove &#8211; Lizard Halbinsel"}]}]}},"_links":{"self":[{"href":"https:\/\/www.urlaubcornwall.de\/blog\/wp-json\/wp\/v2\/pages\/41751"}],"collection":[{"href":"https:\/\/www.urlaubcornwall.de\/blog\/wp-json\/wp\/v2\/pages"}],"about":[{"href":"https:\/\/www.urlaubcornwall.de\/blog\/wp-json\/wp\/v2\/types\/page"}],"author":[{"embeddable":true,"href":"https:\/\/www.urlaubcornwall.de\/blog\/wp-json\/wp\/v2\/users\/1"}],"replies":[{"embeddable":true,"href":"https:\/\/www.urlaubcornwall.de\/blog\/wp-json\/wp\/v2\/comments?post=41751"}],"version-history":[{"count":2,"href":"https:\/\/www.urlaubcornwall.de\/blog\/wp-json\/wp\/v2\/pages\/41751\/revisions"}],"predecessor-version":[{"id":43059,"href":"https:\/\/www.urlaubcornwall.de\/blog\/wp-json\/wp\/v2\/pages\/41751\/revisions\/43059"}],"wp:attachment":[{"href":"https:\/\/www.urlaubcornwall.de\/blog\/wp-json\/wp\/v2\/media?parent=41751"}],"curies":[{"name":"wp","href":"https:\/\/api.w.org\/{rel}","templated":true}]}}