{"id":41688,"date":"2021-05-18T11:28:48","date_gmt":"2021-05-18T11:28:48","guid":{"rendered":"https:\/\/www.urlaubcornwall.de\/blog\/?page_id=41688"},"modified":"2021-05-18T11:29:12","modified_gmt":"2021-05-18T11:29:12","slug":"wo-liegt-eigentlich-cornwall","status":"publish","type":"page","link":"https:\/\/www.urlaubcornwall.de\/blog\/wo-liegt-eigentlich-cornwall\/","title":{"rendered":"Wo liegt eigentlich Cornwall?"},"content":{"rendered":"<p><img loading=\"lazy\" class=\"aligncenter size-full wp-image-34620\" src=\"https:\/\/www.urlaubcornwall.de\/blog\/wp-content\/uploads\/2018\/11\/rundreise_cornwall_suedengland.jpg\" alt=\" Cornwall Port Isaac\" width=\"750\" height=\"443\" srcset=\"https:\/\/www.urlaubcornwall.de\/blog\/wp-content\/uploads\/2018\/11\/rundreise_cornwall_suedengland.jpg 752w, https:\/\/www.urlaubcornwall.de\/blog\/wp-content\/uploads\/2018\/11\/rundreise_cornwall_suedengland-300x177.jpg 300w\" sizes=\"(max-width: 750px) 100vw, 750px\" \/><\/p>\n<p>Cornwall verj\u00fcngt sich in den Atlantik, und hier, mehr noch als im restlichen <a href=\"https:\/\/www.urlaubcornwall.de\/\">Gro\u00dfbritannien<\/a>, erh\u00e4lt man den Eindruck des Insellebens. Dieses Land ist voller abwechslungsreicher, doch harmonischer Landschaften, in denen das Erbe uralter Zivilisationen noch zu sp\u00fcren ist, die vielleicht von den Eroberungswellen \u00fcberrannt, aber nie bezwungen wurden.<\/p>\n<p>Die Sch\u00f6nheit der kornischen K\u00fcste und der dramatische Kontrast zwischen Land und Meer sind bei einem <a href=\"https:\/\/www.urlaubcornwall.de\/reiseziel\/cornwall.php\">Urlaub in Cornwall<\/a> immer in greifbarer N\u00e4he. Es gibt keine sch\u00f6nere Region f\u00fcr einen Urlaub an der <a href=\"https:\/\/www.urlaubcornwall.de\/ferienhaeuser\/suedengland.php\">K\u00fcste S\u00fcdenglands<\/a>. <\/p>\n<div class=\"snippet\"> <a class=\"featured-item\" href=\"https:\/\/www.urlaubcornwall.de\/ferienhaeuser\/cornwall.php\"> <span class=\"image-holder\" style=\"background-image: url('https:\/\/www.urlaubcornwall.de\/blog\/wp-content\/uploads\/2018\/12\/familienurlaub-corwnall-snippet.jpg');\"><\/span> <span class=\"featured-content\"> \n<h2 class=\"featured-title\">Ferienh\u00e4user in Cornwall am Meer<\/h2>\n<p class=\"featured-body\">Cornwall besitzt mehr K\u00fcstenlinien als jede andere Grafschaft und bietet einige der besten Str\u00e4nde, K\u00fcstenwanderwege und Klippenlandschaften, die man \u00fcberhaupt finden kann&#8230; <\/p><\/span> <span class=\"featured-link-holder\"> <span class=\"featured-extra-info\"> \n<p>F\u00fcr Paare, Familien &#038; Gruppen<\/p>\n<\/span> \n<p class=\"featured-link\">DETAILS<\/p>\n<\/span> <\/a><\/div>\n","protected":false},"excerpt":{"rendered":"<p>Cornwall verj\u00fcngt sich in den Atlantik, und hier, mehr noch als im restlichen Gro\u00dfbritannien, erh\u00e4lt man den Eindruck des Insellebens. Dieses Land ist voller abwechslungsreicher, doch harmonischer Landschaften, in denen das Erbe uralter Zivilisationen noch zu sp\u00fcren ist, die vielleicht von den Eroberungswellen \u00fcberrannt, aber nie bezwungen wurden. Die Sch\u00f6nheit der kornischen K\u00fcste und der [&hellip;]<\/p>\n","protected":false},"author":1,"featured_media":0,"parent":0,"menu_order":0,"comment_status":"closed","ping_status":"closed","template":"single-four.php","meta":[],"acf":[],"yoast_head":"<!-- This site is optimized with the Yoast SEO plugin v19.4 - https:\/\/yoast.com\/wordpress\/plugins\/seo\/ -->\n<title>Wo liegt eigentlich Cornwall? - Urlaub &amp; Reisen<\/title>\n<meta name=\"robots\" content=\"index, follow, max-snippet:-1, max-image-preview:large, max-video-preview:-1\" \/>\n<link rel=\"canonical\" href=\"https:\/\/www.urlaubcornwall.de\/blog\/wo-liegt-eigentlich-cornwall\/\" \/>\n<meta property=\"og:locale\" content=\"en_US\" \/>\n<meta property=\"og:type\" content=\"article\" \/>\n<meta property=\"og:title\" content=\"Wo liegt eigentlich Cornwall? - Urlaub &amp; Reisen\" \/>\n<meta property=\"og:description\" content=\"Cornwall verj\u00fcngt sich in den Atlantik, und hier, mehr noch als im restlichen Gro\u00dfbritannien, erh\u00e4lt man den Eindruck des Insellebens. Dieses Land ist voller abwechslungsreicher, doch harmonischer Landschaften, in denen das Erbe uralter Zivilisationen noch zu sp\u00fcren ist, die vielleicht von den Eroberungswellen \u00fcberrannt, aber nie bezwungen wurden. Die Sch\u00f6nheit der kornischen K\u00fcste und der [&hellip;]\" \/>\n<meta property=\"og:url\" content=\"https:\/\/www.urlaubcornwall.de\/blog\/wo-liegt-eigentlich-cornwall\/\" \/>\n<meta property=\"og:site_name\" content=\"Urlaub &amp; Reisen\" \/>\n<meta property=\"article:modified_time\" content=\"2021-05-18T11:29:12+00:00\" \/>\n<meta property=\"og:image\" content=\"https:\/\/www.urlaubcornwall.de\/blog\/wp-content\/uploads\/2018\/11\/rundreise_cornwall_suedengland.jpg\" \/>\n<meta name=\"twitter:card\" content=\"summary\" \/>\n<meta name=\"twitter:label1\" content=\"Est. reading time\" \/>\n\t<meta name=\"twitter:data1\" content=\"1 minute\" \/>\n<script type=\"application\/ld+json\" class=\"yoast-schema-graph\">{\"@context\":\"https:\/\/schema.org\",\"@graph\":[{\"@type\":\"WebSite\",\"@id\":\"https:\/\/www.urlaubcornwall.de\/blog\/#website\",\"url\":\"https:\/\/www.urlaubcornwall.de\/blog\/\",\"name\":\"Urlaub &amp; Reisen\",\"description\":\"Urlaub, Reisen, Cornwall und S\u00fcdengland: eine perfekte Kombination\",\"potentialAction\":[{\"@type\":\"SearchAction\",\"target\":{\"@type\":\"EntryPoint\",\"urlTemplate\":\"https:\/\/www.urlaubcornwall.de\/blog\/?s={search_term_string}\"},\"query-input\":\"required name=search_term_string\"}],\"inLanguage\":\"en-US\"},{\"@type\":\"WebPage\",\"@id\":\"https:\/\/www.urlaubcornwall.de\/blog\/wo-liegt-eigentlich-cornwall\/\",\"url\":\"https:\/\/www.urlaubcornwall.de\/blog\/wo-liegt-eigentlich-cornwall\/\",\"name\":\"Wo liegt eigentlich Cornwall? - Urlaub &amp; Reisen\",\"isPartOf\":{\"@id\":\"https:\/\/www.urlaubcornwall.de\/blog\/#website\"},\"datePublished\":\"2021-05-18T11:28:48+00:00\",\"dateModified\":\"2021-05-18T11:29:12+00:00\",\"breadcrumb\":{\"@id\":\"https:\/\/www.urlaubcornwall.de\/blog\/wo-liegt-eigentlich-cornwall\/#breadcrumb\"},\"inLanguage\":\"en-US\",\"potentialAction\":[{\"@type\":\"ReadAction\",\"target\":[\"https:\/\/www.urlaubcornwall.de\/blog\/wo-liegt-eigentlich-cornwall\/\"]}]},{\"@type\":\"BreadcrumbList\",\"@id\":\"https:\/\/www.urlaubcornwall.de\/blog\/wo-liegt-eigentlich-cornwall\/#breadcrumb\",\"itemListElement\":[{\"@type\":\"ListItem\",\"position\":1,\"name\":\"Home\",\"item\":\"https:\/\/www.urlaubcornwall.de\/blog\/\"},{\"@type\":\"ListItem\",\"position\":2,\"name\":\"Wo liegt eigentlich Cornwall?\"}]}]}<\/script>\n<!-- \/ Yoast SEO plugin. -->","yoast_head_json":{"title":"Wo liegt eigentlich Cornwall? - Urlaub &amp; Reisen","robots":{"index":"index","follow":"follow","max-snippet":"max-snippet:-1","max-image-preview":"max-image-preview:large","max-video-preview":"max-video-preview:-1"},"canonical":"https:\/\/www.urlaubcornwall.de\/blog\/wo-liegt-eigentlich-cornwall\/","og_locale":"en_US","og_type":"article","og_title":"Wo liegt eigentlich Cornwall? - Urlaub &amp; Reisen","og_description":"Cornwall verj\u00fcngt sich in den Atlantik, und hier, mehr noch als im restlichen Gro\u00dfbritannien, erh\u00e4lt man den Eindruck des Insellebens. Dieses Land ist voller abwechslungsreicher, doch harmonischer Landschaften, in denen das Erbe uralter Zivilisationen noch zu sp\u00fcren ist, die vielleicht von den Eroberungswellen \u00fcberrannt, aber nie bezwungen wurden. Die Sch\u00f6nheit der kornischen K\u00fcste und der [&hellip;]","og_url":"https:\/\/www.urlaubcornwall.de\/blog\/wo-liegt-eigentlich-cornwall\/","og_site_name":"Urlaub &amp; Reisen","article_modified_time":"2021-05-18T11:29:12+00:00","og_image":[{"url":"https:\/\/www.urlaubcornwall.de\/blog\/wp-content\/uploads\/2018\/11\/rundreise_cornwall_suedengland.jpg"}],"twitter_card":"summary","twitter_misc":{"Est. reading time":"1 minute"},"schema":{"@context":"https:\/\/schema.org","@graph":[{"@type":"WebSite","@id":"https:\/\/www.urlaubcornwall.de\/blog\/#website","url":"https:\/\/www.urlaubcornwall.de\/blog\/","name":"Urlaub &amp; Reisen","description":"Urlaub, Reisen, Cornwall und S\u00fcdengland: eine perfekte Kombination","potentialAction":[{"@type":"SearchAction","target":{"@type":"EntryPoint","urlTemplate":"https:\/\/www.urlaubcornwall.de\/blog\/?s={search_term_string}"},"query-input":"required name=search_term_string"}],"inLanguage":"en-US"},{"@type":"WebPage","@id":"https:\/\/www.urlaubcornwall.de\/blog\/wo-liegt-eigentlich-cornwall\/","url":"https:\/\/www.urlaubcornwall.de\/blog\/wo-liegt-eigentlich-cornwall\/","name":"Wo liegt eigentlich Cornwall? - Urlaub &amp; Reisen","isPartOf":{"@id":"https:\/\/www.urlaubcornwall.de\/blog\/#website"},"datePublished":"2021-05-18T11:28:48+00:00","dateModified":"2021-05-18T11:29:12+00:00","breadcrumb":{"@id":"https:\/\/www.urlaubcornwall.de\/blog\/wo-liegt-eigentlich-cornwall\/#breadcrumb"},"inLanguage":"en-US","potentialAction":[{"@type":"ReadAction","target":["https:\/\/www.urlaubcornwall.de\/blog\/wo-liegt-eigentlich-cornwall\/"]}]},{"@type":"BreadcrumbList","@id":"https:\/\/www.urlaubcornwall.de\/blog\/wo-liegt-eigentlich-cornwall\/#breadcrumb","itemListElement":[{"@type":"ListItem","position":1,"name":"Home","item":"https:\/\/www.urlaubcornwall.de\/blog\/"},{"@type":"ListItem","position":2,"name":"Wo liegt eigentlich Cornwall?"}]}]}},"_links":{"self":[{"href":"https:\/\/www.urlaubcornwall.de\/blog\/wp-json\/wp\/v2\/pages\/41688"}],"collection":[{"href":"https:\/\/www.urlaubcornwall.de\/blog\/wp-json\/wp\/v2\/pages"}],"about":[{"href":"https:\/\/www.urlaubcornwall.de\/blog\/wp-json\/wp\/v2\/types\/page"}],"author":[{"embeddable":true,"href":"https:\/\/www.urlaubcornwall.de\/blog\/wp-json\/wp\/v2\/users\/1"}],"replies":[{"embeddable":true,"href":"https:\/\/www.urlaubcornwall.de\/blog\/wp-json\/wp\/v2\/comments?post=41688"}],"version-history":[{"count":1,"href":"https:\/\/www.urlaubcornwall.de\/blog\/wp-json\/wp\/v2\/pages\/41688\/revisions"}],"predecessor-version":[{"id":41689,"href":"https:\/\/www.urlaubcornwall.de\/blog\/wp-json\/wp\/v2\/pages\/41688\/revisions\/41689"}],"wp:attachment":[{"href":"https:\/\/www.urlaubcornwall.de\/blog\/wp-json\/wp\/v2\/media?parent=41688"}],"curies":[{"name":"wp","href":"https:\/\/api.w.org\/{rel}","templated":true}]}}