{"id":41664,"date":"2021-05-09T08:04:32","date_gmt":"2021-05-09T08:04:32","guid":{"rendered":"https:\/\/www.urlaubcornwall.de\/blog\/?page_id=41664"},"modified":"2021-05-09T08:07:30","modified_gmt":"2021-05-09T08:07:30","slug":"was-ist-die-groesste-stadt-in-cornwall","status":"publish","type":"page","link":"https:\/\/www.urlaubcornwall.de\/blog\/was-ist-die-groesste-stadt-in-cornwall\/","title":{"rendered":"Was ist die gr\u00f6\u00dfte Stadt in Cornwall?"},"content":{"rendered":"<p><img loading=\"lazy\" class=\"aligncenter size-full wp-image-40553\" src=\"https:\/\/www.urlaubcornwall.de\/blog\/wp-content\/uploads\/2020\/07\/St-Ives_portminster.jpg\" alt=\"St Ives in Cornwall\" width=\"750\" height=\"618\" srcset=\"https:\/\/www.urlaubcornwall.de\/blog\/wp-content\/uploads\/2020\/07\/St-Ives_portminster.jpg 750w, https:\/\/www.urlaubcornwall.de\/blog\/wp-content\/uploads\/2020\/07\/St-Ives_portminster-300x247.jpg 300w\" sizes=\"(max-width: 750px) 100vw, 750px\" \/><\/p>\n<p><strong>1.<\/strong> Redruth (mit Camborne)\t        42,690<\/p>\n<p><strong>2.<\/strong> Falmouth (mit Penryn)\t        31,988<\/p>\n<p><strong>3.<\/strong> St Austell\t                        25,447<\/p>\n<p><strong>4.<\/strong> Truro                               23,041<\/p>\n<p><strong>5.<\/strong> Newquay                             20,189<\/p>\n<p>Cornwall ist unter deutschen Urlaubern das <a href=\"https:\/\/www.urlaubcornwall.de\/reiseziel\/cornwall.php\">beliebteste Reiseziel in England<\/a> und Gro\u00dfbritannien. Das ist auch kein Wunder, denn Cornwall hat alle Zutaten, die man f\u00fcr einen perfekten Urlaub braucht. Genie\u00dfen Sie die fantastische kornische Landschaft, die schon durch die Verfilmungen der Rosamunde Pilcher Romane in Deutschland ber\u00fchmt gemacht wurden. <\/p>\n<p><a href=\"https:\/\/www.urlaubcornwall.de\/blog\/die-schoensten-orte-in-cornwall-unsere-top-10\/\">Die sch\u00f6nsten K\u00fcstenorte in Cornwall \u2013 unsere Top 10<\/a> <\/p>\n","protected":false},"excerpt":{"rendered":"<p>1. Redruth (mit Camborne) 42,690 2. Falmouth (mit Penryn) 31,988 3. St Austell 25,447 4. Truro 23,041 5. Newquay 20,189 Cornwall ist unter deutschen Urlaubern das beliebteste Reiseziel in England und Gro\u00dfbritannien. Das ist auch kein Wunder, denn Cornwall hat alle Zutaten, die man f\u00fcr einen perfekten Urlaub braucht. Genie\u00dfen Sie die fantastische kornische Landschaft, [&hellip;]<\/p>\n","protected":false},"author":1,"featured_media":0,"parent":0,"menu_order":0,"comment_status":"closed","ping_status":"closed","template":"single-four.php","meta":[],"acf":[],"yoast_head":"<!-- This site is optimized with the Yoast SEO plugin v19.4 - https:\/\/yoast.com\/wordpress\/plugins\/seo\/ -->\n<title>Was ist die gr\u00f6\u00dfte Stadt in Cornwall? - Urlaub &amp; Reisen<\/title>\n<meta name=\"robots\" content=\"index, follow, max-snippet:-1, max-image-preview:large, max-video-preview:-1\" \/>\n<link rel=\"canonical\" href=\"https:\/\/www.urlaubcornwall.de\/blog\/was-ist-die-groesste-stadt-in-cornwall\/\" \/>\n<meta property=\"og:locale\" content=\"en_US\" \/>\n<meta property=\"og:type\" content=\"article\" \/>\n<meta property=\"og:title\" content=\"Was ist die gr\u00f6\u00dfte Stadt in Cornwall? - Urlaub &amp; Reisen\" \/>\n<meta property=\"og:description\" content=\"1. Redruth (mit Camborne) 42,690 2. Falmouth (mit Penryn) 31,988 3. St Austell 25,447 4. Truro 23,041 5. Newquay 20,189 Cornwall ist unter deutschen Urlaubern das beliebteste Reiseziel in England und Gro\u00dfbritannien. Das ist auch kein Wunder, denn Cornwall hat alle Zutaten, die man f\u00fcr einen perfekten Urlaub braucht. Genie\u00dfen Sie die fantastische kornische Landschaft, [&hellip;]\" \/>\n<meta property=\"og:url\" content=\"https:\/\/www.urlaubcornwall.de\/blog\/was-ist-die-groesste-stadt-in-cornwall\/\" \/>\n<meta property=\"og:site_name\" content=\"Urlaub &amp; Reisen\" \/>\n<meta property=\"article:modified_time\" content=\"2021-05-09T08:07:30+00:00\" \/>\n<meta property=\"og:image\" content=\"https:\/\/www.urlaubcornwall.de\/blog\/wp-content\/uploads\/2020\/07\/St-Ives_portminster.jpg\" \/>\n<meta name=\"twitter:card\" content=\"summary\" \/>\n<script type=\"application\/ld+json\" class=\"yoast-schema-graph\">{\"@context\":\"https:\/\/schema.org\",\"@graph\":[{\"@type\":\"WebSite\",\"@id\":\"https:\/\/www.urlaubcornwall.de\/blog\/#website\",\"url\":\"https:\/\/www.urlaubcornwall.de\/blog\/\",\"name\":\"Urlaub &amp; Reisen\",\"description\":\"Urlaub, Reisen, Cornwall und S\u00fcdengland: eine perfekte Kombination\",\"potentialAction\":[{\"@type\":\"SearchAction\",\"target\":{\"@type\":\"EntryPoint\",\"urlTemplate\":\"https:\/\/www.urlaubcornwall.de\/blog\/?s={search_term_string}\"},\"query-input\":\"required name=search_term_string\"}],\"inLanguage\":\"en-US\"},{\"@type\":\"WebPage\",\"@id\":\"https:\/\/www.urlaubcornwall.de\/blog\/was-ist-die-groesste-stadt-in-cornwall\/\",\"url\":\"https:\/\/www.urlaubcornwall.de\/blog\/was-ist-die-groesste-stadt-in-cornwall\/\",\"name\":\"Was ist die gr\u00f6\u00dfte Stadt in Cornwall? - Urlaub &amp; Reisen\",\"isPartOf\":{\"@id\":\"https:\/\/www.urlaubcornwall.de\/blog\/#website\"},\"datePublished\":\"2021-05-09T08:04:32+00:00\",\"dateModified\":\"2021-05-09T08:07:30+00:00\",\"breadcrumb\":{\"@id\":\"https:\/\/www.urlaubcornwall.de\/blog\/was-ist-die-groesste-stadt-in-cornwall\/#breadcrumb\"},\"inLanguage\":\"en-US\",\"potentialAction\":[{\"@type\":\"ReadAction\",\"target\":[\"https:\/\/www.urlaubcornwall.de\/blog\/was-ist-die-groesste-stadt-in-cornwall\/\"]}]},{\"@type\":\"BreadcrumbList\",\"@id\":\"https:\/\/www.urlaubcornwall.de\/blog\/was-ist-die-groesste-stadt-in-cornwall\/#breadcrumb\",\"itemListElement\":[{\"@type\":\"ListItem\",\"position\":1,\"name\":\"Home\",\"item\":\"https:\/\/www.urlaubcornwall.de\/blog\/\"},{\"@type\":\"ListItem\",\"position\":2,\"name\":\"Was ist die gr\u00f6\u00dfte Stadt in Cornwall?\"}]}]}<\/script>\n<!-- \/ Yoast SEO plugin. -->","yoast_head_json":{"title":"Was ist die gr\u00f6\u00dfte Stadt in Cornwall? - Urlaub &amp; Reisen","robots":{"index":"index","follow":"follow","max-snippet":"max-snippet:-1","max-image-preview":"max-image-preview:large","max-video-preview":"max-video-preview:-1"},"canonical":"https:\/\/www.urlaubcornwall.de\/blog\/was-ist-die-groesste-stadt-in-cornwall\/","og_locale":"en_US","og_type":"article","og_title":"Was ist die gr\u00f6\u00dfte Stadt in Cornwall? - Urlaub &amp; Reisen","og_description":"1. Redruth (mit Camborne) 42,690 2. Falmouth (mit Penryn) 31,988 3. St Austell 25,447 4. Truro 23,041 5. Newquay 20,189 Cornwall ist unter deutschen Urlaubern das beliebteste Reiseziel in England und Gro\u00dfbritannien. Das ist auch kein Wunder, denn Cornwall hat alle Zutaten, die man f\u00fcr einen perfekten Urlaub braucht. Genie\u00dfen Sie die fantastische kornische Landschaft, [&hellip;]","og_url":"https:\/\/www.urlaubcornwall.de\/blog\/was-ist-die-groesste-stadt-in-cornwall\/","og_site_name":"Urlaub &amp; Reisen","article_modified_time":"2021-05-09T08:07:30+00:00","og_image":[{"url":"https:\/\/www.urlaubcornwall.de\/blog\/wp-content\/uploads\/2020\/07\/St-Ives_portminster.jpg"}],"twitter_card":"summary","schema":{"@context":"https:\/\/schema.org","@graph":[{"@type":"WebSite","@id":"https:\/\/www.urlaubcornwall.de\/blog\/#website","url":"https:\/\/www.urlaubcornwall.de\/blog\/","name":"Urlaub &amp; Reisen","description":"Urlaub, Reisen, Cornwall und S\u00fcdengland: eine perfekte Kombination","potentialAction":[{"@type":"SearchAction","target":{"@type":"EntryPoint","urlTemplate":"https:\/\/www.urlaubcornwall.de\/blog\/?s={search_term_string}"},"query-input":"required name=search_term_string"}],"inLanguage":"en-US"},{"@type":"WebPage","@id":"https:\/\/www.urlaubcornwall.de\/blog\/was-ist-die-groesste-stadt-in-cornwall\/","url":"https:\/\/www.urlaubcornwall.de\/blog\/was-ist-die-groesste-stadt-in-cornwall\/","name":"Was ist die gr\u00f6\u00dfte Stadt in Cornwall? - Urlaub &amp; Reisen","isPartOf":{"@id":"https:\/\/www.urlaubcornwall.de\/blog\/#website"},"datePublished":"2021-05-09T08:04:32+00:00","dateModified":"2021-05-09T08:07:30+00:00","breadcrumb":{"@id":"https:\/\/www.urlaubcornwall.de\/blog\/was-ist-die-groesste-stadt-in-cornwall\/#breadcrumb"},"inLanguage":"en-US","potentialAction":[{"@type":"ReadAction","target":["https:\/\/www.urlaubcornwall.de\/blog\/was-ist-die-groesste-stadt-in-cornwall\/"]}]},{"@type":"BreadcrumbList","@id":"https:\/\/www.urlaubcornwall.de\/blog\/was-ist-die-groesste-stadt-in-cornwall\/#breadcrumb","itemListElement":[{"@type":"ListItem","position":1,"name":"Home","item":"https:\/\/www.urlaubcornwall.de\/blog\/"},{"@type":"ListItem","position":2,"name":"Was ist die gr\u00f6\u00dfte Stadt in Cornwall?"}]}]}},"_links":{"self":[{"href":"https:\/\/www.urlaubcornwall.de\/blog\/wp-json\/wp\/v2\/pages\/41664"}],"collection":[{"href":"https:\/\/www.urlaubcornwall.de\/blog\/wp-json\/wp\/v2\/pages"}],"about":[{"href":"https:\/\/www.urlaubcornwall.de\/blog\/wp-json\/wp\/v2\/types\/page"}],"author":[{"embeddable":true,"href":"https:\/\/www.urlaubcornwall.de\/blog\/wp-json\/wp\/v2\/users\/1"}],"replies":[{"embeddable":true,"href":"https:\/\/www.urlaubcornwall.de\/blog\/wp-json\/wp\/v2\/comments?post=41664"}],"version-history":[{"count":1,"href":"https:\/\/www.urlaubcornwall.de\/blog\/wp-json\/wp\/v2\/pages\/41664\/revisions"}],"predecessor-version":[{"id":41665,"href":"https:\/\/www.urlaubcornwall.de\/blog\/wp-json\/wp\/v2\/pages\/41664\/revisions\/41665"}],"wp:attachment":[{"href":"https:\/\/www.urlaubcornwall.de\/blog\/wp-json\/wp\/v2\/media?parent=41664"}],"curies":[{"name":"wp","href":"https:\/\/api.w.org\/{rel}","templated":true}]}}