{"id":41662,"date":"2021-05-08T16:32:06","date_gmt":"2021-05-08T16:32:06","guid":{"rendered":"https:\/\/www.urlaubcornwall.de\/blog\/?page_id=41662"},"modified":"2023-01-17T10:07:04","modified_gmt":"2023-01-17T10:07:04","slug":"was-kostet-ein-urlaub-cornwall","status":"publish","type":"page","link":"https:\/\/www.urlaubcornwall.de\/blog\/was-kostet-ein-urlaub-cornwall\/","title":{"rendered":"Urlaub in Cornwall Kostet?"},"content":{"rendered":"<p><img loading=\"lazy\" class=\"aligncenter size-full wp-image-40137\" src=\"https:\/\/www.urlaubcornwall.de\/blog\/wp-content\/uploads\/2020\/05\/strandhaus-cornwall_falmouth_.jpg\" alt=\"cornwall_falmouth_strand\" width=\"750\" height=\"603\" srcset=\"https:\/\/www.urlaubcornwall.de\/blog\/wp-content\/uploads\/2020\/05\/strandhaus-cornwall_falmouth_.jpg 750w, https:\/\/www.urlaubcornwall.de\/blog\/wp-content\/uploads\/2020\/05\/strandhaus-cornwall_falmouth_-300x241.jpg 300w\" sizes=\"(max-width: 750px) 100vw, 750px\" \/><\/p>\n<p>G\u00fcnstig ist Cornwall nicht. Dennoch: Viele, die einmal hier waren, kommen wieder. Cornwall bietet in der Tat einige der <a href=\"https:\/\/www.urlaubcornwall.de\/hotels.php\">besten 4 &#038; 5-Sterne-Hotels des UK<\/a>, doch auch f\u00fcr diejenigen mit kleinerem Budget gibt es eine riesige Bannbreite an g\u00fcnstigeren Optionen, einschlie\u00dflich gro\u00dfartiger Selbstversorgerunterk\u00fcnfte. <\/p>\n<p><strong>Bei uns finden Sie Ferienh\u00e4user zum Verlieben; so einfach ist das!<\/strong><\/p>\n<p>UrlaubCornwall.de hat mehr als <a href=\"https:\/\/www.urlaubcornwall.de\/ferienhaeuser\/cornwall.php\">800 pers\u00f6nlich inspizierte Urlaubsunterk\u00fcnfte<\/a> im Angebot, von Strandh\u00e4usern bis hin zu Luxusappartements mit Meeresblick und traditionelle Fischercottages aus Stein, die Hunde gestatten.<\/p>\n<div class=\"snippet\"> <a class=\"featured-item\" href=\"https:\/\/www.urlaubcornwall.de\/ferienhaeuser\/cornwall.php\"> <span class=\"image-holder\" style=\"background-image: url('https:\/\/www.urlaubcornwall.de\/blog\/wp-content\/uploads\/2018\/12\/familienurlaub-corwnall-snippet.jpg');\"><\/span> <span class=\"featured-content\"> \n<h2 class=\"featured-title\">Ferienh\u00e4user in Cornwall am Meer<\/h2>\n<p class=\"featured-body\">Cornwall besitzt mehr K\u00fcstenlinien als jede andere Grafschaft und bietet einige der besten Str\u00e4nde, K\u00fcstenwanderwege und Klippenlandschaften, die man \u00fcberhaupt finden kann&#8230; <\/p><\/span> <span class=\"featured-link-holder\"> <span class=\"featured-extra-info\"> \n<p>F\u00fcr Paare, Familien &#038; Gruppen<\/p>\n<\/span> \n<p class=\"featured-link\">DETAILS<\/p>\n<\/span> <\/a><\/div>\n<p><strong>Cornwall-Rundreise, Kosten und Unterk\u00fcnfte<\/strong><\/p>\n<p>Eingeschlossene Leistungen:<\/p>\n<p>7 \u00dcbernachtungen in der gew\u00fcnschten Kategorie (Bronze oder Silber)<\/p>\n<p>T\u00e4gliches Fr\u00fchst\u00fcck<\/p>\n<p>1 Reisef\u00fchrer \u00fcber England<\/p>\n<p><strong>Unterk\u00fcnfte gesamt 4<\/strong><\/p>\n<p>\u00dcbernachtung im Raum Bath\/Bristol <\/p>\n<p>2 \u00dcbernachtungen im Raum Bude\/Padstow\/Newquay<\/p>\n<p>3 \u00dcbernachtungen im Raum Penzance\/Falmouth\/Helston<\/p>\n<p>\u00dcbernachtung im Raum Plymouth\/Torquay \/ Exeter<\/p>\n<p><strong>Gesamtkosten f\u00fcr 7 Tage \u20ac 710,- pro Person<\/strong><\/p>\n<p style=\"text-align: center;\"><a class=\"tidycta\" href=\"https:\/\/www.urlaubcornwall.de\/blog\/cornwall-entdecken-abbis-newquay-8-tage-pauschalreise-mit-flug\/\">Mehr Info<\/a><\/p>\n","protected":false},"excerpt":{"rendered":"<p>G\u00fcnstig ist Cornwall nicht. Dennoch: Viele, die einmal hier waren, kommen wieder. Cornwall bietet in der Tat einige der besten 4 &#038; 5-Sterne-Hotels des UK, doch auch f\u00fcr diejenigen mit kleinerem Budget gibt es eine riesige Bannbreite an g\u00fcnstigeren Optionen, einschlie\u00dflich gro\u00dfartiger Selbstversorgerunterk\u00fcnfte. Bei uns finden Sie Ferienh\u00e4user zum Verlieben; so einfach ist das! UrlaubCornwall.de [&hellip;]<\/p>\n","protected":false},"author":1,"featured_media":0,"parent":0,"menu_order":0,"comment_status":"closed","ping_status":"closed","template":"single-four.php","meta":[],"acf":[],"yoast_head":"<!-- This site is optimized with the Yoast SEO plugin v19.4 - https:\/\/yoast.com\/wordpress\/plugins\/seo\/ -->\n<title>Urlaub in Cornwall Kostet? - Urlaub &amp; Reisen<\/title>\n<meta name=\"robots\" content=\"index, follow, max-snippet:-1, max-image-preview:large, max-video-preview:-1\" \/>\n<link rel=\"canonical\" href=\"https:\/\/www.urlaubcornwall.de\/blog\/was-kostet-ein-urlaub-cornwall\/\" \/>\n<meta property=\"og:locale\" content=\"en_US\" \/>\n<meta property=\"og:type\" content=\"article\" \/>\n<meta property=\"og:title\" content=\"Urlaub in Cornwall Kostet? - Urlaub &amp; Reisen\" \/>\n<meta property=\"og:description\" content=\"G\u00fcnstig ist Cornwall nicht. Dennoch: Viele, die einmal hier waren, kommen wieder. Cornwall bietet in der Tat einige der besten 4 &#038; 5-Sterne-Hotels des UK, doch auch f\u00fcr diejenigen mit kleinerem Budget gibt es eine riesige Bannbreite an g\u00fcnstigeren Optionen, einschlie\u00dflich gro\u00dfartiger Selbstversorgerunterk\u00fcnfte. Bei uns finden Sie Ferienh\u00e4user zum Verlieben; so einfach ist das! UrlaubCornwall.de [&hellip;]\" \/>\n<meta property=\"og:url\" content=\"https:\/\/www.urlaubcornwall.de\/blog\/was-kostet-ein-urlaub-cornwall\/\" \/>\n<meta property=\"og:site_name\" content=\"Urlaub &amp; Reisen\" \/>\n<meta property=\"article:modified_time\" content=\"2023-01-17T10:07:04+00:00\" \/>\n<meta property=\"og:image\" content=\"https:\/\/www.urlaubcornwall.de\/blog\/wp-content\/uploads\/2020\/05\/strandhaus-cornwall_falmouth_.jpg\" \/>\n<meta name=\"twitter:card\" content=\"summary\" \/>\n<meta name=\"twitter:label1\" content=\"Est. reading time\" \/>\n\t<meta name=\"twitter:data1\" content=\"1 minute\" \/>\n<script type=\"application\/ld+json\" class=\"yoast-schema-graph\">{\"@context\":\"https:\/\/schema.org\",\"@graph\":[{\"@type\":\"WebSite\",\"@id\":\"https:\/\/www.urlaubcornwall.de\/blog\/#website\",\"url\":\"https:\/\/www.urlaubcornwall.de\/blog\/\",\"name\":\"Urlaub &amp; Reisen\",\"description\":\"Urlaub, Reisen, Cornwall und S\u00fcdengland: eine perfekte Kombination\",\"potentialAction\":[{\"@type\":\"SearchAction\",\"target\":{\"@type\":\"EntryPoint\",\"urlTemplate\":\"https:\/\/www.urlaubcornwall.de\/blog\/?s={search_term_string}\"},\"query-input\":\"required name=search_term_string\"}],\"inLanguage\":\"en-US\"},{\"@type\":\"WebPage\",\"@id\":\"https:\/\/www.urlaubcornwall.de\/blog\/was-kostet-ein-urlaub-cornwall\/\",\"url\":\"https:\/\/www.urlaubcornwall.de\/blog\/was-kostet-ein-urlaub-cornwall\/\",\"name\":\"Urlaub in Cornwall Kostet? - Urlaub &amp; Reisen\",\"isPartOf\":{\"@id\":\"https:\/\/www.urlaubcornwall.de\/blog\/#website\"},\"datePublished\":\"2021-05-08T16:32:06+00:00\",\"dateModified\":\"2023-01-17T10:07:04+00:00\",\"breadcrumb\":{\"@id\":\"https:\/\/www.urlaubcornwall.de\/blog\/was-kostet-ein-urlaub-cornwall\/#breadcrumb\"},\"inLanguage\":\"en-US\",\"potentialAction\":[{\"@type\":\"ReadAction\",\"target\":[\"https:\/\/www.urlaubcornwall.de\/blog\/was-kostet-ein-urlaub-cornwall\/\"]}]},{\"@type\":\"BreadcrumbList\",\"@id\":\"https:\/\/www.urlaubcornwall.de\/blog\/was-kostet-ein-urlaub-cornwall\/#breadcrumb\",\"itemListElement\":[{\"@type\":\"ListItem\",\"position\":1,\"name\":\"Home\",\"item\":\"https:\/\/www.urlaubcornwall.de\/blog\/\"},{\"@type\":\"ListItem\",\"position\":2,\"name\":\"Urlaub in Cornwall Kostet?\"}]}]}<\/script>\n<!-- \/ Yoast SEO plugin. -->","yoast_head_json":{"title":"Urlaub in Cornwall Kostet? - Urlaub &amp; Reisen","robots":{"index":"index","follow":"follow","max-snippet":"max-snippet:-1","max-image-preview":"max-image-preview:large","max-video-preview":"max-video-preview:-1"},"canonical":"https:\/\/www.urlaubcornwall.de\/blog\/was-kostet-ein-urlaub-cornwall\/","og_locale":"en_US","og_type":"article","og_title":"Urlaub in Cornwall Kostet? - Urlaub &amp; Reisen","og_description":"G\u00fcnstig ist Cornwall nicht. Dennoch: Viele, die einmal hier waren, kommen wieder. Cornwall bietet in der Tat einige der besten 4 &#038; 5-Sterne-Hotels des UK, doch auch f\u00fcr diejenigen mit kleinerem Budget gibt es eine riesige Bannbreite an g\u00fcnstigeren Optionen, einschlie\u00dflich gro\u00dfartiger Selbstversorgerunterk\u00fcnfte. Bei uns finden Sie Ferienh\u00e4user zum Verlieben; so einfach ist das! UrlaubCornwall.de [&hellip;]","og_url":"https:\/\/www.urlaubcornwall.de\/blog\/was-kostet-ein-urlaub-cornwall\/","og_site_name":"Urlaub &amp; Reisen","article_modified_time":"2023-01-17T10:07:04+00:00","og_image":[{"url":"https:\/\/www.urlaubcornwall.de\/blog\/wp-content\/uploads\/2020\/05\/strandhaus-cornwall_falmouth_.jpg"}],"twitter_card":"summary","twitter_misc":{"Est. reading time":"1 minute"},"schema":{"@context":"https:\/\/schema.org","@graph":[{"@type":"WebSite","@id":"https:\/\/www.urlaubcornwall.de\/blog\/#website","url":"https:\/\/www.urlaubcornwall.de\/blog\/","name":"Urlaub &amp; Reisen","description":"Urlaub, Reisen, Cornwall und S\u00fcdengland: eine perfekte Kombination","potentialAction":[{"@type":"SearchAction","target":{"@type":"EntryPoint","urlTemplate":"https:\/\/www.urlaubcornwall.de\/blog\/?s={search_term_string}"},"query-input":"required name=search_term_string"}],"inLanguage":"en-US"},{"@type":"WebPage","@id":"https:\/\/www.urlaubcornwall.de\/blog\/was-kostet-ein-urlaub-cornwall\/","url":"https:\/\/www.urlaubcornwall.de\/blog\/was-kostet-ein-urlaub-cornwall\/","name":"Urlaub in Cornwall Kostet? - Urlaub &amp; Reisen","isPartOf":{"@id":"https:\/\/www.urlaubcornwall.de\/blog\/#website"},"datePublished":"2021-05-08T16:32:06+00:00","dateModified":"2023-01-17T10:07:04+00:00","breadcrumb":{"@id":"https:\/\/www.urlaubcornwall.de\/blog\/was-kostet-ein-urlaub-cornwall\/#breadcrumb"},"inLanguage":"en-US","potentialAction":[{"@type":"ReadAction","target":["https:\/\/www.urlaubcornwall.de\/blog\/was-kostet-ein-urlaub-cornwall\/"]}]},{"@type":"BreadcrumbList","@id":"https:\/\/www.urlaubcornwall.de\/blog\/was-kostet-ein-urlaub-cornwall\/#breadcrumb","itemListElement":[{"@type":"ListItem","position":1,"name":"Home","item":"https:\/\/www.urlaubcornwall.de\/blog\/"},{"@type":"ListItem","position":2,"name":"Urlaub in Cornwall Kostet?"}]}]}},"_links":{"self":[{"href":"https:\/\/www.urlaubcornwall.de\/blog\/wp-json\/wp\/v2\/pages\/41662"}],"collection":[{"href":"https:\/\/www.urlaubcornwall.de\/blog\/wp-json\/wp\/v2\/pages"}],"about":[{"href":"https:\/\/www.urlaubcornwall.de\/blog\/wp-json\/wp\/v2\/types\/page"}],"author":[{"embeddable":true,"href":"https:\/\/www.urlaubcornwall.de\/blog\/wp-json\/wp\/v2\/users\/1"}],"replies":[{"embeddable":true,"href":"https:\/\/www.urlaubcornwall.de\/blog\/wp-json\/wp\/v2\/comments?post=41662"}],"version-history":[{"count":5,"href":"https:\/\/www.urlaubcornwall.de\/blog\/wp-json\/wp\/v2\/pages\/41662\/revisions"}],"predecessor-version":[{"id":45795,"href":"https:\/\/www.urlaubcornwall.de\/blog\/wp-json\/wp\/v2\/pages\/41662\/revisions\/45795"}],"wp:attachment":[{"href":"https:\/\/www.urlaubcornwall.de\/blog\/wp-json\/wp\/v2\/media?parent=41662"}],"curies":[{"name":"wp","href":"https:\/\/api.w.org\/{rel}","templated":true}]}}