{"id":41653,"date":"2021-05-08T15:48:11","date_gmt":"2021-05-08T15:48:11","guid":{"rendered":"https:\/\/www.urlaubcornwall.de\/blog\/?page_id=41653"},"modified":"2024-08-20T14:46:32","modified_gmt":"2024-08-20T14:46:32","slug":"urlaub-auf-den-kanalinseln-2022","status":"publish","type":"page","link":"https:\/\/www.urlaubcornwall.de\/blog\/urlaub-auf-den-kanalinseln-2022\/","title":{"rendered":"Urlaub auf den Kanalinseln 2024"},"content":{"rendered":"<p>Ein St\u00fcck Frankreich, das ins Meer gefallen ist und von England aufgesammelt wurde: So beschrieb Victor Hugo die Kanalinseln, und der musste es schlie\u00dflich wissen \u2013 nach rund 20 Jahren Exil auf Jersey und Guernsey. Und aus dem Spannungsfeld zwischen den beiden gro\u00dfen Kulturnationen ergeben sich immer wieder faszinierende und anziehende Gegens\u00e4tze: zum Beispiel franz\u00f6sischer Charme und britische Exzentrik, Herrenh\u00e4user in viktorianischem oder Tudorstil und normannische Bauernh\u00e4user, die exzellente franz\u00f6sische K\u00fcche und Fish &amp; Chips am Meer.<\/p>\n<p><a href=\"https:\/\/www.urlaubcornwall.de\/blog\/spezialist-reisen-kanalinseln\/\">Pauschalreisen auf den Kanalinseln<\/a> &#8211; F\u00fcr all jene, die innerhalb von Kanalinselns wundervoller Landschaft untergebracht sein wollen, k\u00f6nnen wir fantastische handverlesenen Hotels der Sterne-Kategorie 3 oder 4 anbieten, die jedem Geldbeutel gerecht werden.<\/p>\n","protected":false},"excerpt":{"rendered":"<p>Ein St\u00fcck Frankreich, das ins Meer gefallen ist und von England aufgesammelt wurde: So beschrieb Victor Hugo die Kanalinseln, und der musste es schlie\u00dflich wissen \u2013 nach rund 20 Jahren Exil auf Jersey und Guernsey. Und aus dem Spannungsfeld zwischen den beiden gro\u00dfen Kulturnationen ergeben sich immer wieder faszinierende und anziehende Gegens\u00e4tze: zum Beispiel franz\u00f6sischer [&hellip;]<\/p>\n","protected":false},"author":1,"featured_media":0,"parent":0,"menu_order":0,"comment_status":"closed","ping_status":"closed","template":"page-products.php","meta":[],"acf":[],"yoast_head":"<!-- This site is optimized with the Yoast SEO plugin v19.4 - https:\/\/yoast.com\/wordpress\/plugins\/seo\/ -->\n<title>Urlaub auf den Kanalinseln 2024 - Urlaub &amp; Reisen<\/title>\n<meta name=\"description\" content=\"Kanalinslen hei\u00dft Sie wieder willkommen! Urlaub auf den Kanalinseln nach Coronavirus 2022. Atemberaubende K\u00fcstenabschnitte und entz\u00fcckende\" \/>\n<meta name=\"robots\" content=\"index, follow, max-snippet:-1, max-image-preview:large, max-video-preview:-1\" \/>\n<link rel=\"canonical\" href=\"https:\/\/www.urlaubcornwall.de\/blog\/urlaub-auf-den-kanalinseln-2022\/\" \/>\n<meta property=\"og:locale\" content=\"en_US\" \/>\n<meta property=\"og:type\" content=\"article\" \/>\n<meta property=\"og:title\" content=\"Urlaub auf den Kanalinseln 2024 - Urlaub &amp; Reisen\" \/>\n<meta property=\"og:description\" content=\"Kanalinslen hei\u00dft Sie wieder willkommen! Urlaub auf den Kanalinseln nach Coronavirus 2022. Atemberaubende K\u00fcstenabschnitte und entz\u00fcckende\" \/>\n<meta property=\"og:url\" content=\"https:\/\/www.urlaubcornwall.de\/blog\/urlaub-auf-den-kanalinseln-2022\/\" \/>\n<meta property=\"og:site_name\" content=\"Urlaub &amp; Reisen\" \/>\n<meta property=\"article:modified_time\" content=\"2024-08-20T14:46:32+00:00\" \/>\n<meta name=\"twitter:card\" content=\"summary\" \/>\n<meta name=\"twitter:label1\" content=\"Est. reading time\" \/>\n\t<meta name=\"twitter:data1\" content=\"2 minutes\" \/>\n<script type=\"application\/ld+json\" class=\"yoast-schema-graph\">{\"@context\":\"https:\/\/schema.org\",\"@graph\":[{\"@type\":\"WebSite\",\"@id\":\"https:\/\/www.urlaubcornwall.de\/blog\/#website\",\"url\":\"https:\/\/www.urlaubcornwall.de\/blog\/\",\"name\":\"Urlaub &amp; Reisen\",\"description\":\"Urlaub, Reisen, Cornwall und S\u00fcdengland: eine perfekte Kombination\",\"potentialAction\":[{\"@type\":\"SearchAction\",\"target\":{\"@type\":\"EntryPoint\",\"urlTemplate\":\"https:\/\/www.urlaubcornwall.de\/blog\/?s={search_term_string}\"},\"query-input\":\"required name=search_term_string\"}],\"inLanguage\":\"en-US\"},{\"@type\":\"WebPage\",\"@id\":\"https:\/\/www.urlaubcornwall.de\/blog\/urlaub-auf-den-kanalinseln-2022\/\",\"url\":\"https:\/\/www.urlaubcornwall.de\/blog\/urlaub-auf-den-kanalinseln-2022\/\",\"name\":\"Urlaub auf den Kanalinseln 2024 - Urlaub &amp; Reisen\",\"isPartOf\":{\"@id\":\"https:\/\/www.urlaubcornwall.de\/blog\/#website\"},\"datePublished\":\"2021-05-08T15:48:11+00:00\",\"dateModified\":\"2024-08-20T14:46:32+00:00\",\"description\":\"Kanalinslen hei\u00dft Sie wieder willkommen! Urlaub auf den Kanalinseln nach Coronavirus 2022. Atemberaubende K\u00fcstenabschnitte und entz\u00fcckende\",\"breadcrumb\":{\"@id\":\"https:\/\/www.urlaubcornwall.de\/blog\/urlaub-auf-den-kanalinseln-2022\/#breadcrumb\"},\"inLanguage\":\"en-US\",\"potentialAction\":[{\"@type\":\"ReadAction\",\"target\":[\"https:\/\/www.urlaubcornwall.de\/blog\/urlaub-auf-den-kanalinseln-2022\/\"]}]},{\"@type\":\"BreadcrumbList\",\"@id\":\"https:\/\/www.urlaubcornwall.de\/blog\/urlaub-auf-den-kanalinseln-2022\/#breadcrumb\",\"itemListElement\":[{\"@type\":\"ListItem\",\"position\":1,\"name\":\"Home\",\"item\":\"https:\/\/www.urlaubcornwall.de\/blog\/\"},{\"@type\":\"ListItem\",\"position\":2,\"name\":\"Urlaub auf den Kanalinseln 2024\"}]}]}<\/script>\n<!-- \/ Yoast SEO plugin. -->","yoast_head_json":{"title":"Urlaub auf den Kanalinseln 2024 - Urlaub &amp; Reisen","description":"Kanalinslen hei\u00dft Sie wieder willkommen! Urlaub auf den Kanalinseln nach Coronavirus 2022. Atemberaubende K\u00fcstenabschnitte und entz\u00fcckende","robots":{"index":"index","follow":"follow","max-snippet":"max-snippet:-1","max-image-preview":"max-image-preview:large","max-video-preview":"max-video-preview:-1"},"canonical":"https:\/\/www.urlaubcornwall.de\/blog\/urlaub-auf-den-kanalinseln-2022\/","og_locale":"en_US","og_type":"article","og_title":"Urlaub auf den Kanalinseln 2024 - Urlaub &amp; Reisen","og_description":"Kanalinslen hei\u00dft Sie wieder willkommen! Urlaub auf den Kanalinseln nach Coronavirus 2022. Atemberaubende K\u00fcstenabschnitte und entz\u00fcckende","og_url":"https:\/\/www.urlaubcornwall.de\/blog\/urlaub-auf-den-kanalinseln-2022\/","og_site_name":"Urlaub &amp; Reisen","article_modified_time":"2024-08-20T14:46:32+00:00","twitter_card":"summary","twitter_misc":{"Est. reading time":"2 minutes"},"schema":{"@context":"https:\/\/schema.org","@graph":[{"@type":"WebSite","@id":"https:\/\/www.urlaubcornwall.de\/blog\/#website","url":"https:\/\/www.urlaubcornwall.de\/blog\/","name":"Urlaub &amp; Reisen","description":"Urlaub, Reisen, Cornwall und S\u00fcdengland: eine perfekte Kombination","potentialAction":[{"@type":"SearchAction","target":{"@type":"EntryPoint","urlTemplate":"https:\/\/www.urlaubcornwall.de\/blog\/?s={search_term_string}"},"query-input":"required name=search_term_string"}],"inLanguage":"en-US"},{"@type":"WebPage","@id":"https:\/\/www.urlaubcornwall.de\/blog\/urlaub-auf-den-kanalinseln-2022\/","url":"https:\/\/www.urlaubcornwall.de\/blog\/urlaub-auf-den-kanalinseln-2022\/","name":"Urlaub auf den Kanalinseln 2024 - Urlaub &amp; Reisen","isPartOf":{"@id":"https:\/\/www.urlaubcornwall.de\/blog\/#website"},"datePublished":"2021-05-08T15:48:11+00:00","dateModified":"2024-08-20T14:46:32+00:00","description":"Kanalinslen hei\u00dft Sie wieder willkommen! Urlaub auf den Kanalinseln nach Coronavirus 2022. Atemberaubende K\u00fcstenabschnitte und entz\u00fcckende","breadcrumb":{"@id":"https:\/\/www.urlaubcornwall.de\/blog\/urlaub-auf-den-kanalinseln-2022\/#breadcrumb"},"inLanguage":"en-US","potentialAction":[{"@type":"ReadAction","target":["https:\/\/www.urlaubcornwall.de\/blog\/urlaub-auf-den-kanalinseln-2022\/"]}]},{"@type":"BreadcrumbList","@id":"https:\/\/www.urlaubcornwall.de\/blog\/urlaub-auf-den-kanalinseln-2022\/#breadcrumb","itemListElement":[{"@type":"ListItem","position":1,"name":"Home","item":"https:\/\/www.urlaubcornwall.de\/blog\/"},{"@type":"ListItem","position":2,"name":"Urlaub auf den Kanalinseln 2024"}]}]}},"_links":{"self":[{"href":"https:\/\/www.urlaubcornwall.de\/blog\/wp-json\/wp\/v2\/pages\/41653"}],"collection":[{"href":"https:\/\/www.urlaubcornwall.de\/blog\/wp-json\/wp\/v2\/pages"}],"about":[{"href":"https:\/\/www.urlaubcornwall.de\/blog\/wp-json\/wp\/v2\/types\/page"}],"author":[{"embeddable":true,"href":"https:\/\/www.urlaubcornwall.de\/blog\/wp-json\/wp\/v2\/users\/1"}],"replies":[{"embeddable":true,"href":"https:\/\/www.urlaubcornwall.de\/blog\/wp-json\/wp\/v2\/comments?post=41653"}],"version-history":[{"count":27,"href":"https:\/\/www.urlaubcornwall.de\/blog\/wp-json\/wp\/v2\/pages\/41653\/revisions"}],"predecessor-version":[{"id":51498,"href":"https:\/\/www.urlaubcornwall.de\/blog\/wp-json\/wp\/v2\/pages\/41653\/revisions\/51498"}],"wp:attachment":[{"href":"https:\/\/www.urlaubcornwall.de\/blog\/wp-json\/wp\/v2\/media?parent=41653"}],"curies":[{"name":"wp","href":"https:\/\/api.w.org\/{rel}","templated":true}]}}