{"id":41651,"date":"2021-05-07T12:42:47","date_gmt":"2021-05-07T12:42:47","guid":{"rendered":"https:\/\/www.urlaubcornwall.de\/blog\/?page_id=41651"},"modified":"2026-01-07T10:02:41","modified_gmt":"2026-01-07T10:02:41","slug":"was-kann-man-in-cornwall","status":"publish","type":"page","link":"https:\/\/www.urlaubcornwall.de\/blog\/was-kann-man-in-cornwall\/","title":{"rendered":"Was kann man in Cornwall?"},"content":{"rendered":"<p><a href=\"https:\/\/www.urlaubcornwall.de\/blog\/wp-content\/uploads\/2020\/05\/fistral-strand-blick.jpg\"><img loading=\"lazy\" src=\"https:\/\/www.urlaubcornwall.de\/blog\/wp-content\/uploads\/2020\/05\/fistral-strand-blick.jpg\" alt=\"fistral strand blick\" width=\"747\" height=\"607\" class=\"alignnone size-full wp-image-40102\" srcset=\"https:\/\/www.urlaubcornwall.de\/blog\/wp-content\/uploads\/2020\/05\/fistral-strand-blick.jpg 747w, https:\/\/www.urlaubcornwall.de\/blog\/wp-content\/uploads\/2020\/05\/fistral-strand-blick-300x244.jpg 300w\" sizes=\"(max-width: 747px) 100vw, 747px\" \/><\/a><br \/>\n<strong>Englands sch\u00f6nstes Urlaubsziel: Ihr Traumurlaub beginnt hier!<\/strong><\/p>\n<p><strong>1. Die sch\u00f6nsten Aussichtspunkte in Cornwall<\/strong> &#8211; Die Sch\u00f6nheit der kornischen K\u00fcste und der dramatische Kontrast zwischen Land und Meer sind bei einem Urlaub in Cornwall immer in greifbarer N\u00e4he. Es gibt keine sch\u00f6nere Region f\u00fcr einen Urlaub an der K\u00fcste S\u00fcdenglands&#8230;. <a href=\"https:\/\/www.urlaubcornwall.de\/blog\/die-schoensten-aussichtspunkte-in-cornwall-urlaubcornwall-de-insidertipps\/\">[ Mehr ]<\/a><\/p>\n<p><strong>2. H\u00f6hepunkte und Orte an der Nordk\u00fcste Cornwalls gesehen haben m\u00fcssen<\/strong> &#8211; <a href=\"https:\/\/www.urlaubcornwall.de\/ferienhaeuser-fewos\/boscastle.html\">Boscastle<\/a>, <a href=\"https:\/\/www.urlaubcornwall.de\/ferienhaeuser-fewos\/tintagel.html\">Tintagel<\/a> und <a href=\"https:\/\/www.urlaubcornwall.de\/ferienhaeuser-fewos\/port-isaac.html\">Port Isaac<\/a> \u2013 Legenden von K\u00f6nig Artus bereichern die naturgeschaffene Magie einer spektakul\u00e4ren, wilden, von Wellen gepeitschten K\u00fcste. Inmitten der dramatischsten Spektakel befindet sich Cornwalls h\u00f6chste Klippte, treffend \u201aHigh Cliff\u2018 genannt&#8230; <a href=\"https:\/\/www.urlaubcornwall.de\/blog\/hoehepunkte-und-orte-die-gruppen-an-der-nordkueste-cornwalls-gesehen-haben-muessen\/\">[ Mehr ]<\/a><\/p>\n<p><strong>3. Wo in Cornwall Urlaub machen?<\/strong>  &#8211; Cornwall ist bekannt als eine der sch\u00f6nsten Regionen Englands und H\u00f6hepunkt eines jeden Urlaubs oder Rundreise durch S\u00fcdengland. Cornwall bietet eine h\u00fcbsche Stadt nach der anderen, von beliebten Urlaubsorten am Meer bis hin zu urigen Fischerd\u00f6rfern und -st\u00e4dten&#8230; <a href=\"https:\/\/www.urlaubcornwall.de\/blog\/wo-in-cornwall-urlaub-machen\/\">[ Mehr ]<\/a><\/p>\n<p><strong>4. Isles of Scilly Urlaub<\/strong> \u2013 Allgemeine Informationen: Wei\u00dfe unber\u00fchrte Sandstr\u00e4nde, klares t\u00fcrkisblaues Meer, gr\u00fcne Palmen und einzigartige Panoramablicke \u2013 das sind die <a href=\"https:\/\/www.urlaubcornwall.de\/Scilly-Inseln.php\">Scilly Islands<\/a>, eine geheimnisvolle Inselgruppe, die in etwa 45 Kilometer s\u00fcdwestlich von Land\u00b4s End im Atlantik liegt. Sie bestehen aus hunderten von kleinen Inseln, von denen jedoch nur f\u00fcnf bewohnt sind (<a href=\"https:\/\/www.urlaubcornwall.de\/blog\/scilly-inseln-st-marys\/\">St. Mary\u00b4s<\/a>, <a href=\"https:\/\/www.urlaubcornwall.de\/blog\/scilly-inseln-tresco\/\">Tresco<\/a>, <a href=\"https:\/\/www.urlaubcornwall.de\/blog\/scilly-inseln-st-martins\/\">St. Martin\u00b4s<\/a>, <a href=\"https:\/\/www.urlaubcornwall.de\/blog\/scilly-inseln-st-agnes\/\">St. Agnes<\/a>, <a href=\"https:\/\/www.urlaubcornwall.de\/blog\/scilly-inseln-bryher\/\">Bryher<\/a>)&#8230; <a href=\"https:\/\/www.urlaubcornwall.de\/blog\/isles-of-scilly-urlaub-allgemeine-informationen\/\">[ Mehr ]<\/a><\/p>\n<p><strong>5. Das Eden Project bei St Austell<\/strong> &#8211; <a href=\"https:\/\/www.urlaubcornwall.de\/reiseziel\/cornwall.php\">Cornwall<\/a> ist die beliebteste Besucherattraktion, die Cornwall zu bieten hat. Seit seiner Er\u00f6ffnung am 17. M\u00e4rz 2001, hat es mehr als 20 Millionen Besucher willkommen gehei\u00dfen! Im <a href=\"https:\/\/www.edenproject.com\/\">Eden Project<\/a> k\u00f6nnen Sie eintauchen in tropische und mediterrane Biome, mit faszinierendem Blick in Richtung Diversit\u00e4t, \u00d6kologie und vieles mehr. Jedoch ist es schwer vorstellbar, dass dieses innovative und einzigartige Ausflugsziel lediglich ein Loch im Boden war&#8230; <a href=\"https:\/\/www.urlaubcornwall.de\/blog\/all-das-was-sie-schon-immer-ueber-das-eden-project-wissen-wollten\/\">[ Mehr ]<\/a><\/p>\n<p><strong>6. Die cornische Riviera<\/strong> \u2013 H\u00f6hepunkte und Orte, die Sie unbedingt sehen m\u00fcssen. Die Roseland Halbinsel ist mit ruhigen Str\u00e4nden, eindrucksvollen K\u00fcsten- und Flusslandschaften und urigen D\u00f6rfern einer der malerischsten und naturbelassenen Teile von <a href=\"https:\/\/www.urlaubcornwall.de\/reiseziel\/suedwestengland.php\">S\u00fcdwest- England<\/a>; dazu in leichter Erreichbarkeit der St\u00e4dte <a href=\"https:\/\/www.urlaubcornwall.de\/ferienhaeuser-fewos\/falmouth.html\">Falmouth<\/a> und <a href=\"https:\/\/www.urlaubcornwall.de\/ferienhaeuser-fewos\/truro.html\">Truro<\/a>. Oft als Hauptstadt bezeichnet, kann <a href=\"https:\/\/www.urlaubcornwall.de\/ferienhaeuser-fewos\/st-mawes.html\">St Mawes<\/a> mittels der Passagierf\u00e4hre von Falmouth aus besucht werden oder mit dem Auto \u00fcber den Fluss Fal mit der King Harry F\u00e4hre bei Trelissick&#8230; <a href=\"https:\/\/www.urlaubcornwall.de\/blog\/die-cornische-riviera-hoehepunkte-und-orte-die-sie-unbedingt-sehen-muessen\/\">[ Mehr ]<\/a><\/p>\n<p><strong>7. Stippvisite Devon &#038; Cornwall 7 Tage<\/strong> &#8211; Unsere neue deutschsprachige Busrundreise bringt Sie in den S\u00fcden Englands. In nur 7-Tagen entdecken Sie die Highlights von Devon und Cornwall. Freuen Sie sich also auf den <a href=\"https:\/\/www.urlaubcornwall.de\/ferienhaeuser-fewos\/eng\/sued-devon\/devon-dartmoor.html\">Dartmoor Nationalpark<\/a>, St Michaels Mount, das K\u00fcnstlerst\u00e4dtchen <a href=\"https:\/\/www.urlaubcornwall.de\/ferienhaeuser-fewos\/st-ives.html\">St. Ives<\/a>, die spektakul\u00e4re Klippenformation Bedruthan Steps und die <a href=\"https:\/\/www.urlaubcornwall.de\/blog\/wunderschoene-gaerten-gartenreise-in-cornwall\/\">subtropischen Trebah G\u00e4rten<\/a>&#8230; <a href=\"https:\/\/www.urlaubcornwall.de\/blog\/stippvisite-devon-cornwall-7-tage-neu-fuer-2021\/\">[ Mehr ]<\/a><\/p>\n<p><strong>8. Seehund Auffangstation in Cornwall<\/strong> &#8211; Die cornische <a href=\"http:\/\/www.visitsealife.com\/gweek\" rel=\"nofollow\">Seehunde Rettungsstation<\/a> in <a href=\"https:\/\/www.urlaubcornwall.de\/ferienhaeuser-fewos\/gweek.html\">Gweek<\/a> ist bekannt aufgrund ihrer ausgezeichneten Arbeit, verletzte Seehunde zu retten und zu rehabilitieren, bevor sie in die Freiheit zur\u00fcckgelassen werden. Es gibt hier auch Seel\u00f6wen, Pinguine und Otter, sowie wundersch\u00f6ne Spazierwege entlang des Flusses&#8230; <a href=\"https:\/\/www.urlaubcornwall.de\/blog\/seehund-auffangsstation-in-cornwall\/\">[ Mehr ]<\/a><\/p>\n<p><strong>9. Lamorran Garten<\/strong> \u2013 ein mediterraner Garten in Cornwall. Bei den Lamorran Gardens handelt es sich um eine beschauliche subtropische Gartenanlage in <a href=\"https:\/\/www.urlaubcornwall.de\/ferienhaeuser-fewos\/st-mawes.html\">St Mawes<\/a> auf der Halbinsel Roseland in einer der sch\u00f6nsten Gegenden Cornwalls. Dieser ungew\u00f6hnliche und pers\u00f6nlich gestaltete Garten wurde im Stil der G\u00e4rten aus dem 19. und fr\u00fchen 20&#8230; <a href=\"https:\/\/www.urlaubcornwall.de\/blog\/lamorran-garten-ein-mediterraner-garten-in-cornwall\/\">[ Mehr ]<\/a><\/p>\n<p><strong>10. Top 10 National Trust Historische H\u00e4user <\/strong> &#8211; <a href=\"https:\/\/www.urlaubcornwall.de\/reiseziel\/cornwall.php\">Cornwall<\/a> und <a href=\"https:\/\/www.urlaubcornwall.de\/reiseziel\/devon.php\">Devon<\/a> haben mehr zu bieten als wundersch\u00f6ne Str\u00e4nde und Landschaften; hier befinden sich auch einige herrliche National Trust H\u00e4user. Ob Sie nun an Geschichte interessiert sind oder nach Ideen f\u00fcr einen Regentag suchen, so stellt der Besuch eines der National Trust H\u00e4user und G\u00e4rten einen gro\u00dfartigen Familienausflugstag dar&#8230; <a href=\"https:\/\/www.urlaubcornwall.de\/blog\/national-trust-historische-haeuser-cornwall-devon\/\">[ Mehr ]<\/a> <\/p>\n","protected":false},"excerpt":{"rendered":"<p>Englands sch\u00f6nstes Urlaubsziel: Ihr Traumurlaub beginnt hier! 1. Die sch\u00f6nsten Aussichtspunkte in Cornwall &#8211; Die Sch\u00f6nheit der kornischen K\u00fcste und der dramatische Kontrast zwischen Land und Meer sind bei einem Urlaub in Cornwall immer in greifbarer N\u00e4he. Es gibt keine sch\u00f6nere Region f\u00fcr einen Urlaub an der K\u00fcste S\u00fcdenglands&#8230;. [ Mehr ] 2. H\u00f6hepunkte und [&hellip;]<\/p>\n","protected":false},"author":1,"featured_media":0,"parent":0,"menu_order":0,"comment_status":"closed","ping_status":"closed","template":"single-four.php","meta":[],"acf":[],"yoast_head":"<!-- This site is optimized with the Yoast SEO plugin v19.4 - https:\/\/yoast.com\/wordpress\/plugins\/seo\/ -->\n<title>Was kann man in Cornwall? - Urlaub &amp; Reisen<\/title>\n<meta name=\"robots\" content=\"index, follow, max-snippet:-1, max-image-preview:large, max-video-preview:-1\" \/>\n<link rel=\"canonical\" href=\"https:\/\/www.urlaubcornwall.de\/blog\/was-kann-man-in-cornwall\/\" \/>\n<meta property=\"og:locale\" content=\"en_US\" \/>\n<meta property=\"og:type\" content=\"article\" \/>\n<meta property=\"og:title\" content=\"Was kann man in Cornwall? - Urlaub &amp; Reisen\" \/>\n<meta property=\"og:description\" content=\"Englands sch\u00f6nstes Urlaubsziel: Ihr Traumurlaub beginnt hier! 1. Die sch\u00f6nsten Aussichtspunkte in Cornwall &#8211; Die Sch\u00f6nheit der kornischen K\u00fcste und der dramatische Kontrast zwischen Land und Meer sind bei einem Urlaub in Cornwall immer in greifbarer N\u00e4he. Es gibt keine sch\u00f6nere Region f\u00fcr einen Urlaub an der K\u00fcste S\u00fcdenglands&#8230;. [ Mehr ] 2. H\u00f6hepunkte und [&hellip;]\" \/>\n<meta property=\"og:url\" content=\"https:\/\/www.urlaubcornwall.de\/blog\/was-kann-man-in-cornwall\/\" \/>\n<meta property=\"og:site_name\" content=\"Urlaub &amp; Reisen\" \/>\n<meta property=\"article:modified_time\" content=\"2026-01-07T10:02:41+00:00\" \/>\n<meta property=\"og:image\" content=\"https:\/\/www.urlaubcornwall.de\/blog\/wp-content\/uploads\/2020\/05\/fistral-strand-blick.jpg\" \/>\n<meta name=\"twitter:card\" content=\"summary\" \/>\n<meta name=\"twitter:label1\" content=\"Est. reading time\" \/>\n\t<meta name=\"twitter:data1\" content=\"3 minutes\" \/>\n<script type=\"application\/ld+json\" class=\"yoast-schema-graph\">{\"@context\":\"https:\/\/schema.org\",\"@graph\":[{\"@type\":\"WebSite\",\"@id\":\"https:\/\/www.urlaubcornwall.de\/blog\/#website\",\"url\":\"https:\/\/www.urlaubcornwall.de\/blog\/\",\"name\":\"Urlaub &amp; Reisen\",\"description\":\"Urlaub, Reisen, Cornwall und S\u00fcdengland: eine perfekte Kombination\",\"potentialAction\":[{\"@type\":\"SearchAction\",\"target\":{\"@type\":\"EntryPoint\",\"urlTemplate\":\"https:\/\/www.urlaubcornwall.de\/blog\/?s={search_term_string}\"},\"query-input\":\"required name=search_term_string\"}],\"inLanguage\":\"en-US\"},{\"@type\":\"WebPage\",\"@id\":\"https:\/\/www.urlaubcornwall.de\/blog\/was-kann-man-in-cornwall\/\",\"url\":\"https:\/\/www.urlaubcornwall.de\/blog\/was-kann-man-in-cornwall\/\",\"name\":\"Was kann man in Cornwall? - Urlaub &amp; Reisen\",\"isPartOf\":{\"@id\":\"https:\/\/www.urlaubcornwall.de\/blog\/#website\"},\"datePublished\":\"2021-05-07T12:42:47+00:00\",\"dateModified\":\"2026-01-07T10:02:41+00:00\",\"breadcrumb\":{\"@id\":\"https:\/\/www.urlaubcornwall.de\/blog\/was-kann-man-in-cornwall\/#breadcrumb\"},\"inLanguage\":\"en-US\",\"potentialAction\":[{\"@type\":\"ReadAction\",\"target\":[\"https:\/\/www.urlaubcornwall.de\/blog\/was-kann-man-in-cornwall\/\"]}]},{\"@type\":\"BreadcrumbList\",\"@id\":\"https:\/\/www.urlaubcornwall.de\/blog\/was-kann-man-in-cornwall\/#breadcrumb\",\"itemListElement\":[{\"@type\":\"ListItem\",\"position\":1,\"name\":\"Home\",\"item\":\"https:\/\/www.urlaubcornwall.de\/blog\/\"},{\"@type\":\"ListItem\",\"position\":2,\"name\":\"Was kann man in Cornwall?\"}]}]}<\/script>\n<!-- \/ Yoast SEO plugin. -->","yoast_head_json":{"title":"Was kann man in Cornwall? - Urlaub &amp; Reisen","robots":{"index":"index","follow":"follow","max-snippet":"max-snippet:-1","max-image-preview":"max-image-preview:large","max-video-preview":"max-video-preview:-1"},"canonical":"https:\/\/www.urlaubcornwall.de\/blog\/was-kann-man-in-cornwall\/","og_locale":"en_US","og_type":"article","og_title":"Was kann man in Cornwall? - Urlaub &amp; Reisen","og_description":"Englands sch\u00f6nstes Urlaubsziel: Ihr Traumurlaub beginnt hier! 1. Die sch\u00f6nsten Aussichtspunkte in Cornwall &#8211; Die Sch\u00f6nheit der kornischen K\u00fcste und der dramatische Kontrast zwischen Land und Meer sind bei einem Urlaub in Cornwall immer in greifbarer N\u00e4he. Es gibt keine sch\u00f6nere Region f\u00fcr einen Urlaub an der K\u00fcste S\u00fcdenglands&#8230;. [ Mehr ] 2. H\u00f6hepunkte und [&hellip;]","og_url":"https:\/\/www.urlaubcornwall.de\/blog\/was-kann-man-in-cornwall\/","og_site_name":"Urlaub &amp; Reisen","article_modified_time":"2026-01-07T10:02:41+00:00","og_image":[{"url":"https:\/\/www.urlaubcornwall.de\/blog\/wp-content\/uploads\/2020\/05\/fistral-strand-blick.jpg"}],"twitter_card":"summary","twitter_misc":{"Est. reading time":"3 minutes"},"schema":{"@context":"https:\/\/schema.org","@graph":[{"@type":"WebSite","@id":"https:\/\/www.urlaubcornwall.de\/blog\/#website","url":"https:\/\/www.urlaubcornwall.de\/blog\/","name":"Urlaub &amp; Reisen","description":"Urlaub, Reisen, Cornwall und S\u00fcdengland: eine perfekte Kombination","potentialAction":[{"@type":"SearchAction","target":{"@type":"EntryPoint","urlTemplate":"https:\/\/www.urlaubcornwall.de\/blog\/?s={search_term_string}"},"query-input":"required name=search_term_string"}],"inLanguage":"en-US"},{"@type":"WebPage","@id":"https:\/\/www.urlaubcornwall.de\/blog\/was-kann-man-in-cornwall\/","url":"https:\/\/www.urlaubcornwall.de\/blog\/was-kann-man-in-cornwall\/","name":"Was kann man in Cornwall? - Urlaub &amp; Reisen","isPartOf":{"@id":"https:\/\/www.urlaubcornwall.de\/blog\/#website"},"datePublished":"2021-05-07T12:42:47+00:00","dateModified":"2026-01-07T10:02:41+00:00","breadcrumb":{"@id":"https:\/\/www.urlaubcornwall.de\/blog\/was-kann-man-in-cornwall\/#breadcrumb"},"inLanguage":"en-US","potentialAction":[{"@type":"ReadAction","target":["https:\/\/www.urlaubcornwall.de\/blog\/was-kann-man-in-cornwall\/"]}]},{"@type":"BreadcrumbList","@id":"https:\/\/www.urlaubcornwall.de\/blog\/was-kann-man-in-cornwall\/#breadcrumb","itemListElement":[{"@type":"ListItem","position":1,"name":"Home","item":"https:\/\/www.urlaubcornwall.de\/blog\/"},{"@type":"ListItem","position":2,"name":"Was kann man in Cornwall?"}]}]}},"_links":{"self":[{"href":"https:\/\/www.urlaubcornwall.de\/blog\/wp-json\/wp\/v2\/pages\/41651"}],"collection":[{"href":"https:\/\/www.urlaubcornwall.de\/blog\/wp-json\/wp\/v2\/pages"}],"about":[{"href":"https:\/\/www.urlaubcornwall.de\/blog\/wp-json\/wp\/v2\/types\/page"}],"author":[{"embeddable":true,"href":"https:\/\/www.urlaubcornwall.de\/blog\/wp-json\/wp\/v2\/users\/1"}],"replies":[{"embeddable":true,"href":"https:\/\/www.urlaubcornwall.de\/blog\/wp-json\/wp\/v2\/comments?post=41651"}],"version-history":[{"count":8,"href":"https:\/\/www.urlaubcornwall.de\/blog\/wp-json\/wp\/v2\/pages\/41651\/revisions"}],"predecessor-version":[{"id":52001,"href":"https:\/\/www.urlaubcornwall.de\/blog\/wp-json\/wp\/v2\/pages\/41651\/revisions\/52001"}],"wp:attachment":[{"href":"https:\/\/www.urlaubcornwall.de\/blog\/wp-json\/wp\/v2\/media?parent=41651"}],"curies":[{"name":"wp","href":"https:\/\/api.w.org\/{rel}","templated":true}]}}