{"id":41647,"date":"2021-05-07T12:14:20","date_gmt":"2021-05-07T12:14:20","guid":{"rendered":"https:\/\/www.urlaubcornwall.de\/blog\/?page_id=41647"},"modified":"2021-05-07T12:18:08","modified_gmt":"2021-05-07T12:18:08","slug":"die-schoensten-orte-in-den-cotswolds","status":"publish","type":"page","link":"https:\/\/www.urlaubcornwall.de\/blog\/die-schoensten-orte-in-den-cotswolds\/","title":{"rendered":"Die sch\u00f6nsten Orte in den Cotswolds"},"content":{"rendered":"<p><img loading=\"lazy\" class=\"aligncenter size-full wp-image-27295\" src=\"https:\/\/www.urlaubcornwall.de\/blog\/wp-content\/uploads\/2017\/03\/urlaub-broadway-cotswolds.jpg\" alt=\"urlaub broadway cotswolds\" width=\"749\" height=\"407\"\/><\/p>\n<p>Die St\u00e4dte und D\u00f6rfer, die aus honigfarbenem Gestein erbaut sind, sind absolute englisch: <a href=\"https:\/\/www.urlaubcornwall.de\/ferienhaeuser-fewos\/eng\/gloucestershire\/painswick.html\">Painswick<\/a>, <a href=\"https:\/\/www.urlaubcornwall.de\/ferienhaeuser-fewos\/eng\/gloucestershire\/bibury.html\">Bibury<\/a>, <a href=\"https:\/\/www.urlaubcornwall.de\/blog\/urlaun-bourton-water-unterkunft-sehenswuerdigkeiten-und-geschichte\/\">Bourton-on-the-Water<\/a>, <a href=\"https:\/\/www.urlaubcornwall.de\/ferienhaeuser-fewos\/eng\/gloucestershire\/lower-slaughter.html\">Lower Slaughter<\/a>, <a href=\"https:\/\/www.urlaubcornwall.de\/blog\/urlaub-broadway-cotswolds-unterkunft-sehenswuerdigkeiten-und-geschichte\/\">Broadway<\/a>, <a href=\"https:\/\/www.urlaubcornwall.de\/blog\/burford-den-cotswolds-unterkunft-sehenswuerdigkeiten-und-geschichte\/\">Burford<\/a> und <a href=\"https:\/\/www.urlaubcornwall.de\/ferienhaeuser-fewos\/eng\/worcestershire\/bredon.html\">Bredon<\/a> sind lediglich ein paar der h\u00fcbschen D\u00f6rfer der Cotswolds, die durchaus eines Besuches wert sind.<\/p>\n<p>Es gibt attraktive Stra\u00dfen vollgepackt mit herrlichen Gesch\u00e4ften, die Antiquit\u00e4ten, Geschenke und weitere Qualit\u00e4tsg\u00fcter verkaufen, neben feinen Speiserestaurants, traditionellen Kneipen und Caf\u00e9s, die Cream Teas anbieten. <\/p>\n<div class=\"snippet\"> <a class=\"featured-item\" href=\"https:\/\/www.urlaubcornwall.de\/rundreisen\/cornwall-suedengland.php\"> <span class=\"image-holder\" style=\"background-image: url('https:\/\/www.urlaubcornwall.de\/blog\/wp-content\/uploads\/2020\/12\/inspector-barnaby-urlaub.jpg');\"><\/span> <span class=\"featured-content\"> \n<h2 class=\"featured-title\">Cotswolds &#038; S\u00fcdengland eine perfekte Kombination<\/h2>\n<p class=\"featured-body\">Die perfekte Reisem\u00f6glichkeit und erm\u00f6glicht es Ihnen, Entdeckungen zu machen und einen Urlaub im eigenen Schritttempo&#8230;.<\/p><\/span> <span class=\"featured-link-holder\"> <span class=\"featured-extra-info\"> \n<p>Rundeisen f\u00fcr Paare, Familien &#038; Gruppen<\/p>\n<\/span> \n<p class=\"featured-link\">DETAILS<\/p>\n<\/span> <\/a><\/div>\n<p>UrlaubCornwall.de hat seinen Firmensitz in Cornwall in S\u00fcdwestengland und bietet Kunden im Deutsch sprechenden Europa Hilfe im Erstellen der perfekten Urlaubserfahrung hier. Wir haben ein Team Deutsch sprechender Experten, so dass wir eine <a href=\"https:\/\/www.urlaubcornwall.de\/rundreisen\/grossbritannien.php\">individuelle Urlaub in Gro\u00dfbritannien<\/a><\/p>\n","protected":false},"excerpt":{"rendered":"<p>Die St\u00e4dte und D\u00f6rfer, die aus honigfarbenem Gestein erbaut sind, sind absolute englisch: Painswick, Bibury, Bourton-on-the-Water, Lower Slaughter, Broadway, Burford und Bredon sind lediglich ein paar der h\u00fcbschen D\u00f6rfer der Cotswolds, die durchaus eines Besuches wert sind. Es gibt attraktive Stra\u00dfen vollgepackt mit herrlichen Gesch\u00e4ften, die Antiquit\u00e4ten, Geschenke und weitere Qualit\u00e4tsg\u00fcter verkaufen, neben feinen Speiserestaurants, [&hellip;]<\/p>\n","protected":false},"author":1,"featured_media":0,"parent":0,"menu_order":0,"comment_status":"closed","ping_status":"closed","template":"single-four.php","meta":[],"acf":[],"yoast_head":"<!-- This site is optimized with the Yoast SEO plugin v19.4 - https:\/\/yoast.com\/wordpress\/plugins\/seo\/ -->\n<title>Die sch\u00f6nsten Orte in den Cotswolds - Urlaub &amp; Reisen<\/title>\n<meta name=\"robots\" content=\"index, follow, max-snippet:-1, max-image-preview:large, max-video-preview:-1\" \/>\n<link rel=\"canonical\" href=\"https:\/\/www.urlaubcornwall.de\/blog\/die-schoensten-orte-in-den-cotswolds\/\" \/>\n<meta property=\"og:locale\" content=\"en_US\" \/>\n<meta property=\"og:type\" content=\"article\" \/>\n<meta property=\"og:title\" content=\"Die sch\u00f6nsten Orte in den Cotswolds - Urlaub &amp; Reisen\" \/>\n<meta property=\"og:description\" content=\"Die St\u00e4dte und D\u00f6rfer, die aus honigfarbenem Gestein erbaut sind, sind absolute englisch: Painswick, Bibury, Bourton-on-the-Water, Lower Slaughter, Broadway, Burford und Bredon sind lediglich ein paar der h\u00fcbschen D\u00f6rfer der Cotswolds, die durchaus eines Besuches wert sind. Es gibt attraktive Stra\u00dfen vollgepackt mit herrlichen Gesch\u00e4ften, die Antiquit\u00e4ten, Geschenke und weitere Qualit\u00e4tsg\u00fcter verkaufen, neben feinen Speiserestaurants, [&hellip;]\" \/>\n<meta property=\"og:url\" content=\"https:\/\/www.urlaubcornwall.de\/blog\/die-schoensten-orte-in-den-cotswolds\/\" \/>\n<meta property=\"og:site_name\" content=\"Urlaub &amp; Reisen\" \/>\n<meta property=\"article:modified_time\" content=\"2021-05-07T12:18:08+00:00\" \/>\n<meta property=\"og:image\" content=\"https:\/\/www.urlaubcornwall.de\/blog\/wp-content\/uploads\/2017\/03\/urlaub-broadway-cotswolds.jpg\" \/>\n<meta name=\"twitter:card\" content=\"summary\" \/>\n<meta name=\"twitter:label1\" content=\"Est. reading time\" \/>\n\t<meta name=\"twitter:data1\" content=\"1 minute\" \/>\n<script type=\"application\/ld+json\" class=\"yoast-schema-graph\">{\"@context\":\"https:\/\/schema.org\",\"@graph\":[{\"@type\":\"WebSite\",\"@id\":\"https:\/\/www.urlaubcornwall.de\/blog\/#website\",\"url\":\"https:\/\/www.urlaubcornwall.de\/blog\/\",\"name\":\"Urlaub &amp; Reisen\",\"description\":\"Urlaub, Reisen, Cornwall und S\u00fcdengland: eine perfekte Kombination\",\"potentialAction\":[{\"@type\":\"SearchAction\",\"target\":{\"@type\":\"EntryPoint\",\"urlTemplate\":\"https:\/\/www.urlaubcornwall.de\/blog\/?s={search_term_string}\"},\"query-input\":\"required name=search_term_string\"}],\"inLanguage\":\"en-US\"},{\"@type\":\"WebPage\",\"@id\":\"https:\/\/www.urlaubcornwall.de\/blog\/die-schoensten-orte-in-den-cotswolds\/\",\"url\":\"https:\/\/www.urlaubcornwall.de\/blog\/die-schoensten-orte-in-den-cotswolds\/\",\"name\":\"Die sch\u00f6nsten Orte in den Cotswolds - Urlaub &amp; Reisen\",\"isPartOf\":{\"@id\":\"https:\/\/www.urlaubcornwall.de\/blog\/#website\"},\"datePublished\":\"2021-05-07T12:14:20+00:00\",\"dateModified\":\"2021-05-07T12:18:08+00:00\",\"breadcrumb\":{\"@id\":\"https:\/\/www.urlaubcornwall.de\/blog\/die-schoensten-orte-in-den-cotswolds\/#breadcrumb\"},\"inLanguage\":\"en-US\",\"potentialAction\":[{\"@type\":\"ReadAction\",\"target\":[\"https:\/\/www.urlaubcornwall.de\/blog\/die-schoensten-orte-in-den-cotswolds\/\"]}]},{\"@type\":\"BreadcrumbList\",\"@id\":\"https:\/\/www.urlaubcornwall.de\/blog\/die-schoensten-orte-in-den-cotswolds\/#breadcrumb\",\"itemListElement\":[{\"@type\":\"ListItem\",\"position\":1,\"name\":\"Home\",\"item\":\"https:\/\/www.urlaubcornwall.de\/blog\/\"},{\"@type\":\"ListItem\",\"position\":2,\"name\":\"Die sch\u00f6nsten Orte in den Cotswolds\"}]}]}<\/script>\n<!-- \/ Yoast SEO plugin. -->","yoast_head_json":{"title":"Die sch\u00f6nsten Orte in den Cotswolds - Urlaub &amp; Reisen","robots":{"index":"index","follow":"follow","max-snippet":"max-snippet:-1","max-image-preview":"max-image-preview:large","max-video-preview":"max-video-preview:-1"},"canonical":"https:\/\/www.urlaubcornwall.de\/blog\/die-schoensten-orte-in-den-cotswolds\/","og_locale":"en_US","og_type":"article","og_title":"Die sch\u00f6nsten Orte in den Cotswolds - Urlaub &amp; Reisen","og_description":"Die St\u00e4dte und D\u00f6rfer, die aus honigfarbenem Gestein erbaut sind, sind absolute englisch: Painswick, Bibury, Bourton-on-the-Water, Lower Slaughter, Broadway, Burford und Bredon sind lediglich ein paar der h\u00fcbschen D\u00f6rfer der Cotswolds, die durchaus eines Besuches wert sind. Es gibt attraktive Stra\u00dfen vollgepackt mit herrlichen Gesch\u00e4ften, die Antiquit\u00e4ten, Geschenke und weitere Qualit\u00e4tsg\u00fcter verkaufen, neben feinen Speiserestaurants, [&hellip;]","og_url":"https:\/\/www.urlaubcornwall.de\/blog\/die-schoensten-orte-in-den-cotswolds\/","og_site_name":"Urlaub &amp; Reisen","article_modified_time":"2021-05-07T12:18:08+00:00","og_image":[{"url":"https:\/\/www.urlaubcornwall.de\/blog\/wp-content\/uploads\/2017\/03\/urlaub-broadway-cotswolds.jpg"}],"twitter_card":"summary","twitter_misc":{"Est. reading time":"1 minute"},"schema":{"@context":"https:\/\/schema.org","@graph":[{"@type":"WebSite","@id":"https:\/\/www.urlaubcornwall.de\/blog\/#website","url":"https:\/\/www.urlaubcornwall.de\/blog\/","name":"Urlaub &amp; Reisen","description":"Urlaub, Reisen, Cornwall und S\u00fcdengland: eine perfekte Kombination","potentialAction":[{"@type":"SearchAction","target":{"@type":"EntryPoint","urlTemplate":"https:\/\/www.urlaubcornwall.de\/blog\/?s={search_term_string}"},"query-input":"required name=search_term_string"}],"inLanguage":"en-US"},{"@type":"WebPage","@id":"https:\/\/www.urlaubcornwall.de\/blog\/die-schoensten-orte-in-den-cotswolds\/","url":"https:\/\/www.urlaubcornwall.de\/blog\/die-schoensten-orte-in-den-cotswolds\/","name":"Die sch\u00f6nsten Orte in den Cotswolds - Urlaub &amp; Reisen","isPartOf":{"@id":"https:\/\/www.urlaubcornwall.de\/blog\/#website"},"datePublished":"2021-05-07T12:14:20+00:00","dateModified":"2021-05-07T12:18:08+00:00","breadcrumb":{"@id":"https:\/\/www.urlaubcornwall.de\/blog\/die-schoensten-orte-in-den-cotswolds\/#breadcrumb"},"inLanguage":"en-US","potentialAction":[{"@type":"ReadAction","target":["https:\/\/www.urlaubcornwall.de\/blog\/die-schoensten-orte-in-den-cotswolds\/"]}]},{"@type":"BreadcrumbList","@id":"https:\/\/www.urlaubcornwall.de\/blog\/die-schoensten-orte-in-den-cotswolds\/#breadcrumb","itemListElement":[{"@type":"ListItem","position":1,"name":"Home","item":"https:\/\/www.urlaubcornwall.de\/blog\/"},{"@type":"ListItem","position":2,"name":"Die sch\u00f6nsten Orte in den Cotswolds"}]}]}},"_links":{"self":[{"href":"https:\/\/www.urlaubcornwall.de\/blog\/wp-json\/wp\/v2\/pages\/41647"}],"collection":[{"href":"https:\/\/www.urlaubcornwall.de\/blog\/wp-json\/wp\/v2\/pages"}],"about":[{"href":"https:\/\/www.urlaubcornwall.de\/blog\/wp-json\/wp\/v2\/types\/page"}],"author":[{"embeddable":true,"href":"https:\/\/www.urlaubcornwall.de\/blog\/wp-json\/wp\/v2\/users\/1"}],"replies":[{"embeddable":true,"href":"https:\/\/www.urlaubcornwall.de\/blog\/wp-json\/wp\/v2\/comments?post=41647"}],"version-history":[{"count":2,"href":"https:\/\/www.urlaubcornwall.de\/blog\/wp-json\/wp\/v2\/pages\/41647\/revisions"}],"predecessor-version":[{"id":41650,"href":"https:\/\/www.urlaubcornwall.de\/blog\/wp-json\/wp\/v2\/pages\/41647\/revisions\/41650"}],"wp:attachment":[{"href":"https:\/\/www.urlaubcornwall.de\/blog\/wp-json\/wp\/v2\/media?parent=41647"}],"curies":[{"name":"wp","href":"https:\/\/api.w.org\/{rel}","templated":true}]}}