{"id":41630,"date":"2021-05-03T12:48:55","date_gmt":"2021-05-03T12:48:55","guid":{"rendered":"https:\/\/www.urlaubcornwall.de\/blog\/?page_id=41630"},"modified":"2024-04-30T15:45:51","modified_gmt":"2024-04-30T15:45:51","slug":"wookey-hole-urlaub-in-somerset","status":"publish","type":"page","link":"https:\/\/www.urlaubcornwall.de\/blog\/wookey-hole-urlaub-in-somerset\/","title":{"rendered":"Wookey Hole | Urlaub in Somerset"},"content":{"rendered":"<p><img loading=\"lazy\" class=\"aligncenter size-full wp-image-48166\" src=\"https:\/\/www.urlaubcornwall.de\/blog\/wp-content\/uploads\/2024\/03\/wookey-hole.jpg\" alt=\"wookey-hole\" width=\"750\" height=\"546\" srcset=\"https:\/\/www.urlaubcornwall.de\/blog\/wp-content\/uploads\/2024\/03\/wookey-hole.jpg 750w, https:\/\/www.urlaubcornwall.de\/blog\/wp-content\/uploads\/2024\/03\/wookey-hole-300x218.jpg 300w\" sizes=\"(max-width: 750px) 100vw, 750px\" \/><\/p>\n<p>Im <a href=\"https:\/\/www.wookey.co.uk\/\">Wookey Hole<\/a> werden F\u00fchrungen zu den H\u00f6hlen und den unterirdischen Fl\u00fcssen angeboten. Kinder und Erwachsene haben gleicherma\u00dfen Spa\u00df bei der Erkundung der sagenumwobenen H\u00f6hlen tief unter dem landschaftlich reizvollen <a href=\"https:\/\/www.urlaubcornwall.de\/reiseziel\/england.php\">S\u00fcden Englands<\/a>.<\/p>\n<div class=\"snippet\"> <a class=\"featured-item\" href=\"https:\/\/www.urlaubcornwall.de\/ferienhaeuser\/suedengland.php\"> <span class=\"image-holder\" style=\"background-image: url('https:\/\/www.urlaubcornwall.de\/blog\/wp-content\/uploads\/2024\/03\/ferienhaus-england-cornwall.jpg');\"><\/span> <span class=\"featured-content\"> \n<h2 class=\"featured-title\">Ferienh\u00e4user in Somerset &#038; S\u00fcdengland<\/h2>\n<p class=\"featured-body\">Bei uns finden Sie Ferienh\u00e4user zum Verlieben &#8211; so einfach ist das! Dank seiner langen Geschichte, der reizvollen Landschaften und seinen vielen Attraktionen ist S\u00fcdengland ein wahres Mekka f\u00fcr Urlauber&#8230;..<\/p><\/span> <span class=\"featured-link-holder\"> <span class=\"featured-extra-info\"> \n<p>Pers\u00f6nlich inspizierter Ferienh\u00e4user<\/p>\n<\/span> \n<p class=\"featured-link\">DETAILS<\/p>\n<\/span> <\/a><\/div>\n","protected":false},"excerpt":{"rendered":"<p>Im Wookey Hole werden F\u00fchrungen zu den H\u00f6hlen und den unterirdischen Fl\u00fcssen angeboten. Kinder und Erwachsene haben gleicherma\u00dfen Spa\u00df bei der Erkundung der sagenumwobenen H\u00f6hlen tief unter dem landschaftlich reizvollen S\u00fcden Englands. Ferienh\u00e4user in Somerset &#038; S\u00fcdengland Bei uns finden Sie Ferienh\u00e4user zum Verlieben &#8211; so einfach ist das! Dank seiner langen Geschichte, der reizvollen [&hellip;]<\/p>\n","protected":false},"author":1,"featured_media":0,"parent":0,"menu_order":0,"comment_status":"closed","ping_status":"closed","template":"single-four.php","meta":[],"acf":[],"yoast_head":"<!-- This site is optimized with the Yoast SEO plugin v19.4 - https:\/\/yoast.com\/wordpress\/plugins\/seo\/ -->\n<title>Wookey Hole | Urlaub in Somerset - Urlaub &amp; Reisen<\/title>\n<meta name=\"robots\" content=\"index, follow, max-snippet:-1, max-image-preview:large, max-video-preview:-1\" \/>\n<link rel=\"canonical\" href=\"https:\/\/www.urlaubcornwall.de\/blog\/wookey-hole-urlaub-in-somerset\/\" \/>\n<meta property=\"og:locale\" content=\"en_US\" \/>\n<meta property=\"og:type\" content=\"article\" \/>\n<meta property=\"og:title\" content=\"Wookey Hole | Urlaub in Somerset - Urlaub &amp; Reisen\" \/>\n<meta property=\"og:description\" content=\"Im Wookey Hole werden F\u00fchrungen zu den H\u00f6hlen und den unterirdischen Fl\u00fcssen angeboten. Kinder und Erwachsene haben gleicherma\u00dfen Spa\u00df bei der Erkundung der sagenumwobenen H\u00f6hlen tief unter dem landschaftlich reizvollen S\u00fcden Englands. Ferienh\u00e4user in Somerset &#038; S\u00fcdengland Bei uns finden Sie Ferienh\u00e4user zum Verlieben &#8211; so einfach ist das! Dank seiner langen Geschichte, der reizvollen [&hellip;]\" \/>\n<meta property=\"og:url\" content=\"https:\/\/www.urlaubcornwall.de\/blog\/wookey-hole-urlaub-in-somerset\/\" \/>\n<meta property=\"og:site_name\" content=\"Urlaub &amp; Reisen\" \/>\n<meta property=\"article:modified_time\" content=\"2024-04-30T15:45:51+00:00\" \/>\n<meta property=\"og:image\" content=\"https:\/\/www.urlaubcornwall.de\/blog\/wp-content\/uploads\/2024\/03\/wookey-hole.jpg\" \/>\n<meta name=\"twitter:card\" content=\"summary\" \/>\n<meta name=\"twitter:label1\" content=\"Est. reading time\" \/>\n\t<meta name=\"twitter:data1\" content=\"1 minute\" \/>\n<script type=\"application\/ld+json\" class=\"yoast-schema-graph\">{\"@context\":\"https:\/\/schema.org\",\"@graph\":[{\"@type\":\"WebSite\",\"@id\":\"https:\/\/www.urlaubcornwall.de\/blog\/#website\",\"url\":\"https:\/\/www.urlaubcornwall.de\/blog\/\",\"name\":\"Urlaub &amp; Reisen\",\"description\":\"Urlaub, Reisen, Cornwall und S\u00fcdengland: eine perfekte Kombination\",\"potentialAction\":[{\"@type\":\"SearchAction\",\"target\":{\"@type\":\"EntryPoint\",\"urlTemplate\":\"https:\/\/www.urlaubcornwall.de\/blog\/?s={search_term_string}\"},\"query-input\":\"required name=search_term_string\"}],\"inLanguage\":\"en-US\"},{\"@type\":\"WebPage\",\"@id\":\"https:\/\/www.urlaubcornwall.de\/blog\/wookey-hole-urlaub-in-somerset\/\",\"url\":\"https:\/\/www.urlaubcornwall.de\/blog\/wookey-hole-urlaub-in-somerset\/\",\"name\":\"Wookey Hole | Urlaub in Somerset - Urlaub &amp; Reisen\",\"isPartOf\":{\"@id\":\"https:\/\/www.urlaubcornwall.de\/blog\/#website\"},\"datePublished\":\"2021-05-03T12:48:55+00:00\",\"dateModified\":\"2024-04-30T15:45:51+00:00\",\"breadcrumb\":{\"@id\":\"https:\/\/www.urlaubcornwall.de\/blog\/wookey-hole-urlaub-in-somerset\/#breadcrumb\"},\"inLanguage\":\"en-US\",\"potentialAction\":[{\"@type\":\"ReadAction\",\"target\":[\"https:\/\/www.urlaubcornwall.de\/blog\/wookey-hole-urlaub-in-somerset\/\"]}]},{\"@type\":\"BreadcrumbList\",\"@id\":\"https:\/\/www.urlaubcornwall.de\/blog\/wookey-hole-urlaub-in-somerset\/#breadcrumb\",\"itemListElement\":[{\"@type\":\"ListItem\",\"position\":1,\"name\":\"Home\",\"item\":\"https:\/\/www.urlaubcornwall.de\/blog\/\"},{\"@type\":\"ListItem\",\"position\":2,\"name\":\"Wookey Hole | Urlaub in Somerset\"}]}]}<\/script>\n<!-- \/ Yoast SEO plugin. -->","yoast_head_json":{"title":"Wookey Hole | Urlaub in Somerset - Urlaub &amp; Reisen","robots":{"index":"index","follow":"follow","max-snippet":"max-snippet:-1","max-image-preview":"max-image-preview:large","max-video-preview":"max-video-preview:-1"},"canonical":"https:\/\/www.urlaubcornwall.de\/blog\/wookey-hole-urlaub-in-somerset\/","og_locale":"en_US","og_type":"article","og_title":"Wookey Hole | Urlaub in Somerset - Urlaub &amp; Reisen","og_description":"Im Wookey Hole werden F\u00fchrungen zu den H\u00f6hlen und den unterirdischen Fl\u00fcssen angeboten. Kinder und Erwachsene haben gleicherma\u00dfen Spa\u00df bei der Erkundung der sagenumwobenen H\u00f6hlen tief unter dem landschaftlich reizvollen S\u00fcden Englands. Ferienh\u00e4user in Somerset &#038; S\u00fcdengland Bei uns finden Sie Ferienh\u00e4user zum Verlieben &#8211; so einfach ist das! Dank seiner langen Geschichte, der reizvollen [&hellip;]","og_url":"https:\/\/www.urlaubcornwall.de\/blog\/wookey-hole-urlaub-in-somerset\/","og_site_name":"Urlaub &amp; Reisen","article_modified_time":"2024-04-30T15:45:51+00:00","og_image":[{"url":"https:\/\/www.urlaubcornwall.de\/blog\/wp-content\/uploads\/2024\/03\/wookey-hole.jpg"}],"twitter_card":"summary","twitter_misc":{"Est. reading time":"1 minute"},"schema":{"@context":"https:\/\/schema.org","@graph":[{"@type":"WebSite","@id":"https:\/\/www.urlaubcornwall.de\/blog\/#website","url":"https:\/\/www.urlaubcornwall.de\/blog\/","name":"Urlaub &amp; Reisen","description":"Urlaub, Reisen, Cornwall und S\u00fcdengland: eine perfekte Kombination","potentialAction":[{"@type":"SearchAction","target":{"@type":"EntryPoint","urlTemplate":"https:\/\/www.urlaubcornwall.de\/blog\/?s={search_term_string}"},"query-input":"required name=search_term_string"}],"inLanguage":"en-US"},{"@type":"WebPage","@id":"https:\/\/www.urlaubcornwall.de\/blog\/wookey-hole-urlaub-in-somerset\/","url":"https:\/\/www.urlaubcornwall.de\/blog\/wookey-hole-urlaub-in-somerset\/","name":"Wookey Hole | Urlaub in Somerset - Urlaub &amp; Reisen","isPartOf":{"@id":"https:\/\/www.urlaubcornwall.de\/blog\/#website"},"datePublished":"2021-05-03T12:48:55+00:00","dateModified":"2024-04-30T15:45:51+00:00","breadcrumb":{"@id":"https:\/\/www.urlaubcornwall.de\/blog\/wookey-hole-urlaub-in-somerset\/#breadcrumb"},"inLanguage":"en-US","potentialAction":[{"@type":"ReadAction","target":["https:\/\/www.urlaubcornwall.de\/blog\/wookey-hole-urlaub-in-somerset\/"]}]},{"@type":"BreadcrumbList","@id":"https:\/\/www.urlaubcornwall.de\/blog\/wookey-hole-urlaub-in-somerset\/#breadcrumb","itemListElement":[{"@type":"ListItem","position":1,"name":"Home","item":"https:\/\/www.urlaubcornwall.de\/blog\/"},{"@type":"ListItem","position":2,"name":"Wookey Hole | Urlaub in Somerset"}]}]}},"_links":{"self":[{"href":"https:\/\/www.urlaubcornwall.de\/blog\/wp-json\/wp\/v2\/pages\/41630"}],"collection":[{"href":"https:\/\/www.urlaubcornwall.de\/blog\/wp-json\/wp\/v2\/pages"}],"about":[{"href":"https:\/\/www.urlaubcornwall.de\/blog\/wp-json\/wp\/v2\/types\/page"}],"author":[{"embeddable":true,"href":"https:\/\/www.urlaubcornwall.de\/blog\/wp-json\/wp\/v2\/users\/1"}],"replies":[{"embeddable":true,"href":"https:\/\/www.urlaubcornwall.de\/blog\/wp-json\/wp\/v2\/comments?post=41630"}],"version-history":[{"count":3,"href":"https:\/\/www.urlaubcornwall.de\/blog\/wp-json\/wp\/v2\/pages\/41630\/revisions"}],"predecessor-version":[{"id":50003,"href":"https:\/\/www.urlaubcornwall.de\/blog\/wp-json\/wp\/v2\/pages\/41630\/revisions\/50003"}],"wp:attachment":[{"href":"https:\/\/www.urlaubcornwall.de\/blog\/wp-json\/wp\/v2\/media?parent=41630"}],"curies":[{"name":"wp","href":"https:\/\/api.w.org\/{rel}","templated":true}]}}