{"id":41626,"date":"2021-05-03T12:34:28","date_gmt":"2021-05-03T12:34:28","guid":{"rendered":"https:\/\/www.urlaubcornwall.de\/blog\/?page_id=41626"},"modified":"2024-04-15T15:47:26","modified_gmt":"2024-04-15T15:47:26","slug":"dorf-cheddar-urlaub-in-somerset","status":"publish","type":"page","link":"https:\/\/www.urlaubcornwall.de\/blog\/dorf-cheddar-urlaub-in-somerset\/","title":{"rendered":"Dorf Cheddar | Urlaub in Somerset"},"content":{"rendered":"<p><img loading=\"lazy\" class=\"aligncenter size-full wp-image-48108\" src=\"https:\/\/www.urlaubcornwall.de\/blog\/wp-content\/uploads\/2024\/03\/cheddar-gorge.jpg\" alt=\"cheddar gorge\" width=\"750\" height=\"501\" srcset=\"https:\/\/www.urlaubcornwall.de\/blog\/wp-content\/uploads\/2024\/03\/cheddar-gorge.jpg 750w, https:\/\/www.urlaubcornwall.de\/blog\/wp-content\/uploads\/2024\/03\/cheddar-gorge-300x200.jpg 300w\" sizes=\"(max-width: 750px) 100vw, 750px\" \/><\/p>\n<p>Das <a href=\"https:\/\/www.urlaubcornwall.de\/ferienhaeuser-fewos\/eng\/somerset\/cheddar.html\">Dorf Cheddar<\/a> gibt auch dem beliebtesten K\u00e4se Englands seinen Namen \u2013 Cheddar Cheese.  Von Cheddar aus bietet sich ein herrlicher Ausblick auf die umliegende H\u00fcgellandschaft der Mendip Hills, die mit tiefen Schluchten und H\u00f6hlen zu bezaubern wei\u00df.<\/p>\n<div class=\"snippet\"> <a class=\"featured-item\" href=\"https:\/\/www.urlaubcornwall.de\/ferienhaeuser\/suedengland.php\"> <span class=\"image-holder\" style=\"background-image: url('https:\/\/www.urlaubcornwall.de\/blog\/wp-content\/uploads\/2018\/12\/ferienhaus-cornwall-mit-hund.jpg');\"><\/span> <span class=\"featured-content\"> \n<h2 class=\"featured-title\">Ferienh\u00e4user in Somerset &#038; S\u00fcdengland<\/h2>\n<p class=\"featured-body\">Bei uns finden Sie Ferienh\u00e4user zum Verlieben &#8211; so einfach ist das! Dank seiner langen Geschichte, der reizvollen Landschaften und seinen vielen Attraktionen ist S\u00fcdengland ein wahres Mekka f\u00fcr Urlauber&#8230;..<\/p><\/span> <span class=\"featured-link-holder\"> <span class=\"featured-extra-info\"> \n<p>Pers\u00f6nlich inspizierter Ferienh\u00e4user<\/p>\n<\/span> \n<p class=\"featured-link\">DETAILS<\/p>\n<\/span> <\/a><\/div>\n","protected":false},"excerpt":{"rendered":"<p>Das Dorf Cheddar gibt auch dem beliebtesten K\u00e4se Englands seinen Namen \u2013 Cheddar Cheese. Von Cheddar aus bietet sich ein herrlicher Ausblick auf die umliegende H\u00fcgellandschaft der Mendip Hills, die mit tiefen Schluchten und H\u00f6hlen zu bezaubern wei\u00df. Ferienh\u00e4user in Somerset &#038; S\u00fcdengland Bei uns finden Sie Ferienh\u00e4user zum Verlieben &#8211; so einfach ist das! [&hellip;]<\/p>\n","protected":false},"author":1,"featured_media":0,"parent":0,"menu_order":0,"comment_status":"closed","ping_status":"closed","template":"single-four.php","meta":[],"acf":[],"yoast_head":"<!-- This site is optimized with the Yoast SEO plugin v19.4 - https:\/\/yoast.com\/wordpress\/plugins\/seo\/ -->\n<title>Dorf Cheddar | Urlaub in Somerset - Urlaub &amp; Reisen<\/title>\n<meta name=\"robots\" content=\"index, follow, max-snippet:-1, max-image-preview:large, max-video-preview:-1\" \/>\n<link rel=\"canonical\" href=\"https:\/\/www.urlaubcornwall.de\/blog\/dorf-cheddar-urlaub-in-somerset\/\" \/>\n<meta property=\"og:locale\" content=\"en_US\" \/>\n<meta property=\"og:type\" content=\"article\" \/>\n<meta property=\"og:title\" content=\"Dorf Cheddar | Urlaub in Somerset - Urlaub &amp; Reisen\" \/>\n<meta property=\"og:description\" content=\"Das Dorf Cheddar gibt auch dem beliebtesten K\u00e4se Englands seinen Namen \u2013 Cheddar Cheese. Von Cheddar aus bietet sich ein herrlicher Ausblick auf die umliegende H\u00fcgellandschaft der Mendip Hills, die mit tiefen Schluchten und H\u00f6hlen zu bezaubern wei\u00df. Ferienh\u00e4user in Somerset &#038; S\u00fcdengland Bei uns finden Sie Ferienh\u00e4user zum Verlieben &#8211; so einfach ist das! [&hellip;]\" \/>\n<meta property=\"og:url\" content=\"https:\/\/www.urlaubcornwall.de\/blog\/dorf-cheddar-urlaub-in-somerset\/\" \/>\n<meta property=\"og:site_name\" content=\"Urlaub &amp; Reisen\" \/>\n<meta property=\"article:modified_time\" content=\"2024-04-15T15:47:26+00:00\" \/>\n<meta property=\"og:image\" content=\"https:\/\/www.urlaubcornwall.de\/blog\/wp-content\/uploads\/2024\/03\/cheddar-gorge.jpg\" \/>\n<meta name=\"twitter:card\" content=\"summary\" \/>\n<meta name=\"twitter:label1\" content=\"Est. reading time\" \/>\n\t<meta name=\"twitter:data1\" content=\"1 minute\" \/>\n<script type=\"application\/ld+json\" class=\"yoast-schema-graph\">{\"@context\":\"https:\/\/schema.org\",\"@graph\":[{\"@type\":\"WebSite\",\"@id\":\"https:\/\/www.urlaubcornwall.de\/blog\/#website\",\"url\":\"https:\/\/www.urlaubcornwall.de\/blog\/\",\"name\":\"Urlaub &amp; Reisen\",\"description\":\"Urlaub, Reisen, Cornwall und S\u00fcdengland: eine perfekte Kombination\",\"potentialAction\":[{\"@type\":\"SearchAction\",\"target\":{\"@type\":\"EntryPoint\",\"urlTemplate\":\"https:\/\/www.urlaubcornwall.de\/blog\/?s={search_term_string}\"},\"query-input\":\"required name=search_term_string\"}],\"inLanguage\":\"en-US\"},{\"@type\":\"WebPage\",\"@id\":\"https:\/\/www.urlaubcornwall.de\/blog\/dorf-cheddar-urlaub-in-somerset\/\",\"url\":\"https:\/\/www.urlaubcornwall.de\/blog\/dorf-cheddar-urlaub-in-somerset\/\",\"name\":\"Dorf Cheddar | Urlaub in Somerset - Urlaub &amp; Reisen\",\"isPartOf\":{\"@id\":\"https:\/\/www.urlaubcornwall.de\/blog\/#website\"},\"datePublished\":\"2021-05-03T12:34:28+00:00\",\"dateModified\":\"2024-04-15T15:47:26+00:00\",\"breadcrumb\":{\"@id\":\"https:\/\/www.urlaubcornwall.de\/blog\/dorf-cheddar-urlaub-in-somerset\/#breadcrumb\"},\"inLanguage\":\"en-US\",\"potentialAction\":[{\"@type\":\"ReadAction\",\"target\":[\"https:\/\/www.urlaubcornwall.de\/blog\/dorf-cheddar-urlaub-in-somerset\/\"]}]},{\"@type\":\"BreadcrumbList\",\"@id\":\"https:\/\/www.urlaubcornwall.de\/blog\/dorf-cheddar-urlaub-in-somerset\/#breadcrumb\",\"itemListElement\":[{\"@type\":\"ListItem\",\"position\":1,\"name\":\"Home\",\"item\":\"https:\/\/www.urlaubcornwall.de\/blog\/\"},{\"@type\":\"ListItem\",\"position\":2,\"name\":\"Dorf Cheddar | Urlaub in Somerset\"}]}]}<\/script>\n<!-- \/ Yoast SEO plugin. -->","yoast_head_json":{"title":"Dorf Cheddar | Urlaub in Somerset - Urlaub &amp; Reisen","robots":{"index":"index","follow":"follow","max-snippet":"max-snippet:-1","max-image-preview":"max-image-preview:large","max-video-preview":"max-video-preview:-1"},"canonical":"https:\/\/www.urlaubcornwall.de\/blog\/dorf-cheddar-urlaub-in-somerset\/","og_locale":"en_US","og_type":"article","og_title":"Dorf Cheddar | Urlaub in Somerset - Urlaub &amp; Reisen","og_description":"Das Dorf Cheddar gibt auch dem beliebtesten K\u00e4se Englands seinen Namen \u2013 Cheddar Cheese. Von Cheddar aus bietet sich ein herrlicher Ausblick auf die umliegende H\u00fcgellandschaft der Mendip Hills, die mit tiefen Schluchten und H\u00f6hlen zu bezaubern wei\u00df. Ferienh\u00e4user in Somerset &#038; S\u00fcdengland Bei uns finden Sie Ferienh\u00e4user zum Verlieben &#8211; so einfach ist das! [&hellip;]","og_url":"https:\/\/www.urlaubcornwall.de\/blog\/dorf-cheddar-urlaub-in-somerset\/","og_site_name":"Urlaub &amp; Reisen","article_modified_time":"2024-04-15T15:47:26+00:00","og_image":[{"url":"https:\/\/www.urlaubcornwall.de\/blog\/wp-content\/uploads\/2024\/03\/cheddar-gorge.jpg"}],"twitter_card":"summary","twitter_misc":{"Est. reading time":"1 minute"},"schema":{"@context":"https:\/\/schema.org","@graph":[{"@type":"WebSite","@id":"https:\/\/www.urlaubcornwall.de\/blog\/#website","url":"https:\/\/www.urlaubcornwall.de\/blog\/","name":"Urlaub &amp; Reisen","description":"Urlaub, Reisen, Cornwall und S\u00fcdengland: eine perfekte Kombination","potentialAction":[{"@type":"SearchAction","target":{"@type":"EntryPoint","urlTemplate":"https:\/\/www.urlaubcornwall.de\/blog\/?s={search_term_string}"},"query-input":"required name=search_term_string"}],"inLanguage":"en-US"},{"@type":"WebPage","@id":"https:\/\/www.urlaubcornwall.de\/blog\/dorf-cheddar-urlaub-in-somerset\/","url":"https:\/\/www.urlaubcornwall.de\/blog\/dorf-cheddar-urlaub-in-somerset\/","name":"Dorf Cheddar | Urlaub in Somerset - Urlaub &amp; Reisen","isPartOf":{"@id":"https:\/\/www.urlaubcornwall.de\/blog\/#website"},"datePublished":"2021-05-03T12:34:28+00:00","dateModified":"2024-04-15T15:47:26+00:00","breadcrumb":{"@id":"https:\/\/www.urlaubcornwall.de\/blog\/dorf-cheddar-urlaub-in-somerset\/#breadcrumb"},"inLanguage":"en-US","potentialAction":[{"@type":"ReadAction","target":["https:\/\/www.urlaubcornwall.de\/blog\/dorf-cheddar-urlaub-in-somerset\/"]}]},{"@type":"BreadcrumbList","@id":"https:\/\/www.urlaubcornwall.de\/blog\/dorf-cheddar-urlaub-in-somerset\/#breadcrumb","itemListElement":[{"@type":"ListItem","position":1,"name":"Home","item":"https:\/\/www.urlaubcornwall.de\/blog\/"},{"@type":"ListItem","position":2,"name":"Dorf Cheddar | Urlaub in Somerset"}]}]}},"_links":{"self":[{"href":"https:\/\/www.urlaubcornwall.de\/blog\/wp-json\/wp\/v2\/pages\/41626"}],"collection":[{"href":"https:\/\/www.urlaubcornwall.de\/blog\/wp-json\/wp\/v2\/pages"}],"about":[{"href":"https:\/\/www.urlaubcornwall.de\/blog\/wp-json\/wp\/v2\/types\/page"}],"author":[{"embeddable":true,"href":"https:\/\/www.urlaubcornwall.de\/blog\/wp-json\/wp\/v2\/users\/1"}],"replies":[{"embeddable":true,"href":"https:\/\/www.urlaubcornwall.de\/blog\/wp-json\/wp\/v2\/comments?post=41626"}],"version-history":[{"count":3,"href":"https:\/\/www.urlaubcornwall.de\/blog\/wp-json\/wp\/v2\/pages\/41626\/revisions"}],"predecessor-version":[{"id":49739,"href":"https:\/\/www.urlaubcornwall.de\/blog\/wp-json\/wp\/v2\/pages\/41626\/revisions\/49739"}],"wp:attachment":[{"href":"https:\/\/www.urlaubcornwall.de\/blog\/wp-json\/wp\/v2\/media?parent=41626"}],"curies":[{"name":"wp","href":"https:\/\/api.w.org\/{rel}","templated":true}]}}