{"id":41583,"date":"2021-04-26T11:07:59","date_gmt":"2021-04-26T11:07:59","guid":{"rendered":"https:\/\/www.urlaubcornwall.de\/blog\/?page_id=41583"},"modified":"2023-08-15T08:38:45","modified_gmt":"2023-08-15T08:38:45","slug":"urlaub-in-wales-2022","status":"publish","type":"page","link":"https:\/\/www.urlaubcornwall.de\/blog\/urlaub-in-wales-2022\/","title":{"rendered":"Urlaub in Wales 2024"},"content":{"rendered":"<p><img loading=\"lazy\" class=\"aligncenter size-full wp-image-27942\" src=\"https:\/\/www.urlaubcornwall.de\/blog\/wp-content\/uploads\/2017\/06\/wales-strand-mit-hund.jpg\" alt=\"Urlaub Wales 2023\" width=\"749\" height=\"394\" srcset=\"https:\/\/www.urlaubcornwall.de\/blog\/wp-content\/uploads\/2017\/06\/wales-strand-mit-hund.jpg 747w, https:\/\/www.urlaubcornwall.de\/blog\/wp-content\/uploads\/2017\/06\/wales-strand-mit-hund-300x158.jpg 300w\" sizes=\"(max-width: 749px) 100vw, 749px\" \/><\/p>\n<p>Sie werden \u00fcber Ihre eigenen Selbstversorgereinrichtungen verf\u00fcgen mit einem Garten und Au\u00dfenbereich, um zu entspannen und sich sicher zu f\u00fchlen. Viele haben Meeresblick und befinden sich in der N\u00e4he der besten Str\u00e4nde mit Unterkunft f\u00fcr Paare, Familien und Freundesgruppen.<br \/>\nUm Ihren Seelenfrieden zu erhalten, bieten wir eine ultimative Zusammenstellung <a href=\"https:\/\/www.urlaubcornwall.de\/ferienhaeuser\/wales.php\">handverlesener und inspizierter Ferienh\u00e4user mit einer Garantie auf Coronavirus<\/a> R\u00fcckerstattung von Seiten unserer Partner in Urlaubsunterk\u00fcnften. Daher k\u00f6nnen Sie also mit vollem Vertrauen buchen!<\/p>\n<p>UrlaubCornwall.de hat eine einzigartige Sammlung pers\u00f6nlich inspizierter Ferienh\u00e4user und Ferienwohnungen in Wales, <a href=\"https:\/\/www.urlaubcornwall.de\/ferienhaueser\/suedengland.php\">S\u00fcdengland<\/a> und nun auch im gesamten Gro\u00dfbritannien. <\/p>\n<div class=\"snippet\"> <a class=\"featured-item\" href=\" https:\/\/www.urlaubcornwall.de\/ferienhaeuser\/wales.php\"> <span class=\"image-holder\" style=\"background-image: url(' https:\/\/www.urlaubcornwall.de\/blog\/wp-content\/uploads\/2018\/12\/busreisen-wales-england.jpg');\"><\/span> <span class=\"featured-content\"> \n<h2 class=\"featured-title\">Bei uns finden Sie Ferienh\u00e4user in Wales zum Verlieben!<\/h2>\n<p class=\"featured-body\">Untenstehend finden Sie eine Auswahl an Selbstversorger-Ferienh\u00e4usern in Wales. Hier finden Sie handverlesene, pers\u00f6nlich inspizierte Cottages entlang der walisischen K\u00fcste&#8230;..<\/p>\n<\/span> <span class=\"featured-link-holder\"> <span class=\"featured-extra-info\"> \n<p>F\u00fcr Paare, Familien &#038; Gruppen<\/p>\n<\/span> \n<p class=\"featured-link\">DETAILS<\/p>\n<\/span> <\/a><\/div>\n","protected":false},"excerpt":{"rendered":"<p>Sie werden \u00fcber Ihre eigenen Selbstversorgereinrichtungen verf\u00fcgen mit einem Garten und Au\u00dfenbereich, um zu entspannen und sich sicher zu f\u00fchlen. Viele haben Meeresblick und befinden sich in der N\u00e4he der besten Str\u00e4nde mit Unterkunft f\u00fcr Paare, Familien und Freundesgruppen. Um Ihren Seelenfrieden zu erhalten, bieten wir eine ultimative Zusammenstellung handverlesener und inspizierter Ferienh\u00e4user mit einer [&hellip;]<\/p>\n","protected":false},"author":1,"featured_media":0,"parent":0,"menu_order":0,"comment_status":"closed","ping_status":"closed","template":"single-four.php","meta":[],"acf":[],"yoast_head":"<!-- This site is optimized with the Yoast SEO plugin v19.4 - https:\/\/yoast.com\/wordpress\/plugins\/seo\/ -->\n<title>Urlaub in Wales 2024 - Urlaub &amp; Reisen<\/title>\n<meta name=\"robots\" content=\"index, follow, max-snippet:-1, max-image-preview:large, max-video-preview:-1\" \/>\n<link rel=\"canonical\" href=\"https:\/\/www.urlaubcornwall.de\/blog\/urlaub-in-wales-2022\/\" \/>\n<meta property=\"og:locale\" content=\"en_US\" \/>\n<meta property=\"og:type\" content=\"article\" \/>\n<meta property=\"og:title\" content=\"Urlaub in Wales 2024 - Urlaub &amp; Reisen\" \/>\n<meta property=\"og:description\" content=\"Sie werden \u00fcber Ihre eigenen Selbstversorgereinrichtungen verf\u00fcgen mit einem Garten und Au\u00dfenbereich, um zu entspannen und sich sicher zu f\u00fchlen. Viele haben Meeresblick und befinden sich in der N\u00e4he der besten Str\u00e4nde mit Unterkunft f\u00fcr Paare, Familien und Freundesgruppen. Um Ihren Seelenfrieden zu erhalten, bieten wir eine ultimative Zusammenstellung handverlesener und inspizierter Ferienh\u00e4user mit einer [&hellip;]\" \/>\n<meta property=\"og:url\" content=\"https:\/\/www.urlaubcornwall.de\/blog\/urlaub-in-wales-2022\/\" \/>\n<meta property=\"og:site_name\" content=\"Urlaub &amp; Reisen\" \/>\n<meta property=\"article:modified_time\" content=\"2023-08-15T08:38:45+00:00\" \/>\n<meta property=\"og:image\" content=\"https:\/\/www.urlaubcornwall.de\/blog\/wp-content\/uploads\/2017\/06\/wales-strand-mit-hund.jpg\" \/>\n<meta name=\"twitter:card\" content=\"summary\" \/>\n<meta name=\"twitter:label1\" content=\"Est. reading time\" \/>\n\t<meta name=\"twitter:data1\" content=\"1 minute\" \/>\n<script type=\"application\/ld+json\" class=\"yoast-schema-graph\">{\"@context\":\"https:\/\/schema.org\",\"@graph\":[{\"@type\":\"WebSite\",\"@id\":\"https:\/\/www.urlaubcornwall.de\/blog\/#website\",\"url\":\"https:\/\/www.urlaubcornwall.de\/blog\/\",\"name\":\"Urlaub &amp; Reisen\",\"description\":\"Urlaub, Reisen, Cornwall und S\u00fcdengland: eine perfekte Kombination\",\"potentialAction\":[{\"@type\":\"SearchAction\",\"target\":{\"@type\":\"EntryPoint\",\"urlTemplate\":\"https:\/\/www.urlaubcornwall.de\/blog\/?s={search_term_string}\"},\"query-input\":\"required name=search_term_string\"}],\"inLanguage\":\"en-US\"},{\"@type\":\"WebPage\",\"@id\":\"https:\/\/www.urlaubcornwall.de\/blog\/urlaub-in-wales-2022\/\",\"url\":\"https:\/\/www.urlaubcornwall.de\/blog\/urlaub-in-wales-2022\/\",\"name\":\"Urlaub in Wales 2024 - Urlaub &amp; Reisen\",\"isPartOf\":{\"@id\":\"https:\/\/www.urlaubcornwall.de\/blog\/#website\"},\"datePublished\":\"2021-04-26T11:07:59+00:00\",\"dateModified\":\"2023-08-15T08:38:45+00:00\",\"breadcrumb\":{\"@id\":\"https:\/\/www.urlaubcornwall.de\/blog\/urlaub-in-wales-2022\/#breadcrumb\"},\"inLanguage\":\"en-US\",\"potentialAction\":[{\"@type\":\"ReadAction\",\"target\":[\"https:\/\/www.urlaubcornwall.de\/blog\/urlaub-in-wales-2022\/\"]}]},{\"@type\":\"BreadcrumbList\",\"@id\":\"https:\/\/www.urlaubcornwall.de\/blog\/urlaub-in-wales-2022\/#breadcrumb\",\"itemListElement\":[{\"@type\":\"ListItem\",\"position\":1,\"name\":\"Home\",\"item\":\"https:\/\/www.urlaubcornwall.de\/blog\/\"},{\"@type\":\"ListItem\",\"position\":2,\"name\":\"Urlaub in Wales 2024\"}]}]}<\/script>\n<!-- \/ Yoast SEO plugin. -->","yoast_head_json":{"title":"Urlaub in Wales 2024 - Urlaub &amp; Reisen","robots":{"index":"index","follow":"follow","max-snippet":"max-snippet:-1","max-image-preview":"max-image-preview:large","max-video-preview":"max-video-preview:-1"},"canonical":"https:\/\/www.urlaubcornwall.de\/blog\/urlaub-in-wales-2022\/","og_locale":"en_US","og_type":"article","og_title":"Urlaub in Wales 2024 - Urlaub &amp; Reisen","og_description":"Sie werden \u00fcber Ihre eigenen Selbstversorgereinrichtungen verf\u00fcgen mit einem Garten und Au\u00dfenbereich, um zu entspannen und sich sicher zu f\u00fchlen. Viele haben Meeresblick und befinden sich in der N\u00e4he der besten Str\u00e4nde mit Unterkunft f\u00fcr Paare, Familien und Freundesgruppen. Um Ihren Seelenfrieden zu erhalten, bieten wir eine ultimative Zusammenstellung handverlesener und inspizierter Ferienh\u00e4user mit einer [&hellip;]","og_url":"https:\/\/www.urlaubcornwall.de\/blog\/urlaub-in-wales-2022\/","og_site_name":"Urlaub &amp; Reisen","article_modified_time":"2023-08-15T08:38:45+00:00","og_image":[{"url":"https:\/\/www.urlaubcornwall.de\/blog\/wp-content\/uploads\/2017\/06\/wales-strand-mit-hund.jpg"}],"twitter_card":"summary","twitter_misc":{"Est. reading time":"1 minute"},"schema":{"@context":"https:\/\/schema.org","@graph":[{"@type":"WebSite","@id":"https:\/\/www.urlaubcornwall.de\/blog\/#website","url":"https:\/\/www.urlaubcornwall.de\/blog\/","name":"Urlaub &amp; Reisen","description":"Urlaub, Reisen, Cornwall und S\u00fcdengland: eine perfekte Kombination","potentialAction":[{"@type":"SearchAction","target":{"@type":"EntryPoint","urlTemplate":"https:\/\/www.urlaubcornwall.de\/blog\/?s={search_term_string}"},"query-input":"required name=search_term_string"}],"inLanguage":"en-US"},{"@type":"WebPage","@id":"https:\/\/www.urlaubcornwall.de\/blog\/urlaub-in-wales-2022\/","url":"https:\/\/www.urlaubcornwall.de\/blog\/urlaub-in-wales-2022\/","name":"Urlaub in Wales 2024 - Urlaub &amp; Reisen","isPartOf":{"@id":"https:\/\/www.urlaubcornwall.de\/blog\/#website"},"datePublished":"2021-04-26T11:07:59+00:00","dateModified":"2023-08-15T08:38:45+00:00","breadcrumb":{"@id":"https:\/\/www.urlaubcornwall.de\/blog\/urlaub-in-wales-2022\/#breadcrumb"},"inLanguage":"en-US","potentialAction":[{"@type":"ReadAction","target":["https:\/\/www.urlaubcornwall.de\/blog\/urlaub-in-wales-2022\/"]}]},{"@type":"BreadcrumbList","@id":"https:\/\/www.urlaubcornwall.de\/blog\/urlaub-in-wales-2022\/#breadcrumb","itemListElement":[{"@type":"ListItem","position":1,"name":"Home","item":"https:\/\/www.urlaubcornwall.de\/blog\/"},{"@type":"ListItem","position":2,"name":"Urlaub in Wales 2024"}]}]}},"_links":{"self":[{"href":"https:\/\/www.urlaubcornwall.de\/blog\/wp-json\/wp\/v2\/pages\/41583"}],"collection":[{"href":"https:\/\/www.urlaubcornwall.de\/blog\/wp-json\/wp\/v2\/pages"}],"about":[{"href":"https:\/\/www.urlaubcornwall.de\/blog\/wp-json\/wp\/v2\/types\/page"}],"author":[{"embeddable":true,"href":"https:\/\/www.urlaubcornwall.de\/blog\/wp-json\/wp\/v2\/users\/1"}],"replies":[{"embeddable":true,"href":"https:\/\/www.urlaubcornwall.de\/blog\/wp-json\/wp\/v2\/comments?post=41583"}],"version-history":[{"count":12,"href":"https:\/\/www.urlaubcornwall.de\/blog\/wp-json\/wp\/v2\/pages\/41583\/revisions"}],"predecessor-version":[{"id":46960,"href":"https:\/\/www.urlaubcornwall.de\/blog\/wp-json\/wp\/v2\/pages\/41583\/revisions\/46960"}],"wp:attachment":[{"href":"https:\/\/www.urlaubcornwall.de\/blog\/wp-json\/wp\/v2\/media?parent=41583"}],"curies":[{"name":"wp","href":"https:\/\/api.w.org\/{rel}","templated":true}]}}