{"id":41577,"date":"2021-04-21T08:54:57","date_gmt":"2021-04-21T08:54:57","guid":{"rendered":"https:\/\/www.urlaubcornwall.de\/blog\/?page_id=41577"},"modified":"2024-05-31T07:48:33","modified_gmt":"2024-05-31T07:48:33","slug":"urlaub-in-england-2022","status":"publish","type":"page","link":"https:\/\/www.urlaubcornwall.de\/blog\/urlaub-in-england-2022\/","title":{"rendered":"Urlaub in England 2024"},"content":{"rendered":"<p><a href=\"https:\/\/www.urlaubcornwall.de\/blog\/wp-content\/uploads\/2024\/05\/portscatho_new.jpg\"><img loading=\"lazy\" src=\"https:\/\/www.urlaubcornwall.de\/blog\/wp-content\/uploads\/2024\/05\/portscatho_new.jpg\" alt=\"portscatho\" width=\"750\" height=\"595\" class=\"alignnone size-full wp-image-50794\" srcset=\"https:\/\/www.urlaubcornwall.de\/blog\/wp-content\/uploads\/2024\/05\/portscatho_new.jpg 750w, https:\/\/www.urlaubcornwall.de\/blog\/wp-content\/uploads\/2024\/05\/portscatho_new-300x238.jpg 300w\" sizes=\"(max-width: 750px) 100vw, 750px\" \/><\/a><\/p>\n<p>Sie werden \u00fcber Ihre eigenen Selbstversorgereinrichtungen verf\u00fcgen mit einem Garten und Au\u00dfenbereich, um zu entspannen und sich sicher zu f\u00fchlen. Viele haben Meeresblick und befinden sich in der N\u00e4he der besten Str\u00e4nde mit Unterkunft f\u00fcr Paare, Familien und Freundesgruppen. Um Ihren Seelenfrieden zu erhalten, bieten wir eine ultimative Zusammenstellung <a href=\"https:\/\/www.urlaubcornwall.de\/ferienhaeuser\/suedengland.php\">handverlesener und inspizierter Ferienh\u00e4user mit einer Garantie auf Coronavirus<\/a> R\u00fcckerstattung von Seiten unserer Partner in Urlaubsunterk\u00fcnften. Daher k\u00f6nnen Sie also mit vollem Vertrauen buchen!<\/p>\n<p>Ihre Buchung geschieht direkt mit preisgekr\u00f6nten Cottage Vermietungsfirmen. Sie garantieren, dass, falls die Unterkunft aufgrund von Einschr\u00e4nkungen, die von der Regierung veranlasst wurden, nicht erh\u00e4ltlich sein sollte Sie Anrecht haben auf einen Transfer oder eine R\u00fcckerstattung. Seien Sie also versichert, sie passen sich s\u00e4mtlichen Ver\u00e4nderungen an, die von der UK Regierung ausgehen, und werden sich mit Ihnen in Verbindung setzen und helfen, falls Ihr Urlaub betroffen ist.<\/p>\n<p style=\"text-align: center;\"><a class=\"tidycta\" href=\"https:\/\/www.urlaubcornwall.de\/ferienhaeuser.php\">Suche Ferienh\u00e4user in England<\/a><\/p>\n<div class=\"snippet\"> <a class=\"featured-item\" href=\"https:\/\/www.urlaubcornwall.de\/ferienhaeuser\/suedengland.php\"> <span class=\"image-holder\" style=\"background-image: url('https:\/\/www.urlaubcornwall.de\/blog\/wp-content\/uploads\/2018\/12\/familienurlaub-corwnall-snippet.jpg');\"><\/span> <span class=\"featured-content\"> \n<h2 class=\"featured-title\">Ferienh\u00e4user in England<\/h2>\n<p class=\"featured-body\">Dank seiner langen Geschichte, der reizvollen Landschaften und seinen vielen Attraktionen ist S\u00fcdengland ein wahres Mekka f\u00fcr Urlauber&#8230; <\/p><\/span> <span class=\"featured-link-holder\"> <span class=\"featured-extra-info\"> \n<p>F\u00fcr Paare, Familien &#038; Gruppen<\/p>\n<\/span> \n<p class=\"featured-link\">DETAILS<\/p>\n<\/span> <\/a><\/div>\n","protected":false},"excerpt":{"rendered":"<p>Sie werden \u00fcber Ihre eigenen Selbstversorgereinrichtungen verf\u00fcgen mit einem Garten und Au\u00dfenbereich, um zu entspannen und sich sicher zu f\u00fchlen. Viele haben Meeresblick und befinden sich in der N\u00e4he der besten Str\u00e4nde mit Unterkunft f\u00fcr Paare, Familien und Freundesgruppen. Um Ihren Seelenfrieden zu erhalten, bieten wir eine ultimative Zusammenstellung handverlesener und inspizierter Ferienh\u00e4user mit einer [&hellip;]<\/p>\n","protected":false},"author":1,"featured_media":0,"parent":0,"menu_order":0,"comment_status":"closed","ping_status":"closed","template":"single-four.php","meta":[],"acf":[],"yoast_head":"<!-- This site is optimized with the Yoast SEO plugin v19.4 - https:\/\/yoast.com\/wordpress\/plugins\/seo\/ -->\n<title>Urlaub in England 2024 - Urlaub &amp; Reisen<\/title>\n<meta name=\"robots\" content=\"index, follow, max-snippet:-1, max-image-preview:large, max-video-preview:-1\" \/>\n<link rel=\"canonical\" href=\"https:\/\/www.urlaubcornwall.de\/blog\/urlaub-in-england-2022\/\" \/>\n<meta property=\"og:locale\" content=\"en_US\" \/>\n<meta property=\"og:type\" content=\"article\" \/>\n<meta property=\"og:title\" content=\"Urlaub in England 2024 - Urlaub &amp; Reisen\" \/>\n<meta property=\"og:description\" content=\"Sie werden \u00fcber Ihre eigenen Selbstversorgereinrichtungen verf\u00fcgen mit einem Garten und Au\u00dfenbereich, um zu entspannen und sich sicher zu f\u00fchlen. Viele haben Meeresblick und befinden sich in der N\u00e4he der besten Str\u00e4nde mit Unterkunft f\u00fcr Paare, Familien und Freundesgruppen. Um Ihren Seelenfrieden zu erhalten, bieten wir eine ultimative Zusammenstellung handverlesener und inspizierter Ferienh\u00e4user mit einer [&hellip;]\" \/>\n<meta property=\"og:url\" content=\"https:\/\/www.urlaubcornwall.de\/blog\/urlaub-in-england-2022\/\" \/>\n<meta property=\"og:site_name\" content=\"Urlaub &amp; Reisen\" \/>\n<meta property=\"article:modified_time\" content=\"2024-05-31T07:48:33+00:00\" \/>\n<meta property=\"og:image\" content=\"https:\/\/www.urlaubcornwall.de\/blog\/wp-content\/uploads\/2024\/05\/portscatho_new.jpg\" \/>\n<meta name=\"twitter:card\" content=\"summary\" \/>\n<meta name=\"twitter:label1\" content=\"Est. reading time\" \/>\n\t<meta name=\"twitter:data1\" content=\"1 minute\" \/>\n<script type=\"application\/ld+json\" class=\"yoast-schema-graph\">{\"@context\":\"https:\/\/schema.org\",\"@graph\":[{\"@type\":\"WebSite\",\"@id\":\"https:\/\/www.urlaubcornwall.de\/blog\/#website\",\"url\":\"https:\/\/www.urlaubcornwall.de\/blog\/\",\"name\":\"Urlaub &amp; Reisen\",\"description\":\"Urlaub, Reisen, Cornwall und S\u00fcdengland: eine perfekte Kombination\",\"potentialAction\":[{\"@type\":\"SearchAction\",\"target\":{\"@type\":\"EntryPoint\",\"urlTemplate\":\"https:\/\/www.urlaubcornwall.de\/blog\/?s={search_term_string}\"},\"query-input\":\"required name=search_term_string\"}],\"inLanguage\":\"en-US\"},{\"@type\":\"WebPage\",\"@id\":\"https:\/\/www.urlaubcornwall.de\/blog\/urlaub-in-england-2022\/\",\"url\":\"https:\/\/www.urlaubcornwall.de\/blog\/urlaub-in-england-2022\/\",\"name\":\"Urlaub in England 2024 - Urlaub &amp; Reisen\",\"isPartOf\":{\"@id\":\"https:\/\/www.urlaubcornwall.de\/blog\/#website\"},\"datePublished\":\"2021-04-21T08:54:57+00:00\",\"dateModified\":\"2024-05-31T07:48:33+00:00\",\"breadcrumb\":{\"@id\":\"https:\/\/www.urlaubcornwall.de\/blog\/urlaub-in-england-2022\/#breadcrumb\"},\"inLanguage\":\"en-US\",\"potentialAction\":[{\"@type\":\"ReadAction\",\"target\":[\"https:\/\/www.urlaubcornwall.de\/blog\/urlaub-in-england-2022\/\"]}]},{\"@type\":\"BreadcrumbList\",\"@id\":\"https:\/\/www.urlaubcornwall.de\/blog\/urlaub-in-england-2022\/#breadcrumb\",\"itemListElement\":[{\"@type\":\"ListItem\",\"position\":1,\"name\":\"Home\",\"item\":\"https:\/\/www.urlaubcornwall.de\/blog\/\"},{\"@type\":\"ListItem\",\"position\":2,\"name\":\"Urlaub in England 2024\"}]}]}<\/script>\n<!-- \/ Yoast SEO plugin. -->","yoast_head_json":{"title":"Urlaub in England 2024 - Urlaub &amp; Reisen","robots":{"index":"index","follow":"follow","max-snippet":"max-snippet:-1","max-image-preview":"max-image-preview:large","max-video-preview":"max-video-preview:-1"},"canonical":"https:\/\/www.urlaubcornwall.de\/blog\/urlaub-in-england-2022\/","og_locale":"en_US","og_type":"article","og_title":"Urlaub in England 2024 - Urlaub &amp; Reisen","og_description":"Sie werden \u00fcber Ihre eigenen Selbstversorgereinrichtungen verf\u00fcgen mit einem Garten und Au\u00dfenbereich, um zu entspannen und sich sicher zu f\u00fchlen. Viele haben Meeresblick und befinden sich in der N\u00e4he der besten Str\u00e4nde mit Unterkunft f\u00fcr Paare, Familien und Freundesgruppen. Um Ihren Seelenfrieden zu erhalten, bieten wir eine ultimative Zusammenstellung handverlesener und inspizierter Ferienh\u00e4user mit einer [&hellip;]","og_url":"https:\/\/www.urlaubcornwall.de\/blog\/urlaub-in-england-2022\/","og_site_name":"Urlaub &amp; Reisen","article_modified_time":"2024-05-31T07:48:33+00:00","og_image":[{"url":"https:\/\/www.urlaubcornwall.de\/blog\/wp-content\/uploads\/2024\/05\/portscatho_new.jpg"}],"twitter_card":"summary","twitter_misc":{"Est. reading time":"1 minute"},"schema":{"@context":"https:\/\/schema.org","@graph":[{"@type":"WebSite","@id":"https:\/\/www.urlaubcornwall.de\/blog\/#website","url":"https:\/\/www.urlaubcornwall.de\/blog\/","name":"Urlaub &amp; Reisen","description":"Urlaub, Reisen, Cornwall und S\u00fcdengland: eine perfekte Kombination","potentialAction":[{"@type":"SearchAction","target":{"@type":"EntryPoint","urlTemplate":"https:\/\/www.urlaubcornwall.de\/blog\/?s={search_term_string}"},"query-input":"required name=search_term_string"}],"inLanguage":"en-US"},{"@type":"WebPage","@id":"https:\/\/www.urlaubcornwall.de\/blog\/urlaub-in-england-2022\/","url":"https:\/\/www.urlaubcornwall.de\/blog\/urlaub-in-england-2022\/","name":"Urlaub in England 2024 - Urlaub &amp; Reisen","isPartOf":{"@id":"https:\/\/www.urlaubcornwall.de\/blog\/#website"},"datePublished":"2021-04-21T08:54:57+00:00","dateModified":"2024-05-31T07:48:33+00:00","breadcrumb":{"@id":"https:\/\/www.urlaubcornwall.de\/blog\/urlaub-in-england-2022\/#breadcrumb"},"inLanguage":"en-US","potentialAction":[{"@type":"ReadAction","target":["https:\/\/www.urlaubcornwall.de\/blog\/urlaub-in-england-2022\/"]}]},{"@type":"BreadcrumbList","@id":"https:\/\/www.urlaubcornwall.de\/blog\/urlaub-in-england-2022\/#breadcrumb","itemListElement":[{"@type":"ListItem","position":1,"name":"Home","item":"https:\/\/www.urlaubcornwall.de\/blog\/"},{"@type":"ListItem","position":2,"name":"Urlaub in England 2024"}]}]}},"_links":{"self":[{"href":"https:\/\/www.urlaubcornwall.de\/blog\/wp-json\/wp\/v2\/pages\/41577"}],"collection":[{"href":"https:\/\/www.urlaubcornwall.de\/blog\/wp-json\/wp\/v2\/pages"}],"about":[{"href":"https:\/\/www.urlaubcornwall.de\/blog\/wp-json\/wp\/v2\/types\/page"}],"author":[{"embeddable":true,"href":"https:\/\/www.urlaubcornwall.de\/blog\/wp-json\/wp\/v2\/users\/1"}],"replies":[{"embeddable":true,"href":"https:\/\/www.urlaubcornwall.de\/blog\/wp-json\/wp\/v2\/comments?post=41577"}],"version-history":[{"count":16,"href":"https:\/\/www.urlaubcornwall.de\/blog\/wp-json\/wp\/v2\/pages\/41577\/revisions"}],"predecessor-version":[{"id":51206,"href":"https:\/\/www.urlaubcornwall.de\/blog\/wp-json\/wp\/v2\/pages\/41577\/revisions\/51206"}],"wp:attachment":[{"href":"https:\/\/www.urlaubcornwall.de\/blog\/wp-json\/wp\/v2\/media?parent=41577"}],"curies":[{"name":"wp","href":"https:\/\/api.w.org\/{rel}","templated":true}]}}