{"id":41565,"date":"2021-04-16T09:24:38","date_gmt":"2021-04-16T09:24:38","guid":{"rendered":"https:\/\/www.urlaubcornwall.de\/blog\/?page_id=41565"},"modified":"2024-04-03T09:45:46","modified_gmt":"2024-04-03T09:45:46","slug":"urlaub-seaton-in-devon","status":"publish","type":"page","link":"https:\/\/www.urlaubcornwall.de\/blog\/urlaub-seaton-in-devon\/","title":{"rendered":"Urlaub Seaton in Devon"},"content":{"rendered":"<p><img loading=\"lazy\" class=\"aligncenter size-full wp-image-48167\" src=\"https:\/\/www.urlaubcornwall.de\/blog\/wp-content\/uploads\/2024\/03\/seaton-urlaub-devon.jpg\" alt=\"seaton-urlaub-devon\" width=\"750\" height=\"500\" srcset=\"https:\/\/www.urlaubcornwall.de\/blog\/wp-content\/uploads\/2024\/03\/seaton-urlaub-devon.jpg 750w, https:\/\/www.urlaubcornwall.de\/blog\/wp-content\/uploads\/2024\/03\/seaton-urlaub-devon-300x200.jpg 300w\" sizes=\"(max-width: 750px) 100vw, 750px\" \/><\/p>\n<p>Seaton Beach an der Jurak\u00fcste ist ein 1,6km langer Strand gesch\u00fctzter Kiesel. Mit Blick \u00fcber die Lyme Bay ist dieser sanft sich neigende Strand ein ideales Fleckchen zum Schwimmen oder f\u00fcr weitere Wassersportarten. Der <a href=\"https:\/\/www.urlaubcornwall.de\/wanderurlaub\/devon.php\">S\u00fcdwestk\u00fcstenpfad<\/a> verl\u00e4uft entlang dieses herrlichen Strandes, und Sie k\u00f6nnen zum nahe gelegenen malerischen Dorf Beer spazieren. <\/p>\n<p style=\"text-align: center;\"><a class=\"tidycta\" href=\"https:\/\/www.urlaubcornwall.de\/ferienhaeuser-fewos\/eng\/mitteldevon-und-ostdevon\/seaton.html\">Suche Ferienh\u00e4user Seaton<\/a><\/p>\n<div class=\"snippet\"> <a class=\"featured-item\" href=\" https:\/\/www.urlaubcornwall.de\/ferienhaeuser\/devon.php\"> <span class=\"image-holder\" style=\"background-image: url('https:\/\/www.urlaubcornwall.de\/blog\/wp-content\/uploads\/2018\/11\/landhaus-cornwall.jpg');\"><\/span> <span class=\"featured-content\"> \n<h2 class=\"featured-title\">Ferienh\u00e4user in Devon<\/h2>\n<p class=\"featured-body\">Devon besitzt mehr K\u00fcstenlinien als jede andere Grafschaft und bietet einige der besten Str\u00e4nde, K\u00fcstenwanderwege und Klippenlandschaften, die man \u00fcberhaupt finden kann&#8230;.<\/p>\n<\/span> <span class=\"featured-link-holder\"> <span class=\"featured-extra-info\"> \n<p> F\u00fcr Paare, Familien &#038; Gruppen<\/p>\n<\/span> \n<p class=\"featured-link\">DETAILS<\/p>\n<\/span> <\/a><\/div>\n<p><a href=\"https:\/\/www.urlaubcornwall.de\/blog\/die-schoensten-straende-in-devon\/\">Die sch\u00f6nsten Str\u00e4nde in Devon<\/a><\/p>\n","protected":false},"excerpt":{"rendered":"<p>Seaton Beach an der Jurak\u00fcste ist ein 1,6km langer Strand gesch\u00fctzter Kiesel. Mit Blick \u00fcber die Lyme Bay ist dieser sanft sich neigende Strand ein ideales Fleckchen zum Schwimmen oder f\u00fcr weitere Wassersportarten. Der S\u00fcdwestk\u00fcstenpfad verl\u00e4uft entlang dieses herrlichen Strandes, und Sie k\u00f6nnen zum nahe gelegenen malerischen Dorf Beer spazieren. Suche Ferienh\u00e4user Seaton Ferienh\u00e4user in [&hellip;]<\/p>\n","protected":false},"author":1,"featured_media":0,"parent":0,"menu_order":0,"comment_status":"closed","ping_status":"closed","template":"single-four.php","meta":[],"acf":[],"yoast_head":"<!-- This site is optimized with the Yoast SEO plugin v19.4 - https:\/\/yoast.com\/wordpress\/plugins\/seo\/ -->\n<title>Urlaub Seaton in Devon - Urlaub &amp; Reisen<\/title>\n<meta name=\"robots\" content=\"index, follow, max-snippet:-1, max-image-preview:large, max-video-preview:-1\" \/>\n<link rel=\"canonical\" href=\"https:\/\/www.urlaubcornwall.de\/blog\/urlaub-seaton-in-devon\/\" \/>\n<meta property=\"og:locale\" content=\"en_US\" \/>\n<meta property=\"og:type\" content=\"article\" \/>\n<meta property=\"og:title\" content=\"Urlaub Seaton in Devon - Urlaub &amp; Reisen\" \/>\n<meta property=\"og:description\" content=\"Seaton Beach an der Jurak\u00fcste ist ein 1,6km langer Strand gesch\u00fctzter Kiesel. Mit Blick \u00fcber die Lyme Bay ist dieser sanft sich neigende Strand ein ideales Fleckchen zum Schwimmen oder f\u00fcr weitere Wassersportarten. Der S\u00fcdwestk\u00fcstenpfad verl\u00e4uft entlang dieses herrlichen Strandes, und Sie k\u00f6nnen zum nahe gelegenen malerischen Dorf Beer spazieren. Suche Ferienh\u00e4user Seaton Ferienh\u00e4user in [&hellip;]\" \/>\n<meta property=\"og:url\" content=\"https:\/\/www.urlaubcornwall.de\/blog\/urlaub-seaton-in-devon\/\" \/>\n<meta property=\"og:site_name\" content=\"Urlaub &amp; Reisen\" \/>\n<meta property=\"article:modified_time\" content=\"2024-04-03T09:45:46+00:00\" \/>\n<meta property=\"og:image\" content=\"https:\/\/www.urlaubcornwall.de\/blog\/wp-content\/uploads\/2024\/03\/seaton-urlaub-devon.jpg\" \/>\n<meta name=\"twitter:card\" content=\"summary\" \/>\n<meta name=\"twitter:label1\" content=\"Est. reading time\" \/>\n\t<meta name=\"twitter:data1\" content=\"1 minute\" \/>\n<script type=\"application\/ld+json\" class=\"yoast-schema-graph\">{\"@context\":\"https:\/\/schema.org\",\"@graph\":[{\"@type\":\"WebSite\",\"@id\":\"https:\/\/www.urlaubcornwall.de\/blog\/#website\",\"url\":\"https:\/\/www.urlaubcornwall.de\/blog\/\",\"name\":\"Urlaub &amp; Reisen\",\"description\":\"Urlaub, Reisen, Cornwall und S\u00fcdengland: eine perfekte Kombination\",\"potentialAction\":[{\"@type\":\"SearchAction\",\"target\":{\"@type\":\"EntryPoint\",\"urlTemplate\":\"https:\/\/www.urlaubcornwall.de\/blog\/?s={search_term_string}\"},\"query-input\":\"required name=search_term_string\"}],\"inLanguage\":\"en-US\"},{\"@type\":\"WebPage\",\"@id\":\"https:\/\/www.urlaubcornwall.de\/blog\/urlaub-seaton-in-devon\/\",\"url\":\"https:\/\/www.urlaubcornwall.de\/blog\/urlaub-seaton-in-devon\/\",\"name\":\"Urlaub Seaton in Devon - Urlaub &amp; Reisen\",\"isPartOf\":{\"@id\":\"https:\/\/www.urlaubcornwall.de\/blog\/#website\"},\"datePublished\":\"2021-04-16T09:24:38+00:00\",\"dateModified\":\"2024-04-03T09:45:46+00:00\",\"breadcrumb\":{\"@id\":\"https:\/\/www.urlaubcornwall.de\/blog\/urlaub-seaton-in-devon\/#breadcrumb\"},\"inLanguage\":\"en-US\",\"potentialAction\":[{\"@type\":\"ReadAction\",\"target\":[\"https:\/\/www.urlaubcornwall.de\/blog\/urlaub-seaton-in-devon\/\"]}]},{\"@type\":\"BreadcrumbList\",\"@id\":\"https:\/\/www.urlaubcornwall.de\/blog\/urlaub-seaton-in-devon\/#breadcrumb\",\"itemListElement\":[{\"@type\":\"ListItem\",\"position\":1,\"name\":\"Home\",\"item\":\"https:\/\/www.urlaubcornwall.de\/blog\/\"},{\"@type\":\"ListItem\",\"position\":2,\"name\":\"Urlaub Seaton in Devon\"}]}]}<\/script>\n<!-- \/ Yoast SEO plugin. -->","yoast_head_json":{"title":"Urlaub Seaton in Devon - Urlaub &amp; Reisen","robots":{"index":"index","follow":"follow","max-snippet":"max-snippet:-1","max-image-preview":"max-image-preview:large","max-video-preview":"max-video-preview:-1"},"canonical":"https:\/\/www.urlaubcornwall.de\/blog\/urlaub-seaton-in-devon\/","og_locale":"en_US","og_type":"article","og_title":"Urlaub Seaton in Devon - Urlaub &amp; Reisen","og_description":"Seaton Beach an der Jurak\u00fcste ist ein 1,6km langer Strand gesch\u00fctzter Kiesel. Mit Blick \u00fcber die Lyme Bay ist dieser sanft sich neigende Strand ein ideales Fleckchen zum Schwimmen oder f\u00fcr weitere Wassersportarten. Der S\u00fcdwestk\u00fcstenpfad verl\u00e4uft entlang dieses herrlichen Strandes, und Sie k\u00f6nnen zum nahe gelegenen malerischen Dorf Beer spazieren. Suche Ferienh\u00e4user Seaton Ferienh\u00e4user in [&hellip;]","og_url":"https:\/\/www.urlaubcornwall.de\/blog\/urlaub-seaton-in-devon\/","og_site_name":"Urlaub &amp; Reisen","article_modified_time":"2024-04-03T09:45:46+00:00","og_image":[{"url":"https:\/\/www.urlaubcornwall.de\/blog\/wp-content\/uploads\/2024\/03\/seaton-urlaub-devon.jpg"}],"twitter_card":"summary","twitter_misc":{"Est. reading time":"1 minute"},"schema":{"@context":"https:\/\/schema.org","@graph":[{"@type":"WebSite","@id":"https:\/\/www.urlaubcornwall.de\/blog\/#website","url":"https:\/\/www.urlaubcornwall.de\/blog\/","name":"Urlaub &amp; Reisen","description":"Urlaub, Reisen, Cornwall und S\u00fcdengland: eine perfekte Kombination","potentialAction":[{"@type":"SearchAction","target":{"@type":"EntryPoint","urlTemplate":"https:\/\/www.urlaubcornwall.de\/blog\/?s={search_term_string}"},"query-input":"required name=search_term_string"}],"inLanguage":"en-US"},{"@type":"WebPage","@id":"https:\/\/www.urlaubcornwall.de\/blog\/urlaub-seaton-in-devon\/","url":"https:\/\/www.urlaubcornwall.de\/blog\/urlaub-seaton-in-devon\/","name":"Urlaub Seaton in Devon - Urlaub &amp; Reisen","isPartOf":{"@id":"https:\/\/www.urlaubcornwall.de\/blog\/#website"},"datePublished":"2021-04-16T09:24:38+00:00","dateModified":"2024-04-03T09:45:46+00:00","breadcrumb":{"@id":"https:\/\/www.urlaubcornwall.de\/blog\/urlaub-seaton-in-devon\/#breadcrumb"},"inLanguage":"en-US","potentialAction":[{"@type":"ReadAction","target":["https:\/\/www.urlaubcornwall.de\/blog\/urlaub-seaton-in-devon\/"]}]},{"@type":"BreadcrumbList","@id":"https:\/\/www.urlaubcornwall.de\/blog\/urlaub-seaton-in-devon\/#breadcrumb","itemListElement":[{"@type":"ListItem","position":1,"name":"Home","item":"https:\/\/www.urlaubcornwall.de\/blog\/"},{"@type":"ListItem","position":2,"name":"Urlaub Seaton in Devon"}]}]}},"_links":{"self":[{"href":"https:\/\/www.urlaubcornwall.de\/blog\/wp-json\/wp\/v2\/pages\/41565"}],"collection":[{"href":"https:\/\/www.urlaubcornwall.de\/blog\/wp-json\/wp\/v2\/pages"}],"about":[{"href":"https:\/\/www.urlaubcornwall.de\/blog\/wp-json\/wp\/v2\/types\/page"}],"author":[{"embeddable":true,"href":"https:\/\/www.urlaubcornwall.de\/blog\/wp-json\/wp\/v2\/users\/1"}],"replies":[{"embeddable":true,"href":"https:\/\/www.urlaubcornwall.de\/blog\/wp-json\/wp\/v2\/comments?post=41565"}],"version-history":[{"count":2,"href":"https:\/\/www.urlaubcornwall.de\/blog\/wp-json\/wp\/v2\/pages\/41565\/revisions"}],"predecessor-version":[{"id":48721,"href":"https:\/\/www.urlaubcornwall.de\/blog\/wp-json\/wp\/v2\/pages\/41565\/revisions\/48721"}],"wp:attachment":[{"href":"https:\/\/www.urlaubcornwall.de\/blog\/wp-json\/wp\/v2\/media?parent=41565"}],"curies":[{"name":"wp","href":"https:\/\/api.w.org\/{rel}","templated":true}]}}