{"id":41556,"date":"2021-04-16T08:46:44","date_gmt":"2021-04-16T08:46:44","guid":{"rendered":"https:\/\/www.urlaubcornwall.de\/blog\/?page_id=41556"},"modified":"2024-04-03T09:44:59","modified_gmt":"2024-04-03T09:44:59","slug":"urlaub-thurlestone-in-devon","status":"publish","type":"page","link":"https:\/\/www.urlaubcornwall.de\/blog\/urlaub-thurlestone-in-devon\/","title":{"rendered":"Urlaub Thurlestone in Devon"},"content":{"rendered":"<p><img loading=\"lazy\" class=\"aligncenter size-full wp-image-48048\" src=\"https:\/\/www.urlaubcornwall.de\/blog\/wp-content\/uploads\/2024\/03\/thurlestone-e1712137482667.jpg\" alt=\"thurlestone\" width=\"750\" height=\"563\"\/><\/p>\n<p>Thurlestone Beach in <a href=\"https:\/\/www.urlaubcornwall.de\/reiseziel\/devon.php\">Devon<\/a> besteht aus 2 Str\u00e4nden, wobei der kleinere, Leasefoot, neben dem Thurlestone Golfklub liegt, w\u00e4hrend der gr\u00f6\u00dfere Strand, <a href=\"https:\/\/www.urlaubcornwall.de\/ferienhaeuser-fewos\/eng\/sued-devon\/thurlestone.html\">Thurlestone<\/a> Sands, n\u00e4her bei South Milton liegt. Beide Str\u00e4nde sind perfekt windgesch\u00fctzte Sandstr\u00e4nde mit niederem Gew\u00e4sser zum Paddeln und beliebt f\u00fcr Wassersportarten. Zum Thurlestone Sands gelangen Sie, wenn Sie einen einspurigen Pfad entlanggehen, der nicht geeignet ist f\u00fcr Menschen mit eingeschr\u00e4nkter Beweglichkeit.<\/p>\n<p style=\"text-align: center;\"><a class=\"tidycta\" href=\"https:\/\/www.urlaubcornwall.de\/ferienhaeuser-fewos\/eng\/sued-devon\/thurlestone.html\">Suche Ferienh\u00e4user Thurlestone<\/a><\/p>\n<div class=\"snippet\"> <a class=\"featured-item\" href=\" https:\/\/www.urlaubcornwall.de\/ferienhaeuser\/devon.php\"> <span class=\"image-holder\" style=\"background-image: url('https:\/\/www.urlaubcornwall.de\/blog\/wp-content\/uploads\/2018\/11\/landhaus-cornwall.jpg');\"><\/span> <span class=\"featured-content\"> \n<h2 class=\"featured-title\">Ferienh\u00e4user in Devon<\/h2>\n<p class=\"featured-body\">Devon besitzt mehr K\u00fcstenlinien als jede andere Grafschaft und bietet einige der besten Str\u00e4nde, K\u00fcstenwanderwege und Klippenlandschaften, die man \u00fcberhaupt finden kann&#8230;.<\/p>\n<\/span> <span class=\"featured-link-holder\"> <span class=\"featured-extra-info\"> \n<p> F\u00fcr Paare, Familien &#038; Gruppen<\/p>\n<\/span> \n<p class=\"featured-link\">DETAILS<\/p>\n<\/span> <\/a><\/div>\n<p><a href=\"https:\/\/www.urlaubcornwall.de\/blog\/die-schoensten-straende-in-devon\/\">Die sch\u00f6nsten Str\u00e4nde in Devon<\/a><\/p>\n","protected":false},"excerpt":{"rendered":"<p>Thurlestone Beach in Devon besteht aus 2 Str\u00e4nden, wobei der kleinere, Leasefoot, neben dem Thurlestone Golfklub liegt, w\u00e4hrend der gr\u00f6\u00dfere Strand, Thurlestone Sands, n\u00e4her bei South Milton liegt. Beide Str\u00e4nde sind perfekt windgesch\u00fctzte Sandstr\u00e4nde mit niederem Gew\u00e4sser zum Paddeln und beliebt f\u00fcr Wassersportarten. Zum Thurlestone Sands gelangen Sie, wenn Sie einen einspurigen Pfad entlanggehen, der [&hellip;]<\/p>\n","protected":false},"author":1,"featured_media":0,"parent":0,"menu_order":0,"comment_status":"closed","ping_status":"closed","template":"single-four.php","meta":[],"acf":[],"yoast_head":"<!-- This site is optimized with the Yoast SEO plugin v19.4 - https:\/\/yoast.com\/wordpress\/plugins\/seo\/ -->\n<title>Urlaub Thurlestone in Devon - Urlaub &amp; Reisen<\/title>\n<meta name=\"robots\" content=\"index, follow, max-snippet:-1, max-image-preview:large, max-video-preview:-1\" \/>\n<link rel=\"canonical\" href=\"https:\/\/www.urlaubcornwall.de\/blog\/urlaub-thurlestone-in-devon\/\" \/>\n<meta property=\"og:locale\" content=\"en_US\" \/>\n<meta property=\"og:type\" content=\"article\" \/>\n<meta property=\"og:title\" content=\"Urlaub Thurlestone in Devon - Urlaub &amp; Reisen\" \/>\n<meta property=\"og:description\" content=\"Thurlestone Beach in Devon besteht aus 2 Str\u00e4nden, wobei der kleinere, Leasefoot, neben dem Thurlestone Golfklub liegt, w\u00e4hrend der gr\u00f6\u00dfere Strand, Thurlestone Sands, n\u00e4her bei South Milton liegt. Beide Str\u00e4nde sind perfekt windgesch\u00fctzte Sandstr\u00e4nde mit niederem Gew\u00e4sser zum Paddeln und beliebt f\u00fcr Wassersportarten. Zum Thurlestone Sands gelangen Sie, wenn Sie einen einspurigen Pfad entlanggehen, der [&hellip;]\" \/>\n<meta property=\"og:url\" content=\"https:\/\/www.urlaubcornwall.de\/blog\/urlaub-thurlestone-in-devon\/\" \/>\n<meta property=\"og:site_name\" content=\"Urlaub &amp; Reisen\" \/>\n<meta property=\"article:modified_time\" content=\"2024-04-03T09:44:59+00:00\" \/>\n<meta property=\"og:image\" content=\"https:\/\/www.urlaubcornwall.de\/blog\/wp-content\/uploads\/2024\/03\/thurlestone-e1712137482667.jpg\" \/>\n<meta name=\"twitter:card\" content=\"summary\" \/>\n<meta name=\"twitter:label1\" content=\"Est. reading time\" \/>\n\t<meta name=\"twitter:data1\" content=\"1 minute\" \/>\n<script type=\"application\/ld+json\" class=\"yoast-schema-graph\">{\"@context\":\"https:\/\/schema.org\",\"@graph\":[{\"@type\":\"WebSite\",\"@id\":\"https:\/\/www.urlaubcornwall.de\/blog\/#website\",\"url\":\"https:\/\/www.urlaubcornwall.de\/blog\/\",\"name\":\"Urlaub &amp; Reisen\",\"description\":\"Urlaub, Reisen, Cornwall und S\u00fcdengland: eine perfekte Kombination\",\"potentialAction\":[{\"@type\":\"SearchAction\",\"target\":{\"@type\":\"EntryPoint\",\"urlTemplate\":\"https:\/\/www.urlaubcornwall.de\/blog\/?s={search_term_string}\"},\"query-input\":\"required name=search_term_string\"}],\"inLanguage\":\"en-US\"},{\"@type\":\"WebPage\",\"@id\":\"https:\/\/www.urlaubcornwall.de\/blog\/urlaub-thurlestone-in-devon\/\",\"url\":\"https:\/\/www.urlaubcornwall.de\/blog\/urlaub-thurlestone-in-devon\/\",\"name\":\"Urlaub Thurlestone in Devon - Urlaub &amp; Reisen\",\"isPartOf\":{\"@id\":\"https:\/\/www.urlaubcornwall.de\/blog\/#website\"},\"datePublished\":\"2021-04-16T08:46:44+00:00\",\"dateModified\":\"2024-04-03T09:44:59+00:00\",\"breadcrumb\":{\"@id\":\"https:\/\/www.urlaubcornwall.de\/blog\/urlaub-thurlestone-in-devon\/#breadcrumb\"},\"inLanguage\":\"en-US\",\"potentialAction\":[{\"@type\":\"ReadAction\",\"target\":[\"https:\/\/www.urlaubcornwall.de\/blog\/urlaub-thurlestone-in-devon\/\"]}]},{\"@type\":\"BreadcrumbList\",\"@id\":\"https:\/\/www.urlaubcornwall.de\/blog\/urlaub-thurlestone-in-devon\/#breadcrumb\",\"itemListElement\":[{\"@type\":\"ListItem\",\"position\":1,\"name\":\"Home\",\"item\":\"https:\/\/www.urlaubcornwall.de\/blog\/\"},{\"@type\":\"ListItem\",\"position\":2,\"name\":\"Urlaub Thurlestone in Devon\"}]}]}<\/script>\n<!-- \/ Yoast SEO plugin. -->","yoast_head_json":{"title":"Urlaub Thurlestone in Devon - Urlaub &amp; Reisen","robots":{"index":"index","follow":"follow","max-snippet":"max-snippet:-1","max-image-preview":"max-image-preview:large","max-video-preview":"max-video-preview:-1"},"canonical":"https:\/\/www.urlaubcornwall.de\/blog\/urlaub-thurlestone-in-devon\/","og_locale":"en_US","og_type":"article","og_title":"Urlaub Thurlestone in Devon - Urlaub &amp; Reisen","og_description":"Thurlestone Beach in Devon besteht aus 2 Str\u00e4nden, wobei der kleinere, Leasefoot, neben dem Thurlestone Golfklub liegt, w\u00e4hrend der gr\u00f6\u00dfere Strand, Thurlestone Sands, n\u00e4her bei South Milton liegt. Beide Str\u00e4nde sind perfekt windgesch\u00fctzte Sandstr\u00e4nde mit niederem Gew\u00e4sser zum Paddeln und beliebt f\u00fcr Wassersportarten. Zum Thurlestone Sands gelangen Sie, wenn Sie einen einspurigen Pfad entlanggehen, der [&hellip;]","og_url":"https:\/\/www.urlaubcornwall.de\/blog\/urlaub-thurlestone-in-devon\/","og_site_name":"Urlaub &amp; Reisen","article_modified_time":"2024-04-03T09:44:59+00:00","og_image":[{"url":"https:\/\/www.urlaubcornwall.de\/blog\/wp-content\/uploads\/2024\/03\/thurlestone-e1712137482667.jpg"}],"twitter_card":"summary","twitter_misc":{"Est. reading time":"1 minute"},"schema":{"@context":"https:\/\/schema.org","@graph":[{"@type":"WebSite","@id":"https:\/\/www.urlaubcornwall.de\/blog\/#website","url":"https:\/\/www.urlaubcornwall.de\/blog\/","name":"Urlaub &amp; Reisen","description":"Urlaub, Reisen, Cornwall und S\u00fcdengland: eine perfekte Kombination","potentialAction":[{"@type":"SearchAction","target":{"@type":"EntryPoint","urlTemplate":"https:\/\/www.urlaubcornwall.de\/blog\/?s={search_term_string}"},"query-input":"required name=search_term_string"}],"inLanguage":"en-US"},{"@type":"WebPage","@id":"https:\/\/www.urlaubcornwall.de\/blog\/urlaub-thurlestone-in-devon\/","url":"https:\/\/www.urlaubcornwall.de\/blog\/urlaub-thurlestone-in-devon\/","name":"Urlaub Thurlestone in Devon - Urlaub &amp; Reisen","isPartOf":{"@id":"https:\/\/www.urlaubcornwall.de\/blog\/#website"},"datePublished":"2021-04-16T08:46:44+00:00","dateModified":"2024-04-03T09:44:59+00:00","breadcrumb":{"@id":"https:\/\/www.urlaubcornwall.de\/blog\/urlaub-thurlestone-in-devon\/#breadcrumb"},"inLanguage":"en-US","potentialAction":[{"@type":"ReadAction","target":["https:\/\/www.urlaubcornwall.de\/blog\/urlaub-thurlestone-in-devon\/"]}]},{"@type":"BreadcrumbList","@id":"https:\/\/www.urlaubcornwall.de\/blog\/urlaub-thurlestone-in-devon\/#breadcrumb","itemListElement":[{"@type":"ListItem","position":1,"name":"Home","item":"https:\/\/www.urlaubcornwall.de\/blog\/"},{"@type":"ListItem","position":2,"name":"Urlaub Thurlestone in Devon"}]}]}},"_links":{"self":[{"href":"https:\/\/www.urlaubcornwall.de\/blog\/wp-json\/wp\/v2\/pages\/41556"}],"collection":[{"href":"https:\/\/www.urlaubcornwall.de\/blog\/wp-json\/wp\/v2\/pages"}],"about":[{"href":"https:\/\/www.urlaubcornwall.de\/blog\/wp-json\/wp\/v2\/types\/page"}],"author":[{"embeddable":true,"href":"https:\/\/www.urlaubcornwall.de\/blog\/wp-json\/wp\/v2\/users\/1"}],"replies":[{"embeddable":true,"href":"https:\/\/www.urlaubcornwall.de\/blog\/wp-json\/wp\/v2\/comments?post=41556"}],"version-history":[{"count":2,"href":"https:\/\/www.urlaubcornwall.de\/blog\/wp-json\/wp\/v2\/pages\/41556\/revisions"}],"predecessor-version":[{"id":48720,"href":"https:\/\/www.urlaubcornwall.de\/blog\/wp-json\/wp\/v2\/pages\/41556\/revisions\/48720"}],"wp:attachment":[{"href":"https:\/\/www.urlaubcornwall.de\/blog\/wp-json\/wp\/v2\/media?parent=41556"}],"curies":[{"name":"wp","href":"https:\/\/api.w.org\/{rel}","templated":true}]}}