{"id":41522,"date":"2021-04-13T09:26:42","date_gmt":"2021-04-13T09:26:42","guid":{"rendered":"https:\/\/www.urlaubcornwall.de\/blog\/?page_id=41522"},"modified":"2024-11-11T10:34:19","modified_gmt":"2024-11-11T10:34:19","slug":"highlights-of-wales-8-tage-selbstfahrertour-wales","status":"publish","type":"page","link":"https:\/\/www.urlaubcornwall.de\/blog\/highlights-of-wales-8-tage-selbstfahrertour-wales\/","title":{"rendered":"Highlights of Wales \u2013 8 Tage Selbstfahrertour Wales"},"content":{"rendered":"<p><a href=\"https:\/\/www.urlaubcornwall.de\/blog\/wp-content\/uploads\/2024\/03\/Brecon-Beacons-1.jpg\"><img loading=\"lazy\" src=\"https:\/\/www.urlaubcornwall.de\/blog\/wp-content\/uploads\/2024\/03\/Brecon-Beacons-1.jpg\" alt=\"Brecon Beacons\" width=\"750\" height=\"500\" class=\"alignnone size-full wp-image-47957\" srcset=\"https:\/\/www.urlaubcornwall.de\/blog\/wp-content\/uploads\/2024\/03\/Brecon-Beacons-1.jpg 750w, https:\/\/www.urlaubcornwall.de\/blog\/wp-content\/uploads\/2024\/03\/Brecon-Beacons-1-300x200.jpg 300w\" sizes=\"(max-width: 750px) 100vw, 750px\" \/><\/a><\/p>\n<p>Alle H\u00f6hepunkte von Wales haben wir in dieser achtt\u00e4gigen Selbstfahrertour \u201e<a href=\"https:\/\/www.urlaubcornwall.de\/reiseziel\/wales.php\">Highlights of Wales<\/a>\u201c zusammen gefasst. Sie bereisen sowohl den S\u00fcden als auch den Norden und entdecken alle interessanten Sehensw\u00fcrdigkeiten und Outdoor Aktivit\u00e4ten, die das Land zu bieten hat. Als Highlight haben wir auch eine Nacht in einem 5* Schlosshotel auf der Halbinsel Anglesey eingebaut.<\/p>\n<p><strong>Highlights: Brecon Beacons Nationalpark, Snowdonia Nationalpark, Halbinsel Anglesey, Cardigan Bay, \u00dcbernachtung im Schlosshotel<\/strong><\/p>\n<p>8 Tage \/ 7 N\u00e4chte | t\u00e4glich m\u00f6glich | ab\/bis Cardiff oder Bristol<\/p>\n<p style=\"text-align: center;\"><a class=\"tidycta\" href=\"http:\/\/www.urlaubcornwall.de\/anfrage.php?tourcode=Tourcode: WAL-DHW\">Anfrage \/ Buchung<\/a><\/p>\n<p><strong>1. Tag:<\/strong> Cardiff \/ Bristol \u2013 Brecon Beacons Nationalpark (ca. 70-100km)<\/p>\n<p>Individuelle Anreise nach <a href=\"https:\/\/www.urlaubcornwall.de\/ferienhaeuser-fewos\/wal\/suedwales\/cardiff.html\">Cardiff<\/a> bzw. Bristol und Annahme des Mietwagens \u2013 beides bieten wir gerne passend zu dieser Selbstfahrertour \u201eHighlights of Wales\u201c an. Das erste Ziel ist der <a href=\"https:\/\/www.urlaubcornwall.de\/blog\/urlaub-brecon-beacons-mittelwales-sehenswuerdigkeiten-und-unterkunft\/\">Brecon Beacons Nationalpark<\/a>, einer der drei walisischen Nationalparks. Hier findet man neben Sandsteinbergen auch gr\u00fcne T\u00e4ler, Wasserf\u00e4lle und Moore. Es werden zahlreiche Unternehmungsm\u00f6glichkeiten geboten. Wie w\u00e4re zum Beispiel eine F\u00fchrung in der Penderyn Whisky Destillerie inklusive Kostprobe, ein Besuch der Pig Pit Mine in Blaenafon oder eine Kanufahrt auf dem Fluss Wye von Glasbury nach Hay-on-Wye? \u00dcbernachtung im Brecon Beacons Nationalpark<\/p>\n<p><strong>2. Tag:<\/strong> Brecon Beacons Nationalpark \u2013 Snowdonia Nationalpark (ca. 180km)<\/p>\n<p>Sie verlassen den Nationalpark und fahren durch das Landesinnere zum <a href=\"https:\/\/www.urlaubcornwall.de\/ferienhaeuser-fewos\/wal\/nordwales\/snowdonia-national-park.html\">Snowdonia Nationalpark<\/a>. Unterwegs kommen Sie in Llanwrtyd Wells vorbei, wo etwas au\u00dfergew\u00f6hnlichere Sportevents z.B. Schlammschnorcheln und Badewannenpaddeln veranstaltet werden. F\u00fcr Kulturinteressierte lohnt ein Halt am Powis Castle. Schlie\u00dflich erreichen Sie den Snowdonia Nationalpark, den gr\u00f6\u00dften, h\u00f6chsten und \u00e4ltesten walisischen Nationalpark. 2 \u00dcbernachtungen im Snowdonia Nationalpark<\/p>\n<p><strong>3. Tag:<\/strong> Snowdonia Nationalpark<\/p>\n<p>Der dritte Tag steht Ihnen f\u00fcr eigene Erkundungen zur freien Verf\u00fcgung. Egal wo Ihre Interessen liegen, im Snowdonia Nationalpark kommt jeder auf seine Kosten! Im Norden k\u00f6nnen Wanderfreunde den h\u00f6chsten Berg von Wales (Mount Snowden, 1085m) erklimmen oder in der N\u00e4he von <a href=\"https:\/\/www.urlaubcornwall.de\/ferienhaeuser-fewos\/wal\/nordwales\/betws-y-coed.html\">Betws-y-Coed<\/a> \u00fcber Wanderwege durch ein Naturreservat die Conwy Falls und das Fairy-Glen-Tal erreichen. Falls Sie eher etwas gem\u00fctlicher unterwegs sein wollen, bietet sich eine Fahrt mit der Llanberis Lake Railway an. Adrenalinjunkies sind in der ZipWorld gut aufgehoben. Falls Sie eher ein Fan von charmanten K\u00fcstenorten mit guten Restaurants, gem\u00fctlichen Caf\u00e9s, tollen Sandstr\u00e4nden und romantische Buchten sind, dann wird Ihnen <a href=\"https:\/\/www.urlaubcornwall.de\/ferienhaeuser-fewos\/wal\/nordwales\/llandudno.html\">Llandudno<\/a> und <a href=\"https:\/\/www.urlaubcornwall.de\/ferienhaeuser-fewos\/wal\/nordwales\/conwy.html\">Conwy<\/a> gefallen. \u00dcbernachtung wie am Vortag.<\/p>\n<p><strong>4. Tag:<\/strong> Snowdonia Nationalpark \u2013 Halbinsel Anglesey (ca. 60km)<\/p>\n<p>Nach dem Fr\u00fchst\u00fcck brechen Sie auf in Richtung Bangor, eine Universit\u00e4tsstadt mit der sehenswerten Bangor Cathedral. Kurz nach der Menai Bridge erreichen Sie die Plas Cadnat Hidden Gardens. Es gibt viele Sehensw\u00fcrdigkeiten, die man auf dem rund 200 Kilometer langen K\u00fcstenpfad der Halbinsel <a href=\"https:\/\/www.urlaubcornwall.de\/ferienhaeuser-fewos\/wal\/nordwales\/anglesey.html\">Anglesey<\/a> entdecken kann. Heute erwartet Sie \u00fcbrigens ein ganz besonderes Highlight, denn Sie \u00fcbernachten in einem 5* Schlosshotel. \u00dcbernachtung im Chaeteau Rhianfa <\/p>\n<p><strong>5. Tag:<\/strong> Halbinsel Anglesey \u2013 Aberystwyth (ca. 160km)<\/p>\n<p>Auf dem Weg nach <a href=\"https:\/\/www.urlaubcornwall.de\/ferienhaeuser-fewos\/wal\/westwales\/aberystwyth.html\">Aberystwyth<\/a> lohnen sich diverse Abstecher. Ein Halt lohnt zum Beispiel in Caernarfon, mit ihrer sch\u00f6nen Altstadt, imposanten Burg und historischen Stadtmauer. Danach Fahrt zur Halbinsel Ll\u0177n, die mit ihren wundersch\u00f6nen Str\u00e4nden zahlreise Besucher anlockt. In Harlech f\u00fchrt ein drei Kilometer langer Spaziergang zum Harlech Beach und zum Harlech Castle. Kurz vor <a href=\"https:\/\/www.urlaubcornwall.de\/ferienhaeuser-fewos\/wal\/mittelwales\/machynlleth.html\">Machynlleth<\/a> k\u00f6nnen Sie das King Arthur\u2019s Labyrinth und das Centre for Alternative Technology besuchen. Ankunft in Aberystwyth. \u00dcbernachtung im Raum Aberystwyth<\/p>\n<p><img loading=\"lazy\" class=\"aligncenter size-full wp-image-25694\" src=\"https:\/\/www.urlaubcornwall.de\/blog\/wp-content\/uploads\/2016\/12\/Ferienhaus-halbinsel-gower-swansea.jpg\" alt=\"rundreise swansea gower halbinsel\" width=\"746\" height=\"405\"\/><\/p>\n<p><strong>6. Tag:<\/strong> Aberystwyth \u2013 Cardiff (ca. 180km)<\/p>\n<p>An der Cardigan Bay hat man die besten Chancen um Delfine zu sichten. Der beste Ausgangspunkt ist hier das Cardigan Bay Marine Wildlife Centre. Verbringen Sie auch etwas Zeit an einem der zahlreichen Str\u00e4nde, die Badeorte New Quay und Llangrannog z\u00e4hlen zu den beliebtesten. In Cardigan selbst sollten Sie das Cardigan Castle, das St Dogmaels Abbey and Coach House und das Welsh Wildlife Centre besuchen. Anschlie\u00dfend Fahrt \u00fcber Swansea nach Cardiff. 2 \u00dcbernachtungen im Raum Cardiff<\/p>\n<p><strong>7. Tag:<\/strong> Cardiff<\/p>\n<p>Letzer Punkt dieser Selbstfahrertour \u201eHighlights of Wales\u201c ist die walisische Hauptstadt Cardiff, welche mit zahlreichen Einkaufsm\u00f6glichkeiten, Museen und Restaurants aufwarten kann. Nutzen Sie diesen Tag f\u00fcr die Sehensw\u00fcridgkeiten. Statten Sie dem National Museum, dem Cardiff Castle, dem hochmodernen Principality Stadium und dem Wales Millennium Centre einen Besuch ab. In Cardiff werden auch tolle Stadtrundg\u00e4nge und Food Touren angeboten. \u00dcbernachtung wie am Vortag.<\/p>\n<p><strong>8. Tag:<\/strong> Heimreise<\/p>\n<p>Auf Wiedersehen Wales! Lassen Sie die Eindr\u00fccke noch einmal auf sich wirken, bevor es zur\u00fcck zum Ausgangspunkt Ihrer Selbstfahrertour Wales geht. Abgabe des Mietwagens am Flughafen Cardiff bzw. Bristol und Ende der Selbstfahrertour \u201eHighlights of Wales\u201c. Selbstverst\u00e4ndlich k\u00f6nnen wir die Reise gem\u00e4\u00df Ihrer W\u00fcnsche anpassen \u2013 wir beraten Sie gerne!<\/p>\n<p>Bronze -Kategorie: Bed &#038; Breakfasts, Inns, Guesthouses<\/p>\n<p>Silber- Kategorie: Mittelklassehotels<\/p>\n<p>Eingeschlossene Leistungen:<\/p>\n<p>7 \u00dcbernachtungen laut Reiseverlauf in der Bronze bzw. Silber Kategorie<\/p>\n<p>T\u00e4gliches Fr\u00fchst\u00fcck<\/p>\n<p>1 Reisef\u00fchrer \u00fcber Wales<\/p>\n<p>Nicht eingeschlossene Leistungen:<\/p>\n<p>Fl\u00fcge (bieten wir Ihnen gerne passend dazu an)<\/p>\n<p>Mietwagen (bieten wir Ihnen gerne passend an)<\/p>\n<p>Cardiff Food Tasting Tour<\/p>\n<p>Trinkgelder, Benzin, Eintritte<\/p>\n<p>Pers\u00f6nliche Ausgaben aller Art<\/p>\n<p><strong>T\u00e4glich m\u00f6glich!<\/strong><\/p>\n<p><strong>Preise 2025:<\/strong><\/p>\n<p>Bronze (B&#038;Bs): \u20ac 780,- pro Person im Doppelzimmer | \u20ac 980,- pro Person im Einzelzimmer  (soweit verf\u00fcgbar) | \u20ac 205,- Kind (0-14 Jahre) im Zustellbett<\/p>\n<p>Silber (3* Hotels): ab  \u20ac 710,- pro Person im Doppelzimmer | Preis Einzelzimmer und Preis Kind auf Anfrage<\/p>\n<p style=\"text-align: center;\"><a class=\"tidycta\" href=\"http:\/\/www.urlaubcornwall.de\/anfrage.php?tourcode=Tourcode: WAL-DHW\">Anfrage \/ Buchung<\/a><\/p>\n<p><a href=\"https:\/\/www.urlaubcornwall.de\/blog\/rundreisen-england-wales\/\">Rundreisen durch Wales<\/a> \u2013 Erkunden Sie dieses wundersch\u00f6ne Land von Norden nach S\u00fcden. <\/p>\n","protected":false},"excerpt":{"rendered":"<p>Alle H\u00f6hepunkte von Wales haben wir in dieser achtt\u00e4gigen Selbstfahrertour \u201eHighlights of Wales\u201c zusammen gefasst. Sie bereisen sowohl den S\u00fcden als auch den Norden und entdecken alle interessanten Sehensw\u00fcrdigkeiten und Outdoor Aktivit\u00e4ten, die das Land zu bieten hat. Als Highlight haben wir auch eine Nacht in einem 5* Schlosshotel auf der Halbinsel Anglesey eingebaut. Highlights: [&hellip;]<\/p>\n","protected":false},"author":1,"featured_media":0,"parent":0,"menu_order":0,"comment_status":"closed","ping_status":"closed","template":"single-four.php","meta":[],"acf":[],"yoast_head":"<!-- This site is optimized with the Yoast SEO plugin v19.4 - https:\/\/yoast.com\/wordpress\/plugins\/seo\/ -->\n<title>Highlights of Wales \u2013 8 Tage Selbstfahrertour Wales - Urlaub &amp; Reisen<\/title>\n<meta name=\"robots\" content=\"index, follow, max-snippet:-1, max-image-preview:large, max-video-preview:-1\" \/>\n<link rel=\"canonical\" href=\"https:\/\/www.urlaubcornwall.de\/blog\/highlights-of-wales-8-tage-selbstfahrertour-wales\/\" \/>\n<meta property=\"og:locale\" content=\"en_US\" \/>\n<meta property=\"og:type\" content=\"article\" \/>\n<meta property=\"og:title\" content=\"Highlights of Wales \u2013 8 Tage Selbstfahrertour Wales - Urlaub &amp; Reisen\" \/>\n<meta property=\"og:description\" content=\"Alle H\u00f6hepunkte von Wales haben wir in dieser achtt\u00e4gigen Selbstfahrertour \u201eHighlights of Wales\u201c zusammen gefasst. Sie bereisen sowohl den S\u00fcden als auch den Norden und entdecken alle interessanten Sehensw\u00fcrdigkeiten und Outdoor Aktivit\u00e4ten, die das Land zu bieten hat. Als Highlight haben wir auch eine Nacht in einem 5* Schlosshotel auf der Halbinsel Anglesey eingebaut. Highlights: [&hellip;]\" \/>\n<meta property=\"og:url\" content=\"https:\/\/www.urlaubcornwall.de\/blog\/highlights-of-wales-8-tage-selbstfahrertour-wales\/\" \/>\n<meta property=\"og:site_name\" content=\"Urlaub &amp; Reisen\" \/>\n<meta property=\"article:modified_time\" content=\"2024-11-11T10:34:19+00:00\" \/>\n<meta property=\"og:image\" content=\"https:\/\/www.urlaubcornwall.de\/blog\/wp-content\/uploads\/2024\/03\/Brecon-Beacons-1.jpg\" \/>\n<meta name=\"twitter:card\" content=\"summary\" \/>\n<meta name=\"twitter:label1\" content=\"Est. reading time\" \/>\n\t<meta name=\"twitter:data1\" content=\"4 minutes\" \/>\n<script type=\"application\/ld+json\" class=\"yoast-schema-graph\">{\"@context\":\"https:\/\/schema.org\",\"@graph\":[{\"@type\":\"WebSite\",\"@id\":\"https:\/\/www.urlaubcornwall.de\/blog\/#website\",\"url\":\"https:\/\/www.urlaubcornwall.de\/blog\/\",\"name\":\"Urlaub &amp; Reisen\",\"description\":\"Urlaub, Reisen, Cornwall und S\u00fcdengland: eine perfekte Kombination\",\"potentialAction\":[{\"@type\":\"SearchAction\",\"target\":{\"@type\":\"EntryPoint\",\"urlTemplate\":\"https:\/\/www.urlaubcornwall.de\/blog\/?s={search_term_string}\"},\"query-input\":\"required name=search_term_string\"}],\"inLanguage\":\"en-US\"},{\"@type\":\"WebPage\",\"@id\":\"https:\/\/www.urlaubcornwall.de\/blog\/highlights-of-wales-8-tage-selbstfahrertour-wales\/\",\"url\":\"https:\/\/www.urlaubcornwall.de\/blog\/highlights-of-wales-8-tage-selbstfahrertour-wales\/\",\"name\":\"Highlights of Wales \u2013 8 Tage Selbstfahrertour Wales - Urlaub &amp; Reisen\",\"isPartOf\":{\"@id\":\"https:\/\/www.urlaubcornwall.de\/blog\/#website\"},\"datePublished\":\"2021-04-13T09:26:42+00:00\",\"dateModified\":\"2024-11-11T10:34:19+00:00\",\"breadcrumb\":{\"@id\":\"https:\/\/www.urlaubcornwall.de\/blog\/highlights-of-wales-8-tage-selbstfahrertour-wales\/#breadcrumb\"},\"inLanguage\":\"en-US\",\"potentialAction\":[{\"@type\":\"ReadAction\",\"target\":[\"https:\/\/www.urlaubcornwall.de\/blog\/highlights-of-wales-8-tage-selbstfahrertour-wales\/\"]}]},{\"@type\":\"BreadcrumbList\",\"@id\":\"https:\/\/www.urlaubcornwall.de\/blog\/highlights-of-wales-8-tage-selbstfahrertour-wales\/#breadcrumb\",\"itemListElement\":[{\"@type\":\"ListItem\",\"position\":1,\"name\":\"Home\",\"item\":\"https:\/\/www.urlaubcornwall.de\/blog\/\"},{\"@type\":\"ListItem\",\"position\":2,\"name\":\"Highlights of Wales \u2013 8 Tage Selbstfahrertour Wales\"}]}]}<\/script>\n<!-- \/ Yoast SEO plugin. -->","yoast_head_json":{"title":"Highlights of Wales \u2013 8 Tage Selbstfahrertour Wales - Urlaub &amp; Reisen","robots":{"index":"index","follow":"follow","max-snippet":"max-snippet:-1","max-image-preview":"max-image-preview:large","max-video-preview":"max-video-preview:-1"},"canonical":"https:\/\/www.urlaubcornwall.de\/blog\/highlights-of-wales-8-tage-selbstfahrertour-wales\/","og_locale":"en_US","og_type":"article","og_title":"Highlights of Wales \u2013 8 Tage Selbstfahrertour Wales - Urlaub &amp; Reisen","og_description":"Alle H\u00f6hepunkte von Wales haben wir in dieser achtt\u00e4gigen Selbstfahrertour \u201eHighlights of Wales\u201c zusammen gefasst. Sie bereisen sowohl den S\u00fcden als auch den Norden und entdecken alle interessanten Sehensw\u00fcrdigkeiten und Outdoor Aktivit\u00e4ten, die das Land zu bieten hat. Als Highlight haben wir auch eine Nacht in einem 5* Schlosshotel auf der Halbinsel Anglesey eingebaut. Highlights: [&hellip;]","og_url":"https:\/\/www.urlaubcornwall.de\/blog\/highlights-of-wales-8-tage-selbstfahrertour-wales\/","og_site_name":"Urlaub &amp; Reisen","article_modified_time":"2024-11-11T10:34:19+00:00","og_image":[{"url":"https:\/\/www.urlaubcornwall.de\/blog\/wp-content\/uploads\/2024\/03\/Brecon-Beacons-1.jpg"}],"twitter_card":"summary","twitter_misc":{"Est. reading time":"4 minutes"},"schema":{"@context":"https:\/\/schema.org","@graph":[{"@type":"WebSite","@id":"https:\/\/www.urlaubcornwall.de\/blog\/#website","url":"https:\/\/www.urlaubcornwall.de\/blog\/","name":"Urlaub &amp; Reisen","description":"Urlaub, Reisen, Cornwall und S\u00fcdengland: eine perfekte Kombination","potentialAction":[{"@type":"SearchAction","target":{"@type":"EntryPoint","urlTemplate":"https:\/\/www.urlaubcornwall.de\/blog\/?s={search_term_string}"},"query-input":"required name=search_term_string"}],"inLanguage":"en-US"},{"@type":"WebPage","@id":"https:\/\/www.urlaubcornwall.de\/blog\/highlights-of-wales-8-tage-selbstfahrertour-wales\/","url":"https:\/\/www.urlaubcornwall.de\/blog\/highlights-of-wales-8-tage-selbstfahrertour-wales\/","name":"Highlights of Wales \u2013 8 Tage Selbstfahrertour Wales - Urlaub &amp; Reisen","isPartOf":{"@id":"https:\/\/www.urlaubcornwall.de\/blog\/#website"},"datePublished":"2021-04-13T09:26:42+00:00","dateModified":"2024-11-11T10:34:19+00:00","breadcrumb":{"@id":"https:\/\/www.urlaubcornwall.de\/blog\/highlights-of-wales-8-tage-selbstfahrertour-wales\/#breadcrumb"},"inLanguage":"en-US","potentialAction":[{"@type":"ReadAction","target":["https:\/\/www.urlaubcornwall.de\/blog\/highlights-of-wales-8-tage-selbstfahrertour-wales\/"]}]},{"@type":"BreadcrumbList","@id":"https:\/\/www.urlaubcornwall.de\/blog\/highlights-of-wales-8-tage-selbstfahrertour-wales\/#breadcrumb","itemListElement":[{"@type":"ListItem","position":1,"name":"Home","item":"https:\/\/www.urlaubcornwall.de\/blog\/"},{"@type":"ListItem","position":2,"name":"Highlights of Wales \u2013 8 Tage Selbstfahrertour Wales"}]}]}},"_links":{"self":[{"href":"https:\/\/www.urlaubcornwall.de\/blog\/wp-json\/wp\/v2\/pages\/41522"}],"collection":[{"href":"https:\/\/www.urlaubcornwall.de\/blog\/wp-json\/wp\/v2\/pages"}],"about":[{"href":"https:\/\/www.urlaubcornwall.de\/blog\/wp-json\/wp\/v2\/types\/page"}],"author":[{"embeddable":true,"href":"https:\/\/www.urlaubcornwall.de\/blog\/wp-json\/wp\/v2\/users\/1"}],"replies":[{"embeddable":true,"href":"https:\/\/www.urlaubcornwall.de\/blog\/wp-json\/wp\/v2\/comments?post=41522"}],"version-history":[{"count":7,"href":"https:\/\/www.urlaubcornwall.de\/blog\/wp-json\/wp\/v2\/pages\/41522\/revisions"}],"predecessor-version":[{"id":51816,"href":"https:\/\/www.urlaubcornwall.de\/blog\/wp-json\/wp\/v2\/pages\/41522\/revisions\/51816"}],"wp:attachment":[{"href":"https:\/\/www.urlaubcornwall.de\/blog\/wp-json\/wp\/v2\/media?parent=41522"}],"curies":[{"name":"wp","href":"https:\/\/api.w.org\/{rel}","templated":true}]}}