{"id":41515,"date":"2021-04-07T10:10:28","date_gmt":"2021-04-07T10:10:28","guid":{"rendered":"https:\/\/www.urlaubcornwall.de\/blog\/?page_id=41515"},"modified":"2024-05-31T07:50:32","modified_gmt":"2024-05-31T07:50:32","slug":"ferienhaeuser-ferienwohnungen-cottages-in-cumbria","status":"publish","type":"page","link":"https:\/\/www.urlaubcornwall.de\/blog\/ferienhaeuser-ferienwohnungen-cottages-in-cumbria\/","title":{"rendered":"Ferienh\u00e4user, Ferienwohnungen &#038; Cottages in Cumbria"},"content":{"rendered":"<p><a href=\"https:\/\/www.urlaubcornwall.de\/blog\/wp-content\/uploads\/2024\/03\/lake-district.jpg\"><img loading=\"lazy\" src=\"https:\/\/www.urlaubcornwall.de\/blog\/wp-content\/uploads\/2024\/03\/lake-district.jpg\" alt=\"lake district\" width=\"750\" height=\"422\" class=\"alignnone size-full wp-image-47806\" srcset=\"https:\/\/www.urlaubcornwall.de\/blog\/wp-content\/uploads\/2024\/03\/lake-district.jpg 750w, https:\/\/www.urlaubcornwall.de\/blog\/wp-content\/uploads\/2024\/03\/lake-district-300x169.jpg 300w\" sizes=\"(max-width: 750px) 100vw, 750px\" \/><\/a><br \/>\n<strong>Urlaub in Cumbria &#8211; Die Lake District<\/strong> &#8211; Diese wundersch\u00f6ne Ecke im Nordwesten Englands hat sich trotz seiner Beliebtheit einen Hauch Leere und Abgeschiedenheit bewahrt. Enge Stra\u00dfen, hoch aufragende Berge, herabst\u00fcrzende Wasserf\u00e4lle und Seen jeglichen Umfangs und jeglicher Form schaffen eine Landschaft, die Dichter, Schriftsteller und K\u00fcnstler seit mehr als 200 Jahren inspiriert. Der Lake Distrikt und Cambria bieten wahrscheinlich eine gr\u00f6\u00dfere Vielfalt an Dingen, die Sie w\u00e4hrend eines Urlaubs sehen und tun k\u00f6nnen als irgendwo anders im Vereinigten K\u00f6nigreich.<\/p>\n<div class=\"snippet\"> <a class=\"featured-item\" href=\" https:\/\/www.urlaubcornwall.de\/ferienhaeuser-fewos\/eng\/lake-district\/lake-district.html \"> <span class=\"image-holder\" style=\"background-image: url(' https:\/\/www.urlaubcornwall.de\/blog\/wp-content\/uploads\/2019\/01\/urlaub-lake-distrikt.jpg');\"><\/span> <span class=\"featured-content\"> \n<h2 class=\"featured-title\">Ferienh\u00e4user im Lake Distrikt zum Verlieben!<\/h2>\n<p class=\"featured-body\">Enge Stra\u00dfen, hoch aufragende Berge, herabst\u00fcrzende Wasserf\u00e4lle und Seen jeglichen Umfangs und jeglicher Form schaffen eine Landschaft&#8230;..<\/p>\n<\/span> <span class=\"featured-link-holder\"> <span class=\"featured-extra-info\"> \n<p>F\u00fcr Paare, Familien &#038; Gruppen<\/p>\n<\/span> \n<p class=\"featured-link\">DETAILS<\/p>\n<\/span> <\/a><\/div>\n<p>Sehensw\u00fcrdigkeiten im Lake District Nationalpark &#8211; <a href=\"https:\/\/www.urlaubcornwall.de\/blog\/historische-haeuser-gaerten-im-lake-district-nationalpark\/\">Historische H\u00e4user &#038; G\u00e4rten<\/a>. Innerhalb dieser wundersch\u00f6nen Landschaft voller Berge und Seen gibt es zahlreiche historische H\u00e4user, Burgen und G\u00e4rten zu besichtigen. Hier finden Sie unsere Auswahl an sehenswerten Attraktionen w\u00e4hrend Ihres <a href=\"https:\/\/www.urlaubcornwall.de\/reiseziel\/lake-district-nationalpark.php\">Urlaubs im Lake District Nationalpark<\/a>.<\/p>\n<p><a href=\"https:\/\/www.urlaubcornwall.de\/blog\/schoensten-gaerten-in-lake-district\/\">Sch\u00f6nsten G\u00e4rten in Lake District<\/a> &#8211; Der <a href=\"https:\/\/www.urlaubcornwall.de\/reiseziel\/lake-district-nationalpark.php\">Lake Distrikt ist reich an geschichtlichem Erbe und Kultur<\/a>, sowie unber\u00fchrter Landschaft mit atemberaubendem Blick. Es gibt in der Region viele faszinierende Orte, einschlie\u00dflich einen der bemerkenswertesten Formschnittg\u00e4rten des UK.<\/p>\n<p><a href=\"https:\/\/www.urlaubcornwall.de\/blog\/die-10-schoensten-orte-im-lake-district\/\">Die Sch\u00f6nsten Orte im Lake District <\/a> &#8211; Coniston Water &#8211; Im 13. und 14. Jahrhundert war <a href=\"https:\/\/www.urlaubcornwall.de\/ferienhaeuser-fewos\/eng\/lake-district\/coniston-water.html\">Coniston Water<\/a> ein wichtiges Fischvorkommen f\u00fcr die M\u00f6nche der Furness Abtei, denen der See und ein Gro\u00dfteil des ihn umgebenden Landes geh\u00f6rte. \u00dcber dem See thront der Berg \u2018The Old Man of Coniston\u2019; der Blick \u00fcber den See hin zum Berg wurde vom viktorianischen Philosophen John Ruskin&#8230;<\/p>\n","protected":false},"excerpt":{"rendered":"<p>Urlaub in Cumbria &#8211; Die Lake District &#8211; Diese wundersch\u00f6ne Ecke im Nordwesten Englands hat sich trotz seiner Beliebtheit einen Hauch Leere und Abgeschiedenheit bewahrt. Enge Stra\u00dfen, hoch aufragende Berge, herabst\u00fcrzende Wasserf\u00e4lle und Seen jeglichen Umfangs und jeglicher Form schaffen eine Landschaft, die Dichter, Schriftsteller und K\u00fcnstler seit mehr als 200 Jahren inspiriert. Der Lake [&hellip;]<\/p>\n","protected":false},"author":1,"featured_media":0,"parent":0,"menu_order":0,"comment_status":"closed","ping_status":"closed","template":"single-four.php","meta":[],"acf":[],"yoast_head":"<!-- This site is optimized with the Yoast SEO plugin v19.4 - https:\/\/yoast.com\/wordpress\/plugins\/seo\/ -->\n<title>Ferienh\u00e4user, Ferienwohnungen &amp; Cottages in Cumbria - Urlaub &amp; Reisen<\/title>\n<meta name=\"robots\" content=\"index, follow, max-snippet:-1, max-image-preview:large, max-video-preview:-1\" \/>\n<link rel=\"canonical\" href=\"https:\/\/www.urlaubcornwall.de\/blog\/ferienhaeuser-ferienwohnungen-cottages-in-cumbria\/\" \/>\n<meta property=\"og:locale\" content=\"en_US\" \/>\n<meta property=\"og:type\" content=\"article\" \/>\n<meta property=\"og:title\" content=\"Ferienh\u00e4user, Ferienwohnungen &amp; Cottages in Cumbria - Urlaub &amp; Reisen\" \/>\n<meta property=\"og:description\" content=\"Urlaub in Cumbria &#8211; Die Lake District &#8211; Diese wundersch\u00f6ne Ecke im Nordwesten Englands hat sich trotz seiner Beliebtheit einen Hauch Leere und Abgeschiedenheit bewahrt. Enge Stra\u00dfen, hoch aufragende Berge, herabst\u00fcrzende Wasserf\u00e4lle und Seen jeglichen Umfangs und jeglicher Form schaffen eine Landschaft, die Dichter, Schriftsteller und K\u00fcnstler seit mehr als 200 Jahren inspiriert. Der Lake [&hellip;]\" \/>\n<meta property=\"og:url\" content=\"https:\/\/www.urlaubcornwall.de\/blog\/ferienhaeuser-ferienwohnungen-cottages-in-cumbria\/\" \/>\n<meta property=\"og:site_name\" content=\"Urlaub &amp; Reisen\" \/>\n<meta property=\"article:modified_time\" content=\"2024-05-31T07:50:32+00:00\" \/>\n<meta property=\"og:image\" content=\"https:\/\/www.urlaubcornwall.de\/blog\/wp-content\/uploads\/2024\/03\/lake-district.jpg\" \/>\n<meta name=\"twitter:card\" content=\"summary\" \/>\n<meta name=\"twitter:label1\" content=\"Est. reading time\" \/>\n\t<meta name=\"twitter:data1\" content=\"2 minutes\" \/>\n<script type=\"application\/ld+json\" class=\"yoast-schema-graph\">{\"@context\":\"https:\/\/schema.org\",\"@graph\":[{\"@type\":\"WebSite\",\"@id\":\"https:\/\/www.urlaubcornwall.de\/blog\/#website\",\"url\":\"https:\/\/www.urlaubcornwall.de\/blog\/\",\"name\":\"Urlaub &amp; Reisen\",\"description\":\"Urlaub, Reisen, Cornwall und S\u00fcdengland: eine perfekte Kombination\",\"potentialAction\":[{\"@type\":\"SearchAction\",\"target\":{\"@type\":\"EntryPoint\",\"urlTemplate\":\"https:\/\/www.urlaubcornwall.de\/blog\/?s={search_term_string}\"},\"query-input\":\"required name=search_term_string\"}],\"inLanguage\":\"en-US\"},{\"@type\":\"WebPage\",\"@id\":\"https:\/\/www.urlaubcornwall.de\/blog\/ferienhaeuser-ferienwohnungen-cottages-in-cumbria\/\",\"url\":\"https:\/\/www.urlaubcornwall.de\/blog\/ferienhaeuser-ferienwohnungen-cottages-in-cumbria\/\",\"name\":\"Ferienh\u00e4user, Ferienwohnungen & Cottages in Cumbria - Urlaub &amp; Reisen\",\"isPartOf\":{\"@id\":\"https:\/\/www.urlaubcornwall.de\/blog\/#website\"},\"datePublished\":\"2021-04-07T10:10:28+00:00\",\"dateModified\":\"2024-05-31T07:50:32+00:00\",\"breadcrumb\":{\"@id\":\"https:\/\/www.urlaubcornwall.de\/blog\/ferienhaeuser-ferienwohnungen-cottages-in-cumbria\/#breadcrumb\"},\"inLanguage\":\"en-US\",\"potentialAction\":[{\"@type\":\"ReadAction\",\"target\":[\"https:\/\/www.urlaubcornwall.de\/blog\/ferienhaeuser-ferienwohnungen-cottages-in-cumbria\/\"]}]},{\"@type\":\"BreadcrumbList\",\"@id\":\"https:\/\/www.urlaubcornwall.de\/blog\/ferienhaeuser-ferienwohnungen-cottages-in-cumbria\/#breadcrumb\",\"itemListElement\":[{\"@type\":\"ListItem\",\"position\":1,\"name\":\"Home\",\"item\":\"https:\/\/www.urlaubcornwall.de\/blog\/\"},{\"@type\":\"ListItem\",\"position\":2,\"name\":\"Ferienh\u00e4user, Ferienwohnungen &#038; Cottages in Cumbria\"}]}]}<\/script>\n<!-- \/ Yoast SEO plugin. -->","yoast_head_json":{"title":"Ferienh\u00e4user, Ferienwohnungen & Cottages in Cumbria - Urlaub &amp; Reisen","robots":{"index":"index","follow":"follow","max-snippet":"max-snippet:-1","max-image-preview":"max-image-preview:large","max-video-preview":"max-video-preview:-1"},"canonical":"https:\/\/www.urlaubcornwall.de\/blog\/ferienhaeuser-ferienwohnungen-cottages-in-cumbria\/","og_locale":"en_US","og_type":"article","og_title":"Ferienh\u00e4user, Ferienwohnungen & Cottages in Cumbria - Urlaub &amp; Reisen","og_description":"Urlaub in Cumbria &#8211; Die Lake District &#8211; Diese wundersch\u00f6ne Ecke im Nordwesten Englands hat sich trotz seiner Beliebtheit einen Hauch Leere und Abgeschiedenheit bewahrt. Enge Stra\u00dfen, hoch aufragende Berge, herabst\u00fcrzende Wasserf\u00e4lle und Seen jeglichen Umfangs und jeglicher Form schaffen eine Landschaft, die Dichter, Schriftsteller und K\u00fcnstler seit mehr als 200 Jahren inspiriert. Der Lake [&hellip;]","og_url":"https:\/\/www.urlaubcornwall.de\/blog\/ferienhaeuser-ferienwohnungen-cottages-in-cumbria\/","og_site_name":"Urlaub &amp; Reisen","article_modified_time":"2024-05-31T07:50:32+00:00","og_image":[{"url":"https:\/\/www.urlaubcornwall.de\/blog\/wp-content\/uploads\/2024\/03\/lake-district.jpg"}],"twitter_card":"summary","twitter_misc":{"Est. reading time":"2 minutes"},"schema":{"@context":"https:\/\/schema.org","@graph":[{"@type":"WebSite","@id":"https:\/\/www.urlaubcornwall.de\/blog\/#website","url":"https:\/\/www.urlaubcornwall.de\/blog\/","name":"Urlaub &amp; Reisen","description":"Urlaub, Reisen, Cornwall und S\u00fcdengland: eine perfekte Kombination","potentialAction":[{"@type":"SearchAction","target":{"@type":"EntryPoint","urlTemplate":"https:\/\/www.urlaubcornwall.de\/blog\/?s={search_term_string}"},"query-input":"required name=search_term_string"}],"inLanguage":"en-US"},{"@type":"WebPage","@id":"https:\/\/www.urlaubcornwall.de\/blog\/ferienhaeuser-ferienwohnungen-cottages-in-cumbria\/","url":"https:\/\/www.urlaubcornwall.de\/blog\/ferienhaeuser-ferienwohnungen-cottages-in-cumbria\/","name":"Ferienh\u00e4user, Ferienwohnungen & Cottages in Cumbria - Urlaub &amp; Reisen","isPartOf":{"@id":"https:\/\/www.urlaubcornwall.de\/blog\/#website"},"datePublished":"2021-04-07T10:10:28+00:00","dateModified":"2024-05-31T07:50:32+00:00","breadcrumb":{"@id":"https:\/\/www.urlaubcornwall.de\/blog\/ferienhaeuser-ferienwohnungen-cottages-in-cumbria\/#breadcrumb"},"inLanguage":"en-US","potentialAction":[{"@type":"ReadAction","target":["https:\/\/www.urlaubcornwall.de\/blog\/ferienhaeuser-ferienwohnungen-cottages-in-cumbria\/"]}]},{"@type":"BreadcrumbList","@id":"https:\/\/www.urlaubcornwall.de\/blog\/ferienhaeuser-ferienwohnungen-cottages-in-cumbria\/#breadcrumb","itemListElement":[{"@type":"ListItem","position":1,"name":"Home","item":"https:\/\/www.urlaubcornwall.de\/blog\/"},{"@type":"ListItem","position":2,"name":"Ferienh\u00e4user, Ferienwohnungen &#038; Cottages in Cumbria"}]}]}},"_links":{"self":[{"href":"https:\/\/www.urlaubcornwall.de\/blog\/wp-json\/wp\/v2\/pages\/41515"}],"collection":[{"href":"https:\/\/www.urlaubcornwall.de\/blog\/wp-json\/wp\/v2\/pages"}],"about":[{"href":"https:\/\/www.urlaubcornwall.de\/blog\/wp-json\/wp\/v2\/types\/page"}],"author":[{"embeddable":true,"href":"https:\/\/www.urlaubcornwall.de\/blog\/wp-json\/wp\/v2\/users\/1"}],"replies":[{"embeddable":true,"href":"https:\/\/www.urlaubcornwall.de\/blog\/wp-json\/wp\/v2\/comments?post=41515"}],"version-history":[{"count":4,"href":"https:\/\/www.urlaubcornwall.de\/blog\/wp-json\/wp\/v2\/pages\/41515\/revisions"}],"predecessor-version":[{"id":51208,"href":"https:\/\/www.urlaubcornwall.de\/blog\/wp-json\/wp\/v2\/pages\/41515\/revisions\/51208"}],"wp:attachment":[{"href":"https:\/\/www.urlaubcornwall.de\/blog\/wp-json\/wp\/v2\/media?parent=41515"}],"curies":[{"name":"wp","href":"https:\/\/api.w.org\/{rel}","templated":true}]}}