{"id":41467,"date":"2021-03-21T11:02:36","date_gmt":"2021-03-21T11:02:36","guid":{"rendered":"https:\/\/www.urlaubcornwall.de\/blog\/?page_id=41467"},"modified":"2026-01-06T14:02:53","modified_gmt":"2026-01-06T14:02:53","slug":"all-das-was-sie-schon-immer-ueber-das-eden-project-wissen-wollten","status":"publish","type":"page","link":"https:\/\/www.urlaubcornwall.de\/blog\/all-das-was-sie-schon-immer-ueber-das-eden-project-wissen-wollten\/","title":{"rendered":"All das, was Sie schon immer \u00fcber das Eden Project wissen wollten."},"content":{"rendered":"<p><img loading=\"lazy\" class=\"aligncenter size-full wp-image-47904\" src=\"https:\/\/www.urlaubcornwall.de\/blog\/wp-content\/uploads\/2024\/03\/eden-project-biome_2.jpg\" alt=\"\" width=\"750\" height=\"482\" srcset=\"https:\/\/www.urlaubcornwall.de\/blog\/wp-content\/uploads\/2024\/03\/eden-project-biome_2.jpg 750w, https:\/\/www.urlaubcornwall.de\/blog\/wp-content\/uploads\/2024\/03\/eden-project-biome_2-300x193.jpg 300w\" sizes=\"(max-width: 750px) 100vw, 750px\" \/><\/p>\n<p><strong>Was ist das Eden Project?<\/strong><\/p>\n<p>Das Eden Project bei St Austell in <a href=\"https:\/\/www.urlaubcornwall.de\/reiseziel\/cornwall.php\">Cornwall<\/a> ist die beliebteste Besucherattraktion, die Cornwall zu bieten hat. Seit seiner Er\u00f6ffnung am 17. M\u00e4rz 2001, hat es mehr als 20 Millionen Besucher willkommen gehei\u00dfen! Im <a href=\"https:\/\/www.edenproject.com\/\">Eden Project<\/a> k\u00f6nnen Sie eintauchen in tropische und mediterrane Biome, mit faszinierendem Blick in Richtung Diversit\u00e4t, \u00d6kologie und vieles mehr. Jedoch ist es schwer vorstellbar, dass dieses innovative und einzigartige Ausflugsziel lediglich ein Loch im Boden war. Wie hat also alles begonnen?<\/p>\n<p><strong>Wie begann das Eden Project in Cornwall?<\/strong><\/p>\n<p>Im Jahre 1995 war eine ehemalige Tongrube bei St Austell lediglich ein Loch im Boden. Dies war zu der Zeit, als sich die Millenniumsfeierlichkeiten n\u00e4herten, und die Nation war hoffnungsvoll und schaute in die Zukunft. Da kam Tim Smit daher, der zuvor die \u201a<a href=\"https:\/\/www.urlaubcornwall.de\/blog\/die-lost-gardens-of-heligan-ein-muss-unter-den-kornischen-gaerten\/\">Lost Gardens of Heligan<\/a>\u2018 in eine beliebte Attraktion verwandelt hatte. Die Renovationen, die Smit an den \u201aLost Gardens of Heligan\u2018 ersonnen hat, pflanzten den Samen einer Idee. Er wollte ein Ausflugsziel schaffen, das einige der weltweit eindrucksvollsten und wichtigen Pflanzen zur Schau stellte. Aufgrund der Beschaffenheit dieser Pflanzen, jedoch, w\u00fcrde eine au\u00dferordentlich gro\u00dfe Fl\u00e4che erforderlich sein. Die ehemalige Tongrube w\u00e4re also die perfekte St\u00e4tte!<\/p>\n<p><strong>Wann wurde das Eden Project erbaut?<\/strong><\/p>\n<p>Die Konstruktion des Eden Project begann so richtig im Jahre 1998, unter den typisch nassen cornishen Bedingungen. Es kam zu einem Weltrekord, indem, sage und schreibe, w\u00e4hrend der Konstruktion 230 Meilen an Bauger\u00fcst benutzt wurden. Mit fortschreitendem Bau wurde das Eden Project eines der Wahrzeichen der Millennium Projekte des UK, und Besucher erkundeten die Baustelle.<\/p>\n<p><strong>Woraus bestehen die Biome des Eden Projects?<\/strong><\/p>\n<p>Im Eden Project dreht sich zweifelsohne alles um die Biome, und es ist daf\u00fcr in der ganzen Welt ber\u00fchmt. Es gibt innerhalb der Biome zwei wichtige und getrennte Bereiche; die Regenwald-Biome und die mediterranen Biome, die mittels eines weiteren Bioms miteinander verbunden sind. Dieses Netzwerk ikonischer Strukturen besteht aus einer Stahlstruktur mit hexagonalen Plastikpaneelen. Um es technisch auszudr\u00fccken, bestehen die derart wichtigen Paneelen aus Ethylen Tetrafluoroethylenen (ETFE), indem zwei Paneele die Luft zwischen sich einschlie\u00dfen; sehr \u00e4hnlich dem Prinzip der Doppelverglasung in unseren H\u00e4usern. Der Regenwald-Biom ist doppelt so hoch wie der <a href=\"https:\/\/www.urlaubcornwall.de\/blog\/die-besten-london-urlaub-tipps-urlaubcornwall-de\/\">Tower of London<\/a>, was einen Eindruck des Ausma\u00dfes und der Komplexit\u00e4t der Biome vermittelt.<\/p>\n<p><strong>Woher stammen die Pflanzen?<\/strong><\/p>\n<p>Die ersten Pflanzen des Regenwald-Bioms wurden im Jahre 2000 gepflanzt, und es ist ein unglaubliches Unterfangen, diese karge Fl\u00e4che in einen Regenwald zu verwandeln! Die Regenwald-Biome schaffen den gr\u00f6\u00dften eingeschlossenen Regenwald der gesamten Welt. Er hat mehr als 1000 Pflanzenarten, die unter extrem feuchten Bedingungen und einer Temperatur von 18-35 Grad gehalten werden. Die Pflanzen kommen von einer breiten Auswahl an Quellen, einschlie\u00dflich vieler von der Samenaufzuchtstation des Eden Projects und andere aus der ganzen Welt, einschlie\u00dflich Forschungsstationen und botanischer G\u00e4rten.<\/p>\n<p><strong>Was gibt es sonst noch im Eden Project?<\/strong><\/p>\n<p>Das Eden Project hat sich st\u00e4ndiger Innovationen unterzogen und ist nun so viel mehr als die urspr\u00fcngliche Vision. In j\u00fcngsten Jahren gab es neue Hinzuf\u00fcgungen, einschlie\u00dflich des Canopy Walk, wo es Besuchern gestattet wird, auf einer H\u00e4ngebr\u00fccke zwischen Baumgipfeln zu spazieren. Es gab zahlreiche Bildungsinitiativen, einschlie\u00dflich Ausstellungen zu Palm\u00f6l und Nachhaltigkeit, sowie sogar einen eigenen Raum f\u00fcr schulische Workshops. <\/p>\n<p>Vor Kurzem wurde auch das Hangloose Adventure hinzugef\u00fcgt, was Besuchern erm\u00f6glicht, den \u2018SkyWire\u2019 Eden Project, die Seilrutsche, auszuprobieren, eine \u201ariesige Schaukel\u2018 und weitere abenteuerliche Unterfangen.<\/p>\n<p>Das Eden Project bietet jahreszeitlich abgestimmte Veranstaltungen und Attraktionen, einschlie\u00dflich einer beliebten Eislaufbahn im Winter und einer gruseligen Party zu Halloween. Seit 2002 gab es w\u00e4hrend der Sommersaison enorm beliebte Konzerte w\u00e4hrend der Eden Sessions Veranstaltungen, die viele K\u00fcnstler von Weltklasse angezogen haben, einschlie\u00dflich Stereophonics, Paul Weller, Oasis, Lionel Richie, Tom Jones und Kylie Minogue.<\/p>\n<p><strong>Wie beliebt ist das Eden Project?<\/strong><\/p>\n<p>Das Eden Project ist schlichtweg die <a href=\"https:\/\/www.urlaubcornwall.de\/reiseziel\/cornwall\/sehenswuerdigkeiten.php\">beliebteste Attraktion in Cornwall<\/a> und an 18. Stelle der beliebtesten Attraktionen des UK von 2019, indem es mehr als 1 Million Besucher anzog. Es ist auch ein Anker, um Besucher in die Umgebung zu ziehen. Das ist einfach fantastisch, wenn man bedenkt, dass dieses Gebiet eine ehemalige Tongrube war. <\/p>\n<p><strong>Wie sieht es mit der Zukunft des Eden Projects aus?<\/strong><\/p>\n<p>Am Eden Project gibt es weiterhin innovative neue Entwicklungen und neue Initiativen. Die St\u00e4tte hatte schwer mit den Auswirkungen der COVID-19 Pandemie zu k\u00e4mpfen. Aufgrund der innovativen Natur des Eden Project jedoch, kombiniert mit der Beliebtheit einer Attraktion, bedeutet dies, dass es in der Tat weiterhin gedeihen wird. Eines der kreativen Unterfangen ist der Plan einer &#8216;Life Support Academy&#8217;, der Plan, ein \u201aNatural Philosophy Laboratory\u2018 und ein \u201aFuture Living Village\u2018 einzurichten, um uns im Kampf mit der Klimakrise zu helfen und zu verstehen, wie wir alle nachhaltiger leben k\u00f6nnen mittels innovativer Wissenschaften. Sollten Sie das Eden Project bereits schon einmal besucht haben, so ist es aufgrund der progressiven Natur der St\u00e4tte immer eines k\u00fcnftigen Besuches wert.<\/p>\n<p><strong>Was befindet sich au\u00dferdem in der N\u00e4he des Eden Projects?<\/strong><\/p>\n<p>Das Eden Project liegt bei St Austell, was bedeutet, dass es eine Menge weiterer <a href=\"https:\/\/www.urlaubcornwall.de\/blog\/die-schoensten-orte-in-cornwall-unsere-top-10\/\">fantastischer Orte in der N\u00e4he in Cornwall<\/a> zu besuchen gibt. Dieser K\u00fcstenabschnitt wird h\u00e4ufig als <a href=\"https:\/\/www.urlaubcornwall.de\/blog\/die-cornische-riviera-hoehepunkte-und-orte-die-sie-unbedingt-sehen-muessen\/\">die cornishe Rivera<\/a> bezeichnet aufgrund der Vielzahl malerischer St\u00e4dte und D\u00f6rfer der K\u00fcste entlang. Eines dieser Ausflugsziele ganz in der N\u00e4he ist der <a href=\"https:\/\/www.urlaubcornwall.de\/ferienhaeuser-fewos\/charlestown.html\">historische Hafen von Charlestown<\/a>, der denselben Besitzern geh\u00f6rt wie auch das Eden Project. <\/p>\n<p>Entlang der St Austell Bay und um Cornwalls S\u00fcdk\u00fcste herum finden Sie auch eine Vielfalt an <a href=\"https:\/\/www.urlaubcornwall.de\/blog\/schoensten-straende-in-cornwall\/\">Str\u00e4nden<\/a>, <a href=\"https:\/\/www.urlaubcornwall.de\/blog\/fuenf-der-besten-unsere-beliebtesten-haefen-in-cornwall\/\">H\u00e4fen<\/a> und <a href=\"https:\/\/www.urlaubcornwall.de\/blog\/10-der-besten-strandspaziergaenge-in-cornwall\/\">K\u00fcstenwanderwegen<\/a> mit einigen der atemberaubendsten Landschaften, die Sie im UK finden k\u00f6nnen.<\/p>\n<p>Sollten Sie das Eden Project w\u00e4hrend Ihres <a href=\"https:\/\/www.urlaubcornwall.de\/reiseziel\/cornwall.php\">Urlaubs in Cornwall<\/a> besichtigen wollen, dann sind Sie am besten in einer unserer handverlesenen Ferienwohnungen aufgehoben.<a href=\"https:\/\/www.urlaubcornwall.de\/ferienhaeuser-fewos\/cornwall.html\"> Entdecken Sie diese hier.<\/a><\/p>\n","protected":false},"excerpt":{"rendered":"<p>Was ist das Eden Project? Das Eden Project bei St Austell in Cornwall ist die beliebteste Besucherattraktion, die Cornwall zu bieten hat. Seit seiner Er\u00f6ffnung am 17. M\u00e4rz 2001, hat es mehr als 20 Millionen Besucher willkommen gehei\u00dfen! Im Eden Project k\u00f6nnen Sie eintauchen in tropische und mediterrane Biome, mit faszinierendem Blick in Richtung Diversit\u00e4t, [&hellip;]<\/p>\n","protected":false},"author":1,"featured_media":0,"parent":0,"menu_order":0,"comment_status":"closed","ping_status":"closed","template":"single-four.php","meta":[],"acf":[],"yoast_head":"<!-- This site is optimized with the Yoast SEO plugin v19.4 - https:\/\/yoast.com\/wordpress\/plugins\/seo\/ -->\n<title>All das, was Sie schon immer \u00fcber das Eden Project wissen wollten. - Urlaub &amp; Reisen<\/title>\n<meta name=\"robots\" content=\"index, follow, max-snippet:-1, max-image-preview:large, max-video-preview:-1\" \/>\n<link rel=\"canonical\" href=\"https:\/\/www.urlaubcornwall.de\/blog\/all-das-was-sie-schon-immer-ueber-das-eden-project-wissen-wollten\/\" \/>\n<meta property=\"og:locale\" content=\"en_US\" \/>\n<meta property=\"og:type\" content=\"article\" \/>\n<meta property=\"og:title\" content=\"All das, was Sie schon immer \u00fcber das Eden Project wissen wollten. - Urlaub &amp; Reisen\" \/>\n<meta property=\"og:description\" content=\"Was ist das Eden Project? Das Eden Project bei St Austell in Cornwall ist die beliebteste Besucherattraktion, die Cornwall zu bieten hat. Seit seiner Er\u00f6ffnung am 17. M\u00e4rz 2001, hat es mehr als 20 Millionen Besucher willkommen gehei\u00dfen! Im Eden Project k\u00f6nnen Sie eintauchen in tropische und mediterrane Biome, mit faszinierendem Blick in Richtung Diversit\u00e4t, [&hellip;]\" \/>\n<meta property=\"og:url\" content=\"https:\/\/www.urlaubcornwall.de\/blog\/all-das-was-sie-schon-immer-ueber-das-eden-project-wissen-wollten\/\" \/>\n<meta property=\"og:site_name\" content=\"Urlaub &amp; Reisen\" \/>\n<meta property=\"article:modified_time\" content=\"2026-01-06T14:02:53+00:00\" \/>\n<meta property=\"og:image\" content=\"https:\/\/www.urlaubcornwall.de\/blog\/wp-content\/uploads\/2024\/03\/eden-project-biome_2.jpg\" \/>\n<meta name=\"twitter:card\" content=\"summary\" \/>\n<meta name=\"twitter:label1\" content=\"Est. reading time\" \/>\n\t<meta name=\"twitter:data1\" content=\"5 minutes\" \/>\n<script type=\"application\/ld+json\" class=\"yoast-schema-graph\">{\"@context\":\"https:\/\/schema.org\",\"@graph\":[{\"@type\":\"WebSite\",\"@id\":\"https:\/\/www.urlaubcornwall.de\/blog\/#website\",\"url\":\"https:\/\/www.urlaubcornwall.de\/blog\/\",\"name\":\"Urlaub &amp; Reisen\",\"description\":\"Urlaub, Reisen, Cornwall und S\u00fcdengland: eine perfekte Kombination\",\"potentialAction\":[{\"@type\":\"SearchAction\",\"target\":{\"@type\":\"EntryPoint\",\"urlTemplate\":\"https:\/\/www.urlaubcornwall.de\/blog\/?s={search_term_string}\"},\"query-input\":\"required name=search_term_string\"}],\"inLanguage\":\"en-US\"},{\"@type\":\"WebPage\",\"@id\":\"https:\/\/www.urlaubcornwall.de\/blog\/all-das-was-sie-schon-immer-ueber-das-eden-project-wissen-wollten\/\",\"url\":\"https:\/\/www.urlaubcornwall.de\/blog\/all-das-was-sie-schon-immer-ueber-das-eden-project-wissen-wollten\/\",\"name\":\"All das, was Sie schon immer \u00fcber das Eden Project wissen wollten. - Urlaub &amp; Reisen\",\"isPartOf\":{\"@id\":\"https:\/\/www.urlaubcornwall.de\/blog\/#website\"},\"datePublished\":\"2021-03-21T11:02:36+00:00\",\"dateModified\":\"2026-01-06T14:02:53+00:00\",\"breadcrumb\":{\"@id\":\"https:\/\/www.urlaubcornwall.de\/blog\/all-das-was-sie-schon-immer-ueber-das-eden-project-wissen-wollten\/#breadcrumb\"},\"inLanguage\":\"en-US\",\"potentialAction\":[{\"@type\":\"ReadAction\",\"target\":[\"https:\/\/www.urlaubcornwall.de\/blog\/all-das-was-sie-schon-immer-ueber-das-eden-project-wissen-wollten\/\"]}]},{\"@type\":\"BreadcrumbList\",\"@id\":\"https:\/\/www.urlaubcornwall.de\/blog\/all-das-was-sie-schon-immer-ueber-das-eden-project-wissen-wollten\/#breadcrumb\",\"itemListElement\":[{\"@type\":\"ListItem\",\"position\":1,\"name\":\"Home\",\"item\":\"https:\/\/www.urlaubcornwall.de\/blog\/\"},{\"@type\":\"ListItem\",\"position\":2,\"name\":\"All das, was Sie schon immer \u00fcber das Eden Project wissen wollten.\"}]}]}<\/script>\n<!-- \/ Yoast SEO plugin. -->","yoast_head_json":{"title":"All das, was Sie schon immer \u00fcber das Eden Project wissen wollten. - Urlaub &amp; Reisen","robots":{"index":"index","follow":"follow","max-snippet":"max-snippet:-1","max-image-preview":"max-image-preview:large","max-video-preview":"max-video-preview:-1"},"canonical":"https:\/\/www.urlaubcornwall.de\/blog\/all-das-was-sie-schon-immer-ueber-das-eden-project-wissen-wollten\/","og_locale":"en_US","og_type":"article","og_title":"All das, was Sie schon immer \u00fcber das Eden Project wissen wollten. - Urlaub &amp; Reisen","og_description":"Was ist das Eden Project? Das Eden Project bei St Austell in Cornwall ist die beliebteste Besucherattraktion, die Cornwall zu bieten hat. Seit seiner Er\u00f6ffnung am 17. M\u00e4rz 2001, hat es mehr als 20 Millionen Besucher willkommen gehei\u00dfen! Im Eden Project k\u00f6nnen Sie eintauchen in tropische und mediterrane Biome, mit faszinierendem Blick in Richtung Diversit\u00e4t, [&hellip;]","og_url":"https:\/\/www.urlaubcornwall.de\/blog\/all-das-was-sie-schon-immer-ueber-das-eden-project-wissen-wollten\/","og_site_name":"Urlaub &amp; Reisen","article_modified_time":"2026-01-06T14:02:53+00:00","og_image":[{"url":"https:\/\/www.urlaubcornwall.de\/blog\/wp-content\/uploads\/2024\/03\/eden-project-biome_2.jpg"}],"twitter_card":"summary","twitter_misc":{"Est. reading time":"5 minutes"},"schema":{"@context":"https:\/\/schema.org","@graph":[{"@type":"WebSite","@id":"https:\/\/www.urlaubcornwall.de\/blog\/#website","url":"https:\/\/www.urlaubcornwall.de\/blog\/","name":"Urlaub &amp; Reisen","description":"Urlaub, Reisen, Cornwall und S\u00fcdengland: eine perfekte Kombination","potentialAction":[{"@type":"SearchAction","target":{"@type":"EntryPoint","urlTemplate":"https:\/\/www.urlaubcornwall.de\/blog\/?s={search_term_string}"},"query-input":"required name=search_term_string"}],"inLanguage":"en-US"},{"@type":"WebPage","@id":"https:\/\/www.urlaubcornwall.de\/blog\/all-das-was-sie-schon-immer-ueber-das-eden-project-wissen-wollten\/","url":"https:\/\/www.urlaubcornwall.de\/blog\/all-das-was-sie-schon-immer-ueber-das-eden-project-wissen-wollten\/","name":"All das, was Sie schon immer \u00fcber das Eden Project wissen wollten. - Urlaub &amp; Reisen","isPartOf":{"@id":"https:\/\/www.urlaubcornwall.de\/blog\/#website"},"datePublished":"2021-03-21T11:02:36+00:00","dateModified":"2026-01-06T14:02:53+00:00","breadcrumb":{"@id":"https:\/\/www.urlaubcornwall.de\/blog\/all-das-was-sie-schon-immer-ueber-das-eden-project-wissen-wollten\/#breadcrumb"},"inLanguage":"en-US","potentialAction":[{"@type":"ReadAction","target":["https:\/\/www.urlaubcornwall.de\/blog\/all-das-was-sie-schon-immer-ueber-das-eden-project-wissen-wollten\/"]}]},{"@type":"BreadcrumbList","@id":"https:\/\/www.urlaubcornwall.de\/blog\/all-das-was-sie-schon-immer-ueber-das-eden-project-wissen-wollten\/#breadcrumb","itemListElement":[{"@type":"ListItem","position":1,"name":"Home","item":"https:\/\/www.urlaubcornwall.de\/blog\/"},{"@type":"ListItem","position":2,"name":"All das, was Sie schon immer \u00fcber das Eden Project wissen wollten."}]}]}},"_links":{"self":[{"href":"https:\/\/www.urlaubcornwall.de\/blog\/wp-json\/wp\/v2\/pages\/41467"}],"collection":[{"href":"https:\/\/www.urlaubcornwall.de\/blog\/wp-json\/wp\/v2\/pages"}],"about":[{"href":"https:\/\/www.urlaubcornwall.de\/blog\/wp-json\/wp\/v2\/types\/page"}],"author":[{"embeddable":true,"href":"https:\/\/www.urlaubcornwall.de\/blog\/wp-json\/wp\/v2\/users\/1"}],"replies":[{"embeddable":true,"href":"https:\/\/www.urlaubcornwall.de\/blog\/wp-json\/wp\/v2\/comments?post=41467"}],"version-history":[{"count":8,"href":"https:\/\/www.urlaubcornwall.de\/blog\/wp-json\/wp\/v2\/pages\/41467\/revisions"}],"predecessor-version":[{"id":51956,"href":"https:\/\/www.urlaubcornwall.de\/blog\/wp-json\/wp\/v2\/pages\/41467\/revisions\/51956"}],"wp:attachment":[{"href":"https:\/\/www.urlaubcornwall.de\/blog\/wp-json\/wp\/v2\/media?parent=41467"}],"curies":[{"name":"wp","href":"https:\/\/api.w.org\/{rel}","templated":true}]}}