{"id":41428,"date":"2021-01-18T16:58:57","date_gmt":"2021-01-18T16:58:57","guid":{"rendered":"https:\/\/www.urlaubcornwall.de\/blog\/?page_id=41428"},"modified":"2024-05-31T07:52:09","modified_gmt":"2024-05-31T07:52:09","slug":"der-kleine-badeort-in-cornwall-der-ausgewaehlt-wurde-als-gastgeber-des-g7-gipfeltreffens","status":"publish","type":"page","link":"https:\/\/www.urlaubcornwall.de\/blog\/der-kleine-badeort-in-cornwall-der-ausgewaehlt-wurde-als-gastgeber-des-g7-gipfeltreffens\/","title":{"rendered":"Der kleine Badeort in Cornwall, der ausgew\u00e4hlt wurde als Gastgeber des G7 Gipfeltreffens"},"content":{"rendered":"<p><a href=\"https:\/\/www.urlaubcornwall.de\/blog\/wp-content\/uploads\/2024\/02\/Carbis-Bay.jpg\"><img loading=\"lazy\" src=\"https:\/\/www.urlaubcornwall.de\/blog\/wp-content\/uploads\/2024\/02\/Carbis-Bay.jpg\" alt=\"Carbis-Bay\" width=\"750\" height=\"500\" class=\"alignnone size-full wp-image-47501\" srcset=\"https:\/\/www.urlaubcornwall.de\/blog\/wp-content\/uploads\/2024\/02\/Carbis-Bay.jpg 750w, https:\/\/www.urlaubcornwall.de\/blog\/wp-content\/uploads\/2024\/02\/Carbis-Bay-300x200.jpg 300w\" sizes=\"(max-width: 750px) 100vw, 750px\" \/><\/a><\/p>\n<p>Carbis Bay, das Zuhause von gerade einmal ein paar tausend Menschen, sowie das <a href=\"#carbisbayhotel\" title=\"Carbis Bay Hotel und Estate\">Carbis Bay Hotel und Estate<\/a>, wird diesen Sommer Schlagzeilen machen, wenn es Weltf\u00fchrer f\u00fcr das G7 Gipfeltreffen beherbergt.<\/p>\n<p>Mit den Neuigkeiten, dass <a href=\"https:\/\/www.urlaubcornwall.de\/reiseziel\/cornwall.php\">Cornwall<\/a> diesen Sommer Gastgeber sein wird f\u00fcr das G7 Gipfeltreffen, erfuhren wir auch, dass einige der m\u00e4chtigsten Menschen der Welt in die Grafschaft kommen werden, einschlie\u00dflich des gew\u00e4hlten Pr\u00e4sidenten Joe Biden. Sie k\u00f6nnen hier mehr zu dieser gro\u00dfartigen Ank\u00fcndigung lesen. Doch, einmal abgesehen vom guten Wetter, auf das wir hoffen, was k\u00f6nnen sie erwarten? Und was wissen wir dar\u00fcber, wo \u00fcberall sie Besuche abstatten werden?<\/p>\n<p>Nun, das Gipfeltreffen findet haupts\u00e4chlich in West Cornwall, in <a href=\"https:\/\/www.urlaubcornwall.de\/ferienhaeuser-fewos\/carbis-bay.html\">Carbis Bay<\/a> und <a href=\"https:\/\/www.urlaubcornwall.de\/ferienhaeuser-fewos\/st-ives.html\">St Ives<\/a> statt. Das Treffen der Weltf\u00fchrer selbst findet vom 11.- 13. Juni im Carbis Bay Estate statt. Internationale Delegierte werden auch im Tregenna Castle Resort in St Ives untergebracht sein.<\/p>\n<p>Auch werden der Cornwall Airport Newquay und das National Maritime Museum Cornwall in <a href=\"https:\/\/www.urlaubcornwall.de\/ferienhaeuser-fewos\/falmouth.html\">Falmouth<\/a> eine offizielle Rolle im Gipfeltreffen spielen, wobei Falmouth die internationalen Medien und die des UK beherbergen wird. <\/p>\n<p>Dies ist sicherlich eine Chance, der Welt all das zu zeigen, was Cornwall zu bieten hat.<\/p>\n<div class=\"snippet\"> <a class=\"featured-item\" href=\"https:\/\/www.urlaubcornwall.de\/ferienhaeuser\/cornwall.php\"> <span class=\"image-holder\" style=\"background-image: url('https:\/\/www.urlaubcornwall.de\/blog\/wp-content\/uploads\/2018\/12\/familienurlaub-corwnall-snippet.jpg');\"><\/span> <span class=\"featured-content\"> \n<h2 class=\"featured-title\">Ferienh\u00e4user in Cornwall am Meer<\/h2>\n<p class=\"featured-body\">Cornwall besitzt mehr K\u00fcstenlinien als jede andere Grafschaft und bietet einige der besten Str\u00e4nde, K\u00fcstenwanderwege und Klippenlandschaften, die man \u00fcberhaupt finden kann&#8230; <\/p><\/span> <span class=\"featured-link-holder\"> <span class=\"featured-extra-info\"> \n<p>F\u00fcr Paare, Familien &#038; Gruppen<\/p>\n<\/span> \n<p class=\"featured-link\">DETAILS<\/p>\n<\/span> <\/a><\/div>\n<p><strong>Nun, schauen wir uns einmal Carbis Bay an\u2026.<\/strong><\/p>\n<p>Carbis Bay ist ein kleiner Badeort und Dorf, eine Meile s\u00fcdlich von St Ives gelegen. Die Stadt ist an das nationale Zugverbindungssystem gekn\u00fcpft durch die Linie St Erth nach St Ives, so dass Leute, die mit dem Zug nach St Ives gekommen sind, daran vorbeigefahren sind. Es befindet sich zwischen St Ives und der alten Bergwerksstadt Lelant.<\/p>\n<p>Sowohl St Ives, als auch Carbis Bay sind \u00fcber die A3074 miteinander verbunden, welche sich bei Rose-an-Grouse mit der A30 vereinigt. <\/p>\n<p>Die Stadt ist bekannt aufgrund ihres herrlichen Strandes, der Besucher das ganze Jahr \u00fcber anzieht, doch vor allem im Sommer, wenn Massen an Urlaubern hierherkommen, um das Meer zu genie\u00dfen. Es ist im Vergleich zum gr\u00f6\u00dferen St Ives eine kleine Stadt und hat viel weniger Annehmlichkeiten.<\/p>\n<p>Nichtsdestotrotz ist es eines der Top Urlaubsziele der Gegend. Der S\u00fcd-West-K\u00fcstenpfad verl\u00e4uft zudem oberhalb des Strandes entlang.<\/p>\n<h1 id=\"carbisbayhotel\">Das Carbis Bay Hotel und Estate<\/h1>\n<p><img loading=\"lazy\" class=\"aligncenter size-full wp-image-26513\" src=\"https:\/\/www.urlaubcornwall.de\/blog\/wp-content\/uploads\/2017\/02\/hotel-am-meer-st-ives.jpg\" alt=\"carbis bay Hotel am Meer St Ives\" width=\"746\" height=\"454\"\/><\/p>\n<p>Das Carbis Bay Hotel und Estate ist ein Hotel im Privatbesitz, mehr als 100 Jahre alt, und das Haupthaus wurde im Jahre 1894 erbaut. Es besticht mit 38 individuell ausgestatteten R\u00e4umen und zum Meer hin gelegenen Suiten, sowie einem gro\u00dfen Wintergarten mit weitreichendem Meeresblick.<\/p>\n<p>Das Hotel hat zudem einen riesigen Raum, den Godrevy Room, f\u00fcr Veranstaltungen oder private Mahlzeiten, sowie eine Lounge und einen Sitzungssaal, wo wir denken, dass die meisten Treffen stattfinden werden.<\/p>\n<p>Lesen Sie <a href=\"https:\/\/www.urlaubcornwall.de\/blog\/carbis-bay-hotel-am-meer-st-ives\/\">unsere Hotelreview hier.<\/a><\/p>\n","protected":false},"excerpt":{"rendered":"<p>Carbis Bay, das Zuhause von gerade einmal ein paar tausend Menschen, sowie das Carbis Bay Hotel und Estate, wird diesen Sommer Schlagzeilen machen, wenn es Weltf\u00fchrer f\u00fcr das G7 Gipfeltreffen beherbergt. Mit den Neuigkeiten, dass Cornwall diesen Sommer Gastgeber sein wird f\u00fcr das G7 Gipfeltreffen, erfuhren wir auch, dass einige der m\u00e4chtigsten Menschen der Welt [&hellip;]<\/p>\n","protected":false},"author":1,"featured_media":0,"parent":0,"menu_order":0,"comment_status":"closed","ping_status":"closed","template":"single-four.php","meta":[],"acf":[],"yoast_head":"<!-- This site is optimized with the Yoast SEO plugin v19.4 - https:\/\/yoast.com\/wordpress\/plugins\/seo\/ -->\n<title>Der kleine Badeort in Cornwall, der ausgew\u00e4hlt wurde als Gastgeber des G7 Gipfeltreffens - Urlaub &amp; Reisen<\/title>\n<meta name=\"robots\" content=\"index, follow, max-snippet:-1, max-image-preview:large, max-video-preview:-1\" \/>\n<link rel=\"canonical\" href=\"https:\/\/www.urlaubcornwall.de\/blog\/der-kleine-badeort-in-cornwall-der-ausgewaehlt-wurde-als-gastgeber-des-g7-gipfeltreffens\/\" \/>\n<meta property=\"og:locale\" content=\"en_US\" \/>\n<meta property=\"og:type\" content=\"article\" \/>\n<meta property=\"og:title\" content=\"Der kleine Badeort in Cornwall, der ausgew\u00e4hlt wurde als Gastgeber des G7 Gipfeltreffens - Urlaub &amp; Reisen\" \/>\n<meta property=\"og:description\" content=\"Carbis Bay, das Zuhause von gerade einmal ein paar tausend Menschen, sowie das Carbis Bay Hotel und Estate, wird diesen Sommer Schlagzeilen machen, wenn es Weltf\u00fchrer f\u00fcr das G7 Gipfeltreffen beherbergt. Mit den Neuigkeiten, dass Cornwall diesen Sommer Gastgeber sein wird f\u00fcr das G7 Gipfeltreffen, erfuhren wir auch, dass einige der m\u00e4chtigsten Menschen der Welt [&hellip;]\" \/>\n<meta property=\"og:url\" content=\"https:\/\/www.urlaubcornwall.de\/blog\/der-kleine-badeort-in-cornwall-der-ausgewaehlt-wurde-als-gastgeber-des-g7-gipfeltreffens\/\" \/>\n<meta property=\"og:site_name\" content=\"Urlaub &amp; Reisen\" \/>\n<meta property=\"article:modified_time\" content=\"2024-05-31T07:52:09+00:00\" \/>\n<meta property=\"og:image\" content=\"https:\/\/www.urlaubcornwall.de\/blog\/wp-content\/uploads\/2024\/02\/Carbis-Bay.jpg\" \/>\n<meta name=\"twitter:card\" content=\"summary\" \/>\n<meta name=\"twitter:label1\" content=\"Est. reading time\" \/>\n\t<meta name=\"twitter:data1\" content=\"3 minutes\" \/>\n<script type=\"application\/ld+json\" class=\"yoast-schema-graph\">{\"@context\":\"https:\/\/schema.org\",\"@graph\":[{\"@type\":\"WebSite\",\"@id\":\"https:\/\/www.urlaubcornwall.de\/blog\/#website\",\"url\":\"https:\/\/www.urlaubcornwall.de\/blog\/\",\"name\":\"Urlaub &amp; Reisen\",\"description\":\"Urlaub, Reisen, Cornwall und S\u00fcdengland: eine perfekte Kombination\",\"potentialAction\":[{\"@type\":\"SearchAction\",\"target\":{\"@type\":\"EntryPoint\",\"urlTemplate\":\"https:\/\/www.urlaubcornwall.de\/blog\/?s={search_term_string}\"},\"query-input\":\"required name=search_term_string\"}],\"inLanguage\":\"en-US\"},{\"@type\":\"WebPage\",\"@id\":\"https:\/\/www.urlaubcornwall.de\/blog\/der-kleine-badeort-in-cornwall-der-ausgewaehlt-wurde-als-gastgeber-des-g7-gipfeltreffens\/\",\"url\":\"https:\/\/www.urlaubcornwall.de\/blog\/der-kleine-badeort-in-cornwall-der-ausgewaehlt-wurde-als-gastgeber-des-g7-gipfeltreffens\/\",\"name\":\"Der kleine Badeort in Cornwall, der ausgew\u00e4hlt wurde als Gastgeber des G7 Gipfeltreffens - Urlaub &amp; Reisen\",\"isPartOf\":{\"@id\":\"https:\/\/www.urlaubcornwall.de\/blog\/#website\"},\"datePublished\":\"2021-01-18T16:58:57+00:00\",\"dateModified\":\"2024-05-31T07:52:09+00:00\",\"breadcrumb\":{\"@id\":\"https:\/\/www.urlaubcornwall.de\/blog\/der-kleine-badeort-in-cornwall-der-ausgewaehlt-wurde-als-gastgeber-des-g7-gipfeltreffens\/#breadcrumb\"},\"inLanguage\":\"en-US\",\"potentialAction\":[{\"@type\":\"ReadAction\",\"target\":[\"https:\/\/www.urlaubcornwall.de\/blog\/der-kleine-badeort-in-cornwall-der-ausgewaehlt-wurde-als-gastgeber-des-g7-gipfeltreffens\/\"]}]},{\"@type\":\"BreadcrumbList\",\"@id\":\"https:\/\/www.urlaubcornwall.de\/blog\/der-kleine-badeort-in-cornwall-der-ausgewaehlt-wurde-als-gastgeber-des-g7-gipfeltreffens\/#breadcrumb\",\"itemListElement\":[{\"@type\":\"ListItem\",\"position\":1,\"name\":\"Home\",\"item\":\"https:\/\/www.urlaubcornwall.de\/blog\/\"},{\"@type\":\"ListItem\",\"position\":2,\"name\":\"Der kleine Badeort in Cornwall, der ausgew\u00e4hlt wurde als Gastgeber des G7 Gipfeltreffens\"}]}]}<\/script>\n<!-- \/ Yoast SEO plugin. -->","yoast_head_json":{"title":"Der kleine Badeort in Cornwall, der ausgew\u00e4hlt wurde als Gastgeber des G7 Gipfeltreffens - Urlaub &amp; Reisen","robots":{"index":"index","follow":"follow","max-snippet":"max-snippet:-1","max-image-preview":"max-image-preview:large","max-video-preview":"max-video-preview:-1"},"canonical":"https:\/\/www.urlaubcornwall.de\/blog\/der-kleine-badeort-in-cornwall-der-ausgewaehlt-wurde-als-gastgeber-des-g7-gipfeltreffens\/","og_locale":"en_US","og_type":"article","og_title":"Der kleine Badeort in Cornwall, der ausgew\u00e4hlt wurde als Gastgeber des G7 Gipfeltreffens - Urlaub &amp; Reisen","og_description":"Carbis Bay, das Zuhause von gerade einmal ein paar tausend Menschen, sowie das Carbis Bay Hotel und Estate, wird diesen Sommer Schlagzeilen machen, wenn es Weltf\u00fchrer f\u00fcr das G7 Gipfeltreffen beherbergt. Mit den Neuigkeiten, dass Cornwall diesen Sommer Gastgeber sein wird f\u00fcr das G7 Gipfeltreffen, erfuhren wir auch, dass einige der m\u00e4chtigsten Menschen der Welt [&hellip;]","og_url":"https:\/\/www.urlaubcornwall.de\/blog\/der-kleine-badeort-in-cornwall-der-ausgewaehlt-wurde-als-gastgeber-des-g7-gipfeltreffens\/","og_site_name":"Urlaub &amp; Reisen","article_modified_time":"2024-05-31T07:52:09+00:00","og_image":[{"url":"https:\/\/www.urlaubcornwall.de\/blog\/wp-content\/uploads\/2024\/02\/Carbis-Bay.jpg"}],"twitter_card":"summary","twitter_misc":{"Est. reading time":"3 minutes"},"schema":{"@context":"https:\/\/schema.org","@graph":[{"@type":"WebSite","@id":"https:\/\/www.urlaubcornwall.de\/blog\/#website","url":"https:\/\/www.urlaubcornwall.de\/blog\/","name":"Urlaub &amp; Reisen","description":"Urlaub, Reisen, Cornwall und S\u00fcdengland: eine perfekte Kombination","potentialAction":[{"@type":"SearchAction","target":{"@type":"EntryPoint","urlTemplate":"https:\/\/www.urlaubcornwall.de\/blog\/?s={search_term_string}"},"query-input":"required name=search_term_string"}],"inLanguage":"en-US"},{"@type":"WebPage","@id":"https:\/\/www.urlaubcornwall.de\/blog\/der-kleine-badeort-in-cornwall-der-ausgewaehlt-wurde-als-gastgeber-des-g7-gipfeltreffens\/","url":"https:\/\/www.urlaubcornwall.de\/blog\/der-kleine-badeort-in-cornwall-der-ausgewaehlt-wurde-als-gastgeber-des-g7-gipfeltreffens\/","name":"Der kleine Badeort in Cornwall, der ausgew\u00e4hlt wurde als Gastgeber des G7 Gipfeltreffens - Urlaub &amp; Reisen","isPartOf":{"@id":"https:\/\/www.urlaubcornwall.de\/blog\/#website"},"datePublished":"2021-01-18T16:58:57+00:00","dateModified":"2024-05-31T07:52:09+00:00","breadcrumb":{"@id":"https:\/\/www.urlaubcornwall.de\/blog\/der-kleine-badeort-in-cornwall-der-ausgewaehlt-wurde-als-gastgeber-des-g7-gipfeltreffens\/#breadcrumb"},"inLanguage":"en-US","potentialAction":[{"@type":"ReadAction","target":["https:\/\/www.urlaubcornwall.de\/blog\/der-kleine-badeort-in-cornwall-der-ausgewaehlt-wurde-als-gastgeber-des-g7-gipfeltreffens\/"]}]},{"@type":"BreadcrumbList","@id":"https:\/\/www.urlaubcornwall.de\/blog\/der-kleine-badeort-in-cornwall-der-ausgewaehlt-wurde-als-gastgeber-des-g7-gipfeltreffens\/#breadcrumb","itemListElement":[{"@type":"ListItem","position":1,"name":"Home","item":"https:\/\/www.urlaubcornwall.de\/blog\/"},{"@type":"ListItem","position":2,"name":"Der kleine Badeort in Cornwall, der ausgew\u00e4hlt wurde als Gastgeber des G7 Gipfeltreffens"}]}]}},"_links":{"self":[{"href":"https:\/\/www.urlaubcornwall.de\/blog\/wp-json\/wp\/v2\/pages\/41428"}],"collection":[{"href":"https:\/\/www.urlaubcornwall.de\/blog\/wp-json\/wp\/v2\/pages"}],"about":[{"href":"https:\/\/www.urlaubcornwall.de\/blog\/wp-json\/wp\/v2\/types\/page"}],"author":[{"embeddable":true,"href":"https:\/\/www.urlaubcornwall.de\/blog\/wp-json\/wp\/v2\/users\/1"}],"replies":[{"embeddable":true,"href":"https:\/\/www.urlaubcornwall.de\/blog\/wp-json\/wp\/v2\/comments?post=41428"}],"version-history":[{"count":6,"href":"https:\/\/www.urlaubcornwall.de\/blog\/wp-json\/wp\/v2\/pages\/41428\/revisions"}],"predecessor-version":[{"id":51210,"href":"https:\/\/www.urlaubcornwall.de\/blog\/wp-json\/wp\/v2\/pages\/41428\/revisions\/51210"}],"wp:attachment":[{"href":"https:\/\/www.urlaubcornwall.de\/blog\/wp-json\/wp\/v2\/media?parent=41428"}],"curies":[{"name":"wp","href":"https:\/\/api.w.org\/{rel}","templated":true}]}}