{"id":41426,"date":"2021-01-18T16:59:03","date_gmt":"2021-01-18T16:59:03","guid":{"rendered":"https:\/\/www.urlaubcornwall.de\/blog\/?page_id=41426"},"modified":"2021-01-18T16:59:32","modified_gmt":"2021-01-18T16:59:32","slug":"cornwall-ist-in-diesem-sommer-gastgeber-des-g7-gipfeltreffens-der-weltfuehrer","status":"publish","type":"page","link":"https:\/\/www.urlaubcornwall.de\/blog\/cornwall-ist-in-diesem-sommer-gastgeber-des-g7-gipfeltreffens-der-weltfuehrer\/","title":{"rendered":"Cornwall ist in diesem Sommer Gastgeber des G7 Gipfeltreffens der Weltf\u00fchrer"},"content":{"rendered":"<p><img loading=\"lazy\" class=\"aligncenter size-full wp-image-41427\" src=\"https:\/\/www.urlaubcornwall.de\/blog\/wp-content\/uploads\/2021\/01\/carbis-bay-edit.jpg\" alt=\"carbis-bay g7 cornwall\" width=\"750\" height=\"375\" srcset=\"https:\/\/www.urlaubcornwall.de\/blog\/wp-content\/uploads\/2021\/01\/carbis-bay-edit.jpg 750w, https:\/\/www.urlaubcornwall.de\/blog\/wp-content\/uploads\/2021\/01\/carbis-bay-edit-300x150.jpg 300w\" sizes=\"(max-width: 750px) 100vw, 750px\" \/><\/p>\n<p><a href=\"https:\/\/www.urlaubcornwall.de\/reiseziel\/cornwall.php\">Cornwall<\/a> wird nun Gastgeber der Weltf\u00fchrer w\u00e4hrend Ihres j\u00e4hrlichen G7 Gipfeltreffen der sieben gr\u00f6\u00dften Wirtschaftsstaaten. Es wird seit Beginn der weltweiten Coronavirus Pandemie ein wegweisendes erstes Treffen von Premierministern und Pr\u00e4sidenten sein, einschlie\u00dflich Boris Johnson, Emmanuel Macron und Angela Merkel.  Es k\u00f6nnte auch Joe Bidens erste Reise ins UK sein als Pr\u00e4sident der US. Premierminister Boris Johnson hat von dem bevorstehenden Ereignis gesprochen und es als ein \u201eentscheidendes Gipfeltreffen\u201c bezeichnet.<\/p>\n<p>Die dreit\u00e4gige internationale Gro\u00dfveranstaltung wird besucht werden von F\u00fchrern des UK, aus Canada, Frankreich, Deutschland, Italien, Japan und den Vereinigten Staaten, sowie von eingeladenen F\u00fchrern aus Australien, Indien und S\u00fcdkorea. <\/p>\n<p>Das Treffen der Weltf\u00fchrer selbst findet vom 11.-13. Juni auf dem <a href=\"https:\/\/www.urlaubcornwall.de\/blog\/der-kleine-badeort-in-cornwall-der-ausgewaehlt-wurde-als-gastgeber-des-g7-gipfeltreffens\/\">Carbis Bay Estate<\/a> statt, das sich an seiner eigenen wundersch\u00f6nen Bucht in <a href=\"https:\/\/www.urlaubcornwall.de\/ferienhaeuser-fewos\/west-cornwall.html\">West Cornwall<\/a> befindet. St Ives und weitere St\u00e4tte in Cornwall werden eine Funktion \u00fcbernehmen; dabei wird Falmouth verantwortlich sein f\u00fcr die internationalen Medien und die des UK. Cornwall Airport Newquay und das National Maritime Museum Cornwall werden w\u00e4hrend des Gipfeltreffens eine offizielle Rolle spielen.<\/p>\n<p>Mr Johnson f\u00fcgte hinzu: \u201cCornwall ist der perfekte Ort schlechthin f\u00fcr ein derart wichtiges Gipfeltreffen. Vor zweihundert Jahren bildeten Cornwalls Zinn- und Kupferzechen das Herz der Industriellen Revolution des UK, und in diesem Sommer wird Cornwall erneut der Nucleus gro\u00dfartiger weltweiter Ver\u00e4nderung und des Fortschrittes sein. Ich freue mich sehr darauf, Weltf\u00fchrer in dieser herrlichen Region und Grafschaft willkommen zu hei\u00dfen.\u201d<\/p>\n<p>Organisationen im gesamten Cornwall haben die Ank\u00fcndigung willkommen gehei\u00dfen und gehen davon aus, dass die Veranstaltung ein bleibendes soziales und wirtschaftliches Erbe hinterlassen wird, von dem die gesamte Grafschaft profitieren wird und so f\u00fcr die Marke Cornwall geworben werden kann.<\/p>\n<div class=\"snippet\"> <a class=\"featured-item\" href=\"https:\/\/www.urlaubcornwall.de\/ferienhaeuser\/cornwall.php\"> <span class=\"image-holder\" style=\"background-image: url('https:\/\/www.urlaubcornwall.de\/blog\/wp-content\/uploads\/2018\/12\/familienurlaub-corwnall-snippet.jpg');\"><\/span> <span class=\"featured-content\"> \n<h2 class=\"featured-title\">Ferienh\u00e4user in Cornwall am Meer<\/h2>\n<p class=\"featured-body\">Cornwall besitzt mehr K\u00fcstenlinien als jede andere Grafschaft und bietet einige der besten Str\u00e4nde, K\u00fcstenwanderwege und Klippenlandschaften, die man \u00fcberhaupt finden kann&#8230; <\/p><\/span> <span class=\"featured-link-holder\"> <span class=\"featured-extra-info\"> \n<p>F\u00fcr Paare, Familien &#038; Gruppen<\/p>\n<\/span> \n<p class=\"featured-link\">DETAILS<\/p>\n<\/span> <\/a><\/div>\n","protected":false},"excerpt":{"rendered":"<p>Cornwall wird nun Gastgeber der Weltf\u00fchrer w\u00e4hrend Ihres j\u00e4hrlichen G7 Gipfeltreffen der sieben gr\u00f6\u00dften Wirtschaftsstaaten. Es wird seit Beginn der weltweiten Coronavirus Pandemie ein wegweisendes erstes Treffen von Premierministern und Pr\u00e4sidenten sein, einschlie\u00dflich Boris Johnson, Emmanuel Macron und Angela Merkel. Es k\u00f6nnte auch Joe Bidens erste Reise ins UK sein als Pr\u00e4sident der US. Premierminister [&hellip;]<\/p>\n","protected":false},"author":1,"featured_media":0,"parent":0,"menu_order":0,"comment_status":"closed","ping_status":"closed","template":"single-four.php","meta":[],"acf":[],"yoast_head":"<!-- This site is optimized with the Yoast SEO plugin v19.4 - https:\/\/yoast.com\/wordpress\/plugins\/seo\/ -->\n<title>Cornwall ist in diesem Sommer Gastgeber des G7 Gipfeltreffens der Weltf\u00fchrer - Urlaub &amp; Reisen<\/title>\n<meta name=\"robots\" content=\"index, follow, max-snippet:-1, max-image-preview:large, max-video-preview:-1\" \/>\n<link rel=\"canonical\" href=\"https:\/\/www.urlaubcornwall.de\/blog\/cornwall-ist-in-diesem-sommer-gastgeber-des-g7-gipfeltreffens-der-weltfuehrer\/\" \/>\n<meta property=\"og:locale\" content=\"en_US\" \/>\n<meta property=\"og:type\" content=\"article\" \/>\n<meta property=\"og:title\" content=\"Cornwall ist in diesem Sommer Gastgeber des G7 Gipfeltreffens der Weltf\u00fchrer - Urlaub &amp; Reisen\" \/>\n<meta property=\"og:description\" content=\"Cornwall wird nun Gastgeber der Weltf\u00fchrer w\u00e4hrend Ihres j\u00e4hrlichen G7 Gipfeltreffen der sieben gr\u00f6\u00dften Wirtschaftsstaaten. Es wird seit Beginn der weltweiten Coronavirus Pandemie ein wegweisendes erstes Treffen von Premierministern und Pr\u00e4sidenten sein, einschlie\u00dflich Boris Johnson, Emmanuel Macron und Angela Merkel. Es k\u00f6nnte auch Joe Bidens erste Reise ins UK sein als Pr\u00e4sident der US. Premierminister [&hellip;]\" \/>\n<meta property=\"og:url\" content=\"https:\/\/www.urlaubcornwall.de\/blog\/cornwall-ist-in-diesem-sommer-gastgeber-des-g7-gipfeltreffens-der-weltfuehrer\/\" \/>\n<meta property=\"og:site_name\" content=\"Urlaub &amp; Reisen\" \/>\n<meta property=\"article:modified_time\" content=\"2021-01-18T16:59:32+00:00\" \/>\n<meta property=\"og:image\" content=\"https:\/\/www.urlaubcornwall.de\/blog\/wp-content\/uploads\/2021\/01\/carbis-bay-edit.jpg\" \/>\n<meta name=\"twitter:card\" content=\"summary\" \/>\n<meta name=\"twitter:label1\" content=\"Est. reading time\" \/>\n\t<meta name=\"twitter:data1\" content=\"2 minutes\" \/>\n<script type=\"application\/ld+json\" class=\"yoast-schema-graph\">{\"@context\":\"https:\/\/schema.org\",\"@graph\":[{\"@type\":\"WebSite\",\"@id\":\"https:\/\/www.urlaubcornwall.de\/blog\/#website\",\"url\":\"https:\/\/www.urlaubcornwall.de\/blog\/\",\"name\":\"Urlaub &amp; Reisen\",\"description\":\"Urlaub, Reisen, Cornwall und S\u00fcdengland: eine perfekte Kombination\",\"potentialAction\":[{\"@type\":\"SearchAction\",\"target\":{\"@type\":\"EntryPoint\",\"urlTemplate\":\"https:\/\/www.urlaubcornwall.de\/blog\/?s={search_term_string}\"},\"query-input\":\"required name=search_term_string\"}],\"inLanguage\":\"en-US\"},{\"@type\":\"WebPage\",\"@id\":\"https:\/\/www.urlaubcornwall.de\/blog\/cornwall-ist-in-diesem-sommer-gastgeber-des-g7-gipfeltreffens-der-weltfuehrer\/\",\"url\":\"https:\/\/www.urlaubcornwall.de\/blog\/cornwall-ist-in-diesem-sommer-gastgeber-des-g7-gipfeltreffens-der-weltfuehrer\/\",\"name\":\"Cornwall ist in diesem Sommer Gastgeber des G7 Gipfeltreffens der Weltf\u00fchrer - Urlaub &amp; Reisen\",\"isPartOf\":{\"@id\":\"https:\/\/www.urlaubcornwall.de\/blog\/#website\"},\"datePublished\":\"2021-01-18T16:59:03+00:00\",\"dateModified\":\"2021-01-18T16:59:32+00:00\",\"breadcrumb\":{\"@id\":\"https:\/\/www.urlaubcornwall.de\/blog\/cornwall-ist-in-diesem-sommer-gastgeber-des-g7-gipfeltreffens-der-weltfuehrer\/#breadcrumb\"},\"inLanguage\":\"en-US\",\"potentialAction\":[{\"@type\":\"ReadAction\",\"target\":[\"https:\/\/www.urlaubcornwall.de\/blog\/cornwall-ist-in-diesem-sommer-gastgeber-des-g7-gipfeltreffens-der-weltfuehrer\/\"]}]},{\"@type\":\"BreadcrumbList\",\"@id\":\"https:\/\/www.urlaubcornwall.de\/blog\/cornwall-ist-in-diesem-sommer-gastgeber-des-g7-gipfeltreffens-der-weltfuehrer\/#breadcrumb\",\"itemListElement\":[{\"@type\":\"ListItem\",\"position\":1,\"name\":\"Home\",\"item\":\"https:\/\/www.urlaubcornwall.de\/blog\/\"},{\"@type\":\"ListItem\",\"position\":2,\"name\":\"Cornwall ist in diesem Sommer Gastgeber des G7 Gipfeltreffens der Weltf\u00fchrer\"}]}]}<\/script>\n<!-- \/ Yoast SEO plugin. -->","yoast_head_json":{"title":"Cornwall ist in diesem Sommer Gastgeber des G7 Gipfeltreffens der Weltf\u00fchrer - Urlaub &amp; Reisen","robots":{"index":"index","follow":"follow","max-snippet":"max-snippet:-1","max-image-preview":"max-image-preview:large","max-video-preview":"max-video-preview:-1"},"canonical":"https:\/\/www.urlaubcornwall.de\/blog\/cornwall-ist-in-diesem-sommer-gastgeber-des-g7-gipfeltreffens-der-weltfuehrer\/","og_locale":"en_US","og_type":"article","og_title":"Cornwall ist in diesem Sommer Gastgeber des G7 Gipfeltreffens der Weltf\u00fchrer - Urlaub &amp; Reisen","og_description":"Cornwall wird nun Gastgeber der Weltf\u00fchrer w\u00e4hrend Ihres j\u00e4hrlichen G7 Gipfeltreffen der sieben gr\u00f6\u00dften Wirtschaftsstaaten. Es wird seit Beginn der weltweiten Coronavirus Pandemie ein wegweisendes erstes Treffen von Premierministern und Pr\u00e4sidenten sein, einschlie\u00dflich Boris Johnson, Emmanuel Macron und Angela Merkel. Es k\u00f6nnte auch Joe Bidens erste Reise ins UK sein als Pr\u00e4sident der US. Premierminister [&hellip;]","og_url":"https:\/\/www.urlaubcornwall.de\/blog\/cornwall-ist-in-diesem-sommer-gastgeber-des-g7-gipfeltreffens-der-weltfuehrer\/","og_site_name":"Urlaub &amp; Reisen","article_modified_time":"2021-01-18T16:59:32+00:00","og_image":[{"url":"https:\/\/www.urlaubcornwall.de\/blog\/wp-content\/uploads\/2021\/01\/carbis-bay-edit.jpg"}],"twitter_card":"summary","twitter_misc":{"Est. reading time":"2 minutes"},"schema":{"@context":"https:\/\/schema.org","@graph":[{"@type":"WebSite","@id":"https:\/\/www.urlaubcornwall.de\/blog\/#website","url":"https:\/\/www.urlaubcornwall.de\/blog\/","name":"Urlaub &amp; Reisen","description":"Urlaub, Reisen, Cornwall und S\u00fcdengland: eine perfekte Kombination","potentialAction":[{"@type":"SearchAction","target":{"@type":"EntryPoint","urlTemplate":"https:\/\/www.urlaubcornwall.de\/blog\/?s={search_term_string}"},"query-input":"required name=search_term_string"}],"inLanguage":"en-US"},{"@type":"WebPage","@id":"https:\/\/www.urlaubcornwall.de\/blog\/cornwall-ist-in-diesem-sommer-gastgeber-des-g7-gipfeltreffens-der-weltfuehrer\/","url":"https:\/\/www.urlaubcornwall.de\/blog\/cornwall-ist-in-diesem-sommer-gastgeber-des-g7-gipfeltreffens-der-weltfuehrer\/","name":"Cornwall ist in diesem Sommer Gastgeber des G7 Gipfeltreffens der Weltf\u00fchrer - Urlaub &amp; Reisen","isPartOf":{"@id":"https:\/\/www.urlaubcornwall.de\/blog\/#website"},"datePublished":"2021-01-18T16:59:03+00:00","dateModified":"2021-01-18T16:59:32+00:00","breadcrumb":{"@id":"https:\/\/www.urlaubcornwall.de\/blog\/cornwall-ist-in-diesem-sommer-gastgeber-des-g7-gipfeltreffens-der-weltfuehrer\/#breadcrumb"},"inLanguage":"en-US","potentialAction":[{"@type":"ReadAction","target":["https:\/\/www.urlaubcornwall.de\/blog\/cornwall-ist-in-diesem-sommer-gastgeber-des-g7-gipfeltreffens-der-weltfuehrer\/"]}]},{"@type":"BreadcrumbList","@id":"https:\/\/www.urlaubcornwall.de\/blog\/cornwall-ist-in-diesem-sommer-gastgeber-des-g7-gipfeltreffens-der-weltfuehrer\/#breadcrumb","itemListElement":[{"@type":"ListItem","position":1,"name":"Home","item":"https:\/\/www.urlaubcornwall.de\/blog\/"},{"@type":"ListItem","position":2,"name":"Cornwall ist in diesem Sommer Gastgeber des G7 Gipfeltreffens der Weltf\u00fchrer"}]}]}},"_links":{"self":[{"href":"https:\/\/www.urlaubcornwall.de\/blog\/wp-json\/wp\/v2\/pages\/41426"}],"collection":[{"href":"https:\/\/www.urlaubcornwall.de\/blog\/wp-json\/wp\/v2\/pages"}],"about":[{"href":"https:\/\/www.urlaubcornwall.de\/blog\/wp-json\/wp\/v2\/types\/page"}],"author":[{"embeddable":true,"href":"https:\/\/www.urlaubcornwall.de\/blog\/wp-json\/wp\/v2\/users\/1"}],"replies":[{"embeddable":true,"href":"https:\/\/www.urlaubcornwall.de\/blog\/wp-json\/wp\/v2\/comments?post=41426"}],"version-history":[{"count":3,"href":"https:\/\/www.urlaubcornwall.de\/blog\/wp-json\/wp\/v2\/pages\/41426\/revisions"}],"predecessor-version":[{"id":41740,"href":"https:\/\/www.urlaubcornwall.de\/blog\/wp-json\/wp\/v2\/pages\/41426\/revisions\/41740"}],"wp:attachment":[{"href":"https:\/\/www.urlaubcornwall.de\/blog\/wp-json\/wp\/v2\/media?parent=41426"}],"curies":[{"name":"wp","href":"https:\/\/api.w.org\/{rel}","templated":true}]}}