{"id":41419,"date":"2021-01-16T09:34:07","date_gmt":"2021-01-16T09:34:07","guid":{"rendered":"https:\/\/www.urlaubcornwall.de\/blog\/?page_id=41419"},"modified":"2024-05-29T10:42:54","modified_gmt":"2024-05-29T10:42:54","slug":"reiseinfos-irland-reisen-einreise-tipps","status":"publish","type":"page","link":"https:\/\/www.urlaubcornwall.de\/blog\/reiseinfos-irland-reisen-einreise-tipps\/","title":{"rendered":"Reiseinfos Irland &#8211; Reisen, Einreise &#038; Tipps"},"content":{"rendered":"<p><img loading=\"lazy\" class=\"aligncenter size-full wp-image-24301\" src=\"https:\/\/www.urlaubcornwall.de\/blog\/wp-content\/uploads\/2016\/05\/rundreise-irland.jpg\" alt=\"urlaub irland\" width=\"749\" height=\"399\"\/><\/p>\n<p>Irland ist ein kleines Land und ein <a href=\"https:\/\/www.urlaubcornwall.de\/blog\/erleben-sie-irland-die-emerald-insel\/\">herrliches Urlaubs- oder Reiseziel<\/a>, voller Geschichte und Natursch\u00f6nheit. Eindrucksvolle Naturwunder, dramatische Felsformationen und die h\u00f6chsten Klippen Europas, wundersch\u00f6ne Sandstr\u00e4nde, ein Land der Mythen und Legenden.<\/p>\n<p><strong>Lage:<\/strong> Westeuropa, MEZ \u2013 1 Std (sowohl in der Sommer- als auch in der Winterzeit)<\/p>\n<p>Fl\u00e4che: 70.182 km\u00b2<\/p>\n<p>Bev\u00f6lkerung: 4.239.848 (2006)<\/p>\n<p>Hauptstadt: Dublin 1.030.430 Einwohner<\/p>\n<p>Irland ist EU-Mitglied.<\/p>\n<p>Sprache: Amtssprachen sind Englisch und Irisch (Gaelic).<\/p>\n<p>W\u00e4hrung: Euro (Achtung: in Nordirland britisches Pfund Sterling)<\/p>\n<p>Religion: 91,6% der Iren sind Katholiken.<\/p>\n<p>Netzspannung: 220 V, 50 Hz. Adapter zum Teil n\u00f6tig.<\/p>\n<p><strong>Feiertage:<\/strong> 1. Jan. (Neujahr), 17. M\u00e4rz (St. Patrickstag, Nationalfeiertag), 21. M\u00e4rz (Karfreitag), 24. M\u00e4rz (Ostermontag), 5. Mai (Feiertag), 2. Jun. (Feiertag), 4. Aug. (Feiertag), 27.Okt. (Feiertag), 25. Dez. (Weihnachten), 26.Dez. (St. Stephans Tag).<\/p>\n<p>F\u00fcr EU-B\u00fcrger und der Schweiz reicht der Personalausweis oder die Identit\u00e4tskarte. Nur Reisende, die ein Visum ben\u00f6tigen, brauchen auch zwingend einen Reisepass. Dieser muss bei Ausreise noch mindestens 6 Monate g\u00fcltig sein muss. Es ist kein Visum erforderlich. Ein Schengener Visum ist f\u00fcr Irland und Nordirland allerdings nicht g\u00fcltig.<\/p>\n<p><strong>Einreise mit Kindern gilt:<\/strong><\/p>\n<p>Deutsche: Kinder unter 16 Jahren (ab 10 Jahren mit Lichtbild) ben\u00f6tigen einen Kinderausweis, Personalausweis, eine Eintragung des Kindes bis 16 Jahren im Reisepass der Eltern oder einen eigenen Kinderreisepass.<\/p>\n<p>\u00d6sterreich: Personalausweis oder Eintragung des Kindes bis zum vollendeten 12.Lebensjahr im elterlichen Reisepass oder (Kinder)-Reisepass.<\/p>\n<p>Schweizer: F\u00fcr die Kinder gelten jeweils die gleichen Einreisebestimmungen wie f\u00fcr deren Eltern. Kinder unter 16 Jahren, die im Reisepass eines Elternteils eingetragen sind, ben\u00f6tigen keinen eigenen Reisepass.<\/p>\n<p>Wichtiger Hinweis: Minderj\u00e4hrige, die allein reisen, m\u00fcssen auch ein eigenes Ausweisdokument mit sich f\u00fchren. Reist ein Minderj\u00e4hriger mit einem Elternteil, ist auch die Eintragung in den Ausweis des mitreisenden Elternteils ausreichend. Daher sollten Minderj\u00e4hrige, die allein bzw. nur in Begleitung eines Elternteils oder einer dritten Person reisen, in jedem Fall eine schriftliche Genehmigung der Erziehungsberechtigten mitnehmen.<\/p>\n<p><strong>Urlaubsinspiration Irland<\/strong><\/p>\n<div class=\"snippet\"> <a class=\"featured-item\" href=\" https:\/\/www.urlaubcornwall.de\/blog\/rundreisen-irland\/\"> <span class=\"image-holder\" style=\"background-image: url(' https:\/\/www.urlaubcornwall.de\/blog\/wp-content\/uploads\/2024\/03\/Cork-irland.jpg');\"><\/span> <span class=\"featured-content\"> \n<h2 class=\"featured-title\">Rundreisen durch Irland<\/h2>\n<p class=\"featured-body\">Von den Sehensw\u00fcrdigkeiten von Irlands Wild Atlantic Way, einer herrlichen K\u00fcstenroute von Cork nach Connemara und Donegal bis hin zu einer Flucht auf eine irische Insel &#8230;&#8230;<\/p>\n<\/span> <span class=\"featured-link-holder\"> <span class=\"featured-extra-info\"> \n<p>Erleben Sie Irland<\/p>\n<\/span> \n<p class=\"featured-link\">DETAILS<\/p>\n<\/span> <\/a><\/div>\n<div class=\"snippet\"> <a class=\"featured-item\" href=\" https:\/\/www.urlaubcornwall.de\/blog\/gefuehrte-busreisen-und-busrundreisen-in-irland\/\"> <span class=\"image-holder\" style=\"background-image: url(' https:\/\/www.urlaubcornwall.de\/blog\/wp-content\/uploads\/2019\/01\/wild-atlantic-way-irland.jpg');\"><\/span> <span class=\"featured-content\"> \n<h2 class=\"featured-title\">Gef\u00fchrte Busreisen und Busrundreisen in Irland<\/h2>\n<p class=\"featured-body\">Vielleicht suchen Sie ja eine Reise zu Sehensw\u00fcrdigkeiten, oder Sie haben besondere Interessen, wie zum Beispiel Gartenreisen und Literaturreisen&#8230;&#8230;.<\/p>\n<\/span> <span class=\"featured-link-holder\"> <span class=\"featured-extra-info\"> \n<p>Die Gr\u00fcne Insel<\/p>\n<\/span> \n<p class=\"featured-link\">DETAILS<\/p>\n<\/span> <\/a><\/div>\n","protected":false},"excerpt":{"rendered":"<p>Irland ist ein kleines Land und ein herrliches Urlaubs- oder Reiseziel, voller Geschichte und Natursch\u00f6nheit. Eindrucksvolle Naturwunder, dramatische Felsformationen und die h\u00f6chsten Klippen Europas, wundersch\u00f6ne Sandstr\u00e4nde, ein Land der Mythen und Legenden. Lage: Westeuropa, MEZ \u2013 1 Std (sowohl in der Sommer- als auch in der Winterzeit) Fl\u00e4che: 70.182 km\u00b2 Bev\u00f6lkerung: 4.239.848 (2006) Hauptstadt: Dublin [&hellip;]<\/p>\n","protected":false},"author":1,"featured_media":0,"parent":0,"menu_order":0,"comment_status":"closed","ping_status":"closed","template":"single-four.php","meta":[],"acf":[],"yoast_head":"<!-- This site is optimized with the Yoast SEO plugin v19.4 - https:\/\/yoast.com\/wordpress\/plugins\/seo\/ -->\n<title>Reiseinfos Irland - Reisen, Einreise &amp; Tipps - Urlaub &amp; Reisen<\/title>\n<meta name=\"robots\" content=\"index, follow, max-snippet:-1, max-image-preview:large, max-video-preview:-1\" \/>\n<link rel=\"canonical\" href=\"https:\/\/www.urlaubcornwall.de\/blog\/reiseinfos-irland-reisen-einreise-tipps\/\" \/>\n<meta property=\"og:locale\" content=\"en_US\" \/>\n<meta property=\"og:type\" content=\"article\" \/>\n<meta property=\"og:title\" content=\"Reiseinfos Irland - Reisen, Einreise &amp; Tipps - Urlaub &amp; Reisen\" \/>\n<meta property=\"og:description\" content=\"Irland ist ein kleines Land und ein herrliches Urlaubs- oder Reiseziel, voller Geschichte und Natursch\u00f6nheit. Eindrucksvolle Naturwunder, dramatische Felsformationen und die h\u00f6chsten Klippen Europas, wundersch\u00f6ne Sandstr\u00e4nde, ein Land der Mythen und Legenden. Lage: Westeuropa, MEZ \u2013 1 Std (sowohl in der Sommer- als auch in der Winterzeit) Fl\u00e4che: 70.182 km\u00b2 Bev\u00f6lkerung: 4.239.848 (2006) Hauptstadt: Dublin [&hellip;]\" \/>\n<meta property=\"og:url\" content=\"https:\/\/www.urlaubcornwall.de\/blog\/reiseinfos-irland-reisen-einreise-tipps\/\" \/>\n<meta property=\"og:site_name\" content=\"Urlaub &amp; Reisen\" \/>\n<meta property=\"article:modified_time\" content=\"2024-05-29T10:42:54+00:00\" \/>\n<meta property=\"og:image\" content=\"https:\/\/www.urlaubcornwall.de\/blog\/wp-content\/uploads\/2016\/05\/rundreise-irland.jpg\" \/>\n<meta name=\"twitter:card\" content=\"summary\" \/>\n<meta name=\"twitter:label1\" content=\"Est. reading time\" \/>\n\t<meta name=\"twitter:data1\" content=\"2 minutes\" \/>\n<script type=\"application\/ld+json\" class=\"yoast-schema-graph\">{\"@context\":\"https:\/\/schema.org\",\"@graph\":[{\"@type\":\"WebSite\",\"@id\":\"https:\/\/www.urlaubcornwall.de\/blog\/#website\",\"url\":\"https:\/\/www.urlaubcornwall.de\/blog\/\",\"name\":\"Urlaub &amp; Reisen\",\"description\":\"Urlaub, Reisen, Cornwall und S\u00fcdengland: eine perfekte Kombination\",\"potentialAction\":[{\"@type\":\"SearchAction\",\"target\":{\"@type\":\"EntryPoint\",\"urlTemplate\":\"https:\/\/www.urlaubcornwall.de\/blog\/?s={search_term_string}\"},\"query-input\":\"required name=search_term_string\"}],\"inLanguage\":\"en-US\"},{\"@type\":\"WebPage\",\"@id\":\"https:\/\/www.urlaubcornwall.de\/blog\/reiseinfos-irland-reisen-einreise-tipps\/\",\"url\":\"https:\/\/www.urlaubcornwall.de\/blog\/reiseinfos-irland-reisen-einreise-tipps\/\",\"name\":\"Reiseinfos Irland - Reisen, Einreise & Tipps - Urlaub &amp; Reisen\",\"isPartOf\":{\"@id\":\"https:\/\/www.urlaubcornwall.de\/blog\/#website\"},\"datePublished\":\"2021-01-16T09:34:07+00:00\",\"dateModified\":\"2024-05-29T10:42:54+00:00\",\"breadcrumb\":{\"@id\":\"https:\/\/www.urlaubcornwall.de\/blog\/reiseinfos-irland-reisen-einreise-tipps\/#breadcrumb\"},\"inLanguage\":\"en-US\",\"potentialAction\":[{\"@type\":\"ReadAction\",\"target\":[\"https:\/\/www.urlaubcornwall.de\/blog\/reiseinfos-irland-reisen-einreise-tipps\/\"]}]},{\"@type\":\"BreadcrumbList\",\"@id\":\"https:\/\/www.urlaubcornwall.de\/blog\/reiseinfos-irland-reisen-einreise-tipps\/#breadcrumb\",\"itemListElement\":[{\"@type\":\"ListItem\",\"position\":1,\"name\":\"Home\",\"item\":\"https:\/\/www.urlaubcornwall.de\/blog\/\"},{\"@type\":\"ListItem\",\"position\":2,\"name\":\"Reiseinfos Irland &#8211; Reisen, Einreise &#038; Tipps\"}]}]}<\/script>\n<!-- \/ Yoast SEO plugin. -->","yoast_head_json":{"title":"Reiseinfos Irland - Reisen, Einreise & Tipps - Urlaub &amp; Reisen","robots":{"index":"index","follow":"follow","max-snippet":"max-snippet:-1","max-image-preview":"max-image-preview:large","max-video-preview":"max-video-preview:-1"},"canonical":"https:\/\/www.urlaubcornwall.de\/blog\/reiseinfos-irland-reisen-einreise-tipps\/","og_locale":"en_US","og_type":"article","og_title":"Reiseinfos Irland - Reisen, Einreise & Tipps - Urlaub &amp; Reisen","og_description":"Irland ist ein kleines Land und ein herrliches Urlaubs- oder Reiseziel, voller Geschichte und Natursch\u00f6nheit. Eindrucksvolle Naturwunder, dramatische Felsformationen und die h\u00f6chsten Klippen Europas, wundersch\u00f6ne Sandstr\u00e4nde, ein Land der Mythen und Legenden. Lage: Westeuropa, MEZ \u2013 1 Std (sowohl in der Sommer- als auch in der Winterzeit) Fl\u00e4che: 70.182 km\u00b2 Bev\u00f6lkerung: 4.239.848 (2006) Hauptstadt: Dublin [&hellip;]","og_url":"https:\/\/www.urlaubcornwall.de\/blog\/reiseinfos-irland-reisen-einreise-tipps\/","og_site_name":"Urlaub &amp; Reisen","article_modified_time":"2024-05-29T10:42:54+00:00","og_image":[{"url":"https:\/\/www.urlaubcornwall.de\/blog\/wp-content\/uploads\/2016\/05\/rundreise-irland.jpg"}],"twitter_card":"summary","twitter_misc":{"Est. reading time":"2 minutes"},"schema":{"@context":"https:\/\/schema.org","@graph":[{"@type":"WebSite","@id":"https:\/\/www.urlaubcornwall.de\/blog\/#website","url":"https:\/\/www.urlaubcornwall.de\/blog\/","name":"Urlaub &amp; Reisen","description":"Urlaub, Reisen, Cornwall und S\u00fcdengland: eine perfekte Kombination","potentialAction":[{"@type":"SearchAction","target":{"@type":"EntryPoint","urlTemplate":"https:\/\/www.urlaubcornwall.de\/blog\/?s={search_term_string}"},"query-input":"required name=search_term_string"}],"inLanguage":"en-US"},{"@type":"WebPage","@id":"https:\/\/www.urlaubcornwall.de\/blog\/reiseinfos-irland-reisen-einreise-tipps\/","url":"https:\/\/www.urlaubcornwall.de\/blog\/reiseinfos-irland-reisen-einreise-tipps\/","name":"Reiseinfos Irland - Reisen, Einreise & Tipps - Urlaub &amp; Reisen","isPartOf":{"@id":"https:\/\/www.urlaubcornwall.de\/blog\/#website"},"datePublished":"2021-01-16T09:34:07+00:00","dateModified":"2024-05-29T10:42:54+00:00","breadcrumb":{"@id":"https:\/\/www.urlaubcornwall.de\/blog\/reiseinfos-irland-reisen-einreise-tipps\/#breadcrumb"},"inLanguage":"en-US","potentialAction":[{"@type":"ReadAction","target":["https:\/\/www.urlaubcornwall.de\/blog\/reiseinfos-irland-reisen-einreise-tipps\/"]}]},{"@type":"BreadcrumbList","@id":"https:\/\/www.urlaubcornwall.de\/blog\/reiseinfos-irland-reisen-einreise-tipps\/#breadcrumb","itemListElement":[{"@type":"ListItem","position":1,"name":"Home","item":"https:\/\/www.urlaubcornwall.de\/blog\/"},{"@type":"ListItem","position":2,"name":"Reiseinfos Irland &#8211; Reisen, Einreise &#038; Tipps"}]}]}},"_links":{"self":[{"href":"https:\/\/www.urlaubcornwall.de\/blog\/wp-json\/wp\/v2\/pages\/41419"}],"collection":[{"href":"https:\/\/www.urlaubcornwall.de\/blog\/wp-json\/wp\/v2\/pages"}],"about":[{"href":"https:\/\/www.urlaubcornwall.de\/blog\/wp-json\/wp\/v2\/types\/page"}],"author":[{"embeddable":true,"href":"https:\/\/www.urlaubcornwall.de\/blog\/wp-json\/wp\/v2\/users\/1"}],"replies":[{"embeddable":true,"href":"https:\/\/www.urlaubcornwall.de\/blog\/wp-json\/wp\/v2\/comments?post=41419"}],"version-history":[{"count":2,"href":"https:\/\/www.urlaubcornwall.de\/blog\/wp-json\/wp\/v2\/pages\/41419\/revisions"}],"predecessor-version":[{"id":50585,"href":"https:\/\/www.urlaubcornwall.de\/blog\/wp-json\/wp\/v2\/pages\/41419\/revisions\/50585"}],"wp:attachment":[{"href":"https:\/\/www.urlaubcornwall.de\/blog\/wp-json\/wp\/v2\/media?parent=41419"}],"curies":[{"name":"wp","href":"https:\/\/api.w.org\/{rel}","templated":true}]}}