{"id":41417,"date":"2021-01-15T12:13:28","date_gmt":"2021-01-15T12:13:28","guid":{"rendered":"https:\/\/www.urlaubcornwall.de\/blog\/?page_id=41417"},"modified":"2024-04-15T14:42:44","modified_gmt":"2024-04-15T14:42:44","slug":"reiseinfos-schottland-reisen-einreise-tipps","status":"publish","type":"page","link":"https:\/\/www.urlaubcornwall.de\/blog\/reiseinfos-schottland-reisen-einreise-tipps\/","title":{"rendered":"Reiseinfos Schottland &#8211; Reisen, Einreise &#038; Tipps"},"content":{"rendered":"<p><img loading=\"lazy\" class=\"aligncenter size-full wp-image-38895\" src=\"https:\/\/www.urlaubcornwall.de\/blog\/wp-content\/uploads\/2019\/10\/Eilean-Donan-Castle-Schottland.jpg\" alt=\"Eilean Donan Castle, Schottland\" width=\"749\" height=\"497\"\/><\/p>\n<p>Urlaub in Schottland &#8211; Britanniens spektakul\u00e4rster Landschaft. <a href=\"https:\/\/www.urlaubcornwall.de\/reiseziel\/schottland.php\">Schottland ist das Zuhause von Britanniens spektakul\u00e4rster Landschaft<\/a>, die den h\u00f6chsten Berg, den Ben Nevis, mit umfasst, den tiefsten See, Loch Morar, die h\u00f6chsten B\u00e4ume und die abgelegendsten Gebiete voller Wildheit.<\/p>\n<p><strong>Einreise:<\/strong><\/p>\n<p>F\u00fcr die Einreise nach Schottland reicht ein g\u00fcltiger Personalausweis \u2013 ab 01.10.21 ist ein Reisepass vorgeschrieben.<\/p>\n<p><strong>W\u00e4hrung:<\/strong><\/p>\n<p>W\u00e4hrung ist das britische Pfund. Kreditkarten werden in nahezu allen gr\u00f6\u00dferen Restaurants und Gesch\u00e4ften akzeptiert. An zahlreichen Geldautomaten kann sogar mit der EC-Karte Geld abgehoben werden.<\/p>\n<p><strong>Verkehr:<\/strong><\/p>\n<p>In Schottland herrscht Linksverkehr. Einige Stra\u00dfen der Highlands sind in den Wintermonaten nicht ungef\u00e4hrlich und mancherorts auch unpassierbar. Weitere Tipps erhalten Sie gerne von uns, auch was besondere Routen, F\u00e4hrpassagen oder Routenvorschl\u00e4ge angeht.<\/p>\n<p><strong>Impfungen:<\/strong><\/p>\n<p>F\u00fcr Schottland sind keine besonderen Impfvorschriften vorgeschrieben. Tetanus, Polio, Diphterie und Hepatitis A Impfungen sind generell sinnvoll.<\/p>\n<p><strong>Elektrizit\u00e4t:<\/strong><\/p>\n<p>Stromanschl\u00fcsse: 240 V Wechselstrom<\/p>\n<p><strong>Klima:<\/strong><\/p>\n<p>In ganz Schottland herrscht gem\u00e4\u00dfigtes Klima. Es kann immer wieder zu Regen, in einigen Teilen auch zu Nebel kommen. In den Wintermonaten wird es k\u00fchl in h\u00f6heren Regionen kann auch Schnee fallen.<\/p>\n<p><strong>Sprache:<\/strong><\/p>\n<p>Englisch. Schottisches G\u00e4lisch wird nur noch von wenigen Bewohnern in den Highlands und im Westen gesprochen. Alle Stra\u00dfenbeschilderungen sind auf englisch gehalten.<\/p>\n<p><strong>Feiertage:<\/strong><\/p>\n<p>02.01. Bank Holiday<\/p>\n<p>13.10. Nationaler Poetiktag<\/p>\n<p><strong>Vorwahl:<\/strong><\/p>\n<p>Vorwahl f\u00fcr Schottland: 0044<\/p>\n<p>Zeitverschiebung:<\/p>\n<p>MEZ-1. In Schottland ist es eine Stunde fr\u00fcher als in Deutschland, \u00d6sterreich oder der Schweiz.<\/p>\n<div class=\"snippet\"> <a class=\"featured-item\" href=\" https:\/\/www.urlaubcornwall.de\/ferienhaeuser\/schottland.php\"> <span class=\"image-holder\" style=\"background-image: url(' https:\/\/www.urlaubcornwall.de\/blog\/wp-content\/uploads\/2019\/01\/urlaub-schottland-highlands-1.jpg ');\"><\/span> <span class=\"featured-content\"> \n<h2 class=\"featured-title\">Bei uns finden Sie Ferienh\u00e4user in Schottland zum Verlieben!<\/h2>\n<p class=\"featured-body\">Untenstehend finden Sie eine Auswahl an Ferienh\u00e4usern in Schottland. Hier finden Sie pers\u00f6nlich inspizierte Cottages entlang der schottischen K\u00fcste, in den schottischen Highlands und auf den Inseln&#8230;..<\/p>\n<\/span> <span class=\"featured-link-holder\"> <span class=\"featured-extra-info\"> \n<p>F\u00fcr Paare, Familien &#038; Gruppen<\/p>\n<\/span> \n<p class=\"featured-link\">DETAILS<\/p>\n<\/span> <\/a><\/div>\n<div class=\"snippet\"> <a class=\"featured-item\" href=\" https:\/\/www.urlaubcornwall.de\/blog\/rundreisen-schottland\/\"> <span class=\"image-holder\" style=\"background-image: url(' https:\/\/www.urlaubcornwall.de\/blog\/wp-content\/uploads\/2019\/01\/urlaub-schottland-highlands.jpg ');\"><\/span> <span class=\"featured-content\"> \n<h2 class=\"featured-title\">Rundreise durch Schottland: mit dem Auto bereisen <\/h2>\n<p class=\"featured-body\">Urlaub in Schottland haben etwas f\u00fcr jeden Geschmack zu bieten \u2013 herrliche Sonnenunterg\u00e4nge \u00fcber magischen Inseln, wundersch\u00f6ne und dramatische K\u00fcstenstriche, tiefe, verborgene T\u00e4ler und eine unglaubliche Landschaft&#8230;<\/p>\n<\/span> <span class=\"featured-link-holder\"> <span class=\"featured-extra-info\"> \n<p>Ready Made Touren<\/p>\n<\/span> \n<p class=\"featured-link\">DETAILS<\/p>\n<\/span> <\/a><\/div>\n<p><a href=\"https:\/\/www.urlaubcornwall.de\/blog\/5-malerische-autofahrten-durch-schottland-probieren-sie-sie-aus\/\">5 malerische Autofahrten durch Schottland \u2013 probieren Sie sie aus.<\/a><\/p>\n","protected":false},"excerpt":{"rendered":"<p>Urlaub in Schottland &#8211; Britanniens spektakul\u00e4rster Landschaft. Schottland ist das Zuhause von Britanniens spektakul\u00e4rster Landschaft, die den h\u00f6chsten Berg, den Ben Nevis, mit umfasst, den tiefsten See, Loch Morar, die h\u00f6chsten B\u00e4ume und die abgelegendsten Gebiete voller Wildheit. Einreise: F\u00fcr die Einreise nach Schottland reicht ein g\u00fcltiger Personalausweis \u2013 ab 01.10.21 ist ein Reisepass vorgeschrieben. [&hellip;]<\/p>\n","protected":false},"author":1,"featured_media":0,"parent":0,"menu_order":0,"comment_status":"closed","ping_status":"closed","template":"single-four.php","meta":[],"acf":[],"yoast_head":"<!-- This site is optimized with the Yoast SEO plugin v19.4 - https:\/\/yoast.com\/wordpress\/plugins\/seo\/ -->\n<title>Reiseinfos Schottland - Reisen, Einreise &amp; Tipps - Urlaub &amp; Reisen<\/title>\n<meta name=\"robots\" content=\"index, follow, max-snippet:-1, max-image-preview:large, max-video-preview:-1\" \/>\n<link rel=\"canonical\" href=\"https:\/\/www.urlaubcornwall.de\/blog\/reiseinfos-schottland-reisen-einreise-tipps\/\" \/>\n<meta property=\"og:locale\" content=\"en_US\" \/>\n<meta property=\"og:type\" content=\"article\" \/>\n<meta property=\"og:title\" content=\"Reiseinfos Schottland - Reisen, Einreise &amp; Tipps - Urlaub &amp; Reisen\" \/>\n<meta property=\"og:description\" content=\"Urlaub in Schottland &#8211; Britanniens spektakul\u00e4rster Landschaft. Schottland ist das Zuhause von Britanniens spektakul\u00e4rster Landschaft, die den h\u00f6chsten Berg, den Ben Nevis, mit umfasst, den tiefsten See, Loch Morar, die h\u00f6chsten B\u00e4ume und die abgelegendsten Gebiete voller Wildheit. Einreise: F\u00fcr die Einreise nach Schottland reicht ein g\u00fcltiger Personalausweis \u2013 ab 01.10.21 ist ein Reisepass vorgeschrieben. [&hellip;]\" \/>\n<meta property=\"og:url\" content=\"https:\/\/www.urlaubcornwall.de\/blog\/reiseinfos-schottland-reisen-einreise-tipps\/\" \/>\n<meta property=\"og:site_name\" content=\"Urlaub &amp; Reisen\" \/>\n<meta property=\"article:modified_time\" content=\"2024-04-15T14:42:44+00:00\" \/>\n<meta property=\"og:image\" content=\"https:\/\/www.urlaubcornwall.de\/blog\/wp-content\/uploads\/2019\/10\/Eilean-Donan-Castle-Schottland.jpg\" \/>\n<meta name=\"twitter:card\" content=\"summary\" \/>\n<meta name=\"twitter:label1\" content=\"Est. reading time\" \/>\n\t<meta name=\"twitter:data1\" content=\"2 minutes\" \/>\n<script type=\"application\/ld+json\" class=\"yoast-schema-graph\">{\"@context\":\"https:\/\/schema.org\",\"@graph\":[{\"@type\":\"WebSite\",\"@id\":\"https:\/\/www.urlaubcornwall.de\/blog\/#website\",\"url\":\"https:\/\/www.urlaubcornwall.de\/blog\/\",\"name\":\"Urlaub &amp; Reisen\",\"description\":\"Urlaub, Reisen, Cornwall und S\u00fcdengland: eine perfekte Kombination\",\"potentialAction\":[{\"@type\":\"SearchAction\",\"target\":{\"@type\":\"EntryPoint\",\"urlTemplate\":\"https:\/\/www.urlaubcornwall.de\/blog\/?s={search_term_string}\"},\"query-input\":\"required name=search_term_string\"}],\"inLanguage\":\"en-US\"},{\"@type\":\"WebPage\",\"@id\":\"https:\/\/www.urlaubcornwall.de\/blog\/reiseinfos-schottland-reisen-einreise-tipps\/\",\"url\":\"https:\/\/www.urlaubcornwall.de\/blog\/reiseinfos-schottland-reisen-einreise-tipps\/\",\"name\":\"Reiseinfos Schottland - Reisen, Einreise & Tipps - Urlaub &amp; Reisen\",\"isPartOf\":{\"@id\":\"https:\/\/www.urlaubcornwall.de\/blog\/#website\"},\"datePublished\":\"2021-01-15T12:13:28+00:00\",\"dateModified\":\"2024-04-15T14:42:44+00:00\",\"breadcrumb\":{\"@id\":\"https:\/\/www.urlaubcornwall.de\/blog\/reiseinfos-schottland-reisen-einreise-tipps\/#breadcrumb\"},\"inLanguage\":\"en-US\",\"potentialAction\":[{\"@type\":\"ReadAction\",\"target\":[\"https:\/\/www.urlaubcornwall.de\/blog\/reiseinfos-schottland-reisen-einreise-tipps\/\"]}]},{\"@type\":\"BreadcrumbList\",\"@id\":\"https:\/\/www.urlaubcornwall.de\/blog\/reiseinfos-schottland-reisen-einreise-tipps\/#breadcrumb\",\"itemListElement\":[{\"@type\":\"ListItem\",\"position\":1,\"name\":\"Home\",\"item\":\"https:\/\/www.urlaubcornwall.de\/blog\/\"},{\"@type\":\"ListItem\",\"position\":2,\"name\":\"Reiseinfos Schottland &#8211; Reisen, Einreise &#038; Tipps\"}]}]}<\/script>\n<!-- \/ Yoast SEO plugin. -->","yoast_head_json":{"title":"Reiseinfos Schottland - Reisen, Einreise & Tipps - Urlaub &amp; Reisen","robots":{"index":"index","follow":"follow","max-snippet":"max-snippet:-1","max-image-preview":"max-image-preview:large","max-video-preview":"max-video-preview:-1"},"canonical":"https:\/\/www.urlaubcornwall.de\/blog\/reiseinfos-schottland-reisen-einreise-tipps\/","og_locale":"en_US","og_type":"article","og_title":"Reiseinfos Schottland - Reisen, Einreise & Tipps - Urlaub &amp; Reisen","og_description":"Urlaub in Schottland &#8211; Britanniens spektakul\u00e4rster Landschaft. Schottland ist das Zuhause von Britanniens spektakul\u00e4rster Landschaft, die den h\u00f6chsten Berg, den Ben Nevis, mit umfasst, den tiefsten See, Loch Morar, die h\u00f6chsten B\u00e4ume und die abgelegendsten Gebiete voller Wildheit. Einreise: F\u00fcr die Einreise nach Schottland reicht ein g\u00fcltiger Personalausweis \u2013 ab 01.10.21 ist ein Reisepass vorgeschrieben. [&hellip;]","og_url":"https:\/\/www.urlaubcornwall.de\/blog\/reiseinfos-schottland-reisen-einreise-tipps\/","og_site_name":"Urlaub &amp; Reisen","article_modified_time":"2024-04-15T14:42:44+00:00","og_image":[{"url":"https:\/\/www.urlaubcornwall.de\/blog\/wp-content\/uploads\/2019\/10\/Eilean-Donan-Castle-Schottland.jpg"}],"twitter_card":"summary","twitter_misc":{"Est. reading time":"2 minutes"},"schema":{"@context":"https:\/\/schema.org","@graph":[{"@type":"WebSite","@id":"https:\/\/www.urlaubcornwall.de\/blog\/#website","url":"https:\/\/www.urlaubcornwall.de\/blog\/","name":"Urlaub &amp; Reisen","description":"Urlaub, Reisen, Cornwall und S\u00fcdengland: eine perfekte Kombination","potentialAction":[{"@type":"SearchAction","target":{"@type":"EntryPoint","urlTemplate":"https:\/\/www.urlaubcornwall.de\/blog\/?s={search_term_string}"},"query-input":"required name=search_term_string"}],"inLanguage":"en-US"},{"@type":"WebPage","@id":"https:\/\/www.urlaubcornwall.de\/blog\/reiseinfos-schottland-reisen-einreise-tipps\/","url":"https:\/\/www.urlaubcornwall.de\/blog\/reiseinfos-schottland-reisen-einreise-tipps\/","name":"Reiseinfos Schottland - Reisen, Einreise & Tipps - Urlaub &amp; Reisen","isPartOf":{"@id":"https:\/\/www.urlaubcornwall.de\/blog\/#website"},"datePublished":"2021-01-15T12:13:28+00:00","dateModified":"2024-04-15T14:42:44+00:00","breadcrumb":{"@id":"https:\/\/www.urlaubcornwall.de\/blog\/reiseinfos-schottland-reisen-einreise-tipps\/#breadcrumb"},"inLanguage":"en-US","potentialAction":[{"@type":"ReadAction","target":["https:\/\/www.urlaubcornwall.de\/blog\/reiseinfos-schottland-reisen-einreise-tipps\/"]}]},{"@type":"BreadcrumbList","@id":"https:\/\/www.urlaubcornwall.de\/blog\/reiseinfos-schottland-reisen-einreise-tipps\/#breadcrumb","itemListElement":[{"@type":"ListItem","position":1,"name":"Home","item":"https:\/\/www.urlaubcornwall.de\/blog\/"},{"@type":"ListItem","position":2,"name":"Reiseinfos Schottland &#8211; Reisen, Einreise &#038; Tipps"}]}]}},"_links":{"self":[{"href":"https:\/\/www.urlaubcornwall.de\/blog\/wp-json\/wp\/v2\/pages\/41417"}],"collection":[{"href":"https:\/\/www.urlaubcornwall.de\/blog\/wp-json\/wp\/v2\/pages"}],"about":[{"href":"https:\/\/www.urlaubcornwall.de\/blog\/wp-json\/wp\/v2\/types\/page"}],"author":[{"embeddable":true,"href":"https:\/\/www.urlaubcornwall.de\/blog\/wp-json\/wp\/v2\/users\/1"}],"replies":[{"embeddable":true,"href":"https:\/\/www.urlaubcornwall.de\/blog\/wp-json\/wp\/v2\/comments?post=41417"}],"version-history":[{"count":3,"href":"https:\/\/www.urlaubcornwall.de\/blog\/wp-json\/wp\/v2\/pages\/41417\/revisions"}],"predecessor-version":[{"id":49599,"href":"https:\/\/www.urlaubcornwall.de\/blog\/wp-json\/wp\/v2\/pages\/41417\/revisions\/49599"}],"wp:attachment":[{"href":"https:\/\/www.urlaubcornwall.de\/blog\/wp-json\/wp\/v2\/media?parent=41417"}],"curies":[{"name":"wp","href":"https:\/\/api.w.org\/{rel}","templated":true}]}}