{"id":41413,"date":"2021-01-14T10:45:35","date_gmt":"2021-01-14T10:45:35","guid":{"rendered":"https:\/\/www.urlaubcornwall.de\/blog\/?page_id=41413"},"modified":"2024-04-16T09:59:54","modified_gmt":"2024-04-16T09:59:54","slug":"reiseinfos-england-reisetipps-klima","status":"publish","type":"page","link":"https:\/\/www.urlaubcornwall.de\/blog\/reiseinfos-england-reisetipps-klima\/","title":{"rendered":"Reiseinfos England &#8211; Reisetipps &#038; Klima"},"content":{"rendered":"<p><img loading=\"lazy\" class=\"aligncenter size-full wp-image-36121\" src=\"https:\/\/www.urlaubcornwall.de\/blog\/wp-content\/uploads\/2019\/02\/stonehenge-england-gruppenreisen.jpg\" alt=\"reisen stonehenge england\" width=\"749\" height=\"557\"\/><\/p>\n<p><strong>Lage:<\/strong> Westeuropa, MEZ \u2013 1Std (sowohl in der Sommer- als auch in der Winterzeit)<\/p>\n<p><strong>Fl\u00e4che:<\/strong> 244.820 km\u00b2<\/p>\n<p><strong>Bev\u00f6lkerung:<\/strong> 60.100.000 (2006)<\/p>\n<p><strong>Hauptstadt:<\/strong> London 7.489.022 Einwohner<\/p>\n<p><strong>Staatsform:<\/strong> Parlamentarische Monarchie (im Commonwealth) seit 1921. Gro\u00dfbritannien ist eine Erbmonarchie, der Monarch hat nur repr\u00e4sentative Aufgaben. Es gibt keine geschriebene Verfassung, jedoch Gesetze, die Verfassungscharakter haben. Das Parlament besteht aus zwei Kammern, dem Unterhaus (House of Commons) und dem Oberhaus (House of Lords), dem Richter, Erzbisch\u00f6fe, Bisch\u00f6fe, Erblords und ernannte Lords angeh\u00f6ren (1200 Mitglieder). Die 659 Abgeordneten des Unterhauses (davon 17 aus Nordirland) werden auf maximal f\u00fcnf Jahre gew\u00e4hlt (Mehrheitswahlrecht). Der Premierminister, der dem Kabinett vorsteht, ist zugleich Parteivorsitzender der st\u00e4rksten Fraktion. Gro\u00dfbritannien ist EU-Mitglied.<\/p>\n<p><strong>Sprache:<\/strong> Amtssprache ist Englisch. In <a href=\"https:\/\/www.urlaubcornwall.de\/reiseziel\/wales.php\">Wales<\/a> wird teilweise auch Walisisch gesprochen (Cymric), in Teilen <a href=\"https:\/\/www.urlaubcornwall.de\/reiseziel\/schottland.php\">Schottlands<\/a> und Nordirlands G\u00e4lisch (Gaelic), und auf den <a href=\"https:\/\/www.urlaubcornwall.de\/reiseziel\/kanalinseln\/\">Kanalinseln<\/a> vereinzelt franz\u00f6sische Dialekte. Die zahlreichen ethnischen Minderheiten pflegen ihre eigenen Sprachen und Dialekte, u.a. Hindi, Urdu, T\u00fcrkisch, Griechisch, Kantonesisch und Mandarin.<\/p>\n<p><strong>W\u00e4hrung:<\/strong> 1 Pfund (Pound) = 100 Pence. Banknoten gibt es in den Nennbetr\u00e4gen 50, 20, 10 und 5 . In Schottland gibt es zus\u00e4tzlich 1 Pfund-Banknoten, die landesweit akzeptiert werden. M\u00fcnzen gibt es in den Nennbetr\u00e4gen 2 und 1 sowie 50, 20, 10, 5, 2 und 1 Pence. Weitere Einzelheiten zu spezifischen W\u00e4hrungen in den Eintr\u00e4gen der einzelnen Landesteile.<\/p>\n<p><strong>Religion:<\/strong> 56,8% Anglikaner, 15% sonstige protestantische Kirchen (Presbyterianer, Methodisten, Freikirchen), 13% Katholiken, muslimische, hinduistische und j\u00fcdische Minderheiten.<\/p>\n<h1>Urlaubsinspiration<\/h1>\n<p><a href=\"https:\/\/www.urlaubcornwall.de\/\">UrlaubCornwall.de<\/a> hat eine einzigartige Sammlung pers\u00f6nlich inspizierter Ferienh\u00e4user und Ferienwohnungen in <a href=\"https:\/\/www.urlaubcornwall.de\/ferienhaeuser\/cornwall.php\">Cornwall<\/a>, <a href=\"https:\/\/www.urlaubcornwall.de\/ferienhaeuser\/suedengland.php\">S\u00fcdengland<\/a> und nun auch im gesamten Gro\u00dfbritannien. Jedes Geb\u00e4ude muss anspruchsvollen Standards entsprechen, so dass Ihre Urlaubsunterkunft Ihre Erwartungen \u00fcbertrifft. <\/p>\n<div class=\"snippet\"> <a class=\"featured-item\" href=\"https:\/\/www.urlaubcornwall.de\/ferienhaeuser\/suedengland.php\"> <span class=\"image-holder\" style=\"background-image: url('https:\/\/www.urlaubcornwall.de\/blog\/wp-content\/uploads\/2018\/12\/ferienhaus-cornwall-mit-hund.jpg');\"><\/span> <span class=\"featured-content\"> \n<h2 class=\"featured-title\">Ferienh\u00e4user in England zum Verlieben!<\/h2>\n<p class=\"featured-body\">Dank seiner langen Geschichte, der reizvollen Landschaften und seinen vielen Attraktionen ist S\u00fcdengland ein wahres Mekka f\u00fcr Urlauber. F\u00fcr Familien und Paare ist die Reise durch Kent, den Garten Englands, die Sussex Downs&#8230;.<\/p><\/span> <span class=\"featured-link-holder\"> <span class=\"featured-extra-info\"> \n<p>F\u00fcr Paare, Familien &#038; Gruppen<\/p>\n<\/span> \n<p class=\"featured-link\">DETAILS<\/p>\n<\/span> <\/a><\/div>\n<div class=\"snippet\"> <a class=\"featured-item\" href=\"https:\/\/www.urlaubcornwall.de\/ferienhaeuser\/cornwall.php\"> <span class=\"image-holder\" style=\"background-image: url('https:\/\/www.urlaubcornwall.de\/blog\/wp-content\/uploads\/2018\/12\/familienurlaub-corwnall-snippet.jpg');\"><\/span> <span class=\"featured-content\"> \n<h2 class=\"featured-title\">Ferienh\u00e4user in Cornwall am Meer<\/h2>\n<p class=\"featured-body\">Cornwall besitzt mehr K\u00fcstenlinien als jede andere Grafschaft und bietet einige der besten Str\u00e4nde, K\u00fcstenwanderwege und Klippenlandschaften, die man \u00fcberhaupt finden kann&#8230; <\/p><\/span> <span class=\"featured-link-holder\"> <span class=\"featured-extra-info\"> \n<p>F\u00fcr Paare, Familien &#038; Gruppen<\/p>\n<\/span> \n<p class=\"featured-link\">DETAILS<\/p>\n<\/span> <\/a><\/div>\n<div class=\"snippet\"> <a class=\"featured-item\" href=\" https:\/\/www.urlaubcornwall.de\/ferienhaeuser\/schottland.php\"> <span class=\"image-holder\" style=\"background-image: url(' https:\/\/www.urlaubcornwall.de\/blog\/wp-content\/uploads\/2019\/01\/urlaub-schottland-highlands.jpg ');\"><\/span> <span class=\"featured-content\"> \n<h2 class=\"featured-title\">Bei uns finden Sie Ferienh\u00e4user in Schottland zum Verlieben!<\/h2>\n<p class=\"featured-body\">Untenstehend finden Sie eine Auswahl an Ferienh\u00e4usern in Schottland. Hier finden Sie pers\u00f6nlich inspizierte Cottages entlang der schottischen K\u00fcste, in den schottischen Highlands und auf den Inseln&#8230;..<\/p>\n<\/span> <span class=\"featured-link-holder\"> <span class=\"featured-extra-info\"> \n<p>F\u00fcr Paare, Familien &#038; Gruppen<\/p>\n<\/span> \n<p class=\"featured-link\">DETAILS<\/p>\n<\/span> <\/a><\/div>\n<div class=\"snippet\"> <a class=\"featured-item\" href=\" https:\/\/www.urlaubcornwall.de\/ferienhaeuser\/wales.php\"> <span class=\"image-holder\" style=\"background-image: url(' https:\/\/www.urlaubcornwall.de\/blog\/wp-content\/uploads\/2018\/12\/busreisen-wales-england.jpg');\"><\/span> <span class=\"featured-content\"> \n<h2 class=\"featured-title\">Bei uns finden Sie Ferienh\u00e4user in Wales zum Verlieben!<\/h2>\n<p class=\"featured-body\">Untenstehend finden Sie eine Auswahl an Selbstversorger-Ferienh\u00e4usern in Wales. Hier finden Sie handverlesene, pers\u00f6nlich inspizierte Cottages entlang der walisischen K\u00fcste&#8230;..<\/p>\n<\/span> <span class=\"featured-link-holder\"> <span class=\"featured-extra-info\"> \n<p>F\u00fcr Paare, Familien &#038; Gruppen<\/p>\n<\/span> \n<p class=\"featured-link\">DETAILS<\/p>\n<\/span> <\/a><\/div>\n<div class=\"snippet\"> <a class=\"featured-item\" href=\"https:\/\/www.urlaubcornwall.de\/ferienhaeuser\/cotswolds.php\"> <span class=\"image-holder\" style=\"background-image: url(' https:\/\/www.urlaubcornwall.de\/blog\/wp-content\/uploads\/2019\/02\/ferienhaus-urlaub-cotswolds.jpg ');\"><\/span> <span class=\"featured-content\"> \n<h2 class=\"featured-title\">Ferienh\u00e4user in den Cotswolds<\/h2>\n<p class=\"featured-body\">Es gibt wohl kaum einen besseren Ort f\u00fcr entspannenden Urlaub als ein Cotswolds Cottage. Untenstehend finden Sie eine Auswahl an Ferienwohnungen in den Cotswolds. Wenn Sie bereits wissen, wo in den Cotswolds&#8230; <\/p><\/span> <span class=\"featured-link-holder\"> <span class=\"featured-extra-info\"> \n<p>F\u00fcr Paare, Familien &#038; Gruppen<\/p>\n<\/span> \n<p class=\"featured-link\">DETAILS<\/p>\n<\/span> <\/a><\/div>\n<div class=\"snippet\"> <a class=\"featured-item\" href=\" https:\/\/www.urlaubcornwall.de\/ferienhaeuser-fewos\/eng\/lake-district\/lake-district.html\"> <span class=\"image-holder\" style=\"background-image: url(' https:\/\/www.urlaubcornwall.de\/blog\/wp-content\/uploads\/2019\/01\/urlaub-lake-distrikt.jpg');\"><\/span> <span class=\"featured-content\"> \n<h2 class=\"featured-title\">Ferienh\u00e4user im Lake Distrikt zum Verlieben!<\/h2>\n<p class=\"featured-body\">Enge Stra\u00dfen, hoch aufragende Berge, herabst\u00fcrzende Wasserf\u00e4lle und Seen jeglichen Umfangs und jeglicher Form schaffen eine Landschaft&#8230;..<\/p>\n<\/span> <span class=\"featured-link-holder\"> <span class=\"featured-extra-info\"> \n<p>F\u00fcr Paare, Familien &#038; Gruppen<\/p>\n<\/span> \n<p class=\"featured-link\">DETAILS<\/p>\n<\/span> <\/a><\/div>\n","protected":false},"excerpt":{"rendered":"<p>Lage: Westeuropa, MEZ \u2013 1Std (sowohl in der Sommer- als auch in der Winterzeit) Fl\u00e4che: 244.820 km\u00b2 Bev\u00f6lkerung: 60.100.000 (2006) Hauptstadt: London 7.489.022 Einwohner Staatsform: Parlamentarische Monarchie (im Commonwealth) seit 1921. Gro\u00dfbritannien ist eine Erbmonarchie, der Monarch hat nur repr\u00e4sentative Aufgaben. Es gibt keine geschriebene Verfassung, jedoch Gesetze, die Verfassungscharakter haben. Das Parlament besteht aus [&hellip;]<\/p>\n","protected":false},"author":1,"featured_media":0,"parent":0,"menu_order":0,"comment_status":"closed","ping_status":"closed","template":"single-four.php","meta":[],"acf":[],"yoast_head":"<!-- This site is optimized with the Yoast SEO plugin v19.4 - https:\/\/yoast.com\/wordpress\/plugins\/seo\/ -->\n<title>Reiseinfos England - Reisetipps &amp; Klima - Urlaub &amp; Reisen<\/title>\n<meta name=\"robots\" content=\"index, follow, max-snippet:-1, max-image-preview:large, max-video-preview:-1\" \/>\n<link rel=\"canonical\" href=\"https:\/\/www.urlaubcornwall.de\/blog\/reiseinfos-england-reisetipps-klima\/\" \/>\n<meta property=\"og:locale\" content=\"en_US\" \/>\n<meta property=\"og:type\" content=\"article\" \/>\n<meta property=\"og:title\" content=\"Reiseinfos England - Reisetipps &amp; Klima - Urlaub &amp; Reisen\" \/>\n<meta property=\"og:description\" content=\"Lage: Westeuropa, MEZ \u2013 1Std (sowohl in der Sommer- als auch in der Winterzeit) Fl\u00e4che: 244.820 km\u00b2 Bev\u00f6lkerung: 60.100.000 (2006) Hauptstadt: London 7.489.022 Einwohner Staatsform: Parlamentarische Monarchie (im Commonwealth) seit 1921. Gro\u00dfbritannien ist eine Erbmonarchie, der Monarch hat nur repr\u00e4sentative Aufgaben. Es gibt keine geschriebene Verfassung, jedoch Gesetze, die Verfassungscharakter haben. Das Parlament besteht aus [&hellip;]\" \/>\n<meta property=\"og:url\" content=\"https:\/\/www.urlaubcornwall.de\/blog\/reiseinfos-england-reisetipps-klima\/\" \/>\n<meta property=\"og:site_name\" content=\"Urlaub &amp; Reisen\" \/>\n<meta property=\"article:modified_time\" content=\"2024-04-16T09:59:54+00:00\" \/>\n<meta property=\"og:image\" content=\"https:\/\/www.urlaubcornwall.de\/blog\/wp-content\/uploads\/2019\/02\/stonehenge-england-gruppenreisen.jpg\" \/>\n<meta name=\"twitter:card\" content=\"summary\" \/>\n<meta name=\"twitter:label1\" content=\"Est. reading time\" \/>\n\t<meta name=\"twitter:data1\" content=\"3 minutes\" \/>\n<script type=\"application\/ld+json\" class=\"yoast-schema-graph\">{\"@context\":\"https:\/\/schema.org\",\"@graph\":[{\"@type\":\"WebSite\",\"@id\":\"https:\/\/www.urlaubcornwall.de\/blog\/#website\",\"url\":\"https:\/\/www.urlaubcornwall.de\/blog\/\",\"name\":\"Urlaub &amp; Reisen\",\"description\":\"Urlaub, Reisen, Cornwall und S\u00fcdengland: eine perfekte Kombination\",\"potentialAction\":[{\"@type\":\"SearchAction\",\"target\":{\"@type\":\"EntryPoint\",\"urlTemplate\":\"https:\/\/www.urlaubcornwall.de\/blog\/?s={search_term_string}\"},\"query-input\":\"required name=search_term_string\"}],\"inLanguage\":\"en-US\"},{\"@type\":\"WebPage\",\"@id\":\"https:\/\/www.urlaubcornwall.de\/blog\/reiseinfos-england-reisetipps-klima\/\",\"url\":\"https:\/\/www.urlaubcornwall.de\/blog\/reiseinfos-england-reisetipps-klima\/\",\"name\":\"Reiseinfos England - Reisetipps & Klima - Urlaub &amp; Reisen\",\"isPartOf\":{\"@id\":\"https:\/\/www.urlaubcornwall.de\/blog\/#website\"},\"datePublished\":\"2021-01-14T10:45:35+00:00\",\"dateModified\":\"2024-04-16T09:59:54+00:00\",\"breadcrumb\":{\"@id\":\"https:\/\/www.urlaubcornwall.de\/blog\/reiseinfos-england-reisetipps-klima\/#breadcrumb\"},\"inLanguage\":\"en-US\",\"potentialAction\":[{\"@type\":\"ReadAction\",\"target\":[\"https:\/\/www.urlaubcornwall.de\/blog\/reiseinfos-england-reisetipps-klima\/\"]}]},{\"@type\":\"BreadcrumbList\",\"@id\":\"https:\/\/www.urlaubcornwall.de\/blog\/reiseinfos-england-reisetipps-klima\/#breadcrumb\",\"itemListElement\":[{\"@type\":\"ListItem\",\"position\":1,\"name\":\"Home\",\"item\":\"https:\/\/www.urlaubcornwall.de\/blog\/\"},{\"@type\":\"ListItem\",\"position\":2,\"name\":\"Reiseinfos England &#8211; Reisetipps &#038; Klima\"}]}]}<\/script>\n<!-- \/ Yoast SEO plugin. -->","yoast_head_json":{"title":"Reiseinfos England - Reisetipps & Klima - Urlaub &amp; Reisen","robots":{"index":"index","follow":"follow","max-snippet":"max-snippet:-1","max-image-preview":"max-image-preview:large","max-video-preview":"max-video-preview:-1"},"canonical":"https:\/\/www.urlaubcornwall.de\/blog\/reiseinfos-england-reisetipps-klima\/","og_locale":"en_US","og_type":"article","og_title":"Reiseinfos England - Reisetipps & Klima - Urlaub &amp; Reisen","og_description":"Lage: Westeuropa, MEZ \u2013 1Std (sowohl in der Sommer- als auch in der Winterzeit) Fl\u00e4che: 244.820 km\u00b2 Bev\u00f6lkerung: 60.100.000 (2006) Hauptstadt: London 7.489.022 Einwohner Staatsform: Parlamentarische Monarchie (im Commonwealth) seit 1921. Gro\u00dfbritannien ist eine Erbmonarchie, der Monarch hat nur repr\u00e4sentative Aufgaben. Es gibt keine geschriebene Verfassung, jedoch Gesetze, die Verfassungscharakter haben. Das Parlament besteht aus [&hellip;]","og_url":"https:\/\/www.urlaubcornwall.de\/blog\/reiseinfos-england-reisetipps-klima\/","og_site_name":"Urlaub &amp; Reisen","article_modified_time":"2024-04-16T09:59:54+00:00","og_image":[{"url":"https:\/\/www.urlaubcornwall.de\/blog\/wp-content\/uploads\/2019\/02\/stonehenge-england-gruppenreisen.jpg"}],"twitter_card":"summary","twitter_misc":{"Est. reading time":"3 minutes"},"schema":{"@context":"https:\/\/schema.org","@graph":[{"@type":"WebSite","@id":"https:\/\/www.urlaubcornwall.de\/blog\/#website","url":"https:\/\/www.urlaubcornwall.de\/blog\/","name":"Urlaub &amp; Reisen","description":"Urlaub, Reisen, Cornwall und S\u00fcdengland: eine perfekte Kombination","potentialAction":[{"@type":"SearchAction","target":{"@type":"EntryPoint","urlTemplate":"https:\/\/www.urlaubcornwall.de\/blog\/?s={search_term_string}"},"query-input":"required name=search_term_string"}],"inLanguage":"en-US"},{"@type":"WebPage","@id":"https:\/\/www.urlaubcornwall.de\/blog\/reiseinfos-england-reisetipps-klima\/","url":"https:\/\/www.urlaubcornwall.de\/blog\/reiseinfos-england-reisetipps-klima\/","name":"Reiseinfos England - Reisetipps & Klima - Urlaub &amp; Reisen","isPartOf":{"@id":"https:\/\/www.urlaubcornwall.de\/blog\/#website"},"datePublished":"2021-01-14T10:45:35+00:00","dateModified":"2024-04-16T09:59:54+00:00","breadcrumb":{"@id":"https:\/\/www.urlaubcornwall.de\/blog\/reiseinfos-england-reisetipps-klima\/#breadcrumb"},"inLanguage":"en-US","potentialAction":[{"@type":"ReadAction","target":["https:\/\/www.urlaubcornwall.de\/blog\/reiseinfos-england-reisetipps-klima\/"]}]},{"@type":"BreadcrumbList","@id":"https:\/\/www.urlaubcornwall.de\/blog\/reiseinfos-england-reisetipps-klima\/#breadcrumb","itemListElement":[{"@type":"ListItem","position":1,"name":"Home","item":"https:\/\/www.urlaubcornwall.de\/blog\/"},{"@type":"ListItem","position":2,"name":"Reiseinfos England &#8211; Reisetipps &#038; Klima"}]}]}},"_links":{"self":[{"href":"https:\/\/www.urlaubcornwall.de\/blog\/wp-json\/wp\/v2\/pages\/41413"}],"collection":[{"href":"https:\/\/www.urlaubcornwall.de\/blog\/wp-json\/wp\/v2\/pages"}],"about":[{"href":"https:\/\/www.urlaubcornwall.de\/blog\/wp-json\/wp\/v2\/types\/page"}],"author":[{"embeddable":true,"href":"https:\/\/www.urlaubcornwall.de\/blog\/wp-json\/wp\/v2\/users\/1"}],"replies":[{"embeddable":true,"href":"https:\/\/www.urlaubcornwall.de\/blog\/wp-json\/wp\/v2\/comments?post=41413"}],"version-history":[{"count":4,"href":"https:\/\/www.urlaubcornwall.de\/blog\/wp-json\/wp\/v2\/pages\/41413\/revisions"}],"predecessor-version":[{"id":49857,"href":"https:\/\/www.urlaubcornwall.de\/blog\/wp-json\/wp\/v2\/pages\/41413\/revisions\/49857"}],"wp:attachment":[{"href":"https:\/\/www.urlaubcornwall.de\/blog\/wp-json\/wp\/v2\/media?parent=41413"}],"curies":[{"name":"wp","href":"https:\/\/api.w.org\/{rel}","templated":true}]}}