{"id":41411,"date":"2021-01-13T16:44:17","date_gmt":"2021-01-13T16:44:17","guid":{"rendered":"https:\/\/www.urlaubcornwall.de\/blog\/?page_id=41411"},"modified":"2025-10-20T11:04:20","modified_gmt":"2025-10-20T11:04:20","slug":"wunderschoene-ostkueste-norfolk-broads-suffolk-8-tage","status":"publish","type":"page","link":"https:\/\/www.urlaubcornwall.de\/blog\/wunderschoene-ostkueste-norfolk-broads-suffolk-8-tage\/","title":{"rendered":"Wundersch\u00f6ne Ostk\u00fcste Norfolk Broads &#038; Suffolk \u2013 8 Tage Urlaub"},"content":{"rendered":"<p><a href=\"https:\/\/www.urlaubcornwall.de\/blog\/wp-content\/uploads\/2024\/03\/norfolk-windmill.jpg\"><img loading=\"lazy\" src=\"https:\/\/www.urlaubcornwall.de\/blog\/wp-content\/uploads\/2024\/03\/norfolk-windmill.jpg\" alt=\"norfolk windmill\" width=\"750\" height=\"500\" class=\"alignnone size-full wp-image-47799\" srcset=\"https:\/\/www.urlaubcornwall.de\/blog\/wp-content\/uploads\/2024\/03\/norfolk-windmill.jpg 750w, https:\/\/www.urlaubcornwall.de\/blog\/wp-content\/uploads\/2024\/03\/norfolk-windmill-300x200.jpg 300w\" sizes=\"(max-width: 750px) 100vw, 750px\" \/><\/a><\/p>\n<p>Die Ostk\u00fcste England mit den Grafschaften Cambridgeshire, <a href=\"https:\/\/www.urlaubcornwall.de\/blog\/urlaub-in-suffolk-die-grafschaft-von-constable-und-das-zuhause-mittelalterlicher-staedte-und-doerfer\/\">Suffolk<\/a> und <a href=\"https:\/\/www.urlaubcornwall.de\/blog\/urlaub-in-east-anglia-ostanglien-eine-abgeschiedene-ecke-englands\/\">East Anglia<\/a> ist bisher noch ein echter Geheimtipp! Viele Touristen vergessen, dass die Ostk\u00fcste Englands ein wahres Juwel ist. Die K\u00fcste mit ihren beeindruckenden Naturschutzgebieten, ausgedehnten Sandstr\u00e4nden, charmanten K\u00fcstenst\u00e4dten und ihrer reichen Geschichte ist ein Paradies f\u00fcr Naturliebhaber. Aber auch Fans von Herrenh\u00e4usern, imposanten Kirchen und idyllischen Marktflecken kommen auf Ihre Kosten. Gehen Sie also mit uns auf Entdeckungstour und bereisen Sie den Osten England w\u00e4hrend unserer 8-t\u00e4gigen &#8220;Wundersch\u00f6ne Ostk\u00fcste Norfolk Broads &#038; Suffolk&#8221; Autoreise. Sehr gerne verl\u00e4ngern wir die Reise um ein paar Tage London.<\/p>\n<p style=\"text-align: center;\"><a class=\"tidycta\" href=\"http:\/\/www.urlaubcornwall.de\/anfrage.php?tourcode=ENGSELBST-12\">Anfrage \/ Buchung<\/a><\/p>\n<p><strong>1. Tag: London \u2013 Ely (ca. 90km)<\/strong><\/p>\n<p>Flug in Eigenregie nach London. Am Flughafen angekommen nehmen Sie den Mietwagen entgegen und beginnen Ihre Autoreise \u201eWundersch\u00f6ne Ostk\u00fcste <a href=\"https:\/\/www.urlaubcornwall.de\/ferienhaeuser-fewos\/eng\/norfolk\/norfolk.html\">Norfolk Broads<\/a> &#038; <a href=\"https:\/\/www.urlaubcornwall.de\/ferienhaeuser-fewos\/eng\/suffolk\/suffolk.html\">Suffolk<\/a>\u201c. Sie verlassen London in n\u00f6rdlicher Richtung und erreichen nach nur etwa einer Stunde die Grafschaft <a href=\"https:\/\/www.urlaubcornwall.de\/ferienhaeuser-fewos\/eng\/cambridgeshire\/cambridgeshire.html\">Cambridgeshire<\/a>. Neben der weltber\u00fchmten <a href=\"https:\/\/www.urlaubcornwall.de\/blog\/urlaub-in-cambridge-east-anglia\/\">Universit\u00e4tsstadt Cambridge<\/a> d\u00fcrfen sich Besucher auf das vom National Trust ausgezeichnete Naturschutzgebiet \u201eWicken Fens\u201c freuen. Es handelt sich um ein von Fl\u00fcssen und Kan\u00e4len durchzogenes Moorgebiet mit atemraubender Landschaft.  Am Wicken Fen Infozentrum erhalten Sie Informationen zum \u201eWicken Fen Boardwalk Trail\u201c. Der Pfad ist etwa einen Kilometer lang und f\u00fchrt an den charakteristischen Windpumpen vorbei. 2 \u00dcbernachtungen im Raum Ely<\/p>\n<p><strong>2. Tag: Ely \/ Tag zur freien Verf\u00fcgung<\/strong><\/p>\n<p>Auf dem heutigen Programm sollte in jedem Fall die Besichtigung der Ely Cathedral stehen. Sie z\u00e4hlt zu den sch\u00f6nsten Kathedralen im ganzen Inselreich \u2013 sie gilt als Meisterwerk mittelalterlicher Architektur. Eine weitere sehenswerte Stadt ist Wisbech. Sie ist bekannt f\u00fcr ihre wundersch\u00f6nen georgianischen Stra\u00dfen. Ein n\u00e4chster Halt lohnt am Burghley House, ein gewaltiges Landschloss. Zwei Kilometer westlich liegt Stamford, dessen kleine gelb-grauen Kalksteinh\u00e4uschen die kopfsteingepflasterten Stra\u00dfen s\u00e4umen. Der Ort ist einer der sch\u00f6nsten mittelalterlichen Ansiedlungen, die das K\u00f6nigreich zu bieten hat. Bevor es wieder zur\u00fcck zu Ihrer Unterkunft geht, bietet sich ein letzter Stopp in Peterborough an. Dort finden Sie einen architektonischen und historischen Schatz: Peterborough Cathedral. Selbst unter den erlesensten Kirchen und Kathedralen Gro\u00dfbritanniens ragt diese in ihrer Pracht heraus. Fall Sie diesen Tag lieber in der Natur verbringen, bietet sich eine Wanderung im Naturschutzgebiet \u201eWicken Fen\u201c. \u00dcbernachtung wie am Vortag. <\/p>\n<p><strong>3. Tag: Ely \u2013 Huntstanton (ca. 75km)<\/strong><\/p>\n<p>Nach dem Fr\u00fchst\u00fcck Fahrt in Richtung Norden in die englische Hansestadt <a href=\"https:\/\/www.urlaubcornwall.de\/ferienhaeuser-fewos\/eng\/norfolk\/kings-lynn.html\">King\u2019s Lynn<\/a>. Bei einem Spaziergang durch die von mittelalterlichen Kaufmannsh\u00e4usern ges\u00e4umten Gassen gibt es viel zu entdecken. Der mittelalterliche Marktplatz wird vom Dom von King\u2019s Lynn sowie der Trinity Guildhall gepr\u00e4gt und das Custom House und das Besucherzentrum \u00fcberblicken den alten mittelalterlichen Hafen. Danach Weiterfahrt nach Sandringham. Bei Dersingham unterh\u00e4lt die britische K\u00f6nigsfamilie einen Landsitz namens Sandringham House, das sich auf dem \u00fcber 8.000 Hektar gro\u00dfen Sandringham Estate befindet, inmitten eines wundersch\u00f6nen Naturschutzgebiets. Sp\u00e4ter Weiterfahrt zum heutigen Ziel, Huntstanton. 2 \u00dcbernachtungen im Raum <a href=\"https:\/\/www.urlaubcornwall.de\/ferienhaeuser-fewos\/eng\/norfolk\/hunstanton.html\">Huntstanton<\/a><\/p>\n<p><strong>4. Tag: Huntstanton \/ Tag zur freien Verf\u00fcgung<\/strong><\/p>\n<p>Entdecken Sie heute die K\u00fcste. Die K\u00fcstenstadt Huntstanton, 1846 als Badeort errichtet, hat ihren viktorianischen Charme und Stil bis heute erhalten und ist immer noch eine beliebte Urlaubsdestination f\u00fcr G\u00e4ste aller Altersklassen. Die ber\u00fchmten rot-wei\u00df gestreiften Klippen in Hunstanton sind eine nicht zu \u00fcbersehende Attraktion. Entlang der K\u00fcste schl\u00e4ngelt sich das RSPB Titchwell Marsh Nature Reserve, eines der sch\u00f6nsten Naturschutzgebiete von North Norfolk. Genie\u00dfen Sie den Panoramablick auf K\u00fcstend\u00f6rfer vor dem Hintergrund von The Wash. Nach etwa 25 Kilometern erreichen Sie das Herrenhaus Holkham Hall mit seinem pr\u00e4chtigen Hirschpark. Nehmen Sie nach dem Mittagessen in <a href=\"https:\/\/www.urlaubcornwall.de\/ferienhaeuser-fewos\/eng\/norfolk\/wells-next-the-sea.html\">Wells-next-the Sea<\/a> an einer Bootsfahrt von Morston teil, um die gr\u00f6\u00dfte Robbenkolonie Englands am Blakeney Point zu sehen. Eisenbahnenthusiasten d\u00fcrfen die Fahrt mit der Schmalspurbahn von Wells ins 8km s\u00fcdlich gelegene Litte Walsingham nicht auslassen. \u00dcbernachtung wie am Vortag.<\/p>\n<p><strong>5.\/6. Tag: Huntstanton \u2013 Norfork Broads Nationalpark (ca. 100km)<\/strong><br \/>\n<a href=\"https:\/\/www.urlaubcornwall.de\/blog\/wp-content\/uploads\/2024\/03\/norfolk-broads.jpg\"><img loading=\"lazy\" src=\"https:\/\/www.urlaubcornwall.de\/blog\/wp-content\/uploads\/2024\/03\/norfolk-broads.jpg\" alt=\"norfolk broads\" width=\"750\" height=\"530\" class=\"alignnone size-full wp-image-47795\" srcset=\"https:\/\/www.urlaubcornwall.de\/blog\/wp-content\/uploads\/2024\/03\/norfolk-broads.jpg 750w, https:\/\/www.urlaubcornwall.de\/blog\/wp-content\/uploads\/2024\/03\/norfolk-broads-300x212.jpg 300w\" sizes=\"(max-width: 750px) 100vw, 750px\" \/><\/a><\/p>\n<p>Auf dem heutigen Programm steht die Fahrt zum bekannten Norfork Broads Nationalpark. Nutzen Sie diese beiden Tage, um die Region zu entdecken. Fl\u00fcsse, Seen und S\u00fcmpfe durchziehen auf 160 Quadratkilometern die \u201eBroads\u201c genannten Feuchtgebiete in der englischen Grafschaft Norfolk. Lange galt das Netz von Wasserstra\u00dfen als einzigartiges Naturph\u00e4nomen. Neben Ausfahrten auf der faszinierenden Wasserlandschaft per Kanu, Mietboot oder einer traditionellen Wherry k\u00f6nnen die Norfork Broads und ihre versteckten D\u00f6rfer auch \u00fcber Wander- und Fahrradwege entdeckt werden. 2 \u00dcbernachtungen im Raum Norfork Broads Nationalpark<\/p>\n<p><strong>7. Tag: Norfork Broads Nationalpark \u2013 Aldeburgh \u2013 Ipswich (ca. 110km)<\/strong><\/p>\n<p>Auch heute folgen Sie wieder der K\u00fcste. Wir empfehlen einen Zwischenstopp in <a href=\"https:\/\/www.urlaubcornwall.de\/ferienhaeuser-fewos\/eng\/suffolk\/southwold.html\">Southwold<\/a>, eine charmante K\u00fcstenstadt an der Suffolk Heritage Coast. Mit seinem Sandstrand, der ber\u00fchmten Seebr\u00fccke, dem attraktiven Hafen und der von Strandh\u00fctten ges\u00e4umten Promenade ist die malerische K\u00fcstenstadt Southwold das ganze Jahr \u00fcber das perfekte Reiseziel. <a href=\"https:\/\/www.urlaubcornwall.de\/ferienhaeuser-fewos\/eng\/suffolk\/aldeburgh.html\">Aldeburgh<\/a> ist dank seiner Verbindung mit dem Komponisten Benjamin Britten weltbekannt. Pastellfarbene Ferienvillen aus dem 19. Jahrhundert s\u00e4umen die Uferpromenade dieses traditionellen Badeortes. Sp\u00e4ter erreichen Sie Ipswich. \u00dcbernachtung im Raum Ipswich<\/p>\n<p><strong>8. Tag: Ipswich \u2013 London (ca. 80km)<\/strong><\/p>\n<p>Je nach R\u00fcckflug haben Sie noch etwas Zeit, um die Stadt Ipswich zu entdecken. Danach Fahrt zur\u00fcck zum Flughafen London. Abgabe des Mietwagens und R\u00fcckflug in Eigenregie. <\/p>\n<p><strong>Eingeschlossene Leistungen:<\/strong><\/p>\n<p>7 \u00dcbernachtungen in der gew\u00fcnschten Unterkunftskategorie (Bronze oder Silber)<\/p>\n<p>t\u00e4gliches Fr\u00fchst\u00fcck<\/p>\n<p>1 Reisef\u00fchrer \u00fcber England<\/p>\n<p><strong>Nicht eingeschlossene Leistungen:<\/strong><\/p>\n<p>Fl\u00fcge (bieten wir Ihnen gerne passend dazu an)<\/p>\n<p>Mietwagen (bieten wir Ihnen gerne passend an)<\/p>\n<p>Trinkgelder, Benzin, Eintritte<\/p>\n<p>Pers\u00f6nliche Ausgaben aller Art<\/p>\n<p>t\u00e4glich m\u00f6glich!<\/p>\n<p><strong>Preise 2026 <\/strong><\/p>\n<p>Bronze \u20ac 915,- pro Person im Doppelzimmer | \u20ac 1.120,- pro Person im Einzelzimmer (soweit verf\u00fcgbar) |<br \/>\n\u20ac 206,- Kind (0-14 Jahre) im Zustellbett<\/p>\n<p>Silber-Kategorie, Einzel- &#038; Mehrbettzimmer auf Anfrage!<\/p>\n<p style=\"text-align: center;\"><a class=\"tidycta\" href=\"http:\/\/www.urlaubcornwall.de\/anfrage.php?tourcode=ENGSELBST-12\">Anfrage \/ Buchung<\/a><\/p>\n","protected":false},"excerpt":{"rendered":"<p>Die Ostk\u00fcste England mit den Grafschaften Cambridgeshire, Suffolk und East Anglia ist bisher noch ein echter Geheimtipp! Viele Touristen vergessen, dass die Ostk\u00fcste Englands ein wahres Juwel ist. Die K\u00fcste mit ihren beeindruckenden Naturschutzgebieten, ausgedehnten Sandstr\u00e4nden, charmanten K\u00fcstenst\u00e4dten und ihrer reichen Geschichte ist ein Paradies f\u00fcr Naturliebhaber. Aber auch Fans von Herrenh\u00e4usern, imposanten Kirchen und [&hellip;]<\/p>\n","protected":false},"author":1,"featured_media":0,"parent":0,"menu_order":0,"comment_status":"closed","ping_status":"closed","template":"single-four.php","meta":[],"acf":[],"yoast_head":"<!-- This site is optimized with the Yoast SEO plugin v19.4 - https:\/\/yoast.com\/wordpress\/plugins\/seo\/ -->\n<title>Wundersch\u00f6ne Ostk\u00fcste Norfolk Broads &amp; Suffolk \u2013 8 Tage Urlaub - Urlaub &amp; Reisen<\/title>\n<meta name=\"robots\" content=\"index, follow, max-snippet:-1, max-image-preview:large, max-video-preview:-1\" \/>\n<link rel=\"canonical\" href=\"https:\/\/www.urlaubcornwall.de\/blog\/wunderschoene-ostkueste-norfolk-broads-suffolk-8-tage\/\" \/>\n<meta property=\"og:locale\" content=\"en_US\" \/>\n<meta property=\"og:type\" content=\"article\" \/>\n<meta property=\"og:title\" content=\"Wundersch\u00f6ne Ostk\u00fcste Norfolk Broads &amp; Suffolk \u2013 8 Tage Urlaub - Urlaub &amp; Reisen\" \/>\n<meta property=\"og:description\" content=\"Die Ostk\u00fcste England mit den Grafschaften Cambridgeshire, Suffolk und East Anglia ist bisher noch ein echter Geheimtipp! Viele Touristen vergessen, dass die Ostk\u00fcste Englands ein wahres Juwel ist. Die K\u00fcste mit ihren beeindruckenden Naturschutzgebieten, ausgedehnten Sandstr\u00e4nden, charmanten K\u00fcstenst\u00e4dten und ihrer reichen Geschichte ist ein Paradies f\u00fcr Naturliebhaber. Aber auch Fans von Herrenh\u00e4usern, imposanten Kirchen und [&hellip;]\" \/>\n<meta property=\"og:url\" content=\"https:\/\/www.urlaubcornwall.de\/blog\/wunderschoene-ostkueste-norfolk-broads-suffolk-8-tage\/\" \/>\n<meta property=\"og:site_name\" content=\"Urlaub &amp; Reisen\" \/>\n<meta property=\"article:modified_time\" content=\"2025-10-20T11:04:20+00:00\" \/>\n<meta property=\"og:image\" content=\"https:\/\/www.urlaubcornwall.de\/blog\/wp-content\/uploads\/2024\/03\/norfolk-windmill.jpg\" \/>\n<meta name=\"twitter:card\" content=\"summary\" \/>\n<meta name=\"twitter:label1\" content=\"Est. reading time\" \/>\n\t<meta name=\"twitter:data1\" content=\"5 minutes\" \/>\n<script type=\"application\/ld+json\" class=\"yoast-schema-graph\">{\"@context\":\"https:\/\/schema.org\",\"@graph\":[{\"@type\":\"WebSite\",\"@id\":\"https:\/\/www.urlaubcornwall.de\/blog\/#website\",\"url\":\"https:\/\/www.urlaubcornwall.de\/blog\/\",\"name\":\"Urlaub &amp; Reisen\",\"description\":\"Urlaub, Reisen, Cornwall und S\u00fcdengland: eine perfekte Kombination\",\"potentialAction\":[{\"@type\":\"SearchAction\",\"target\":{\"@type\":\"EntryPoint\",\"urlTemplate\":\"https:\/\/www.urlaubcornwall.de\/blog\/?s={search_term_string}\"},\"query-input\":\"required name=search_term_string\"}],\"inLanguage\":\"en-US\"},{\"@type\":\"WebPage\",\"@id\":\"https:\/\/www.urlaubcornwall.de\/blog\/wunderschoene-ostkueste-norfolk-broads-suffolk-8-tage\/\",\"url\":\"https:\/\/www.urlaubcornwall.de\/blog\/wunderschoene-ostkueste-norfolk-broads-suffolk-8-tage\/\",\"name\":\"Wundersch\u00f6ne Ostk\u00fcste Norfolk Broads & Suffolk \u2013 8 Tage Urlaub - Urlaub &amp; Reisen\",\"isPartOf\":{\"@id\":\"https:\/\/www.urlaubcornwall.de\/blog\/#website\"},\"datePublished\":\"2021-01-13T16:44:17+00:00\",\"dateModified\":\"2025-10-20T11:04:20+00:00\",\"breadcrumb\":{\"@id\":\"https:\/\/www.urlaubcornwall.de\/blog\/wunderschoene-ostkueste-norfolk-broads-suffolk-8-tage\/#breadcrumb\"},\"inLanguage\":\"en-US\",\"potentialAction\":[{\"@type\":\"ReadAction\",\"target\":[\"https:\/\/www.urlaubcornwall.de\/blog\/wunderschoene-ostkueste-norfolk-broads-suffolk-8-tage\/\"]}]},{\"@type\":\"BreadcrumbList\",\"@id\":\"https:\/\/www.urlaubcornwall.de\/blog\/wunderschoene-ostkueste-norfolk-broads-suffolk-8-tage\/#breadcrumb\",\"itemListElement\":[{\"@type\":\"ListItem\",\"position\":1,\"name\":\"Home\",\"item\":\"https:\/\/www.urlaubcornwall.de\/blog\/\"},{\"@type\":\"ListItem\",\"position\":2,\"name\":\"Wundersch\u00f6ne Ostk\u00fcste Norfolk Broads &#038; Suffolk \u2013 8 Tage Urlaub\"}]}]}<\/script>\n<!-- \/ Yoast SEO plugin. -->","yoast_head_json":{"title":"Wundersch\u00f6ne Ostk\u00fcste Norfolk Broads & Suffolk \u2013 8 Tage Urlaub - Urlaub &amp; Reisen","robots":{"index":"index","follow":"follow","max-snippet":"max-snippet:-1","max-image-preview":"max-image-preview:large","max-video-preview":"max-video-preview:-1"},"canonical":"https:\/\/www.urlaubcornwall.de\/blog\/wunderschoene-ostkueste-norfolk-broads-suffolk-8-tage\/","og_locale":"en_US","og_type":"article","og_title":"Wundersch\u00f6ne Ostk\u00fcste Norfolk Broads & Suffolk \u2013 8 Tage Urlaub - Urlaub &amp; Reisen","og_description":"Die Ostk\u00fcste England mit den Grafschaften Cambridgeshire, Suffolk und East Anglia ist bisher noch ein echter Geheimtipp! Viele Touristen vergessen, dass die Ostk\u00fcste Englands ein wahres Juwel ist. Die K\u00fcste mit ihren beeindruckenden Naturschutzgebieten, ausgedehnten Sandstr\u00e4nden, charmanten K\u00fcstenst\u00e4dten und ihrer reichen Geschichte ist ein Paradies f\u00fcr Naturliebhaber. Aber auch Fans von Herrenh\u00e4usern, imposanten Kirchen und [&hellip;]","og_url":"https:\/\/www.urlaubcornwall.de\/blog\/wunderschoene-ostkueste-norfolk-broads-suffolk-8-tage\/","og_site_name":"Urlaub &amp; Reisen","article_modified_time":"2025-10-20T11:04:20+00:00","og_image":[{"url":"https:\/\/www.urlaubcornwall.de\/blog\/wp-content\/uploads\/2024\/03\/norfolk-windmill.jpg"}],"twitter_card":"summary","twitter_misc":{"Est. reading time":"5 minutes"},"schema":{"@context":"https:\/\/schema.org","@graph":[{"@type":"WebSite","@id":"https:\/\/www.urlaubcornwall.de\/blog\/#website","url":"https:\/\/www.urlaubcornwall.de\/blog\/","name":"Urlaub &amp; Reisen","description":"Urlaub, Reisen, Cornwall und S\u00fcdengland: eine perfekte Kombination","potentialAction":[{"@type":"SearchAction","target":{"@type":"EntryPoint","urlTemplate":"https:\/\/www.urlaubcornwall.de\/blog\/?s={search_term_string}"},"query-input":"required name=search_term_string"}],"inLanguage":"en-US"},{"@type":"WebPage","@id":"https:\/\/www.urlaubcornwall.de\/blog\/wunderschoene-ostkueste-norfolk-broads-suffolk-8-tage\/","url":"https:\/\/www.urlaubcornwall.de\/blog\/wunderschoene-ostkueste-norfolk-broads-suffolk-8-tage\/","name":"Wundersch\u00f6ne Ostk\u00fcste Norfolk Broads & Suffolk \u2013 8 Tage Urlaub - Urlaub &amp; Reisen","isPartOf":{"@id":"https:\/\/www.urlaubcornwall.de\/blog\/#website"},"datePublished":"2021-01-13T16:44:17+00:00","dateModified":"2025-10-20T11:04:20+00:00","breadcrumb":{"@id":"https:\/\/www.urlaubcornwall.de\/blog\/wunderschoene-ostkueste-norfolk-broads-suffolk-8-tage\/#breadcrumb"},"inLanguage":"en-US","potentialAction":[{"@type":"ReadAction","target":["https:\/\/www.urlaubcornwall.de\/blog\/wunderschoene-ostkueste-norfolk-broads-suffolk-8-tage\/"]}]},{"@type":"BreadcrumbList","@id":"https:\/\/www.urlaubcornwall.de\/blog\/wunderschoene-ostkueste-norfolk-broads-suffolk-8-tage\/#breadcrumb","itemListElement":[{"@type":"ListItem","position":1,"name":"Home","item":"https:\/\/www.urlaubcornwall.de\/blog\/"},{"@type":"ListItem","position":2,"name":"Wundersch\u00f6ne Ostk\u00fcste Norfolk Broads &#038; Suffolk \u2013 8 Tage Urlaub"}]}]}},"_links":{"self":[{"href":"https:\/\/www.urlaubcornwall.de\/blog\/wp-json\/wp\/v2\/pages\/41411"}],"collection":[{"href":"https:\/\/www.urlaubcornwall.de\/blog\/wp-json\/wp\/v2\/pages"}],"about":[{"href":"https:\/\/www.urlaubcornwall.de\/blog\/wp-json\/wp\/v2\/types\/page"}],"author":[{"embeddable":true,"href":"https:\/\/www.urlaubcornwall.de\/blog\/wp-json\/wp\/v2\/users\/1"}],"replies":[{"embeddable":true,"href":"https:\/\/www.urlaubcornwall.de\/blog\/wp-json\/wp\/v2\/comments?post=41411"}],"version-history":[{"count":9,"href":"https:\/\/www.urlaubcornwall.de\/blog\/wp-json\/wp\/v2\/pages\/41411\/revisions"}],"predecessor-version":[{"id":51895,"href":"https:\/\/www.urlaubcornwall.de\/blog\/wp-json\/wp\/v2\/pages\/41411\/revisions\/51895"}],"wp:attachment":[{"href":"https:\/\/www.urlaubcornwall.de\/blog\/wp-json\/wp\/v2\/media?parent=41411"}],"curies":[{"name":"wp","href":"https:\/\/api.w.org\/{rel}","templated":true}]}}