{"id":41406,"date":"2021-01-13T15:43:20","date_gmt":"2021-01-13T15:43:20","guid":{"rendered":"https:\/\/www.urlaubcornwall.de\/blog\/?page_id=41406"},"modified":"2024-04-02T09:53:11","modified_gmt":"2024-04-02T09:53:11","slug":"individuelle-reise-in-england-massgeschneiderte-touren-und-busreisen","status":"publish","type":"page","link":"https:\/\/www.urlaubcornwall.de\/blog\/individuelle-reise-in-england-massgeschneiderte-touren-und-busreisen\/","title":{"rendered":"Individuelle Reise in England &#8211; ma\u00dfgeschneiderte Touren und Busreisen"},"content":{"rendered":"<p><img loading=\"lazy\" class=\"aligncenter size-full wp-image-48025\" src=\"https:\/\/www.urlaubcornwall.de\/blog\/wp-content\/uploads\/2024\/03\/stonehenge-1.jpg\" alt=\"stonehenge\" width=\"750\" height=\"500\" srcset=\"https:\/\/www.urlaubcornwall.de\/blog\/wp-content\/uploads\/2024\/03\/stonehenge-1.jpg 750w, https:\/\/www.urlaubcornwall.de\/blog\/wp-content\/uploads\/2024\/03\/stonehenge-1-300x200.jpg 300w\" sizes=\"(max-width: 750px) 100vw, 750px\" \/><\/p>\n<p>Lernen Sie dieses aufregende Land von seiner besten Seite kennen.<\/p>\n<p>Sie interessieren sich schon lange f\u00fcr eine <a href=\"https:\/\/www.urlaubcornwall.de\/reiseziel\/england.php\">Reise nach England<\/a>, sind aber noch auf der Suche nach einem ganz besonderen Highlight? Da k\u00f6nnen wir Ihnen mit Sicherheit das Passende bieten! Wie w\u00e4re es mit einem einmaligen Musical Besuch in der pulsierenden Metropole London? Aladdin oder The Blue Man Group sind nur zwei der vielen, faszinierenden Musicals, die Englands Hauptstadt zu bieten hat. Unter unseren England Specials finden Sie auch tolle Angebote f\u00fcr 4-t\u00e4gige Kurzreisen nach England.<\/p>\n<p>Auch erm\u00f6glichen wir Ihnen mit unseren England Specials gerne <a href=\"https:\/\/www.urlaubcornwall.de\/blog\/busreisen-durch-grossbritannien-und-irland\/\">individuelle Gruppenreisen<\/a>, f\u00fcr Vereine, Firmen oder Reisen besonderer Interessen wie z.B. G\u00e4rten oder Oldtimer. Egal von welchem England Special Sie schw\u00e4rmen, wir erstellen Ihnen gerne ein passendes individuelles Angebot, welches optimal auf Sie zugeschnitten ist. Dar\u00fcber hinaus z\u00e4hlen zu unseren England Specials nat\u00fcrlich auch die Hochzeitsreisen. Verbringen Sie die wohl sch\u00f6nste Reise Ihres Lebens in England. Dieses wahrhafte England Special ist ein ganz besonderes Erlebnis, das Ihnen mit Sicherheit noch lange in Erinnerung bleiben wird. Wir legen alles daran, Ihnen die Flitterwochen so sch\u00f6n wie m\u00f6glich zu gestalten ohne, dass Sie sich um etwas zu k\u00fcmmern brauchen. Egal f\u00fcr welches unserer England Specials Sie sich entscheiden, nat\u00fcrlich haben wir auch die passenden Transfers f\u00fcr Ihren Aufenthalt in London f\u00fcr Sie parat. F\u00fcr Einzelreisende oder auch in <a href=\"https:\/\/www.urlaubcornwall.de\/gruppenanfrage.php\">gr\u00f6\u00dferen Gruppen von bis zu 53 Personen<\/a> garantieren wir Ihnen einen reibungslosen Transportservice.<\/p>\n<p>Gerne beraten wir Sie n\u00e4her zu <a href=\"https:\/\/www.urlaubcornwall.de\/reisebuchung.php\">unseren England Specials!<\/a><\/p>\n","protected":false},"excerpt":{"rendered":"<p>Lernen Sie dieses aufregende Land von seiner besten Seite kennen. Sie interessieren sich schon lange f\u00fcr eine Reise nach England, sind aber noch auf der Suche nach einem ganz besonderen Highlight? Da k\u00f6nnen wir Ihnen mit Sicherheit das Passende bieten! Wie w\u00e4re es mit einem einmaligen Musical Besuch in der pulsierenden Metropole London? Aladdin oder [&hellip;]<\/p>\n","protected":false},"author":1,"featured_media":0,"parent":0,"menu_order":0,"comment_status":"closed","ping_status":"closed","template":"single-four.php","meta":[],"acf":[],"yoast_head":"<!-- This site is optimized with the Yoast SEO plugin v19.4 - https:\/\/yoast.com\/wordpress\/plugins\/seo\/ -->\n<title>Individuelle Reise in England - ma\u00dfgeschneiderte Touren und Busreisen - Urlaub &amp; Reisen<\/title>\n<meta name=\"robots\" content=\"index, follow, max-snippet:-1, max-image-preview:large, max-video-preview:-1\" \/>\n<link rel=\"canonical\" href=\"https:\/\/www.urlaubcornwall.de\/blog\/individuelle-reise-in-england-massgeschneiderte-touren-und-busreisen\/\" \/>\n<meta property=\"og:locale\" content=\"en_US\" \/>\n<meta property=\"og:type\" content=\"article\" \/>\n<meta property=\"og:title\" content=\"Individuelle Reise in England - ma\u00dfgeschneiderte Touren und Busreisen - Urlaub &amp; Reisen\" \/>\n<meta property=\"og:description\" content=\"Lernen Sie dieses aufregende Land von seiner besten Seite kennen. Sie interessieren sich schon lange f\u00fcr eine Reise nach England, sind aber noch auf der Suche nach einem ganz besonderen Highlight? Da k\u00f6nnen wir Ihnen mit Sicherheit das Passende bieten! Wie w\u00e4re es mit einem einmaligen Musical Besuch in der pulsierenden Metropole London? Aladdin oder [&hellip;]\" \/>\n<meta property=\"og:url\" content=\"https:\/\/www.urlaubcornwall.de\/blog\/individuelle-reise-in-england-massgeschneiderte-touren-und-busreisen\/\" \/>\n<meta property=\"og:site_name\" content=\"Urlaub &amp; Reisen\" \/>\n<meta property=\"article:modified_time\" content=\"2024-04-02T09:53:11+00:00\" \/>\n<meta property=\"og:image\" content=\"https:\/\/www.urlaubcornwall.de\/blog\/wp-content\/uploads\/2024\/03\/stonehenge-1.jpg\" \/>\n<meta name=\"twitter:card\" content=\"summary\" \/>\n<meta name=\"twitter:label1\" content=\"Est. reading time\" \/>\n\t<meta name=\"twitter:data1\" content=\"2 minutes\" \/>\n<script type=\"application\/ld+json\" class=\"yoast-schema-graph\">{\"@context\":\"https:\/\/schema.org\",\"@graph\":[{\"@type\":\"WebSite\",\"@id\":\"https:\/\/www.urlaubcornwall.de\/blog\/#website\",\"url\":\"https:\/\/www.urlaubcornwall.de\/blog\/\",\"name\":\"Urlaub &amp; Reisen\",\"description\":\"Urlaub, Reisen, Cornwall und S\u00fcdengland: eine perfekte Kombination\",\"potentialAction\":[{\"@type\":\"SearchAction\",\"target\":{\"@type\":\"EntryPoint\",\"urlTemplate\":\"https:\/\/www.urlaubcornwall.de\/blog\/?s={search_term_string}\"},\"query-input\":\"required name=search_term_string\"}],\"inLanguage\":\"en-US\"},{\"@type\":\"WebPage\",\"@id\":\"https:\/\/www.urlaubcornwall.de\/blog\/individuelle-reise-in-england-massgeschneiderte-touren-und-busreisen\/\",\"url\":\"https:\/\/www.urlaubcornwall.de\/blog\/individuelle-reise-in-england-massgeschneiderte-touren-und-busreisen\/\",\"name\":\"Individuelle Reise in England - ma\u00dfgeschneiderte Touren und Busreisen - Urlaub &amp; Reisen\",\"isPartOf\":{\"@id\":\"https:\/\/www.urlaubcornwall.de\/blog\/#website\"},\"datePublished\":\"2021-01-13T15:43:20+00:00\",\"dateModified\":\"2024-04-02T09:53:11+00:00\",\"breadcrumb\":{\"@id\":\"https:\/\/www.urlaubcornwall.de\/blog\/individuelle-reise-in-england-massgeschneiderte-touren-und-busreisen\/#breadcrumb\"},\"inLanguage\":\"en-US\",\"potentialAction\":[{\"@type\":\"ReadAction\",\"target\":[\"https:\/\/www.urlaubcornwall.de\/blog\/individuelle-reise-in-england-massgeschneiderte-touren-und-busreisen\/\"]}]},{\"@type\":\"BreadcrumbList\",\"@id\":\"https:\/\/www.urlaubcornwall.de\/blog\/individuelle-reise-in-england-massgeschneiderte-touren-und-busreisen\/#breadcrumb\",\"itemListElement\":[{\"@type\":\"ListItem\",\"position\":1,\"name\":\"Home\",\"item\":\"https:\/\/www.urlaubcornwall.de\/blog\/\"},{\"@type\":\"ListItem\",\"position\":2,\"name\":\"Individuelle Reise in England &#8211; ma\u00dfgeschneiderte Touren und Busreisen\"}]}]}<\/script>\n<!-- \/ Yoast SEO plugin. -->","yoast_head_json":{"title":"Individuelle Reise in England - ma\u00dfgeschneiderte Touren und Busreisen - Urlaub &amp; Reisen","robots":{"index":"index","follow":"follow","max-snippet":"max-snippet:-1","max-image-preview":"max-image-preview:large","max-video-preview":"max-video-preview:-1"},"canonical":"https:\/\/www.urlaubcornwall.de\/blog\/individuelle-reise-in-england-massgeschneiderte-touren-und-busreisen\/","og_locale":"en_US","og_type":"article","og_title":"Individuelle Reise in England - ma\u00dfgeschneiderte Touren und Busreisen - Urlaub &amp; Reisen","og_description":"Lernen Sie dieses aufregende Land von seiner besten Seite kennen. Sie interessieren sich schon lange f\u00fcr eine Reise nach England, sind aber noch auf der Suche nach einem ganz besonderen Highlight? Da k\u00f6nnen wir Ihnen mit Sicherheit das Passende bieten! Wie w\u00e4re es mit einem einmaligen Musical Besuch in der pulsierenden Metropole London? Aladdin oder [&hellip;]","og_url":"https:\/\/www.urlaubcornwall.de\/blog\/individuelle-reise-in-england-massgeschneiderte-touren-und-busreisen\/","og_site_name":"Urlaub &amp; Reisen","article_modified_time":"2024-04-02T09:53:11+00:00","og_image":[{"url":"https:\/\/www.urlaubcornwall.de\/blog\/wp-content\/uploads\/2024\/03\/stonehenge-1.jpg"}],"twitter_card":"summary","twitter_misc":{"Est. reading time":"2 minutes"},"schema":{"@context":"https:\/\/schema.org","@graph":[{"@type":"WebSite","@id":"https:\/\/www.urlaubcornwall.de\/blog\/#website","url":"https:\/\/www.urlaubcornwall.de\/blog\/","name":"Urlaub &amp; Reisen","description":"Urlaub, Reisen, Cornwall und S\u00fcdengland: eine perfekte Kombination","potentialAction":[{"@type":"SearchAction","target":{"@type":"EntryPoint","urlTemplate":"https:\/\/www.urlaubcornwall.de\/blog\/?s={search_term_string}"},"query-input":"required name=search_term_string"}],"inLanguage":"en-US"},{"@type":"WebPage","@id":"https:\/\/www.urlaubcornwall.de\/blog\/individuelle-reise-in-england-massgeschneiderte-touren-und-busreisen\/","url":"https:\/\/www.urlaubcornwall.de\/blog\/individuelle-reise-in-england-massgeschneiderte-touren-und-busreisen\/","name":"Individuelle Reise in England - ma\u00dfgeschneiderte Touren und Busreisen - Urlaub &amp; Reisen","isPartOf":{"@id":"https:\/\/www.urlaubcornwall.de\/blog\/#website"},"datePublished":"2021-01-13T15:43:20+00:00","dateModified":"2024-04-02T09:53:11+00:00","breadcrumb":{"@id":"https:\/\/www.urlaubcornwall.de\/blog\/individuelle-reise-in-england-massgeschneiderte-touren-und-busreisen\/#breadcrumb"},"inLanguage":"en-US","potentialAction":[{"@type":"ReadAction","target":["https:\/\/www.urlaubcornwall.de\/blog\/individuelle-reise-in-england-massgeschneiderte-touren-und-busreisen\/"]}]},{"@type":"BreadcrumbList","@id":"https:\/\/www.urlaubcornwall.de\/blog\/individuelle-reise-in-england-massgeschneiderte-touren-und-busreisen\/#breadcrumb","itemListElement":[{"@type":"ListItem","position":1,"name":"Home","item":"https:\/\/www.urlaubcornwall.de\/blog\/"},{"@type":"ListItem","position":2,"name":"Individuelle Reise in England &#8211; ma\u00dfgeschneiderte Touren und Busreisen"}]}]}},"_links":{"self":[{"href":"https:\/\/www.urlaubcornwall.de\/blog\/wp-json\/wp\/v2\/pages\/41406"}],"collection":[{"href":"https:\/\/www.urlaubcornwall.de\/blog\/wp-json\/wp\/v2\/pages"}],"about":[{"href":"https:\/\/www.urlaubcornwall.de\/blog\/wp-json\/wp\/v2\/types\/page"}],"author":[{"embeddable":true,"href":"https:\/\/www.urlaubcornwall.de\/blog\/wp-json\/wp\/v2\/users\/1"}],"replies":[{"embeddable":true,"href":"https:\/\/www.urlaubcornwall.de\/blog\/wp-json\/wp\/v2\/comments?post=41406"}],"version-history":[{"count":3,"href":"https:\/\/www.urlaubcornwall.de\/blog\/wp-json\/wp\/v2\/pages\/41406\/revisions"}],"predecessor-version":[{"id":48516,"href":"https:\/\/www.urlaubcornwall.de\/blog\/wp-json\/wp\/v2\/pages\/41406\/revisions\/48516"}],"wp:attachment":[{"href":"https:\/\/www.urlaubcornwall.de\/blog\/wp-json\/wp\/v2\/media?parent=41406"}],"curies":[{"name":"wp","href":"https:\/\/api.w.org\/{rel}","templated":true}]}}