{"id":41402,"date":"2021-01-12T14:28:37","date_gmt":"2021-01-12T14:28:37","guid":{"rendered":"https:\/\/www.urlaubcornwall.de\/blog\/?page_id=41402"},"modified":"2024-05-31T08:02:35","modified_gmt":"2024-05-31T08:02:35","slug":"fortbewegung-auf-den-kanalinseln","status":"publish","type":"page","link":"https:\/\/www.urlaubcornwall.de\/blog\/fortbewegung-auf-den-kanalinseln\/","title":{"rendered":"Fortbewegung auf den Kanalinseln"},"content":{"rendered":"<p><a href=\"https:\/\/www.urlaubcornwall.de\/blog\/wp-content\/uploads\/2023\/02\/gorey-schloss-jersey-kanailinseln.jpg\"><img loading=\"lazy\" src=\"https:\/\/www.urlaubcornwall.de\/blog\/wp-content\/uploads\/2023\/02\/gorey-schloss-jersey-kanailinseln.jpg\" alt=\"gorey schloss jersey kanailinseln\" width=\"750\" height=\"500\" class=\"alignnone size-full wp-image-45940\" srcset=\"https:\/\/www.urlaubcornwall.de\/blog\/wp-content\/uploads\/2023\/02\/gorey-schloss-jersey-kanailinseln.jpg 750w, https:\/\/www.urlaubcornwall.de\/blog\/wp-content\/uploads\/2023\/02\/gorey-schloss-jersey-kanailinseln-300x200.jpg 300w\" sizes=\"(max-width: 750px) 100vw, 750px\" \/><\/a><\/p>\n<p>Die <a href=\"https:\/\/www.urlaubcornwall.de\/reiseziel\/kanalinseln\/\">Inseln sind klein<\/a>, weshalb man sie problemlos zu Fu\u00df oder mit dem Fahrrad erkunden kann. Ausgewiesene Rad- und Wanderwege f\u00fchren entlang der K\u00fcste und auf ruhigen, abgelegenen Landstra\u00dfen durch das Inselinnere. Am besten Sie holen sich im Visitor Centre die verschiedenen Karten. Der Tourismusverband hat die Wege \u00fcbersichtlich mit verschiedenen Farben und Nummern versehen, sodass man sich sehr schnell zu Recht findet. <\/p>\n<p>Das \u00f6ffentliche Nahverkehrsnetz ist \u00e4hnlich simpel aufgebaut. Dank der guten und regelm\u00e4\u00dfigen Busverbindungen k\u00f6nnen die wichtigsten Sehensw\u00fcrdigkeiten erreicht werden. Pro Strecke kann man mit 2-3 GBP rechnen, die direkt an den Busfahrer bezahlt werden (am besten passend bereithalten). Dabei spielt es keine Rolle, wie viele Haltestellen abgefahren werden. Wenn Sie mit Kreditkarte zahlen, bekommen Sie sogar noch einen kleinen Rabatt. Die Tagestickets liegen bei ca. 8 GBP.<\/p>\n<p style=\"text-align: center;\"><a class=\"tidycta\" href=\"https:\/\/www.urlaubcornwall.de\/blog\/spezialist-reisen-kanalinseln\/\">Urlaubsinspiration &#8211; zu den Kanalinseln Angeboten<\/a><\/p>\n","protected":false},"excerpt":{"rendered":"<p>Die Inseln sind klein, weshalb man sie problemlos zu Fu\u00df oder mit dem Fahrrad erkunden kann. Ausgewiesene Rad- und Wanderwege f\u00fchren entlang der K\u00fcste und auf ruhigen, abgelegenen Landstra\u00dfen durch das Inselinnere. Am besten Sie holen sich im Visitor Centre die verschiedenen Karten. Der Tourismusverband hat die Wege \u00fcbersichtlich mit verschiedenen Farben und Nummern versehen, [&hellip;]<\/p>\n","protected":false},"author":1,"featured_media":0,"parent":0,"menu_order":0,"comment_status":"closed","ping_status":"closed","template":"single-four.php","meta":[],"acf":[],"yoast_head":"<!-- This site is optimized with the Yoast SEO plugin v19.4 - https:\/\/yoast.com\/wordpress\/plugins\/seo\/ -->\n<title>Fortbewegung auf den Kanalinseln - Urlaub &amp; Reisen<\/title>\n<meta name=\"robots\" content=\"index, follow, max-snippet:-1, max-image-preview:large, max-video-preview:-1\" \/>\n<link rel=\"canonical\" href=\"https:\/\/www.urlaubcornwall.de\/blog\/fortbewegung-auf-den-kanalinseln\/\" \/>\n<meta property=\"og:locale\" content=\"en_US\" \/>\n<meta property=\"og:type\" content=\"article\" \/>\n<meta property=\"og:title\" content=\"Fortbewegung auf den Kanalinseln - Urlaub &amp; Reisen\" \/>\n<meta property=\"og:description\" content=\"Die Inseln sind klein, weshalb man sie problemlos zu Fu\u00df oder mit dem Fahrrad erkunden kann. Ausgewiesene Rad- und Wanderwege f\u00fchren entlang der K\u00fcste und auf ruhigen, abgelegenen Landstra\u00dfen durch das Inselinnere. Am besten Sie holen sich im Visitor Centre die verschiedenen Karten. Der Tourismusverband hat die Wege \u00fcbersichtlich mit verschiedenen Farben und Nummern versehen, [&hellip;]\" \/>\n<meta property=\"og:url\" content=\"https:\/\/www.urlaubcornwall.de\/blog\/fortbewegung-auf-den-kanalinseln\/\" \/>\n<meta property=\"og:site_name\" content=\"Urlaub &amp; Reisen\" \/>\n<meta property=\"article:modified_time\" content=\"2024-05-31T08:02:35+00:00\" \/>\n<meta property=\"og:image\" content=\"https:\/\/www.urlaubcornwall.de\/blog\/wp-content\/uploads\/2023\/02\/gorey-schloss-jersey-kanailinseln.jpg\" \/>\n<meta name=\"twitter:card\" content=\"summary\" \/>\n<meta name=\"twitter:label1\" content=\"Est. reading time\" \/>\n\t<meta name=\"twitter:data1\" content=\"1 minute\" \/>\n<script type=\"application\/ld+json\" class=\"yoast-schema-graph\">{\"@context\":\"https:\/\/schema.org\",\"@graph\":[{\"@type\":\"WebSite\",\"@id\":\"https:\/\/www.urlaubcornwall.de\/blog\/#website\",\"url\":\"https:\/\/www.urlaubcornwall.de\/blog\/\",\"name\":\"Urlaub &amp; Reisen\",\"description\":\"Urlaub, Reisen, Cornwall und S\u00fcdengland: eine perfekte Kombination\",\"potentialAction\":[{\"@type\":\"SearchAction\",\"target\":{\"@type\":\"EntryPoint\",\"urlTemplate\":\"https:\/\/www.urlaubcornwall.de\/blog\/?s={search_term_string}\"},\"query-input\":\"required name=search_term_string\"}],\"inLanguage\":\"en-US\"},{\"@type\":\"WebPage\",\"@id\":\"https:\/\/www.urlaubcornwall.de\/blog\/fortbewegung-auf-den-kanalinseln\/\",\"url\":\"https:\/\/www.urlaubcornwall.de\/blog\/fortbewegung-auf-den-kanalinseln\/\",\"name\":\"Fortbewegung auf den Kanalinseln - Urlaub &amp; Reisen\",\"isPartOf\":{\"@id\":\"https:\/\/www.urlaubcornwall.de\/blog\/#website\"},\"datePublished\":\"2021-01-12T14:28:37+00:00\",\"dateModified\":\"2024-05-31T08:02:35+00:00\",\"breadcrumb\":{\"@id\":\"https:\/\/www.urlaubcornwall.de\/blog\/fortbewegung-auf-den-kanalinseln\/#breadcrumb\"},\"inLanguage\":\"en-US\",\"potentialAction\":[{\"@type\":\"ReadAction\",\"target\":[\"https:\/\/www.urlaubcornwall.de\/blog\/fortbewegung-auf-den-kanalinseln\/\"]}]},{\"@type\":\"BreadcrumbList\",\"@id\":\"https:\/\/www.urlaubcornwall.de\/blog\/fortbewegung-auf-den-kanalinseln\/#breadcrumb\",\"itemListElement\":[{\"@type\":\"ListItem\",\"position\":1,\"name\":\"Home\",\"item\":\"https:\/\/www.urlaubcornwall.de\/blog\/\"},{\"@type\":\"ListItem\",\"position\":2,\"name\":\"Fortbewegung auf den Kanalinseln\"}]}]}<\/script>\n<!-- \/ Yoast SEO plugin. -->","yoast_head_json":{"title":"Fortbewegung auf den Kanalinseln - Urlaub &amp; Reisen","robots":{"index":"index","follow":"follow","max-snippet":"max-snippet:-1","max-image-preview":"max-image-preview:large","max-video-preview":"max-video-preview:-1"},"canonical":"https:\/\/www.urlaubcornwall.de\/blog\/fortbewegung-auf-den-kanalinseln\/","og_locale":"en_US","og_type":"article","og_title":"Fortbewegung auf den Kanalinseln - Urlaub &amp; Reisen","og_description":"Die Inseln sind klein, weshalb man sie problemlos zu Fu\u00df oder mit dem Fahrrad erkunden kann. Ausgewiesene Rad- und Wanderwege f\u00fchren entlang der K\u00fcste und auf ruhigen, abgelegenen Landstra\u00dfen durch das Inselinnere. Am besten Sie holen sich im Visitor Centre die verschiedenen Karten. Der Tourismusverband hat die Wege \u00fcbersichtlich mit verschiedenen Farben und Nummern versehen, [&hellip;]","og_url":"https:\/\/www.urlaubcornwall.de\/blog\/fortbewegung-auf-den-kanalinseln\/","og_site_name":"Urlaub &amp; Reisen","article_modified_time":"2024-05-31T08:02:35+00:00","og_image":[{"url":"https:\/\/www.urlaubcornwall.de\/blog\/wp-content\/uploads\/2023\/02\/gorey-schloss-jersey-kanailinseln.jpg"}],"twitter_card":"summary","twitter_misc":{"Est. reading time":"1 minute"},"schema":{"@context":"https:\/\/schema.org","@graph":[{"@type":"WebSite","@id":"https:\/\/www.urlaubcornwall.de\/blog\/#website","url":"https:\/\/www.urlaubcornwall.de\/blog\/","name":"Urlaub &amp; Reisen","description":"Urlaub, Reisen, Cornwall und S\u00fcdengland: eine perfekte Kombination","potentialAction":[{"@type":"SearchAction","target":{"@type":"EntryPoint","urlTemplate":"https:\/\/www.urlaubcornwall.de\/blog\/?s={search_term_string}"},"query-input":"required name=search_term_string"}],"inLanguage":"en-US"},{"@type":"WebPage","@id":"https:\/\/www.urlaubcornwall.de\/blog\/fortbewegung-auf-den-kanalinseln\/","url":"https:\/\/www.urlaubcornwall.de\/blog\/fortbewegung-auf-den-kanalinseln\/","name":"Fortbewegung auf den Kanalinseln - Urlaub &amp; Reisen","isPartOf":{"@id":"https:\/\/www.urlaubcornwall.de\/blog\/#website"},"datePublished":"2021-01-12T14:28:37+00:00","dateModified":"2024-05-31T08:02:35+00:00","breadcrumb":{"@id":"https:\/\/www.urlaubcornwall.de\/blog\/fortbewegung-auf-den-kanalinseln\/#breadcrumb"},"inLanguage":"en-US","potentialAction":[{"@type":"ReadAction","target":["https:\/\/www.urlaubcornwall.de\/blog\/fortbewegung-auf-den-kanalinseln\/"]}]},{"@type":"BreadcrumbList","@id":"https:\/\/www.urlaubcornwall.de\/blog\/fortbewegung-auf-den-kanalinseln\/#breadcrumb","itemListElement":[{"@type":"ListItem","position":1,"name":"Home","item":"https:\/\/www.urlaubcornwall.de\/blog\/"},{"@type":"ListItem","position":2,"name":"Fortbewegung auf den Kanalinseln"}]}]}},"_links":{"self":[{"href":"https:\/\/www.urlaubcornwall.de\/blog\/wp-json\/wp\/v2\/pages\/41402"}],"collection":[{"href":"https:\/\/www.urlaubcornwall.de\/blog\/wp-json\/wp\/v2\/pages"}],"about":[{"href":"https:\/\/www.urlaubcornwall.de\/blog\/wp-json\/wp\/v2\/types\/page"}],"author":[{"embeddable":true,"href":"https:\/\/www.urlaubcornwall.de\/blog\/wp-json\/wp\/v2\/users\/1"}],"replies":[{"embeddable":true,"href":"https:\/\/www.urlaubcornwall.de\/blog\/wp-json\/wp\/v2\/comments?post=41402"}],"version-history":[{"count":3,"href":"https:\/\/www.urlaubcornwall.de\/blog\/wp-json\/wp\/v2\/pages\/41402\/revisions"}],"predecessor-version":[{"id":51213,"href":"https:\/\/www.urlaubcornwall.de\/blog\/wp-json\/wp\/v2\/pages\/41402\/revisions\/51213"}],"wp:attachment":[{"href":"https:\/\/www.urlaubcornwall.de\/blog\/wp-json\/wp\/v2\/media?parent=41402"}],"curies":[{"name":"wp","href":"https:\/\/api.w.org\/{rel}","templated":true}]}}