{"id":41396,"date":"2021-01-12T14:16:05","date_gmt":"2021-01-12T14:16:05","guid":{"rendered":"https:\/\/www.urlaubcornwall.de\/blog\/?page_id=41396"},"modified":"2024-08-22T12:52:38","modified_gmt":"2024-08-22T12:52:38","slug":"reisen-auf-die-kanalinseln","status":"publish","type":"page","link":"https:\/\/www.urlaubcornwall.de\/blog\/reisen-auf-die-kanalinseln\/","title":{"rendered":"Reisen auf den Kanalinseln"},"content":{"rendered":"<p>Das Inselh\u00fcpfen ist generell sehr unkompliziert.<\/p>\n<p><strong>Jersey nach Guernsey<\/strong> &#8211; Die F\u00e4hrverbindung von <a href=\"https:\/\/www.urlaubcornwall.de\/reiseziel\/kanalinseln\/jersey.php\">Jersey<\/a> nach Guernsey und umgekehrt ist sehr gut ausgebaut und wird regelm\u00e4\u00dfig von Condor Ferries und Manche Iles Express angefahren und dauert 1 Stunde.<\/p>\n<p><strong>Guernsey nach Sark<\/strong> &#8211; Die <a href=\"https:\/\/www.urlaubcornwall.de\/blog\/sark-kanalinseln-charmant-und-friedlich\/\">Isle of Sark<\/a> Shipping Company f\u00e4hrt mehrmals t\u00e4glich zwischen St. Peter Port in Guernsey und Sark. Die Fahrt dauert 50 Minuten.<\/p>\n<p><strong>Guernsey nach Herm<\/strong> &#8211; Die \u00dcberfahrt von Guernsey nach <a href=\"https:\/\/www.urlaubcornwall.de\/blog\/herm-inselparadies-kanalinseln\/\">Herm<\/a> nimmt nur 20 Minuten in Anspruch und eignet sich hervorragend f\u00fcr einen Tagesausflug. Die Strecke wird mehrmals t\u00e4glich von Travel Trident angefahren.<\/p>\n<p><strong>Guernsey nach Alderney<\/strong> &#8211; Die F\u00e4hre von <a href=\"https:\/\/www.urlaubcornwall.de\/reiseziel\/kanalinseln\/guernsey.php\">Guernsey<\/a> nach <a href=\"https:\/\/www.urlaubcornwall.de\/blog\/urlaub-auf-alderney-geheimtipp-kanalinseln\/\">Alderney<\/a> und zur\u00fcck f\u00e4hrt zweimal t\u00e4glich, dauert eine Stunde und wird von The Little Ferry Company bedient.<\/p>\n","protected":false},"excerpt":{"rendered":"<p>Das Inselh\u00fcpfen ist generell sehr unkompliziert. Jersey nach Guernsey &#8211; Die F\u00e4hrverbindung von Jersey nach Guernsey und umgekehrt ist sehr gut ausgebaut und wird regelm\u00e4\u00dfig von Condor Ferries und Manche Iles Express angefahren und dauert 1 Stunde. Guernsey nach Sark &#8211; Die Isle of Sark Shipping Company f\u00e4hrt mehrmals t\u00e4glich zwischen St. Peter Port in [&hellip;]<\/p>\n","protected":false},"author":1,"featured_media":0,"parent":0,"menu_order":0,"comment_status":"closed","ping_status":"closed","template":"page-products.php","meta":[],"acf":[],"yoast_head":"<!-- This site is optimized with the Yoast SEO plugin v19.4 - https:\/\/yoast.com\/wordpress\/plugins\/seo\/ -->\n<title>Reisen auf den Kanalinseln - Urlaub &amp; Reisen<\/title>\n<meta name=\"description\" content=\"Das Inselh\u00fcpfen ist generell sehr unkompliziert. Die Kanalinseln (Channel Islands) liegen 22,5km vor der franz\u00f6sischen K\u00fcste\" \/>\n<meta name=\"robots\" content=\"index, follow, max-snippet:-1, max-image-preview:large, max-video-preview:-1\" \/>\n<link rel=\"canonical\" href=\"https:\/\/www.urlaubcornwall.de\/blog\/reisen-auf-die-kanalinseln\/\" \/>\n<meta property=\"og:locale\" content=\"en_US\" \/>\n<meta property=\"og:type\" content=\"article\" \/>\n<meta property=\"og:title\" content=\"Reisen auf den Kanalinseln - Urlaub &amp; Reisen\" \/>\n<meta property=\"og:description\" content=\"Das Inselh\u00fcpfen ist generell sehr unkompliziert. Die Kanalinseln (Channel Islands) liegen 22,5km vor der franz\u00f6sischen K\u00fcste\" \/>\n<meta property=\"og:url\" content=\"https:\/\/www.urlaubcornwall.de\/blog\/reisen-auf-die-kanalinseln\/\" \/>\n<meta property=\"og:site_name\" content=\"Urlaub &amp; Reisen\" \/>\n<meta property=\"article:modified_time\" content=\"2024-08-22T12:52:38+00:00\" \/>\n<meta name=\"twitter:card\" content=\"summary\" \/>\n<meta name=\"twitter:label1\" content=\"Est. reading time\" \/>\n\t<meta name=\"twitter:data1\" content=\"1 minute\" \/>\n<script type=\"application\/ld+json\" class=\"yoast-schema-graph\">{\"@context\":\"https:\/\/schema.org\",\"@graph\":[{\"@type\":\"WebSite\",\"@id\":\"https:\/\/www.urlaubcornwall.de\/blog\/#website\",\"url\":\"https:\/\/www.urlaubcornwall.de\/blog\/\",\"name\":\"Urlaub &amp; Reisen\",\"description\":\"Urlaub, Reisen, Cornwall und S\u00fcdengland: eine perfekte Kombination\",\"potentialAction\":[{\"@type\":\"SearchAction\",\"target\":{\"@type\":\"EntryPoint\",\"urlTemplate\":\"https:\/\/www.urlaubcornwall.de\/blog\/?s={search_term_string}\"},\"query-input\":\"required name=search_term_string\"}],\"inLanguage\":\"en-US\"},{\"@type\":\"WebPage\",\"@id\":\"https:\/\/www.urlaubcornwall.de\/blog\/reisen-auf-die-kanalinseln\/\",\"url\":\"https:\/\/www.urlaubcornwall.de\/blog\/reisen-auf-die-kanalinseln\/\",\"name\":\"Reisen auf den Kanalinseln - Urlaub &amp; Reisen\",\"isPartOf\":{\"@id\":\"https:\/\/www.urlaubcornwall.de\/blog\/#website\"},\"datePublished\":\"2021-01-12T14:16:05+00:00\",\"dateModified\":\"2024-08-22T12:52:38+00:00\",\"description\":\"Das Inselh\u00fcpfen ist generell sehr unkompliziert. Die Kanalinseln (Channel Islands) liegen 22,5km vor der franz\u00f6sischen K\u00fcste\",\"breadcrumb\":{\"@id\":\"https:\/\/www.urlaubcornwall.de\/blog\/reisen-auf-die-kanalinseln\/#breadcrumb\"},\"inLanguage\":\"en-US\",\"potentialAction\":[{\"@type\":\"ReadAction\",\"target\":[\"https:\/\/www.urlaubcornwall.de\/blog\/reisen-auf-die-kanalinseln\/\"]}]},{\"@type\":\"BreadcrumbList\",\"@id\":\"https:\/\/www.urlaubcornwall.de\/blog\/reisen-auf-die-kanalinseln\/#breadcrumb\",\"itemListElement\":[{\"@type\":\"ListItem\",\"position\":1,\"name\":\"Home\",\"item\":\"https:\/\/www.urlaubcornwall.de\/blog\/\"},{\"@type\":\"ListItem\",\"position\":2,\"name\":\"Reisen auf den Kanalinseln\"}]}]}<\/script>\n<!-- \/ Yoast SEO plugin. -->","yoast_head_json":{"title":"Reisen auf den Kanalinseln - Urlaub &amp; Reisen","description":"Das Inselh\u00fcpfen ist generell sehr unkompliziert. Die Kanalinseln (Channel Islands) liegen 22,5km vor der franz\u00f6sischen K\u00fcste","robots":{"index":"index","follow":"follow","max-snippet":"max-snippet:-1","max-image-preview":"max-image-preview:large","max-video-preview":"max-video-preview:-1"},"canonical":"https:\/\/www.urlaubcornwall.de\/blog\/reisen-auf-die-kanalinseln\/","og_locale":"en_US","og_type":"article","og_title":"Reisen auf den Kanalinseln - Urlaub &amp; Reisen","og_description":"Das Inselh\u00fcpfen ist generell sehr unkompliziert. Die Kanalinseln (Channel Islands) liegen 22,5km vor der franz\u00f6sischen K\u00fcste","og_url":"https:\/\/www.urlaubcornwall.de\/blog\/reisen-auf-die-kanalinseln\/","og_site_name":"Urlaub &amp; Reisen","article_modified_time":"2024-08-22T12:52:38+00:00","twitter_card":"summary","twitter_misc":{"Est. reading time":"1 minute"},"schema":{"@context":"https:\/\/schema.org","@graph":[{"@type":"WebSite","@id":"https:\/\/www.urlaubcornwall.de\/blog\/#website","url":"https:\/\/www.urlaubcornwall.de\/blog\/","name":"Urlaub &amp; Reisen","description":"Urlaub, Reisen, Cornwall und S\u00fcdengland: eine perfekte Kombination","potentialAction":[{"@type":"SearchAction","target":{"@type":"EntryPoint","urlTemplate":"https:\/\/www.urlaubcornwall.de\/blog\/?s={search_term_string}"},"query-input":"required name=search_term_string"}],"inLanguage":"en-US"},{"@type":"WebPage","@id":"https:\/\/www.urlaubcornwall.de\/blog\/reisen-auf-die-kanalinseln\/","url":"https:\/\/www.urlaubcornwall.de\/blog\/reisen-auf-die-kanalinseln\/","name":"Reisen auf den Kanalinseln - Urlaub &amp; Reisen","isPartOf":{"@id":"https:\/\/www.urlaubcornwall.de\/blog\/#website"},"datePublished":"2021-01-12T14:16:05+00:00","dateModified":"2024-08-22T12:52:38+00:00","description":"Das Inselh\u00fcpfen ist generell sehr unkompliziert. Die Kanalinseln (Channel Islands) liegen 22,5km vor der franz\u00f6sischen K\u00fcste","breadcrumb":{"@id":"https:\/\/www.urlaubcornwall.de\/blog\/reisen-auf-die-kanalinseln\/#breadcrumb"},"inLanguage":"en-US","potentialAction":[{"@type":"ReadAction","target":["https:\/\/www.urlaubcornwall.de\/blog\/reisen-auf-die-kanalinseln\/"]}]},{"@type":"BreadcrumbList","@id":"https:\/\/www.urlaubcornwall.de\/blog\/reisen-auf-die-kanalinseln\/#breadcrumb","itemListElement":[{"@type":"ListItem","position":1,"name":"Home","item":"https:\/\/www.urlaubcornwall.de\/blog\/"},{"@type":"ListItem","position":2,"name":"Reisen auf den Kanalinseln"}]}]}},"_links":{"self":[{"href":"https:\/\/www.urlaubcornwall.de\/blog\/wp-json\/wp\/v2\/pages\/41396"}],"collection":[{"href":"https:\/\/www.urlaubcornwall.de\/blog\/wp-json\/wp\/v2\/pages"}],"about":[{"href":"https:\/\/www.urlaubcornwall.de\/blog\/wp-json\/wp\/v2\/types\/page"}],"author":[{"embeddable":true,"href":"https:\/\/www.urlaubcornwall.de\/blog\/wp-json\/wp\/v2\/users\/1"}],"replies":[{"embeddable":true,"href":"https:\/\/www.urlaubcornwall.de\/blog\/wp-json\/wp\/v2\/comments?post=41396"}],"version-history":[{"count":11,"href":"https:\/\/www.urlaubcornwall.de\/blog\/wp-json\/wp\/v2\/pages\/41396\/revisions"}],"predecessor-version":[{"id":51550,"href":"https:\/\/www.urlaubcornwall.de\/blog\/wp-json\/wp\/v2\/pages\/41396\/revisions\/51550"}],"wp:attachment":[{"href":"https:\/\/www.urlaubcornwall.de\/blog\/wp-json\/wp\/v2\/media?parent=41396"}],"curies":[{"name":"wp","href":"https:\/\/api.w.org\/{rel}","templated":true}]}}