{"id":41389,"date":"2021-01-09T14:20:51","date_gmt":"2021-01-09T14:20:51","guid":{"rendered":"https:\/\/www.urlaubcornwall.de\/blog\/?page_id=41389"},"modified":"2024-05-31T07:42:27","modified_gmt":"2024-05-31T07:42:27","slug":"pontcysyllte-aquaedukt-2","status":"publish","type":"page","link":"https:\/\/www.urlaubcornwall.de\/blog\/pontcysyllte-aquaedukt-2\/","title":{"rendered":"Pontcysyllte Aqu\u00e4dukt"},"content":{"rendered":"<p><a href=\"https:\/\/www.urlaubcornwall.de\/blog\/wp-content\/uploads\/2024\/03\/Pontcysyllte-Aqueduct.jpg\"><img loading=\"lazy\" src=\"https:\/\/www.urlaubcornwall.de\/blog\/wp-content\/uploads\/2024\/03\/Pontcysyllte-Aqueduct.jpg\" alt=\"Pontcysyllte-Aqueduct\" width=\"750\" height=\"510\" class=\"alignnone size-full wp-image-48053\" srcset=\"https:\/\/www.urlaubcornwall.de\/blog\/wp-content\/uploads\/2024\/03\/Pontcysyllte-Aqueduct.jpg 750w, https:\/\/www.urlaubcornwall.de\/blog\/wp-content\/uploads\/2024\/03\/Pontcysyllte-Aqueduct-300x204.jpg 300w\" sizes=\"(max-width: 750px) 100vw, 750px\" \/><\/a><\/p>\n<p>Der \u2018Kanal in den Wolken\u2019 wurde 1805 von Thomas Telford und William Jessop erbaut, um den Ellesmere Kanal durch das Tal des Flusses Dee zu bringen. Das gusseiserne Aqu\u00e4dukt ist auf 19 S\u00e4ulen errichtet, 30m \u00fcber dem Fluss Dee an der walisisch-englischen Grenze. Sie k\u00f6nnen hin\u00fcber spazieren oder eine Bootsfahrt machen; es gibt einen herrlichen Blick vom Aqu\u00e4dukt aus auf den Fluss und die Landschaft.<\/p>\n<div class=\"snippet\"> <a class=\"featured-item\" href=\" https:\/\/www.urlaubcornwall.de\/ferienhaeuser\/wales.php\"> <span class=\"image-holder\" style=\"background-image: url(' https:\/\/www.urlaubcornwall.de\/blog\/wp-content\/uploads\/2018\/12\/busreisen-wales-england.jpg');\"><\/span> <span class=\"featured-content\"> \n<h2 class=\"featured-title\">Bei uns finden Sie Ferienh\u00e4user in Wales zum Verlieben!<\/h2>\n<p class=\"featured-body\">Untenstehend finden Sie eine Auswahl an Selbstversorger-Ferienh\u00e4usern in Wales. Hier finden Sie handverlesene, pers\u00f6nlich inspizierte Cottages entlang der walisischen K\u00fcste&#8230;..<\/p>\n<\/span> <span class=\"featured-link-holder\"> <span class=\"featured-extra-info\"> \n<p>F\u00fcr Paare, Familien &#038; Gruppen<\/p>\n<\/span> \n<p class=\"featured-link\">DETAILS<\/p>\n<\/span> <\/a><\/div>\n<p>UrlaubCornwall.de hat eine einzigartige Sammlung pers\u00f6nlich inspizierter Ferienh\u00e4user und Ferienwohnungen in Wales, <a href=\"https:\/\/www.urlaubcornwall.de\/ferienhaueser\/suedengland.php\">S\u00fcdengland<\/a> und nun auch im gesamten Gro\u00dfbritannien. <\/p>\n","protected":false},"excerpt":{"rendered":"<p>Der \u2018Kanal in den Wolken\u2019 wurde 1805 von Thomas Telford und William Jessop erbaut, um den Ellesmere Kanal durch das Tal des Flusses Dee zu bringen. Das gusseiserne Aqu\u00e4dukt ist auf 19 S\u00e4ulen errichtet, 30m \u00fcber dem Fluss Dee an der walisisch-englischen Grenze. Sie k\u00f6nnen hin\u00fcber spazieren oder eine Bootsfahrt machen; es gibt einen herrlichen [&hellip;]<\/p>\n","protected":false},"author":1,"featured_media":0,"parent":0,"menu_order":0,"comment_status":"closed","ping_status":"closed","template":"single-four.php","meta":[],"acf":[],"yoast_head":"<!-- This site is optimized with the Yoast SEO plugin v19.4 - https:\/\/yoast.com\/wordpress\/plugins\/seo\/ -->\n<title>Pontcysyllte Aqu\u00e4dukt - Urlaub &amp; Reisen<\/title>\n<meta name=\"robots\" content=\"index, follow, max-snippet:-1, max-image-preview:large, max-video-preview:-1\" \/>\n<link rel=\"canonical\" href=\"https:\/\/www.urlaubcornwall.de\/blog\/pontcysyllte-aquaedukt-2\/\" \/>\n<meta property=\"og:locale\" content=\"en_US\" \/>\n<meta property=\"og:type\" content=\"article\" \/>\n<meta property=\"og:title\" content=\"Pontcysyllte Aqu\u00e4dukt - Urlaub &amp; Reisen\" \/>\n<meta property=\"og:description\" content=\"Der \u2018Kanal in den Wolken\u2019 wurde 1805 von Thomas Telford und William Jessop erbaut, um den Ellesmere Kanal durch das Tal des Flusses Dee zu bringen. Das gusseiserne Aqu\u00e4dukt ist auf 19 S\u00e4ulen errichtet, 30m \u00fcber dem Fluss Dee an der walisisch-englischen Grenze. Sie k\u00f6nnen hin\u00fcber spazieren oder eine Bootsfahrt machen; es gibt einen herrlichen [&hellip;]\" \/>\n<meta property=\"og:url\" content=\"https:\/\/www.urlaubcornwall.de\/blog\/pontcysyllte-aquaedukt-2\/\" \/>\n<meta property=\"og:site_name\" content=\"Urlaub &amp; Reisen\" \/>\n<meta property=\"article:modified_time\" content=\"2024-05-31T07:42:27+00:00\" \/>\n<meta property=\"og:image\" content=\"https:\/\/www.urlaubcornwall.de\/blog\/wp-content\/uploads\/2024\/03\/Pontcysyllte-Aqueduct.jpg\" \/>\n<meta name=\"twitter:card\" content=\"summary\" \/>\n<meta name=\"twitter:label1\" content=\"Est. reading time\" \/>\n\t<meta name=\"twitter:data1\" content=\"1 minute\" \/>\n<script type=\"application\/ld+json\" class=\"yoast-schema-graph\">{\"@context\":\"https:\/\/schema.org\",\"@graph\":[{\"@type\":\"WebSite\",\"@id\":\"https:\/\/www.urlaubcornwall.de\/blog\/#website\",\"url\":\"https:\/\/www.urlaubcornwall.de\/blog\/\",\"name\":\"Urlaub &amp; Reisen\",\"description\":\"Urlaub, Reisen, Cornwall und S\u00fcdengland: eine perfekte Kombination\",\"potentialAction\":[{\"@type\":\"SearchAction\",\"target\":{\"@type\":\"EntryPoint\",\"urlTemplate\":\"https:\/\/www.urlaubcornwall.de\/blog\/?s={search_term_string}\"},\"query-input\":\"required name=search_term_string\"}],\"inLanguage\":\"en-US\"},{\"@type\":\"WebPage\",\"@id\":\"https:\/\/www.urlaubcornwall.de\/blog\/pontcysyllte-aquaedukt-2\/\",\"url\":\"https:\/\/www.urlaubcornwall.de\/blog\/pontcysyllte-aquaedukt-2\/\",\"name\":\"Pontcysyllte Aqu\u00e4dukt - Urlaub &amp; Reisen\",\"isPartOf\":{\"@id\":\"https:\/\/www.urlaubcornwall.de\/blog\/#website\"},\"datePublished\":\"2021-01-09T14:20:51+00:00\",\"dateModified\":\"2024-05-31T07:42:27+00:00\",\"breadcrumb\":{\"@id\":\"https:\/\/www.urlaubcornwall.de\/blog\/pontcysyllte-aquaedukt-2\/#breadcrumb\"},\"inLanguage\":\"en-US\",\"potentialAction\":[{\"@type\":\"ReadAction\",\"target\":[\"https:\/\/www.urlaubcornwall.de\/blog\/pontcysyllte-aquaedukt-2\/\"]}]},{\"@type\":\"BreadcrumbList\",\"@id\":\"https:\/\/www.urlaubcornwall.de\/blog\/pontcysyllte-aquaedukt-2\/#breadcrumb\",\"itemListElement\":[{\"@type\":\"ListItem\",\"position\":1,\"name\":\"Home\",\"item\":\"https:\/\/www.urlaubcornwall.de\/blog\/\"},{\"@type\":\"ListItem\",\"position\":2,\"name\":\"Pontcysyllte Aqu\u00e4dukt\"}]}]}<\/script>\n<!-- \/ Yoast SEO plugin. -->","yoast_head_json":{"title":"Pontcysyllte Aqu\u00e4dukt - Urlaub &amp; Reisen","robots":{"index":"index","follow":"follow","max-snippet":"max-snippet:-1","max-image-preview":"max-image-preview:large","max-video-preview":"max-video-preview:-1"},"canonical":"https:\/\/www.urlaubcornwall.de\/blog\/pontcysyllte-aquaedukt-2\/","og_locale":"en_US","og_type":"article","og_title":"Pontcysyllte Aqu\u00e4dukt - Urlaub &amp; Reisen","og_description":"Der \u2018Kanal in den Wolken\u2019 wurde 1805 von Thomas Telford und William Jessop erbaut, um den Ellesmere Kanal durch das Tal des Flusses Dee zu bringen. Das gusseiserne Aqu\u00e4dukt ist auf 19 S\u00e4ulen errichtet, 30m \u00fcber dem Fluss Dee an der walisisch-englischen Grenze. Sie k\u00f6nnen hin\u00fcber spazieren oder eine Bootsfahrt machen; es gibt einen herrlichen [&hellip;]","og_url":"https:\/\/www.urlaubcornwall.de\/blog\/pontcysyllte-aquaedukt-2\/","og_site_name":"Urlaub &amp; Reisen","article_modified_time":"2024-05-31T07:42:27+00:00","og_image":[{"url":"https:\/\/www.urlaubcornwall.de\/blog\/wp-content\/uploads\/2024\/03\/Pontcysyllte-Aqueduct.jpg"}],"twitter_card":"summary","twitter_misc":{"Est. reading time":"1 minute"},"schema":{"@context":"https:\/\/schema.org","@graph":[{"@type":"WebSite","@id":"https:\/\/www.urlaubcornwall.de\/blog\/#website","url":"https:\/\/www.urlaubcornwall.de\/blog\/","name":"Urlaub &amp; Reisen","description":"Urlaub, Reisen, Cornwall und S\u00fcdengland: eine perfekte Kombination","potentialAction":[{"@type":"SearchAction","target":{"@type":"EntryPoint","urlTemplate":"https:\/\/www.urlaubcornwall.de\/blog\/?s={search_term_string}"},"query-input":"required name=search_term_string"}],"inLanguage":"en-US"},{"@type":"WebPage","@id":"https:\/\/www.urlaubcornwall.de\/blog\/pontcysyllte-aquaedukt-2\/","url":"https:\/\/www.urlaubcornwall.de\/blog\/pontcysyllte-aquaedukt-2\/","name":"Pontcysyllte Aqu\u00e4dukt - Urlaub &amp; Reisen","isPartOf":{"@id":"https:\/\/www.urlaubcornwall.de\/blog\/#website"},"datePublished":"2021-01-09T14:20:51+00:00","dateModified":"2024-05-31T07:42:27+00:00","breadcrumb":{"@id":"https:\/\/www.urlaubcornwall.de\/blog\/pontcysyllte-aquaedukt-2\/#breadcrumb"},"inLanguage":"en-US","potentialAction":[{"@type":"ReadAction","target":["https:\/\/www.urlaubcornwall.de\/blog\/pontcysyllte-aquaedukt-2\/"]}]},{"@type":"BreadcrumbList","@id":"https:\/\/www.urlaubcornwall.de\/blog\/pontcysyllte-aquaedukt-2\/#breadcrumb","itemListElement":[{"@type":"ListItem","position":1,"name":"Home","item":"https:\/\/www.urlaubcornwall.de\/blog\/"},{"@type":"ListItem","position":2,"name":"Pontcysyllte Aqu\u00e4dukt"}]}]}},"_links":{"self":[{"href":"https:\/\/www.urlaubcornwall.de\/blog\/wp-json\/wp\/v2\/pages\/41389"}],"collection":[{"href":"https:\/\/www.urlaubcornwall.de\/blog\/wp-json\/wp\/v2\/pages"}],"about":[{"href":"https:\/\/www.urlaubcornwall.de\/blog\/wp-json\/wp\/v2\/types\/page"}],"author":[{"embeddable":true,"href":"https:\/\/www.urlaubcornwall.de\/blog\/wp-json\/wp\/v2\/users\/1"}],"replies":[{"embeddable":true,"href":"https:\/\/www.urlaubcornwall.de\/blog\/wp-json\/wp\/v2\/comments?post=41389"}],"version-history":[{"count":2,"href":"https:\/\/www.urlaubcornwall.de\/blog\/wp-json\/wp\/v2\/pages\/41389\/revisions"}],"predecessor-version":[{"id":51200,"href":"https:\/\/www.urlaubcornwall.de\/blog\/wp-json\/wp\/v2\/pages\/41389\/revisions\/51200"}],"wp:attachment":[{"href":"https:\/\/www.urlaubcornwall.de\/blog\/wp-json\/wp\/v2\/media?parent=41389"}],"curies":[{"name":"wp","href":"https:\/\/api.w.org\/{rel}","templated":true}]}}