{"id":41376,"date":"2021-01-04T14:41:55","date_gmt":"2021-01-04T14:41:55","guid":{"rendered":"https:\/\/www.urlaubcornwall.de\/blog\/?page_id=41376"},"modified":"2026-01-06T16:38:30","modified_gmt":"2026-01-06T16:38:30","slug":"die-cornische-riviera-hoehepunkte-und-orte-die-sie-unbedingt-sehen-muessen","status":"publish","type":"page","link":"https:\/\/www.urlaubcornwall.de\/blog\/die-cornische-riviera-hoehepunkte-und-orte-die-sie-unbedingt-sehen-muessen\/","title":{"rendered":"Die cornische Riviera \u2013 H\u00f6hepunkte und Orte, die Sie unbedingt sehen m\u00fcssen"},"content":{"rendered":"<p><img loading=\"lazy\" class=\"aligncenter size-full wp-image-47737\" src=\"https:\/\/www.urlaubcornwall.de\/blog\/wp-content\/uploads\/2024\/02\/st-mawes-hafen.jpg\" alt=\"st mawes hafen\" width=\"750\" height=\"505\" srcset=\"https:\/\/www.urlaubcornwall.de\/blog\/wp-content\/uploads\/2024\/02\/st-mawes-hafen.jpg 750w, https:\/\/www.urlaubcornwall.de\/blog\/wp-content\/uploads\/2024\/02\/st-mawes-hafen-300x202.jpg 300w\" sizes=\"(max-width: 750px) 100vw, 750px\" \/><\/p>\n<p>Die Roseland Halbinsel ist mit ruhigen Str\u00e4nden, eindrucksvollen K\u00fcsten- und Flusslandschaften und urigen D\u00f6rfern einer der malerischsten und naturbelassenen Teile von <a href=\"https:\/\/www.urlaubcornwall.de\/reiseziel\/suedwestengland.php\">S\u00fcdwest-England<\/a>; dazu in leichter Erreichbarkeit der St\u00e4dte <a href=\"https:\/\/www.urlaubcornwall.de\/ferienhaeuser-fewos\/falmouth.html\">Falmouth<\/a> und <a href=\"https:\/\/www.urlaubcornwall.de\/ferienhaeuser-fewos\/truro.html\">Truro<\/a>. Oft als Hauptstadt bezeichnet, kann <a href=\"https:\/\/www.urlaubcornwall.de\/ferienhaeuser-fewos\/st-mawes.html\">St Mawes<\/a> mittels der Passagierf\u00e4hre von Falmouth aus besucht werden oder mit dem Auto \u00fcber den Fluss Fal mit der King Harry F\u00e4hre bei Trelissick.<\/p>\n<p>Hier finden Sie unsere Lieblingsorte, die es zu besuchen gilt\u2026<\/p>\n<p><strong>St Mawes<\/strong> \u2013 An steilen H\u00e4ngen am Ende der Halbinsel erbaut, umgeben vom Fluss Percuil, ist St Mawes ein beliebter, dennoch w\u00fcrdevoller kleiner Urlaubsort, dessen entz\u00fcckende Lage und mildes Klima diesem Teil der K\u00fcste die Beschreibung Cornische Riviera verliehen haben&#8230;.. <a href=\"https:\/\/www.urlaubcornwall.de\/ferienhaeuser-fewos\/st-mawes.html\">[ Lesen Sie dazu mehr]<\/a><\/p>\n<p><strong>Percuil<\/strong> \u2013 Obwohl es keine F\u00e4hrverbindung mit St Mawes mehr gibt, ist diese Siedlung eine beliebte Basis f\u00fcr kleine Segelboote. Der Pfad, der von Gerrans zum Fluss hinunterf\u00fchrt, geht an einem National Trust Parkplatz vorbei, von wo aus der Blick \u00fcber den Oberlauf des Flusses umrahmt wird von Getreidefeldern und Waldland; ein herrliches Pl\u00e4tzchen f\u00fcr ein Picknick.<\/p>\n<p style=\"text-align: right;\"><img loading=\"lazy\" class=\"aligncenter size-full wp-image-38825\" src=\"https:\/\/www.urlaubcornwall.de\/blog\/wp-content\/uploads\/2019\/10\/cornische_Riviera.jpg\" alt=\"st mawes urlaub cornwall\" width=\"749\" height=\"514\"\/><\/p>\n<p><strong>St Anthony Head<\/strong> \u2013 Dies ist ein Leuchtturm, der im Jahre 1835 fertiggestellt wurde und den Eingang zu den Carrick Roads markiert. Sie erreichen ihn mit einem kurzen Spaziergang vom  <a href=\"https:\/\/www.urlaubcornwall.de\/blog\/national-trust-historische-haeuser-cornwall-devon\/\">National Trust<\/a> Parkplatz auf dem Hochland aus. Von hier aus ergibt sich ein hervorragender Blick \u00fcber die Falmouth Bucht. Black Rock, eine Navigationsgefahr in den Tagen der Segelfahrt, ist ein Blickfang im Meer zwischen dem Hochland und Pendennis Point.<\/p>\n<p><strong>Portscatho<\/strong> \u2013 Enge Stra\u00dfen, die so typisch sind f\u00fcr <a href=\"https:\/\/www.urlaubcornwall.de\/ferienhaeuser-fewos\/portscatho.html\">Cornwalls Fischerd\u00f6rfer<\/a>, f\u00fchren hinunter zu Portscathos winzigem Hafen, der bei Ebbe austrocknet. Der Strand liegt zum Osten hin und verf\u00fcgt \u00fcber Sandflecken zwischen den Felsvorspr\u00fcngen. Im Norden f\u00fchren Stufen vom Parkplatz auf der Klippenspitze hinunter zu dem ausgedehnteren Strand bei Portcurnick.<\/p>\n<p><strong>Pendower Beach<\/strong> \u2013 Dieser wundersch\u00f6ne Strand mit niederen Klippen im Hintergrund, wurde dem National Trust im Jahre 1961pr\u00e4sentiert, nachdem von Einheimischen Gelder zusammengetrieben wurden, um ihn vor kommerziellem Bau zu retten. Der Strand mit Felsbereichen wird am westlichen Ende von einem Fluss durchkreuzt, der vom bewaldeten Pendower Tal hinunterflie\u00dft.<\/p>\n<p>Der Strand ist durch den eindrucksvollen Vorsprung des Nare Head windgesch\u00fctzt, dessen h\u00f6chster Punkt sich mehr als 300 Fu\u00df \u00fcber dem Meeresspiegel befindet.<\/p>\n<p><strong>Nare Head<\/strong> \u2013 Bei sch\u00f6nem Wetter ein hervorragender Aussichtspunkt. Der Gipfel des Hochlandes ist einen 15min\u00fctigen Spaziergang entfernt vom National Trust Parkplatz \u00fcber der felsigen Kiberick Bucht. Crane Beacon, zwischen dem Hochland und Veryan gelegen, ist ein eindrucksvoller H\u00fcgel aus dem Bronzezeitalter. Der Legende nach ist es die Grabst\u00e4tte eines cornischen K\u00f6nigs, der mitsamt eines goldenen Schiffes begraben wurde.<\/p>\n<p>Gull Rock, eine halbe Meile von Nare Head entfernt, ist Nistplatz f\u00fcr Kormorane, Trottellummen, Tordalken und weitere Meeresv\u00f6gel. Es ist der am meisten herausragende Teil eines Riffes, das zahlreiche Segelschiffe ins Ungl\u00fcck st\u00fcrzte, einschlie\u00dflich der Hera, die im Jahre 1914 unterging und 19 Leben forderte.<\/p>\n<p><strong>Portloe<\/strong> \u2013 Der felsige Hafen, \u00fcberschaut vom Lugger Hotel aus dem 17. Jahrhundert, ist fast genauso schmal wie die Str\u00e4\u00dfchen dieses h\u00fcbschen kleinen Dorfes. Die Bucht hat einen Bootssteg und wird noch immer von ein paar Fischerbooten benutzt. Hier finden Sie auch unvergessliche Spazierwege entlang der Klippen nach Nare Head und Portholland.<\/p>\n<p style=\"text-align: right;\"><img loading=\"lazy\" class=\"aligncenter size-full wp-image-40600\" src=\"https:\/\/www.urlaubcornwall.de\/blog\/wp-content\/uploads\/2020\/08\/porthluney-cove-strand-caerhays.jpg\" alt=\"porthluney cove strand caerhays\" width=\"750\" height=\"562\" srcset=\"https:\/\/www.urlaubcornwall.de\/blog\/wp-content\/uploads\/2020\/08\/porthluney-cove-strand-caerhays.jpg 750w, https:\/\/www.urlaubcornwall.de\/blog\/wp-content\/uploads\/2020\/08\/porthluney-cove-strand-caerhays-300x225.jpg 300w\" sizes=\"(max-width: 750px) 100vw, 750px\" \/><\/p>\n<p><strong>Porthluney Cove<\/strong> \u2013 Dieser gesch\u00fctzte Sandstrand, windgesch\u00fctzt durch bewaldete Klippen, wird \u00fcberschaut von den T\u00fcrmen der Burg Caerhays aus, die sich an der St\u00e4tte eines mittelalterlichen Herrschaftshauses befindet. Die Burg stammt aus dem Jahre 1808 und ist die Arbeit des Architekten John Nash, dessen bemerkenswertesten Arbeiten Londons Marble Arch und Brightons Royal Pavillion beinhalten. Das Geb\u00e4ude ruinierte die Familie Trevanion, die seit dem 14. Jahrhundert das Gut Caerhays besa\u00df. Burg und Grundst\u00fcck sind der \u00d6ffentlichkeit zug\u00e4nglich.<\/p>\n<p><strong>Dodman Point<\/strong> \u2013 Das Hochland, best\u00fcckt mit Ginster und Bracken, wurde w\u00e4hrend des Eisenzeitalters zur Festung und ist ein Hauptwahrzeichen an <a href=\"https:\/\/www.urlaubcornwall.de\/ferienhaeuser-fewos\/suedkueste-cornwall.html\">Cornwalls S\u00fcdk\u00fcste<\/a>. Ein 15min\u00fctiger Spaziergang \u00fcber National Trust Land mit hervorragendem Ausblick f\u00fchrt zu einem Kreuz aus Granit, das im Jahre 1896 errichtet wurde. Der Pfad f\u00fchrt vorbei an den Ruinen eines kleinen Steingeb\u00e4udes, wo die K\u00fcstenwache im 19. Jahrhundert Schutz fand. Dodmans Point war Grabst\u00e4tte zahlreicher Schiffe, die zu Zeiten, als es noch keinen Radar gab, Falmouth verpassten.<\/p>\n<p><img loading=\"lazy\" class=\"aligncenter size-full wp-image-41377\" src=\"https:\/\/www.urlaubcornwall.de\/blog\/wp-content\/uploads\/2021\/01\/gorran-haven-hafen.jpg\" alt=\"gorran haven hafen\" width=\"750\" height=\"562\" srcset=\"https:\/\/www.urlaubcornwall.de\/blog\/wp-content\/uploads\/2021\/01\/gorran-haven-hafen.jpg 750w, https:\/\/www.urlaubcornwall.de\/blog\/wp-content\/uploads\/2021\/01\/gorran-haven-hafen-300x225.jpg 300w\" sizes=\"(max-width: 750px) 100vw, 750px\" \/><\/p>\n<p><strong>Gorran Haven<\/strong> \u2013 Die engen <a href=\"https:\/\/www.urlaubcornwall.de\/ferienhaeuser-fewos\/gorran-haven.html\">Dorfstra\u00dfen f\u00fchren zu einem Sandstrand<\/a>, dessen s\u00fcdliches Ende gesch\u00fctzt wird von einem kleinen Wellenbrecher und \u00fcberschaut von \u201aKellern\u2018, die einst von Fischern benutzt wurden. Der Pfad an der Klippenspitze nach Chapel Point bietet Zugang zum Great Perhaver Beach und f\u00fchrt vorbei am Bodrugan\u2019s Leap. Hier soll Sir Henry Treworth von Bodrugan sein Pferd \u00fcber die Klippe gejagt haben, um im Jahre 1485 seinen Feinden zu entkommen, nachdem er Richard III. in seinem ungl\u00fccksseligen Unterfangen in der Schlacht von Bosworth unterst\u00fctzt hatte.<\/p>\n<p><strong>Portmellon<\/strong> \u2013 Schilder an den Wegen, <a href=\"https:\/\/www.urlaubcornwall.de\/ferienhaeuser-fewos\/portmellon.html\">die steil hinunterf\u00fchren zu dieser Felsenbucht aus Sand und Kieseln<\/a> warnen davor, dass die Stra\u00dfe gelegentlich bei Flut \u00fcberschwemmt wird. Die Geb\u00e4ude, die zum Strand hin ausgerichtet sind, haben an ihrer Vorderseite 3 Fu\u00df dicke W\u00e4nde und T\u00fcren mit Vorrichtungen, um Bretter anzubringen, um das Meer auf Abstand zu halten. Es gibt einen Bootsplatz mit einem Bootssteg, der hinunterf\u00fchrt zum Strand. Die Stra\u00dfe nach Norden hin f\u00fchrt hinauf zu einem Hochland, von dem aus sich ein herrlicher Ausblick \u00fcber Mevagissey ergibt.<\/p>\n<p><a href=\"https:\/\/www.urlaubcornwall.de\/blog\/wp-content\/uploads\/2017\/02\/18590113.jpg\"><img loading=\"lazy\" src=\"https:\/\/www.urlaubcornwall.de\/blog\/wp-content\/uploads\/2017\/02\/18590113.jpg\" alt=\"mevagissey urlaub\" width=\"749\" height=\"404\" class=\"alignnone size-full wp-image-26430\" srcset=\"https:\/\/www.urlaubcornwall.de\/blog\/wp-content\/uploads\/2017\/02\/18590113.jpg 749w, https:\/\/www.urlaubcornwall.de\/blog\/wp-content\/uploads\/2017\/02\/18590113-300x162.jpg 300w\" sizes=\"(max-width: 749px) 100vw, 749px\" \/><\/a><\/p>\n<p><strong>Mevagissey<\/strong> \u2013 Malerische alte Geb\u00e4ude umrahmen die steilen und extrem schmalen Stra\u00dfen dieses alten Fischerhafens, der w\u00e4hrend der Urlaubssaison bei Touristen beliebt ist.  Mevagissey wurde im Mittelalter errichtet, und im 18. und 19. Jahrhundert weiterentwickelt, als dann seine Binnen- und Au\u00dfenh\u00e4fen einer gro\u00dfen Flotte an Booten Schutz gaben, deren Hauptfang aus Sardinen bestand&#8230;. <a href=\"https:\/\/www.urlaubcornwall.de\/ferienhaeuser-fewos\/mevagissey.html\">[ Lesen Sie dazu mehr]<\/a><\/p>\n<p><strong>Pentewen<\/strong> \u2013 Das Dorf Pentewan schmiegt sich an den Fu\u00df eines steilen H\u00fcgels an und blickt s\u00fcdlich \u00fcber einen breiten Sandstrand mit Zelten und Wohnw\u00e4gen im Hintergrund. Enten patrouillieren den verlassenen Hafen, der im Jahre 1820 von einem einheimischen Grundbesitzer erbaut wurde. Der Hafen schloss kurz nach dem Ersten Weltkrieg, erstickt vom Schlamm der von den Tongruben hinunterfloss, f\u00fcr die er urspr\u00fcnglich erbaut wurde.<\/p>\n<div class=\"snippet\"> <a class=\"featured-item\" href=\"https:\/\/www.urlaubcornwall.de\/ferienhaeuser\/cornwall.php\"> <span class=\"image-holder\" style=\"background-image: url('https:\/\/www.urlaubcornwall.de\/blog\/wp-content\/uploads\/2018\/12\/familienurlaub-corwnall-snippet.jpg');\"><\/span> <span class=\"featured-content\"> \n<h2 class=\"featured-title\">Ferienh\u00e4user in Cornwall am Meer<\/h2>\n<p class=\"featured-body\">Cornwall besitzt mehr K\u00fcstenlinien als jede andere Grafschaft und bietet einige der besten Str\u00e4nde, K\u00fcstenwanderwege und Klippenlandschaften, die man \u00fcberhaupt finden kann&#8230; <\/p><\/span> <span class=\"featured-link-holder\"> <span class=\"featured-extra-info\"> \n<p>F\u00fcr Paare, Familien &#038; Gruppen<\/p>\n<\/span> \n<p class=\"featured-link\">DETAILS<\/p>\n<\/span> <\/a><\/div>\n<p><script async src=\"https:\/\/pagead2.googlesyndication.com\/pagead\/js\/adsbygoogle.js?client=ca-pub-3901089389175725\"\n     crossorigin=\"anonymous\"><\/script><br \/>\n<!-- New UC --><br \/>\n<ins class=\"adsbygoogle\"\n     style=\"display:block\"\n     data-ad-client=\"ca-pub-3901089389175725\"\n     data-ad-slot=\"8080314818\"\n     data-ad-format=\"auto\"\n     data-full-width-responsive=\"true\"><\/ins><br \/>\n<script>\n     (adsbygoogle = window.adsbygoogle || []).push({});\n<\/script><\/p>\n","protected":false},"excerpt":{"rendered":"<p>Die Roseland Halbinsel ist mit ruhigen Str\u00e4nden, eindrucksvollen K\u00fcsten- und Flusslandschaften und urigen D\u00f6rfern einer der malerischsten und naturbelassenen Teile von S\u00fcdwest-England; dazu in leichter Erreichbarkeit der St\u00e4dte Falmouth und Truro. Oft als Hauptstadt bezeichnet, kann St Mawes mittels der Passagierf\u00e4hre von Falmouth aus besucht werden oder mit dem Auto \u00fcber den Fluss Fal mit [&hellip;]<\/p>\n","protected":false},"author":1,"featured_media":0,"parent":0,"menu_order":0,"comment_status":"closed","ping_status":"closed","template":"single-four.php","meta":[],"acf":[],"yoast_head":"<!-- This site is optimized with the Yoast SEO plugin v19.4 - https:\/\/yoast.com\/wordpress\/plugins\/seo\/ -->\n<title>Die cornische Riviera \u2013 H\u00f6hepunkte und Orte, die Sie unbedingt sehen m\u00fcssen - Urlaub &amp; Reisen<\/title>\n<meta name=\"robots\" content=\"index, follow, max-snippet:-1, max-image-preview:large, max-video-preview:-1\" \/>\n<link rel=\"canonical\" href=\"https:\/\/www.urlaubcornwall.de\/blog\/die-cornische-riviera-hoehepunkte-und-orte-die-sie-unbedingt-sehen-muessen\/\" \/>\n<meta property=\"og:locale\" content=\"en_US\" \/>\n<meta property=\"og:type\" content=\"article\" \/>\n<meta property=\"og:title\" content=\"Die cornische Riviera \u2013 H\u00f6hepunkte und Orte, die Sie unbedingt sehen m\u00fcssen - Urlaub &amp; Reisen\" \/>\n<meta property=\"og:description\" content=\"Die Roseland Halbinsel ist mit ruhigen Str\u00e4nden, eindrucksvollen K\u00fcsten- und Flusslandschaften und urigen D\u00f6rfern einer der malerischsten und naturbelassenen Teile von S\u00fcdwest-England; dazu in leichter Erreichbarkeit der St\u00e4dte Falmouth und Truro. Oft als Hauptstadt bezeichnet, kann St Mawes mittels der Passagierf\u00e4hre von Falmouth aus besucht werden oder mit dem Auto \u00fcber den Fluss Fal mit [&hellip;]\" \/>\n<meta property=\"og:url\" content=\"https:\/\/www.urlaubcornwall.de\/blog\/die-cornische-riviera-hoehepunkte-und-orte-die-sie-unbedingt-sehen-muessen\/\" \/>\n<meta property=\"og:site_name\" content=\"Urlaub &amp; Reisen\" \/>\n<meta property=\"article:modified_time\" content=\"2026-01-06T16:38:30+00:00\" \/>\n<meta property=\"og:image\" content=\"https:\/\/www.urlaubcornwall.de\/blog\/wp-content\/uploads\/2024\/02\/st-mawes-hafen.jpg\" \/>\n<meta name=\"twitter:card\" content=\"summary\" \/>\n<meta name=\"twitter:label1\" content=\"Est. reading time\" \/>\n\t<meta name=\"twitter:data1\" content=\"6 minutes\" \/>\n<script type=\"application\/ld+json\" class=\"yoast-schema-graph\">{\"@context\":\"https:\/\/schema.org\",\"@graph\":[{\"@type\":\"WebSite\",\"@id\":\"https:\/\/www.urlaubcornwall.de\/blog\/#website\",\"url\":\"https:\/\/www.urlaubcornwall.de\/blog\/\",\"name\":\"Urlaub &amp; Reisen\",\"description\":\"Urlaub, Reisen, Cornwall und S\u00fcdengland: eine perfekte Kombination\",\"potentialAction\":[{\"@type\":\"SearchAction\",\"target\":{\"@type\":\"EntryPoint\",\"urlTemplate\":\"https:\/\/www.urlaubcornwall.de\/blog\/?s={search_term_string}\"},\"query-input\":\"required name=search_term_string\"}],\"inLanguage\":\"en-US\"},{\"@type\":\"WebPage\",\"@id\":\"https:\/\/www.urlaubcornwall.de\/blog\/die-cornische-riviera-hoehepunkte-und-orte-die-sie-unbedingt-sehen-muessen\/\",\"url\":\"https:\/\/www.urlaubcornwall.de\/blog\/die-cornische-riviera-hoehepunkte-und-orte-die-sie-unbedingt-sehen-muessen\/\",\"name\":\"Die cornische Riviera \u2013 H\u00f6hepunkte und Orte, die Sie unbedingt sehen m\u00fcssen - Urlaub &amp; Reisen\",\"isPartOf\":{\"@id\":\"https:\/\/www.urlaubcornwall.de\/blog\/#website\"},\"datePublished\":\"2021-01-04T14:41:55+00:00\",\"dateModified\":\"2026-01-06T16:38:30+00:00\",\"breadcrumb\":{\"@id\":\"https:\/\/www.urlaubcornwall.de\/blog\/die-cornische-riviera-hoehepunkte-und-orte-die-sie-unbedingt-sehen-muessen\/#breadcrumb\"},\"inLanguage\":\"en-US\",\"potentialAction\":[{\"@type\":\"ReadAction\",\"target\":[\"https:\/\/www.urlaubcornwall.de\/blog\/die-cornische-riviera-hoehepunkte-und-orte-die-sie-unbedingt-sehen-muessen\/\"]}]},{\"@type\":\"BreadcrumbList\",\"@id\":\"https:\/\/www.urlaubcornwall.de\/blog\/die-cornische-riviera-hoehepunkte-und-orte-die-sie-unbedingt-sehen-muessen\/#breadcrumb\",\"itemListElement\":[{\"@type\":\"ListItem\",\"position\":1,\"name\":\"Home\",\"item\":\"https:\/\/www.urlaubcornwall.de\/blog\/\"},{\"@type\":\"ListItem\",\"position\":2,\"name\":\"Die cornische Riviera \u2013 H\u00f6hepunkte und Orte, die Sie unbedingt sehen m\u00fcssen\"}]}]}<\/script>\n<!-- \/ Yoast SEO plugin. -->","yoast_head_json":{"title":"Die cornische Riviera \u2013 H\u00f6hepunkte und Orte, die Sie unbedingt sehen m\u00fcssen - Urlaub &amp; Reisen","robots":{"index":"index","follow":"follow","max-snippet":"max-snippet:-1","max-image-preview":"max-image-preview:large","max-video-preview":"max-video-preview:-1"},"canonical":"https:\/\/www.urlaubcornwall.de\/blog\/die-cornische-riviera-hoehepunkte-und-orte-die-sie-unbedingt-sehen-muessen\/","og_locale":"en_US","og_type":"article","og_title":"Die cornische Riviera \u2013 H\u00f6hepunkte und Orte, die Sie unbedingt sehen m\u00fcssen - Urlaub &amp; Reisen","og_description":"Die Roseland Halbinsel ist mit ruhigen Str\u00e4nden, eindrucksvollen K\u00fcsten- und Flusslandschaften und urigen D\u00f6rfern einer der malerischsten und naturbelassenen Teile von S\u00fcdwest-England; dazu in leichter Erreichbarkeit der St\u00e4dte Falmouth und Truro. Oft als Hauptstadt bezeichnet, kann St Mawes mittels der Passagierf\u00e4hre von Falmouth aus besucht werden oder mit dem Auto \u00fcber den Fluss Fal mit [&hellip;]","og_url":"https:\/\/www.urlaubcornwall.de\/blog\/die-cornische-riviera-hoehepunkte-und-orte-die-sie-unbedingt-sehen-muessen\/","og_site_name":"Urlaub &amp; Reisen","article_modified_time":"2026-01-06T16:38:30+00:00","og_image":[{"url":"https:\/\/www.urlaubcornwall.de\/blog\/wp-content\/uploads\/2024\/02\/st-mawes-hafen.jpg"}],"twitter_card":"summary","twitter_misc":{"Est. reading time":"6 minutes"},"schema":{"@context":"https:\/\/schema.org","@graph":[{"@type":"WebSite","@id":"https:\/\/www.urlaubcornwall.de\/blog\/#website","url":"https:\/\/www.urlaubcornwall.de\/blog\/","name":"Urlaub &amp; Reisen","description":"Urlaub, Reisen, Cornwall und S\u00fcdengland: eine perfekte Kombination","potentialAction":[{"@type":"SearchAction","target":{"@type":"EntryPoint","urlTemplate":"https:\/\/www.urlaubcornwall.de\/blog\/?s={search_term_string}"},"query-input":"required name=search_term_string"}],"inLanguage":"en-US"},{"@type":"WebPage","@id":"https:\/\/www.urlaubcornwall.de\/blog\/die-cornische-riviera-hoehepunkte-und-orte-die-sie-unbedingt-sehen-muessen\/","url":"https:\/\/www.urlaubcornwall.de\/blog\/die-cornische-riviera-hoehepunkte-und-orte-die-sie-unbedingt-sehen-muessen\/","name":"Die cornische Riviera \u2013 H\u00f6hepunkte und Orte, die Sie unbedingt sehen m\u00fcssen - Urlaub &amp; Reisen","isPartOf":{"@id":"https:\/\/www.urlaubcornwall.de\/blog\/#website"},"datePublished":"2021-01-04T14:41:55+00:00","dateModified":"2026-01-06T16:38:30+00:00","breadcrumb":{"@id":"https:\/\/www.urlaubcornwall.de\/blog\/die-cornische-riviera-hoehepunkte-und-orte-die-sie-unbedingt-sehen-muessen\/#breadcrumb"},"inLanguage":"en-US","potentialAction":[{"@type":"ReadAction","target":["https:\/\/www.urlaubcornwall.de\/blog\/die-cornische-riviera-hoehepunkte-und-orte-die-sie-unbedingt-sehen-muessen\/"]}]},{"@type":"BreadcrumbList","@id":"https:\/\/www.urlaubcornwall.de\/blog\/die-cornische-riviera-hoehepunkte-und-orte-die-sie-unbedingt-sehen-muessen\/#breadcrumb","itemListElement":[{"@type":"ListItem","position":1,"name":"Home","item":"https:\/\/www.urlaubcornwall.de\/blog\/"},{"@type":"ListItem","position":2,"name":"Die cornische Riviera \u2013 H\u00f6hepunkte und Orte, die Sie unbedingt sehen m\u00fcssen"}]}]}},"_links":{"self":[{"href":"https:\/\/www.urlaubcornwall.de\/blog\/wp-json\/wp\/v2\/pages\/41376"}],"collection":[{"href":"https:\/\/www.urlaubcornwall.de\/blog\/wp-json\/wp\/v2\/pages"}],"about":[{"href":"https:\/\/www.urlaubcornwall.de\/blog\/wp-json\/wp\/v2\/types\/page"}],"author":[{"embeddable":true,"href":"https:\/\/www.urlaubcornwall.de\/blog\/wp-json\/wp\/v2\/users\/1"}],"replies":[{"embeddable":true,"href":"https:\/\/www.urlaubcornwall.de\/blog\/wp-json\/wp\/v2\/comments?post=41376"}],"version-history":[{"count":12,"href":"https:\/\/www.urlaubcornwall.de\/blog\/wp-json\/wp\/v2\/pages\/41376\/revisions"}],"predecessor-version":[{"id":51978,"href":"https:\/\/www.urlaubcornwall.de\/blog\/wp-json\/wp\/v2\/pages\/41376\/revisions\/51978"}],"wp:attachment":[{"href":"https:\/\/www.urlaubcornwall.de\/blog\/wp-json\/wp\/v2\/media?parent=41376"}],"curies":[{"name":"wp","href":"https:\/\/api.w.org\/{rel}","templated":true}]}}