{"id":41356,"date":"2021-01-02T09:26:14","date_gmt":"2021-01-02T09:26:14","guid":{"rendered":"https:\/\/www.urlaubcornwall.de\/blog\/?page_id=41356"},"modified":"2024-05-31T11:43:08","modified_gmt":"2024-05-31T11:43:08","slug":"die-orte-cornwalls-wo-es-am-meisten-spukt","status":"publish","type":"page","link":"https:\/\/www.urlaubcornwall.de\/blog\/die-orte-cornwalls-wo-es-am-meisten-spukt\/","title":{"rendered":"Die Orte Cornwalls, wo es am meisten spukt"},"content":{"rendered":"<p>Ob Sie nun eine furchterregende Nacht oder ein St\u00fcck Geschichte erleben wollen, die Kinder ausf\u00fchren oder auf neue Erkundungen gehen wollen, so wird eine Reihe bespukter und charaktervoller Orte <a href=\"https:\/\/www.urlaubcornwall.de\/reiseziel\/cornwall.php\">Cornwall<\/a> Besucher begr\u00fc\u00dfen.<\/p>\n<p><strong>Bodmin Jail<\/strong><\/p>\n<p><img loading=\"lazy\" class=\"aligncenter size-full wp-image-48151\" src=\"https:\/\/www.urlaubcornwall.de\/blog\/wp-content\/uploads\/2024\/03\/bodmin-jail.jpg\" alt=\"bodmin-jail\" width=\"750\" height=\"500\" srcset=\"https:\/\/www.urlaubcornwall.de\/blog\/wp-content\/uploads\/2024\/03\/bodmin-jail.jpg 750w, https:\/\/www.urlaubcornwall.de\/blog\/wp-content\/uploads\/2024\/03\/bodmin-jail-300x200.jpg 300w\" sizes=\"(max-width: 750px) 100vw, 750px\" \/><\/p>\n<p style=\"text-align: left;\">Das Museum ist vollgestopft mit Artefakten, die in Verbindung stehen zu seiner bunten und vielf\u00e4ltigen Geschichte \u2013 doch das ist bei Weitem noch nicht alles. Es ist bekannterweise auch das Zuhause eines Geistes mit tragischer Vergangenheit und dem Namen Selina Wedge. Dies, zusammen mit seiner Geschichte \u00f6ffentlicher Hinrichtungen im 18. Jahrhundert, macht es zu einer wahrhaft spukhaften Halloween Attraktion. Buchen Sie <a href=\"https:\/\/www.urlaubcornwall.de\/ferienhaeuser-fewos\/bodmin.html\">Bodmin<\/a> Jails \u201eErlebnis nach Einbruch der Dunkelheit\u201c, eine paranormale Nachtreise, die besteht aus einer zweist\u00fcndigen Geschichtstour, gefolgt von einem furchterregenden Abend in Dunkelheit mit Trance, Transfiguration und verschiedenen Medien, die Sie mit den Geistern in Verbindung bringen, die sich in der Dunkelheit aufhalten.<\/p>\n<p><strong>Jamaica Inn<\/strong><\/p>\n<p><img loading=\"lazy\" class=\"aligncenter size-full wp-image-48153\" src=\"https:\/\/www.urlaubcornwall.de\/blog\/wp-content\/uploads\/2024\/03\/Jamaica-Inn.jpg\" alt=\"Jamaica-Inn\" width=\"750\" height=\"493\" srcset=\"https:\/\/www.urlaubcornwall.de\/blog\/wp-content\/uploads\/2024\/03\/Jamaica-Inn.jpg 750w, https:\/\/www.urlaubcornwall.de\/blog\/wp-content\/uploads\/2024\/03\/Jamaica-Inn-300x197.jpg 300w\" sizes=\"(max-width: 750px) 100vw, 750px\" \/><\/p>\n<p>Jamaica Inn hat bekannterma\u00dfen vier R\u00e4ume, in denen es spukt. Die British Paranormal Association hat die Gastst\u00e4tte offiziell ernannt, ein Ort zu sein, wo es spukt. Buchen Sie eine Paranormale Investigation oder vielleicht sogar Ihre eigene Private Investigation, um eine G\u00e4nsehaut erzeugende \u00dcbernachtung oder ein Wochenende der Geisterjagd zu erleben wie keines zuvor.<\/p>\n<p><strong>Pendennis Castle<\/strong><\/p>\n<p><img loading=\"lazy\" class=\"aligncenter size-full wp-image-48152\" src=\"https:\/\/www.urlaubcornwall.de\/blog\/wp-content\/uploads\/2024\/03\/Pendennis-castle.jpg\" alt=\"Pendennis-castle\" width=\"750\" height=\"500\" srcset=\"https:\/\/www.urlaubcornwall.de\/blog\/wp-content\/uploads\/2024\/03\/Pendennis-castle.jpg 750w, https:\/\/www.urlaubcornwall.de\/blog\/wp-content\/uploads\/2024\/03\/Pendennis-castle-300x200.jpg 300w\" sizes=\"(max-width: 750px) 100vw, 750px\" \/><\/p>\n<p>Die Burg Heinrichs VIII in <a href=\"https:\/\/www.urlaubcornwall.de\/ferienhaeuser-fewos\/falmouth.html\">Falmouth<\/a> hat eine faszinierende Geschichte, die Besucher entdecken k\u00f6nnen. Folgen Sie dem be\u00e4ngstigenden Pfad voller L\u00f6sungshinweisen, lauschen Sie furchterregenden Geschichten und zeigen Sie Ihr f\u00fcrchterlichstes Kost\u00fcm w\u00e4hrend des t\u00e4glichen Wettbewerbs, w\u00e4hrend Sie Geschichten h\u00f6ren und Ausschau halten nach den vielf\u00e4ltigen Spukerfahrungen der Burg, einschlie\u00dflich einer K\u00fcchenmagd, die Berichten zufolge hier ihren Tod gefunden hat.<\/p>\n<div class=\"snippet\"> <a class=\"featured-item\" href=\"https:\/\/www.urlaubcornwall.de\/ferienhaeuser\/cornwall.php\"> <span class=\"image-holder\" style=\"background-image: url('https:\/\/www.urlaubcornwall.de\/blog\/wp-content\/uploads\/2018\/12\/familienurlaub-corwnall-snippet.jpg');\"><\/span> <span class=\"featured-content\"> \n<h2 class=\"featured-title\">Ferienh\u00e4user in Cornwall am Meer<\/h2>\n<p class=\"featured-body\">Cornwall besitzt mehr K\u00fcstenlinien als jede andere Grafschaft und bietet einige der besten Str\u00e4nde, K\u00fcstenwanderwege und Klippenlandschaften, die man \u00fcberhaupt finden kann&#8230; <\/p><\/span> <span class=\"featured-link-holder\"> <span class=\"featured-extra-info\"> \n<p>F\u00fcr Paare, Familien &#038; Gruppen<\/p>\n<\/span> \n<p class=\"featured-link\">DETAILS<\/p>\n<\/span> <\/a><\/div>\n<p><strong>Das Shipwreck Treasure Museum<\/strong><\/p>\n<p><a href=\"https:\/\/www.urlaubcornwall.de\/blog\/wp-content\/uploads\/2024\/05\/38100037-e1717053609142.jpg\"><img loading=\"lazy\" src=\"https:\/\/www.urlaubcornwall.de\/blog\/wp-content\/uploads\/2024\/05\/38100037-e1717053609142.jpg\" alt=\"charlestown\" width=\"750\" height=\"500\" class=\"alignnone size-full wp-image-50753\" \/><\/a><\/p>\n<p><a href=\"https:\/\/www.urlaubcornwall.de\/ferienhaeuser-fewos\/charlestown.html\">Charlestowns<\/a> erstklassige Attraktion erkundet mit einer von Europas umfassendsten privaten Sammlungen an Artefakten nicht nur die Geschichte Schiffbr\u00fcchiger der Gegend, sondern folgt auch den Geschichten von Geistererscheinungen in den georgianischen Fluren (und Weltkulturerbest\u00e4tte) des 18. Jahrhunderts, wo Arbeiter in den engen Ladetunneln oft von den W\u00e4gen zerdr\u00fcckt wurden. Dadurch wird dieses Museum schlechthin zum Muss f\u00fcr alle, die Ihre Sinne kitzeln wollen w\u00e4hrend eines m\u00f6glicherweise furchterregenden Ausflugstages samt paranormaler Erkundung, Ausstattung und Experimenten.<\/p>\n<p><strong>Tintagel Castle<\/strong><\/p>\n<p><img loading=\"lazy\" class=\"aligncenter size-full wp-image-50931\" src=\"https:\/\/www.urlaubcornwall.de\/blog\/wp-content\/uploads\/2024\/05\/tintagel_bridge.jpg\" alt=\"tintagel_bridge\" width=\"750\" height=\"643\" srcset=\"https:\/\/www.urlaubcornwall.de\/blog\/wp-content\/uploads\/2024\/05\/tintagel_bridge.jpg 750w, https:\/\/www.urlaubcornwall.de\/blog\/wp-content\/uploads\/2024\/05\/tintagel_bridge-300x257.jpg 300w\" sizes=\"(max-width: 750px) 100vw, 750px\" \/><\/p>\n<p>Das Land der Legende von K\u00f6nig Artus ist voller Geschichten von Erscheinungen, einschlie\u00dflich des Geistes von Merlin in der H\u00f6hle unterhalb der Burg, sowie weiterer vier Geister, die sich in der Burg aus dem 12. Jahrhundert und im nahe gelegenen Camelot House Hotel befinden. Besuchen Sie diese unbedingt sehenswerte Attraktion, um mehr zu ihren <a href=\"https:\/\/www.urlaubcornwall.de\/blog\/legenden-und-geschichte-cornwalls\/\">Mythen und ihrer Geschichte<\/a> zu erfahren, dazu \u00fcber die nagelneue Br\u00fccke zu gehen, auf der Insel herumzuspazieren und den Strand und die bezaubernde K\u00fcste der Umgebung zu erkunden.<\/p>\n<p><strong>St Michael\u2019s Mount<\/strong><\/p>\n<p><img loading=\"lazy\" class=\"aligncenter size-full wp-image-47921\" src=\"hhttps:\/\/www.urlaubcornwall.de\/blog\/wp-content\/uploads\/2024\/03\/marazion_und-st-michaels-mount-1.jpg\" alt=\"marazion_und st michaels mount\" width=\"750\" height=\"500\" srcset=\"https:\/\/www.urlaubcornwall.de\/blog\/wp-content\/uploads\/2024\/03\/marazion_und-st-michaels-mount-1.jpg 750w, https:\/\/www.urlaubcornwall.de\/blog\/wp-content\/uploads\/2024\/03\/marazion_und-st-michaels-mount-1-300x200.jpg 300w\" sizes=\"(max-width: 750px) 100vw, 750px\" \/><\/p>\n<p>Mit einer Geschichte, die zur\u00fcckreicht ins finstere Mittelalter, nicht zu vergessen dazu, die Geschichte des Riesen Cormoran und Jacks, des Riesent\u00f6ters, so ist es kein Wunder, weshalb <a href=\"https:\/\/www.urlaubcornwall.de\/ferienhaeuser-fewos\/marazion.html\">St Michael\u2019s Mount<\/a> den Ruf hat, dass es hier spukt. Neben den Gefl\u00fcstern eines Geisterm\u00f6nchs, gibt es auch eine Dame in Grau, w\u00e4hrend \u2013 Berichten von zahlreichen Fischern zufolge &#8211; es auch in den umgebenden Gew\u00e4ssern spukt. W\u00e4hrend Sie in der N\u00e4he sind, besuchen Sie doch Chapel Street in <a href=\"https:\/\/www.urlaubcornwall.de\/ferienhaeuser-fewos\/penzance.html\">Penzance<\/a>, die \u2013 als eine der \u00e4ltesten Stra\u00dfen der Stadt \u2013 Ort war zahlreicher Geistererscheinungen, einschlie\u00dflich der aus Versehen ermordeten Mrs Baines.<\/p>\n<p>M\u00f6chten Sie w\u00e4hrend ihres Urlaubs in Cornwall einen dieser bespukten Orte besuchen? Schauen Sie sich doch unsere <a href=\"https:\/\/www.urlaubcornwall.de\/ferienhaeuser\/cornwall.php\">Urlaubsunterkuenfte in Cornwall<\/a> an.<\/p>\n","protected":false},"excerpt":{"rendered":"<p>Ob Sie nun eine furchterregende Nacht oder ein St\u00fcck Geschichte erleben wollen, die Kinder ausf\u00fchren oder auf neue Erkundungen gehen wollen, so wird eine Reihe bespukter und charaktervoller Orte Cornwall Besucher begr\u00fc\u00dfen. Bodmin Jail Das Museum ist vollgestopft mit Artefakten, die in Verbindung stehen zu seiner bunten und vielf\u00e4ltigen Geschichte \u2013 doch das ist bei [&hellip;]<\/p>\n","protected":false},"author":1,"featured_media":0,"parent":0,"menu_order":0,"comment_status":"closed","ping_status":"closed","template":"single-four.php","meta":[],"acf":[],"yoast_head":"<!-- This site is optimized with the Yoast SEO plugin v19.4 - https:\/\/yoast.com\/wordpress\/plugins\/seo\/ -->\n<title>Die Orte Cornwalls, wo es am meisten spukt - Urlaub &amp; Reisen<\/title>\n<meta name=\"robots\" content=\"index, follow, max-snippet:-1, max-image-preview:large, max-video-preview:-1\" \/>\n<link rel=\"canonical\" href=\"https:\/\/www.urlaubcornwall.de\/blog\/die-orte-cornwalls-wo-es-am-meisten-spukt\/\" \/>\n<meta property=\"og:locale\" content=\"en_US\" \/>\n<meta property=\"og:type\" content=\"article\" \/>\n<meta property=\"og:title\" content=\"Die Orte Cornwalls, wo es am meisten spukt - Urlaub &amp; Reisen\" \/>\n<meta property=\"og:description\" content=\"Ob Sie nun eine furchterregende Nacht oder ein St\u00fcck Geschichte erleben wollen, die Kinder ausf\u00fchren oder auf neue Erkundungen gehen wollen, so wird eine Reihe bespukter und charaktervoller Orte Cornwall Besucher begr\u00fc\u00dfen. Bodmin Jail Das Museum ist vollgestopft mit Artefakten, die in Verbindung stehen zu seiner bunten und vielf\u00e4ltigen Geschichte \u2013 doch das ist bei [&hellip;]\" \/>\n<meta property=\"og:url\" content=\"https:\/\/www.urlaubcornwall.de\/blog\/die-orte-cornwalls-wo-es-am-meisten-spukt\/\" \/>\n<meta property=\"og:site_name\" content=\"Urlaub &amp; Reisen\" \/>\n<meta property=\"article:modified_time\" content=\"2024-05-31T11:43:08+00:00\" \/>\n<meta property=\"og:image\" content=\"https:\/\/www.urlaubcornwall.de\/blog\/wp-content\/uploads\/2024\/03\/bodmin-jail.jpg\" \/>\n<meta name=\"twitter:card\" content=\"summary\" \/>\n<meta name=\"twitter:label1\" content=\"Est. reading time\" \/>\n\t<meta name=\"twitter:data1\" content=\"4 minutes\" \/>\n<script type=\"application\/ld+json\" class=\"yoast-schema-graph\">{\"@context\":\"https:\/\/schema.org\",\"@graph\":[{\"@type\":\"WebSite\",\"@id\":\"https:\/\/www.urlaubcornwall.de\/blog\/#website\",\"url\":\"https:\/\/www.urlaubcornwall.de\/blog\/\",\"name\":\"Urlaub &amp; Reisen\",\"description\":\"Urlaub, Reisen, Cornwall und S\u00fcdengland: eine perfekte Kombination\",\"potentialAction\":[{\"@type\":\"SearchAction\",\"target\":{\"@type\":\"EntryPoint\",\"urlTemplate\":\"https:\/\/www.urlaubcornwall.de\/blog\/?s={search_term_string}\"},\"query-input\":\"required name=search_term_string\"}],\"inLanguage\":\"en-US\"},{\"@type\":\"WebPage\",\"@id\":\"https:\/\/www.urlaubcornwall.de\/blog\/die-orte-cornwalls-wo-es-am-meisten-spukt\/\",\"url\":\"https:\/\/www.urlaubcornwall.de\/blog\/die-orte-cornwalls-wo-es-am-meisten-spukt\/\",\"name\":\"Die Orte Cornwalls, wo es am meisten spukt - Urlaub &amp; Reisen\",\"isPartOf\":{\"@id\":\"https:\/\/www.urlaubcornwall.de\/blog\/#website\"},\"datePublished\":\"2021-01-02T09:26:14+00:00\",\"dateModified\":\"2024-05-31T11:43:08+00:00\",\"breadcrumb\":{\"@id\":\"https:\/\/www.urlaubcornwall.de\/blog\/die-orte-cornwalls-wo-es-am-meisten-spukt\/#breadcrumb\"},\"inLanguage\":\"en-US\",\"potentialAction\":[{\"@type\":\"ReadAction\",\"target\":[\"https:\/\/www.urlaubcornwall.de\/blog\/die-orte-cornwalls-wo-es-am-meisten-spukt\/\"]}]},{\"@type\":\"BreadcrumbList\",\"@id\":\"https:\/\/www.urlaubcornwall.de\/blog\/die-orte-cornwalls-wo-es-am-meisten-spukt\/#breadcrumb\",\"itemListElement\":[{\"@type\":\"ListItem\",\"position\":1,\"name\":\"Home\",\"item\":\"https:\/\/www.urlaubcornwall.de\/blog\/\"},{\"@type\":\"ListItem\",\"position\":2,\"name\":\"Die Orte Cornwalls, wo es am meisten spukt\"}]}]}<\/script>\n<!-- \/ Yoast SEO plugin. -->","yoast_head_json":{"title":"Die Orte Cornwalls, wo es am meisten spukt - Urlaub &amp; Reisen","robots":{"index":"index","follow":"follow","max-snippet":"max-snippet:-1","max-image-preview":"max-image-preview:large","max-video-preview":"max-video-preview:-1"},"canonical":"https:\/\/www.urlaubcornwall.de\/blog\/die-orte-cornwalls-wo-es-am-meisten-spukt\/","og_locale":"en_US","og_type":"article","og_title":"Die Orte Cornwalls, wo es am meisten spukt - Urlaub &amp; Reisen","og_description":"Ob Sie nun eine furchterregende Nacht oder ein St\u00fcck Geschichte erleben wollen, die Kinder ausf\u00fchren oder auf neue Erkundungen gehen wollen, so wird eine Reihe bespukter und charaktervoller Orte Cornwall Besucher begr\u00fc\u00dfen. Bodmin Jail Das Museum ist vollgestopft mit Artefakten, die in Verbindung stehen zu seiner bunten und vielf\u00e4ltigen Geschichte \u2013 doch das ist bei [&hellip;]","og_url":"https:\/\/www.urlaubcornwall.de\/blog\/die-orte-cornwalls-wo-es-am-meisten-spukt\/","og_site_name":"Urlaub &amp; Reisen","article_modified_time":"2024-05-31T11:43:08+00:00","og_image":[{"url":"https:\/\/www.urlaubcornwall.de\/blog\/wp-content\/uploads\/2024\/03\/bodmin-jail.jpg"}],"twitter_card":"summary","twitter_misc":{"Est. reading time":"4 minutes"},"schema":{"@context":"https:\/\/schema.org","@graph":[{"@type":"WebSite","@id":"https:\/\/www.urlaubcornwall.de\/blog\/#website","url":"https:\/\/www.urlaubcornwall.de\/blog\/","name":"Urlaub &amp; Reisen","description":"Urlaub, Reisen, Cornwall und S\u00fcdengland: eine perfekte Kombination","potentialAction":[{"@type":"SearchAction","target":{"@type":"EntryPoint","urlTemplate":"https:\/\/www.urlaubcornwall.de\/blog\/?s={search_term_string}"},"query-input":"required name=search_term_string"}],"inLanguage":"en-US"},{"@type":"WebPage","@id":"https:\/\/www.urlaubcornwall.de\/blog\/die-orte-cornwalls-wo-es-am-meisten-spukt\/","url":"https:\/\/www.urlaubcornwall.de\/blog\/die-orte-cornwalls-wo-es-am-meisten-spukt\/","name":"Die Orte Cornwalls, wo es am meisten spukt - Urlaub &amp; Reisen","isPartOf":{"@id":"https:\/\/www.urlaubcornwall.de\/blog\/#website"},"datePublished":"2021-01-02T09:26:14+00:00","dateModified":"2024-05-31T11:43:08+00:00","breadcrumb":{"@id":"https:\/\/www.urlaubcornwall.de\/blog\/die-orte-cornwalls-wo-es-am-meisten-spukt\/#breadcrumb"},"inLanguage":"en-US","potentialAction":[{"@type":"ReadAction","target":["https:\/\/www.urlaubcornwall.de\/blog\/die-orte-cornwalls-wo-es-am-meisten-spukt\/"]}]},{"@type":"BreadcrumbList","@id":"https:\/\/www.urlaubcornwall.de\/blog\/die-orte-cornwalls-wo-es-am-meisten-spukt\/#breadcrumb","itemListElement":[{"@type":"ListItem","position":1,"name":"Home","item":"https:\/\/www.urlaubcornwall.de\/blog\/"},{"@type":"ListItem","position":2,"name":"Die Orte Cornwalls, wo es am meisten spukt"}]}]}},"_links":{"self":[{"href":"https:\/\/www.urlaubcornwall.de\/blog\/wp-json\/wp\/v2\/pages\/41356"}],"collection":[{"href":"https:\/\/www.urlaubcornwall.de\/blog\/wp-json\/wp\/v2\/pages"}],"about":[{"href":"https:\/\/www.urlaubcornwall.de\/blog\/wp-json\/wp\/v2\/types\/page"}],"author":[{"embeddable":true,"href":"https:\/\/www.urlaubcornwall.de\/blog\/wp-json\/wp\/v2\/users\/1"}],"replies":[{"embeddable":true,"href":"https:\/\/www.urlaubcornwall.de\/blog\/wp-json\/wp\/v2\/comments?post=41356"}],"version-history":[{"count":11,"href":"https:\/\/www.urlaubcornwall.de\/blog\/wp-json\/wp\/v2\/pages\/41356\/revisions"}],"predecessor-version":[{"id":51319,"href":"https:\/\/www.urlaubcornwall.de\/blog\/wp-json\/wp\/v2\/pages\/41356\/revisions\/51319"}],"wp:attachment":[{"href":"https:\/\/www.urlaubcornwall.de\/blog\/wp-json\/wp\/v2\/media?parent=41356"}],"curies":[{"name":"wp","href":"https:\/\/api.w.org\/{rel}","templated":true}]}}