{"id":41311,"date":"2020-12-13T13:51:53","date_gmt":"2020-12-13T13:51:53","guid":{"rendered":"https:\/\/www.urlaubcornwall.de\/blog\/?page_id=41311"},"modified":"2024-05-31T07:43:49","modified_gmt":"2024-05-31T07:43:49","slug":"bealach-na-ba-bergpass-des-weideviehs-ross-cromarty","status":"publish","type":"page","link":"https:\/\/www.urlaubcornwall.de\/blog\/bealach-na-ba-bergpass-des-weideviehs-ross-cromarty\/","title":{"rendered":"Bealach na Ba (Bergpass des Weideviehs), Ross &#038; Cromarty"},"content":{"rendered":"<p>Diese ber\u00fchmte Strecke, Bealach na Ba, durch die Applecross Berge wurde dazu benutzt, das Vieh in andere Teile der <a href=\"https:\/\/www.urlaubcornwall.de\/reiseziel\/schottland.php\">Highlands<\/a> zu treiben. Die Route ist 18,3km lang, \u00fcberwiegend einspurig mit nadelscharfen Kurven. Sie steigt auf 626m an, und der Blick ist spektakul\u00e4r. Die Stra\u00dfe ist nicht geeignet f\u00fcr Wohnmobile, F\u00fchrerscheinneulinge oder gro\u00dfe Fahrzeuge.<\/p>\n<div class=\"snippet\"> <a class=\"featured-item\" href=\" https:\/\/www.urlaubcornwall.de\/ferienhaeuser\/schottland.php\"> <span class=\"image-holder\" style=\"background-image: url(' https:\/\/www.urlaubcornwall.de\/blog\/wp-content\/uploads\/2019\/01\/urlaub-schottland-highlands-1.jpg ');\"><\/span> <span class=\"featured-content\"> \n<h2 class=\"featured-title\">Bei uns finden Sie Ferienh\u00e4user in Schottland zum Verlieben!<\/h2>\n<p class=\"featured-body\">Untenstehend finden Sie eine Auswahl an Ferienh\u00e4usern in Schottland. Hier finden Sie pers\u00f6nlich inspizierte Cottages entlang der schottischen K\u00fcste, in den schottischen Highlands und auf den Inseln&#8230;..<\/p>\n<\/span> <span class=\"featured-link-holder\"> <span class=\"featured-extra-info\"> \n<p>F\u00fcr Paare, Familien &#038; Gruppen<\/p>\n<\/span> \n<p class=\"featured-link\">DETAILS<\/p>\n<\/span> <\/a><\/div>\n<div class=\"snippet\"> <a class=\"featured-item\" href=\" https:\/\/www.urlaubcornwall.de\/blog\/rundreisen-schottland\/\"> <span class=\"image-holder\" style=\"background-image: url(' https:\/\/www.urlaubcornwall.de\/blog\/wp-content\/uploads\/2019\/01\/urlaub-schottland-highlands.jpg ');\"><\/span> <span class=\"featured-content\"> \n<h2 class=\"featured-title\">Rundreise durch Schottland: mit dem Auto bereisen <\/h2>\n<p class=\"featured-body\">Urlaub in Schottland haben etwas f\u00fcr jeden Geschmack zu bieten \u2013 herrliche Sonnenunterg\u00e4nge \u00fcber magischen Inseln, wundersch\u00f6ne und dramatische K\u00fcstenstriche, tiefe, verborgene T\u00e4ler und eine unglaubliche Landschaft&#8230;<\/p>\n<\/span> <span class=\"featured-link-holder\"> <span class=\"featured-extra-info\"> \n<p>Ready Made Touren<\/p>\n<\/span> \n<p class=\"featured-link\">DETAILS<\/p>\n<\/span> <\/a><\/div>\n<p><a href=\"https:\/\/www.urlaubcornwall.de\/blog\/5-malerische-autofahrten-durch-schottland-probieren-sie-sie-aus\/\">5 malerische Autofahrten durch Schottland \u2013 probieren Sie sie aus.<\/a><\/p>\n","protected":false},"excerpt":{"rendered":"<p>Diese ber\u00fchmte Strecke, Bealach na Ba, durch die Applecross Berge wurde dazu benutzt, das Vieh in andere Teile der Highlands zu treiben. Die Route ist 18,3km lang, \u00fcberwiegend einspurig mit nadelscharfen Kurven. Sie steigt auf 626m an, und der Blick ist spektakul\u00e4r. Die Stra\u00dfe ist nicht geeignet f\u00fcr Wohnmobile, F\u00fchrerscheinneulinge oder gro\u00dfe Fahrzeuge. Bei uns [&hellip;]<\/p>\n","protected":false},"author":1,"featured_media":0,"parent":0,"menu_order":0,"comment_status":"closed","ping_status":"closed","template":"single-four.php","meta":[],"acf":[],"yoast_head":"<!-- This site is optimized with the Yoast SEO plugin v19.4 - https:\/\/yoast.com\/wordpress\/plugins\/seo\/ -->\n<title>Bealach na Ba (Bergpass des Weideviehs), Ross &amp; Cromarty - Urlaub &amp; Reisen<\/title>\n<meta name=\"robots\" content=\"index, follow, max-snippet:-1, max-image-preview:large, max-video-preview:-1\" \/>\n<link rel=\"canonical\" href=\"https:\/\/www.urlaubcornwall.de\/blog\/bealach-na-ba-bergpass-des-weideviehs-ross-cromarty\/\" \/>\n<meta property=\"og:locale\" content=\"en_US\" \/>\n<meta property=\"og:type\" content=\"article\" \/>\n<meta property=\"og:title\" content=\"Bealach na Ba (Bergpass des Weideviehs), Ross &amp; Cromarty - Urlaub &amp; Reisen\" \/>\n<meta property=\"og:description\" content=\"Diese ber\u00fchmte Strecke, Bealach na Ba, durch die Applecross Berge wurde dazu benutzt, das Vieh in andere Teile der Highlands zu treiben. Die Route ist 18,3km lang, \u00fcberwiegend einspurig mit nadelscharfen Kurven. Sie steigt auf 626m an, und der Blick ist spektakul\u00e4r. Die Stra\u00dfe ist nicht geeignet f\u00fcr Wohnmobile, F\u00fchrerscheinneulinge oder gro\u00dfe Fahrzeuge. Bei uns [&hellip;]\" \/>\n<meta property=\"og:url\" content=\"https:\/\/www.urlaubcornwall.de\/blog\/bealach-na-ba-bergpass-des-weideviehs-ross-cromarty\/\" \/>\n<meta property=\"og:site_name\" content=\"Urlaub &amp; Reisen\" \/>\n<meta property=\"article:modified_time\" content=\"2024-05-31T07:43:49+00:00\" \/>\n<meta name=\"twitter:card\" content=\"summary\" \/>\n<meta name=\"twitter:label1\" content=\"Est. reading time\" \/>\n\t<meta name=\"twitter:data1\" content=\"1 minute\" \/>\n<script type=\"application\/ld+json\" class=\"yoast-schema-graph\">{\"@context\":\"https:\/\/schema.org\",\"@graph\":[{\"@type\":\"WebSite\",\"@id\":\"https:\/\/www.urlaubcornwall.de\/blog\/#website\",\"url\":\"https:\/\/www.urlaubcornwall.de\/blog\/\",\"name\":\"Urlaub &amp; Reisen\",\"description\":\"Urlaub, Reisen, Cornwall und S\u00fcdengland: eine perfekte Kombination\",\"potentialAction\":[{\"@type\":\"SearchAction\",\"target\":{\"@type\":\"EntryPoint\",\"urlTemplate\":\"https:\/\/www.urlaubcornwall.de\/blog\/?s={search_term_string}\"},\"query-input\":\"required name=search_term_string\"}],\"inLanguage\":\"en-US\"},{\"@type\":\"WebPage\",\"@id\":\"https:\/\/www.urlaubcornwall.de\/blog\/bealach-na-ba-bergpass-des-weideviehs-ross-cromarty\/\",\"url\":\"https:\/\/www.urlaubcornwall.de\/blog\/bealach-na-ba-bergpass-des-weideviehs-ross-cromarty\/\",\"name\":\"Bealach na Ba (Bergpass des Weideviehs), Ross & Cromarty - Urlaub &amp; Reisen\",\"isPartOf\":{\"@id\":\"https:\/\/www.urlaubcornwall.de\/blog\/#website\"},\"datePublished\":\"2020-12-13T13:51:53+00:00\",\"dateModified\":\"2024-05-31T07:43:49+00:00\",\"breadcrumb\":{\"@id\":\"https:\/\/www.urlaubcornwall.de\/blog\/bealach-na-ba-bergpass-des-weideviehs-ross-cromarty\/#breadcrumb\"},\"inLanguage\":\"en-US\",\"potentialAction\":[{\"@type\":\"ReadAction\",\"target\":[\"https:\/\/www.urlaubcornwall.de\/blog\/bealach-na-ba-bergpass-des-weideviehs-ross-cromarty\/\"]}]},{\"@type\":\"BreadcrumbList\",\"@id\":\"https:\/\/www.urlaubcornwall.de\/blog\/bealach-na-ba-bergpass-des-weideviehs-ross-cromarty\/#breadcrumb\",\"itemListElement\":[{\"@type\":\"ListItem\",\"position\":1,\"name\":\"Home\",\"item\":\"https:\/\/www.urlaubcornwall.de\/blog\/\"},{\"@type\":\"ListItem\",\"position\":2,\"name\":\"Bealach na Ba (Bergpass des Weideviehs), Ross &#038; Cromarty\"}]}]}<\/script>\n<!-- \/ Yoast SEO plugin. -->","yoast_head_json":{"title":"Bealach na Ba (Bergpass des Weideviehs), Ross & Cromarty - Urlaub &amp; Reisen","robots":{"index":"index","follow":"follow","max-snippet":"max-snippet:-1","max-image-preview":"max-image-preview:large","max-video-preview":"max-video-preview:-1"},"canonical":"https:\/\/www.urlaubcornwall.de\/blog\/bealach-na-ba-bergpass-des-weideviehs-ross-cromarty\/","og_locale":"en_US","og_type":"article","og_title":"Bealach na Ba (Bergpass des Weideviehs), Ross & Cromarty - Urlaub &amp; Reisen","og_description":"Diese ber\u00fchmte Strecke, Bealach na Ba, durch die Applecross Berge wurde dazu benutzt, das Vieh in andere Teile der Highlands zu treiben. Die Route ist 18,3km lang, \u00fcberwiegend einspurig mit nadelscharfen Kurven. Sie steigt auf 626m an, und der Blick ist spektakul\u00e4r. Die Stra\u00dfe ist nicht geeignet f\u00fcr Wohnmobile, F\u00fchrerscheinneulinge oder gro\u00dfe Fahrzeuge. Bei uns [&hellip;]","og_url":"https:\/\/www.urlaubcornwall.de\/blog\/bealach-na-ba-bergpass-des-weideviehs-ross-cromarty\/","og_site_name":"Urlaub &amp; Reisen","article_modified_time":"2024-05-31T07:43:49+00:00","twitter_card":"summary","twitter_misc":{"Est. reading time":"1 minute"},"schema":{"@context":"https:\/\/schema.org","@graph":[{"@type":"WebSite","@id":"https:\/\/www.urlaubcornwall.de\/blog\/#website","url":"https:\/\/www.urlaubcornwall.de\/blog\/","name":"Urlaub &amp; Reisen","description":"Urlaub, Reisen, Cornwall und S\u00fcdengland: eine perfekte Kombination","potentialAction":[{"@type":"SearchAction","target":{"@type":"EntryPoint","urlTemplate":"https:\/\/www.urlaubcornwall.de\/blog\/?s={search_term_string}"},"query-input":"required name=search_term_string"}],"inLanguage":"en-US"},{"@type":"WebPage","@id":"https:\/\/www.urlaubcornwall.de\/blog\/bealach-na-ba-bergpass-des-weideviehs-ross-cromarty\/","url":"https:\/\/www.urlaubcornwall.de\/blog\/bealach-na-ba-bergpass-des-weideviehs-ross-cromarty\/","name":"Bealach na Ba (Bergpass des Weideviehs), Ross & Cromarty - Urlaub &amp; Reisen","isPartOf":{"@id":"https:\/\/www.urlaubcornwall.de\/blog\/#website"},"datePublished":"2020-12-13T13:51:53+00:00","dateModified":"2024-05-31T07:43:49+00:00","breadcrumb":{"@id":"https:\/\/www.urlaubcornwall.de\/blog\/bealach-na-ba-bergpass-des-weideviehs-ross-cromarty\/#breadcrumb"},"inLanguage":"en-US","potentialAction":[{"@type":"ReadAction","target":["https:\/\/www.urlaubcornwall.de\/blog\/bealach-na-ba-bergpass-des-weideviehs-ross-cromarty\/"]}]},{"@type":"BreadcrumbList","@id":"https:\/\/www.urlaubcornwall.de\/blog\/bealach-na-ba-bergpass-des-weideviehs-ross-cromarty\/#breadcrumb","itemListElement":[{"@type":"ListItem","position":1,"name":"Home","item":"https:\/\/www.urlaubcornwall.de\/blog\/"},{"@type":"ListItem","position":2,"name":"Bealach na Ba (Bergpass des Weideviehs), Ross &#038; Cromarty"}]}]}},"_links":{"self":[{"href":"https:\/\/www.urlaubcornwall.de\/blog\/wp-json\/wp\/v2\/pages\/41311"}],"collection":[{"href":"https:\/\/www.urlaubcornwall.de\/blog\/wp-json\/wp\/v2\/pages"}],"about":[{"href":"https:\/\/www.urlaubcornwall.de\/blog\/wp-json\/wp\/v2\/types\/page"}],"author":[{"embeddable":true,"href":"https:\/\/www.urlaubcornwall.de\/blog\/wp-json\/wp\/v2\/users\/1"}],"replies":[{"embeddable":true,"href":"https:\/\/www.urlaubcornwall.de\/blog\/wp-json\/wp\/v2\/comments?post=41311"}],"version-history":[{"count":4,"href":"https:\/\/www.urlaubcornwall.de\/blog\/wp-json\/wp\/v2\/pages\/41311\/revisions"}],"predecessor-version":[{"id":51202,"href":"https:\/\/www.urlaubcornwall.de\/blog\/wp-json\/wp\/v2\/pages\/41311\/revisions\/51202"}],"wp:attachment":[{"href":"https:\/\/www.urlaubcornwall.de\/blog\/wp-json\/wp\/v2\/media?parent=41311"}],"curies":[{"name":"wp","href":"https:\/\/api.w.org\/{rel}","templated":true}]}}