{"id":41309,"date":"2020-12-13T13:50:19","date_gmt":"2020-12-13T13:50:19","guid":{"rendered":"https:\/\/www.urlaubcornwall.de\/blog\/?page_id=41309"},"modified":"2024-04-15T14:51:04","modified_gmt":"2024-04-15T14:51:04","slug":"von-stirling-nach-inverness","status":"publish","type":"page","link":"https:\/\/www.urlaubcornwall.de\/blog\/von-stirling-nach-inverness\/","title":{"rendered":"Von Stirling nach Inverness"},"content":{"rendered":"<p><img loading=\"lazy\" class=\"aligncenter size-full wp-image-22907\" src=\"https:\/\/www.urlaubcornwall.de\/blog\/wp-content\/uploads\/2016\/01\/inverness-schloss.jpg\" alt=\"inverness_schloss_urlaub\" height=\"382\" width=\"749\"\/><\/p>\n<p>Von Stirling nach Inverness ist es entlang der A9 eine Reise von ungef\u00e4hr 230km, auf einer von Britanniens sch\u00f6nsten A Stra\u00dfen. Bei Auchterarder befindet sich das 5* Gleneagles Hotel und seine weltbekannten Golfpl\u00e4tze. Wenn Sie weiterfahren, werden Sie in <a href=\"https:\/\/www.urlaubcornwall.de\/ferienhaeuser-fewos\/sco\/zentralschottland\/perth.html\">Perth<\/a> ankommen, einst Hauptstadt Schottlands. Der Scone Palast, wo schottische K\u00f6nige gekr\u00f6nt wurden, befindet sich lediglich 3,2km n\u00f6rdlich von Perth. Die A9 f\u00fchrt dann weiter durch die Perthshire Highlands, die bekannt sind f\u00fcr ihre <a href=\"https:\/\/www.urlaubcornwall.de\/reiseziel\/schottland.php\">wundersch\u00f6ne Landschaft und Geschichte<\/a>. Dunkeld ist eine attraktive Stadt, wundersch\u00f6n gelegen am Flusse Tay, dann geht es weiter nach <a href=\"https:\/\/www.urlaubcornwall.de\/ferienhaeuser-fewos\/sco\/zentralschottland\/pitlochry.html\">Pitlochry<\/a>, das an den bewaldeten Ufern des Flusses Tummel gelegen ist, dem Tor zu den Highlands, einer gesch\u00e4ftigen Stadt mit ber\u00fchmter Brennerei. Wenn Sie Pitlochry verlassen, geht es weiter in den <a href=\"https:\/\/www.urlaubcornwall.de\/ferienhaeuser-fewos\/sco\/nordschottland\/cairngorms.html\">Cairngorms Nationalpark<\/a>, den gr\u00f6\u00dften Nationalpark des UK, ein Gebiet unber\u00fchrter nat\u00fcrlicher Wildnis. <a href=\"https:\/\/www.urlaubcornwall.de\/ferienhaeuser-fewos\/sco\/nordschottland\/aviemore.html\">Aviemore<\/a> bietet sich geradezu ideal f\u00fcr einen Zwischenstopp an, um die Gegend zu erkunden, bevor es weitergeht nach <a href=\"https:\/\/www.urlaubcornwall.de\/ferienhaeuser-fewos\/sco\/nordschottland\/inverness.html\">Inverness<\/a>, welches neben Moray Firth und am Gipfel des Loch Ness liegt.<\/p>\n<div class=\"snippet\"> <a class=\"featured-item\" href=\" https:\/\/www.urlaubcornwall.de\/ferienhaeuser\/schottland.php\"> <span class=\"image-holder\" style=\"background-image: url(' https:\/\/www.urlaubcornwall.de\/blog\/wp-content\/uploads\/2019\/01\/urlaub-schottland-highlands-1.jpg ');\"><\/span> <span class=\"featured-content\"> \n<h2 class=\"featured-title\">Bei uns finden Sie Ferienh\u00e4user in Schottland zum Verlieben!<\/h2>\n<p class=\"featured-body\">Untenstehend finden Sie eine Auswahl an Ferienh\u00e4usern in Schottland. Hier finden Sie pers\u00f6nlich inspizierte Cottages entlang der schottischen K\u00fcste, in den schottischen Highlands und auf den Inseln&#8230;..<\/p>\n<\/span> <span class=\"featured-link-holder\"> <span class=\"featured-extra-info\"> \n<p>F\u00fcr Paare, Familien &#038; Gruppen<\/p>\n<\/span> \n<p class=\"featured-link\">DETAILS<\/p>\n<\/span> <\/a><\/div>\n<div class=\"snippet\"> <a class=\"featured-item\" href=\" https:\/\/www.urlaubcornwall.de\/blog\/rundreisen-schottland\/\"> <span class=\"image-holder\" style=\"background-image: url(' https:\/\/www.urlaubcornwall.de\/blog\/wp-content\/uploads\/2019\/01\/urlaub-schottland-highlands.jpg ');\"><\/span> <span class=\"featured-content\"> \n<h2 class=\"featured-title\">Rundreise durch Schottland: mit dem Auto bereisen <\/h2>\n<p class=\"featured-body\">Urlaub in Schottland haben etwas f\u00fcr jeden Geschmack zu bieten \u2013 herrliche Sonnenunterg\u00e4nge \u00fcber magischen Inseln, wundersch\u00f6ne und dramatische K\u00fcstenstriche, tiefe, verborgene T\u00e4ler und eine unglaubliche Landschaft&#8230;<\/p>\n<\/span> <span class=\"featured-link-holder\"> <span class=\"featured-extra-info\"> \n<p>Ready Made Touren<\/p>\n<\/span> \n<p class=\"featured-link\">DETAILS<\/p>\n<\/span> <\/a><\/div>\n<p><a href=\"https:\/\/www.urlaubcornwall.de\/blog\/5-malerische-autofahrten-durch-schottland-probieren-sie-sie-aus\/\">5 malerische Autofahrten durch Schottland \u2013 probieren Sie sie aus.<\/a><\/p>\n","protected":false},"excerpt":{"rendered":"<p>Von Stirling nach Inverness ist es entlang der A9 eine Reise von ungef\u00e4hr 230km, auf einer von Britanniens sch\u00f6nsten A Stra\u00dfen. Bei Auchterarder befindet sich das 5* Gleneagles Hotel und seine weltbekannten Golfpl\u00e4tze. Wenn Sie weiterfahren, werden Sie in Perth ankommen, einst Hauptstadt Schottlands. Der Scone Palast, wo schottische K\u00f6nige gekr\u00f6nt wurden, befindet sich lediglich [&hellip;]<\/p>\n","protected":false},"author":1,"featured_media":0,"parent":0,"menu_order":0,"comment_status":"closed","ping_status":"closed","template":"single-four.php","meta":[],"acf":[],"yoast_head":"<!-- This site is optimized with the Yoast SEO plugin v19.4 - https:\/\/yoast.com\/wordpress\/plugins\/seo\/ -->\n<title>Von Stirling nach Inverness - Urlaub &amp; Reisen<\/title>\n<meta name=\"robots\" content=\"index, follow, max-snippet:-1, max-image-preview:large, max-video-preview:-1\" \/>\n<link rel=\"canonical\" href=\"https:\/\/www.urlaubcornwall.de\/blog\/von-stirling-nach-inverness\/\" \/>\n<meta property=\"og:locale\" content=\"en_US\" \/>\n<meta property=\"og:type\" content=\"article\" \/>\n<meta property=\"og:title\" content=\"Von Stirling nach Inverness - Urlaub &amp; Reisen\" \/>\n<meta property=\"og:description\" content=\"Von Stirling nach Inverness ist es entlang der A9 eine Reise von ungef\u00e4hr 230km, auf einer von Britanniens sch\u00f6nsten A Stra\u00dfen. Bei Auchterarder befindet sich das 5* Gleneagles Hotel und seine weltbekannten Golfpl\u00e4tze. Wenn Sie weiterfahren, werden Sie in Perth ankommen, einst Hauptstadt Schottlands. Der Scone Palast, wo schottische K\u00f6nige gekr\u00f6nt wurden, befindet sich lediglich [&hellip;]\" \/>\n<meta property=\"og:url\" content=\"https:\/\/www.urlaubcornwall.de\/blog\/von-stirling-nach-inverness\/\" \/>\n<meta property=\"og:site_name\" content=\"Urlaub &amp; Reisen\" \/>\n<meta property=\"article:modified_time\" content=\"2024-04-15T14:51:04+00:00\" \/>\n<meta property=\"og:image\" content=\"https:\/\/www.urlaubcornwall.de\/blog\/wp-content\/uploads\/2016\/01\/inverness-schloss.jpg\" \/>\n<meta name=\"twitter:card\" content=\"summary\" \/>\n<meta name=\"twitter:label1\" content=\"Est. reading time\" \/>\n\t<meta name=\"twitter:data1\" content=\"2 minutes\" \/>\n<script type=\"application\/ld+json\" class=\"yoast-schema-graph\">{\"@context\":\"https:\/\/schema.org\",\"@graph\":[{\"@type\":\"WebSite\",\"@id\":\"https:\/\/www.urlaubcornwall.de\/blog\/#website\",\"url\":\"https:\/\/www.urlaubcornwall.de\/blog\/\",\"name\":\"Urlaub &amp; Reisen\",\"description\":\"Urlaub, Reisen, Cornwall und S\u00fcdengland: eine perfekte Kombination\",\"potentialAction\":[{\"@type\":\"SearchAction\",\"target\":{\"@type\":\"EntryPoint\",\"urlTemplate\":\"https:\/\/www.urlaubcornwall.de\/blog\/?s={search_term_string}\"},\"query-input\":\"required name=search_term_string\"}],\"inLanguage\":\"en-US\"},{\"@type\":\"WebPage\",\"@id\":\"https:\/\/www.urlaubcornwall.de\/blog\/von-stirling-nach-inverness\/\",\"url\":\"https:\/\/www.urlaubcornwall.de\/blog\/von-stirling-nach-inverness\/\",\"name\":\"Von Stirling nach Inverness - Urlaub &amp; Reisen\",\"isPartOf\":{\"@id\":\"https:\/\/www.urlaubcornwall.de\/blog\/#website\"},\"datePublished\":\"2020-12-13T13:50:19+00:00\",\"dateModified\":\"2024-04-15T14:51:04+00:00\",\"breadcrumb\":{\"@id\":\"https:\/\/www.urlaubcornwall.de\/blog\/von-stirling-nach-inverness\/#breadcrumb\"},\"inLanguage\":\"en-US\",\"potentialAction\":[{\"@type\":\"ReadAction\",\"target\":[\"https:\/\/www.urlaubcornwall.de\/blog\/von-stirling-nach-inverness\/\"]}]},{\"@type\":\"BreadcrumbList\",\"@id\":\"https:\/\/www.urlaubcornwall.de\/blog\/von-stirling-nach-inverness\/#breadcrumb\",\"itemListElement\":[{\"@type\":\"ListItem\",\"position\":1,\"name\":\"Home\",\"item\":\"https:\/\/www.urlaubcornwall.de\/blog\/\"},{\"@type\":\"ListItem\",\"position\":2,\"name\":\"Von Stirling nach Inverness\"}]}]}<\/script>\n<!-- \/ Yoast SEO plugin. -->","yoast_head_json":{"title":"Von Stirling nach Inverness - Urlaub &amp; Reisen","robots":{"index":"index","follow":"follow","max-snippet":"max-snippet:-1","max-image-preview":"max-image-preview:large","max-video-preview":"max-video-preview:-1"},"canonical":"https:\/\/www.urlaubcornwall.de\/blog\/von-stirling-nach-inverness\/","og_locale":"en_US","og_type":"article","og_title":"Von Stirling nach Inverness - Urlaub &amp; Reisen","og_description":"Von Stirling nach Inverness ist es entlang der A9 eine Reise von ungef\u00e4hr 230km, auf einer von Britanniens sch\u00f6nsten A Stra\u00dfen. Bei Auchterarder befindet sich das 5* Gleneagles Hotel und seine weltbekannten Golfpl\u00e4tze. Wenn Sie weiterfahren, werden Sie in Perth ankommen, einst Hauptstadt Schottlands. Der Scone Palast, wo schottische K\u00f6nige gekr\u00f6nt wurden, befindet sich lediglich [&hellip;]","og_url":"https:\/\/www.urlaubcornwall.de\/blog\/von-stirling-nach-inverness\/","og_site_name":"Urlaub &amp; Reisen","article_modified_time":"2024-04-15T14:51:04+00:00","og_image":[{"url":"https:\/\/www.urlaubcornwall.de\/blog\/wp-content\/uploads\/2016\/01\/inverness-schloss.jpg"}],"twitter_card":"summary","twitter_misc":{"Est. reading time":"2 minutes"},"schema":{"@context":"https:\/\/schema.org","@graph":[{"@type":"WebSite","@id":"https:\/\/www.urlaubcornwall.de\/blog\/#website","url":"https:\/\/www.urlaubcornwall.de\/blog\/","name":"Urlaub &amp; Reisen","description":"Urlaub, Reisen, Cornwall und S\u00fcdengland: eine perfekte Kombination","potentialAction":[{"@type":"SearchAction","target":{"@type":"EntryPoint","urlTemplate":"https:\/\/www.urlaubcornwall.de\/blog\/?s={search_term_string}"},"query-input":"required name=search_term_string"}],"inLanguage":"en-US"},{"@type":"WebPage","@id":"https:\/\/www.urlaubcornwall.de\/blog\/von-stirling-nach-inverness\/","url":"https:\/\/www.urlaubcornwall.de\/blog\/von-stirling-nach-inverness\/","name":"Von Stirling nach Inverness - Urlaub &amp; Reisen","isPartOf":{"@id":"https:\/\/www.urlaubcornwall.de\/blog\/#website"},"datePublished":"2020-12-13T13:50:19+00:00","dateModified":"2024-04-15T14:51:04+00:00","breadcrumb":{"@id":"https:\/\/www.urlaubcornwall.de\/blog\/von-stirling-nach-inverness\/#breadcrumb"},"inLanguage":"en-US","potentialAction":[{"@type":"ReadAction","target":["https:\/\/www.urlaubcornwall.de\/blog\/von-stirling-nach-inverness\/"]}]},{"@type":"BreadcrumbList","@id":"https:\/\/www.urlaubcornwall.de\/blog\/von-stirling-nach-inverness\/#breadcrumb","itemListElement":[{"@type":"ListItem","position":1,"name":"Home","item":"https:\/\/www.urlaubcornwall.de\/blog\/"},{"@type":"ListItem","position":2,"name":"Von Stirling nach Inverness"}]}]}},"_links":{"self":[{"href":"https:\/\/www.urlaubcornwall.de\/blog\/wp-json\/wp\/v2\/pages\/41309"}],"collection":[{"href":"https:\/\/www.urlaubcornwall.de\/blog\/wp-json\/wp\/v2\/pages"}],"about":[{"href":"https:\/\/www.urlaubcornwall.de\/blog\/wp-json\/wp\/v2\/types\/page"}],"author":[{"embeddable":true,"href":"https:\/\/www.urlaubcornwall.de\/blog\/wp-json\/wp\/v2\/users\/1"}],"replies":[{"embeddable":true,"href":"https:\/\/www.urlaubcornwall.de\/blog\/wp-json\/wp\/v2\/comments?post=41309"}],"version-history":[{"count":3,"href":"https:\/\/www.urlaubcornwall.de\/blog\/wp-json\/wp\/v2\/pages\/41309\/revisions"}],"predecessor-version":[{"id":49627,"href":"https:\/\/www.urlaubcornwall.de\/blog\/wp-json\/wp\/v2\/pages\/41309\/revisions\/49627"}],"wp:attachment":[{"href":"https:\/\/www.urlaubcornwall.de\/blog\/wp-json\/wp\/v2\/media?parent=41309"}],"curies":[{"name":"wp","href":"https:\/\/api.w.org\/{rel}","templated":true}]}}